{"id":159,"date":"2018-03-31T21:48:48","date_gmt":"2018-03-31T21:48:48","guid":{"rendered":"https:\/\/beynur.eu\/?post_type=product&#038;p=159"},"modified":"2026-03-12T11:01:23","modified_gmt":"2026-03-12T11:01:23","slug":"citir-tavuk-kanatlari","status":"publish","type":"product","link":"https:\/\/beynur.eu\/ar\/urun\/citir-tavuk-kanatlari\/","title":{"rendered":"\u0623\u062c\u0646\u062d\u0629 \u062f\u062c\u0627\u062c \u0645\u0642\u0631\u0645\u0634\u0629"},"content":{"rendered":"<p>\u0633\u062a\u0643\u0648\u0646 \u0623\u062c\u0646\u062d\u0629 \u0627\u0644\u062f\u062c\u0627\u062c \u0645\u0646 \u0628\u064a\u0646\u0648\u0631 \u062e\u064a\u0627\u0631 \u0644\u0627 \u063a\u0646\u0649 \u0639\u0646\u0647 \u0641\u064a \u0645\u0637\u0628\u062e\u0643 \u0648\u0646\u0632\u0647\u0627\u062a\u0643 \u0645\u0639 \u0623\u062c\u0646\u062d\u0629 \u062f\u062c\u0627\u062c \u0645\u0646\u0642\u0648\u0639\u0629 \u0648\u0645\u0642\u0631\u0645\u0634\u0629.\n\u0623\u062c\u0646\u062d\u0629 \u0627\u0644\u062f\u062c\u0627\u062c \u0647\u064a \u0645\u0646\u062a\u062c \u0645\u0646\u0627\u0633\u0628 \u0644\u0630\u0648\u0642\u0643\u060c \u0633\u0647\u0644 \u0648\u0639\u0645\u0644\u064a \u0644\u0644\u0627\u062e\u062a\u064a\u0627\u0631.<\/p>\n<p>\u062a\u0644\u0628\u064a \u0623\u062c\u0646\u062d\u0629 \u0627\u0644\u062f\u062c\u0627\u062c \u0628\u064a\u0646\u0648\u0631 \u0628\u0648\u0632\u0646 700 \u063a\u0631\u0627\u0645 \u0627\u062d\u062a\u064a\u0627\u062c\u0627\u062a\u0643 \u0645\u0646 \u0627\u0644\u0644\u062d\u0645 \u0627\u0644\u0623\u0628\u064a\u0636 \u0628\u0634\u0643\u0644 \u0635\u062d\u064a.\n\u0645\u0646\u0627\u0633\u0628 \u0644\u062a\u0630\u0648\u0642 \u0623\u0637\u0641\u0627\u0644\u0643 \u0645\u0639 \u0633\u0647\u0648\u0644\u0629 \u062a\u062d\u0636\u064a\u0631\u0647 \u0627\u0644\u0639\u0645\u0644\u064a\u060c \u0648\u064a\u062b\u0631\u064a \u0635\u062d\u062a\u0643 \u0628\u0645\u062a\u0648\u0633\u0637\u0627\u062a \u0627\u0644\u0642\u064a\u0645\u0629 \u0627\u0644\u063a\u0630\u0627\u0626\u064a\u0629 \u0627\u0644\u062a\u064a \u064a\u062a\u0645\u062a\u0639 \u0628\u0647\u0627.\n\u0645\u0639 \u0623\u062c\u0646\u062d\u0629 \u0627\u0644\u062f\u062c\u0627\u062c \u0645\u0646 \u0628\u064a\u0646\u0648\u0631 \u064a\u0645\u0643\u0646\u0643 \u0645\u0641\u0627\u062c\u0623\u0629 \u0636\u064a\u0648\u0641\u0643 \u0645\u0646 \u0627\u0644\u0632\u0627\u0626\u0631\u064a\u0646 \u0628\u0634\u0643\u0644 \u0645\u0641\u0627\u062c\u0626 \u0645\u0646 \u062e\u0644\u0627\u0644 \u0625\u0639\u062f\u0627\u062f \u0645\u0627\u0626\u062f\u0629 \u0644\u0627 \u0645\u062b\u064a\u0644 \u0644\u0647\u0627  \u0645\u0639 \u0627\u0644\u0635\u0644\u0635\u0627\u062a \u0627\u0644\u0645\u062a\u0646\u0648\u0639\u0629 \u0641\u064a \u0648\u0642\u062a \u0642\u0635\u064a\u0631<\/p>\n<p>\u064a\u062a\u0645 \u0625\u0646\u062a\u0627\u062c \u0623\u062c\u0646\u062d\u0629 \u0627\u0644\u062f\u062c\u0627\u062c \u0627\u0644\u062e\u0641\u064a\u0641\u0629 \u0644\u0644\u063a\u0627\u064a\u0629 \u0648\u0627\u0644\u0644\u0630\u064a\u0630\u0629 \u062c\u062f\u0627\u060c \u0645\u0646 \u0627\u0644\u0641\u0631\u0627\u062e \u0627\u0644\u0645\u0630\u0628\u0648\u062d\u0629 \u0648\u0641\u0642\u0627 \u0644\u0644\u0637\u0631\u0642 \u0627\u0644\u0625\u0633\u0644\u0627\u0645\u064a\u0629.<\/p>\n<p>&nbsp;<\/p>\n<p><strong>\u0646\u0635\u064a\u062d\u0629 \u0627\u0644\u062a\u062e\u0632\u064a\u0646:<\/strong><\/p>\n<p>\u0627\u0644\u0641\u0631\u064a\u0632\u0631 \u0627\u0644\u0639\u0645\u064a\u0642: \u0623\u0642\u0644 \u0645\u0646 18 \u062f\u0631\u062c\u0629 \u0645\u0626\u0648\u064a\u0629 \u0644\u0645\u062f\u0629 18 \u0634\u0647\u0631\u064b\u0627 \u0628\u0639\u062f \u0627\u0644\u0625\u0646\u062a\u0627\u062c.<\/p>\n<p>\u0627\u0644\u0641\u0631\u064a\u0632\u0631:-12 \u062f\u0631\u062c\u0629 \u0645\u0626\u0648\u064a\u0629\u060c \u0644\u0645\u062f\u0629 1 \u0634\u0647\u0631.<\/p>\n<p>\u0627\u0644\u062b\u0644\u0627\u062c\u0629: 7 \u062f\u0631\u062c\u0629 \u0645\u0626\u0648\u064a\u0629 \u0644\u0645\u062f\u0629 1 \u064a\u0648\u0645\u0627.<\/p>\n<p>\u0644\u0627 \u062a\u062c\u0645\u062f\u0647\u0627 \u0645\u0631\u0629 \u0623\u062e\u0631\u0649 \u0628\u0639\u062f \u0627\u0644\u0630\u0648\u0628\u0627\u0646.\n\u064a\u062c\u0628 \u0627\u0633\u062a\u062e\u062f\u0627\u0645\u0647\u0627 \u0645\u0628\u0627\u0634\u0631\u0629 \u0628\u0639\u062f \u062a\u0630\u0648\u064a\u0628\u0647\u0627.\n\u0645\u062f\u0629 \u062a\u062e\u0632\u064a\u0646\u0647\u0627 \u0639\u0644\u0649 \u0627\u0644\u0631\u0641 \u0628\u0639\u062f \u0630\u0648\u0628\u0627\u0646\u0647\u0627 \u0647\u064a \u0645\u062f\u0629 \u0645\u062d\u062f\u0648\u062f\u0629.\n \u064a\u0646\u0628\u063a\u064a \u062a\u0642\u062f\u064a\u0645 \u0627\u0644\u0645\u0646\u062a\u062c \u0633\u0627\u062e\u0646\u0627.<\/p>","protected":false},"excerpt":{"rendered":"<p>\u0633\u062a\u0643\u0648\u0646 \u0623\u062c\u0646\u062d\u0629 \u0627\u0644\u062f\u062c\u0627\u062c \u0645\u0646 \u0628\u064a\u0646\u0648\u0631 \u062e\u064a\u0627\u0631 \u0644\u0627 \u063a\u0646\u0649 \u0639\u0646\u0647 \u0641\u064a \u0645\u0637\u0628\u062e\u0643 \u0648\u0646\u0632\u0647\u0627\u062a\u0643 \u0645\u0639 \u0623\u062c\u0646\u062d\u0629 \u062f\u062c\u0627\u062c \u0645\u0646\u0642\u0648\u0639\u0629 \u0648\u0645\u0642\u0631\u0645\u0634\u0629.\n\u0623\u062c\u0646\u062d\u0629 \u0627\u0644\u062f\u062c\u0627\u062c \u0647\u064a \u0645\u0646\u062a\u062c \u0645\u0646\u0627\u0633\u0628 \u0644\u0630\u0648\u0642\u0643\u060c \u0633\u0647\u0644 \u0648\u0639\u0645\u0644\u064a \u0644\u0644\u0627\u062e\u062a\u064a\u0627\u0631.<\/p>\n<p>\u062a\u0644\u0628\u064a \u0623\u062c\u0646\u062d\u0629 \u0627\u0644\u062f\u062c\u0627\u062c \u0628\u064a\u0646\u0648\u0631 \u0628\u0648\u0632\u0646 700 \u063a\u0631\u0627\u0645 \u0627\u062d\u062a\u064a\u0627\u062c\u0627\u062a\u0643 \u0645\u0646 \u0627\u0644\u0644\u062d\u0645 \u0627\u0644\u0623\u0628\u064a\u0636 \u0628\u0634\u0643\u0644 \u0635\u062d\u064a.\n\u0645\u0646\u0627\u0633\u0628 \u0644\u062a\u0630\u0648\u0642 \u0623\u0637\u0641\u0627\u0644\u0643 \u0645\u0639 \u0633\u0647\u0648\u0644\u0629 \u062a\u062d\u0636\u064a\u0631\u0647 \u0627\u0644\u0639\u0645\u0644\u064a\u060c \u0648\u064a\u062b\u0631\u064a \u0635\u062d\u062a\u0643 \u0628\u0645\u062a\u0648\u0633\u0637\u0627\u062a \u0627\u0644\u0642\u064a\u0645\u0629 \u0627\u0644\u063a\u0630\u0627\u0626\u064a\u0629 \u0627\u0644\u062a\u064a \u064a\u062a\u0645\u062a\u0639 \u0628\u0647\u0627.\n\u0645\u0639 \u0623\u062c\u0646\u062d\u0629 \u0627\u0644\u062f\u062c\u0627\u062c \u0645\u0646 \u0628\u064a\u0646\u0648\u0631 \u064a\u0645\u0643\u0646\u0643 \u0645\u0641\u0627\u062c\u0623\u0629 \u0636\u064a\u0648\u0641\u0643 \u0645\u0646 \u0627\u0644\u0632\u0627\u0626\u0631\u064a\u0646 \u0628\u0634\u0643\u0644 \u0645\u0641\u0627\u062c\u0626 \u0645\u0646 \u062e\u0644\u0627\u0644 \u0625\u0639\u062f\u0627\u062f \u0645\u0627\u0626\u062f\u0629 \u0644\u0627 \u0645\u062b\u064a\u0644 \u0644\u0647\u0627  \u0645\u0639 \u0627\u0644\u0635\u0644\u0635\u0627\u062a \u0627\u0644\u0645\u062a\u0646\u0648\u0639\u0629 \u0641\u064a \u0648\u0642\u062a \u0642\u0635\u064a\u0631<\/p>","protected":false},"featured_media":1727,"template":"","meta":[],"product_brand":[],"product_cat":[18],"product_tag":[],"class_list":{"0":"post-159","1":"product","2":"type-product","3":"status-publish","4":"has-post-thumbnail","6":"product_cat-tavuk-ve-hindi-urunleri","8":"first","9":"instock","10":"featured","11":"shipping-taxable","12":"product-type-simple"},"yoast_head":"<!-- This site is optimized with the Yoast SEO plugin v26.8 - https:\/\/yoast.com\/product\/yoast-seo-wordpress\/ -->\n<title>\u00c7\u0131t\u0131r Tavuk Kanatlar\u0131 - Beynur<\/title>\n<meta name=\"robots\" content=\"index, follow, max-snippet:-1, max-image-preview:large, max-video-preview:-1\" \/>\n<link rel=\"canonical\" href=\"https:\/\/beynur.eu\/ar\/product-2\/citir-tavuk-kanatlari\/\" \/>\n<meta property=\"og:locale\" content=\"ar_AR\" \/>\n<meta property=\"og:type\" content=\"article\" \/>\n<meta property=\"og:title\" content=\"\u00c7\u0131t\u0131r Tavuk Kanatlar\u0131 - Beynur\" \/>\n<meta property=\"og:description\" content=\"Beynur Chicken Wings \u00e7\u0131t\u0131r marine edilmi\u015f tavuk kanatlar\u0131 ile mutfaklar\u0131n\u0131z\u0131n yan\u0131 s\u0131ra pikniklerinizde de vazge\u00e7ilmezi olacak. Chicken Wings damak tad\u0131n\u0131za uygun, tercih edilmesi kolay ve pratik bir \u00fcr\u00fcnd\u00fcr.  Beynur Chicken Wings 700gr\u2019l\u0131k paketi beyaz et ihtiyac\u0131n\u0131z\u0131 doyas\u0131ya ve sa\u011fl\u0131kl\u0131 bir \u015fekilde giderir. Pratik kullan\u0131m\u0131 ile \u00e7ocuklar\u0131n\u0131z\u0131n damak tad\u0131na uygun olup ortalama besin de\u011ferlerinde sa\u011fl\u0131\u011f\u0131n\u0131za sa\u011fl\u0131k katar. Beynur Chicken Wings ile davetsiz misafirleriniz i\u00e7in k\u0131sa s\u00fcrede g\u00fczel bir sofra haz\u0131rlayarak e\u015fsiz ve farkl\u0131 soslarla konuklar\u0131n\u0131z\u0131 \u015fa\u015f\u0131rtabilirsiniz.\" \/>\n<meta property=\"og:url\" content=\"https:\/\/beynur.eu\/ar\/product-2\/citir-tavuk-kanatlari\/\" \/>\n<meta property=\"og:site_name\" content=\"Beynur\" \/>\n<meta property=\"article:modified_time\" content=\"2026-03-12T11:01:23+00:00\" \/>\n<meta property=\"og:image\" content=\"https:\/\/beynur.eu\/wp-content\/uploads\/2018\/03\/crispy-chicken-wings-1024x1024.png\" \/>\n\t<meta property=\"og:image:width\" content=\"1024\" \/>\n\t<meta property=\"og:image:height\" content=\"1024\" \/>\n\t<meta property=\"og:image:type\" content=\"image\/png\" \/>\n<meta name=\"twitter:card\" content=\"summary_large_image\" \/>\n<meta name=\"twitter:label1\" content=\"\u0648\u0642\u062a \u0627\u0644\u0642\u0631\u0627\u0621\u0629 \u0627\u0644\u0645\u064f\u0642\u062f\u0651\u0631\" \/>\n\t<meta name=\"twitter:data1\" content=\"\u062f\u0642\u064a\u0642\u062a\u0627\u0646\" \/>\n<script type=\"application\/ld+json\" class=\"yoast-schema-graph\">{\"@context\":\"https:\/\/schema.org\",\"@graph\":[{\"@type\":\"WebPage\",\"@id\":\"https:\/\/beynur.eu\/urun\/citir-tavuk-kanatlari\/\",\"url\":\"https:\/\/beynur.eu\/urun\/citir-tavuk-kanatlari\/\",\"name\":\"\u00c7\u0131t\u0131r Tavuk Kanatlar\u0131 - Beynur\",\"isPartOf\":{\"@id\":\"https:\/\/beynur.eu\/#website\"},\"primaryImageOfPage\":{\"@id\":\"https:\/\/beynur.eu\/urun\/citir-tavuk-kanatlari\/#primaryimage\"},\"image\":{\"@id\":\"https:\/\/beynur.eu\/urun\/citir-tavuk-kanatlari\/#primaryimage\"},\"thumbnailUrl\":\"https:\/\/beynur.eu\/wp-content\/uploads\/2018\/03\/crispy-chicken-wings.png\",\"datePublished\":\"2018-03-31T21:48:48+00:00\",\"dateModified\":\"2026-03-12T11:01:23+00:00\",\"breadcrumb\":{\"@id\":\"https:\/\/beynur.eu\/urun\/citir-tavuk-kanatlari\/#breadcrumb\"},\"inLanguage\":\"ar\",\"potentialAction\":[{\"@type\":\"ReadAction\",\"target\":[\"https:\/\/beynur.eu\/urun\/citir-tavuk-kanatlari\/\"]}]},{\"@type\":\"ImageObject\",\"inLanguage\":\"ar\",\"@id\":\"https:\/\/beynur.eu\/urun\/citir-tavuk-kanatlari\/#primaryimage\",\"url\":\"https:\/\/beynur.eu\/wp-content\/uploads\/2018\/03\/crispy-chicken-wings.png\",\"contentUrl\":\"https:\/\/beynur.eu\/wp-content\/uploads\/2018\/03\/crispy-chicken-wings.png\",\"width\":2000,\"height\":2000},{\"@type\":\"BreadcrumbList\",\"@id\":\"https:\/\/beynur.eu\/urun\/citir-tavuk-kanatlari\/#breadcrumb\",\"itemListElement\":[{\"@type\":\"ListItem\",\"position\":1,\"name\":\"Home\",\"item\":\"https:\/\/beynur.eu\/\"},{\"@type\":\"ListItem\",\"position\":2,\"name\":\"\u00dcr\u00fcnlerimiz\",\"item\":\"https:\/\/beynur.eu\/en\/urunlerimiz\/\"},{\"@type\":\"ListItem\",\"position\":3,\"name\":\"\u00c7\u0131t\u0131r Tavuk Kanatlar\u0131\"}]},{\"@type\":\"WebSite\",\"@id\":\"https:\/\/beynur.eu\/#website\",\"url\":\"https:\/\/beynur.eu\/\",\"name\":\"Beynur\",\"description\":\"\u0130lk g\u00fcnk\u00fc a\u015fkla, muhte\u015fem tatlar.\",\"potentialAction\":[{\"@type\":\"SearchAction\",\"target\":{\"@type\":\"EntryPoint\",\"urlTemplate\":\"https:\/\/beynur.eu\/?s={search_term_string}\"},\"query-input\":{\"@type\":\"PropertyValueSpecification\",\"valueRequired\":true,\"valueName\":\"search_term_string\"}}],\"inLanguage\":\"ar\"}]}<\/script>\n<!-- \/ Yoast SEO plugin. -->","yoast_head_json":{"title":"\u00c7\u0131t\u0131r Tavuk Kanatlar\u0131 - Beynur","robots":{"index":"index","follow":"follow","max-snippet":"max-snippet:-1","max-image-preview":"max-image-preview:large","max-video-preview":"max-video-preview:-1"},"canonical":"https:\/\/beynur.eu\/ar\/product-2\/citir-tavuk-kanatlari\/","og_locale":"ar_AR","og_type":"article","og_title":"\u00c7\u0131t\u0131r Tavuk Kanatlar\u0131 - Beynur","og_description":"Beynur Chicken Wings \u00e7\u0131t\u0131r marine edilmi\u015f tavuk kanatlar\u0131 ile mutfaklar\u0131n\u0131z\u0131n yan\u0131 s\u0131ra pikniklerinizde de vazge\u00e7ilmezi olacak. Chicken Wings damak tad\u0131n\u0131za uygun, tercih edilmesi kolay ve pratik bir \u00fcr\u00fcnd\u00fcr.  Beynur Chicken Wings 700gr\u2019l\u0131k paketi beyaz et ihtiyac\u0131n\u0131z\u0131 doyas\u0131ya ve sa\u011fl\u0131kl\u0131 bir \u015fekilde giderir. Pratik kullan\u0131m\u0131 ile \u00e7ocuklar\u0131n\u0131z\u0131n damak tad\u0131na uygun olup ortalama besin de\u011ferlerinde sa\u011fl\u0131\u011f\u0131n\u0131za sa\u011fl\u0131k katar. Beynur Chicken Wings ile davetsiz misafirleriniz i\u00e7in k\u0131sa s\u00fcrede g\u00fczel bir sofra haz\u0131rlayarak e\u015fsiz ve farkl\u0131 soslarla konuklar\u0131n\u0131z\u0131 \u015fa\u015f\u0131rtabilirsiniz.","og_url":"https:\/\/beynur.eu\/ar\/product-2\/citir-tavuk-kanatlari\/","og_site_name":"Beynur","article_modified_time":"2026-03-12T11:01:23+00:00","og_image":[{"width":1024,"height":1024,"url":"https:\/\/beynur.eu\/wp-content\/uploads\/2018\/03\/crispy-chicken-wings-1024x1024.png","type":"image\/png"}],"twitter_card":"summary_large_image","twitter_misc":{"\u0648\u0642\u062a \u0627\u0644\u0642\u0631\u0627\u0621\u0629 \u0627\u0644\u0645\u064f\u0642\u062f\u0651\u0631":"\u062f\u0642\u064a\u0642\u062a\u0627\u0646"},"schema":{"@context":"https:\/\/schema.org","@graph":[{"@type":"WebPage","@id":"https:\/\/beynur.eu\/urun\/citir-tavuk-kanatlari\/","url":"https:\/\/beynur.eu\/urun\/citir-tavuk-kanatlari\/","name":"\u00c7\u0131t\u0131r Tavuk Kanatlar\u0131 - Beynur","isPartOf":{"@id":"https:\/\/beynur.eu\/#website"},"primaryImageOfPage":{"@id":"https:\/\/beynur.eu\/urun\/citir-tavuk-kanatlari\/#primaryimage"},"image":{"@id":"https:\/\/beynur.eu\/urun\/citir-tavuk-kanatlari\/#primaryimage"},"thumbnailUrl":"https:\/\/beynur.eu\/wp-content\/uploads\/2018\/03\/crispy-chicken-wings.png","datePublished":"2018-03-31T21:48:48+00:00","dateModified":"2026-03-12T11:01:23+00:00","breadcrumb":{"@id":"https:\/\/beynur.eu\/urun\/citir-tavuk-kanatlari\/#breadcrumb"},"inLanguage":"ar","potentialAction":[{"@type":"ReadAction","target":["https:\/\/beynur.eu\/urun\/citir-tavuk-kanatlari\/"]}]},{"@type":"ImageObject","inLanguage":"ar","@id":"https:\/\/beynur.eu\/urun\/citir-tavuk-kanatlari\/#primaryimage","url":"https:\/\/beynur.eu\/wp-content\/uploads\/2018\/03\/crispy-chicken-wings.png","contentUrl":"https:\/\/beynur.eu\/wp-content\/uploads\/2018\/03\/crispy-chicken-wings.png","width":2000,"height":2000},{"@type":"BreadcrumbList","@id":"https:\/\/beynur.eu\/urun\/citir-tavuk-kanatlari\/#breadcrumb","itemListElement":[{"@type":"ListItem","position":1,"name":"Home","item":"https:\/\/beynur.eu\/"},{"@type":"ListItem","position":2,"name":"\u00dcr\u00fcnlerimiz","item":"https:\/\/beynur.eu\/en\/urunlerimiz\/"},{"@type":"ListItem","position":3,"name":"\u00c7\u0131t\u0131r Tavuk Kanatlar\u0131"}]},{"@type":"WebSite","@id":"https:\/\/beynur.eu\/#website","url":"https:\/\/beynur.eu\/","name":"Beynur","description":"\u0130lk g\u00fcnk\u00fc a\u015fkla, muhte\u015fem tatlar.","potentialAction":[{"@type":"SearchAction","target":{"@type":"EntryPoint","urlTemplate":"https:\/\/beynur.eu\/?s={search_term_string}"},"query-input":{"@type":"PropertyValueSpecification","valueRequired":true,"valueName":"search_term_string"}}],"inLanguage":"ar"}]}},"_links":{"self":[{"href":"https:\/\/beynur.eu\/ar\/wp-json\/wp\/v2\/product\/159","targetHints":{"allow":["GET"]}}],"collection":[{"href":"https:\/\/beynur.eu\/ar\/wp-json\/wp\/v2\/product"}],"about":[{"href":"https:\/\/beynur.eu\/ar\/wp-json\/wp\/v2\/types\/product"}],"wp:featuredmedia":[{"embeddable":true,"href":"https:\/\/beynur.eu\/ar\/wp-json\/wp\/v2\/media\/1727"}],"wp:attachment":[{"href":"https:\/\/beynur.eu\/ar\/wp-json\/wp\/v2\/media?parent=159"}],"wp:term":[{"taxonomy":"product_brand","embeddable":true,"href":"https:\/\/beynur.eu\/ar\/wp-json\/wp\/v2\/product_brand?post=159"},{"taxonomy":"product_cat","embeddable":true,"href":"https:\/\/beynur.eu\/ar\/wp-json\/wp\/v2\/product_cat?post=159"},{"taxonomy":"product_tag","embeddable":true,"href":"https:\/\/beynur.eu\/ar\/wp-json\/wp\/v2\/product_tag?post=159"}],"curies":[{"name":"wp","href":"https:\/\/api.w.org\/{rel}","templated":true}]}}