{"id":161,"date":"2018-03-31T21:51:17","date_gmt":"2018-03-31T21:51:17","guid":{"rendered":"https:\/\/beynur.eu\/?post_type=product&#038;p=161"},"modified":"2026-03-08T12:30:29","modified_gmt":"2026-03-08T12:30:29","slug":"citir-tavuk-burger","status":"publish","type":"product","link":"https:\/\/beynur.eu\/ar\/product-2\/citir-tavuk-burger\/","title":{"rendered":"\u0628\u0631\u063a\u0631 \u0627\u0644\u062f\u062c\u0627\u062c \u0627\u0644\u0645\u0642\u0631\u0645\u0634"},"content":{"rendered":"<p>\u0643\u0631\u0627\u0646\u0634\u064a \u0628\u0631\u062c\u0631 \u0645\u0646 \u0628\u064a\u0646\u0648\u0631 \u0647\u0648 \u0648\u062c\u0628\u0629 \u0635\u062d\u064a\u0629 \u0641\u064a \u0648\u062c\u0628\u0627\u062a \u0627\u0644\u0637\u0639\u0627\u0645 \u0627\u0644\u0631\u0626\u064a\u0633\u064a\u0629 \u0627\u0644\u062e\u0627\u0635\u0629 \u0628\u0643 \u0645\u0639 \u0639\u0645\u0644\u064a\u062a\u0647\u0627 \u0648\u0644\u0630\u062a\u0647\u0627\u060c \u0648\u0648\u062c\u0628\u0629 \u062e\u0641\u064a\u0641\u0629 \u0635\u062d\u064a\u0629 \u062a\u0647\u062f\u0626 \u062c\u0648\u0639\u0643 \u0641\u064a \u0627\u0644\u0648\u062c\u0628\u0627\u062a \u0627\u0644\u062c\u0627\u0646\u0628\u064a\u0629.\n\u0648\u0647\u064a \u062e\u064a\u0627\u0631 \u0644\u0627 \u063a\u0646\u0649 \u0639\u0646\u0647 \u0644\u0644\u0631\u0627\u063a\u0628\u064a\u0646 \u0628\u0628\u0631\u063a\u0631 \u0645\u0642\u0644\u064a \u0648\u0645\u0642\u0631\u0645\u0634.<\/p>\n<p>\u0643\u0631\u0627\u0646\u0634\u064a \u0628\u0631\u063a\u0631 \u0645\u0646 \u0628\u064a\u0646\u0648\u0631 \u0647\u0648 \u0628\u062f\u064a\u0644 \u062c\u064a\u062f \u0644\u0644\u0628\u0627\u0644\u063a\u064a\u0646 \u0643\u0645\u0627 \u0647\u0648 \u0644\u0644\u0623\u0637\u0641\u0627\u0644 \u0645\u0639 \u0637\u0639\u0645 \u0627\u0644\u062f\u062c\u0627\u062c \u0627\u0644\u0630\u064a \u0633\u064a\u0631\u0636\u064a \u0630\u0648\u0642\u0643.\n\u0645\u0639 \u0647\u0630\u0627 \u0627\u0644\u0645\u0646\u062a\u062c \u0627\u0644\u0644\u0630\u064a\u0630 \u0627\u0644\u0630\u064a \u064a\u062a\u0645 \u0625\u0639\u062f\u0627\u062f\u0647 \u0645\u062c\u0645\u062f\u0627\u064b \u0641\u064a \u0639\u0628\u0648\u0627\u062a 720 \u063a\u0631\u0627\u0645\u060c \u0633\u0648\u0641 \u062a\u0643\u0648\u0646 \u0642\u0627\u062f\u0631\u0627\u064b \u0639\u0644\u0649 \u0625\u0639\u062f\u0627\u062f \u0623\u0637\u0628\u0627\u0642 \u0644\u0630\u064a\u0630\u0629 \u0628\u0633\u0647\u0648\u0644\u0629 \u0644\u0644\u0636\u064a\u0648\u0641 \u0645\u0646 \u0627\u0644\u0632\u0627\u0626\u0631\u064a\u0646 \u0628\u0634\u0643\u0644 \u0645\u0641\u0627\u062c\u0626 \u0639\u0644\u0649 \u0645\u062f\u0627\u0631 \u0627\u0644\u064a\u0648\u0645. \u064a\u062a\u0645 \u0625\u0646\u062a\u0627\u062c \u0645\u0639 \u0627\u0646\u0634\u064a \u0628\u0631\u063a\u0631 \u0645\u0646 \u0628\u064a\u0646\u0648\u0631\u060c \u0648\u0627\u0644\u062a\u064a \u0647\u064a \u062e\u0641\u064a\u0641\u0629 \u0644\u0644\u063a\u0627\u064a\u0629 \u0648\u0644\u0630\u064a\u0630\u0629 \u062c\u062f\u0627\u060c \u0645\u0646 \u0627\u0644\u0641\u0631\u0627\u062e \u0627\u0644\u0645\u0630\u0628\u0648\u062d\u0629 \u0648\u0641\u0642\u0627 \u0644\u0644\u0637\u0631\u0642 \u0627\u0644\u0625\u0633\u0644\u0627\u0645\u064a\u0629 \u0648\u062a\u0645\u062a \u0645\u0639\u0627\u0644\u062c\u062a\u0647\u0627 \u0645\u0639 \u0639\u0645\u0644\u064a\u0629 \u062a\u0634\u0645\u0644 \u0645\u0639\u0627\u0644\u062c\u0629 \u0627\u0644\u0628\u064a\u0636 \u0648\u0627\u0644\u062d\u0644\u064a\u0628 (\u0628\u0645\u0627 \u0641\u064a \u0630\u0644\u0643 \u0627\u0644\u0644\u0627\u0643\u062a\u0648\u0632).<\/p>\n<p>\u0646\u0648\u0635\u064a \u0628\u062a\u0633\u062e\u064a\u0646\u0647 \u062d\u062a\u0649 \u064a\u0633\u062e\u0646 \u0645\u0646 \u0627\u0644\u062f\u062e\u0644. \n\u062a\u062c\u0646\u0628 \u0623\u0646 \u064a\u062a\u0641\u0643\u0643 \u0627\u0644\u0645\u0646\u062a\u062c \u062f\u0627\u062e\u0644 \u0627\u0644\u063a\u0644\u0627\u0641.<\/p>\n<p>&nbsp;<\/p>\n<p><strong>\u0637\u0631\u064a\u0642\u0629 \u0627\u0644\u062a\u062d\u0636\u064a\u0631:<\/strong><\/p>\n<p>\u0627\u0644\u0645\u0646\u062a\u062c \u0645\u0646\u0627\u0633\u0628 \u0644\u0644\u0641\u0631\u0646\u060c \u0627\u0644\u0634\u0648\u0627\u064a\u0629\u060c \u0627\u0644\u0645\u0642\u0644\u0627\u0629\u060c \u0634\u0648\u0627\u064a\u0629 \u0627\u0644\u0641\u062d\u0645 \u0648\u0627\u0644\u0645\u0642\u0644\u0627\u0629 \u0627\u0644\u0643\u0647\u0631\u0628\u0627\u0626\u064a\u0629.  \u0627\u0642\u0644\u064a\u0647\u0627 \u0641\u064a \u0627\u0644\u0645\u0642\u0644\u0627\u0629 \u0627\u0644\u0643\u0647\u0631\u0628\u0627\u0626\u064a\u0629 \u0639\u0644\u0649 \u062f\u0631\u062c\u0629 \u062d\u0631\u0627\u0631\u0629 180\u00b0C \u0644\u0645\u062f\u0629 3 \u062f\u0642\u0627\u0626\u0642 \u0641\u064a \u062d\u0627\u0644 \u0643\u0627\u0646\u062a \u0645\u062c\u0645\u062f\u0629 \u06482 \u062f\u0642\u064a\u0642\u062a\u064a\u0646 \u0641\u064a \u062d\u0627\u0644 \u0643\u0627\u0646\u062a \u063a\u064a\u0631 \u0645\u062c\u0645\u062f\u0629.<\/p>\n<p>&nbsp;<\/p>\n<p><strong>\u0646\u0635\u064a\u062d\u0629 \u0627\u0644\u062a\u062e\u0632\u064a\u0646:<\/strong><\/p>\n<p>\u062a\u062c\u0645\u064a\u062f \u0645\u0643\u062b\u0641:-18 \u062f\u0631\u062c\u0629 \u0645\u0626\u0648\u064a\u0629 \u0644\u0645\u062f\u0629 12 \u0634\u0647\u0631\u0627 \u0628\u0639\u062f \u0627\u0644\u0625\u0646\u062a\u0627\u062c<\/p>\n<p>\u0645\u062c\u0645\u062f\u0629:-12 \u062f\u0631\u062c\u0629 \u0645\u0626\u0648\u064a\u0629\u060c \u0644\u0645\u062f\u0629 1 \u0634\u0647\u0631.<\/p>\n<p>\u0627\u0644\u062b\u0644\u0627\u062c\u0629: 7 \u062f\u0631\u062c\u0629 \u0645\u0626\u0648\u064a\u0629 \u0644\u0645\u062f\u0629 2 \u064a\u0648\u0645\u0627.<\/p>\n<p>\u062a\u0641\u0642\u062f \u062a\u0627\u0631\u064a\u062e \u0627\u0646\u062a\u0647\u0627\u0621 \u0627\u0644\u0635\u0644\u0627\u062d\u064a\u0629.\n\u0644\u0627 \u062a\u062c\u0645\u062f \u0645\u0631\u0629 \u0623\u062e\u0631\u0649 \u0628\u0639\u062f \u062a\u0630\u0648\u064a\u0628.<\/p>","protected":false},"excerpt":{"rendered":"<p>\u0643\u0631\u0627\u0646\u0634\u064a \u0628\u0631\u062c\u0631 \u0645\u0646 \u0628\u064a\u0646\u0648\u0631 \u0647\u0648 \u0648\u062c\u0628\u0629 \u0635\u062d\u064a\u0629 \u0641\u064a \u0648\u062c\u0628\u0627\u062a \u0627\u0644\u0637\u0639\u0627\u0645 \u0627\u0644\u0631\u0626\u064a\u0633\u064a\u0629 \u0627\u0644\u062e\u0627\u0635\u0629 \u0628\u0643 \u0645\u0639 \u0639\u0645\u0644\u064a\u062a\u0647\u0627 \u0648\u0644\u0630\u062a\u0647\u0627\u060c \u0648\u0648\u062c\u0628\u0629 \u062e\u0641\u064a\u0641\u0629 \u0635\u062d\u064a\u0629 \u062a\u0647\u062f\u0626 \u062c\u0648\u0639\u0643 \u0641\u064a \u0627\u0644\u0648\u062c\u0628\u0627\u062a \u0627\u0644\u062c\u0627\u0646\u0628\u064a\u0629.\n\u0648\u0647\u064a \u062e\u064a\u0627\u0631 \u0644\u0627 \u063a\u0646\u0649 \u0639\u0646\u0647 \u0644\u0644\u0631\u0627\u063a\u0628\u064a\u0646 \u0628\u0628\u0631\u063a\u0631 \u0645\u0642\u0644\u064a \u0648\u0645\u0642\u0631\u0645\u0634.<\/p>\n<p>\u0643\u0631\u0627\u0646\u0634\u064a \u0628\u0631\u063a\u0631 \u0645\u0646 \u0628\u064a\u0646\u0648\u0631 \u0647\u0648 \u0628\u062f\u064a\u0644 \u062c\u064a\u062f \u0644\u0644\u0628\u0627\u0644\u063a\u064a\u0646 \u0643\u0645\u0627 \u0647\u0648 \u0644\u0644\u0623\u0637\u0641\u0627\u0644 \u0645\u0639 \u0637\u0639\u0645 \u0627\u0644\u062f\u062c\u0627\u062c \u0627\u0644\u0630\u064a \u0633\u064a\u0631\u0636\u064a \u0630\u0648\u0642\u0643.\n\u0645\u0639 \u0647\u0630\u0627 \u0627\u0644\u0645\u0646\u062a\u062c \u0627\u0644\u0644\u0630\u064a\u0630 \u0627\u0644\u0630\u064a \u064a\u062a\u0645 \u0625\u0639\u062f\u0627\u062f\u0647 \u0645\u062c\u0645\u062f\u0627\u064b \u0641\u064a \u0639\u0628\u0648\u0627\u062a 720 \u063a\u0631\u0627\u0645\u060c \u0633\u0648\u0641 \u062a\u0643\u0648\u0646 \u0642\u0627\u062f\u0631\u0627\u064b \u0639\u0644\u0649 \u0625\u0639\u062f\u0627\u062f \u0623\u0637\u0628\u0627\u0642 \u0644\u0630\u064a\u0630\u0629 \u0628\u0633\u0647\u0648\u0644\u0629 \u0644\u0644\u0636\u064a\u0648\u0641 \u0645\u0646 \u0627\u0644\u0632\u0627\u0626\u0631\u064a\u0646 \u0628\u0634\u0643\u0644 \u0645\u0641\u0627\u062c\u0626 \u0639\u0644\u0649 \u0645\u062f\u0627\u0631 \u0627\u0644\u064a\u0648\u0645. \u064a\u062a\u0645 \u0625\u0646\u062a\u0627\u062c \u0645\u0639 \u0627\u0646\u0634\u064a \u0628\u0631\u063a\u0631 \u0645\u0646 \u0628\u064a\u0646\u0648\u0631\u060c \u0648\u0627\u0644\u062a\u064a \u0647\u064a \u062e\u0641\u064a\u0641\u0629 \u0644\u0644\u063a\u0627\u064a\u0629 \u0648\u0644\u0630\u064a\u0630\u0629 \u062c\u062f\u0627\u060c \u0645\u0646 \u0627\u0644\u0641\u0631\u0627\u062e \u0627\u0644\u0645\u0630\u0628\u0648\u062d\u0629 \u0648\u0641\u0642\u0627 \u0644\u0644\u0637\u0631\u0642 \u0627\u0644\u0625\u0633\u0644\u0627\u0645\u064a\u0629 \u0648\u062a\u0645\u062a \u0645\u0639\u0627\u0644\u062c\u062a\u0647\u0627 \u0645\u0639 \u0639\u0645\u0644\u064a\u0629 \u062a\u0634\u0645\u0644 \u0645\u0639\u0627\u0644\u062c\u0629 \u0627\u0644\u0628\u064a\u0636 \u0648\u0627\u0644\u062d\u0644\u064a\u0628 (\u0628\u0645\u0627 \u0641\u064a \u0630\u0644\u0643 \u0627\u0644\u0644\u0627\u0643\u062a\u0648\u0632).<\/p>","protected":false},"featured_media":285,"template":"","meta":[],"product_brand":[],"product_cat":[18],"product_tag":[],"class_list":{"0":"post-161","1":"product","2":"type-product","3":"status-publish","4":"has-post-thumbnail","6":"product_cat-tavuk-ve-hindi-urunleri","8":"first","9":"instock","10":"shipping-taxable","11":"product-type-simple"},"yoast_head":"<!-- This site is optimized with the Yoast SEO plugin v26.8 - https:\/\/yoast.com\/product\/yoast-seo-wordpress\/ -->\n<title>\u00c7\u0131t\u0131r Tavuk Burger - Beynur<\/title>\n<meta name=\"robots\" content=\"index, follow, max-snippet:-1, max-image-preview:large, max-video-preview:-1\" \/>\n<link rel=\"canonical\" href=\"https:\/\/beynur.eu\/ar\/product-2\/citir-tavuk-burger\/\" \/>\n<meta property=\"og:locale\" content=\"ar_AR\" \/>\n<meta property=\"og:type\" content=\"article\" \/>\n<meta property=\"og:title\" content=\"\u00c7\u0131t\u0131r Tavuk Burger - Beynur\" \/>\n<meta property=\"og:description\" content=\"Beynur Crunchy Burger pratikli\u011fi ve lezzetiyle ana \u00f6\u011f\u00fcnlerinizde g\u00fczel bir yemek ara \u00f6\u011f\u00fcnlerinizde ise a\u00e7l\u0131\u011f\u0131n\u0131z\u0131 yat\u0131\u015ft\u0131ran sa\u011fl\u0131kl\u0131 bir at\u0131\u015fmal\u0131kt\u0131r. \u00c7\u0131t\u0131r \u00e7\u0131t\u0131r k\u0131zarm\u0131\u015f burger isteyenler i\u00e7in vazge\u00e7ilmez bir tercih.  Damak tad\u0131n\u0131za uygun pili\u00e7 tad\u0131 ile Beynur Crunchy Burger, en az \u00e7ocuklar kadar yeti\u015fkinler i\u00e7in de iyi bir alternatif. Sizler i\u00e7in 720gr\u2019l\u0131k paketlerde dondurulmu\u015f olarak haz\u0131rlanan bu lezzetli \u00fcr\u00fcn ile; davetsiz misafirlerinize g\u00fcn boyu kolay bir \u015fekilde enfes sofralar haz\u0131rlayabileceksiniz.\" \/>\n<meta property=\"og:url\" content=\"https:\/\/beynur.eu\/ar\/product-2\/citir-tavuk-burger\/\" \/>\n<meta property=\"og:site_name\" content=\"Beynur\" \/>\n<meta property=\"article:modified_time\" content=\"2026-03-08T12:30:29+00:00\" \/>\n<meta property=\"og:image\" content=\"https:\/\/beynur.eu\/wp-content\/uploads\/2018\/03\/Crunchy-Burger.jpg\" \/>\n\t<meta property=\"og:image:width\" content=\"1000\" \/>\n\t<meta property=\"og:image:height\" content=\"1000\" \/>\n\t<meta property=\"og:image:type\" content=\"image\/jpeg\" \/>\n<meta name=\"twitter:card\" content=\"summary_large_image\" \/>\n<meta name=\"twitter:label1\" content=\"\u0648\u0642\u062a \u0627\u0644\u0642\u0631\u0627\u0621\u0629 \u0627\u0644\u0645\u064f\u0642\u062f\u0651\u0631\" \/>\n\t<meta name=\"twitter:data1\" content=\"\u062f\u0642\u064a\u0642\u062a\u0627\u0646\" \/>\n<script type=\"application\/ld+json\" class=\"yoast-schema-graph\">{\"@context\":\"https:\/\/schema.org\",\"@graph\":[{\"@type\":\"WebPage\",\"@id\":\"https:\/\/beynur.eu\/urun\/citir-tavuk-burger\/\",\"url\":\"https:\/\/beynur.eu\/urun\/citir-tavuk-burger\/\",\"name\":\"\u00c7\u0131t\u0131r Tavuk Burger - Beynur\",\"isPartOf\":{\"@id\":\"https:\/\/beynur.eu\/#website\"},\"primaryImageOfPage\":{\"@id\":\"https:\/\/beynur.eu\/urun\/citir-tavuk-burger\/#primaryimage\"},\"image\":{\"@id\":\"https:\/\/beynur.eu\/urun\/citir-tavuk-burger\/#primaryimage\"},\"thumbnailUrl\":\"https:\/\/beynur.eu\/wp-content\/uploads\/2018\/03\/Crunchy-Burger.jpg\",\"datePublished\":\"2018-03-31T21:51:17+00:00\",\"dateModified\":\"2026-03-08T12:30:29+00:00\",\"breadcrumb\":{\"@id\":\"https:\/\/beynur.eu\/urun\/citir-tavuk-burger\/#breadcrumb\"},\"inLanguage\":\"ar\",\"potentialAction\":[{\"@type\":\"ReadAction\",\"target\":[\"https:\/\/beynur.eu\/urun\/citir-tavuk-burger\/\"]}]},{\"@type\":\"ImageObject\",\"inLanguage\":\"ar\",\"@id\":\"https:\/\/beynur.eu\/urun\/citir-tavuk-burger\/#primaryimage\",\"url\":\"https:\/\/beynur.eu\/wp-content\/uploads\/2018\/03\/Crunchy-Burger.jpg\",\"contentUrl\":\"https:\/\/beynur.eu\/wp-content\/uploads\/2018\/03\/Crunchy-Burger.jpg\",\"width\":1000,\"height\":1000},{\"@type\":\"BreadcrumbList\",\"@id\":\"https:\/\/beynur.eu\/urun\/citir-tavuk-burger\/#breadcrumb\",\"itemListElement\":[{\"@type\":\"ListItem\",\"position\":1,\"name\":\"Home\",\"item\":\"https:\/\/beynur.eu\/\"},{\"@type\":\"ListItem\",\"position\":2,\"name\":\"\u00dcr\u00fcnlerimiz\",\"item\":\"https:\/\/beynur.eu\/en\/urunlerimiz\/\"},{\"@type\":\"ListItem\",\"position\":3,\"name\":\"\u00c7\u0131t\u0131r Tavuk Burger\"}]},{\"@type\":\"WebSite\",\"@id\":\"https:\/\/beynur.eu\/#website\",\"url\":\"https:\/\/beynur.eu\/\",\"name\":\"Beynur\",\"description\":\"\u0130lk g\u00fcnk\u00fc a\u015fkla, muhte\u015fem tatlar.\",\"potentialAction\":[{\"@type\":\"SearchAction\",\"target\":{\"@type\":\"EntryPoint\",\"urlTemplate\":\"https:\/\/beynur.eu\/?s={search_term_string}\"},\"query-input\":{\"@type\":\"PropertyValueSpecification\",\"valueRequired\":true,\"valueName\":\"search_term_string\"}}],\"inLanguage\":\"ar\"}]}<\/script>\n<!-- \/ Yoast SEO plugin. -->","yoast_head_json":{"title":"\u00c7\u0131t\u0131r Tavuk Burger - Beynur","robots":{"index":"index","follow":"follow","max-snippet":"max-snippet:-1","max-image-preview":"max-image-preview:large","max-video-preview":"max-video-preview:-1"},"canonical":"https:\/\/beynur.eu\/ar\/product-2\/citir-tavuk-burger\/","og_locale":"ar_AR","og_type":"article","og_title":"\u00c7\u0131t\u0131r Tavuk Burger - Beynur","og_description":"Beynur Crunchy Burger pratikli\u011fi ve lezzetiyle ana \u00f6\u011f\u00fcnlerinizde g\u00fczel bir yemek ara \u00f6\u011f\u00fcnlerinizde ise a\u00e7l\u0131\u011f\u0131n\u0131z\u0131 yat\u0131\u015ft\u0131ran sa\u011fl\u0131kl\u0131 bir at\u0131\u015fmal\u0131kt\u0131r. \u00c7\u0131t\u0131r \u00e7\u0131t\u0131r k\u0131zarm\u0131\u015f burger isteyenler i\u00e7in vazge\u00e7ilmez bir tercih.  Damak tad\u0131n\u0131za uygun pili\u00e7 tad\u0131 ile Beynur Crunchy Burger, en az \u00e7ocuklar kadar yeti\u015fkinler i\u00e7in de iyi bir alternatif. Sizler i\u00e7in 720gr\u2019l\u0131k paketlerde dondurulmu\u015f olarak haz\u0131rlanan bu lezzetli \u00fcr\u00fcn ile; davetsiz misafirlerinize g\u00fcn boyu kolay bir \u015fekilde enfes sofralar haz\u0131rlayabileceksiniz.","og_url":"https:\/\/beynur.eu\/ar\/product-2\/citir-tavuk-burger\/","og_site_name":"Beynur","article_modified_time":"2026-03-08T12:30:29+00:00","og_image":[{"width":1000,"height":1000,"url":"https:\/\/beynur.eu\/wp-content\/uploads\/2018\/03\/Crunchy-Burger.jpg","type":"image\/jpeg"}],"twitter_card":"summary_large_image","twitter_misc":{"\u0648\u0642\u062a \u0627\u0644\u0642\u0631\u0627\u0621\u0629 \u0627\u0644\u0645\u064f\u0642\u062f\u0651\u0631":"\u062f\u0642\u064a\u0642\u062a\u0627\u0646"},"schema":{"@context":"https:\/\/schema.org","@graph":[{"@type":"WebPage","@id":"https:\/\/beynur.eu\/urun\/citir-tavuk-burger\/","url":"https:\/\/beynur.eu\/urun\/citir-tavuk-burger\/","name":"\u00c7\u0131t\u0131r Tavuk Burger - Beynur","isPartOf":{"@id":"https:\/\/beynur.eu\/#website"},"primaryImageOfPage":{"@id":"https:\/\/beynur.eu\/urun\/citir-tavuk-burger\/#primaryimage"},"image":{"@id":"https:\/\/beynur.eu\/urun\/citir-tavuk-burger\/#primaryimage"},"thumbnailUrl":"https:\/\/beynur.eu\/wp-content\/uploads\/2018\/03\/Crunchy-Burger.jpg","datePublished":"2018-03-31T21:51:17+00:00","dateModified":"2026-03-08T12:30:29+00:00","breadcrumb":{"@id":"https:\/\/beynur.eu\/urun\/citir-tavuk-burger\/#breadcrumb"},"inLanguage":"ar","potentialAction":[{"@type":"ReadAction","target":["https:\/\/beynur.eu\/urun\/citir-tavuk-burger\/"]}]},{"@type":"ImageObject","inLanguage":"ar","@id":"https:\/\/beynur.eu\/urun\/citir-tavuk-burger\/#primaryimage","url":"https:\/\/beynur.eu\/wp-content\/uploads\/2018\/03\/Crunchy-Burger.jpg","contentUrl":"https:\/\/beynur.eu\/wp-content\/uploads\/2018\/03\/Crunchy-Burger.jpg","width":1000,"height":1000},{"@type":"BreadcrumbList","@id":"https:\/\/beynur.eu\/urun\/citir-tavuk-burger\/#breadcrumb","itemListElement":[{"@type":"ListItem","position":1,"name":"Home","item":"https:\/\/beynur.eu\/"},{"@type":"ListItem","position":2,"name":"\u00dcr\u00fcnlerimiz","item":"https:\/\/beynur.eu\/en\/urunlerimiz\/"},{"@type":"ListItem","position":3,"name":"\u00c7\u0131t\u0131r Tavuk Burger"}]},{"@type":"WebSite","@id":"https:\/\/beynur.eu\/#website","url":"https:\/\/beynur.eu\/","name":"Beynur","description":"\u0130lk g\u00fcnk\u00fc a\u015fkla, muhte\u015fem tatlar.","potentialAction":[{"@type":"SearchAction","target":{"@type":"EntryPoint","urlTemplate":"https:\/\/beynur.eu\/?s={search_term_string}"},"query-input":{"@type":"PropertyValueSpecification","valueRequired":true,"valueName":"search_term_string"}}],"inLanguage":"ar"}]}},"_links":{"self":[{"href":"https:\/\/beynur.eu\/ar\/wp-json\/wp\/v2\/product\/161","targetHints":{"allow":["GET"]}}],"collection":[{"href":"https:\/\/beynur.eu\/ar\/wp-json\/wp\/v2\/product"}],"about":[{"href":"https:\/\/beynur.eu\/ar\/wp-json\/wp\/v2\/types\/product"}],"wp:featuredmedia":[{"embeddable":true,"href":"https:\/\/beynur.eu\/ar\/wp-json\/wp\/v2\/media\/285"}],"wp:attachment":[{"href":"https:\/\/beynur.eu\/ar\/wp-json\/wp\/v2\/media?parent=161"}],"wp:term":[{"taxonomy":"product_brand","embeddable":true,"href":"https:\/\/beynur.eu\/ar\/wp-json\/wp\/v2\/product_brand?post=161"},{"taxonomy":"product_cat","embeddable":true,"href":"https:\/\/beynur.eu\/ar\/wp-json\/wp\/v2\/product_cat?post=161"},{"taxonomy":"product_tag","embeddable":true,"href":"https:\/\/beynur.eu\/ar\/wp-json\/wp\/v2\/product_tag?post=161"}],"curies":[{"name":"wp","href":"https:\/\/api.w.org\/{rel}","templated":true}]}}