{"id":1615,"date":"2024-09-25T14:48:38","date_gmt":"2024-09-25T14:48:38","guid":{"rendered":"https:\/\/beynur.eu\/?post_type=product&#038;p=1615"},"modified":"2026-05-05T10:31:10","modified_gmt":"2026-05-05T10:31:10","slug":"%d9%81%d9%88%d9%84-2","status":"publish","type":"product","link":"https:\/\/beynur.eu\/ar\/urun\/bezelye-ve-havuc\/","title":{"rendered":"\u0627\u0644\u0628\u0627\u0632\u0644\u0627\u0621 \u0648\u0627\u0644\u062c\u0632\u0631"},"content":{"rendered":"<p><b>Kullan\u0131m Tavsiyeleri<\/b><\/p>\n<p><span style=\"font-weight: 400;\">Dondurulmu\u015f bezelye ve havu\u00e7; garnit\u00fcrlerde, pilavlarda, sebze yemeklerinde, \u00e7orbalarda ve farkl\u0131 tencere yemekleri s\u00f6z konusu oldu\u011funda ideal bir tercih. \u00dcr\u00fcn\u00fc do\u011frudan tencereye veya tavaya ekleyerek kolayca kullanabilirsiniz. Et, tavuk veya pirin\u00e7le bir araya getirerek doyurucu ve lezzetli tarifler de haz\u0131rlayabilirsiniz. Ayr\u0131ca salata ve s\u0131cak yan yemeklerde de pratik bir malzeme olarak de\u011ferlendirebilirsiniz.\u00a0<\/span><\/p>\n<p><b>Saklama Tavsiyeleri<\/b><\/p>\n<ul>\n<li style=\"font-weight: 400;\" aria-level=\"1\"><span style=\"font-weight: 400;\">\u00dcr\u00fcn\u00fc \u00e7\u00f6zd\u00fcrmeden dondurucuda muhafaza edin.<\/span><\/li>\n<li style=\"font-weight: 400;\" aria-level=\"1\"><span style=\"font-weight: 400;\">Ambalaj\u0131 a\u00e7t\u0131ktan sonra paketi s\u0131k\u0131ca kapat\u0131n.<\/span><\/li>\n<li style=\"font-weight: 400;\" aria-level=\"1\"><span style=\"font-weight: 400;\">\u00c7\u00f6z\u00fclen \u00fcr\u00fcn\u00fc tekrar dondurmay\u0131n.<\/span><\/li>\n<li style=\"font-weight: 400;\" aria-level=\"1\"><span style=\"font-weight: 400;\">\u00dcr\u00fcn\u00fc \u00f6nerilen saklama ko\u015fullar\u0131nda muhafaza edin.<\/span><\/li>\n<li style=\"font-weight: 400;\" aria-level=\"1\"><span style=\"font-weight: 400;\">Dondurucuda g\u00fc\u00e7l\u00fc kokuya sahip \u00fcr\u00fcnlerden uzak tutun.<\/span><\/li>\n<\/ul>","protected":false},"excerpt":{"rendered":"<p><b>Dondurulmu\u015f Bezelye ve Havu\u00e7<\/b><\/p>\n<p><span style=\"font-weight: 400;\">Mevsiminde \u00f6zenle se\u00e7ilen bezelye ve havu\u00e7 \u00fcr\u00fcn\u00fcm\u00fcz, do\u011fal lezzetini ve canl\u0131 g\u00f6r\u00fcn\u00fcm\u00fcn\u00fc koruyarak mutfa\u011f\u0131n\u0131za pratik bir \u00e7\u00f6z\u00fcm sunuyor. G\u00fcnl\u00fck yemek haz\u0131rl\u0131\u011f\u0131n\u0131 kolayla\u015ft\u0131ran bu kar\u0131\u015f\u0131mla ay\u0131klama ve do\u011frama zahmetinden kurtulacak, zamandan tasarruf edeceksiniz. Hem klasik ev yemeklerinde hem de modern tariflerde rahatl\u0131kla kullanabilece\u011finiz dondurulmu\u015f bezelye ve havu\u00e7, dengeli tad\u0131 ve \u00e7ok y\u00f6nl\u00fc kullan\u0131m\u0131yla her an elinizin alt\u0131nda.\u00a0<\/span><\/p>","protected":false},"featured_media":1779,"template":"","meta":[],"product_brand":[],"product_cat":[36],"product_tag":[],"class_list":{"0":"post-1615","1":"product","2":"type-product","3":"status-publish","4":"has-post-thumbnail","6":"product_cat-dondurulmus-sebze-urunleri","8":"first","9":"instock","10":"shipping-taxable","11":"product-type-simple"},"yoast_head":"<!-- This site is optimized with the Yoast SEO plugin v26.8 - https:\/\/yoast.com\/product\/yoast-seo-wordpress\/ -->\n<title>Bezelye ve Havu\u00e7 - Beynur<\/title>\n<meta name=\"robots\" content=\"index, follow, max-snippet:-1, max-image-preview:large, max-video-preview:-1\" \/>\n<link rel=\"canonical\" href=\"https:\/\/beynur.eu\/ar\/product-2\/\u0641\u0648\u0644-2\/\" \/>\n<meta property=\"og:locale\" content=\"ar_AR\" \/>\n<meta property=\"og:type\" content=\"article\" \/>\n<meta property=\"og:title\" content=\"Bezelye ve Havu\u00e7 - Beynur\" \/>\n<meta property=\"og:description\" content=\"Dondurulmu\u015f Bezelye ve Havu\u00e7  Mevsiminde \u00f6zenle se\u00e7ilen bezelye ve havu\u00e7 \u00fcr\u00fcn\u00fcm\u00fcz, do\u011fal lezzetini ve canl\u0131 g\u00f6r\u00fcn\u00fcm\u00fcn\u00fc koruyarak mutfa\u011f\u0131n\u0131za pratik bir \u00e7\u00f6z\u00fcm sunuyor. G\u00fcnl\u00fck yemek haz\u0131rl\u0131\u011f\u0131n\u0131 kolayla\u015ft\u0131ran bu kar\u0131\u015f\u0131mla ay\u0131klama ve do\u011frama zahmetinden kurtulacak, zamandan tasarruf edeceksiniz. Hem klasik ev yemeklerinde hem de modern tariflerde rahatl\u0131kla kullanabilece\u011finiz dondurulmu\u015f bezelye ve havu\u00e7, dengeli tad\u0131 ve \u00e7ok y\u00f6nl\u00fc kullan\u0131m\u0131yla her an elinizin alt\u0131nda.\u00a0\" \/>\n<meta property=\"og:url\" content=\"https:\/\/beynur.eu\/ar\/product-2\/\u0641\u0648\u0644-2\/\" \/>\n<meta property=\"og:site_name\" content=\"Beynur\" \/>\n<meta property=\"article:modified_time\" content=\"2026-05-05T10:31:10+00:00\" \/>\n<meta property=\"og:image\" content=\"https:\/\/beynur.eu\/wp-content\/uploads\/2024\/09\/Bezelye-Havuc.jpg\" \/>\n\t<meta property=\"og:image:width\" content=\"2000\" \/>\n\t<meta property=\"og:image:height\" content=\"2000\" \/>\n\t<meta property=\"og:image:type\" content=\"image\/jpeg\" \/>\n<meta name=\"twitter:card\" content=\"summary_large_image\" \/>\n<meta name=\"twitter:label1\" content=\"\u0648\u0642\u062a \u0627\u0644\u0642\u0631\u0627\u0621\u0629 \u0627\u0644\u0645\u064f\u0642\u062f\u0651\u0631\" \/>\n\t<meta name=\"twitter:data1\" content=\"\u062f\u0642\u064a\u0642\u0629 \u0648\u0627\u062d\u062f\u0629\" \/>\n<script type=\"application\/ld+json\" class=\"yoast-schema-graph\">{\"@context\":\"https:\/\/schema.org\",\"@graph\":[{\"@type\":\"WebPage\",\"@id\":\"https:\/\/beynur.eu\/urun\/bezelye-ve-havuc\/\",\"url\":\"https:\/\/beynur.eu\/urun\/bezelye-ve-havuc\/\",\"name\":\"Bezelye ve Havu\u00e7 - Beynur\",\"isPartOf\":{\"@id\":\"https:\/\/beynur.eu\/#website\"},\"primaryImageOfPage\":{\"@id\":\"https:\/\/beynur.eu\/urun\/bezelye-ve-havuc\/#primaryimage\"},\"image\":{\"@id\":\"https:\/\/beynur.eu\/urun\/bezelye-ve-havuc\/#primaryimage\"},\"thumbnailUrl\":\"https:\/\/beynur.eu\/wp-content\/uploads\/2024\/09\/Bezelye-Havuc.jpg\",\"datePublished\":\"2024-09-25T14:48:38+00:00\",\"dateModified\":\"2026-05-05T10:31:10+00:00\",\"breadcrumb\":{\"@id\":\"https:\/\/beynur.eu\/urun\/bezelye-ve-havuc\/#breadcrumb\"},\"inLanguage\":\"ar\",\"potentialAction\":[{\"@type\":\"ReadAction\",\"target\":[\"https:\/\/beynur.eu\/urun\/bezelye-ve-havuc\/\"]}]},{\"@type\":\"ImageObject\",\"inLanguage\":\"ar\",\"@id\":\"https:\/\/beynur.eu\/urun\/bezelye-ve-havuc\/#primaryimage\",\"url\":\"https:\/\/beynur.eu\/wp-content\/uploads\/2024\/09\/Bezelye-Havuc.jpg\",\"contentUrl\":\"https:\/\/beynur.eu\/wp-content\/uploads\/2024\/09\/Bezelye-Havuc.jpg\",\"width\":2000,\"height\":2000},{\"@type\":\"BreadcrumbList\",\"@id\":\"https:\/\/beynur.eu\/urun\/bezelye-ve-havuc\/#breadcrumb\",\"itemListElement\":[{\"@type\":\"ListItem\",\"position\":1,\"name\":\"Home\",\"item\":\"https:\/\/beynur.eu\/\"},{\"@type\":\"ListItem\",\"position\":2,\"name\":\"\u00dcr\u00fcnlerimiz\",\"item\":\"https:\/\/beynur.eu\/en\/urunlerimiz\/\"},{\"@type\":\"ListItem\",\"position\":3,\"name\":\"Bezelye ve Havu\u00e7\"}]},{\"@type\":\"WebSite\",\"@id\":\"https:\/\/beynur.eu\/#website\",\"url\":\"https:\/\/beynur.eu\/\",\"name\":\"Beynur\",\"description\":\"\u0130lk g\u00fcnk\u00fc a\u015fkla, muhte\u015fem tatlar.\",\"potentialAction\":[{\"@type\":\"SearchAction\",\"target\":{\"@type\":\"EntryPoint\",\"urlTemplate\":\"https:\/\/beynur.eu\/?s={search_term_string}\"},\"query-input\":{\"@type\":\"PropertyValueSpecification\",\"valueRequired\":true,\"valueName\":\"search_term_string\"}}],\"inLanguage\":\"ar\"}]}<\/script>\n<!-- \/ Yoast SEO plugin. -->","yoast_head_json":{"title":"Bezelye ve Havu\u00e7 - Beynur","robots":{"index":"index","follow":"follow","max-snippet":"max-snippet:-1","max-image-preview":"max-image-preview:large","max-video-preview":"max-video-preview:-1"},"canonical":"https:\/\/beynur.eu\/ar\/product-2\/\u0641\u0648\u0644-2\/","og_locale":"ar_AR","og_type":"article","og_title":"Bezelye ve Havu\u00e7 - Beynur","og_description":"Dondurulmu\u015f Bezelye ve Havu\u00e7  Mevsiminde \u00f6zenle se\u00e7ilen bezelye ve havu\u00e7 \u00fcr\u00fcn\u00fcm\u00fcz, do\u011fal lezzetini ve canl\u0131 g\u00f6r\u00fcn\u00fcm\u00fcn\u00fc koruyarak mutfa\u011f\u0131n\u0131za pratik bir \u00e7\u00f6z\u00fcm sunuyor. G\u00fcnl\u00fck yemek haz\u0131rl\u0131\u011f\u0131n\u0131 kolayla\u015ft\u0131ran bu kar\u0131\u015f\u0131mla ay\u0131klama ve do\u011frama zahmetinden kurtulacak, zamandan tasarruf edeceksiniz. Hem klasik ev yemeklerinde hem de modern tariflerde rahatl\u0131kla kullanabilece\u011finiz dondurulmu\u015f bezelye ve havu\u00e7, dengeli tad\u0131 ve \u00e7ok y\u00f6nl\u00fc kullan\u0131m\u0131yla her an elinizin alt\u0131nda.\u00a0","og_url":"https:\/\/beynur.eu\/ar\/product-2\/\u0641\u0648\u0644-2\/","og_site_name":"Beynur","article_modified_time":"2026-05-05T10:31:10+00:00","og_image":[{"width":2000,"height":2000,"url":"https:\/\/beynur.eu\/wp-content\/uploads\/2024\/09\/Bezelye-Havuc.jpg","type":"image\/jpeg"}],"twitter_card":"summary_large_image","twitter_misc":{"\u0648\u0642\u062a \u0627\u0644\u0642\u0631\u0627\u0621\u0629 \u0627\u0644\u0645\u064f\u0642\u062f\u0651\u0631":"\u062f\u0642\u064a\u0642\u0629 \u0648\u0627\u062d\u062f\u0629"},"schema":{"@context":"https:\/\/schema.org","@graph":[{"@type":"WebPage","@id":"https:\/\/beynur.eu\/urun\/bezelye-ve-havuc\/","url":"https:\/\/beynur.eu\/urun\/bezelye-ve-havuc\/","name":"Bezelye ve Havu\u00e7 - Beynur","isPartOf":{"@id":"https:\/\/beynur.eu\/#website"},"primaryImageOfPage":{"@id":"https:\/\/beynur.eu\/urun\/bezelye-ve-havuc\/#primaryimage"},"image":{"@id":"https:\/\/beynur.eu\/urun\/bezelye-ve-havuc\/#primaryimage"},"thumbnailUrl":"https:\/\/beynur.eu\/wp-content\/uploads\/2024\/09\/Bezelye-Havuc.jpg","datePublished":"2024-09-25T14:48:38+00:00","dateModified":"2026-05-05T10:31:10+00:00","breadcrumb":{"@id":"https:\/\/beynur.eu\/urun\/bezelye-ve-havuc\/#breadcrumb"},"inLanguage":"ar","potentialAction":[{"@type":"ReadAction","target":["https:\/\/beynur.eu\/urun\/bezelye-ve-havuc\/"]}]},{"@type":"ImageObject","inLanguage":"ar","@id":"https:\/\/beynur.eu\/urun\/bezelye-ve-havuc\/#primaryimage","url":"https:\/\/beynur.eu\/wp-content\/uploads\/2024\/09\/Bezelye-Havuc.jpg","contentUrl":"https:\/\/beynur.eu\/wp-content\/uploads\/2024\/09\/Bezelye-Havuc.jpg","width":2000,"height":2000},{"@type":"BreadcrumbList","@id":"https:\/\/beynur.eu\/urun\/bezelye-ve-havuc\/#breadcrumb","itemListElement":[{"@type":"ListItem","position":1,"name":"Home","item":"https:\/\/beynur.eu\/"},{"@type":"ListItem","position":2,"name":"\u00dcr\u00fcnlerimiz","item":"https:\/\/beynur.eu\/en\/urunlerimiz\/"},{"@type":"ListItem","position":3,"name":"Bezelye ve Havu\u00e7"}]},{"@type":"WebSite","@id":"https:\/\/beynur.eu\/#website","url":"https:\/\/beynur.eu\/","name":"Beynur","description":"\u0130lk g\u00fcnk\u00fc a\u015fkla, muhte\u015fem tatlar.","potentialAction":[{"@type":"SearchAction","target":{"@type":"EntryPoint","urlTemplate":"https:\/\/beynur.eu\/?s={search_term_string}"},"query-input":{"@type":"PropertyValueSpecification","valueRequired":true,"valueName":"search_term_string"}}],"inLanguage":"ar"}]}},"_links":{"self":[{"href":"https:\/\/beynur.eu\/ar\/wp-json\/wp\/v2\/product\/1615","targetHints":{"allow":["GET"]}}],"collection":[{"href":"https:\/\/beynur.eu\/ar\/wp-json\/wp\/v2\/product"}],"about":[{"href":"https:\/\/beynur.eu\/ar\/wp-json\/wp\/v2\/types\/product"}],"wp:featuredmedia":[{"embeddable":true,"href":"https:\/\/beynur.eu\/ar\/wp-json\/wp\/v2\/media\/1779"}],"wp:attachment":[{"href":"https:\/\/beynur.eu\/ar\/wp-json\/wp\/v2\/media?parent=1615"}],"wp:term":[{"taxonomy":"product_brand","embeddable":true,"href":"https:\/\/beynur.eu\/ar\/wp-json\/wp\/v2\/product_brand?post=1615"},{"taxonomy":"product_cat","embeddable":true,"href":"https:\/\/beynur.eu\/ar\/wp-json\/wp\/v2\/product_cat?post=1615"},{"taxonomy":"product_tag","embeddable":true,"href":"https:\/\/beynur.eu\/ar\/wp-json\/wp\/v2\/product_tag?post=1615"}],"curies":[{"name":"wp","href":"https:\/\/api.w.org\/{rel}","templated":true}]}}