{"id":167,"date":"2018-04-01T09:58:57","date_gmt":"2018-04-01T09:58:57","guid":{"rendered":"https:\/\/beynur.eu\/?post_type=product&#038;p=167"},"modified":"2026-03-12T11:14:47","modified_gmt":"2026-03-12T11:14:47","slug":"adana-kebap","status":"publish","type":"product","link":"https:\/\/beynur.eu\/ar\/product-2\/%d9%85%d9%86%d8%aa%d8%ac%d8%a7%d8%aa%d9%86%d8%a7-%d9%83%d8%a8%d8%a7%d8%a8-%d8%a3%d8%b6%d9%86%d8%a9\/","title":{"rendered":"\u0623\u0636\u0646\u0629 \u0643\u0628\u0627\u0628"},"content":{"rendered":"<p>\u0643\u0628\u0627\u0628 \u0623\u0636\u0646\u0629 \u0645\u0646 \u0628\u064a\u0646\u0648\u0631 \u0647\u0648 \u0646\u0648\u0639 \u0645\u0646 \u0643\u0628\u0627\u0628 \u064a\u062a\u0645 \u0625\u0639\u062f\u0627\u062f\u0647 \u0628\u0645\u0632\u064a\u062c \u0645\u0646 \u0644\u062d\u0645 \u0627\u0644\u0628\u0642\u0631 \u0639\u0627\u0644\u064a \u0627\u0644\u062c\u0648\u062f\u0629 \u0648\u0627\u0644\u062a\u0648\u0627\u0628\u0644 \u0627\u0644\u0645\u062d\u0644\u064a\u0629 \u0627\u0644\u062e\u0627\u0635\u0629.\n \u0625\u0630\u0627 \u0643\u0646\u062a \u062a\u0628\u062d\u062b \u0639\u0646 \u0645\u0646\u062a\u062c \u0644\u0630\u064a\u0630 \u062c\u0627\u0647\u0632 \u0644\u0644\u0623\u0643\u0644 \u0641\u064a \u0645\u0637\u0628\u062e\u0643\u060c \u0641\u0625\u0646 \u0643\u0628\u0627\u0628 \u0623\u0636\u0646\u0629 \u0645\u0646 \u0628\u064a\u0646\u0648\u0631 \u0647\u0648 \u0645\u062b\u0627\u0644\u064a \u0645\u0646 \u0623\u062c\u0644\u0643.<\/p>\n<p>\u0645\u0639 \u0643\u0628\u0627\u0628 \u0623\u0636\u0646\u0629\u060c \u0627\u0644\u0645\u0646\u062a\u062c \u0645\u0646 \u0644\u062d\u0645 \u0627\u0644\u0628\u0642\u0631 \u0627\u0644\u0645\u0641\u0631\u0648\u0645 \u0627\u0644\u063a\u0646\u064a \u062c\u062f\u0627 \u0628\u0627\u0644\u0628\u0631\u0648\u062a\u064a\u0646 \u0648\u0627\u0644\u0645\u0641\u064a\u062f \u0644\u0644\u0635\u062d\u0629\u060c \u064a\u0645\u0643\u0646\u0643 \u0625\u0639\u062f\u0627\u062f \u0645\u0648\u0627\u0626\u062f \u064a\u0646\u062a\u0638\u0631\u0647\u0627 \u0623\u0637\u0641\u0627\u0644\u0643 \u0628\u0641\u0627\u0631\u063a \u0627\u0644\u0635\u0628\u0631 \u0648\u064a\u0645\u0643\u0646\u0643 \u0645\u0648\u0627\u0632\u0646\u0629 \u0627\u062d\u062a\u064a\u0627\u062c\u0627\u062a\u0643 \u0645\u0646 \u0627\u0644\u0628\u0631\u0648\u062a\u064a\u0646.<\/p>\n<p>\u064a\u0645\u0643\u0646\u0643 \u0628\u0633\u0647\u0648\u0644\u0629 \u0627\u0633\u062a\u062e\u062f\u0627\u0645 \u0643\u0628\u0627\u0628\u0646\u0627 \u0643\u0628\u0627\u0628 \u0623\u0636\u0646\u0629 \u0645\u0646 \u0628\u064a\u0646\u0648\u0631 \u0641\u064a \u0643\u0644 \u0645\u0646 \u0627\u0644\u0648\u062c\u0628\u0627\u062a \u0627\u0644\u0631\u0626\u064a\u0633\u064a\u0629 \u0648\u0627\u0644\u0648\u062c\u0628\u0627\u062a \u0627\u0644\u062e\u0641\u064a\u0641\u0629 \u0628\u0627\u0644\u0625\u0636\u0627\u0641\u0629 \u0625\u0644\u0649 \u0645\u062a\u0639\u0629 \u062d\u0641\u0644\u0627\u062a \u0627\u0644\u0634\u0648\u0627\u0621\n\u064a\u062a\u0645 \u0625\u0639\u062f\u0627\u062f \u0645\u0646\u062a\u062c\u0627\u062a\u0646\u0627 \u0648\u0641\u0642\u0627 \u0644\u0644\u0637\u0631\u0642 \u0627\u0644\u0625\u0633\u0644\u0627\u0645\u064a\u0629 \u0648\u0647\u064a \u062d\u0644\u0627\u0644.<\/p>\n<p>&nbsp;<\/p>\n<p><strong>\u0637\u0631\u064a\u0642\u0629 \u0627\u0644\u062a\u062d\u0636\u064a\u0631:<\/strong><\/p>\n<p>\u0642\u0645 \u0628\u062a\u0642\u0644\u064a\u0628 \u0643\u0628\u0627\u0628 \u0623\u0636\u0646\u0629 \u0639\u0644\u0649 \u0646\u0627\u0631 \u0645\u062a\u0648\u0633\u0637\u0629 \u0641\u064a \u0645\u0642\u0644\u0627\u0629 \u0645\u0633\u062e\u0646\u0629 \u0645\u0633\u0628\u0642\u0627\u064b \u0628\u0642\u0644\u064a\u0644 \u0645\u0646 \u0627\u0644\u0632\u064a\u062a.\n\u0627\u0637\u0647\u064a\u0647 \u062c\u064a\u062f\u0627 \u0642\u0628\u0644 \u062a\u0646\u0627\u0648\u0644\u0647\u060c \u063a\u064a\u0631 \u0645\u0646\u0627\u0633\u0628 \u0644\u0644\u0623\u0643\u0644 \u0646\u064a\u0626\u0627.\n\u0627\u0644\u0645\u0646\u062a\u062c \u064a\u062d\u062a\u0648\u064a \u0639\u0644\u0649 \u0627\u0644\u063a\u0644\u0648\u062a\u064a\u0646 \u0648\u0627\u0644\u0635\u0648\u064a\u0627.<\/p>\n<p>&nbsp;<\/p>\n<p><strong>\u0646\u0635\u064a\u062d\u0629 \u0627\u0644\u062a\u062e\u0632\u064a\u0646:<\/strong><\/p>\n<p>\u0641\u064a \u0627\u0644\u062b\u0644\u0627\u062c\u0629 \u0644\u0645\u062f\u0629 \u064a\u0648\u0645\u064a\u0646.<\/p>\n<p>\u0641\u064a \u0627\u0644\u0645\u062c\u0645\u062f \u0630\u064a \u0646\u062c\u0645\u0629 \u0648\u0627\u062d\u062f\u0629 * \u0644\u0645\u062f\u0629 \u0623\u0633\u0628\u0648\u0639 \u0648\u0627\u062d\u062f.<\/p>\n<p>\u0641\u064a \u0627\u0644\u0645\u062c\u0645\u062f \u0630\u064a \u0646\u062c\u0645\u062a\u064a\u0646 ** \u0644\u0645\u062f\u0629 \u0623\u0633\u0628\u0648\u0639\u064a\u0646.<\/p>\n<p>\u0641\u064a \u0627\u0644\u0645\u062c\u0645\u062f \u0630\u064a \u062b\u0644\u0627\u062b \u0646\u062c\u0648\u0645 *** ( -18 C): \u0627\u0646\u0638\u0631 \u062a\u0627\u0631\u064a\u062e \u0627\u0646\u062a\u0647\u0627\u0621 \u0627\u0644\u0635\u0644\u0627\u062d\u064a\u0629.<\/p>\n<p>\u0644\u0627 \u062a\u062c\u0645\u062f \u0645\u0631\u0629 \u0623\u062e\u0631\u0649 \u0628\u0639\u062f \u062a\u0630\u0648\u064a\u0628.<\/p>","protected":false},"excerpt":{"rendered":"<p>\u0643\u0628\u0627\u0628 \u0623\u0636\u0646\u0629 \u0645\u0646 \u0628\u064a\u0646\u0648\u0631 \u0647\u0648 \u0646\u0648\u0639 \u0645\u0646 \u0643\u0628\u0627\u0628 \u064a\u062a\u0645 \u0625\u0639\u062f\u0627\u062f\u0647 \u0628\u0645\u0632\u064a\u062c \u0645\u0646 \u0644\u062d\u0645 \u0627\u0644\u0628\u0642\u0631 \u0639\u0627\u0644\u064a \u0627\u0644\u062c\u0648\u062f\u0629 \u0648\u0627\u0644\u062a\u0648\u0627\u0628\u0644 \u0627\u0644\u0645\u062d\u0644\u064a\u0629 \u0627\u0644\u062e\u0627\u0635\u0629.\n \u0625\u0630\u0627 \u0643\u0646\u062a \u062a\u0628\u062d\u062b \u0639\u0646 \u0645\u0646\u062a\u062c \u0644\u0630\u064a\u0630 \u062c\u0627\u0647\u0632 \u0644\u0644\u0623\u0643\u0644 \u0641\u064a \u0645\u0637\u0628\u062e\u0643\u060c \u0641\u0625\u0646 \u0643\u0628\u0627\u0628 \u0623\u0636\u0646\u0629 \u0645\u0646 \u0628\u064a\u0646\u0648\u0631 \u0647\u0648 \u0645\u062b\u0627\u0644\u064a \u0645\u0646 \u0623\u062c\u0644\u0643.<\/p>\n<p>\u0645\u0639 \u0643\u0628\u0627\u0628 \u0623\u0636\u0646\u0629\u060c \u0627\u0644\u0645\u0646\u062a\u062c \u0645\u0646 \u0644\u062d\u0645 \u0627\u0644\u0628\u0642\u0631 \u0627\u0644\u0645\u0641\u0631\u0648\u0645 \u0627\u0644\u063a\u0646\u064a \u062c\u062f\u0627 \u0628\u0627\u0644\u0628\u0631\u0648\u062a\u064a\u0646 \u0648\u0627\u0644\u0645\u0641\u064a\u062f \u0644\u0644\u0635\u062d\u0629\u060c \u064a\u0645\u0643\u0646\u0643 \u0625\u0639\u062f\u0627\u062f \u0645\u0648\u0627\u0626\u062f \u064a\u0646\u062a\u0638\u0631\u0647\u0627 \u0623\u0637\u0641\u0627\u0644\u0643 \u0628\u0641\u0627\u0631\u063a \u0627\u0644\u0635\u0628\u0631 \u0648\u064a\u0645\u0643\u0646\u0643 \u0645\u0648\u0627\u0632\u0646\u0629 \u0627\u062d\u062a\u064a\u0627\u062c\u0627\u062a\u0643 \u0645\u0646 \u0627\u0644\u0628\u0631\u0648\u062a\u064a\u0646.<\/p>","protected":false},"featured_media":1738,"template":"","meta":[],"product_brand":[],"product_cat":[17],"product_tag":[],"class_list":{"0":"post-167","1":"product","2":"type-product","3":"status-publish","4":"has-post-thumbnail","6":"product_cat-et-urunleri","8":"first","9":"instock","10":"shipping-taxable","11":"product-type-simple"},"yoast_head":"<!-- This site is optimized with the Yoast SEO plugin v26.8 - https:\/\/yoast.com\/product\/yoast-seo-wordpress\/ -->\n<title>Adana Kebap - Beynur<\/title>\n<meta name=\"robots\" content=\"index, follow, max-snippet:-1, max-image-preview:large, max-video-preview:-1\" \/>\n<link rel=\"canonical\" href=\"https:\/\/beynur.eu\/ar\/product-2\/\u0645\u0646\u062a\u062c\u0627\u062a\u0646\u0627-\u0643\u0628\u0627\u0628-\u0623\u0636\u0646\u0629\/\" \/>\n<meta property=\"og:locale\" content=\"ar_AR\" \/>\n<meta property=\"og:type\" content=\"article\" \/>\n<meta property=\"og:title\" content=\"Adana Kebap - Beynur\" \/>\n<meta property=\"og:description\" content=\"Beynur Adana Kebap kaliteli s\u0131\u011f\u0131r eti ve y\u00f6reye \u00f6zel baharatlar\u0131n kar\u0131\u015f\u0131m\u0131yla haz\u0131rlanm\u0131\u015f bir kebap \u00e7e\u015fididir. Mutfa\u011f\u0131n\u0131zda pratik, sofran\u0131zda lezzetli bir haz\u0131r et \u00fcr\u00fcn\u00fc ar\u0131yorsan\u0131z Beynur Adana Kebap sizin i\u00e7in tam ideal.  Sa\u011fl\u0131k a\u00e7\u0131s\u0131ndan olduk\u00e7a zengin protein deposu dana k\u0131ymas\u0131ndan \u00fcretilen Adana Kebap ile protein ihtiyac\u0131n\u0131z\u0131 dengeli bir \u015fekilde giderirken \u00e7ocuklar\u0131n\u0131z\u0131n da sab\u0131rs\u0131zla bekledikleri sofralar haz\u0131rlayabilirsiniz.\" \/>\n<meta property=\"og:url\" content=\"https:\/\/beynur.eu\/ar\/product-2\/\u0645\u0646\u062a\u062c\u0627\u062a\u0646\u0627-\u0643\u0628\u0627\u0628-\u0623\u0636\u0646\u0629\/\" \/>\n<meta property=\"og:site_name\" content=\"Beynur\" \/>\n<meta property=\"article:modified_time\" content=\"2026-03-12T11:14:47+00:00\" \/>\n<meta property=\"og:image\" content=\"https:\/\/beynur.eu\/wp-content\/uploads\/2018\/04\/Adana-Kebap-1024x1024.png\" \/>\n\t<meta property=\"og:image:width\" content=\"1024\" \/>\n\t<meta property=\"og:image:height\" content=\"1024\" \/>\n\t<meta property=\"og:image:type\" content=\"image\/png\" \/>\n<meta name=\"twitter:card\" content=\"summary_large_image\" \/>\n<meta name=\"twitter:label1\" content=\"\u0648\u0642\u062a \u0627\u0644\u0642\u0631\u0627\u0621\u0629 \u0627\u0644\u0645\u064f\u0642\u062f\u0651\u0631\" \/>\n\t<meta name=\"twitter:data1\" content=\"\u062f\u0642\u064a\u0642\u0629 \u0648\u0627\u062d\u062f\u0629\" \/>\n<script type=\"application\/ld+json\" class=\"yoast-schema-graph\">{\"@context\":\"https:\/\/schema.org\",\"@graph\":[{\"@type\":\"WebPage\",\"@id\":\"https:\/\/beynur.eu\/urun\/adana-kebap\/\",\"url\":\"https:\/\/beynur.eu\/urun\/adana-kebap\/\",\"name\":\"Adana Kebap - Beynur\",\"isPartOf\":{\"@id\":\"https:\/\/beynur.eu\/#website\"},\"primaryImageOfPage\":{\"@id\":\"https:\/\/beynur.eu\/urun\/adana-kebap\/#primaryimage\"},\"image\":{\"@id\":\"https:\/\/beynur.eu\/urun\/adana-kebap\/#primaryimage\"},\"thumbnailUrl\":\"https:\/\/beynur.eu\/wp-content\/uploads\/2018\/04\/Adana-Kebap.png\",\"datePublished\":\"2018-04-01T09:58:57+00:00\",\"dateModified\":\"2026-03-12T11:14:47+00:00\",\"breadcrumb\":{\"@id\":\"https:\/\/beynur.eu\/urun\/adana-kebap\/#breadcrumb\"},\"inLanguage\":\"ar\",\"potentialAction\":[{\"@type\":\"ReadAction\",\"target\":[\"https:\/\/beynur.eu\/urun\/adana-kebap\/\"]}]},{\"@type\":\"ImageObject\",\"inLanguage\":\"ar\",\"@id\":\"https:\/\/beynur.eu\/urun\/adana-kebap\/#primaryimage\",\"url\":\"https:\/\/beynur.eu\/wp-content\/uploads\/2018\/04\/Adana-Kebap.png\",\"contentUrl\":\"https:\/\/beynur.eu\/wp-content\/uploads\/2018\/04\/Adana-Kebap.png\",\"width\":2000,\"height\":2000},{\"@type\":\"BreadcrumbList\",\"@id\":\"https:\/\/beynur.eu\/urun\/adana-kebap\/#breadcrumb\",\"itemListElement\":[{\"@type\":\"ListItem\",\"position\":1,\"name\":\"Home\",\"item\":\"https:\/\/beynur.eu\/\"},{\"@type\":\"ListItem\",\"position\":2,\"name\":\"\u00dcr\u00fcnlerimiz\",\"item\":\"https:\/\/beynur.eu\/en\/urunlerimiz\/\"},{\"@type\":\"ListItem\",\"position\":3,\"name\":\"Adana Kebap\"}]},{\"@type\":\"WebSite\",\"@id\":\"https:\/\/beynur.eu\/#website\",\"url\":\"https:\/\/beynur.eu\/\",\"name\":\"Beynur\",\"description\":\"\u0130lk g\u00fcnk\u00fc a\u015fkla, muhte\u015fem tatlar.\",\"potentialAction\":[{\"@type\":\"SearchAction\",\"target\":{\"@type\":\"EntryPoint\",\"urlTemplate\":\"https:\/\/beynur.eu\/?s={search_term_string}\"},\"query-input\":{\"@type\":\"PropertyValueSpecification\",\"valueRequired\":true,\"valueName\":\"search_term_string\"}}],\"inLanguage\":\"ar\"}]}<\/script>\n<!-- \/ Yoast SEO plugin. -->","yoast_head_json":{"title":"Adana Kebap - Beynur","robots":{"index":"index","follow":"follow","max-snippet":"max-snippet:-1","max-image-preview":"max-image-preview:large","max-video-preview":"max-video-preview:-1"},"canonical":"https:\/\/beynur.eu\/ar\/product-2\/\u0645\u0646\u062a\u062c\u0627\u062a\u0646\u0627-\u0643\u0628\u0627\u0628-\u0623\u0636\u0646\u0629\/","og_locale":"ar_AR","og_type":"article","og_title":"Adana Kebap - Beynur","og_description":"Beynur Adana Kebap kaliteli s\u0131\u011f\u0131r eti ve y\u00f6reye \u00f6zel baharatlar\u0131n kar\u0131\u015f\u0131m\u0131yla haz\u0131rlanm\u0131\u015f bir kebap \u00e7e\u015fididir. Mutfa\u011f\u0131n\u0131zda pratik, sofran\u0131zda lezzetli bir haz\u0131r et \u00fcr\u00fcn\u00fc ar\u0131yorsan\u0131z Beynur Adana Kebap sizin i\u00e7in tam ideal.  Sa\u011fl\u0131k a\u00e7\u0131s\u0131ndan olduk\u00e7a zengin protein deposu dana k\u0131ymas\u0131ndan \u00fcretilen Adana Kebap ile protein ihtiyac\u0131n\u0131z\u0131 dengeli bir \u015fekilde giderirken \u00e7ocuklar\u0131n\u0131z\u0131n da sab\u0131rs\u0131zla bekledikleri sofralar haz\u0131rlayabilirsiniz.","og_url":"https:\/\/beynur.eu\/ar\/product-2\/\u0645\u0646\u062a\u062c\u0627\u062a\u0646\u0627-\u0643\u0628\u0627\u0628-\u0623\u0636\u0646\u0629\/","og_site_name":"Beynur","article_modified_time":"2026-03-12T11:14:47+00:00","og_image":[{"width":1024,"height":1024,"url":"https:\/\/beynur.eu\/wp-content\/uploads\/2018\/04\/Adana-Kebap-1024x1024.png","type":"image\/png"}],"twitter_card":"summary_large_image","twitter_misc":{"\u0648\u0642\u062a \u0627\u0644\u0642\u0631\u0627\u0621\u0629 \u0627\u0644\u0645\u064f\u0642\u062f\u0651\u0631":"\u062f\u0642\u064a\u0642\u0629 \u0648\u0627\u062d\u062f\u0629"},"schema":{"@context":"https:\/\/schema.org","@graph":[{"@type":"WebPage","@id":"https:\/\/beynur.eu\/urun\/adana-kebap\/","url":"https:\/\/beynur.eu\/urun\/adana-kebap\/","name":"Adana Kebap - Beynur","isPartOf":{"@id":"https:\/\/beynur.eu\/#website"},"primaryImageOfPage":{"@id":"https:\/\/beynur.eu\/urun\/adana-kebap\/#primaryimage"},"image":{"@id":"https:\/\/beynur.eu\/urun\/adana-kebap\/#primaryimage"},"thumbnailUrl":"https:\/\/beynur.eu\/wp-content\/uploads\/2018\/04\/Adana-Kebap.png","datePublished":"2018-04-01T09:58:57+00:00","dateModified":"2026-03-12T11:14:47+00:00","breadcrumb":{"@id":"https:\/\/beynur.eu\/urun\/adana-kebap\/#breadcrumb"},"inLanguage":"ar","potentialAction":[{"@type":"ReadAction","target":["https:\/\/beynur.eu\/urun\/adana-kebap\/"]}]},{"@type":"ImageObject","inLanguage":"ar","@id":"https:\/\/beynur.eu\/urun\/adana-kebap\/#primaryimage","url":"https:\/\/beynur.eu\/wp-content\/uploads\/2018\/04\/Adana-Kebap.png","contentUrl":"https:\/\/beynur.eu\/wp-content\/uploads\/2018\/04\/Adana-Kebap.png","width":2000,"height":2000},{"@type":"BreadcrumbList","@id":"https:\/\/beynur.eu\/urun\/adana-kebap\/#breadcrumb","itemListElement":[{"@type":"ListItem","position":1,"name":"Home","item":"https:\/\/beynur.eu\/"},{"@type":"ListItem","position":2,"name":"\u00dcr\u00fcnlerimiz","item":"https:\/\/beynur.eu\/en\/urunlerimiz\/"},{"@type":"ListItem","position":3,"name":"Adana Kebap"}]},{"@type":"WebSite","@id":"https:\/\/beynur.eu\/#website","url":"https:\/\/beynur.eu\/","name":"Beynur","description":"\u0130lk g\u00fcnk\u00fc a\u015fkla, muhte\u015fem tatlar.","potentialAction":[{"@type":"SearchAction","target":{"@type":"EntryPoint","urlTemplate":"https:\/\/beynur.eu\/?s={search_term_string}"},"query-input":{"@type":"PropertyValueSpecification","valueRequired":true,"valueName":"search_term_string"}}],"inLanguage":"ar"}]}},"_links":{"self":[{"href":"https:\/\/beynur.eu\/ar\/wp-json\/wp\/v2\/product\/167","targetHints":{"allow":["GET"]}}],"collection":[{"href":"https:\/\/beynur.eu\/ar\/wp-json\/wp\/v2\/product"}],"about":[{"href":"https:\/\/beynur.eu\/ar\/wp-json\/wp\/v2\/types\/product"}],"wp:featuredmedia":[{"embeddable":true,"href":"https:\/\/beynur.eu\/ar\/wp-json\/wp\/v2\/media\/1738"}],"wp:attachment":[{"href":"https:\/\/beynur.eu\/ar\/wp-json\/wp\/v2\/media?parent=167"}],"wp:term":[{"taxonomy":"product_brand","embeddable":true,"href":"https:\/\/beynur.eu\/ar\/wp-json\/wp\/v2\/product_brand?post=167"},{"taxonomy":"product_cat","embeddable":true,"href":"https:\/\/beynur.eu\/ar\/wp-json\/wp\/v2\/product_cat?post=167"},{"taxonomy":"product_tag","embeddable":true,"href":"https:\/\/beynur.eu\/ar\/wp-json\/wp\/v2\/product_tag?post=167"}],"curies":[{"name":"wp","href":"https:\/\/api.w.org\/{rel}","templated":true}]}}