{"id":1692,"date":"2026-02-04T14:25:36","date_gmt":"2026-02-04T14:25:36","guid":{"rendered":"https:\/\/beynur.eu\/?post_type=product&#038;p=1692"},"modified":"2026-05-05T10:48:26","modified_gmt":"2026-05-05T10:48:26","slug":"citir-tavuk-tenders","status":"publish","type":"product","link":"https:\/\/beynur.eu\/ar\/urun\/citir-tavuk-tenders\/","title":{"rendered":"\u0642\u0637\u0639 \u062f\u062c\u0627\u062c \u0645\u0642\u0631\u0645\u0634\u0629"},"content":{"rendered":"<p><b>Kullan\u0131m Tavsiyeleri<\/b><b><br \/>\n<\/b><span style=\"font-weight: 400;\">Crunchy Chicken Tenders\u2019\u0131 tavada, airfryer\u2019da, f\u0131r\u0131nda veya frit\u00f6zde kolayca haz\u0131rlayabilirsiniz. \u00dcr\u00fcn\u00fc pratik \u015fekilde \u0131s\u0131tarak k\u0131sa s\u00fcrede servis etmeniz m\u00fcmk\u00fcn. Patates k\u0131zartmas\u0131, salata, dip soslar veya sandvi\u00e7 ekme\u011fiyle birlikte sunarak daha zengin ve doyurucu \u00f6\u011f\u00fcnler haz\u0131rlayabilirsiniz. \u00c7\u0131t\u0131r yap\u0131s\u0131 sayesinde hem h\u0131zl\u0131 ana \u00f6\u011f\u00fcnlerde hem de at\u0131\u015ft\u0131rmal\u0131k tabaklar\u0131nda keyifle t\u00fcketilebilir.<\/span><\/p>\n<p><b>Saklama Tavsiyeleri<\/b><\/p>\n<ul>\n<li style=\"font-weight: 400;\" aria-level=\"1\"><span style=\"font-weight: 400;\">\u00dcr\u00fcn\u00fc \u00e7\u00f6zd\u00fcrmeden dondurucuda muhafaza edin.<\/span><\/li>\n<li style=\"font-weight: 400;\" aria-level=\"1\"><span style=\"font-weight: 400;\">Ambalaj\u0131 a\u00e7t\u0131ktan sonra paketi dikkatlice kapat\u0131n.<\/span><\/li>\n<li style=\"font-weight: 400;\" aria-level=\"1\"><span style=\"font-weight: 400;\">\u00c7\u00f6z\u00fclen \u00fcr\u00fcn\u00fc tekrar dondurmay\u0131n.<\/span><\/li>\n<li style=\"font-weight: 400;\" aria-level=\"1\"><span style=\"font-weight: 400;\">\u00dcr\u00fcn\u00fc \u00f6nerilen saklama ko\u015fullar\u0131na uygun \u015fekilde muhafaza edin.<\/span><\/li>\n<li style=\"font-weight: 400;\" aria-level=\"1\"><span style=\"font-weight: 400;\">Son t\u00fcketim tarihine kadar dondurulmu\u015f olarak saklay\u0131n.<\/span><\/li>\n<li style=\"font-weight: 400;\" aria-level=\"1\"><span style=\"font-weight: 400;\">En iyi sonu\u00e7 i\u00e7in \u00fcr\u00fcn\u00fc \u00f6z\u00fcne kadar iyice \u0131s\u0131t\u0131n.<\/span><\/li>\n<\/ul>","protected":false},"excerpt":{"rendered":"<p><b>Dondurulmu\u015f Crunchy Chicken Tenders<\/b><b><br \/>\n<\/b><span style=\"font-weight: 400;\">Crunchy Chicken Tenders, d\u0131\u015f\u0131 \u00e7\u0131t\u0131r kaplamas\u0131 ve i\u00e7i yumu\u015fak mini tavuk fileto yap\u0131s\u0131yla pratik ve lezzetli bir \u00f6\u011f\u00fcn alternatifi sunuyor. \u00d6nceden pi\u015firilip dondurulan bu \u00fcr\u00fcn, size mutfa\u011f\u0131n\u0131zda zaman kazand\u0131rmakla kalm\u0131yor, ayn\u0131 zamanda k\u0131sa s\u00fcrede i\u015ftah a\u00e7\u0131c\u0131 sonu\u00e7lar elde etmenizi sa\u011fl\u0131yor.\u00a0<\/span><\/p>\n<p><span style=\"font-weight: 400;\">Y\u00fczde y\u00fcz helal kaliteyle haz\u0131rlanan mini \u00e7\u0131t\u0131r filetolar, g\u00fcnl\u00fck \u00f6\u011f\u00fcnlerden at\u0131\u015ft\u0131rmal\u0131k sunumlara kadar pek \u00e7ok kullan\u0131m i\u00e7in ideal bir se\u00e7enek. Lezzetli yap\u0131s\u0131 ve kolay haz\u0131rlan\u0131\u015f\u0131 sayesinde hem bireysel \u00f6\u011f\u00fcnlerde hem de payla\u015fmal\u0131k tabaklarda rahatl\u0131kla tercih edebilirsiniz.<\/span><\/p>","protected":false},"featured_media":1815,"template":"","meta":[],"product_brand":[],"product_cat":[18],"product_tag":[],"class_list":{"0":"post-1692","1":"product","2":"type-product","3":"status-publish","4":"has-post-thumbnail","6":"product_cat-tavuk-ve-hindi-urunleri","8":"first","9":"instock","10":"shipping-taxable","11":"product-type-simple"},"yoast_head":"<!-- This site is optimized with the Yoast SEO plugin v26.8 - https:\/\/yoast.com\/product\/yoast-seo-wordpress\/ -->\n<title>\u00c7\u0131t\u0131r Tavuk Tenders - Beynur<\/title>\n<meta name=\"robots\" content=\"index, follow, max-snippet:-1, max-image-preview:large, max-video-preview:-1\" \/>\n<link rel=\"canonical\" href=\"https:\/\/beynur.eu\/ar\/product-2\/citir-tavuk-tenders\/\" \/>\n<meta property=\"og:locale\" content=\"ar_AR\" \/>\n<meta property=\"og:type\" content=\"article\" \/>\n<meta property=\"og:title\" content=\"\u00c7\u0131t\u0131r Tavuk Tenders - Beynur\" \/>\n<meta property=\"og:description\" content=\"Dondurulmu\u015f Crunchy Chicken Tenders Crunchy Chicken Tenders, d\u0131\u015f\u0131 \u00e7\u0131t\u0131r kaplamas\u0131 ve i\u00e7i yumu\u015fak mini tavuk fileto yap\u0131s\u0131yla pratik ve lezzetli bir \u00f6\u011f\u00fcn alternatifi sunuyor. \u00d6nceden pi\u015firilip dondurulan bu \u00fcr\u00fcn, size mutfa\u011f\u0131n\u0131zda zaman kazand\u0131rmakla kalm\u0131yor, ayn\u0131 zamanda k\u0131sa s\u00fcrede i\u015ftah a\u00e7\u0131c\u0131 sonu\u00e7lar elde etmenizi sa\u011fl\u0131yor.\u00a0  Y\u00fczde y\u00fcz helal kaliteyle haz\u0131rlanan mini \u00e7\u0131t\u0131r filetolar, g\u00fcnl\u00fck \u00f6\u011f\u00fcnlerden at\u0131\u015ft\u0131rmal\u0131k sunumlara kadar pek \u00e7ok kullan\u0131m i\u00e7in ideal bir se\u00e7enek. Lezzetli yap\u0131s\u0131 ve kolay haz\u0131rlan\u0131\u015f\u0131 sayesinde hem bireysel \u00f6\u011f\u00fcnlerde hem de payla\u015fmal\u0131k tabaklarda rahatl\u0131kla tercih edebilirsiniz.\" \/>\n<meta property=\"og:url\" content=\"https:\/\/beynur.eu\/ar\/product-2\/citir-tavuk-tenders\/\" \/>\n<meta property=\"og:site_name\" content=\"Beynur\" \/>\n<meta property=\"article:modified_time\" content=\"2026-05-05T10:48:26+00:00\" \/>\n<meta property=\"og:image\" content=\"https:\/\/beynur.eu\/wp-content\/uploads\/2026\/02\/Crunchy-Chicken-Tenders.jpg\" \/>\n\t<meta property=\"og:image:width\" content=\"2000\" \/>\n\t<meta property=\"og:image:height\" content=\"2000\" \/>\n\t<meta property=\"og:image:type\" content=\"image\/jpeg\" \/>\n<meta name=\"twitter:card\" content=\"summary_large_image\" \/>\n<meta name=\"twitter:label1\" content=\"\u0648\u0642\u062a \u0627\u0644\u0642\u0631\u0627\u0621\u0629 \u0627\u0644\u0645\u064f\u0642\u062f\u0651\u0631\" \/>\n\t<meta name=\"twitter:data1\" content=\"\u062f\u0642\u064a\u0642\u0629 \u0648\u0627\u062d\u062f\u0629\" \/>\n<script type=\"application\/ld+json\" class=\"yoast-schema-graph\">{\"@context\":\"https:\/\/schema.org\",\"@graph\":[{\"@type\":\"WebPage\",\"@id\":\"https:\/\/beynur.eu\/urun\/citir-tavuk-tenders\/\",\"url\":\"https:\/\/beynur.eu\/urun\/citir-tavuk-tenders\/\",\"name\":\"\u00c7\u0131t\u0131r Tavuk Tenders - Beynur\",\"isPartOf\":{\"@id\":\"https:\/\/beynur.eu\/#website\"},\"primaryImageOfPage\":{\"@id\":\"https:\/\/beynur.eu\/urun\/citir-tavuk-tenders\/#primaryimage\"},\"image\":{\"@id\":\"https:\/\/beynur.eu\/urun\/citir-tavuk-tenders\/#primaryimage\"},\"thumbnailUrl\":\"https:\/\/beynur.eu\/wp-content\/uploads\/2026\/02\/Crunchy-Chicken-Tenders.jpg\",\"datePublished\":\"2026-02-04T14:25:36+00:00\",\"dateModified\":\"2026-05-05T10:48:26+00:00\",\"breadcrumb\":{\"@id\":\"https:\/\/beynur.eu\/urun\/citir-tavuk-tenders\/#breadcrumb\"},\"inLanguage\":\"ar\",\"potentialAction\":[{\"@type\":\"ReadAction\",\"target\":[\"https:\/\/beynur.eu\/urun\/citir-tavuk-tenders\/\"]}]},{\"@type\":\"ImageObject\",\"inLanguage\":\"ar\",\"@id\":\"https:\/\/beynur.eu\/urun\/citir-tavuk-tenders\/#primaryimage\",\"url\":\"https:\/\/beynur.eu\/wp-content\/uploads\/2026\/02\/Crunchy-Chicken-Tenders.jpg\",\"contentUrl\":\"https:\/\/beynur.eu\/wp-content\/uploads\/2026\/02\/Crunchy-Chicken-Tenders.jpg\",\"width\":2000,\"height\":2000},{\"@type\":\"BreadcrumbList\",\"@id\":\"https:\/\/beynur.eu\/urun\/citir-tavuk-tenders\/#breadcrumb\",\"itemListElement\":[{\"@type\":\"ListItem\",\"position\":1,\"name\":\"Home\",\"item\":\"https:\/\/beynur.eu\/\"},{\"@type\":\"ListItem\",\"position\":2,\"name\":\"\u00dcr\u00fcnlerimiz\",\"item\":\"https:\/\/beynur.eu\/en\/urunlerimiz\/\"},{\"@type\":\"ListItem\",\"position\":3,\"name\":\"\u00c7\u0131t\u0131r Tavuk Tenders\"}]},{\"@type\":\"WebSite\",\"@id\":\"https:\/\/beynur.eu\/#website\",\"url\":\"https:\/\/beynur.eu\/\",\"name\":\"Beynur\",\"description\":\"\u0130lk g\u00fcnk\u00fc a\u015fkla, muhte\u015fem tatlar.\",\"potentialAction\":[{\"@type\":\"SearchAction\",\"target\":{\"@type\":\"EntryPoint\",\"urlTemplate\":\"https:\/\/beynur.eu\/?s={search_term_string}\"},\"query-input\":{\"@type\":\"PropertyValueSpecification\",\"valueRequired\":true,\"valueName\":\"search_term_string\"}}],\"inLanguage\":\"ar\"}]}<\/script>\n<!-- \/ Yoast SEO plugin. -->","yoast_head_json":{"title":"\u00c7\u0131t\u0131r Tavuk Tenders - Beynur","robots":{"index":"index","follow":"follow","max-snippet":"max-snippet:-1","max-image-preview":"max-image-preview:large","max-video-preview":"max-video-preview:-1"},"canonical":"https:\/\/beynur.eu\/ar\/product-2\/citir-tavuk-tenders\/","og_locale":"ar_AR","og_type":"article","og_title":"\u00c7\u0131t\u0131r Tavuk Tenders - Beynur","og_description":"Dondurulmu\u015f Crunchy Chicken Tenders Crunchy Chicken Tenders, d\u0131\u015f\u0131 \u00e7\u0131t\u0131r kaplamas\u0131 ve i\u00e7i yumu\u015fak mini tavuk fileto yap\u0131s\u0131yla pratik ve lezzetli bir \u00f6\u011f\u00fcn alternatifi sunuyor. \u00d6nceden pi\u015firilip dondurulan bu \u00fcr\u00fcn, size mutfa\u011f\u0131n\u0131zda zaman kazand\u0131rmakla kalm\u0131yor, ayn\u0131 zamanda k\u0131sa s\u00fcrede i\u015ftah a\u00e7\u0131c\u0131 sonu\u00e7lar elde etmenizi sa\u011fl\u0131yor.\u00a0  Y\u00fczde y\u00fcz helal kaliteyle haz\u0131rlanan mini \u00e7\u0131t\u0131r filetolar, g\u00fcnl\u00fck \u00f6\u011f\u00fcnlerden at\u0131\u015ft\u0131rmal\u0131k sunumlara kadar pek \u00e7ok kullan\u0131m i\u00e7in ideal bir se\u00e7enek. Lezzetli yap\u0131s\u0131 ve kolay haz\u0131rlan\u0131\u015f\u0131 sayesinde hem bireysel \u00f6\u011f\u00fcnlerde hem de payla\u015fmal\u0131k tabaklarda rahatl\u0131kla tercih edebilirsiniz.","og_url":"https:\/\/beynur.eu\/ar\/product-2\/citir-tavuk-tenders\/","og_site_name":"Beynur","article_modified_time":"2026-05-05T10:48:26+00:00","og_image":[{"width":2000,"height":2000,"url":"https:\/\/beynur.eu\/wp-content\/uploads\/2026\/02\/Crunchy-Chicken-Tenders.jpg","type":"image\/jpeg"}],"twitter_card":"summary_large_image","twitter_misc":{"\u0648\u0642\u062a \u0627\u0644\u0642\u0631\u0627\u0621\u0629 \u0627\u0644\u0645\u064f\u0642\u062f\u0651\u0631":"\u062f\u0642\u064a\u0642\u0629 \u0648\u0627\u062d\u062f\u0629"},"schema":{"@context":"https:\/\/schema.org","@graph":[{"@type":"WebPage","@id":"https:\/\/beynur.eu\/urun\/citir-tavuk-tenders\/","url":"https:\/\/beynur.eu\/urun\/citir-tavuk-tenders\/","name":"\u00c7\u0131t\u0131r Tavuk Tenders - Beynur","isPartOf":{"@id":"https:\/\/beynur.eu\/#website"},"primaryImageOfPage":{"@id":"https:\/\/beynur.eu\/urun\/citir-tavuk-tenders\/#primaryimage"},"image":{"@id":"https:\/\/beynur.eu\/urun\/citir-tavuk-tenders\/#primaryimage"},"thumbnailUrl":"https:\/\/beynur.eu\/wp-content\/uploads\/2026\/02\/Crunchy-Chicken-Tenders.jpg","datePublished":"2026-02-04T14:25:36+00:00","dateModified":"2026-05-05T10:48:26+00:00","breadcrumb":{"@id":"https:\/\/beynur.eu\/urun\/citir-tavuk-tenders\/#breadcrumb"},"inLanguage":"ar","potentialAction":[{"@type":"ReadAction","target":["https:\/\/beynur.eu\/urun\/citir-tavuk-tenders\/"]}]},{"@type":"ImageObject","inLanguage":"ar","@id":"https:\/\/beynur.eu\/urun\/citir-tavuk-tenders\/#primaryimage","url":"https:\/\/beynur.eu\/wp-content\/uploads\/2026\/02\/Crunchy-Chicken-Tenders.jpg","contentUrl":"https:\/\/beynur.eu\/wp-content\/uploads\/2026\/02\/Crunchy-Chicken-Tenders.jpg","width":2000,"height":2000},{"@type":"BreadcrumbList","@id":"https:\/\/beynur.eu\/urun\/citir-tavuk-tenders\/#breadcrumb","itemListElement":[{"@type":"ListItem","position":1,"name":"Home","item":"https:\/\/beynur.eu\/"},{"@type":"ListItem","position":2,"name":"\u00dcr\u00fcnlerimiz","item":"https:\/\/beynur.eu\/en\/urunlerimiz\/"},{"@type":"ListItem","position":3,"name":"\u00c7\u0131t\u0131r Tavuk Tenders"}]},{"@type":"WebSite","@id":"https:\/\/beynur.eu\/#website","url":"https:\/\/beynur.eu\/","name":"Beynur","description":"\u0130lk g\u00fcnk\u00fc a\u015fkla, muhte\u015fem tatlar.","potentialAction":[{"@type":"SearchAction","target":{"@type":"EntryPoint","urlTemplate":"https:\/\/beynur.eu\/?s={search_term_string}"},"query-input":{"@type":"PropertyValueSpecification","valueRequired":true,"valueName":"search_term_string"}}],"inLanguage":"ar"}]}},"_links":{"self":[{"href":"https:\/\/beynur.eu\/ar\/wp-json\/wp\/v2\/product\/1692","targetHints":{"allow":["GET"]}}],"collection":[{"href":"https:\/\/beynur.eu\/ar\/wp-json\/wp\/v2\/product"}],"about":[{"href":"https:\/\/beynur.eu\/ar\/wp-json\/wp\/v2\/types\/product"}],"wp:featuredmedia":[{"embeddable":true,"href":"https:\/\/beynur.eu\/ar\/wp-json\/wp\/v2\/media\/1815"}],"wp:attachment":[{"href":"https:\/\/beynur.eu\/ar\/wp-json\/wp\/v2\/media?parent=1692"}],"wp:term":[{"taxonomy":"product_brand","embeddable":true,"href":"https:\/\/beynur.eu\/ar\/wp-json\/wp\/v2\/product_brand?post=1692"},{"taxonomy":"product_cat","embeddable":true,"href":"https:\/\/beynur.eu\/ar\/wp-json\/wp\/v2\/product_cat?post=1692"},{"taxonomy":"product_tag","embeddable":true,"href":"https:\/\/beynur.eu\/ar\/wp-json\/wp\/v2\/product_tag?post=1692"}],"curies":[{"name":"wp","href":"https:\/\/api.w.org\/{rel}","templated":true}]}}