{"id":1694,"date":"2026-02-04T14:32:14","date_gmt":"2026-02-04T14:32:14","guid":{"rendered":"https:\/\/beynur.eu\/?post_type=product&#038;p=1694"},"modified":"2026-05-05T10:55:42","modified_gmt":"2026-05-05T10:55:42","slug":"tavuklu-nachos","status":"publish","type":"product","link":"https:\/\/beynur.eu\/ar\/urun\/tavuklu-nachos\/","title":{"rendered":"\u0646\u0627\u0634\u0648\u0632 \u0627\u0644\u062f\u062c\u0627\u062c"},"content":{"rendered":"<p><b>Kullan\u0131m Tavsiyeleri<\/b><b><br \/>\n<\/b><span style=\"font-weight: 400;\">\u00c7edar Peynirli Tavuk Nachos\u2019u tavada, airfryerda, f\u0131r\u0131nda veya frit\u00f6zde kolayca haz\u0131rlayabilirsiniz. \u00dcr\u00fcn\u00fc k\u0131sa s\u00fcrede \u0131s\u0131tarak pratik \u015fekilde servis etmeniz m\u00fcmk\u00fcn. Patates k\u0131zartmas\u0131, salata, dip soslar ya da farkl\u0131 garnit\u00fcrlerle bir araya getirerek daha zengin sunumlar haz\u0131rlayabilirsiniz.\u00a0<\/span><\/p>\n<p><b>Saklama Tavsiyeleri<\/b><\/p>\n<ul>\n<li style=\"font-weight: 400;\" aria-level=\"1\"><span style=\"font-weight: 400;\">\u00dcr\u00fcn\u00fc \u00e7\u00f6zd\u00fcrmeden dondurucuda muhafaza edin.<\/span><\/li>\n<li style=\"font-weight: 400;\" aria-level=\"1\"><span style=\"font-weight: 400;\">Ambalaj\u0131 a\u00e7t\u0131ktan sonra paketi dikkatlice kapat\u0131n.<\/span><\/li>\n<li style=\"font-weight: 400;\" aria-level=\"1\"><span style=\"font-weight: 400;\">\u00c7\u00f6z\u00fclen \u00fcr\u00fcn\u00fc tekrar dondurmay\u0131n.<\/span><\/li>\n<li style=\"font-weight: 400;\" aria-level=\"1\"><span style=\"font-weight: 400;\">\u00dcr\u00fcn\u00fc \u00f6nerilen saklama ko\u015fullar\u0131na uygun \u015fekilde muhafaza edin.<\/span><\/li>\n<li style=\"font-weight: 400;\" aria-level=\"1\"><span style=\"font-weight: 400;\">Son t\u00fcketim tarihine kadar dondurulmu\u015f olarak saklay\u0131n.<\/span><\/li>\n<li style=\"font-weight: 400;\" aria-level=\"1\"><span style=\"font-weight: 400;\">En iyi sonu\u00e7 i\u00e7in \u00fcr\u00fcn\u00fc \u00f6z\u00fcne kadar iyice \u0131s\u0131t\u0131n.<\/span><\/li>\n<\/ul>","protected":false},"excerpt":{"rendered":"<p><b>Dondurulmu\u015f \u00c7edar Peynirli Tavuk Nachos<\/b><b><br \/>\n<\/b><span style=\"font-weight: 400;\">\u00c7edar Peynirli Tavuk Nachos, d\u0131\u015f\u0131 \u00e7\u0131t\u0131r kaplamas\u0131 ve i\u00e7indeki yumu\u015fak tavuk filetosuyla pratik ve lezzetli bir at\u0131\u015ft\u0131rmal\u0131k veya m\u00fckemmel bir ana \u00f6\u011f\u00fcn alternatif. Y\u00fczde y\u00fcz tavuk filetosundan \u00fcretilen bu \u00f6zel \u00fcr\u00fcn, \u00e7edar peynirinin yo\u011fun ve i\u015ftah a\u00e7\u0131c\u0131 tad\u0131yla zenginle\u015fir. \u00d6nceden pi\u015firilmi\u015f yap\u0131s\u0131 sayesinde k\u0131sa s\u00fcrede haz\u0131rlan\u0131r ve mutfakta b\u00fcy\u00fck kolayl\u0131k sa\u011flar.\u00a0<\/span><\/p>\n<p><span style=\"font-weight: 400;\">Y\u00fczde y\u00fcz helal kesim tavuk etiyle haz\u0131rlanan bu lezzeti, hem g\u00fcnl\u00fck \u00f6\u011f\u00fcnlerde hem de at\u0131\u015ft\u0131rmal\u0131k sunumlar\u0131nda keyifle tercih edebilirsiniz.<\/span><\/p>","protected":false},"featured_media":1826,"template":"","meta":[],"product_brand":[],"product_cat":[18],"product_tag":[],"class_list":{"0":"post-1694","1":"product","2":"type-product","3":"status-publish","4":"has-post-thumbnail","6":"product_cat-tavuk-ve-hindi-urunleri","8":"first","9":"instock","10":"shipping-taxable","11":"product-type-simple"},"yoast_head":"<!-- This site is optimized with the Yoast SEO plugin v26.8 - https:\/\/yoast.com\/product\/yoast-seo-wordpress\/ -->\n<title>Tavuklu Nachos - Beynur<\/title>\n<meta name=\"robots\" content=\"index, follow, max-snippet:-1, max-image-preview:large, max-video-preview:-1\" \/>\n<link rel=\"canonical\" href=\"https:\/\/beynur.eu\/ar\/product-2\/tavuklu-nachos\/\" \/>\n<meta property=\"og:locale\" content=\"ar_AR\" \/>\n<meta property=\"og:type\" content=\"article\" \/>\n<meta property=\"og:title\" content=\"Tavuklu Nachos - Beynur\" \/>\n<meta property=\"og:description\" content=\"Dondurulmu\u015f \u00c7edar Peynirli Tavuk Nachos \u00c7edar Peynirli Tavuk Nachos, d\u0131\u015f\u0131 \u00e7\u0131t\u0131r kaplamas\u0131 ve i\u00e7indeki yumu\u015fak tavuk filetosuyla pratik ve lezzetli bir at\u0131\u015ft\u0131rmal\u0131k veya m\u00fckemmel bir ana \u00f6\u011f\u00fcn alternatif. Y\u00fczde y\u00fcz tavuk filetosundan \u00fcretilen bu \u00f6zel \u00fcr\u00fcn, \u00e7edar peynirinin yo\u011fun ve i\u015ftah a\u00e7\u0131c\u0131 tad\u0131yla zenginle\u015fir. \u00d6nceden pi\u015firilmi\u015f yap\u0131s\u0131 sayesinde k\u0131sa s\u00fcrede haz\u0131rlan\u0131r ve mutfakta b\u00fcy\u00fck kolayl\u0131k sa\u011flar.\u00a0  Y\u00fczde y\u00fcz helal kesim tavuk etiyle haz\u0131rlanan bu lezzeti, hem g\u00fcnl\u00fck \u00f6\u011f\u00fcnlerde hem de at\u0131\u015ft\u0131rmal\u0131k sunumlar\u0131nda keyifle tercih edebilirsiniz.\" \/>\n<meta property=\"og:url\" content=\"https:\/\/beynur.eu\/ar\/product-2\/tavuklu-nachos\/\" \/>\n<meta property=\"og:site_name\" content=\"Beynur\" \/>\n<meta property=\"article:modified_time\" content=\"2026-05-05T10:55:42+00:00\" \/>\n<meta property=\"og:image\" content=\"https:\/\/beynur.eu\/wp-content\/uploads\/2026\/02\/Chicken-Nachos.jpg\" \/>\n\t<meta property=\"og:image:width\" content=\"2000\" \/>\n\t<meta property=\"og:image:height\" content=\"2000\" \/>\n\t<meta property=\"og:image:type\" content=\"image\/jpeg\" \/>\n<meta name=\"twitter:card\" content=\"summary_large_image\" \/>\n<meta name=\"twitter:label1\" content=\"\u0648\u0642\u062a \u0627\u0644\u0642\u0631\u0627\u0621\u0629 \u0627\u0644\u0645\u064f\u0642\u062f\u0651\u0631\" \/>\n\t<meta name=\"twitter:data1\" content=\"\u062f\u0642\u064a\u0642\u0629 \u0648\u0627\u062d\u062f\u0629\" \/>\n<script type=\"application\/ld+json\" class=\"yoast-schema-graph\">{\"@context\":\"https:\/\/schema.org\",\"@graph\":[{\"@type\":\"WebPage\",\"@id\":\"https:\/\/beynur.eu\/urun\/tavuklu-nachos\/\",\"url\":\"https:\/\/beynur.eu\/urun\/tavuklu-nachos\/\",\"name\":\"Tavuklu Nachos - Beynur\",\"isPartOf\":{\"@id\":\"https:\/\/beynur.eu\/#website\"},\"primaryImageOfPage\":{\"@id\":\"https:\/\/beynur.eu\/urun\/tavuklu-nachos\/#primaryimage\"},\"image\":{\"@id\":\"https:\/\/beynur.eu\/urun\/tavuklu-nachos\/#primaryimage\"},\"thumbnailUrl\":\"https:\/\/beynur.eu\/wp-content\/uploads\/2026\/02\/Chicken-Nachos.jpg\",\"datePublished\":\"2026-02-04T14:32:14+00:00\",\"dateModified\":\"2026-05-05T10:55:42+00:00\",\"breadcrumb\":{\"@id\":\"https:\/\/beynur.eu\/urun\/tavuklu-nachos\/#breadcrumb\"},\"inLanguage\":\"ar\",\"potentialAction\":[{\"@type\":\"ReadAction\",\"target\":[\"https:\/\/beynur.eu\/urun\/tavuklu-nachos\/\"]}]},{\"@type\":\"ImageObject\",\"inLanguage\":\"ar\",\"@id\":\"https:\/\/beynur.eu\/urun\/tavuklu-nachos\/#primaryimage\",\"url\":\"https:\/\/beynur.eu\/wp-content\/uploads\/2026\/02\/Chicken-Nachos.jpg\",\"contentUrl\":\"https:\/\/beynur.eu\/wp-content\/uploads\/2026\/02\/Chicken-Nachos.jpg\",\"width\":2000,\"height\":2000},{\"@type\":\"BreadcrumbList\",\"@id\":\"https:\/\/beynur.eu\/urun\/tavuklu-nachos\/#breadcrumb\",\"itemListElement\":[{\"@type\":\"ListItem\",\"position\":1,\"name\":\"Home\",\"item\":\"https:\/\/beynur.eu\/\"},{\"@type\":\"ListItem\",\"position\":2,\"name\":\"\u00dcr\u00fcnlerimiz\",\"item\":\"https:\/\/beynur.eu\/en\/urunlerimiz\/\"},{\"@type\":\"ListItem\",\"position\":3,\"name\":\"Tavuklu Nachos\"}]},{\"@type\":\"WebSite\",\"@id\":\"https:\/\/beynur.eu\/#website\",\"url\":\"https:\/\/beynur.eu\/\",\"name\":\"Beynur\",\"description\":\"\u0130lk g\u00fcnk\u00fc a\u015fkla, muhte\u015fem tatlar.\",\"potentialAction\":[{\"@type\":\"SearchAction\",\"target\":{\"@type\":\"EntryPoint\",\"urlTemplate\":\"https:\/\/beynur.eu\/?s={search_term_string}\"},\"query-input\":{\"@type\":\"PropertyValueSpecification\",\"valueRequired\":true,\"valueName\":\"search_term_string\"}}],\"inLanguage\":\"ar\"}]}<\/script>\n<!-- \/ Yoast SEO plugin. -->","yoast_head_json":{"title":"Tavuklu Nachos - Beynur","robots":{"index":"index","follow":"follow","max-snippet":"max-snippet:-1","max-image-preview":"max-image-preview:large","max-video-preview":"max-video-preview:-1"},"canonical":"https:\/\/beynur.eu\/ar\/product-2\/tavuklu-nachos\/","og_locale":"ar_AR","og_type":"article","og_title":"Tavuklu Nachos - Beynur","og_description":"Dondurulmu\u015f \u00c7edar Peynirli Tavuk Nachos \u00c7edar Peynirli Tavuk Nachos, d\u0131\u015f\u0131 \u00e7\u0131t\u0131r kaplamas\u0131 ve i\u00e7indeki yumu\u015fak tavuk filetosuyla pratik ve lezzetli bir at\u0131\u015ft\u0131rmal\u0131k veya m\u00fckemmel bir ana \u00f6\u011f\u00fcn alternatif. Y\u00fczde y\u00fcz tavuk filetosundan \u00fcretilen bu \u00f6zel \u00fcr\u00fcn, \u00e7edar peynirinin yo\u011fun ve i\u015ftah a\u00e7\u0131c\u0131 tad\u0131yla zenginle\u015fir. \u00d6nceden pi\u015firilmi\u015f yap\u0131s\u0131 sayesinde k\u0131sa s\u00fcrede haz\u0131rlan\u0131r ve mutfakta b\u00fcy\u00fck kolayl\u0131k sa\u011flar.\u00a0  Y\u00fczde y\u00fcz helal kesim tavuk etiyle haz\u0131rlanan bu lezzeti, hem g\u00fcnl\u00fck \u00f6\u011f\u00fcnlerde hem de at\u0131\u015ft\u0131rmal\u0131k sunumlar\u0131nda keyifle tercih edebilirsiniz.","og_url":"https:\/\/beynur.eu\/ar\/product-2\/tavuklu-nachos\/","og_site_name":"Beynur","article_modified_time":"2026-05-05T10:55:42+00:00","og_image":[{"width":2000,"height":2000,"url":"https:\/\/beynur.eu\/wp-content\/uploads\/2026\/02\/Chicken-Nachos.jpg","type":"image\/jpeg"}],"twitter_card":"summary_large_image","twitter_misc":{"\u0648\u0642\u062a \u0627\u0644\u0642\u0631\u0627\u0621\u0629 \u0627\u0644\u0645\u064f\u0642\u062f\u0651\u0631":"\u062f\u0642\u064a\u0642\u0629 \u0648\u0627\u062d\u062f\u0629"},"schema":{"@context":"https:\/\/schema.org","@graph":[{"@type":"WebPage","@id":"https:\/\/beynur.eu\/urun\/tavuklu-nachos\/","url":"https:\/\/beynur.eu\/urun\/tavuklu-nachos\/","name":"Tavuklu Nachos - Beynur","isPartOf":{"@id":"https:\/\/beynur.eu\/#website"},"primaryImageOfPage":{"@id":"https:\/\/beynur.eu\/urun\/tavuklu-nachos\/#primaryimage"},"image":{"@id":"https:\/\/beynur.eu\/urun\/tavuklu-nachos\/#primaryimage"},"thumbnailUrl":"https:\/\/beynur.eu\/wp-content\/uploads\/2026\/02\/Chicken-Nachos.jpg","datePublished":"2026-02-04T14:32:14+00:00","dateModified":"2026-05-05T10:55:42+00:00","breadcrumb":{"@id":"https:\/\/beynur.eu\/urun\/tavuklu-nachos\/#breadcrumb"},"inLanguage":"ar","potentialAction":[{"@type":"ReadAction","target":["https:\/\/beynur.eu\/urun\/tavuklu-nachos\/"]}]},{"@type":"ImageObject","inLanguage":"ar","@id":"https:\/\/beynur.eu\/urun\/tavuklu-nachos\/#primaryimage","url":"https:\/\/beynur.eu\/wp-content\/uploads\/2026\/02\/Chicken-Nachos.jpg","contentUrl":"https:\/\/beynur.eu\/wp-content\/uploads\/2026\/02\/Chicken-Nachos.jpg","width":2000,"height":2000},{"@type":"BreadcrumbList","@id":"https:\/\/beynur.eu\/urun\/tavuklu-nachos\/#breadcrumb","itemListElement":[{"@type":"ListItem","position":1,"name":"Home","item":"https:\/\/beynur.eu\/"},{"@type":"ListItem","position":2,"name":"\u00dcr\u00fcnlerimiz","item":"https:\/\/beynur.eu\/en\/urunlerimiz\/"},{"@type":"ListItem","position":3,"name":"Tavuklu Nachos"}]},{"@type":"WebSite","@id":"https:\/\/beynur.eu\/#website","url":"https:\/\/beynur.eu\/","name":"Beynur","description":"\u0130lk g\u00fcnk\u00fc a\u015fkla, muhte\u015fem tatlar.","potentialAction":[{"@type":"SearchAction","target":{"@type":"EntryPoint","urlTemplate":"https:\/\/beynur.eu\/?s={search_term_string}"},"query-input":{"@type":"PropertyValueSpecification","valueRequired":true,"valueName":"search_term_string"}}],"inLanguage":"ar"}]}},"_links":{"self":[{"href":"https:\/\/beynur.eu\/ar\/wp-json\/wp\/v2\/product\/1694","targetHints":{"allow":["GET"]}}],"collection":[{"href":"https:\/\/beynur.eu\/ar\/wp-json\/wp\/v2\/product"}],"about":[{"href":"https:\/\/beynur.eu\/ar\/wp-json\/wp\/v2\/types\/product"}],"wp:featuredmedia":[{"embeddable":true,"href":"https:\/\/beynur.eu\/ar\/wp-json\/wp\/v2\/media\/1826"}],"wp:attachment":[{"href":"https:\/\/beynur.eu\/ar\/wp-json\/wp\/v2\/media?parent=1694"}],"wp:term":[{"taxonomy":"product_brand","embeddable":true,"href":"https:\/\/beynur.eu\/ar\/wp-json\/wp\/v2\/product_brand?post=1694"},{"taxonomy":"product_cat","embeddable":true,"href":"https:\/\/beynur.eu\/ar\/wp-json\/wp\/v2\/product_cat?post=1694"},{"taxonomy":"product_tag","embeddable":true,"href":"https:\/\/beynur.eu\/ar\/wp-json\/wp\/v2\/product_tag?post=1694"}],"curies":[{"name":"wp","href":"https:\/\/api.w.org\/{rel}","templated":true}]}}