{"id":1706,"date":"2026-02-04T15:00:19","date_gmt":"2026-02-04T15:00:19","guid":{"rendered":"https:\/\/beynur.eu\/?post_type=product&#038;p=1706"},"modified":"2026-04-29T13:24:39","modified_gmt":"2026-04-29T13:24:39","slug":"bamya-zero","status":"publish","type":"product","link":"https:\/\/beynur.eu\/ar\/urun\/bamya-zero\/","title":{"rendered":"\u0623\u0648\u0643\u0631\u0627 \u0632\u064a\u0631\u0648"},"content":{"rendered":"<p><b>Kullan\u0131m Tavsiyeleri<\/b><b><br \/>\n<\/b><span style=\"font-weight: 400;\">Bamya Zero; zeytinya\u011fl\u0131 bamya, etli bamya, ek\u015fili bamya ve farkl\u0131 tencere yemeklerinde olduk\u00e7a ideal bir kullan\u0131m sunuyor. \u00dcr\u00fcn\u00fc do\u011frudan tencereye ekleyerek pratik \u015fekilde haz\u0131rlayabilirsiniz. So\u011fan, domates ve iste\u011fe g\u00f6re limon suyu ile bir araya getirerek dengeli ve lezzetli tarifler elde edebilirsiniz. <\/span><\/p>\n<p><span style=\"font-weight: 400;\">Bu \u00fcr\u00fcn, k\u00fc\u00e7\u00fck boyutu ve yumu\u015fak yap\u0131s\u0131 sayesinde hem klasik tariflerde hem de \u00f6zenli sunumlarda \u00e7ok iyi sonu\u00e7 verir. G\u00fcnl\u00fck yemeklerde pratiklik sa\u011flarken, se\u00e7kin bamya lezzetini sofran\u0131za ta\u015f\u0131r.<\/span><\/p>\n<p><b>Saklama Tavsiyeleri<\/b><\/p>\n<ul>\n<li style=\"font-weight: 400;\" aria-level=\"1\"><span style=\"font-weight: 400;\">\u00dcr\u00fcn\u00fc \u00e7\u00f6zd\u00fcrmeden dondurucuda muhafaza edin.<\/span><\/li>\n<li style=\"font-weight: 400;\" aria-level=\"1\"><span style=\"font-weight: 400;\">Ambalaj\u0131 a\u00e7t\u0131ktan sonra paketi s\u0131k\u0131ca kapat\u0131n.<\/span><\/li>\n<li style=\"font-weight: 400;\" aria-level=\"1\"><span style=\"font-weight: 400;\">\u00c7\u00f6z\u00fclen \u00fcr\u00fcn\u00fc tekrar dondurmay\u0131n.<\/span><\/li>\n<li style=\"font-weight: 400;\" aria-level=\"1\"><span style=\"font-weight: 400;\">\u00dcr\u00fcn\u00fc \u00f6nerilen saklama ko\u015fullar\u0131nda muhafaza edin.<\/span><\/li>\n<li style=\"font-weight: 400;\" aria-level=\"1\"><span style=\"font-weight: 400;\">Dondurucuda g\u00fc\u00e7l\u00fc kokuya sahip \u00fcr\u00fcnlerden uzak tutun.<\/span><\/li>\n<\/ul>","protected":false},"excerpt":{"rendered":"<p><b>Dondurulmu\u015f Bamya Zero<\/b><b><br \/>\n<\/b><span style=\"font-weight: 400;\">Dondurulmu\u015f sebze \u00fcr\u00fcnlerimizin aras\u0131nda en se\u00e7kin bamya \u00e7e\u015fitlerinden biri olan Bamya Zero da yer al\u0131yor. En k\u00fc\u00e7\u00fck, en gen\u00e7 ve en taze haliyle, genellikle 2\u20133 cm boyutundayken hasat edilen bu birinci s\u0131n\u0131f bamya, do\u011fal lezzetini, yumu\u015fak yap\u0131s\u0131n\u0131 ve y\u00fcksek besin de\u011ferini koruyarak sofralar\u0131n\u0131za ula\u015f\u0131yor. <\/span><\/p>\n<p><span style=\"font-weight: 400;\">\u00d6zenle se\u00e7ilen \u00fcr\u00fcnlerimiz, bireysel h\u0131zl\u0131 dondurma teknolojisi olarak bilinen\u00a0 iQF sayesinde tane tane donduruluyor ve pratik kullan\u0131m avantaj\u0131 sunuyor. Bamya Zero, salyalanmayan yap\u0131s\u0131 ve narin dokusuyla kaliteli bamya arayanlar i\u00e7in \u00f6zel bir tercih olu\u015fturuyor.<\/span><\/p>","protected":false},"featured_media":1730,"template":"","meta":[],"product_brand":[],"product_cat":[36],"product_tag":[],"class_list":{"0":"post-1706","1":"product","2":"type-product","3":"status-publish","4":"has-post-thumbnail","6":"product_cat-dondurulmus-sebze-urunleri","8":"first","9":"instock","10":"shipping-taxable","11":"product-type-simple"},"yoast_head":"<!-- This site is optimized with the Yoast SEO plugin v26.8 - https:\/\/yoast.com\/product\/yoast-seo-wordpress\/ -->\n<title>Bamya Zero - Beynur<\/title>\n<meta name=\"robots\" content=\"index, follow, max-snippet:-1, max-image-preview:large, max-video-preview:-1\" \/>\n<link rel=\"canonical\" href=\"https:\/\/beynur.eu\/ar\/product-2\/bamya-zero\/\" \/>\n<meta property=\"og:locale\" content=\"ar_AR\" \/>\n<meta property=\"og:type\" content=\"article\" \/>\n<meta property=\"og:title\" content=\"Bamya Zero - Beynur\" \/>\n<meta property=\"og:description\" content=\"Dondurulmu\u015f Bamya Zero Dondurulmu\u015f sebze \u00fcr\u00fcnlerimizin aras\u0131nda en se\u00e7kin bamya \u00e7e\u015fitlerinden biri olan Bamya Zero da yer al\u0131yor. En k\u00fc\u00e7\u00fck, en gen\u00e7 ve en taze haliyle, genellikle 2\u20133 cm boyutundayken hasat edilen bu birinci s\u0131n\u0131f bamya, do\u011fal lezzetini, yumu\u015fak yap\u0131s\u0131n\u0131 ve y\u00fcksek besin de\u011ferini koruyarak sofralar\u0131n\u0131za ula\u015f\u0131yor.   \u00d6zenle se\u00e7ilen \u00fcr\u00fcnlerimiz, bireysel h\u0131zl\u0131 dondurma teknolojisi olarak bilinen\u00a0 iQF sayesinde tane tane donduruluyor ve pratik kullan\u0131m avantaj\u0131 sunuyor. Bamya Zero, salyalanmayan yap\u0131s\u0131 ve narin dokusuyla kaliteli bamya arayanlar i\u00e7in \u00f6zel bir tercih olu\u015fturuyor.\" \/>\n<meta property=\"og:url\" content=\"https:\/\/beynur.eu\/ar\/product-2\/bamya-zero\/\" \/>\n<meta property=\"og:site_name\" content=\"Beynur\" \/>\n<meta property=\"article:modified_time\" content=\"2026-04-29T13:24:39+00:00\" \/>\n<meta property=\"og:image\" content=\"https:\/\/beynur.eu\/wp-content\/uploads\/2026\/02\/Bamya-zero-1024x1024.png\" \/>\n\t<meta property=\"og:image:width\" content=\"1024\" \/>\n\t<meta property=\"og:image:height\" content=\"1024\" \/>\n\t<meta property=\"og:image:type\" content=\"image\/png\" \/>\n<meta name=\"twitter:card\" content=\"summary_large_image\" \/>\n<meta name=\"twitter:label1\" content=\"\u0648\u0642\u062a \u0627\u0644\u0642\u0631\u0627\u0621\u0629 \u0627\u0644\u0645\u064f\u0642\u062f\u0651\u0631\" \/>\n\t<meta name=\"twitter:data1\" content=\"\u062f\u0642\u064a\u0642\u0629 \u0648\u0627\u062d\u062f\u0629\" \/>\n<script type=\"application\/ld+json\" class=\"yoast-schema-graph\">{\"@context\":\"https:\/\/schema.org\",\"@graph\":[{\"@type\":\"WebPage\",\"@id\":\"https:\/\/beynur.eu\/urun\/bamya-zero\/\",\"url\":\"https:\/\/beynur.eu\/urun\/bamya-zero\/\",\"name\":\"Bamya Zero - Beynur\",\"isPartOf\":{\"@id\":\"https:\/\/beynur.eu\/#website\"},\"primaryImageOfPage\":{\"@id\":\"https:\/\/beynur.eu\/urun\/bamya-zero\/#primaryimage\"},\"image\":{\"@id\":\"https:\/\/beynur.eu\/urun\/bamya-zero\/#primaryimage\"},\"thumbnailUrl\":\"https:\/\/beynur.eu\/wp-content\/uploads\/2026\/02\/Bamya-zero.png\",\"datePublished\":\"2026-02-04T15:00:19+00:00\",\"dateModified\":\"2026-04-29T13:24:39+00:00\",\"breadcrumb\":{\"@id\":\"https:\/\/beynur.eu\/urun\/bamya-zero\/#breadcrumb\"},\"inLanguage\":\"ar\",\"potentialAction\":[{\"@type\":\"ReadAction\",\"target\":[\"https:\/\/beynur.eu\/urun\/bamya-zero\/\"]}]},{\"@type\":\"ImageObject\",\"inLanguage\":\"ar\",\"@id\":\"https:\/\/beynur.eu\/urun\/bamya-zero\/#primaryimage\",\"url\":\"https:\/\/beynur.eu\/wp-content\/uploads\/2026\/02\/Bamya-zero.png\",\"contentUrl\":\"https:\/\/beynur.eu\/wp-content\/uploads\/2026\/02\/Bamya-zero.png\",\"width\":2000,\"height\":2000},{\"@type\":\"BreadcrumbList\",\"@id\":\"https:\/\/beynur.eu\/urun\/bamya-zero\/#breadcrumb\",\"itemListElement\":[{\"@type\":\"ListItem\",\"position\":1,\"name\":\"Home\",\"item\":\"https:\/\/beynur.eu\/\"},{\"@type\":\"ListItem\",\"position\":2,\"name\":\"\u00dcr\u00fcnlerimiz\",\"item\":\"https:\/\/beynur.eu\/en\/urunlerimiz\/\"},{\"@type\":\"ListItem\",\"position\":3,\"name\":\"Bamya Zero\"}]},{\"@type\":\"WebSite\",\"@id\":\"https:\/\/beynur.eu\/#website\",\"url\":\"https:\/\/beynur.eu\/\",\"name\":\"Beynur\",\"description\":\"\u0130lk g\u00fcnk\u00fc a\u015fkla, muhte\u015fem tatlar.\",\"potentialAction\":[{\"@type\":\"SearchAction\",\"target\":{\"@type\":\"EntryPoint\",\"urlTemplate\":\"https:\/\/beynur.eu\/?s={search_term_string}\"},\"query-input\":{\"@type\":\"PropertyValueSpecification\",\"valueRequired\":true,\"valueName\":\"search_term_string\"}}],\"inLanguage\":\"ar\"}]}<\/script>\n<!-- \/ Yoast SEO plugin. -->","yoast_head_json":{"title":"Bamya Zero - Beynur","robots":{"index":"index","follow":"follow","max-snippet":"max-snippet:-1","max-image-preview":"max-image-preview:large","max-video-preview":"max-video-preview:-1"},"canonical":"https:\/\/beynur.eu\/ar\/product-2\/bamya-zero\/","og_locale":"ar_AR","og_type":"article","og_title":"Bamya Zero - Beynur","og_description":"Dondurulmu\u015f Bamya Zero Dondurulmu\u015f sebze \u00fcr\u00fcnlerimizin aras\u0131nda en se\u00e7kin bamya \u00e7e\u015fitlerinden biri olan Bamya Zero da yer al\u0131yor. En k\u00fc\u00e7\u00fck, en gen\u00e7 ve en taze haliyle, genellikle 2\u20133 cm boyutundayken hasat edilen bu birinci s\u0131n\u0131f bamya, do\u011fal lezzetini, yumu\u015fak yap\u0131s\u0131n\u0131 ve y\u00fcksek besin de\u011ferini koruyarak sofralar\u0131n\u0131za ula\u015f\u0131yor.   \u00d6zenle se\u00e7ilen \u00fcr\u00fcnlerimiz, bireysel h\u0131zl\u0131 dondurma teknolojisi olarak bilinen\u00a0 iQF sayesinde tane tane donduruluyor ve pratik kullan\u0131m avantaj\u0131 sunuyor. Bamya Zero, salyalanmayan yap\u0131s\u0131 ve narin dokusuyla kaliteli bamya arayanlar i\u00e7in \u00f6zel bir tercih olu\u015fturuyor.","og_url":"https:\/\/beynur.eu\/ar\/product-2\/bamya-zero\/","og_site_name":"Beynur","article_modified_time":"2026-04-29T13:24:39+00:00","og_image":[{"width":1024,"height":1024,"url":"https:\/\/beynur.eu\/wp-content\/uploads\/2026\/02\/Bamya-zero-1024x1024.png","type":"image\/png"}],"twitter_card":"summary_large_image","twitter_misc":{"\u0648\u0642\u062a \u0627\u0644\u0642\u0631\u0627\u0621\u0629 \u0627\u0644\u0645\u064f\u0642\u062f\u0651\u0631":"\u062f\u0642\u064a\u0642\u0629 \u0648\u0627\u062d\u062f\u0629"},"schema":{"@context":"https:\/\/schema.org","@graph":[{"@type":"WebPage","@id":"https:\/\/beynur.eu\/urun\/bamya-zero\/","url":"https:\/\/beynur.eu\/urun\/bamya-zero\/","name":"Bamya Zero - Beynur","isPartOf":{"@id":"https:\/\/beynur.eu\/#website"},"primaryImageOfPage":{"@id":"https:\/\/beynur.eu\/urun\/bamya-zero\/#primaryimage"},"image":{"@id":"https:\/\/beynur.eu\/urun\/bamya-zero\/#primaryimage"},"thumbnailUrl":"https:\/\/beynur.eu\/wp-content\/uploads\/2026\/02\/Bamya-zero.png","datePublished":"2026-02-04T15:00:19+00:00","dateModified":"2026-04-29T13:24:39+00:00","breadcrumb":{"@id":"https:\/\/beynur.eu\/urun\/bamya-zero\/#breadcrumb"},"inLanguage":"ar","potentialAction":[{"@type":"ReadAction","target":["https:\/\/beynur.eu\/urun\/bamya-zero\/"]}]},{"@type":"ImageObject","inLanguage":"ar","@id":"https:\/\/beynur.eu\/urun\/bamya-zero\/#primaryimage","url":"https:\/\/beynur.eu\/wp-content\/uploads\/2026\/02\/Bamya-zero.png","contentUrl":"https:\/\/beynur.eu\/wp-content\/uploads\/2026\/02\/Bamya-zero.png","width":2000,"height":2000},{"@type":"BreadcrumbList","@id":"https:\/\/beynur.eu\/urun\/bamya-zero\/#breadcrumb","itemListElement":[{"@type":"ListItem","position":1,"name":"Home","item":"https:\/\/beynur.eu\/"},{"@type":"ListItem","position":2,"name":"\u00dcr\u00fcnlerimiz","item":"https:\/\/beynur.eu\/en\/urunlerimiz\/"},{"@type":"ListItem","position":3,"name":"Bamya Zero"}]},{"@type":"WebSite","@id":"https:\/\/beynur.eu\/#website","url":"https:\/\/beynur.eu\/","name":"Beynur","description":"\u0130lk g\u00fcnk\u00fc a\u015fkla, muhte\u015fem tatlar.","potentialAction":[{"@type":"SearchAction","target":{"@type":"EntryPoint","urlTemplate":"https:\/\/beynur.eu\/?s={search_term_string}"},"query-input":{"@type":"PropertyValueSpecification","valueRequired":true,"valueName":"search_term_string"}}],"inLanguage":"ar"}]}},"_links":{"self":[{"href":"https:\/\/beynur.eu\/ar\/wp-json\/wp\/v2\/product\/1706","targetHints":{"allow":["GET"]}}],"collection":[{"href":"https:\/\/beynur.eu\/ar\/wp-json\/wp\/v2\/product"}],"about":[{"href":"https:\/\/beynur.eu\/ar\/wp-json\/wp\/v2\/types\/product"}],"wp:featuredmedia":[{"embeddable":true,"href":"https:\/\/beynur.eu\/ar\/wp-json\/wp\/v2\/media\/1730"}],"wp:attachment":[{"href":"https:\/\/beynur.eu\/ar\/wp-json\/wp\/v2\/media?parent=1706"}],"wp:term":[{"taxonomy":"product_brand","embeddable":true,"href":"https:\/\/beynur.eu\/ar\/wp-json\/wp\/v2\/product_brand?post=1706"},{"taxonomy":"product_cat","embeddable":true,"href":"https:\/\/beynur.eu\/ar\/wp-json\/wp\/v2\/product_cat?post=1706"},{"taxonomy":"product_tag","embeddable":true,"href":"https:\/\/beynur.eu\/ar\/wp-json\/wp\/v2\/product_tag?post=1706"}],"curies":[{"name":"wp","href":"https:\/\/api.w.org\/{rel}","templated":true}]}}