{"id":1708,"date":"2026-02-04T15:04:56","date_gmt":"2026-02-04T15:04:56","guid":{"rendered":"https:\/\/beynur.eu\/?post_type=product&#038;p=1708"},"modified":"2026-05-05T10:53:36","modified_gmt":"2026-05-05T10:53:36","slug":"tavuk-kanatlari","status":"publish","type":"product","link":"https:\/\/beynur.eu\/ar\/urun\/tavuk-kanatlari\/","title":{"rendered":"\u0623\u062c\u0646\u062d\u0629 \u0627\u0644\u062f\u062c\u0627\u062c"},"content":{"rendered":"<p><b>Kullan\u0131m Tavsiyeleri<\/b><b><br \/>\n<\/b><span style=\"font-weight: 400;\">Beynur\u00b4un dondurulmu\u015f tavuk kanatlar\u0131n\u0131 tavada, airfryerda, frit\u00f6zde, f\u0131r\u0131nda veya mikrodalgada kolayca haz\u0131rlayabilirsiniz. \u00dcr\u00fcn\u00fc k\u0131sa s\u00fcrede \u0131s\u0131tarak pratik bi\u00e7imde servis etmeniz m\u00fcmk\u00fcn. Patates k\u0131zartmas\u0131, salata, \u00e7e\u015fitli soslar veya sebze garnit\u00fcrleriyle birlikte sunarak daha zengin ve doyurucu \u00f6\u011f\u00fcnler de haz\u0131rlayabilirsiniz.\u00a0<\/span><\/p>\n<p><b>Saklama Tavsiyeleri<\/b><\/p>\n<ul>\n<li style=\"font-weight: 400;\" aria-level=\"1\"><span style=\"font-weight: 400;\">\u00dcr\u00fcn\u00fc \u00e7\u00f6zd\u00fcrmeden dondurucuda muhafaza edin.<\/span><\/li>\n<li style=\"font-weight: 400;\" aria-level=\"1\"><span style=\"font-weight: 400;\">Ambalaj\u0131 a\u00e7t\u0131ktan sonra paketi dikkatlice kapat\u0131n.<\/span><\/li>\n<li style=\"font-weight: 400;\" aria-level=\"1\"><span style=\"font-weight: 400;\">\u00c7\u00f6z\u00fclen \u00fcr\u00fcn\u00fc tekrar dondurmay\u0131n.<\/span><\/li>\n<li style=\"font-weight: 400;\" aria-level=\"1\"><span style=\"font-weight: 400;\">\u00dcr\u00fcn\u00fc \u00f6nerilen saklama ko\u015fullar\u0131na uygun \u015fekilde muhafaza edin.<\/span><\/li>\n<li style=\"font-weight: 400;\" aria-level=\"1\"><span style=\"font-weight: 400;\">Son t\u00fcketim tarihine kadar dondurulmu\u015f olarak saklay\u0131n.<\/span><\/li>\n<li style=\"font-weight: 400;\" aria-level=\"1\"><span style=\"font-weight: 400;\">En iyi sonu\u00e7 i\u00e7in \u00fcr\u00fcn\u00fc \u00f6z\u00fcne kadar iyice \u0131s\u0131t\u0131n.<\/span><\/li>\n<\/ul>","protected":false},"excerpt":{"rendered":"<p><b>Dondurulmu\u015f Marinasyonlu Tavuk Kanatlar\u0131<\/b><b><br \/>\n<\/b><span style=\"font-weight: 400;\">Beynur Dondurulmu\u015f Ac\u0131l\u0131 Tavuk Kanatlar\u0131, \u00e7\u0131t\u0131r marine edilmi\u015f yap\u0131s\u0131 ve ac\u0131l\u0131 lezzetiyle tavuk severlere pratik ve i\u015ftah a\u00e7\u0131c\u0131 bir se\u00e7enek sunuyor. Y\u00fczde y\u00fcz helal tavuk etinden \u00fcretilen bu \u00f6zel \u00fcr\u00fcn, \u00f6nceden pi\u015firilip donduruldu\u011fu i\u00e7in mutfakta zaman kazand\u0131r\u0131r ve k\u0131sa s\u00fcrede servis edilmeye haz\u0131r hale gelir.\u00a0<\/span><\/p>\n<p><span style=\"font-weight: 400;\">D\u0131\u015f\u0131 lezzetli marine kaplamas\u0131yla \u00f6ne \u00e7\u0131kan, i\u00e7i ise yumu\u015fak kalan tavuk kanatlar\u0131ni hem g\u00fcnl\u00fck \u00f6\u011f\u00fcnlerde hem de at\u0131\u015ft\u0131rmal\u0131k sunumlarda tercih edilebilirsiniz. Bu \u00fcr\u00fcn, baharatl\u0131 tad\u0131 ve kolay haz\u0131rlan\u0131\u015f\u0131yla yo\u011fun g\u00fcnler i\u00e7in g\u00fc\u00e7l\u00fc bir alternatif.<\/span><\/p>","protected":false},"featured_media":1822,"template":"","meta":[],"product_brand":[],"product_cat":[18],"product_tag":[],"class_list":{"0":"post-1708","1":"product","2":"type-product","3":"status-publish","4":"has-post-thumbnail","6":"product_cat-tavuk-ve-hindi-urunleri","8":"first","9":"instock","10":"shipping-taxable","11":"product-type-simple"},"yoast_head":"<!-- This site is optimized with the Yoast SEO plugin v26.8 - https:\/\/yoast.com\/product\/yoast-seo-wordpress\/ -->\n<title>Tavuk Kanatlar\u0131 - Beynur<\/title>\n<meta name=\"robots\" content=\"index, follow, max-snippet:-1, max-image-preview:large, max-video-preview:-1\" \/>\n<link rel=\"canonical\" href=\"https:\/\/beynur.eu\/ar\/product-2\/tavuk-kanatlari\/\" \/>\n<meta property=\"og:locale\" content=\"ar_AR\" \/>\n<meta property=\"og:type\" content=\"article\" \/>\n<meta property=\"og:title\" content=\"Tavuk Kanatlar\u0131 - Beynur\" \/>\n<meta property=\"og:description\" content=\"Dondurulmu\u015f Marinasyonlu Tavuk Kanatlar\u0131 Beynur Dondurulmu\u015f Ac\u0131l\u0131 Tavuk Kanatlar\u0131, \u00e7\u0131t\u0131r marine edilmi\u015f yap\u0131s\u0131 ve ac\u0131l\u0131 lezzetiyle tavuk severlere pratik ve i\u015ftah a\u00e7\u0131c\u0131 bir se\u00e7enek sunuyor. Y\u00fczde y\u00fcz helal tavuk etinden \u00fcretilen bu \u00f6zel \u00fcr\u00fcn, \u00f6nceden pi\u015firilip donduruldu\u011fu i\u00e7in mutfakta zaman kazand\u0131r\u0131r ve k\u0131sa s\u00fcrede servis edilmeye haz\u0131r hale gelir.\u00a0  D\u0131\u015f\u0131 lezzetli marine kaplamas\u0131yla \u00f6ne \u00e7\u0131kan, i\u00e7i ise yumu\u015fak kalan tavuk kanatlar\u0131ni hem g\u00fcnl\u00fck \u00f6\u011f\u00fcnlerde hem de at\u0131\u015ft\u0131rmal\u0131k sunumlarda tercih edilebilirsiniz. Bu \u00fcr\u00fcn, baharatl\u0131 tad\u0131 ve kolay haz\u0131rlan\u0131\u015f\u0131yla yo\u011fun g\u00fcnler i\u00e7in g\u00fc\u00e7l\u00fc bir alternatif.\" \/>\n<meta property=\"og:url\" content=\"https:\/\/beynur.eu\/ar\/product-2\/tavuk-kanatlari\/\" \/>\n<meta property=\"og:site_name\" content=\"Beynur\" \/>\n<meta property=\"article:modified_time\" content=\"2026-05-05T10:53:36+00:00\" \/>\n<meta property=\"og:image\" content=\"https:\/\/beynur.eu\/wp-content\/uploads\/2026\/02\/Chicken-Wings.jpg\" \/>\n\t<meta property=\"og:image:width\" content=\"2000\" \/>\n\t<meta property=\"og:image:height\" content=\"2000\" \/>\n\t<meta property=\"og:image:type\" content=\"image\/jpeg\" \/>\n<meta name=\"twitter:card\" content=\"summary_large_image\" \/>\n<meta name=\"twitter:label1\" content=\"\u0648\u0642\u062a \u0627\u0644\u0642\u0631\u0627\u0621\u0629 \u0627\u0644\u0645\u064f\u0642\u062f\u0651\u0631\" \/>\n\t<meta name=\"twitter:data1\" content=\"\u062f\u0642\u064a\u0642\u0629 \u0648\u0627\u062d\u062f\u0629\" \/>\n<script type=\"application\/ld+json\" class=\"yoast-schema-graph\">{\"@context\":\"https:\/\/schema.org\",\"@graph\":[{\"@type\":\"WebPage\",\"@id\":\"https:\/\/beynur.eu\/urun\/tavuk-kanatlari\/\",\"url\":\"https:\/\/beynur.eu\/urun\/tavuk-kanatlari\/\",\"name\":\"Tavuk Kanatlar\u0131 - Beynur\",\"isPartOf\":{\"@id\":\"https:\/\/beynur.eu\/#website\"},\"primaryImageOfPage\":{\"@id\":\"https:\/\/beynur.eu\/urun\/tavuk-kanatlari\/#primaryimage\"},\"image\":{\"@id\":\"https:\/\/beynur.eu\/urun\/tavuk-kanatlari\/#primaryimage\"},\"thumbnailUrl\":\"https:\/\/beynur.eu\/wp-content\/uploads\/2026\/02\/Chicken-Wings.jpg\",\"datePublished\":\"2026-02-04T15:04:56+00:00\",\"dateModified\":\"2026-05-05T10:53:36+00:00\",\"breadcrumb\":{\"@id\":\"https:\/\/beynur.eu\/urun\/tavuk-kanatlari\/#breadcrumb\"},\"inLanguage\":\"ar\",\"potentialAction\":[{\"@type\":\"ReadAction\",\"target\":[\"https:\/\/beynur.eu\/urun\/tavuk-kanatlari\/\"]}]},{\"@type\":\"ImageObject\",\"inLanguage\":\"ar\",\"@id\":\"https:\/\/beynur.eu\/urun\/tavuk-kanatlari\/#primaryimage\",\"url\":\"https:\/\/beynur.eu\/wp-content\/uploads\/2026\/02\/Chicken-Wings.jpg\",\"contentUrl\":\"https:\/\/beynur.eu\/wp-content\/uploads\/2026\/02\/Chicken-Wings.jpg\",\"width\":2000,\"height\":2000},{\"@type\":\"BreadcrumbList\",\"@id\":\"https:\/\/beynur.eu\/urun\/tavuk-kanatlari\/#breadcrumb\",\"itemListElement\":[{\"@type\":\"ListItem\",\"position\":1,\"name\":\"Home\",\"item\":\"https:\/\/beynur.eu\/\"},{\"@type\":\"ListItem\",\"position\":2,\"name\":\"\u00dcr\u00fcnlerimiz\",\"item\":\"https:\/\/beynur.eu\/en\/urunlerimiz\/\"},{\"@type\":\"ListItem\",\"position\":3,\"name\":\"Tavuk Kanatlar\u0131\"}]},{\"@type\":\"WebSite\",\"@id\":\"https:\/\/beynur.eu\/#website\",\"url\":\"https:\/\/beynur.eu\/\",\"name\":\"Beynur\",\"description\":\"\u0130lk g\u00fcnk\u00fc a\u015fkla, muhte\u015fem tatlar.\",\"potentialAction\":[{\"@type\":\"SearchAction\",\"target\":{\"@type\":\"EntryPoint\",\"urlTemplate\":\"https:\/\/beynur.eu\/?s={search_term_string}\"},\"query-input\":{\"@type\":\"PropertyValueSpecification\",\"valueRequired\":true,\"valueName\":\"search_term_string\"}}],\"inLanguage\":\"ar\"}]}<\/script>\n<!-- \/ Yoast SEO plugin. -->","yoast_head_json":{"title":"Tavuk Kanatlar\u0131 - Beynur","robots":{"index":"index","follow":"follow","max-snippet":"max-snippet:-1","max-image-preview":"max-image-preview:large","max-video-preview":"max-video-preview:-1"},"canonical":"https:\/\/beynur.eu\/ar\/product-2\/tavuk-kanatlari\/","og_locale":"ar_AR","og_type":"article","og_title":"Tavuk Kanatlar\u0131 - Beynur","og_description":"Dondurulmu\u015f Marinasyonlu Tavuk Kanatlar\u0131 Beynur Dondurulmu\u015f Ac\u0131l\u0131 Tavuk Kanatlar\u0131, \u00e7\u0131t\u0131r marine edilmi\u015f yap\u0131s\u0131 ve ac\u0131l\u0131 lezzetiyle tavuk severlere pratik ve i\u015ftah a\u00e7\u0131c\u0131 bir se\u00e7enek sunuyor. Y\u00fczde y\u00fcz helal tavuk etinden \u00fcretilen bu \u00f6zel \u00fcr\u00fcn, \u00f6nceden pi\u015firilip donduruldu\u011fu i\u00e7in mutfakta zaman kazand\u0131r\u0131r ve k\u0131sa s\u00fcrede servis edilmeye haz\u0131r hale gelir.\u00a0  D\u0131\u015f\u0131 lezzetli marine kaplamas\u0131yla \u00f6ne \u00e7\u0131kan, i\u00e7i ise yumu\u015fak kalan tavuk kanatlar\u0131ni hem g\u00fcnl\u00fck \u00f6\u011f\u00fcnlerde hem de at\u0131\u015ft\u0131rmal\u0131k sunumlarda tercih edilebilirsiniz. Bu \u00fcr\u00fcn, baharatl\u0131 tad\u0131 ve kolay haz\u0131rlan\u0131\u015f\u0131yla yo\u011fun g\u00fcnler i\u00e7in g\u00fc\u00e7l\u00fc bir alternatif.","og_url":"https:\/\/beynur.eu\/ar\/product-2\/tavuk-kanatlari\/","og_site_name":"Beynur","article_modified_time":"2026-05-05T10:53:36+00:00","og_image":[{"width":2000,"height":2000,"url":"https:\/\/beynur.eu\/wp-content\/uploads\/2026\/02\/Chicken-Wings.jpg","type":"image\/jpeg"}],"twitter_card":"summary_large_image","twitter_misc":{"\u0648\u0642\u062a \u0627\u0644\u0642\u0631\u0627\u0621\u0629 \u0627\u0644\u0645\u064f\u0642\u062f\u0651\u0631":"\u062f\u0642\u064a\u0642\u0629 \u0648\u0627\u062d\u062f\u0629"},"schema":{"@context":"https:\/\/schema.org","@graph":[{"@type":"WebPage","@id":"https:\/\/beynur.eu\/urun\/tavuk-kanatlari\/","url":"https:\/\/beynur.eu\/urun\/tavuk-kanatlari\/","name":"Tavuk Kanatlar\u0131 - Beynur","isPartOf":{"@id":"https:\/\/beynur.eu\/#website"},"primaryImageOfPage":{"@id":"https:\/\/beynur.eu\/urun\/tavuk-kanatlari\/#primaryimage"},"image":{"@id":"https:\/\/beynur.eu\/urun\/tavuk-kanatlari\/#primaryimage"},"thumbnailUrl":"https:\/\/beynur.eu\/wp-content\/uploads\/2026\/02\/Chicken-Wings.jpg","datePublished":"2026-02-04T15:04:56+00:00","dateModified":"2026-05-05T10:53:36+00:00","breadcrumb":{"@id":"https:\/\/beynur.eu\/urun\/tavuk-kanatlari\/#breadcrumb"},"inLanguage":"ar","potentialAction":[{"@type":"ReadAction","target":["https:\/\/beynur.eu\/urun\/tavuk-kanatlari\/"]}]},{"@type":"ImageObject","inLanguage":"ar","@id":"https:\/\/beynur.eu\/urun\/tavuk-kanatlari\/#primaryimage","url":"https:\/\/beynur.eu\/wp-content\/uploads\/2026\/02\/Chicken-Wings.jpg","contentUrl":"https:\/\/beynur.eu\/wp-content\/uploads\/2026\/02\/Chicken-Wings.jpg","width":2000,"height":2000},{"@type":"BreadcrumbList","@id":"https:\/\/beynur.eu\/urun\/tavuk-kanatlari\/#breadcrumb","itemListElement":[{"@type":"ListItem","position":1,"name":"Home","item":"https:\/\/beynur.eu\/"},{"@type":"ListItem","position":2,"name":"\u00dcr\u00fcnlerimiz","item":"https:\/\/beynur.eu\/en\/urunlerimiz\/"},{"@type":"ListItem","position":3,"name":"Tavuk Kanatlar\u0131"}]},{"@type":"WebSite","@id":"https:\/\/beynur.eu\/#website","url":"https:\/\/beynur.eu\/","name":"Beynur","description":"\u0130lk g\u00fcnk\u00fc a\u015fkla, muhte\u015fem tatlar.","potentialAction":[{"@type":"SearchAction","target":{"@type":"EntryPoint","urlTemplate":"https:\/\/beynur.eu\/?s={search_term_string}"},"query-input":{"@type":"PropertyValueSpecification","valueRequired":true,"valueName":"search_term_string"}}],"inLanguage":"ar"}]}},"_links":{"self":[{"href":"https:\/\/beynur.eu\/ar\/wp-json\/wp\/v2\/product\/1708","targetHints":{"allow":["GET"]}}],"collection":[{"href":"https:\/\/beynur.eu\/ar\/wp-json\/wp\/v2\/product"}],"about":[{"href":"https:\/\/beynur.eu\/ar\/wp-json\/wp\/v2\/types\/product"}],"wp:featuredmedia":[{"embeddable":true,"href":"https:\/\/beynur.eu\/ar\/wp-json\/wp\/v2\/media\/1822"}],"wp:attachment":[{"href":"https:\/\/beynur.eu\/ar\/wp-json\/wp\/v2\/media?parent=1708"}],"wp:term":[{"taxonomy":"product_brand","embeddable":true,"href":"https:\/\/beynur.eu\/ar\/wp-json\/wp\/v2\/product_brand?post=1708"},{"taxonomy":"product_cat","embeddable":true,"href":"https:\/\/beynur.eu\/ar\/wp-json\/wp\/v2\/product_cat?post=1708"},{"taxonomy":"product_tag","embeddable":true,"href":"https:\/\/beynur.eu\/ar\/wp-json\/wp\/v2\/product_tag?post=1708"}],"curies":[{"name":"wp","href":"https:\/\/api.w.org\/{rel}","templated":true}]}}