{"id":173,"date":"2018-04-01T10:05:55","date_gmt":"2018-04-01T10:05:55","guid":{"rendered":"https:\/\/beynur.eu\/?post_type=product&#038;p=173"},"modified":"2026-03-08T12:11:03","modified_gmt":"2026-03-08T12:11:03","slug":"ev-koftesi","status":"publish","type":"product","link":"https:\/\/beynur.eu\/ar\/product-2\/ev-koftesi\/","title":{"rendered":"\u0643\u0631\u0627\u062a \u0627\u0644\u0644\u062d\u0645 \u0645\u062d\u0644\u064a\u0629 \u0627\u0644\u0635\u0646\u0639"},"content":{"rendered":"<p>\u0644\u0627 \u064a\u0648\u062c\u062f \u0623\u062d\u062f \u0644\u0627 \u064a\u062d\u0628 \u0627\u0644\u0643\u0641\u062a\u0629\u060c \u0648\u0644\u0643\u0646 \u0644\u0627 \u064a\u0633\u062a\u0637\u064a\u0639 \u0627\u0644\u062c\u0645\u064a\u0639 \u0635\u0646\u0639\u0647\u0627.\n\u0645\u0639 \u0643\u0641\u062a\u0629 \u0628\u064a\u0646\u0648\u0631 \u0627\u0644\u0645\u0646\u0632\u0644\u064a\u0629\u060c \u0627\u0644\u062a\u064a \u064a\u062a\u0645 \u0625\u0646\u062a\u0627\u062c\u0647\u0627 \u0645\u0646 \u0644\u062d\u0648\u0645 \u0627\u0644\u0628\u0642\u0631 \u0630\u0627\u062a \u0627\u0644\u062c\u0648\u062f\u0629 \u0627\u0644\u0639\u0627\u0644\u064a\u0629\u060c \u064a\u0645\u0643\u0646\u0643 \u062a\u0646\u0627\u0648\u0644 \u0627\u0644\u0643\u0641\u062a\u0629 \u0643\u0623\u0646\u0643 \u062a\u062a\u0646\u0627\u0648\u0644\u0647\u0627 \u0645\u0646 \u0623\u064a\u062f\u064a \u0648\u0627\u0644\u062f\u062a\u0643.\n\u0625\u0630\u0627 \u0643\u0646\u062a \u062a\u0631\u063a\u0628 \u0641\u064a \u0627\u0644\u0627\u0633\u062a\u0645\u062a\u0627\u0639 \u0628\u0627\u0644\u0634\u0648\u0627\u0621 \u0641\u064a \u0627\u0644\u0647\u0648\u0627\u0621 \u0627\u0644\u0637\u0644\u0642 \u0641\u064a \u062d\u062f\u064a\u0642\u0629 \u0645\u0646\u0632\u0644\u0643\u060c \u0641\u0633\u062a\u062d\u0635\u0644 \u0639\u0644\u0649 \u062a\u062c\u0631\u0628\u0629 \u0644\u0627 \u062a\u064f\u0646\u0633\u0649 \u0645\u0639 \u0643\u0641\u062a\u0629 \u0628\u064a\u0646\u0648\u0631 \u0644\u0644\u0634\u0648\u0627\u0621.<\/p>\n<p>\u0639\u0646\u062f\u0645\u0627 \u062a\u0634\u062a\u0627\u0642 \u0644\u062a\u0630\u0648\u0642 \u0643\u0641\u062a\u0629 \u0645\u0646\u0632\u0644\u064a\u0629 \u0644\u0644\u0634\u0648\u0627\u0621\u060c \u064a\u0645\u0643\u0646\u0643 \u0623\u0646 \u062a\u0639\u064a\u0634 \u0647\u0630\u0647 \u0627\u0644\u0644\u0630\u0629 \u0627\u0644\u0623\u0633\u0637\u0648\u0631\u064a\u0629 \u0641\u064a \u0645\u0646\u0632\u0644\u0643 \u0645\u0639 \u0643\u0641\u062a\u0629 \u0623\u0643\u062a\u0634\u0627\u0628\u0627\u062a \u0645\u0646 \u0628\u064a\u0646\u0648\u0631.<\/p>\n<p>\u064a\u062a\u0645 \u0625\u0639\u062f\u0627\u062f \u0645\u0646\u062a\u062c\u0627\u062a\u0646\u0627 \u0648\u0641\u0642\u0627 \u0644\u0644\u0637\u0631\u0642 \u0627\u0644\u0625\u0633\u0644\u0627\u0645\u064a\u0629 \u0648\u0647\u064a \u062d\u0644\u0627\u0644.<\/p>\n<p>&nbsp;<\/p>\n<p><strong>\u0637\u0631\u064a\u0642\u0629 \u0627\u0644\u062a\u062d\u0636\u064a\u0631:<\/strong><\/p>\n<p>\u064a\u0645\u0643\u0646\u0643 \u0637\u0647\u064a \u0643\u0641\u062a\u0629 \u0645\u0646\u0632\u0644\u064a\u0629 \u0644\u0644\u0634\u0648\u0627\u0621 \u0627\u0644\u0645\u062c\u0645\u062f\u0629 \u0641\u064a \u0627\u0644\u0634\u0648\u0627\u0621 \u0623\u0648 \u0625\u0639\u062f\u0627\u062f\u0647\u0627 \u0641\u064a \u0627\u0644\u0645\u0642\u0644\u0627\u0629.\n\u0627\u0637\u0647\u064a\u0647 \u062c\u064a\u062f\u0627 \u0642\u0628\u0644 \u062a\u0646\u0627\u0648\u0644\u0647\u060c \u063a\u064a\u0631 \u0645\u0646\u0627\u0633\u0628 \u0644\u0644\u0623\u0643\u0644 \u0646\u064a\u0626\u0627.\n\u0627\u0644\u0645\u0646\u062a\u062c \u064a\u062d\u062a\u0648\u064a \u0639\u0644\u0649 \u0627\u0644\u063a\u0644\u0648\u062a\u064a\u0646 \u0648\u0627\u0644\u0635\u0648\u064a\u0627.<\/p>\n<p>&nbsp;<\/p>\n<p><strong>\u0646\u0635\u064a\u062d\u0629 \u0627\u0644\u062a\u062e\u0632\u064a\u0646:<\/strong><\/p>\n<p>\u0641\u064a \u0627\u0644\u062b\u0644\u0627\u062c\u0629 \u0644\u0645\u062f\u0629 \u064a\u0648\u0645\u064a\u0646.<\/p>\n<p>\u0641\u064a \u0627\u0644\u0645\u062c\u0645\u062f \u0630\u064a \u0646\u062c\u0645\u0629 \u0648\u0627\u062d\u062f\u0629 * \u0644\u0645\u062f\u0629 \u0623\u0633\u0628\u0648\u0639 \u0648\u0627\u062d\u062f.<\/p>\n<p>\u0641\u064a \u0627\u0644\u0645\u062c\u0645\u062f \u0630\u064a \u0646\u062c\u0645\u062a\u064a\u0646 ** \u0644\u0645\u062f\u0629 \u0623\u0633\u0628\u0648\u0639\u064a\u0646.<\/p>\n<p>\u0641\u064a \u0627\u0644\u0645\u062c\u0645\u062f \u0630\u064a \u062b\u0644\u0627\u062b \u0646\u062c\u0648\u0645 *** ( -18 C): \u0627\u0646\u0638\u0631 \u062a\u0627\u0631\u064a\u062e \u0627\u0646\u062a\u0647\u0627\u0621 \u0627\u0644\u0635\u0644\u0627\u062d\u064a\u0629.<\/p>\n<p>\u0644\u0627 \u062a\u062c\u0645\u062f \u0645\u0631\u0629 \u0623\u062e\u0631\u0649 \u0628\u0639\u062f \u062a\u0630\u0648\u064a\u0628.<\/p>","protected":false},"excerpt":{"rendered":"<p>\u0644\u0627 \u064a\u0648\u062c\u062f \u0623\u062d\u062f \u0644\u0627 \u064a\u062d\u0628 \u0627\u0644\u0643\u0641\u062a\u0629\u060c \u0648\u0644\u0643\u0646 \u0644\u0627 \u064a\u0633\u062a\u0637\u064a\u0639 \u0627\u0644\u062c\u0645\u064a\u0639 \u0635\u0646\u0639\u0647\u0627.\n\u0645\u0639 \u0643\u0641\u062a\u0629 \u0628\u064a\u0646\u0648\u0631 \u0627\u0644\u0645\u0646\u0632\u0644\u064a\u0629\u060c \u0627\u0644\u062a\u064a \u064a\u062a\u0645 \u0625\u0646\u062a\u0627\u062c\u0647\u0627 \u0645\u0646 \u0644\u062d\u0648\u0645 \u0627\u0644\u0628\u0642\u0631 \u0630\u0627\u062a \u0627\u0644\u062c\u0648\u062f\u0629 \u0627\u0644\u0639\u0627\u0644\u064a\u0629\u060c \u064a\u0645\u0643\u0646\u0643 \u062a\u0646\u0627\u0648\u0644 \u0627\u0644\u0643\u0641\u062a\u0629 \u0643\u0623\u0646\u0643 \u062a\u062a\u0646\u0627\u0648\u0644\u0647\u0627 \u0645\u0646 \u0623\u064a\u062f\u064a \u0648\u0627\u0644\u062f\u062a\u0643.\n\u0625\u0630\u0627 \u0643\u0646\u062a \u062a\u0631\u063a\u0628 \u0641\u064a \u0627\u0644\u0627\u0633\u062a\u0645\u062a\u0627\u0639 \u0628\u0627\u0644\u0634\u0648\u0627\u0621 \u0641\u064a \u0627\u0644\u0647\u0648\u0627\u0621 \u0627\u0644\u0637\u0644\u0642 \u0641\u064a \u062d\u062f\u064a\u0642\u0629 \u0645\u0646\u0632\u0644\u0643\u060c \u0641\u0633\u062a\u062d\u0635\u0644 \u0639\u0644\u0649 \u062a\u062c\u0631\u0628\u0629 \u0644\u0627 \u062a\u064f\u0646\u0633\u0649 \u0645\u0639 \u0643\u0641\u062a\u0629 \u0628\u064a\u0646\u0648\u0631 \u0644\u0644\u0634\u0648\u0627\u0621.<\/p>\n<p>\u0639\u0646\u062f\u0645\u0627 \u062a\u0634\u062a\u0627\u0642 \u0644\u062a\u0630\u0648\u0642 \u0643\u0641\u062a\u0629 \u0645\u0646\u0632\u0644\u064a\u0629 \u0644\u0644\u0634\u0648\u0627\u0621\u060c \u064a\u0645\u0643\u0646\u0643 \u0623\u0646 \u062a\u0639\u064a\u0634 \u0647\u0630\u0647 \u0627\u0644\u0644\u0630\u0629 \u0627\u0644\u0623\u0633\u0637\u0648\u0631\u064a\u0629 \u0641\u064a \u0645\u0646\u0632\u0644\u0643 \u0645\u0639 \u0643\u0641\u062a\u0629 \u0623\u0643\u062a\u0634\u0627\u0628\u0627\u062a \u0645\u0646 \u0628\u064a\u0646\u0648\u0631.<\/p>","protected":false},"featured_media":1681,"template":"","meta":[],"product_brand":[],"product_cat":[17],"product_tag":[],"class_list":{"0":"post-173","1":"product","2":"type-product","3":"status-publish","4":"has-post-thumbnail","6":"product_cat-et-urunleri","8":"first","9":"instock","10":"shipping-taxable","11":"product-type-simple"},"yoast_head":"<!-- This site is optimized with the Yoast SEO plugin v26.8 - https:\/\/yoast.com\/product\/yoast-seo-wordpress\/ -->\n<title>Ev K\u00f6ftesi - Beynur<\/title>\n<meta name=\"robots\" content=\"index, follow, max-snippet:-1, max-image-preview:large, max-video-preview:-1\" \/>\n<link rel=\"canonical\" href=\"https:\/\/beynur.eu\/ar\/product-2\/ev-koftesi\/\" \/>\n<meta property=\"og:locale\" content=\"ar_AR\" \/>\n<meta property=\"og:type\" content=\"article\" \/>\n<meta property=\"og:title\" content=\"Ev K\u00f6ftesi - Beynur\" \/>\n<meta property=\"og:description\" content=\"K\u00f6fte sevmeyen yoktur ama herkes k\u00f6fte yapamaz. Kaliteli s\u0131\u011f\u0131r etinden \u00fcretilen Beynur Ev K\u00f6ftesi ile art\u0131k siz de annenizin elinden k\u00f6fte yer gibi k\u00f6fte yiyebileceksiniz.  Evinizin bah\u00e7esinde, a\u00e7\u0131k havada mangal keyfi yapmay\u0131 seviyorsan\u0131z Beynur Izgara K\u00f6fte ile unutulmaz keyif alacaks\u0131n\u0131z.\" \/>\n<meta property=\"og:url\" content=\"https:\/\/beynur.eu\/ar\/product-2\/ev-koftesi\/\" \/>\n<meta property=\"og:site_name\" content=\"Beynur\" \/>\n<meta property=\"article:modified_time\" content=\"2026-03-08T12:11:03+00:00\" \/>\n<meta property=\"og:image\" content=\"https:\/\/beynur.eu\/wp-content\/uploads\/2018\/04\/ev-koftesi-4.jpg\" \/>\n\t<meta property=\"og:image:width\" content=\"1500\" \/>\n\t<meta property=\"og:image:height\" content=\"1500\" \/>\n\t<meta property=\"og:image:type\" content=\"image\/jpeg\" \/>\n<meta name=\"twitter:card\" content=\"summary_large_image\" \/>\n<meta name=\"twitter:label1\" content=\"\u0648\u0642\u062a \u0627\u0644\u0642\u0631\u0627\u0621\u0629 \u0627\u0644\u0645\u064f\u0642\u062f\u0651\u0631\" \/>\n\t<meta name=\"twitter:data1\" content=\"\u062f\u0642\u064a\u0642\u0629 \u0648\u0627\u062d\u062f\u0629\" \/>\n<script type=\"application\/ld+json\" class=\"yoast-schema-graph\">{\"@context\":\"https:\/\/schema.org\",\"@graph\":[{\"@type\":\"WebPage\",\"@id\":\"https:\/\/beynur.eu\/urun\/ev-koftesi\/\",\"url\":\"https:\/\/beynur.eu\/urun\/ev-koftesi\/\",\"name\":\"Ev K\u00f6ftesi - Beynur\",\"isPartOf\":{\"@id\":\"https:\/\/beynur.eu\/#website\"},\"primaryImageOfPage\":{\"@id\":\"https:\/\/beynur.eu\/urun\/ev-koftesi\/#primaryimage\"},\"image\":{\"@id\":\"https:\/\/beynur.eu\/urun\/ev-koftesi\/#primaryimage\"},\"thumbnailUrl\":\"https:\/\/beynur.eu\/wp-content\/uploads\/2018\/04\/ev-koftesi-4.jpg\",\"datePublished\":\"2018-04-01T10:05:55+00:00\",\"dateModified\":\"2026-03-08T12:11:03+00:00\",\"breadcrumb\":{\"@id\":\"https:\/\/beynur.eu\/urun\/ev-koftesi\/#breadcrumb\"},\"inLanguage\":\"ar\",\"potentialAction\":[{\"@type\":\"ReadAction\",\"target\":[\"https:\/\/beynur.eu\/urun\/ev-koftesi\/\"]}]},{\"@type\":\"ImageObject\",\"inLanguage\":\"ar\",\"@id\":\"https:\/\/beynur.eu\/urun\/ev-koftesi\/#primaryimage\",\"url\":\"https:\/\/beynur.eu\/wp-content\/uploads\/2018\/04\/ev-koftesi-4.jpg\",\"contentUrl\":\"https:\/\/beynur.eu\/wp-content\/uploads\/2018\/04\/ev-koftesi-4.jpg\",\"width\":1500,\"height\":1500},{\"@type\":\"BreadcrumbList\",\"@id\":\"https:\/\/beynur.eu\/urun\/ev-koftesi\/#breadcrumb\",\"itemListElement\":[{\"@type\":\"ListItem\",\"position\":1,\"name\":\"Home\",\"item\":\"https:\/\/beynur.eu\/\"},{\"@type\":\"ListItem\",\"position\":2,\"name\":\"\u00dcr\u00fcnlerimiz\",\"item\":\"https:\/\/beynur.eu\/en\/urunlerimiz\/\"},{\"@type\":\"ListItem\",\"position\":3,\"name\":\"Ev K\u00f6ftesi\"}]},{\"@type\":\"WebSite\",\"@id\":\"https:\/\/beynur.eu\/#website\",\"url\":\"https:\/\/beynur.eu\/\",\"name\":\"Beynur\",\"description\":\"\u0130lk g\u00fcnk\u00fc a\u015fkla, muhte\u015fem tatlar.\",\"potentialAction\":[{\"@type\":\"SearchAction\",\"target\":{\"@type\":\"EntryPoint\",\"urlTemplate\":\"https:\/\/beynur.eu\/?s={search_term_string}\"},\"query-input\":{\"@type\":\"PropertyValueSpecification\",\"valueRequired\":true,\"valueName\":\"search_term_string\"}}],\"inLanguage\":\"ar\"}]}<\/script>\n<!-- \/ Yoast SEO plugin. -->","yoast_head_json":{"title":"Ev K\u00f6ftesi - Beynur","robots":{"index":"index","follow":"follow","max-snippet":"max-snippet:-1","max-image-preview":"max-image-preview:large","max-video-preview":"max-video-preview:-1"},"canonical":"https:\/\/beynur.eu\/ar\/product-2\/ev-koftesi\/","og_locale":"ar_AR","og_type":"article","og_title":"Ev K\u00f6ftesi - Beynur","og_description":"K\u00f6fte sevmeyen yoktur ama herkes k\u00f6fte yapamaz. Kaliteli s\u0131\u011f\u0131r etinden \u00fcretilen Beynur Ev K\u00f6ftesi ile art\u0131k siz de annenizin elinden k\u00f6fte yer gibi k\u00f6fte yiyebileceksiniz.  Evinizin bah\u00e7esinde, a\u00e7\u0131k havada mangal keyfi yapmay\u0131 seviyorsan\u0131z Beynur Izgara K\u00f6fte ile unutulmaz keyif alacaks\u0131n\u0131z.","og_url":"https:\/\/beynur.eu\/ar\/product-2\/ev-koftesi\/","og_site_name":"Beynur","article_modified_time":"2026-03-08T12:11:03+00:00","og_image":[{"width":1500,"height":1500,"url":"https:\/\/beynur.eu\/wp-content\/uploads\/2018\/04\/ev-koftesi-4.jpg","type":"image\/jpeg"}],"twitter_card":"summary_large_image","twitter_misc":{"\u0648\u0642\u062a \u0627\u0644\u0642\u0631\u0627\u0621\u0629 \u0627\u0644\u0645\u064f\u0642\u062f\u0651\u0631":"\u062f\u0642\u064a\u0642\u0629 \u0648\u0627\u062d\u062f\u0629"},"schema":{"@context":"https:\/\/schema.org","@graph":[{"@type":"WebPage","@id":"https:\/\/beynur.eu\/urun\/ev-koftesi\/","url":"https:\/\/beynur.eu\/urun\/ev-koftesi\/","name":"Ev K\u00f6ftesi - Beynur","isPartOf":{"@id":"https:\/\/beynur.eu\/#website"},"primaryImageOfPage":{"@id":"https:\/\/beynur.eu\/urun\/ev-koftesi\/#primaryimage"},"image":{"@id":"https:\/\/beynur.eu\/urun\/ev-koftesi\/#primaryimage"},"thumbnailUrl":"https:\/\/beynur.eu\/wp-content\/uploads\/2018\/04\/ev-koftesi-4.jpg","datePublished":"2018-04-01T10:05:55+00:00","dateModified":"2026-03-08T12:11:03+00:00","breadcrumb":{"@id":"https:\/\/beynur.eu\/urun\/ev-koftesi\/#breadcrumb"},"inLanguage":"ar","potentialAction":[{"@type":"ReadAction","target":["https:\/\/beynur.eu\/urun\/ev-koftesi\/"]}]},{"@type":"ImageObject","inLanguage":"ar","@id":"https:\/\/beynur.eu\/urun\/ev-koftesi\/#primaryimage","url":"https:\/\/beynur.eu\/wp-content\/uploads\/2018\/04\/ev-koftesi-4.jpg","contentUrl":"https:\/\/beynur.eu\/wp-content\/uploads\/2018\/04\/ev-koftesi-4.jpg","width":1500,"height":1500},{"@type":"BreadcrumbList","@id":"https:\/\/beynur.eu\/urun\/ev-koftesi\/#breadcrumb","itemListElement":[{"@type":"ListItem","position":1,"name":"Home","item":"https:\/\/beynur.eu\/"},{"@type":"ListItem","position":2,"name":"\u00dcr\u00fcnlerimiz","item":"https:\/\/beynur.eu\/en\/urunlerimiz\/"},{"@type":"ListItem","position":3,"name":"Ev K\u00f6ftesi"}]},{"@type":"WebSite","@id":"https:\/\/beynur.eu\/#website","url":"https:\/\/beynur.eu\/","name":"Beynur","description":"\u0130lk g\u00fcnk\u00fc a\u015fkla, muhte\u015fem tatlar.","potentialAction":[{"@type":"SearchAction","target":{"@type":"EntryPoint","urlTemplate":"https:\/\/beynur.eu\/?s={search_term_string}"},"query-input":{"@type":"PropertyValueSpecification","valueRequired":true,"valueName":"search_term_string"}}],"inLanguage":"ar"}]}},"_links":{"self":[{"href":"https:\/\/beynur.eu\/ar\/wp-json\/wp\/v2\/product\/173","targetHints":{"allow":["GET"]}}],"collection":[{"href":"https:\/\/beynur.eu\/ar\/wp-json\/wp\/v2\/product"}],"about":[{"href":"https:\/\/beynur.eu\/ar\/wp-json\/wp\/v2\/types\/product"}],"wp:featuredmedia":[{"embeddable":true,"href":"https:\/\/beynur.eu\/ar\/wp-json\/wp\/v2\/media\/1681"}],"wp:attachment":[{"href":"https:\/\/beynur.eu\/ar\/wp-json\/wp\/v2\/media?parent=173"}],"wp:term":[{"taxonomy":"product_brand","embeddable":true,"href":"https:\/\/beynur.eu\/ar\/wp-json\/wp\/v2\/product_brand?post=173"},{"taxonomy":"product_cat","embeddable":true,"href":"https:\/\/beynur.eu\/ar\/wp-json\/wp\/v2\/product_cat?post=173"},{"taxonomy":"product_tag","embeddable":true,"href":"https:\/\/beynur.eu\/ar\/wp-json\/wp\/v2\/product_tag?post=173"}],"curies":[{"name":"wp","href":"https:\/\/api.w.org\/{rel}","templated":true}]}}