{"id":740,"date":"2020-12-02T12:36:17","date_gmt":"2020-12-02T12:36:17","guid":{"rendered":"https:\/\/beynur.eu\/?post_type=product&#038;p=740"},"modified":"2026-03-12T10:52:26","modified_gmt":"2026-03-12T10:52:26","slug":"tavuk-doner","status":"publish","type":"product","link":"https:\/\/beynur.eu\/ar\/product-2\/tavuk-doner\/","title":{"rendered":"\u0643\u0628\u0627\u0628 \u0627\u0644\u062f\u062c\u0627\u062c"},"content":{"rendered":"<p>\u064a\u0639\u062a\u0628\u0631 \u0643\u0628\u0627\u0628 \u0627\u0644\u062f\u062c\u0627\u062c \u0645\u0646 \u0628\u064a\u0646\u0648\u0631 \u0645\u0646\u062a\u062c\u0627\u064b \u0639\u0645\u0644\u064a\u0627\u064b \u0648\u0644\u0630\u064a\u0630\u0627 \u062d\u064a\u062b \u064a\u062a\u0645 \u0625\u0639\u062f\u0627\u062f\u0647 \u0645\u0639 \u0645\u0632\u064a\u062c \u0645\u0646 \u0644\u062d\u0645 \u0627\u0644\u062f\u062c\u0627\u062c \u0627\u0644\u0645\u0641\u0631\u0648\u0645 \u0648\u0627\u0644\u062a\u0648\u0627\u0628\u0644 \u0627\u0644\u0645\u0646\u0627\u0633\u0628\u0629.\n\u062a\u0644\u0628\u064a \u0643\u0628\u0627\u0628 \u062f\u062c\u0627\u062c \u0628\u064a\u0646\u0648\u0631 \u0628\u0648\u0632\u0646 300 \u063a\u0631\u0627\u0645 \u0627\u062d\u062a\u064a\u0627\u062c\u0627\u062a\u0643 \u0645\u0646 \u0627\u0644\u0644\u062d\u0645 \u0627\u0644\u0623\u0628\u064a\u0636 \u0628\u0634\u0643\u0644 \u0635\u062d\u064a.<\/p>\n<p>Beynur Tavuk Kebap 600gr\u2019l\u0131k paketi beyaz et ihtiyac\u0131n\u0131z\u0131 sa\u011fl\u0131kl\u0131 bir \u015fekilde giderir. Pratik kullan\u0131m\u0131 ile \u00e7ocuklar\u0131n\u0131z\u0131n damak tad\u0131na uygun olup ortalama besin de\u011ferlerinde sa\u011fl\u0131\u011f\u0131n\u0131za sa\u011fl\u0131k katar. Beynur Kebap ile davetsiz misafirleriniz i\u00e7in k\u0131sa s\u00fcrede g\u00fczel bir sofra haz\u0131rlayarak e\u015fsiz ve farkl\u0131 soslarla konuklar\u0131n\u0131z\u0131 \u015fa\u015f\u0131rtabilirsiniz.<\/p>\n<p>\u064a\u062a\u0645 \u0625\u0646\u062a\u0627\u062c \u0643\u0628\u0627\u0628 \u062f\u062c\u0627\u062c \u0627\u0644\u062e\u0641\u064a\u0641\u0629 \u0644\u0644\u063a\u0627\u064a\u0629 \u0648\u0627\u0644\u0644\u0630\u064a\u0630\u0629 \u062c\u062f\u0627\u060c \u0645\u0646 \u0627\u0644\u0641\u0631\u0627\u062e \u0627\u0644\u0645\u0630\u0628\u0648\u062d\u0629 \u0648\u0641\u0642\u0627 \u0644\u0644\u0637\u0631\u0642 \u0627\u0644\u0625\u0633\u0644\u0627\u0645\u064a\u0629.<\/p>\n<p>&nbsp;<\/p>\n<p><strong>\u0637\u0631\u064a\u0642\u0629 \u0627\u0644\u062a\u062d\u0636\u064a\u0631:<\/strong><\/p>\n<p>\u0641\u064a \u0627\u0644\u0645\u064a\u0643\u0631\u0648\u0648\u064a\u0641: \u0633\u062e\u0646 \u0627\u0644\u0643\u0628\u0627\u0628 \u0627\u0644\u0645\u062c\u0645\u062f 4 \u062f\u0642\u0627\u0626\u0642 \u0639\u0644\u0649 400 \u0648\u0627\u0637\u060c \u0648\u0644\u0645\u062f\u0629 1 \u062f\u0642\u064a\u0642\u0629 \u0641\u064a \u062d\u0627\u0644 \u0643\u0627\u0646 \u0627\u0644\u062b\u0644\u062c \u0630\u0627\u0626\u0628\u0627.<\/p>\n<p>&nbsp;<\/p>\n<p><strong>\u0646\u0635\u064a\u062d\u0629 \u0627\u0644\u062a\u062e\u0632\u064a\u0646:<\/strong><\/p>\n<p>\u0641\u064a \u0627\u0644\u062b\u0644\u0627\u062c\u0629 \u0644\u0645\u062f\u0629 \u064a\u0648\u0645\u064a\u0646.<\/p>\n<p>\u0641\u064a \u0627\u0644\u0645\u062c\u0645\u062f \u0630\u064a \u0646\u062c\u0645\u0629 \u0648\u0627\u062d\u062f\u0629 * \u0644\u0645\u062f\u0629 \u0623\u0633\u0628\u0648\u0639 \u0648\u0627\u062d\u062f.<\/p>\n<p>\u0641\u064a \u0627\u0644\u0645\u062c\u0645\u062f \u0630\u064a \u0646\u062c\u0645\u0629 \u0648\u0627\u062d\u062f\u0629 ** \u0644\u0645\u062f\u0629 \u0623\u0633\u0628\u0648\u0639 \u0648\u0627\u062d\u062f.<\/p>\n<p>\u0627\u0644\u0641\u0631\u064a\u0632\u0631 \u062b\u0644\u0627\u062b *** \u0646\u062c\u0648\u0645 \u0641\u064a -18 \u062f\u0631\u062c\u0629 \u0645\u0626\u0648\u064a\u0629.<\/p>\n<p>\u062a\u0641\u0642\u062f \u062a\u0627\u0631\u064a\u062e \u0627\u0646\u062a\u0647\u0627\u0621 \u0627\u0644\u0635\u0644\u0627\u062d\u064a\u0629.\n\u0644\u0627 \u062a\u062c\u0645\u062f \u0645\u0631\u0629 \u0623\u062e\u0631\u0649 \u0628\u0639\u062f \u062a\u0630\u0648\u064a\u0628.<\/p>","protected":false},"excerpt":{"rendered":"<p>Beynur Tavuk Kebap 600gr\u2019l\u0131k paketi beyaz et ihtiyac\u0131n\u0131z\u0131 sa\u011fl\u0131kl\u0131 bir \u015fekilde giderir. Pratik kullan\u0131m\u0131 ile \u00e7ocuklar\u0131n\u0131z\u0131n damak tad\u0131na uygun olup ortalama besin de\u011ferlerinde sa\u011fl\u0131\u011f\u0131n\u0131za sa\u011fl\u0131k katar. Beynur Kebap ile davetsiz misafirleriniz i\u00e7in k\u0131sa s\u00fcrede g\u00fczel bir sofra haz\u0131rlayarak e\u015fsiz ve farkl\u0131 soslarla konuklar\u0131n\u0131z\u0131 \u015fa\u015f\u0131rtabilirsiniz.<\/p>","protected":false},"featured_media":1723,"template":"","meta":[],"product_brand":[],"product_cat":[18],"product_tag":[],"class_list":{"0":"post-740","1":"product","2":"type-product","3":"status-publish","4":"has-post-thumbnail","6":"product_cat-tavuk-ve-hindi-urunleri","8":"first","9":"instock","10":"shipping-taxable","11":"product-type-simple"},"yoast_head":"<!-- This site is optimized with the Yoast SEO plugin v26.8 - https:\/\/yoast.com\/product\/yoast-seo-wordpress\/ -->\n<title>Tavuk D\u00f6ner - Beynur<\/title>\n<meta name=\"robots\" content=\"index, follow, max-snippet:-1, max-image-preview:large, max-video-preview:-1\" \/>\n<link rel=\"canonical\" href=\"https:\/\/beynur.eu\/ar\/product-2\/tavuk-doner\/\" \/>\n<meta property=\"og:locale\" content=\"ar_AR\" \/>\n<meta property=\"og:type\" content=\"article\" \/>\n<meta property=\"og:title\" content=\"Tavuk D\u00f6ner - Beynur\" \/>\n<meta property=\"og:description\" content=\"Beynur Tavuk Kebap 600gr\u2019l\u0131k paketi beyaz et ihtiyac\u0131n\u0131z\u0131 sa\u011fl\u0131kl\u0131 bir \u015fekilde giderir. Pratik kullan\u0131m\u0131 ile \u00e7ocuklar\u0131n\u0131z\u0131n damak tad\u0131na uygun olup ortalama besin de\u011ferlerinde sa\u011fl\u0131\u011f\u0131n\u0131za sa\u011fl\u0131k katar. Beynur Kebap ile davetsiz misafirleriniz i\u00e7in k\u0131sa s\u00fcrede g\u00fczel bir sofra haz\u0131rlayarak e\u015fsiz ve farkl\u0131 soslarla konuklar\u0131n\u0131z\u0131 \u015fa\u015f\u0131rtabilirsiniz.\" \/>\n<meta property=\"og:url\" content=\"https:\/\/beynur.eu\/ar\/product-2\/tavuk-doner\/\" \/>\n<meta property=\"og:site_name\" content=\"Beynur\" \/>\n<meta property=\"article:modified_time\" content=\"2026-03-12T10:52:26+00:00\" \/>\n<meta property=\"og:image\" content=\"https:\/\/beynur.eu\/wp-content\/uploads\/2020\/12\/Tavuk-Doner-1024x1024.png\" \/>\n\t<meta property=\"og:image:width\" content=\"1024\" \/>\n\t<meta property=\"og:image:height\" content=\"1024\" \/>\n\t<meta property=\"og:image:type\" content=\"image\/png\" \/>\n<meta name=\"twitter:card\" content=\"summary_large_image\" \/>\n<meta name=\"twitter:label1\" content=\"\u0648\u0642\u062a \u0627\u0644\u0642\u0631\u0627\u0621\u0629 \u0627\u0644\u0645\u064f\u0642\u062f\u0651\u0631\" \/>\n\t<meta name=\"twitter:data1\" content=\"\u062f\u0642\u064a\u0642\u0629 \u0648\u0627\u062d\u062f\u0629\" \/>\n<script type=\"application\/ld+json\" class=\"yoast-schema-graph\">{\"@context\":\"https:\/\/schema.org\",\"@graph\":[{\"@type\":\"WebPage\",\"@id\":\"https:\/\/beynur.eu\/urun\/tavuk-doner\/\",\"url\":\"https:\/\/beynur.eu\/urun\/tavuk-doner\/\",\"name\":\"Tavuk D\u00f6ner - Beynur\",\"isPartOf\":{\"@id\":\"https:\/\/beynur.eu\/#website\"},\"primaryImageOfPage\":{\"@id\":\"https:\/\/beynur.eu\/urun\/tavuk-doner\/#primaryimage\"},\"image\":{\"@id\":\"https:\/\/beynur.eu\/urun\/tavuk-doner\/#primaryimage\"},\"thumbnailUrl\":\"https:\/\/beynur.eu\/wp-content\/uploads\/2020\/12\/Tavuk-Doner.png\",\"datePublished\":\"2020-12-02T12:36:17+00:00\",\"dateModified\":\"2026-03-12T10:52:26+00:00\",\"breadcrumb\":{\"@id\":\"https:\/\/beynur.eu\/urun\/tavuk-doner\/#breadcrumb\"},\"inLanguage\":\"ar\",\"potentialAction\":[{\"@type\":\"ReadAction\",\"target\":[\"https:\/\/beynur.eu\/urun\/tavuk-doner\/\"]}]},{\"@type\":\"ImageObject\",\"inLanguage\":\"ar\",\"@id\":\"https:\/\/beynur.eu\/urun\/tavuk-doner\/#primaryimage\",\"url\":\"https:\/\/beynur.eu\/wp-content\/uploads\/2020\/12\/Tavuk-Doner.png\",\"contentUrl\":\"https:\/\/beynur.eu\/wp-content\/uploads\/2020\/12\/Tavuk-Doner.png\",\"width\":2000,\"height\":2000},{\"@type\":\"BreadcrumbList\",\"@id\":\"https:\/\/beynur.eu\/urun\/tavuk-doner\/#breadcrumb\",\"itemListElement\":[{\"@type\":\"ListItem\",\"position\":1,\"name\":\"Home\",\"item\":\"https:\/\/beynur.eu\/\"},{\"@type\":\"ListItem\",\"position\":2,\"name\":\"\u00dcr\u00fcnlerimiz\",\"item\":\"https:\/\/beynur.eu\/en\/urunlerimiz\/\"},{\"@type\":\"ListItem\",\"position\":3,\"name\":\"Tavuk D\u00f6ner\"}]},{\"@type\":\"WebSite\",\"@id\":\"https:\/\/beynur.eu\/#website\",\"url\":\"https:\/\/beynur.eu\/\",\"name\":\"Beynur\",\"description\":\"\u0130lk g\u00fcnk\u00fc a\u015fkla, muhte\u015fem tatlar.\",\"potentialAction\":[{\"@type\":\"SearchAction\",\"target\":{\"@type\":\"EntryPoint\",\"urlTemplate\":\"https:\/\/beynur.eu\/?s={search_term_string}\"},\"query-input\":{\"@type\":\"PropertyValueSpecification\",\"valueRequired\":true,\"valueName\":\"search_term_string\"}}],\"inLanguage\":\"ar\"}]}<\/script>\n<!-- \/ Yoast SEO plugin. -->","yoast_head_json":{"title":"Tavuk D\u00f6ner - Beynur","robots":{"index":"index","follow":"follow","max-snippet":"max-snippet:-1","max-image-preview":"max-image-preview:large","max-video-preview":"max-video-preview:-1"},"canonical":"https:\/\/beynur.eu\/ar\/product-2\/tavuk-doner\/","og_locale":"ar_AR","og_type":"article","og_title":"Tavuk D\u00f6ner - Beynur","og_description":"Beynur Tavuk Kebap 600gr\u2019l\u0131k paketi beyaz et ihtiyac\u0131n\u0131z\u0131 sa\u011fl\u0131kl\u0131 bir \u015fekilde giderir. Pratik kullan\u0131m\u0131 ile \u00e7ocuklar\u0131n\u0131z\u0131n damak tad\u0131na uygun olup ortalama besin de\u011ferlerinde sa\u011fl\u0131\u011f\u0131n\u0131za sa\u011fl\u0131k katar. Beynur Kebap ile davetsiz misafirleriniz i\u00e7in k\u0131sa s\u00fcrede g\u00fczel bir sofra haz\u0131rlayarak e\u015fsiz ve farkl\u0131 soslarla konuklar\u0131n\u0131z\u0131 \u015fa\u015f\u0131rtabilirsiniz.","og_url":"https:\/\/beynur.eu\/ar\/product-2\/tavuk-doner\/","og_site_name":"Beynur","article_modified_time":"2026-03-12T10:52:26+00:00","og_image":[{"width":1024,"height":1024,"url":"https:\/\/beynur.eu\/wp-content\/uploads\/2020\/12\/Tavuk-Doner-1024x1024.png","type":"image\/png"}],"twitter_card":"summary_large_image","twitter_misc":{"\u0648\u0642\u062a \u0627\u0644\u0642\u0631\u0627\u0621\u0629 \u0627\u0644\u0645\u064f\u0642\u062f\u0651\u0631":"\u062f\u0642\u064a\u0642\u0629 \u0648\u0627\u062d\u062f\u0629"},"schema":{"@context":"https:\/\/schema.org","@graph":[{"@type":"WebPage","@id":"https:\/\/beynur.eu\/urun\/tavuk-doner\/","url":"https:\/\/beynur.eu\/urun\/tavuk-doner\/","name":"Tavuk D\u00f6ner - Beynur","isPartOf":{"@id":"https:\/\/beynur.eu\/#website"},"primaryImageOfPage":{"@id":"https:\/\/beynur.eu\/urun\/tavuk-doner\/#primaryimage"},"image":{"@id":"https:\/\/beynur.eu\/urun\/tavuk-doner\/#primaryimage"},"thumbnailUrl":"https:\/\/beynur.eu\/wp-content\/uploads\/2020\/12\/Tavuk-Doner.png","datePublished":"2020-12-02T12:36:17+00:00","dateModified":"2026-03-12T10:52:26+00:00","breadcrumb":{"@id":"https:\/\/beynur.eu\/urun\/tavuk-doner\/#breadcrumb"},"inLanguage":"ar","potentialAction":[{"@type":"ReadAction","target":["https:\/\/beynur.eu\/urun\/tavuk-doner\/"]}]},{"@type":"ImageObject","inLanguage":"ar","@id":"https:\/\/beynur.eu\/urun\/tavuk-doner\/#primaryimage","url":"https:\/\/beynur.eu\/wp-content\/uploads\/2020\/12\/Tavuk-Doner.png","contentUrl":"https:\/\/beynur.eu\/wp-content\/uploads\/2020\/12\/Tavuk-Doner.png","width":2000,"height":2000},{"@type":"BreadcrumbList","@id":"https:\/\/beynur.eu\/urun\/tavuk-doner\/#breadcrumb","itemListElement":[{"@type":"ListItem","position":1,"name":"Home","item":"https:\/\/beynur.eu\/"},{"@type":"ListItem","position":2,"name":"\u00dcr\u00fcnlerimiz","item":"https:\/\/beynur.eu\/en\/urunlerimiz\/"},{"@type":"ListItem","position":3,"name":"Tavuk D\u00f6ner"}]},{"@type":"WebSite","@id":"https:\/\/beynur.eu\/#website","url":"https:\/\/beynur.eu\/","name":"Beynur","description":"\u0130lk g\u00fcnk\u00fc a\u015fkla, muhte\u015fem tatlar.","potentialAction":[{"@type":"SearchAction","target":{"@type":"EntryPoint","urlTemplate":"https:\/\/beynur.eu\/?s={search_term_string}"},"query-input":{"@type":"PropertyValueSpecification","valueRequired":true,"valueName":"search_term_string"}}],"inLanguage":"ar"}]}},"_links":{"self":[{"href":"https:\/\/beynur.eu\/ar\/wp-json\/wp\/v2\/product\/740","targetHints":{"allow":["GET"]}}],"collection":[{"href":"https:\/\/beynur.eu\/ar\/wp-json\/wp\/v2\/product"}],"about":[{"href":"https:\/\/beynur.eu\/ar\/wp-json\/wp\/v2\/types\/product"}],"wp:featuredmedia":[{"embeddable":true,"href":"https:\/\/beynur.eu\/ar\/wp-json\/wp\/v2\/media\/1723"}],"wp:attachment":[{"href":"https:\/\/beynur.eu\/ar\/wp-json\/wp\/v2\/media?parent=740"}],"wp:term":[{"taxonomy":"product_brand","embeddable":true,"href":"https:\/\/beynur.eu\/ar\/wp-json\/wp\/v2\/product_brand?post=740"},{"taxonomy":"product_cat","embeddable":true,"href":"https:\/\/beynur.eu\/ar\/wp-json\/wp\/v2\/product_cat?post=740"},{"taxonomy":"product_tag","embeddable":true,"href":"https:\/\/beynur.eu\/ar\/wp-json\/wp\/v2\/product_tag?post=740"}],"curies":[{"name":"wp","href":"https:\/\/api.w.org\/{rel}","templated":true}]}}