{"id":869,"date":"2021-12-07T16:46:13","date_gmt":"2021-12-07T16:46:13","guid":{"rendered":"https:\/\/beynur.eu\/?post_type=product&#038;p=869"},"modified":"2026-04-30T13:13:07","modified_gmt":"2026-04-30T13:13:07","slug":"%d9%85%d9%86%d8%aa%d8%ac%d8%a7%d8%aa%d9%86%d8%a7-%d9%83%d9%81%d8%aa%d8%a9-%d8%a5%d8%b2%d9%85%d9%8a%d8%b1","status":"publish","type":"product","link":"https:\/\/beynur.eu\/ar\/urun\/cevapcici-izmir-kofte\/","title":{"rendered":"\u0643\u0631\u0627\u062a \u0627\u0644\u0644\u062d\u0645 \u0627\u0644\u0625\u0632\u0645\u064a\u0631\u064a\u0629"},"content":{"rendered":"<p><b>Kullan\u0131m Tavsiyeleri<\/b><b><br \/>\n<\/b><span style=\"font-weight: 400;\">Beynur Dondurulmu\u015f \u0130zmir K\u00f6fteyi tavada, frit\u00f6zde veya mangalda kolayca pi\u015firebilirsiniz. \u00dcr\u00fcn\u00fc pratik yap\u0131s\u0131 sayesinde h\u0131zl\u0131 \u00f6\u011f\u00fcnlerde, aile sofralar\u0131nda ya da misafir ikramlar\u0131nda rahatl\u0131kla de\u011ferlendirebilirsiniz. Patates, pirin\u00e7 pilav\u0131, k\u00f6zlenmi\u015f sebzeler veya yo\u011furtlu garnit\u00fcrlerle birlikte servis ederek daha zengin sunumlar haz\u0131rlayabilirsiniz. \u00dcr\u00fcn\u00fcm\u00fcz, dengeli baharat profili sayesinde hem sade \u015fekilde hem de \u00e7e\u015fitli soslarla birlikte \u00e7ok iyi uyum sa\u011flar.<\/span><\/p>\n<p><b>Saklama Tavsiyeleri<\/b><\/p>\n<ul>\n<li style=\"font-weight: 400;\" aria-level=\"1\"><span style=\"font-weight: 400;\">\u00dcr\u00fcn\u00fc \u00e7\u00f6zd\u00fcrmeden dondurucuda muhafaza edin.<\/span><\/li>\n<li style=\"font-weight: 400;\" aria-level=\"1\"><span style=\"font-weight: 400;\">Ambalaj\u0131 a\u00e7t\u0131ktan sonra paketi dikkatlice kapat\u0131n.<\/span><\/li>\n<li style=\"font-weight: 400;\" aria-level=\"1\"><span style=\"font-weight: 400;\">\u00c7\u00f6z\u00fclen \u00fcr\u00fcn\u00fc tekrar dondurmay\u0131n.<\/span><\/li>\n<li style=\"font-weight: 400;\" aria-level=\"1\"><span style=\"font-weight: 400;\">\u00dcr\u00fcn\u00fc \u00f6nerilen saklama ko\u015fullar\u0131na uygun \u015fekilde muhafaza edin.<\/span><\/li>\n<li style=\"font-weight: 400;\" aria-level=\"1\"><span style=\"font-weight: 400;\">Son t\u00fcketim tarihine kadar dondurulmu\u015f olarak saklay\u0131n.<\/span><\/li>\n<\/ul>\n<p>&nbsp;<\/p>","protected":false},"excerpt":{"rendered":"<p><b>Dondurulmu\u015f Cevapcici \u0130zmir K\u00f6fte<\/b><b><br \/>\n<\/b><span style=\"font-weight: 400;\">Beynur Dondurulmu\u015f \u0130zmir K\u00f6fte, geleneksel \u0130zmir k\u00f6ftenin sevilen lezzetini pratik bir \u015fekilde sofralar\u0131n\u0131za ta\u015f\u0131yor. Bu \u00fcr\u00fcn\u00fcm\u00fcz, d\u0131\u015f\u0131 g\u00fczelce k\u0131zaran, i\u00e7i yumu\u015fak kalan yap\u0131s\u0131 ve dengeli baharat profiliyle hem g\u00fcnl\u00fck \u00f6\u011f\u00fcnlerde hem de \u00f6zenli sunumlarda i\u015ftah a\u00e7\u0131c\u0131 bir se\u00e7enek.\u00a0<\/span><\/p>\n<p><span style=\"font-weight: 400;\">Pi\u015firmeye haz\u0131r formu sayesinde mutfakta vakit kaybetmeden lezzetli sonu\u00e7lar elde etmenizi kolayla\u015ft\u0131ran bu \u00fcr\u00fcn %100 helal ve birinci s\u0131n\u0131f s\u0131\u011f\u0131r etinden olu\u015fuyor. Net 700 g i\u00e7eri\u011fe sahip pakette yakla\u015f\u0131k 28 adet k\u00f6fte bulunuyor ve her bir k\u00f6fte yakla\u015f\u0131k 25 g a\u011f\u0131rl\u0131\u011f\u0131nda.<\/span><\/p>","protected":false},"featured_media":1740,"template":"","meta":[],"product_brand":[],"product_cat":[17],"product_tag":[],"class_list":{"0":"post-869","1":"product","2":"type-product","3":"status-publish","4":"has-post-thumbnail","6":"product_cat-et-urunleri","8":"first","9":"instock","10":"shipping-taxable","11":"product-type-simple"},"yoast_head":"<!-- This site is optimized with the Yoast SEO plugin v26.8 - https:\/\/yoast.com\/product\/yoast-seo-wordpress\/ -->\n<title>Cevapcici \u0130zmir K\u00f6fte - Beynur<\/title>\n<meta name=\"robots\" content=\"index, follow, max-snippet:-1, max-image-preview:large, max-video-preview:-1\" \/>\n<link rel=\"canonical\" href=\"https:\/\/beynur.eu\/ar\/product-2\/\u0645\u0646\u062a\u062c\u0627\u062a\u0646\u0627-\u0643\u0641\u062a\u0629-\u0625\u0632\u0645\u064a\u0631\/\" \/>\n<meta property=\"og:locale\" content=\"ar_AR\" \/>\n<meta property=\"og:type\" content=\"article\" \/>\n<meta property=\"og:title\" content=\"Cevapcici \u0130zmir K\u00f6fte - Beynur\" \/>\n<meta property=\"og:description\" content=\"Dondurulmu\u015f Cevapcici \u0130zmir K\u00f6fte Beynur Dondurulmu\u015f \u0130zmir K\u00f6fte, geleneksel \u0130zmir k\u00f6ftenin sevilen lezzetini pratik bir \u015fekilde sofralar\u0131n\u0131za ta\u015f\u0131yor. Bu \u00fcr\u00fcn\u00fcm\u00fcz, d\u0131\u015f\u0131 g\u00fczelce k\u0131zaran, i\u00e7i yumu\u015fak kalan yap\u0131s\u0131 ve dengeli baharat profiliyle hem g\u00fcnl\u00fck \u00f6\u011f\u00fcnlerde hem de \u00f6zenli sunumlarda i\u015ftah a\u00e7\u0131c\u0131 bir se\u00e7enek.\u00a0  Pi\u015firmeye haz\u0131r formu sayesinde mutfakta vakit kaybetmeden lezzetli sonu\u00e7lar elde etmenizi kolayla\u015ft\u0131ran bu \u00fcr\u00fcn %100 helal ve birinci s\u0131n\u0131f s\u0131\u011f\u0131r etinden olu\u015fuyor. Net 700 g i\u00e7eri\u011fe sahip pakette yakla\u015f\u0131k 28 adet k\u00f6fte bulunuyor ve her bir k\u00f6fte yakla\u015f\u0131k 25 g a\u011f\u0131rl\u0131\u011f\u0131nda.\" \/>\n<meta property=\"og:url\" content=\"https:\/\/beynur.eu\/ar\/product-2\/\u0645\u0646\u062a\u062c\u0627\u062a\u0646\u0627-\u0643\u0641\u062a\u0629-\u0625\u0632\u0645\u064a\u0631\/\" \/>\n<meta property=\"og:site_name\" content=\"Beynur\" \/>\n<meta property=\"article:modified_time\" content=\"2026-04-30T13:13:07+00:00\" \/>\n<meta property=\"og:image\" content=\"https:\/\/beynur.eu\/wp-content\/uploads\/2021\/12\/Cevapcici-Izmir-1024x1024.png\" \/>\n\t<meta property=\"og:image:width\" content=\"1024\" \/>\n\t<meta property=\"og:image:height\" content=\"1024\" \/>\n\t<meta property=\"og:image:type\" content=\"image\/png\" \/>\n<meta name=\"twitter:card\" content=\"summary_large_image\" \/>\n<meta name=\"twitter:label1\" content=\"\u0648\u0642\u062a \u0627\u0644\u0642\u0631\u0627\u0621\u0629 \u0627\u0644\u0645\u064f\u0642\u062f\u0651\u0631\" \/>\n\t<meta name=\"twitter:data1\" content=\"\u062f\u0642\u064a\u0642\u0629 \u0648\u0627\u062d\u062f\u0629\" \/>\n<script type=\"application\/ld+json\" class=\"yoast-schema-graph\">{\"@context\":\"https:\/\/schema.org\",\"@graph\":[{\"@type\":\"WebPage\",\"@id\":\"https:\/\/beynur.eu\/urun\/cevapcici-izmir-kofte\/\",\"url\":\"https:\/\/beynur.eu\/urun\/cevapcici-izmir-kofte\/\",\"name\":\"Cevapcici \u0130zmir K\u00f6fte - Beynur\",\"isPartOf\":{\"@id\":\"https:\/\/beynur.eu\/#website\"},\"primaryImageOfPage\":{\"@id\":\"https:\/\/beynur.eu\/urun\/cevapcici-izmir-kofte\/#primaryimage\"},\"image\":{\"@id\":\"https:\/\/beynur.eu\/urun\/cevapcici-izmir-kofte\/#primaryimage\"},\"thumbnailUrl\":\"https:\/\/beynur.eu\/wp-content\/uploads\/2021\/12\/Cevapcici-Izmir.png\",\"datePublished\":\"2021-12-07T16:46:13+00:00\",\"dateModified\":\"2026-04-30T13:13:07+00:00\",\"breadcrumb\":{\"@id\":\"https:\/\/beynur.eu\/urun\/cevapcici-izmir-kofte\/#breadcrumb\"},\"inLanguage\":\"ar\",\"potentialAction\":[{\"@type\":\"ReadAction\",\"target\":[\"https:\/\/beynur.eu\/urun\/cevapcici-izmir-kofte\/\"]}]},{\"@type\":\"ImageObject\",\"inLanguage\":\"ar\",\"@id\":\"https:\/\/beynur.eu\/urun\/cevapcici-izmir-kofte\/#primaryimage\",\"url\":\"https:\/\/beynur.eu\/wp-content\/uploads\/2021\/12\/Cevapcici-Izmir.png\",\"contentUrl\":\"https:\/\/beynur.eu\/wp-content\/uploads\/2021\/12\/Cevapcici-Izmir.png\",\"width\":2000,\"height\":2000},{\"@type\":\"BreadcrumbList\",\"@id\":\"https:\/\/beynur.eu\/urun\/cevapcici-izmir-kofte\/#breadcrumb\",\"itemListElement\":[{\"@type\":\"ListItem\",\"position\":1,\"name\":\"Home\",\"item\":\"https:\/\/beynur.eu\/\"},{\"@type\":\"ListItem\",\"position\":2,\"name\":\"\u00dcr\u00fcnlerimiz\",\"item\":\"https:\/\/beynur.eu\/en\/urunlerimiz\/\"},{\"@type\":\"ListItem\",\"position\":3,\"name\":\"Cevapcici \u0130zmir K\u00f6fte\"}]},{\"@type\":\"WebSite\",\"@id\":\"https:\/\/beynur.eu\/#website\",\"url\":\"https:\/\/beynur.eu\/\",\"name\":\"Beynur\",\"description\":\"\u0130lk g\u00fcnk\u00fc a\u015fkla, muhte\u015fem tatlar.\",\"potentialAction\":[{\"@type\":\"SearchAction\",\"target\":{\"@type\":\"EntryPoint\",\"urlTemplate\":\"https:\/\/beynur.eu\/?s={search_term_string}\"},\"query-input\":{\"@type\":\"PropertyValueSpecification\",\"valueRequired\":true,\"valueName\":\"search_term_string\"}}],\"inLanguage\":\"ar\"}]}<\/script>\n<!-- \/ Yoast SEO plugin. -->","yoast_head_json":{"title":"Cevapcici \u0130zmir K\u00f6fte - Beynur","robots":{"index":"index","follow":"follow","max-snippet":"max-snippet:-1","max-image-preview":"max-image-preview:large","max-video-preview":"max-video-preview:-1"},"canonical":"https:\/\/beynur.eu\/ar\/product-2\/\u0645\u0646\u062a\u062c\u0627\u062a\u0646\u0627-\u0643\u0641\u062a\u0629-\u0625\u0632\u0645\u064a\u0631\/","og_locale":"ar_AR","og_type":"article","og_title":"Cevapcici \u0130zmir K\u00f6fte - Beynur","og_description":"Dondurulmu\u015f Cevapcici \u0130zmir K\u00f6fte Beynur Dondurulmu\u015f \u0130zmir K\u00f6fte, geleneksel \u0130zmir k\u00f6ftenin sevilen lezzetini pratik bir \u015fekilde sofralar\u0131n\u0131za ta\u015f\u0131yor. Bu \u00fcr\u00fcn\u00fcm\u00fcz, d\u0131\u015f\u0131 g\u00fczelce k\u0131zaran, i\u00e7i yumu\u015fak kalan yap\u0131s\u0131 ve dengeli baharat profiliyle hem g\u00fcnl\u00fck \u00f6\u011f\u00fcnlerde hem de \u00f6zenli sunumlarda i\u015ftah a\u00e7\u0131c\u0131 bir se\u00e7enek.\u00a0  Pi\u015firmeye haz\u0131r formu sayesinde mutfakta vakit kaybetmeden lezzetli sonu\u00e7lar elde etmenizi kolayla\u015ft\u0131ran bu \u00fcr\u00fcn %100 helal ve birinci s\u0131n\u0131f s\u0131\u011f\u0131r etinden olu\u015fuyor. Net 700 g i\u00e7eri\u011fe sahip pakette yakla\u015f\u0131k 28 adet k\u00f6fte bulunuyor ve her bir k\u00f6fte yakla\u015f\u0131k 25 g a\u011f\u0131rl\u0131\u011f\u0131nda.","og_url":"https:\/\/beynur.eu\/ar\/product-2\/\u0645\u0646\u062a\u062c\u0627\u062a\u0646\u0627-\u0643\u0641\u062a\u0629-\u0625\u0632\u0645\u064a\u0631\/","og_site_name":"Beynur","article_modified_time":"2026-04-30T13:13:07+00:00","og_image":[{"width":1024,"height":1024,"url":"https:\/\/beynur.eu\/wp-content\/uploads\/2021\/12\/Cevapcici-Izmir-1024x1024.png","type":"image\/png"}],"twitter_card":"summary_large_image","twitter_misc":{"\u0648\u0642\u062a \u0627\u0644\u0642\u0631\u0627\u0621\u0629 \u0627\u0644\u0645\u064f\u0642\u062f\u0651\u0631":"\u062f\u0642\u064a\u0642\u0629 \u0648\u0627\u062d\u062f\u0629"},"schema":{"@context":"https:\/\/schema.org","@graph":[{"@type":"WebPage","@id":"https:\/\/beynur.eu\/urun\/cevapcici-izmir-kofte\/","url":"https:\/\/beynur.eu\/urun\/cevapcici-izmir-kofte\/","name":"Cevapcici \u0130zmir K\u00f6fte - Beynur","isPartOf":{"@id":"https:\/\/beynur.eu\/#website"},"primaryImageOfPage":{"@id":"https:\/\/beynur.eu\/urun\/cevapcici-izmir-kofte\/#primaryimage"},"image":{"@id":"https:\/\/beynur.eu\/urun\/cevapcici-izmir-kofte\/#primaryimage"},"thumbnailUrl":"https:\/\/beynur.eu\/wp-content\/uploads\/2021\/12\/Cevapcici-Izmir.png","datePublished":"2021-12-07T16:46:13+00:00","dateModified":"2026-04-30T13:13:07+00:00","breadcrumb":{"@id":"https:\/\/beynur.eu\/urun\/cevapcici-izmir-kofte\/#breadcrumb"},"inLanguage":"ar","potentialAction":[{"@type":"ReadAction","target":["https:\/\/beynur.eu\/urun\/cevapcici-izmir-kofte\/"]}]},{"@type":"ImageObject","inLanguage":"ar","@id":"https:\/\/beynur.eu\/urun\/cevapcici-izmir-kofte\/#primaryimage","url":"https:\/\/beynur.eu\/wp-content\/uploads\/2021\/12\/Cevapcici-Izmir.png","contentUrl":"https:\/\/beynur.eu\/wp-content\/uploads\/2021\/12\/Cevapcici-Izmir.png","width":2000,"height":2000},{"@type":"BreadcrumbList","@id":"https:\/\/beynur.eu\/urun\/cevapcici-izmir-kofte\/#breadcrumb","itemListElement":[{"@type":"ListItem","position":1,"name":"Home","item":"https:\/\/beynur.eu\/"},{"@type":"ListItem","position":2,"name":"\u00dcr\u00fcnlerimiz","item":"https:\/\/beynur.eu\/en\/urunlerimiz\/"},{"@type":"ListItem","position":3,"name":"Cevapcici \u0130zmir K\u00f6fte"}]},{"@type":"WebSite","@id":"https:\/\/beynur.eu\/#website","url":"https:\/\/beynur.eu\/","name":"Beynur","description":"\u0130lk g\u00fcnk\u00fc a\u015fkla, muhte\u015fem tatlar.","potentialAction":[{"@type":"SearchAction","target":{"@type":"EntryPoint","urlTemplate":"https:\/\/beynur.eu\/?s={search_term_string}"},"query-input":{"@type":"PropertyValueSpecification","valueRequired":true,"valueName":"search_term_string"}}],"inLanguage":"ar"}]}},"_links":{"self":[{"href":"https:\/\/beynur.eu\/ar\/wp-json\/wp\/v2\/product\/869","targetHints":{"allow":["GET"]}}],"collection":[{"href":"https:\/\/beynur.eu\/ar\/wp-json\/wp\/v2\/product"}],"about":[{"href":"https:\/\/beynur.eu\/ar\/wp-json\/wp\/v2\/types\/product"}],"wp:featuredmedia":[{"embeddable":true,"href":"https:\/\/beynur.eu\/ar\/wp-json\/wp\/v2\/media\/1740"}],"wp:attachment":[{"href":"https:\/\/beynur.eu\/ar\/wp-json\/wp\/v2\/media?parent=869"}],"wp:term":[{"taxonomy":"product_brand","embeddable":true,"href":"https:\/\/beynur.eu\/ar\/wp-json\/wp\/v2\/product_brand?post=869"},{"taxonomy":"product_cat","embeddable":true,"href":"https:\/\/beynur.eu\/ar\/wp-json\/wp\/v2\/product_cat?post=869"},{"taxonomy":"product_tag","embeddable":true,"href":"https:\/\/beynur.eu\/ar\/wp-json\/wp\/v2\/product_tag?post=869"}],"curies":[{"name":"wp","href":"https:\/\/api.w.org\/{rel}","templated":true}]}}