{"id":883,"date":"2021-12-07T16:51:30","date_gmt":"2021-12-07T16:51:30","guid":{"rendered":"https:\/\/beynur.eu\/?post_type=product&#038;p=883"},"modified":"2026-03-08T12:40:08","modified_gmt":"2026-03-08T12:40:08","slug":"sebzeli-balik-burger","status":"publish","type":"product","link":"https:\/\/beynur.eu\/ar\/product-2\/sebzeli-balik-burger\/","title":{"rendered":"\u0628\u0631\u063a\u0631 \u0627\u0644\u0633\u0645\u0643 \u0627\u0644\u0646\u0628\u0627\u062a\u064a"},"content":{"rendered":"<p>Beynur Sebzeli Bal\u0131k Burger, taze bal\u0131klarla sebzelerin muhte\u015fem uyumu sonucu olu\u015fan bir lezzettir. \u00c7ocuklar\u0131n\u0131z\u0131n severek yiyece\u011fi Sebzeli Bal\u0131k Burger\u2019de so\u011fan, bezelye, havu\u00e7 ve m\u0131s\u0131r i\u00e7 olarak kullan\u0131l\u0131rken ekmek k\u0131r\u0131nt\u0131lar\u0131 ve \u00e7\u0131t\u0131r pane harc\u0131 ile k\u0131zart\u0131larak \u00fcretilmi\u015ftir.<\/p>\n<p>Haz\u0131rlan\u0131\u015f\u0131 pratik, lezzeti enfes olan Sebzeli Bal\u0131k Burger\u2019i farkl\u0131 soslarla deneyebilir yan\u0131na k\u0131zartmalarla g\u00fczel bir sofra haz\u0131rlayabilirsiniz. Beynur Sebzeli Bal\u0131k Burger ile \u00e7ocuklar\u0131n\u0131z hem bal\u0131k yemeye al\u0131\u015facak hem de sebze t\u00fcketecek.<\/p>\n<p>---<\/p>\n<p><strong>\u0627\u0644\u062a\u062e\u0632\u064a\u0646:<\/strong><\/p>\n<p>\u0641\u064a \u0627\u0644\u062b\u0644\u0627\u062c\u0629 \u0644\u0645\u062f\u0629 \u064a\u0648\u0645\u064a\u0646.<\/p>\n<p>\u0641\u064a \u0627\u0644\u0645\u062c\u0645\u062f \u0630\u064a \u0646\u062c\u0645\u0629 \u0648\u0627\u062d\u062f\u0629 * \u0644\u0645\u062f\u0629 \u0623\u0633\u0628\u0648\u0639 \u0648\u0627\u062d\u062f.<\/p>\n<p>\u0641\u064a \u0627\u0644\u0645\u062c\u0645\u062f \u0630\u064a \u0646\u062c\u0645\u0629 \u0648\u0627\u062d\u062f\u0629 ** \u0644\u0645\u062f\u0629 \u0623\u0633\u0628\u0648\u0639 \u0648\u0627\u062d\u062f.<\/p>\n<p>\u0641\u064a \u0627\u0644\u0645\u062c\u0645\u062f \u0630\u064a \u062b\u0644\u0627\u062b \u0646\u062c\u0648\u0645 *** ( -18 C): \u0627\u0646\u0638\u0631 \u062a\u0627\u0631\u064a\u062e \u0627\u0646\u062a\u0647\u0627\u0621 \u0627\u0644\u0635\u0644\u0627\u062d\u064a\u0629.<\/p>","protected":false},"excerpt":{"rendered":"<p>Beynur Sebzeli Bal\u0131k Burger, taze bal\u0131klarla sebzelerin muhte\u015fem uyumu sonucu olu\u015fan bir lezzettir. \u00c7ocuklar\u0131n\u0131z\u0131n severek yiyece\u011fi Sebzeli Bal\u0131k Burger\u2019de so\u011fan, bezelye, havu\u00e7 ve m\u0131s\u0131r i\u00e7 olarak kullan\u0131l\u0131rken ekmek k\u0131r\u0131nt\u0131lar\u0131 ve \u00e7\u0131t\u0131r pane harc\u0131 ile k\u0131zart\u0131larak \u00fcretilmi\u015ftir.<\/p>\n<p>Haz\u0131rlan\u0131\u015f\u0131 pratik, lezzeti enfes olan Sebzeli Bal\u0131k Burger\u2019i farkl\u0131 soslarla deneyebilir yan\u0131na k\u0131zartmalarla g\u00fczel bir sofra haz\u0131rlayabilirsiniz. Beynur Sebzeli Bal\u0131k Burger ile \u00e7ocuklar\u0131n\u0131z hem bal\u0131k yemeye al\u0131\u015facak hem de sebze t\u00fcketecek.<\/p>","protected":false},"featured_media":884,"template":"","meta":[],"product_brand":[],"product_cat":[19],"product_tag":[],"class_list":{"0":"post-883","1":"product","2":"type-product","3":"status-publish","4":"has-post-thumbnail","6":"product_cat-balik-urunleri","8":"first","9":"instock","10":"shipping-taxable","11":"product-type-simple"},"yoast_head":"<!-- This site is optimized with the Yoast SEO plugin v26.8 - https:\/\/yoast.com\/product\/yoast-seo-wordpress\/ -->\n<title>Sebzeli Bal\u0131k Burger - Beynur<\/title>\n<meta name=\"robots\" content=\"index, follow, max-snippet:-1, max-image-preview:large, max-video-preview:-1\" \/>\n<link rel=\"canonical\" href=\"https:\/\/beynur.eu\/ar\/product-2\/sebzeli-balik-burger\/\" \/>\n<meta property=\"og:locale\" content=\"ar_AR\" \/>\n<meta property=\"og:type\" content=\"article\" \/>\n<meta property=\"og:title\" content=\"Sebzeli Bal\u0131k Burger - Beynur\" \/>\n<meta property=\"og:description\" content=\"Beynur Sebzeli Bal\u0131k Burger, taze bal\u0131klarla sebzelerin muhte\u015fem uyumu sonucu olu\u015fan bir lezzettir. \u00c7ocuklar\u0131n\u0131z\u0131n severek yiyece\u011fi Sebzeli Bal\u0131k Burger\u2019de so\u011fan, bezelye, havu\u00e7 ve m\u0131s\u0131r i\u00e7 olarak kullan\u0131l\u0131rken ekmek k\u0131r\u0131nt\u0131lar\u0131 ve \u00e7\u0131t\u0131r pane harc\u0131 ile k\u0131zart\u0131larak \u00fcretilmi\u015ftir.  Haz\u0131rlan\u0131\u015f\u0131 pratik, lezzeti enfes olan Sebzeli Bal\u0131k Burger\u2019i farkl\u0131 soslarla deneyebilir yan\u0131na k\u0131zartmalarla g\u00fczel bir sofra haz\u0131rlayabilirsiniz. Beynur Sebzeli Bal\u0131k Burger ile \u00e7ocuklar\u0131n\u0131z hem bal\u0131k yemeye al\u0131\u015facak hem de sebze t\u00fcketecek.\" \/>\n<meta property=\"og:url\" content=\"https:\/\/beynur.eu\/ar\/product-2\/sebzeli-balik-burger\/\" \/>\n<meta property=\"og:site_name\" content=\"Beynur\" \/>\n<meta property=\"article:modified_time\" content=\"2026-03-08T12:40:08+00:00\" \/>\n<meta property=\"og:image\" content=\"https:\/\/beynur.eu\/wp-content\/uploads\/2021\/12\/Sebzeli_Balik_Burger.jpg\" \/>\n\t<meta property=\"og:image:width\" content=\"1000\" \/>\n\t<meta property=\"og:image:height\" content=\"1000\" \/>\n\t<meta property=\"og:image:type\" content=\"image\/jpeg\" \/>\n<meta name=\"twitter:card\" content=\"summary_large_image\" \/>\n<meta name=\"twitter:label1\" content=\"\u0648\u0642\u062a \u0627\u0644\u0642\u0631\u0627\u0621\u0629 \u0627\u0644\u0645\u064f\u0642\u062f\u0651\u0631\" \/>\n\t<meta name=\"twitter:data1\" content=\"\u062f\u0642\u064a\u0642\u0629 \u0648\u0627\u062d\u062f\u0629\" \/>\n<script type=\"application\/ld+json\" class=\"yoast-schema-graph\">{\"@context\":\"https:\/\/schema.org\",\"@graph\":[{\"@type\":\"WebPage\",\"@id\":\"https:\/\/beynur.eu\/urun\/sebzeli-balik-burger\/\",\"url\":\"https:\/\/beynur.eu\/urun\/sebzeli-balik-burger\/\",\"name\":\"Sebzeli Bal\u0131k Burger - Beynur\",\"isPartOf\":{\"@id\":\"https:\/\/beynur.eu\/#website\"},\"primaryImageOfPage\":{\"@id\":\"https:\/\/beynur.eu\/urun\/sebzeli-balik-burger\/#primaryimage\"},\"image\":{\"@id\":\"https:\/\/beynur.eu\/urun\/sebzeli-balik-burger\/#primaryimage\"},\"thumbnailUrl\":\"https:\/\/beynur.eu\/wp-content\/uploads\/2021\/12\/Sebzeli_Balik_Burger.jpg\",\"datePublished\":\"2021-12-07T16:51:30+00:00\",\"dateModified\":\"2026-03-08T12:40:08+00:00\",\"breadcrumb\":{\"@id\":\"https:\/\/beynur.eu\/urun\/sebzeli-balik-burger\/#breadcrumb\"},\"inLanguage\":\"ar\",\"potentialAction\":[{\"@type\":\"ReadAction\",\"target\":[\"https:\/\/beynur.eu\/urun\/sebzeli-balik-burger\/\"]}]},{\"@type\":\"ImageObject\",\"inLanguage\":\"ar\",\"@id\":\"https:\/\/beynur.eu\/urun\/sebzeli-balik-burger\/#primaryimage\",\"url\":\"https:\/\/beynur.eu\/wp-content\/uploads\/2021\/12\/Sebzeli_Balik_Burger.jpg\",\"contentUrl\":\"https:\/\/beynur.eu\/wp-content\/uploads\/2021\/12\/Sebzeli_Balik_Burger.jpg\",\"width\":1000,\"height\":1000},{\"@type\":\"BreadcrumbList\",\"@id\":\"https:\/\/beynur.eu\/urun\/sebzeli-balik-burger\/#breadcrumb\",\"itemListElement\":[{\"@type\":\"ListItem\",\"position\":1,\"name\":\"Home\",\"item\":\"https:\/\/beynur.eu\/\"},{\"@type\":\"ListItem\",\"position\":2,\"name\":\"\u00dcr\u00fcnlerimiz\",\"item\":\"https:\/\/beynur.eu\/en\/urunlerimiz\/\"},{\"@type\":\"ListItem\",\"position\":3,\"name\":\"Sebzeli Bal\u0131k Burger\"}]},{\"@type\":\"WebSite\",\"@id\":\"https:\/\/beynur.eu\/#website\",\"url\":\"https:\/\/beynur.eu\/\",\"name\":\"Beynur\",\"description\":\"\u0130lk g\u00fcnk\u00fc a\u015fkla, muhte\u015fem tatlar.\",\"potentialAction\":[{\"@type\":\"SearchAction\",\"target\":{\"@type\":\"EntryPoint\",\"urlTemplate\":\"https:\/\/beynur.eu\/?s={search_term_string}\"},\"query-input\":{\"@type\":\"PropertyValueSpecification\",\"valueRequired\":true,\"valueName\":\"search_term_string\"}}],\"inLanguage\":\"ar\"}]}<\/script>\n<!-- \/ Yoast SEO plugin. -->","yoast_head_json":{"title":"Sebzeli Bal\u0131k Burger - Beynur","robots":{"index":"index","follow":"follow","max-snippet":"max-snippet:-1","max-image-preview":"max-image-preview:large","max-video-preview":"max-video-preview:-1"},"canonical":"https:\/\/beynur.eu\/ar\/product-2\/sebzeli-balik-burger\/","og_locale":"ar_AR","og_type":"article","og_title":"Sebzeli Bal\u0131k Burger - Beynur","og_description":"Beynur Sebzeli Bal\u0131k Burger, taze bal\u0131klarla sebzelerin muhte\u015fem uyumu sonucu olu\u015fan bir lezzettir. \u00c7ocuklar\u0131n\u0131z\u0131n severek yiyece\u011fi Sebzeli Bal\u0131k Burger\u2019de so\u011fan, bezelye, havu\u00e7 ve m\u0131s\u0131r i\u00e7 olarak kullan\u0131l\u0131rken ekmek k\u0131r\u0131nt\u0131lar\u0131 ve \u00e7\u0131t\u0131r pane harc\u0131 ile k\u0131zart\u0131larak \u00fcretilmi\u015ftir.  Haz\u0131rlan\u0131\u015f\u0131 pratik, lezzeti enfes olan Sebzeli Bal\u0131k Burger\u2019i farkl\u0131 soslarla deneyebilir yan\u0131na k\u0131zartmalarla g\u00fczel bir sofra haz\u0131rlayabilirsiniz. Beynur Sebzeli Bal\u0131k Burger ile \u00e7ocuklar\u0131n\u0131z hem bal\u0131k yemeye al\u0131\u015facak hem de sebze t\u00fcketecek.","og_url":"https:\/\/beynur.eu\/ar\/product-2\/sebzeli-balik-burger\/","og_site_name":"Beynur","article_modified_time":"2026-03-08T12:40:08+00:00","og_image":[{"width":1000,"height":1000,"url":"https:\/\/beynur.eu\/wp-content\/uploads\/2021\/12\/Sebzeli_Balik_Burger.jpg","type":"image\/jpeg"}],"twitter_card":"summary_large_image","twitter_misc":{"\u0648\u0642\u062a \u0627\u0644\u0642\u0631\u0627\u0621\u0629 \u0627\u0644\u0645\u064f\u0642\u062f\u0651\u0631":"\u062f\u0642\u064a\u0642\u0629 \u0648\u0627\u062d\u062f\u0629"},"schema":{"@context":"https:\/\/schema.org","@graph":[{"@type":"WebPage","@id":"https:\/\/beynur.eu\/urun\/sebzeli-balik-burger\/","url":"https:\/\/beynur.eu\/urun\/sebzeli-balik-burger\/","name":"Sebzeli Bal\u0131k Burger - Beynur","isPartOf":{"@id":"https:\/\/beynur.eu\/#website"},"primaryImageOfPage":{"@id":"https:\/\/beynur.eu\/urun\/sebzeli-balik-burger\/#primaryimage"},"image":{"@id":"https:\/\/beynur.eu\/urun\/sebzeli-balik-burger\/#primaryimage"},"thumbnailUrl":"https:\/\/beynur.eu\/wp-content\/uploads\/2021\/12\/Sebzeli_Balik_Burger.jpg","datePublished":"2021-12-07T16:51:30+00:00","dateModified":"2026-03-08T12:40:08+00:00","breadcrumb":{"@id":"https:\/\/beynur.eu\/urun\/sebzeli-balik-burger\/#breadcrumb"},"inLanguage":"ar","potentialAction":[{"@type":"ReadAction","target":["https:\/\/beynur.eu\/urun\/sebzeli-balik-burger\/"]}]},{"@type":"ImageObject","inLanguage":"ar","@id":"https:\/\/beynur.eu\/urun\/sebzeli-balik-burger\/#primaryimage","url":"https:\/\/beynur.eu\/wp-content\/uploads\/2021\/12\/Sebzeli_Balik_Burger.jpg","contentUrl":"https:\/\/beynur.eu\/wp-content\/uploads\/2021\/12\/Sebzeli_Balik_Burger.jpg","width":1000,"height":1000},{"@type":"BreadcrumbList","@id":"https:\/\/beynur.eu\/urun\/sebzeli-balik-burger\/#breadcrumb","itemListElement":[{"@type":"ListItem","position":1,"name":"Home","item":"https:\/\/beynur.eu\/"},{"@type":"ListItem","position":2,"name":"\u00dcr\u00fcnlerimiz","item":"https:\/\/beynur.eu\/en\/urunlerimiz\/"},{"@type":"ListItem","position":3,"name":"Sebzeli Bal\u0131k Burger"}]},{"@type":"WebSite","@id":"https:\/\/beynur.eu\/#website","url":"https:\/\/beynur.eu\/","name":"Beynur","description":"\u0130lk g\u00fcnk\u00fc a\u015fkla, muhte\u015fem tatlar.","potentialAction":[{"@type":"SearchAction","target":{"@type":"EntryPoint","urlTemplate":"https:\/\/beynur.eu\/?s={search_term_string}"},"query-input":{"@type":"PropertyValueSpecification","valueRequired":true,"valueName":"search_term_string"}}],"inLanguage":"ar"}]}},"_links":{"self":[{"href":"https:\/\/beynur.eu\/ar\/wp-json\/wp\/v2\/product\/883","targetHints":{"allow":["GET"]}}],"collection":[{"href":"https:\/\/beynur.eu\/ar\/wp-json\/wp\/v2\/product"}],"about":[{"href":"https:\/\/beynur.eu\/ar\/wp-json\/wp\/v2\/types\/product"}],"wp:featuredmedia":[{"embeddable":true,"href":"https:\/\/beynur.eu\/ar\/wp-json\/wp\/v2\/media\/884"}],"wp:attachment":[{"href":"https:\/\/beynur.eu\/ar\/wp-json\/wp\/v2\/media?parent=883"}],"wp:term":[{"taxonomy":"product_brand","embeddable":true,"href":"https:\/\/beynur.eu\/ar\/wp-json\/wp\/v2\/product_brand?post=883"},{"taxonomy":"product_cat","embeddable":true,"href":"https:\/\/beynur.eu\/ar\/wp-json\/wp\/v2\/product_cat?post=883"},{"taxonomy":"product_tag","embeddable":true,"href":"https:\/\/beynur.eu\/ar\/wp-json\/wp\/v2\/product_tag?post=883"}],"curies":[{"name":"wp","href":"https:\/\/api.w.org\/{rel}","templated":true}]}}