{"id":964,"date":"2022-06-09T21:04:53","date_gmt":"2022-06-09T21:04:53","guid":{"rendered":"https:\/\/beynur.eu\/?post_type=product&#038;p=964"},"modified":"2026-03-08T12:44:49","modified_gmt":"2026-03-08T12:44:49","slug":"pizza-kebab","status":"publish","type":"product","link":"https:\/\/beynur.eu\/ar\/product-2\/pizza-kebab\/","title":{"rendered":"\u0628\u064a\u062a\u0632\u0627 \u0643\u0628\u0627\u0628"},"content":{"rendered":"","protected":false},"excerpt":{"rendered":"<p>Beynur&#8217;un d\u00f6nerli pizzas\u0131, pizza severler i\u00e7in hakiki manada y\u00fckselen bir y\u0131ld\u0131z. Tarifsiz bir lezzete sahip olan bu \u00fcr\u00fcn\u00fc haz\u0131rlamak da inan\u0131lmaz derecede kolay. Bu lezzeti tadarken dana eti ile do\u011fal peynirin o m\u00fckemmel lezzet ahenginin fark\u0131na varacak ve bu pizzay\u0131 derin dondurucununzda her daim bulundurmak isteyeceksiniz.<\/p>\n<p>Bu pizza ile art\u0131k sadece beklenmedik misafirlerinize de\u011fil, ayn\u0131 zamanda aniden b\u00fcy\u00fck bir a\u00e7l\u0131k hissine kap\u0131lan \u00e7ocuklar\u0131n\u0131za da s\u00fcrpriz yapacak, onlar\u0131 adeta bu lezzetin tiryakisi haline getireceksiniz. Bu lezzet, \u00f6\u011f\u00fcnlerinizi zenginle\u015ftirmek i\u00e7in harika bir se\u00e7im.<\/p>","protected":false},"featured_media":965,"template":"","meta":[],"product_brand":[],"product_cat":[20],"product_tag":[],"class_list":{"0":"post-964","1":"product","2":"type-product","3":"status-publish","4":"has-post-thumbnail","6":"product_cat-unlu-mamuller","8":"first","9":"instock","10":"featured","11":"shipping-taxable","12":"product-type-simple"},"yoast_head":"<!-- This site is optimized with the Yoast SEO plugin v26.8 - https:\/\/yoast.com\/product\/yoast-seo-wordpress\/ -->\n<title>Pizza Kebab - Beynur<\/title>\n<meta name=\"robots\" content=\"index, follow, max-snippet:-1, max-image-preview:large, max-video-preview:-1\" \/>\n<link rel=\"canonical\" href=\"https:\/\/beynur.eu\/ar\/product-2\/pizza-kebab\/\" \/>\n<meta property=\"og:locale\" content=\"ar_AR\" \/>\n<meta property=\"og:type\" content=\"article\" \/>\n<meta property=\"og:title\" content=\"Pizza Kebab - Beynur\" \/>\n<meta property=\"og:description\" content=\"Beynur&#039;un d\u00f6nerli pizzas\u0131, pizza severler i\u00e7in hakiki manada y\u00fckselen bir y\u0131ld\u0131z. Tarifsiz bir lezzete sahip olan bu \u00fcr\u00fcn\u00fc haz\u0131rlamak da inan\u0131lmaz derecede kolay. Bu lezzeti tadarken dana eti ile do\u011fal peynirin o m\u00fckemmel lezzet ahenginin fark\u0131na varacak ve bu pizzay\u0131 derin dondurucununzda her daim bulundurmak isteyeceksiniz.  Bu pizza ile art\u0131k sadece beklenmedik misafirlerinize de\u011fil, ayn\u0131 zamanda aniden b\u00fcy\u00fck bir a\u00e7l\u0131k hissine kap\u0131lan \u00e7ocuklar\u0131n\u0131za da s\u00fcrpriz yapacak, onlar\u0131 adeta bu lezzetin tiryakisi haline getireceksiniz. Bu lezzet, \u00f6\u011f\u00fcnlerinizi zenginle\u015ftirmek i\u00e7in harika bir se\u00e7im.\" \/>\n<meta property=\"og:url\" content=\"https:\/\/beynur.eu\/ar\/product-2\/pizza-kebab\/\" \/>\n<meta property=\"og:site_name\" content=\"Beynur\" \/>\n<meta property=\"article:modified_time\" content=\"2026-03-08T12:44:49+00:00\" \/>\n<meta property=\"og:image\" content=\"https:\/\/beynur.eu\/wp-content\/uploads\/2022\/06\/pizzadonerli.jpg\" \/>\n\t<meta property=\"og:image:width\" content=\"1000\" \/>\n\t<meta property=\"og:image:height\" content=\"1000\" \/>\n\t<meta property=\"og:image:type\" content=\"image\/jpeg\" \/>\n<meta name=\"twitter:card\" content=\"summary_large_image\" \/>\n<meta name=\"twitter:label1\" content=\"\u0648\u0642\u062a \u0627\u0644\u0642\u0631\u0627\u0621\u0629 \u0627\u0644\u0645\u064f\u0642\u062f\u0651\u0631\" \/>\n\t<meta name=\"twitter:data1\" content=\"\u062f\u0642\u064a\u0642\u0629 \u0648\u0627\u062d\u062f\u0629\" \/>\n<script type=\"application\/ld+json\" class=\"yoast-schema-graph\">{\"@context\":\"https:\/\/schema.org\",\"@graph\":[{\"@type\":\"WebPage\",\"@id\":\"https:\/\/beynur.eu\/urun\/pizza-kebab\/\",\"url\":\"https:\/\/beynur.eu\/urun\/pizza-kebab\/\",\"name\":\"Pizza Kebab - Beynur\",\"isPartOf\":{\"@id\":\"https:\/\/beynur.eu\/#website\"},\"primaryImageOfPage\":{\"@id\":\"https:\/\/beynur.eu\/urun\/pizza-kebab\/#primaryimage\"},\"image\":{\"@id\":\"https:\/\/beynur.eu\/urun\/pizza-kebab\/#primaryimage\"},\"thumbnailUrl\":\"https:\/\/beynur.eu\/wp-content\/uploads\/2022\/06\/pizzadonerli.jpg\",\"datePublished\":\"2022-06-09T21:04:53+00:00\",\"dateModified\":\"2026-03-08T12:44:49+00:00\",\"breadcrumb\":{\"@id\":\"https:\/\/beynur.eu\/urun\/pizza-kebab\/#breadcrumb\"},\"inLanguage\":\"ar\",\"potentialAction\":[{\"@type\":\"ReadAction\",\"target\":[\"https:\/\/beynur.eu\/urun\/pizza-kebab\/\"]}]},{\"@type\":\"ImageObject\",\"inLanguage\":\"ar\",\"@id\":\"https:\/\/beynur.eu\/urun\/pizza-kebab\/#primaryimage\",\"url\":\"https:\/\/beynur.eu\/wp-content\/uploads\/2022\/06\/pizzadonerli.jpg\",\"contentUrl\":\"https:\/\/beynur.eu\/wp-content\/uploads\/2022\/06\/pizzadonerli.jpg\",\"width\":1000,\"height\":1000},{\"@type\":\"BreadcrumbList\",\"@id\":\"https:\/\/beynur.eu\/urun\/pizza-kebab\/#breadcrumb\",\"itemListElement\":[{\"@type\":\"ListItem\",\"position\":1,\"name\":\"Home\",\"item\":\"https:\/\/beynur.eu\/\"},{\"@type\":\"ListItem\",\"position\":2,\"name\":\"\u00dcr\u00fcnlerimiz\",\"item\":\"https:\/\/beynur.eu\/en\/urunlerimiz\/\"},{\"@type\":\"ListItem\",\"position\":3,\"name\":\"Pizza Kebab\"}]},{\"@type\":\"WebSite\",\"@id\":\"https:\/\/beynur.eu\/#website\",\"url\":\"https:\/\/beynur.eu\/\",\"name\":\"Beynur\",\"description\":\"\u0130lk g\u00fcnk\u00fc a\u015fkla, muhte\u015fem tatlar.\",\"potentialAction\":[{\"@type\":\"SearchAction\",\"target\":{\"@type\":\"EntryPoint\",\"urlTemplate\":\"https:\/\/beynur.eu\/?s={search_term_string}\"},\"query-input\":{\"@type\":\"PropertyValueSpecification\",\"valueRequired\":true,\"valueName\":\"search_term_string\"}}],\"inLanguage\":\"ar\"}]}<\/script>\n<!-- \/ Yoast SEO plugin. -->","yoast_head_json":{"title":"Pizza Kebab - Beynur","robots":{"index":"index","follow":"follow","max-snippet":"max-snippet:-1","max-image-preview":"max-image-preview:large","max-video-preview":"max-video-preview:-1"},"canonical":"https:\/\/beynur.eu\/ar\/product-2\/pizza-kebab\/","og_locale":"ar_AR","og_type":"article","og_title":"Pizza Kebab - Beynur","og_description":"Beynur'un d\u00f6nerli pizzas\u0131, pizza severler i\u00e7in hakiki manada y\u00fckselen bir y\u0131ld\u0131z. Tarifsiz bir lezzete sahip olan bu \u00fcr\u00fcn\u00fc haz\u0131rlamak da inan\u0131lmaz derecede kolay. Bu lezzeti tadarken dana eti ile do\u011fal peynirin o m\u00fckemmel lezzet ahenginin fark\u0131na varacak ve bu pizzay\u0131 derin dondurucununzda her daim bulundurmak isteyeceksiniz.  Bu pizza ile art\u0131k sadece beklenmedik misafirlerinize de\u011fil, ayn\u0131 zamanda aniden b\u00fcy\u00fck bir a\u00e7l\u0131k hissine kap\u0131lan \u00e7ocuklar\u0131n\u0131za da s\u00fcrpriz yapacak, onlar\u0131 adeta bu lezzetin tiryakisi haline getireceksiniz. Bu lezzet, \u00f6\u011f\u00fcnlerinizi zenginle\u015ftirmek i\u00e7in harika bir se\u00e7im.","og_url":"https:\/\/beynur.eu\/ar\/product-2\/pizza-kebab\/","og_site_name":"Beynur","article_modified_time":"2026-03-08T12:44:49+00:00","og_image":[{"width":1000,"height":1000,"url":"https:\/\/beynur.eu\/wp-content\/uploads\/2022\/06\/pizzadonerli.jpg","type":"image\/jpeg"}],"twitter_card":"summary_large_image","twitter_misc":{"\u0648\u0642\u062a \u0627\u0644\u0642\u0631\u0627\u0621\u0629 \u0627\u0644\u0645\u064f\u0642\u062f\u0651\u0631":"\u062f\u0642\u064a\u0642\u0629 \u0648\u0627\u062d\u062f\u0629"},"schema":{"@context":"https:\/\/schema.org","@graph":[{"@type":"WebPage","@id":"https:\/\/beynur.eu\/urun\/pizza-kebab\/","url":"https:\/\/beynur.eu\/urun\/pizza-kebab\/","name":"Pizza Kebab - Beynur","isPartOf":{"@id":"https:\/\/beynur.eu\/#website"},"primaryImageOfPage":{"@id":"https:\/\/beynur.eu\/urun\/pizza-kebab\/#primaryimage"},"image":{"@id":"https:\/\/beynur.eu\/urun\/pizza-kebab\/#primaryimage"},"thumbnailUrl":"https:\/\/beynur.eu\/wp-content\/uploads\/2022\/06\/pizzadonerli.jpg","datePublished":"2022-06-09T21:04:53+00:00","dateModified":"2026-03-08T12:44:49+00:00","breadcrumb":{"@id":"https:\/\/beynur.eu\/urun\/pizza-kebab\/#breadcrumb"},"inLanguage":"ar","potentialAction":[{"@type":"ReadAction","target":["https:\/\/beynur.eu\/urun\/pizza-kebab\/"]}]},{"@type":"ImageObject","inLanguage":"ar","@id":"https:\/\/beynur.eu\/urun\/pizza-kebab\/#primaryimage","url":"https:\/\/beynur.eu\/wp-content\/uploads\/2022\/06\/pizzadonerli.jpg","contentUrl":"https:\/\/beynur.eu\/wp-content\/uploads\/2022\/06\/pizzadonerli.jpg","width":1000,"height":1000},{"@type":"BreadcrumbList","@id":"https:\/\/beynur.eu\/urun\/pizza-kebab\/#breadcrumb","itemListElement":[{"@type":"ListItem","position":1,"name":"Home","item":"https:\/\/beynur.eu\/"},{"@type":"ListItem","position":2,"name":"\u00dcr\u00fcnlerimiz","item":"https:\/\/beynur.eu\/en\/urunlerimiz\/"},{"@type":"ListItem","position":3,"name":"Pizza Kebab"}]},{"@type":"WebSite","@id":"https:\/\/beynur.eu\/#website","url":"https:\/\/beynur.eu\/","name":"Beynur","description":"\u0130lk g\u00fcnk\u00fc a\u015fkla, muhte\u015fem tatlar.","potentialAction":[{"@type":"SearchAction","target":{"@type":"EntryPoint","urlTemplate":"https:\/\/beynur.eu\/?s={search_term_string}"},"query-input":{"@type":"PropertyValueSpecification","valueRequired":true,"valueName":"search_term_string"}}],"inLanguage":"ar"}]}},"_links":{"self":[{"href":"https:\/\/beynur.eu\/ar\/wp-json\/wp\/v2\/product\/964","targetHints":{"allow":["GET"]}}],"collection":[{"href":"https:\/\/beynur.eu\/ar\/wp-json\/wp\/v2\/product"}],"about":[{"href":"https:\/\/beynur.eu\/ar\/wp-json\/wp\/v2\/types\/product"}],"wp:featuredmedia":[{"embeddable":true,"href":"https:\/\/beynur.eu\/ar\/wp-json\/wp\/v2\/media\/965"}],"wp:attachment":[{"href":"https:\/\/beynur.eu\/ar\/wp-json\/wp\/v2\/media?parent=964"}],"wp:term":[{"taxonomy":"product_brand","embeddable":true,"href":"https:\/\/beynur.eu\/ar\/wp-json\/wp\/v2\/product_brand?post=964"},{"taxonomy":"product_cat","embeddable":true,"href":"https:\/\/beynur.eu\/ar\/wp-json\/wp\/v2\/product_cat?post=964"},{"taxonomy":"product_tag","embeddable":true,"href":"https:\/\/beynur.eu\/ar\/wp-json\/wp\/v2\/product_tag?post=964"}],"curies":[{"name":"wp","href":"https:\/\/api.w.org\/{rel}","templated":true}]}}