{"id":146,"date":"2018-03-31T21:33:01","date_gmt":"2018-03-31T21:33:01","guid":{"rendered":"https:\/\/beynur.eu\/?post_type=product&#038;p=146"},"modified":"2026-03-08T12:14:58","modified_gmt":"2026-03-08T12:14:58","slug":"tavuk-sosis-20-adet","status":"publish","type":"product","link":"https:\/\/beynur.eu\/de\/produkt\/tavuk-sosis-20-adet\/","title":{"rendered":"H\u00e4hnchen Bratrollen (20 St\u00fcck)"},"content":{"rendered":"<p>Den herrlichen Geschmack der H\u00e4hnchenbratrollen verdanken wir den sorgf\u00e4ltig herangezogenen H\u00e4hnchen. Sie k\u00f6nnen die tiefgefrorenen H\u00e4hnchenbratrollen von Beynur mit gutem Gewissen genie\u00dfen. Mit der 2600g-Packung haben Sie die M\u00f6glichkeit, Ihr Bed\u00fcrfnis nach wei\u00dfem Fleisch auf gesunde Art und Weise zu decken.<\/p>\n<p class=\"translation-block\">Dieses Produkt ist perfekt f\u00fcr Kinder, die eine K\u00f6stlichkeit mit mittlerem N\u00e4hrwert brauchen. Auch bei unerwarteten G\u00e4sten bieten Ihnen unsere H\u00e4hnchenbratrollen die M\u00f6glichkeit, in k\u00fcrzester Zeit eine einmalige Mahlzeit zu zubereiten.<\/p>\n<p>Diese H\u00e4hnchenbratrollen sind als leichtes Essen lecker und werden nach den islamischen Richtlinien hergestellt. Dieses Produkt wird au\u00dferdem in Anlagen verarbeitet, in denen auch Eier, Milch (mit Laktose) verarbeitet werden. Wir empfehlen Ihnen, unsere H\u00e4hnchenbratrollen bis zum inneren Kern durchzubraten. Vermeiden Sie das Auftauen in der Packung.<\/p>\n<p>&nbsp;<\/p>\n<p><strong>Zubereitung:<\/strong><\/p>\n<p>H\u00e4hnchenbratrollen passen perfekt zum Backofen, Grill, aber auch zur Pfanne und Fritteuse. F\u00fcr tiefgefrorene H\u00e4hnchenbratrollen brauchen Sie in der Fritteuse bei 180 \u00b0C 3 Minuten, f\u00fcr aufgetaute brauchen Sie hingegen nur 2 Minuten.<\/p>\n<p>&nbsp;<\/p>\n<p><strong>Aufbewahrungsempfehlung:<\/strong><\/p>\n<p>Gefrierschrank: bei -18 \u00b0C in 12 Monaten nach der Herstellung<\/p>\n<p>Tiefgefroren: 1 Monat bei -12\u00b0CGefrierfach: 1 Monat bei -12\u00b0C<\/p>\n<p>K\u00fchlschrank: 2 Tage unter 7 \u00b0C<\/p>\n<p>Nach dem Auftauen nicht wieder einfrieren!<\/p>","protected":false},"excerpt":{"rendered":"<p>Den herrlichen Geschmack der H\u00e4hnchenbratrollen verdanken wir den sorgf\u00e4ltig herangezogenen H\u00e4hnchen. Sie k\u00f6nnen die tiefgefrorenen H\u00e4hnchenbratrollen von Beynur mit gutem Gewissen genie\u00dfen. Mit der 2600g-Packung haben Sie die M\u00f6glichkeit, Ihr Bed\u00fcrfnis nach wei\u00dfem Fleisch auf gesunde Art und Weise zu decken.<\/p>\n<p class=\"translation-block\">Dieses Produkt ist perfekt f\u00fcr Kinder, die eine K\u00f6stlichkeit mit mittlerem N\u00e4hrwert brauchen. Auch bei unerwarteten G\u00e4sten bieten Ihnen unsere H\u00e4hnchenbratrollen die M\u00f6glichkeit, in k\u00fcrzester Zeit eine einmalige Mahlzeit zu zubereiten.<\/p>","protected":false},"featured_media":303,"template":"","meta":[],"product_brand":[],"product_cat":[18],"product_tag":[],"class_list":{"0":"post-146","1":"product","2":"type-product","3":"status-publish","4":"has-post-thumbnail","6":"product_cat-tavuk-ve-hindi-urunleri","8":"first","9":"instock","10":"shipping-taxable","11":"product-type-simple"},"yoast_head":"<!-- This site is optimized with the Yoast SEO plugin v26.8 - https:\/\/yoast.com\/product\/yoast-seo-wordpress\/ -->\n<title>Tavuk Sosis (20 Adet) - Beynur<\/title>\n<meta name=\"robots\" content=\"index, follow, max-snippet:-1, max-image-preview:large, max-video-preview:-1\" \/>\n<link rel=\"canonical\" href=\"https:\/\/beynur.eu\/de\/produkt\/tavuk-sosis-20-adet\/\" \/>\n<meta property=\"og:locale\" content=\"de_DE\" \/>\n<meta property=\"og:type\" content=\"article\" \/>\n<meta property=\"og:title\" content=\"Tavuk Sosis (20 Adet) - Beynur\" \/>\n<meta property=\"og:description\" content=\"Titizlikle yeti\u015ftirilmi\u015f, tad\u0131 g\u00fczel ve sa\u011fl\u0131kl\u0131 pili\u00e7lerden elde edilen Beynur Tavuk Sosis dondurulmu\u015f bir \u015fekilde g\u00fcvenle t\u00fcketebilece\u011finiz lezzettir.  Beynur Tavuk Sosis 1400gr\u2019l\u0131k paketi beyaz et ihtiyac\u0131n\u0131z\u0131 doyas\u0131ya ve sa\u011fl\u0131kl\u0131 bir \u015fekilde giderir. Pratik kullan\u0131m\u0131 ile \u00e7ocuklar\u0131n\u0131z\u0131n damak tad\u0131na uygun olup ortalama besin de\u011ferlerinde sa\u011fl\u0131\u011f\u0131n\u0131za sa\u011fl\u0131k katar. Beynur Tavuk Sosis ile davetsiz misafirleriniz i\u00e7in k\u0131sa s\u00fcrede makarnalar, po\u011fa\u00e7alar, b\u00f6rekler ve pizzalar haz\u0131rlayarak konuklar\u0131n\u0131z\u0131 \u015fa\u015f\u0131rtabilirsiniz.\" \/>\n<meta property=\"og:url\" content=\"https:\/\/beynur.eu\/de\/produkt\/tavuk-sosis-20-adet\/\" \/>\n<meta property=\"og:site_name\" content=\"Beynur\" \/>\n<meta property=\"article:modified_time\" content=\"2026-03-08T12:14:58+00:00\" \/>\n<meta property=\"og:image\" content=\"https:\/\/beynur.eu\/wp-content\/uploads\/2018\/03\/tavuk-sosis-20.jpg\" \/>\n\t<meta property=\"og:image:width\" content=\"1000\" \/>\n\t<meta property=\"og:image:height\" content=\"1000\" \/>\n\t<meta property=\"og:image:type\" content=\"image\/jpeg\" \/>\n<meta name=\"twitter:card\" content=\"summary_large_image\" \/>\n<meta name=\"twitter:label1\" content=\"Gesch\u00e4tzte Lesezeit\" \/>\n\t<meta name=\"twitter:data1\" content=\"2\u00a0Minuten\" \/>\n<script type=\"application\/ld+json\" class=\"yoast-schema-graph\">{\"@context\":\"https:\/\/schema.org\",\"@graph\":[{\"@type\":\"WebPage\",\"@id\":\"https:\/\/beynur.eu\/urun\/tavuk-sosis-20-adet\/\",\"url\":\"https:\/\/beynur.eu\/urun\/tavuk-sosis-20-adet\/\",\"name\":\"Tavuk Sosis (20 Adet) - Beynur\",\"isPartOf\":{\"@id\":\"https:\/\/beynur.eu\/#website\"},\"primaryImageOfPage\":{\"@id\":\"https:\/\/beynur.eu\/urun\/tavuk-sosis-20-adet\/#primaryimage\"},\"image\":{\"@id\":\"https:\/\/beynur.eu\/urun\/tavuk-sosis-20-adet\/#primaryimage\"},\"thumbnailUrl\":\"https:\/\/beynur.eu\/wp-content\/uploads\/2018\/03\/tavuk-sosis-20.jpg\",\"datePublished\":\"2018-03-31T21:33:01+00:00\",\"dateModified\":\"2026-03-08T12:14:58+00:00\",\"breadcrumb\":{\"@id\":\"https:\/\/beynur.eu\/urun\/tavuk-sosis-20-adet\/#breadcrumb\"},\"inLanguage\":\"de\",\"potentialAction\":[{\"@type\":\"ReadAction\",\"target\":[\"https:\/\/beynur.eu\/urun\/tavuk-sosis-20-adet\/\"]}]},{\"@type\":\"ImageObject\",\"inLanguage\":\"de\",\"@id\":\"https:\/\/beynur.eu\/urun\/tavuk-sosis-20-adet\/#primaryimage\",\"url\":\"https:\/\/beynur.eu\/wp-content\/uploads\/2018\/03\/tavuk-sosis-20.jpg\",\"contentUrl\":\"https:\/\/beynur.eu\/wp-content\/uploads\/2018\/03\/tavuk-sosis-20.jpg\",\"width\":1000,\"height\":1000},{\"@type\":\"BreadcrumbList\",\"@id\":\"https:\/\/beynur.eu\/urun\/tavuk-sosis-20-adet\/#breadcrumb\",\"itemListElement\":[{\"@type\":\"ListItem\",\"position\":1,\"name\":\"Home\",\"item\":\"https:\/\/beynur.eu\/\"},{\"@type\":\"ListItem\",\"position\":2,\"name\":\"\u00dcr\u00fcnlerimiz\",\"item\":\"https:\/\/beynur.eu\/en\/urunlerimiz\/\"},{\"@type\":\"ListItem\",\"position\":3,\"name\":\"Tavuk Sosis (20 Adet)\"}]},{\"@type\":\"WebSite\",\"@id\":\"https:\/\/beynur.eu\/#website\",\"url\":\"https:\/\/beynur.eu\/\",\"name\":\"Beynur\",\"description\":\"\u0130lk g\u00fcnk\u00fc a\u015fkla, muhte\u015fem tatlar.\",\"potentialAction\":[{\"@type\":\"SearchAction\",\"target\":{\"@type\":\"EntryPoint\",\"urlTemplate\":\"https:\/\/beynur.eu\/?s={search_term_string}\"},\"query-input\":{\"@type\":\"PropertyValueSpecification\",\"valueRequired\":true,\"valueName\":\"search_term_string\"}}],\"inLanguage\":\"de\"}]}<\/script>\n<!-- \/ Yoast SEO plugin. -->","yoast_head_json":{"title":"Tavuk Sosis (20 Adet) - Beynur","robots":{"index":"index","follow":"follow","max-snippet":"max-snippet:-1","max-image-preview":"max-image-preview:large","max-video-preview":"max-video-preview:-1"},"canonical":"https:\/\/beynur.eu\/de\/produkt\/tavuk-sosis-20-adet\/","og_locale":"de_DE","og_type":"article","og_title":"Tavuk Sosis (20 Adet) - Beynur","og_description":"Titizlikle yeti\u015ftirilmi\u015f, tad\u0131 g\u00fczel ve sa\u011fl\u0131kl\u0131 pili\u00e7lerden elde edilen Beynur Tavuk Sosis dondurulmu\u015f bir \u015fekilde g\u00fcvenle t\u00fcketebilece\u011finiz lezzettir.  Beynur Tavuk Sosis 1400gr\u2019l\u0131k paketi beyaz et ihtiyac\u0131n\u0131z\u0131 doyas\u0131ya ve sa\u011fl\u0131kl\u0131 bir \u015fekilde giderir. Pratik kullan\u0131m\u0131 ile \u00e7ocuklar\u0131n\u0131z\u0131n damak tad\u0131na uygun olup ortalama besin de\u011ferlerinde sa\u011fl\u0131\u011f\u0131n\u0131za sa\u011fl\u0131k katar. Beynur Tavuk Sosis ile davetsiz misafirleriniz i\u00e7in k\u0131sa s\u00fcrede makarnalar, po\u011fa\u00e7alar, b\u00f6rekler ve pizzalar haz\u0131rlayarak konuklar\u0131n\u0131z\u0131 \u015fa\u015f\u0131rtabilirsiniz.","og_url":"https:\/\/beynur.eu\/de\/produkt\/tavuk-sosis-20-adet\/","og_site_name":"Beynur","article_modified_time":"2026-03-08T12:14:58+00:00","og_image":[{"width":1000,"height":1000,"url":"https:\/\/beynur.eu\/wp-content\/uploads\/2018\/03\/tavuk-sosis-20.jpg","type":"image\/jpeg"}],"twitter_card":"summary_large_image","twitter_misc":{"Gesch\u00e4tzte Lesezeit":"2\u00a0Minuten"},"schema":{"@context":"https:\/\/schema.org","@graph":[{"@type":"WebPage","@id":"https:\/\/beynur.eu\/urun\/tavuk-sosis-20-adet\/","url":"https:\/\/beynur.eu\/urun\/tavuk-sosis-20-adet\/","name":"Tavuk Sosis (20 Adet) - Beynur","isPartOf":{"@id":"https:\/\/beynur.eu\/#website"},"primaryImageOfPage":{"@id":"https:\/\/beynur.eu\/urun\/tavuk-sosis-20-adet\/#primaryimage"},"image":{"@id":"https:\/\/beynur.eu\/urun\/tavuk-sosis-20-adet\/#primaryimage"},"thumbnailUrl":"https:\/\/beynur.eu\/wp-content\/uploads\/2018\/03\/tavuk-sosis-20.jpg","datePublished":"2018-03-31T21:33:01+00:00","dateModified":"2026-03-08T12:14:58+00:00","breadcrumb":{"@id":"https:\/\/beynur.eu\/urun\/tavuk-sosis-20-adet\/#breadcrumb"},"inLanguage":"de","potentialAction":[{"@type":"ReadAction","target":["https:\/\/beynur.eu\/urun\/tavuk-sosis-20-adet\/"]}]},{"@type":"ImageObject","inLanguage":"de","@id":"https:\/\/beynur.eu\/urun\/tavuk-sosis-20-adet\/#primaryimage","url":"https:\/\/beynur.eu\/wp-content\/uploads\/2018\/03\/tavuk-sosis-20.jpg","contentUrl":"https:\/\/beynur.eu\/wp-content\/uploads\/2018\/03\/tavuk-sosis-20.jpg","width":1000,"height":1000},{"@type":"BreadcrumbList","@id":"https:\/\/beynur.eu\/urun\/tavuk-sosis-20-adet\/#breadcrumb","itemListElement":[{"@type":"ListItem","position":1,"name":"Home","item":"https:\/\/beynur.eu\/"},{"@type":"ListItem","position":2,"name":"\u00dcr\u00fcnlerimiz","item":"https:\/\/beynur.eu\/en\/urunlerimiz\/"},{"@type":"ListItem","position":3,"name":"Tavuk Sosis (20 Adet)"}]},{"@type":"WebSite","@id":"https:\/\/beynur.eu\/#website","url":"https:\/\/beynur.eu\/","name":"Beynur","description":"\u0130lk g\u00fcnk\u00fc a\u015fkla, muhte\u015fem tatlar.","potentialAction":[{"@type":"SearchAction","target":{"@type":"EntryPoint","urlTemplate":"https:\/\/beynur.eu\/?s={search_term_string}"},"query-input":{"@type":"PropertyValueSpecification","valueRequired":true,"valueName":"search_term_string"}}],"inLanguage":"de"}]}},"_links":{"self":[{"href":"https:\/\/beynur.eu\/de\/wp-json\/wp\/v2\/product\/146","targetHints":{"allow":["GET"]}}],"collection":[{"href":"https:\/\/beynur.eu\/de\/wp-json\/wp\/v2\/product"}],"about":[{"href":"https:\/\/beynur.eu\/de\/wp-json\/wp\/v2\/types\/product"}],"wp:featuredmedia":[{"embeddable":true,"href":"https:\/\/beynur.eu\/de\/wp-json\/wp\/v2\/media\/303"}],"wp:attachment":[{"href":"https:\/\/beynur.eu\/de\/wp-json\/wp\/v2\/media?parent=146"}],"wp:term":[{"taxonomy":"product_brand","embeddable":true,"href":"https:\/\/beynur.eu\/de\/wp-json\/wp\/v2\/product_brand?post=146"},{"taxonomy":"product_cat","embeddable":true,"href":"https:\/\/beynur.eu\/de\/wp-json\/wp\/v2\/product_cat?post=146"},{"taxonomy":"product_tag","embeddable":true,"href":"https:\/\/beynur.eu\/de\/wp-json\/wp\/v2\/product_tag?post=146"}],"curies":[{"name":"wp","href":"https:\/\/api.w.org\/{rel}","templated":true}]}}