{"id":152,"date":"2018-03-31T21:38:50","date_gmt":"2018-03-31T21:38:50","guid":{"rendered":"https:\/\/beynur.eu\/?post_type=product&#038;p=152"},"modified":"2026-03-12T10:53:11","modified_gmt":"2026-03-12T10:53:11","slug":"tavuk-snitzel","status":"publish","type":"product","link":"https:\/\/beynur.eu\/de\/produkt\/tavuk-snitzel\/","title":{"rendered":"H\u00fchnchen Schnitzel"},"content":{"rendered":"<p>Mit H\u00e4hnchenschnitzel bietet Beynur eine praktische L\u00f6sung vor allem f\u00fcr Menschen mit einem intensiven Arbeitsleben. Dieser Geschmack wird in Ihrer K\u00fcche nicht nur f\u00fcr anst\u00e4ndige Hauptmahlzeiten, sondern auch f\u00fcr die Zwischenmahlzeiten als praktische Kleinigkeiten nie fehlen.<\/p>\n<p>Mit der 700g-Packung haben Sie die M\u00f6glichkeit, Ihr Bed\u00fcrfnis nach wei\u00dfem Fleisch auf gesunde Art und Weise und reichlich zu decken. Dieses Produkt ist perfekt f\u00fcr Kinder, die eine K\u00f6stlichkeit mit mittlerem N\u00e4hrwert brauchen. Auch bei unerwarteten G\u00e4sten bieten Ihnen unsere H\u00e4hnchenschnitzel die M\u00f6glichkeit, in k\u00fcrzester Zeit eine einmalige Mahlzeit zu zubereiten.<\/p>\n<p>Unsere H\u00e4hnchenschnitzel sind nach islamischen Richtlinien hergestellt. Die Verarbeitung dieses Produkts erfolgt in Anlagen, in denen Eier, Milch, Soja, Sellerie und Senf verarbeitet werden. Obwohl wir eine Sorgfalt f\u00fcr die Entfernung von Knochen an den Tag legen, kann trotzdem passieren, dass einige Knochenteile vorhanden sind. Wir empfehlen Ihnen, die H\u00e4hnchenschnitzel vor dem Service vollst\u00e4ndig zu erhitzen.<\/p>\n<p>&nbsp;<\/p>\n<p><strong>Zubereitung:<\/strong><\/p>\n<p>Erhitzen Sie die H\u00e4hnchenschnitzel in tiefgefrorenem Zustand. In einer tiefen Bratpfanne: 5-7 Minuten bei 180\u00b0C. Zubereitung nach dem Auftauen: In einer tiefen Bratpfanne: 3-4 Minuten bei 180\u00b0C. Im vorerhitztem Backofen: 15-20 Minuten bei 220\u00b0C. Zubereitung nach dem Auftauen: 12- 14 Minuten. In einer Pfanne: 2\u00d78 Minuten.<\/p>\n<p>&nbsp;<\/p>\n<p><strong>Aufbewahrungsempfehlung:<\/strong><\/p>\n<p>Gefrierschrank: bei -18 \u00b0C in 12 Monaten nach der Herstellung<\/p>\n<p>Tiefgefroren: 1 Monat bei -12\u00b0CGefrierfach: 1 Monat bei -12\u00b0C<\/p>\n<p>K\u00fchlschrank: 1 Tag unter 7 \u00b0C<\/p>","protected":false},"excerpt":{"rendered":"<p>Mit H\u00e4hnchenschnitzel bietet Beynur eine praktische L\u00f6sung vor allem f\u00fcr Menschen mit einem intensiven Arbeitsleben. Dieser Geschmack wird in Ihrer K\u00fcche nicht nur f\u00fcr anst\u00e4ndige Hauptmahlzeiten, sondern auch f\u00fcr die Zwischenmahlzeiten als praktische Kleinigkeiten nie fehlen.<\/p>\n<p>Mit der 700g-Packung haben Sie die M\u00f6glichkeit, Ihr Bed\u00fcrfnis nach wei\u00dfem Fleisch auf gesunde Art und Weise und reichlich zu decken. Dieses Produkt ist perfekt f\u00fcr Kinder, die eine K\u00f6stlichkeit mit mittlerem N\u00e4hrwert brauchen. Auch bei unerwarteten G\u00e4sten bieten Ihnen unsere H\u00e4hnchenschnitzel die M\u00f6glichkeit, in k\u00fcrzester Zeit eine einmalige Mahlzeit zu zubereiten.<\/p>","protected":false},"featured_media":1724,"template":"","meta":[],"product_brand":[],"product_cat":[18],"product_tag":[],"class_list":{"0":"post-152","1":"product","2":"type-product","3":"status-publish","4":"has-post-thumbnail","6":"product_cat-tavuk-ve-hindi-urunleri","8":"first","9":"instock","10":"shipping-taxable","11":"product-type-simple"},"yoast_head":"<!-- This site is optimized with the Yoast SEO plugin v26.8 - https:\/\/yoast.com\/product\/yoast-seo-wordpress\/ -->\n<title>Tavuk \u015enitzel - Beynur<\/title>\n<meta name=\"robots\" content=\"index, follow, max-snippet:-1, max-image-preview:large, max-video-preview:-1\" \/>\n<link rel=\"canonical\" href=\"https:\/\/beynur.eu\/de\/produkt\/tavuk-snitzel\/\" \/>\n<meta property=\"og:locale\" content=\"de_DE\" \/>\n<meta property=\"og:type\" content=\"article\" \/>\n<meta property=\"og:title\" content=\"Tavuk \u015enitzel - Beynur\" \/>\n<meta property=\"og:description\" content=\"Beynur Tavuk Schnitzel lezzetiyle yo\u011fun i\u015f hayat\u0131n\u0131zda sizlere pratik bir \u00e7\u00f6z\u00fcm sunuyor. Ana \u00f6\u011f\u00fcnlerinizin vazge\u00e7ilmezi olan Beynur Tavuk Schnitzel\u2019\u0131 ayn\u0131 zamanda pratik bir at\u0131\u015ft\u0131rmal\u0131k olarak mutfa\u011f\u0131n\u0131zdan eksik etmeyeceksiniz.  Beynur Tavuk Schnitzel 700gr\u2019l\u0131k paketi beyaz et ihtiyac\u0131n\u0131z\u0131 doyas\u0131ya ve sa\u011fl\u0131kl\u0131 bir \u015fekilde giderir. Pratik kullan\u0131m\u0131 ile \u00e7ocuklar\u0131n\u0131z\u0131n damak tad\u0131na uygun olup ortalama besin de\u011ferlerinde sa\u011fl\u0131\u011f\u0131n\u0131za sa\u011fl\u0131k katar. Beynur Tavuk Schnitzel ile davetsiz misafirleriniz i\u00e7in k\u0131sa s\u00fcrede g\u00fczel bir sofra haz\u0131rlayarak konuklar\u0131n\u0131z\u0131 \u015fa\u015f\u0131rtabilirsiniz.\" \/>\n<meta property=\"og:url\" content=\"https:\/\/beynur.eu\/de\/produkt\/tavuk-snitzel\/\" \/>\n<meta property=\"og:site_name\" content=\"Beynur\" \/>\n<meta property=\"article:modified_time\" content=\"2026-03-12T10:53:11+00:00\" \/>\n<meta property=\"og:image\" content=\"https:\/\/beynur.eu\/wp-content\/uploads\/2018\/03\/schniztzel-1024x1024.png\" \/>\n\t<meta property=\"og:image:width\" content=\"1024\" \/>\n\t<meta property=\"og:image:height\" content=\"1024\" \/>\n\t<meta property=\"og:image:type\" content=\"image\/png\" \/>\n<meta name=\"twitter:card\" content=\"summary_large_image\" \/>\n<meta name=\"twitter:label1\" content=\"Gesch\u00e4tzte Lesezeit\" \/>\n\t<meta name=\"twitter:data1\" content=\"2\u00a0Minuten\" \/>\n<script type=\"application\/ld+json\" class=\"yoast-schema-graph\">{\"@context\":\"https:\/\/schema.org\",\"@graph\":[{\"@type\":\"WebPage\",\"@id\":\"https:\/\/beynur.eu\/urun\/tavuk-snitzel\/\",\"url\":\"https:\/\/beynur.eu\/urun\/tavuk-snitzel\/\",\"name\":\"Tavuk \u015enitzel - Beynur\",\"isPartOf\":{\"@id\":\"https:\/\/beynur.eu\/#website\"},\"primaryImageOfPage\":{\"@id\":\"https:\/\/beynur.eu\/urun\/tavuk-snitzel\/#primaryimage\"},\"image\":{\"@id\":\"https:\/\/beynur.eu\/urun\/tavuk-snitzel\/#primaryimage\"},\"thumbnailUrl\":\"https:\/\/beynur.eu\/wp-content\/uploads\/2018\/03\/schniztzel.png\",\"datePublished\":\"2018-03-31T21:38:50+00:00\",\"dateModified\":\"2026-03-12T10:53:11+00:00\",\"breadcrumb\":{\"@id\":\"https:\/\/beynur.eu\/urun\/tavuk-snitzel\/#breadcrumb\"},\"inLanguage\":\"de\",\"potentialAction\":[{\"@type\":\"ReadAction\",\"target\":[\"https:\/\/beynur.eu\/urun\/tavuk-snitzel\/\"]}]},{\"@type\":\"ImageObject\",\"inLanguage\":\"de\",\"@id\":\"https:\/\/beynur.eu\/urun\/tavuk-snitzel\/#primaryimage\",\"url\":\"https:\/\/beynur.eu\/wp-content\/uploads\/2018\/03\/schniztzel.png\",\"contentUrl\":\"https:\/\/beynur.eu\/wp-content\/uploads\/2018\/03\/schniztzel.png\",\"width\":2000,\"height\":2000},{\"@type\":\"BreadcrumbList\",\"@id\":\"https:\/\/beynur.eu\/urun\/tavuk-snitzel\/#breadcrumb\",\"itemListElement\":[{\"@type\":\"ListItem\",\"position\":1,\"name\":\"Home\",\"item\":\"https:\/\/beynur.eu\/\"},{\"@type\":\"ListItem\",\"position\":2,\"name\":\"\u00dcr\u00fcnlerimiz\",\"item\":\"https:\/\/beynur.eu\/en\/urunlerimiz\/\"},{\"@type\":\"ListItem\",\"position\":3,\"name\":\"Tavuk \u015enitzel\"}]},{\"@type\":\"WebSite\",\"@id\":\"https:\/\/beynur.eu\/#website\",\"url\":\"https:\/\/beynur.eu\/\",\"name\":\"Beynur\",\"description\":\"\u0130lk g\u00fcnk\u00fc a\u015fkla, muhte\u015fem tatlar.\",\"potentialAction\":[{\"@type\":\"SearchAction\",\"target\":{\"@type\":\"EntryPoint\",\"urlTemplate\":\"https:\/\/beynur.eu\/?s={search_term_string}\"},\"query-input\":{\"@type\":\"PropertyValueSpecification\",\"valueRequired\":true,\"valueName\":\"search_term_string\"}}],\"inLanguage\":\"de\"}]}<\/script>\n<!-- \/ Yoast SEO plugin. -->","yoast_head_json":{"title":"Tavuk \u015enitzel - Beynur","robots":{"index":"index","follow":"follow","max-snippet":"max-snippet:-1","max-image-preview":"max-image-preview:large","max-video-preview":"max-video-preview:-1"},"canonical":"https:\/\/beynur.eu\/de\/produkt\/tavuk-snitzel\/","og_locale":"de_DE","og_type":"article","og_title":"Tavuk \u015enitzel - Beynur","og_description":"Beynur Tavuk Schnitzel lezzetiyle yo\u011fun i\u015f hayat\u0131n\u0131zda sizlere pratik bir \u00e7\u00f6z\u00fcm sunuyor. Ana \u00f6\u011f\u00fcnlerinizin vazge\u00e7ilmezi olan Beynur Tavuk Schnitzel\u2019\u0131 ayn\u0131 zamanda pratik bir at\u0131\u015ft\u0131rmal\u0131k olarak mutfa\u011f\u0131n\u0131zdan eksik etmeyeceksiniz.  Beynur Tavuk Schnitzel 700gr\u2019l\u0131k paketi beyaz et ihtiyac\u0131n\u0131z\u0131 doyas\u0131ya ve sa\u011fl\u0131kl\u0131 bir \u015fekilde giderir. Pratik kullan\u0131m\u0131 ile \u00e7ocuklar\u0131n\u0131z\u0131n damak tad\u0131na uygun olup ortalama besin de\u011ferlerinde sa\u011fl\u0131\u011f\u0131n\u0131za sa\u011fl\u0131k katar. Beynur Tavuk Schnitzel ile davetsiz misafirleriniz i\u00e7in k\u0131sa s\u00fcrede g\u00fczel bir sofra haz\u0131rlayarak konuklar\u0131n\u0131z\u0131 \u015fa\u015f\u0131rtabilirsiniz.","og_url":"https:\/\/beynur.eu\/de\/produkt\/tavuk-snitzel\/","og_site_name":"Beynur","article_modified_time":"2026-03-12T10:53:11+00:00","og_image":[{"width":1024,"height":1024,"url":"https:\/\/beynur.eu\/wp-content\/uploads\/2018\/03\/schniztzel-1024x1024.png","type":"image\/png"}],"twitter_card":"summary_large_image","twitter_misc":{"Gesch\u00e4tzte Lesezeit":"2\u00a0Minuten"},"schema":{"@context":"https:\/\/schema.org","@graph":[{"@type":"WebPage","@id":"https:\/\/beynur.eu\/urun\/tavuk-snitzel\/","url":"https:\/\/beynur.eu\/urun\/tavuk-snitzel\/","name":"Tavuk \u015enitzel - Beynur","isPartOf":{"@id":"https:\/\/beynur.eu\/#website"},"primaryImageOfPage":{"@id":"https:\/\/beynur.eu\/urun\/tavuk-snitzel\/#primaryimage"},"image":{"@id":"https:\/\/beynur.eu\/urun\/tavuk-snitzel\/#primaryimage"},"thumbnailUrl":"https:\/\/beynur.eu\/wp-content\/uploads\/2018\/03\/schniztzel.png","datePublished":"2018-03-31T21:38:50+00:00","dateModified":"2026-03-12T10:53:11+00:00","breadcrumb":{"@id":"https:\/\/beynur.eu\/urun\/tavuk-snitzel\/#breadcrumb"},"inLanguage":"de","potentialAction":[{"@type":"ReadAction","target":["https:\/\/beynur.eu\/urun\/tavuk-snitzel\/"]}]},{"@type":"ImageObject","inLanguage":"de","@id":"https:\/\/beynur.eu\/urun\/tavuk-snitzel\/#primaryimage","url":"https:\/\/beynur.eu\/wp-content\/uploads\/2018\/03\/schniztzel.png","contentUrl":"https:\/\/beynur.eu\/wp-content\/uploads\/2018\/03\/schniztzel.png","width":2000,"height":2000},{"@type":"BreadcrumbList","@id":"https:\/\/beynur.eu\/urun\/tavuk-snitzel\/#breadcrumb","itemListElement":[{"@type":"ListItem","position":1,"name":"Home","item":"https:\/\/beynur.eu\/"},{"@type":"ListItem","position":2,"name":"\u00dcr\u00fcnlerimiz","item":"https:\/\/beynur.eu\/en\/urunlerimiz\/"},{"@type":"ListItem","position":3,"name":"Tavuk \u015enitzel"}]},{"@type":"WebSite","@id":"https:\/\/beynur.eu\/#website","url":"https:\/\/beynur.eu\/","name":"Beynur","description":"\u0130lk g\u00fcnk\u00fc a\u015fkla, muhte\u015fem tatlar.","potentialAction":[{"@type":"SearchAction","target":{"@type":"EntryPoint","urlTemplate":"https:\/\/beynur.eu\/?s={search_term_string}"},"query-input":{"@type":"PropertyValueSpecification","valueRequired":true,"valueName":"search_term_string"}}],"inLanguage":"de"}]}},"_links":{"self":[{"href":"https:\/\/beynur.eu\/de\/wp-json\/wp\/v2\/product\/152","targetHints":{"allow":["GET"]}}],"collection":[{"href":"https:\/\/beynur.eu\/de\/wp-json\/wp\/v2\/product"}],"about":[{"href":"https:\/\/beynur.eu\/de\/wp-json\/wp\/v2\/types\/product"}],"wp:featuredmedia":[{"embeddable":true,"href":"https:\/\/beynur.eu\/de\/wp-json\/wp\/v2\/media\/1724"}],"wp:attachment":[{"href":"https:\/\/beynur.eu\/de\/wp-json\/wp\/v2\/media?parent=152"}],"wp:term":[{"taxonomy":"product_brand","embeddable":true,"href":"https:\/\/beynur.eu\/de\/wp-json\/wp\/v2\/product_brand?post=152"},{"taxonomy":"product_cat","embeddable":true,"href":"https:\/\/beynur.eu\/de\/wp-json\/wp\/v2\/product_cat?post=152"},{"taxonomy":"product_tag","embeddable":true,"href":"https:\/\/beynur.eu\/de\/wp-json\/wp\/v2\/product_tag?post=152"}],"curies":[{"name":"wp","href":"https:\/\/api.w.org\/{rel}","templated":true}]}}