{"id":156,"date":"2018-03-31T21:44:19","date_gmt":"2018-03-31T21:44:19","guid":{"rendered":"https:\/\/beynur.eu\/?post_type=product&#038;p=156"},"modified":"2026-05-05T11:09:21","modified_gmt":"2026-05-05T11:09:21","slug":"tavuklu-pizza","status":"publish","type":"product","link":"https:\/\/beynur.eu\/de\/urun\/tavuklu-pizza\/","title":{"rendered":"Pizza H\u00fchnchen"},"content":{"rendered":"<p>Beynur Pizza mit H\u00e4hnchenfleisch ist ein Highlight f\u00fcr Pizza-Liebhaber. Das Produkt schmeckt unbeschreiblich und bietet Ihnen eine ganzleichte Zubereitung. Sie werden beim Essen die herrliche Harmonie von H\u00e4hnchenfleisch und nat\u00fcrlichem K\u00e4se erkennen und in Ihrem Gefrierfach immer diese Pizza aufbewahren.<\/p>\n<p>Damit k\u00f6nnen Sie Ihre unerwarteten G\u00e4ste aber auch Ihre Kinder mit gro\u00dfen Hungergef\u00fchl \u00fcberraschen und s\u00fcchtig machen. Mit diesem Geschmack werden Sie ihre Mahlzeiten bereichern.<\/p>\n<p>Wir gewinnen diese K\u00f6stlichkeit, die Ihnen eine praktische Zubereitung erm\u00f6glicht, aus H\u00e4hnchen, die nach islamischen Halal-Richtlinien geschlachtet werden.<\/p>\n<p>&nbsp;<\/p>\n<p><strong>Zubereitung:<\/strong><\/p>\n<p class=\"translation-block\">Im Backofen: W\u00e4rmen Sie das Backofen mit Ober- und Unterhitze auf 200\u00b0C vor und schieben Sie Ihre H\u00e4hnchen-Pizza hinein. Nach etwa 10-12 Minuten ist Ihre Pizza bereit. Sie k\u00f6nnen Sie nach vollst\u00e4ndiger Zubereitung servieren<\/p>\n<p>&nbsp;<\/p>\n<p><strong>Aufbewahrungsempfehlung:<\/strong><\/p>\n<p>Zwei Tage im K\u00fchlschrank<\/p>\n<p>Eine Woche im Gefrierschrank mit *<\/p>\n<p>Zwei Wochen im Gefrierschrank mit **<\/p>\n<p>Im Gefrierschrank mit *** bei -18\u00b0 C\n<br>\n<br>\nSehen Sie sich das Ablaufdatum an! Nach dem Auftauen nicht wieder einfrieren!<\/p>","protected":false},"excerpt":{"rendered":"<p>Beynur Pizza mit H\u00e4hnchenfleisch ist ein Highlight f\u00fcr Pizza-Liebhaber. Das Produkt schmeckt unbeschreiblich und bietet Ihnen eine ganzleichte Zubereitung. Sie werden beim Essen die herrliche Harmonie von H\u00e4hnchenfleisch und nat\u00fcrlichem K\u00e4se erkennen und in Ihrem Gefrierfach immer diese Pizza aufbewahren.<\/p>\n<p>Damit k\u00f6nnen Sie Ihre unerwarteten G\u00e4ste aber auch Ihre Kinder mit gro\u00dfen Hungergef\u00fchl \u00fcberraschen und s\u00fcchtig machen. Mit diesem Geschmack werden Sie ihre Mahlzeiten bereichern.<\/p>","protected":false},"featured_media":1842,"template":"","meta":[],"product_brand":[],"product_cat":[20],"product_tag":[],"class_list":{"0":"post-156","1":"product","2":"type-product","3":"status-publish","4":"has-post-thumbnail","6":"product_cat-unlu-mamuller","8":"first","9":"instock","10":"featured","11":"shipping-taxable","12":"product-type-simple"},"yoast_head":"<!-- This site is optimized with the Yoast SEO plugin v26.8 - https:\/\/yoast.com\/product\/yoast-seo-wordpress\/ -->\n<title>Tavuklu Pizza - Beynur<\/title>\n<meta name=\"robots\" content=\"index, follow, max-snippet:-1, max-image-preview:large, max-video-preview:-1\" \/>\n<link rel=\"canonical\" href=\"https:\/\/beynur.eu\/de\/produkt\/tavuklu-pizza\/\" \/>\n<meta property=\"og:locale\" content=\"de_DE\" \/>\n<meta property=\"og:type\" content=\"article\" \/>\n<meta property=\"og:title\" content=\"Tavuklu Pizza - Beynur\" \/>\n<meta property=\"og:description\" content=\"Beynur Tavuk Pizza, pratik ve lezzetli y\u00f6n\u00fcyle \u0130talyan tarz\u0131 tam arad\u0131\u011f\u0131n\u0131z lezzet!  Nefis pili\u00e7 eti ve do\u011fal peynirin m\u00fcthi\u015f uyumuyla Beynur Tavuk Pizza\u2019y\u0131 dondurucunuzda saklayarak davetsiz misafirlerinizi \u015fa\u015f\u0131rtabilirsiniz. Sadece misafirler i\u00e7in de\u011fil \u00e7ocuklar\u0131n\u0131z\u0131n da keyifle t\u00fcketebilece\u011fi, her \u00f6\u011f\u00fcn sofralar\u0131n\u0131z\u0131 \u015fenlendirecek doyurucu bir lezzet.\" \/>\n<meta property=\"og:url\" content=\"https:\/\/beynur.eu\/de\/produkt\/tavuklu-pizza\/\" \/>\n<meta property=\"og:site_name\" content=\"Beynur\" \/>\n<meta property=\"article:modified_time\" content=\"2026-05-05T11:09:21+00:00\" \/>\n<meta property=\"og:image\" content=\"https:\/\/beynur.eu\/wp-content\/uploads\/2018\/03\/Pizza-tavuk.jpg\" \/>\n\t<meta property=\"og:image:width\" content=\"2000\" \/>\n\t<meta property=\"og:image:height\" content=\"2000\" \/>\n\t<meta property=\"og:image:type\" content=\"image\/jpeg\" \/>\n<meta name=\"twitter:card\" content=\"summary_large_image\" \/>\n<meta name=\"twitter:label1\" content=\"Gesch\u00e4tzte Lesezeit\" \/>\n\t<meta name=\"twitter:data1\" content=\"1\u00a0Minute\" \/>\n<script type=\"application\/ld+json\" class=\"yoast-schema-graph\">{\"@context\":\"https:\/\/schema.org\",\"@graph\":[{\"@type\":\"WebPage\",\"@id\":\"https:\/\/beynur.eu\/urun\/tavuklu-pizza\/\",\"url\":\"https:\/\/beynur.eu\/urun\/tavuklu-pizza\/\",\"name\":\"Tavuklu Pizza - Beynur\",\"isPartOf\":{\"@id\":\"https:\/\/beynur.eu\/#website\"},\"primaryImageOfPage\":{\"@id\":\"https:\/\/beynur.eu\/urun\/tavuklu-pizza\/#primaryimage\"},\"image\":{\"@id\":\"https:\/\/beynur.eu\/urun\/tavuklu-pizza\/#primaryimage\"},\"thumbnailUrl\":\"https:\/\/beynur.eu\/wp-content\/uploads\/2018\/03\/Pizza-tavuk.jpg\",\"datePublished\":\"2018-03-31T21:44:19+00:00\",\"dateModified\":\"2026-05-05T11:09:21+00:00\",\"breadcrumb\":{\"@id\":\"https:\/\/beynur.eu\/urun\/tavuklu-pizza\/#breadcrumb\"},\"inLanguage\":\"de\",\"potentialAction\":[{\"@type\":\"ReadAction\",\"target\":[\"https:\/\/beynur.eu\/urun\/tavuklu-pizza\/\"]}]},{\"@type\":\"ImageObject\",\"inLanguage\":\"de\",\"@id\":\"https:\/\/beynur.eu\/urun\/tavuklu-pizza\/#primaryimage\",\"url\":\"https:\/\/beynur.eu\/wp-content\/uploads\/2018\/03\/Pizza-tavuk.jpg\",\"contentUrl\":\"https:\/\/beynur.eu\/wp-content\/uploads\/2018\/03\/Pizza-tavuk.jpg\",\"width\":2000,\"height\":2000},{\"@type\":\"BreadcrumbList\",\"@id\":\"https:\/\/beynur.eu\/urun\/tavuklu-pizza\/#breadcrumb\",\"itemListElement\":[{\"@type\":\"ListItem\",\"position\":1,\"name\":\"Home\",\"item\":\"https:\/\/beynur.eu\/\"},{\"@type\":\"ListItem\",\"position\":2,\"name\":\"\u00dcr\u00fcnler\",\"item\":\"https:\/\/beynur.eu\/urunlerimiz\/\"},{\"@type\":\"ListItem\",\"position\":3,\"name\":\"Tavuklu Pizza\"}]},{\"@type\":\"WebSite\",\"@id\":\"https:\/\/beynur.eu\/#website\",\"url\":\"https:\/\/beynur.eu\/\",\"name\":\"Beynur\",\"description\":\"\u0130lk g\u00fcnk\u00fc a\u015fkla, muhte\u015fem tatlar.\",\"potentialAction\":[{\"@type\":\"SearchAction\",\"target\":{\"@type\":\"EntryPoint\",\"urlTemplate\":\"https:\/\/beynur.eu\/?s={search_term_string}\"},\"query-input\":{\"@type\":\"PropertyValueSpecification\",\"valueRequired\":true,\"valueName\":\"search_term_string\"}}],\"inLanguage\":\"de\"}]}<\/script>\n<!-- \/ Yoast SEO plugin. -->","yoast_head_json":{"title":"Tavuklu Pizza - Beynur","robots":{"index":"index","follow":"follow","max-snippet":"max-snippet:-1","max-image-preview":"max-image-preview:large","max-video-preview":"max-video-preview:-1"},"canonical":"https:\/\/beynur.eu\/de\/produkt\/tavuklu-pizza\/","og_locale":"de_DE","og_type":"article","og_title":"Tavuklu Pizza - Beynur","og_description":"Beynur Tavuk Pizza, pratik ve lezzetli y\u00f6n\u00fcyle \u0130talyan tarz\u0131 tam arad\u0131\u011f\u0131n\u0131z lezzet!  Nefis pili\u00e7 eti ve do\u011fal peynirin m\u00fcthi\u015f uyumuyla Beynur Tavuk Pizza\u2019y\u0131 dondurucunuzda saklayarak davetsiz misafirlerinizi \u015fa\u015f\u0131rtabilirsiniz. Sadece misafirler i\u00e7in de\u011fil \u00e7ocuklar\u0131n\u0131z\u0131n da keyifle t\u00fcketebilece\u011fi, her \u00f6\u011f\u00fcn sofralar\u0131n\u0131z\u0131 \u015fenlendirecek doyurucu bir lezzet.","og_url":"https:\/\/beynur.eu\/de\/produkt\/tavuklu-pizza\/","og_site_name":"Beynur","article_modified_time":"2026-05-05T11:09:21+00:00","og_image":[{"width":2000,"height":2000,"url":"https:\/\/beynur.eu\/wp-content\/uploads\/2018\/03\/Pizza-tavuk.jpg","type":"image\/jpeg"}],"twitter_card":"summary_large_image","twitter_misc":{"Gesch\u00e4tzte Lesezeit":"1\u00a0Minute"},"schema":{"@context":"https:\/\/schema.org","@graph":[{"@type":"WebPage","@id":"https:\/\/beynur.eu\/urun\/tavuklu-pizza\/","url":"https:\/\/beynur.eu\/urun\/tavuklu-pizza\/","name":"Tavuklu Pizza - Beynur","isPartOf":{"@id":"https:\/\/beynur.eu\/#website"},"primaryImageOfPage":{"@id":"https:\/\/beynur.eu\/urun\/tavuklu-pizza\/#primaryimage"},"image":{"@id":"https:\/\/beynur.eu\/urun\/tavuklu-pizza\/#primaryimage"},"thumbnailUrl":"https:\/\/beynur.eu\/wp-content\/uploads\/2018\/03\/Pizza-tavuk.jpg","datePublished":"2018-03-31T21:44:19+00:00","dateModified":"2026-05-05T11:09:21+00:00","breadcrumb":{"@id":"https:\/\/beynur.eu\/urun\/tavuklu-pizza\/#breadcrumb"},"inLanguage":"de","potentialAction":[{"@type":"ReadAction","target":["https:\/\/beynur.eu\/urun\/tavuklu-pizza\/"]}]},{"@type":"ImageObject","inLanguage":"de","@id":"https:\/\/beynur.eu\/urun\/tavuklu-pizza\/#primaryimage","url":"https:\/\/beynur.eu\/wp-content\/uploads\/2018\/03\/Pizza-tavuk.jpg","contentUrl":"https:\/\/beynur.eu\/wp-content\/uploads\/2018\/03\/Pizza-tavuk.jpg","width":2000,"height":2000},{"@type":"BreadcrumbList","@id":"https:\/\/beynur.eu\/urun\/tavuklu-pizza\/#breadcrumb","itemListElement":[{"@type":"ListItem","position":1,"name":"Home","item":"https:\/\/beynur.eu\/"},{"@type":"ListItem","position":2,"name":"\u00dcr\u00fcnler","item":"https:\/\/beynur.eu\/urunlerimiz\/"},{"@type":"ListItem","position":3,"name":"Tavuklu Pizza"}]},{"@type":"WebSite","@id":"https:\/\/beynur.eu\/#website","url":"https:\/\/beynur.eu\/","name":"Beynur","description":"\u0130lk g\u00fcnk\u00fc a\u015fkla, muhte\u015fem tatlar.","potentialAction":[{"@type":"SearchAction","target":{"@type":"EntryPoint","urlTemplate":"https:\/\/beynur.eu\/?s={search_term_string}"},"query-input":{"@type":"PropertyValueSpecification","valueRequired":true,"valueName":"search_term_string"}}],"inLanguage":"de"}]}},"_links":{"self":[{"href":"https:\/\/beynur.eu\/de\/wp-json\/wp\/v2\/product\/156","targetHints":{"allow":["GET"]}}],"collection":[{"href":"https:\/\/beynur.eu\/de\/wp-json\/wp\/v2\/product"}],"about":[{"href":"https:\/\/beynur.eu\/de\/wp-json\/wp\/v2\/types\/product"}],"wp:featuredmedia":[{"embeddable":true,"href":"https:\/\/beynur.eu\/de\/wp-json\/wp\/v2\/media\/1842"}],"wp:attachment":[{"href":"https:\/\/beynur.eu\/de\/wp-json\/wp\/v2\/media?parent=156"}],"wp:term":[{"taxonomy":"product_brand","embeddable":true,"href":"https:\/\/beynur.eu\/de\/wp-json\/wp\/v2\/product_brand?post=156"},{"taxonomy":"product_cat","embeddable":true,"href":"https:\/\/beynur.eu\/de\/wp-json\/wp\/v2\/product_cat?post=156"},{"taxonomy":"product_tag","embeddable":true,"href":"https:\/\/beynur.eu\/de\/wp-json\/wp\/v2\/product_tag?post=156"}],"curies":[{"name":"wp","href":"https:\/\/api.w.org\/{rel}","templated":true}]}}