{"id":159,"date":"2018-03-31T21:48:48","date_gmt":"2018-03-31T21:48:48","guid":{"rendered":"https:\/\/beynur.eu\/?post_type=product&#038;p=159"},"modified":"2026-03-12T11:01:23","modified_gmt":"2026-03-12T11:01:23","slug":"citir-tavuk-kanatlari","status":"publish","type":"product","link":"https:\/\/beynur.eu\/de\/urun\/citir-tavuk-kanatlari\/","title":{"rendered":"Knusprige H\u00e4hnchenfl\u00fcgel"},"content":{"rendered":"<p>Mit Chicken Wings bietet Ihnen Beynur marinierte H\u00e4hnchenfl\u00fcgel, die Sie nicht nur zuhause, sondern auch bei Picknicks genie\u00dfen k\u00f6nnen. Diese knusprigen H\u00e4hnchenfl\u00fcgel sind au\u00dferdem leicht zum Zubereiten.<\/p>\n<p>Dieses Produkt in 700g-Packungen kann Ihr Bed\u00fcrfnis nach wei\u00dfem Fleisch auf gesunde Art und Weise decken. Sie k\u00f6nnen mit H\u00e4hnchenfl\u00fcgel von Beynur Ihren unerwarteten G\u00e4sten in k\u00fcrzester Zeit eine Mahlzeit zubereiten und sie mit unvergleichlichen Saucen \u00fcberraschen.<\/p>\n<p>Wir gewinnen diese K\u00f6stlichkeit, die Ihnen eine praktische Zubereitung erm\u00f6glicht, aus H\u00e4hnchen, die nach islamischen Halal-Richtlinien geschlachtet werden.<\/p>\n<p>&nbsp;<\/p>\n<p><strong>Aufbewahrungsempfehlung:<\/strong><\/p>\n<p>Gefrierschrank: bei -18 \u00b0C in 18 Monaten nach der Herstellung<\/p>\n<p>Tiefgefroren: 1 Monat bei -12\u00b0C<\/p>\n<p>K\u00fchlschrank: 1 Tag bei 7 \u00b0C<\/p>\n<p>Nach dem Auftauen nicht wieder einfrieren! Nach dem Auftauen sollte das Produkt gleich zubereitet werden. Die Regaldauer nach dem Auftauen ist beschr\u00e4nkt. Das Produkt soll ohne W\u00e4rmeverlust serviert werden.<\/p>","protected":false},"excerpt":{"rendered":"<p>Mit Chicken Wings bietet Ihnen Beynur marinierte H\u00e4hnchenfl\u00fcgel, die Sie nicht nur zuhause, sondern auch bei Picknicks genie\u00dfen k\u00f6nnen. Diese knusprigen H\u00e4hnchenfl\u00fcgel sind au\u00dferdem leicht zum Zubereiten.<\/p>\n<p>Dieses Produkt in 700g-Packungen kann Ihr Bed\u00fcrfnis nach wei\u00dfem Fleisch auf gesunde Art und Weise decken. Sie k\u00f6nnen mit H\u00e4hnchenfl\u00fcgel von Beynur Ihren unerwarteten G\u00e4sten in k\u00fcrzester Zeit eine Mahlzeit zubereiten und sie mit unvergleichlichen Saucen \u00fcberraschen.<\/p>","protected":false},"featured_media":1727,"template":"","meta":[],"product_brand":[],"product_cat":[18],"product_tag":[],"class_list":{"0":"post-159","1":"product","2":"type-product","3":"status-publish","4":"has-post-thumbnail","6":"product_cat-tavuk-ve-hindi-urunleri","8":"first","9":"instock","10":"featured","11":"shipping-taxable","12":"product-type-simple"},"yoast_head":"<!-- This site is optimized with the Yoast SEO plugin v26.8 - https:\/\/yoast.com\/product\/yoast-seo-wordpress\/ -->\n<title>\u00c7\u0131t\u0131r Tavuk Kanatlar\u0131 - Beynur<\/title>\n<meta name=\"robots\" content=\"index, follow, max-snippet:-1, max-image-preview:large, max-video-preview:-1\" \/>\n<link rel=\"canonical\" href=\"https:\/\/beynur.eu\/de\/produkt\/citir-tavuk-kanatlari\/\" \/>\n<meta property=\"og:locale\" content=\"de_DE\" \/>\n<meta property=\"og:type\" content=\"article\" \/>\n<meta property=\"og:title\" content=\"\u00c7\u0131t\u0131r Tavuk Kanatlar\u0131 - Beynur\" \/>\n<meta property=\"og:description\" content=\"Beynur Chicken Wings \u00e7\u0131t\u0131r marine edilmi\u015f tavuk kanatlar\u0131 ile mutfaklar\u0131n\u0131z\u0131n yan\u0131 s\u0131ra pikniklerinizde de vazge\u00e7ilmezi olacak. Chicken Wings damak tad\u0131n\u0131za uygun, tercih edilmesi kolay ve pratik bir \u00fcr\u00fcnd\u00fcr.  Beynur Chicken Wings 700gr\u2019l\u0131k paketi beyaz et ihtiyac\u0131n\u0131z\u0131 doyas\u0131ya ve sa\u011fl\u0131kl\u0131 bir \u015fekilde giderir. Pratik kullan\u0131m\u0131 ile \u00e7ocuklar\u0131n\u0131z\u0131n damak tad\u0131na uygun olup ortalama besin de\u011ferlerinde sa\u011fl\u0131\u011f\u0131n\u0131za sa\u011fl\u0131k katar. Beynur Chicken Wings ile davetsiz misafirleriniz i\u00e7in k\u0131sa s\u00fcrede g\u00fczel bir sofra haz\u0131rlayarak e\u015fsiz ve farkl\u0131 soslarla konuklar\u0131n\u0131z\u0131 \u015fa\u015f\u0131rtabilirsiniz.\" \/>\n<meta property=\"og:url\" content=\"https:\/\/beynur.eu\/de\/produkt\/citir-tavuk-kanatlari\/\" \/>\n<meta property=\"og:site_name\" content=\"Beynur\" \/>\n<meta property=\"article:modified_time\" content=\"2026-03-12T11:01:23+00:00\" \/>\n<meta property=\"og:image\" content=\"https:\/\/beynur.eu\/wp-content\/uploads\/2018\/03\/crispy-chicken-wings-1024x1024.png\" \/>\n\t<meta property=\"og:image:width\" content=\"1024\" \/>\n\t<meta property=\"og:image:height\" content=\"1024\" \/>\n\t<meta property=\"og:image:type\" content=\"image\/png\" \/>\n<meta name=\"twitter:card\" content=\"summary_large_image\" \/>\n<meta name=\"twitter:label1\" content=\"Gesch\u00e4tzte Lesezeit\" \/>\n\t<meta name=\"twitter:data1\" content=\"2\u00a0Minuten\" \/>\n<script type=\"application\/ld+json\" class=\"yoast-schema-graph\">{\"@context\":\"https:\/\/schema.org\",\"@graph\":[{\"@type\":\"WebPage\",\"@id\":\"https:\/\/beynur.eu\/urun\/citir-tavuk-kanatlari\/\",\"url\":\"https:\/\/beynur.eu\/urun\/citir-tavuk-kanatlari\/\",\"name\":\"\u00c7\u0131t\u0131r Tavuk Kanatlar\u0131 - Beynur\",\"isPartOf\":{\"@id\":\"https:\/\/beynur.eu\/#website\"},\"primaryImageOfPage\":{\"@id\":\"https:\/\/beynur.eu\/urun\/citir-tavuk-kanatlari\/#primaryimage\"},\"image\":{\"@id\":\"https:\/\/beynur.eu\/urun\/citir-tavuk-kanatlari\/#primaryimage\"},\"thumbnailUrl\":\"https:\/\/beynur.eu\/wp-content\/uploads\/2018\/03\/crispy-chicken-wings.png\",\"datePublished\":\"2018-03-31T21:48:48+00:00\",\"dateModified\":\"2026-03-12T11:01:23+00:00\",\"breadcrumb\":{\"@id\":\"https:\/\/beynur.eu\/urun\/citir-tavuk-kanatlari\/#breadcrumb\"},\"inLanguage\":\"de\",\"potentialAction\":[{\"@type\":\"ReadAction\",\"target\":[\"https:\/\/beynur.eu\/urun\/citir-tavuk-kanatlari\/\"]}]},{\"@type\":\"ImageObject\",\"inLanguage\":\"de\",\"@id\":\"https:\/\/beynur.eu\/urun\/citir-tavuk-kanatlari\/#primaryimage\",\"url\":\"https:\/\/beynur.eu\/wp-content\/uploads\/2018\/03\/crispy-chicken-wings.png\",\"contentUrl\":\"https:\/\/beynur.eu\/wp-content\/uploads\/2018\/03\/crispy-chicken-wings.png\",\"width\":2000,\"height\":2000},{\"@type\":\"BreadcrumbList\",\"@id\":\"https:\/\/beynur.eu\/urun\/citir-tavuk-kanatlari\/#breadcrumb\",\"itemListElement\":[{\"@type\":\"ListItem\",\"position\":1,\"name\":\"Home\",\"item\":\"https:\/\/beynur.eu\/\"},{\"@type\":\"ListItem\",\"position\":2,\"name\":\"\u00dcr\u00fcnlerimiz\",\"item\":\"https:\/\/beynur.eu\/en\/urunlerimiz\/\"},{\"@type\":\"ListItem\",\"position\":3,\"name\":\"\u00c7\u0131t\u0131r Tavuk Kanatlar\u0131\"}]},{\"@type\":\"WebSite\",\"@id\":\"https:\/\/beynur.eu\/#website\",\"url\":\"https:\/\/beynur.eu\/\",\"name\":\"Beynur\",\"description\":\"\u0130lk g\u00fcnk\u00fc a\u015fkla, muhte\u015fem tatlar.\",\"potentialAction\":[{\"@type\":\"SearchAction\",\"target\":{\"@type\":\"EntryPoint\",\"urlTemplate\":\"https:\/\/beynur.eu\/?s={search_term_string}\"},\"query-input\":{\"@type\":\"PropertyValueSpecification\",\"valueRequired\":true,\"valueName\":\"search_term_string\"}}],\"inLanguage\":\"de\"}]}<\/script>\n<!-- \/ Yoast SEO plugin. -->","yoast_head_json":{"title":"\u00c7\u0131t\u0131r Tavuk Kanatlar\u0131 - Beynur","robots":{"index":"index","follow":"follow","max-snippet":"max-snippet:-1","max-image-preview":"max-image-preview:large","max-video-preview":"max-video-preview:-1"},"canonical":"https:\/\/beynur.eu\/de\/produkt\/citir-tavuk-kanatlari\/","og_locale":"de_DE","og_type":"article","og_title":"\u00c7\u0131t\u0131r Tavuk Kanatlar\u0131 - Beynur","og_description":"Beynur Chicken Wings \u00e7\u0131t\u0131r marine edilmi\u015f tavuk kanatlar\u0131 ile mutfaklar\u0131n\u0131z\u0131n yan\u0131 s\u0131ra pikniklerinizde de vazge\u00e7ilmezi olacak. Chicken Wings damak tad\u0131n\u0131za uygun, tercih edilmesi kolay ve pratik bir \u00fcr\u00fcnd\u00fcr.  Beynur Chicken Wings 700gr\u2019l\u0131k paketi beyaz et ihtiyac\u0131n\u0131z\u0131 doyas\u0131ya ve sa\u011fl\u0131kl\u0131 bir \u015fekilde giderir. Pratik kullan\u0131m\u0131 ile \u00e7ocuklar\u0131n\u0131z\u0131n damak tad\u0131na uygun olup ortalama besin de\u011ferlerinde sa\u011fl\u0131\u011f\u0131n\u0131za sa\u011fl\u0131k katar. Beynur Chicken Wings ile davetsiz misafirleriniz i\u00e7in k\u0131sa s\u00fcrede g\u00fczel bir sofra haz\u0131rlayarak e\u015fsiz ve farkl\u0131 soslarla konuklar\u0131n\u0131z\u0131 \u015fa\u015f\u0131rtabilirsiniz.","og_url":"https:\/\/beynur.eu\/de\/produkt\/citir-tavuk-kanatlari\/","og_site_name":"Beynur","article_modified_time":"2026-03-12T11:01:23+00:00","og_image":[{"width":1024,"height":1024,"url":"https:\/\/beynur.eu\/wp-content\/uploads\/2018\/03\/crispy-chicken-wings-1024x1024.png","type":"image\/png"}],"twitter_card":"summary_large_image","twitter_misc":{"Gesch\u00e4tzte Lesezeit":"2\u00a0Minuten"},"schema":{"@context":"https:\/\/schema.org","@graph":[{"@type":"WebPage","@id":"https:\/\/beynur.eu\/urun\/citir-tavuk-kanatlari\/","url":"https:\/\/beynur.eu\/urun\/citir-tavuk-kanatlari\/","name":"\u00c7\u0131t\u0131r Tavuk Kanatlar\u0131 - Beynur","isPartOf":{"@id":"https:\/\/beynur.eu\/#website"},"primaryImageOfPage":{"@id":"https:\/\/beynur.eu\/urun\/citir-tavuk-kanatlari\/#primaryimage"},"image":{"@id":"https:\/\/beynur.eu\/urun\/citir-tavuk-kanatlari\/#primaryimage"},"thumbnailUrl":"https:\/\/beynur.eu\/wp-content\/uploads\/2018\/03\/crispy-chicken-wings.png","datePublished":"2018-03-31T21:48:48+00:00","dateModified":"2026-03-12T11:01:23+00:00","breadcrumb":{"@id":"https:\/\/beynur.eu\/urun\/citir-tavuk-kanatlari\/#breadcrumb"},"inLanguage":"de","potentialAction":[{"@type":"ReadAction","target":["https:\/\/beynur.eu\/urun\/citir-tavuk-kanatlari\/"]}]},{"@type":"ImageObject","inLanguage":"de","@id":"https:\/\/beynur.eu\/urun\/citir-tavuk-kanatlari\/#primaryimage","url":"https:\/\/beynur.eu\/wp-content\/uploads\/2018\/03\/crispy-chicken-wings.png","contentUrl":"https:\/\/beynur.eu\/wp-content\/uploads\/2018\/03\/crispy-chicken-wings.png","width":2000,"height":2000},{"@type":"BreadcrumbList","@id":"https:\/\/beynur.eu\/urun\/citir-tavuk-kanatlari\/#breadcrumb","itemListElement":[{"@type":"ListItem","position":1,"name":"Home","item":"https:\/\/beynur.eu\/"},{"@type":"ListItem","position":2,"name":"\u00dcr\u00fcnlerimiz","item":"https:\/\/beynur.eu\/en\/urunlerimiz\/"},{"@type":"ListItem","position":3,"name":"\u00c7\u0131t\u0131r Tavuk Kanatlar\u0131"}]},{"@type":"WebSite","@id":"https:\/\/beynur.eu\/#website","url":"https:\/\/beynur.eu\/","name":"Beynur","description":"\u0130lk g\u00fcnk\u00fc a\u015fkla, muhte\u015fem tatlar.","potentialAction":[{"@type":"SearchAction","target":{"@type":"EntryPoint","urlTemplate":"https:\/\/beynur.eu\/?s={search_term_string}"},"query-input":{"@type":"PropertyValueSpecification","valueRequired":true,"valueName":"search_term_string"}}],"inLanguage":"de"}]}},"_links":{"self":[{"href":"https:\/\/beynur.eu\/de\/wp-json\/wp\/v2\/product\/159","targetHints":{"allow":["GET"]}}],"collection":[{"href":"https:\/\/beynur.eu\/de\/wp-json\/wp\/v2\/product"}],"about":[{"href":"https:\/\/beynur.eu\/de\/wp-json\/wp\/v2\/types\/product"}],"wp:featuredmedia":[{"embeddable":true,"href":"https:\/\/beynur.eu\/de\/wp-json\/wp\/v2\/media\/1727"}],"wp:attachment":[{"href":"https:\/\/beynur.eu\/de\/wp-json\/wp\/v2\/media?parent=159"}],"wp:term":[{"taxonomy":"product_brand","embeddable":true,"href":"https:\/\/beynur.eu\/de\/wp-json\/wp\/v2\/product_brand?post=159"},{"taxonomy":"product_cat","embeddable":true,"href":"https:\/\/beynur.eu\/de\/wp-json\/wp\/v2\/product_cat?post=159"},{"taxonomy":"product_tag","embeddable":true,"href":"https:\/\/beynur.eu\/de\/wp-json\/wp\/v2\/product_tag?post=159"}],"curies":[{"name":"wp","href":"https:\/\/api.w.org\/{rel}","templated":true}]}}