{"id":161,"date":"2018-03-31T21:51:17","date_gmt":"2018-03-31T21:51:17","guid":{"rendered":"https:\/\/beynur.eu\/?post_type=product&#038;p=161"},"modified":"2026-03-08T12:30:29","modified_gmt":"2026-03-08T12:30:29","slug":"citir-tavuk-burger","status":"publish","type":"product","link":"https:\/\/beynur.eu\/de\/produkt\/citir-tavuk-burger\/","title":{"rendered":"Knuspriger H\u00e4hnchenburger"},"content":{"rendered":"<p>Diese K\u00f6stlichkeit ist leicht zum Zubereiten und perfekt geeignet f\u00fcr Hauptmahlzeiten. Sie k\u00f6nnen sie aber auch f\u00fcr die Zwischenmahlzeiten zum gesunden Stillen des Hungergef\u00fchls zubereiten. H\u00e4hnchenburger in Cornflakes Panade ist eine unverzichtbare Auswahl f\u00fcr Feinschmecker, die sich knusprige Burger w\u00fcnschen.<\/p>\n<p>Diese Crunchy Burger verw\u00f6hnen den Gaumen und sind mit dieser Besonderheit nicht nur f\u00fcr Kinder, sondern auch f\u00fcr Erwachsene eine unverzichtbare Alternative. Wir bieten Ihnen diese K\u00f6stlichkeit als tiefgefrorenes Produkt in 720g-Packungen an. So k\u00f6nnen Sie Ihren unerwarteten G\u00e4sten m\u00fchelos eine unvergessliche Mahlzeit zubereiten.<\/p>\n<p>Diese H\u00e4hnchenburger Cornflakes Panade sind als leichtes Essen lecker und werden nach den islamischen Richtlinien hergestellt. Dieses Produkt wird au\u00dferdem in Anlagen verarbeitet, in denen auch Eier, Milch (mit Laktose) verarbeitet werden. Wir empfehlen Ihnen, unsere Crunchy Burger bis zum inneren Kern durchzubraten. Vermeiden Sie das Auftauen in der Packung. Vermeiden Sie das Auftauen innerhalb der Packung.<\/p>\n<p>&nbsp;<\/p>\n<p><strong>Zubereitung:<\/strong><\/p>\n<p>H\u00e4hnchenbratrollen passen perfekt zum Backofen, Grill, aber auch zur Pfanne und Fritteuse. F\u00fcr tiefgefrorene H\u00e4hnchenbratrollen brauchen Sie in der Fritteuse bei 180 \u00b0C 3 Minuten, f\u00fcr aufgetaute brauchen Sie hingegen nur 2 Minuten.<\/p>\n<p>&nbsp;<\/p>\n<p><strong>Aufbewahrungsempfehlung:<\/strong><\/p>\n<p>Gefrierschrank: bei -18 \u00b0C in 12 Monaten nach der Herstellung<\/p>\n<p>Tiefgefroren: 1 Monat bei -12\u00b0CGefrierfach: 1 Monat bei -12\u00b0C<\/p>\n<p>K\u00fchlschrank: 2 Tage unter 7 \u00b0C<\/p>\n<p>Sehen Sie sich das Ablaufdatum an! Nach dem Auftauen nicht wieder einfrieren!<\/p>","protected":false},"excerpt":{"rendered":"<p>Diese K\u00f6stlichkeit ist leicht zum Zubereiten und perfekt geeignet f\u00fcr Hauptmahlzeiten. Sie k\u00f6nnen sie aber auch f\u00fcr die Zwischenmahlzeiten zum gesunden Stillen des Hungergef\u00fchls zubereiten. H\u00e4hnchenburger in Cornflakes Panade ist eine unverzichtbare Auswahl f\u00fcr Feinschmecker, die sich knusprige Burger w\u00fcnschen.<\/p>\n<p>Diese Crunchy Burger verw\u00f6hnen den Gaumen und sind mit dieser Besonderheit nicht nur f\u00fcr Kinder, sondern auch f\u00fcr Erwachsene eine unverzichtbare Alternative. Wir bieten Ihnen diese K\u00f6stlichkeit als tiefgefrorenes Produkt in 720g-Packungen an. So k\u00f6nnen Sie Ihren unerwarteten G\u00e4sten m\u00fchelos eine unvergessliche Mahlzeit zubereiten.<\/p>","protected":false},"featured_media":285,"template":"","meta":[],"product_brand":[],"product_cat":[18],"product_tag":[],"class_list":{"0":"post-161","1":"product","2":"type-product","3":"status-publish","4":"has-post-thumbnail","6":"product_cat-tavuk-ve-hindi-urunleri","8":"first","9":"instock","10":"shipping-taxable","11":"product-type-simple"},"yoast_head":"<!-- This site is optimized with the Yoast SEO plugin v26.8 - https:\/\/yoast.com\/product\/yoast-seo-wordpress\/ -->\n<title>\u00c7\u0131t\u0131r Tavuk Burger - Beynur<\/title>\n<meta name=\"robots\" content=\"index, follow, max-snippet:-1, max-image-preview:large, max-video-preview:-1\" \/>\n<link rel=\"canonical\" href=\"https:\/\/beynur.eu\/de\/produkt\/citir-tavuk-burger\/\" \/>\n<meta property=\"og:locale\" content=\"de_DE\" \/>\n<meta property=\"og:type\" content=\"article\" \/>\n<meta property=\"og:title\" content=\"\u00c7\u0131t\u0131r Tavuk Burger - Beynur\" \/>\n<meta property=\"og:description\" content=\"Beynur Crunchy Burger pratikli\u011fi ve lezzetiyle ana \u00f6\u011f\u00fcnlerinizde g\u00fczel bir yemek ara \u00f6\u011f\u00fcnlerinizde ise a\u00e7l\u0131\u011f\u0131n\u0131z\u0131 yat\u0131\u015ft\u0131ran sa\u011fl\u0131kl\u0131 bir at\u0131\u015fmal\u0131kt\u0131r. \u00c7\u0131t\u0131r \u00e7\u0131t\u0131r k\u0131zarm\u0131\u015f burger isteyenler i\u00e7in vazge\u00e7ilmez bir tercih.  Damak tad\u0131n\u0131za uygun pili\u00e7 tad\u0131 ile Beynur Crunchy Burger, en az \u00e7ocuklar kadar yeti\u015fkinler i\u00e7in de iyi bir alternatif. Sizler i\u00e7in 720gr\u2019l\u0131k paketlerde dondurulmu\u015f olarak haz\u0131rlanan bu lezzetli \u00fcr\u00fcn ile; davetsiz misafirlerinize g\u00fcn boyu kolay bir \u015fekilde enfes sofralar haz\u0131rlayabileceksiniz.\" \/>\n<meta property=\"og:url\" content=\"https:\/\/beynur.eu\/de\/produkt\/citir-tavuk-burger\/\" \/>\n<meta property=\"og:site_name\" content=\"Beynur\" \/>\n<meta property=\"article:modified_time\" content=\"2026-03-08T12:30:29+00:00\" \/>\n<meta property=\"og:image\" content=\"https:\/\/beynur.eu\/wp-content\/uploads\/2018\/03\/Crunchy-Burger.jpg\" \/>\n\t<meta property=\"og:image:width\" content=\"1000\" \/>\n\t<meta property=\"og:image:height\" content=\"1000\" \/>\n\t<meta property=\"og:image:type\" content=\"image\/jpeg\" \/>\n<meta name=\"twitter:card\" content=\"summary_large_image\" \/>\n<meta name=\"twitter:label1\" content=\"Gesch\u00e4tzte Lesezeit\" \/>\n\t<meta name=\"twitter:data1\" content=\"2\u00a0Minuten\" \/>\n<script type=\"application\/ld+json\" class=\"yoast-schema-graph\">{\"@context\":\"https:\/\/schema.org\",\"@graph\":[{\"@type\":\"WebPage\",\"@id\":\"https:\/\/beynur.eu\/urun\/citir-tavuk-burger\/\",\"url\":\"https:\/\/beynur.eu\/urun\/citir-tavuk-burger\/\",\"name\":\"\u00c7\u0131t\u0131r Tavuk Burger - Beynur\",\"isPartOf\":{\"@id\":\"https:\/\/beynur.eu\/#website\"},\"primaryImageOfPage\":{\"@id\":\"https:\/\/beynur.eu\/urun\/citir-tavuk-burger\/#primaryimage\"},\"image\":{\"@id\":\"https:\/\/beynur.eu\/urun\/citir-tavuk-burger\/#primaryimage\"},\"thumbnailUrl\":\"https:\/\/beynur.eu\/wp-content\/uploads\/2018\/03\/Crunchy-Burger.jpg\",\"datePublished\":\"2018-03-31T21:51:17+00:00\",\"dateModified\":\"2026-03-08T12:30:29+00:00\",\"breadcrumb\":{\"@id\":\"https:\/\/beynur.eu\/urun\/citir-tavuk-burger\/#breadcrumb\"},\"inLanguage\":\"de\",\"potentialAction\":[{\"@type\":\"ReadAction\",\"target\":[\"https:\/\/beynur.eu\/urun\/citir-tavuk-burger\/\"]}]},{\"@type\":\"ImageObject\",\"inLanguage\":\"de\",\"@id\":\"https:\/\/beynur.eu\/urun\/citir-tavuk-burger\/#primaryimage\",\"url\":\"https:\/\/beynur.eu\/wp-content\/uploads\/2018\/03\/Crunchy-Burger.jpg\",\"contentUrl\":\"https:\/\/beynur.eu\/wp-content\/uploads\/2018\/03\/Crunchy-Burger.jpg\",\"width\":1000,\"height\":1000},{\"@type\":\"BreadcrumbList\",\"@id\":\"https:\/\/beynur.eu\/urun\/citir-tavuk-burger\/#breadcrumb\",\"itemListElement\":[{\"@type\":\"ListItem\",\"position\":1,\"name\":\"Home\",\"item\":\"https:\/\/beynur.eu\/\"},{\"@type\":\"ListItem\",\"position\":2,\"name\":\"\u00dcr\u00fcnlerimiz\",\"item\":\"https:\/\/beynur.eu\/en\/urunlerimiz\/\"},{\"@type\":\"ListItem\",\"position\":3,\"name\":\"\u00c7\u0131t\u0131r Tavuk Burger\"}]},{\"@type\":\"WebSite\",\"@id\":\"https:\/\/beynur.eu\/#website\",\"url\":\"https:\/\/beynur.eu\/\",\"name\":\"Beynur\",\"description\":\"\u0130lk g\u00fcnk\u00fc a\u015fkla, muhte\u015fem tatlar.\",\"potentialAction\":[{\"@type\":\"SearchAction\",\"target\":{\"@type\":\"EntryPoint\",\"urlTemplate\":\"https:\/\/beynur.eu\/?s={search_term_string}\"},\"query-input\":{\"@type\":\"PropertyValueSpecification\",\"valueRequired\":true,\"valueName\":\"search_term_string\"}}],\"inLanguage\":\"de\"}]}<\/script>\n<!-- \/ Yoast SEO plugin. -->","yoast_head_json":{"title":"\u00c7\u0131t\u0131r Tavuk Burger - Beynur","robots":{"index":"index","follow":"follow","max-snippet":"max-snippet:-1","max-image-preview":"max-image-preview:large","max-video-preview":"max-video-preview:-1"},"canonical":"https:\/\/beynur.eu\/de\/produkt\/citir-tavuk-burger\/","og_locale":"de_DE","og_type":"article","og_title":"\u00c7\u0131t\u0131r Tavuk Burger - Beynur","og_description":"Beynur Crunchy Burger pratikli\u011fi ve lezzetiyle ana \u00f6\u011f\u00fcnlerinizde g\u00fczel bir yemek ara \u00f6\u011f\u00fcnlerinizde ise a\u00e7l\u0131\u011f\u0131n\u0131z\u0131 yat\u0131\u015ft\u0131ran sa\u011fl\u0131kl\u0131 bir at\u0131\u015fmal\u0131kt\u0131r. \u00c7\u0131t\u0131r \u00e7\u0131t\u0131r k\u0131zarm\u0131\u015f burger isteyenler i\u00e7in vazge\u00e7ilmez bir tercih.  Damak tad\u0131n\u0131za uygun pili\u00e7 tad\u0131 ile Beynur Crunchy Burger, en az \u00e7ocuklar kadar yeti\u015fkinler i\u00e7in de iyi bir alternatif. Sizler i\u00e7in 720gr\u2019l\u0131k paketlerde dondurulmu\u015f olarak haz\u0131rlanan bu lezzetli \u00fcr\u00fcn ile; davetsiz misafirlerinize g\u00fcn boyu kolay bir \u015fekilde enfes sofralar haz\u0131rlayabileceksiniz.","og_url":"https:\/\/beynur.eu\/de\/produkt\/citir-tavuk-burger\/","og_site_name":"Beynur","article_modified_time":"2026-03-08T12:30:29+00:00","og_image":[{"width":1000,"height":1000,"url":"https:\/\/beynur.eu\/wp-content\/uploads\/2018\/03\/Crunchy-Burger.jpg","type":"image\/jpeg"}],"twitter_card":"summary_large_image","twitter_misc":{"Gesch\u00e4tzte Lesezeit":"2\u00a0Minuten"},"schema":{"@context":"https:\/\/schema.org","@graph":[{"@type":"WebPage","@id":"https:\/\/beynur.eu\/urun\/citir-tavuk-burger\/","url":"https:\/\/beynur.eu\/urun\/citir-tavuk-burger\/","name":"\u00c7\u0131t\u0131r Tavuk Burger - Beynur","isPartOf":{"@id":"https:\/\/beynur.eu\/#website"},"primaryImageOfPage":{"@id":"https:\/\/beynur.eu\/urun\/citir-tavuk-burger\/#primaryimage"},"image":{"@id":"https:\/\/beynur.eu\/urun\/citir-tavuk-burger\/#primaryimage"},"thumbnailUrl":"https:\/\/beynur.eu\/wp-content\/uploads\/2018\/03\/Crunchy-Burger.jpg","datePublished":"2018-03-31T21:51:17+00:00","dateModified":"2026-03-08T12:30:29+00:00","breadcrumb":{"@id":"https:\/\/beynur.eu\/urun\/citir-tavuk-burger\/#breadcrumb"},"inLanguage":"de","potentialAction":[{"@type":"ReadAction","target":["https:\/\/beynur.eu\/urun\/citir-tavuk-burger\/"]}]},{"@type":"ImageObject","inLanguage":"de","@id":"https:\/\/beynur.eu\/urun\/citir-tavuk-burger\/#primaryimage","url":"https:\/\/beynur.eu\/wp-content\/uploads\/2018\/03\/Crunchy-Burger.jpg","contentUrl":"https:\/\/beynur.eu\/wp-content\/uploads\/2018\/03\/Crunchy-Burger.jpg","width":1000,"height":1000},{"@type":"BreadcrumbList","@id":"https:\/\/beynur.eu\/urun\/citir-tavuk-burger\/#breadcrumb","itemListElement":[{"@type":"ListItem","position":1,"name":"Home","item":"https:\/\/beynur.eu\/"},{"@type":"ListItem","position":2,"name":"\u00dcr\u00fcnlerimiz","item":"https:\/\/beynur.eu\/en\/urunlerimiz\/"},{"@type":"ListItem","position":3,"name":"\u00c7\u0131t\u0131r Tavuk Burger"}]},{"@type":"WebSite","@id":"https:\/\/beynur.eu\/#website","url":"https:\/\/beynur.eu\/","name":"Beynur","description":"\u0130lk g\u00fcnk\u00fc a\u015fkla, muhte\u015fem tatlar.","potentialAction":[{"@type":"SearchAction","target":{"@type":"EntryPoint","urlTemplate":"https:\/\/beynur.eu\/?s={search_term_string}"},"query-input":{"@type":"PropertyValueSpecification","valueRequired":true,"valueName":"search_term_string"}}],"inLanguage":"de"}]}},"_links":{"self":[{"href":"https:\/\/beynur.eu\/de\/wp-json\/wp\/v2\/product\/161","targetHints":{"allow":["GET"]}}],"collection":[{"href":"https:\/\/beynur.eu\/de\/wp-json\/wp\/v2\/product"}],"about":[{"href":"https:\/\/beynur.eu\/de\/wp-json\/wp\/v2\/types\/product"}],"wp:featuredmedia":[{"embeddable":true,"href":"https:\/\/beynur.eu\/de\/wp-json\/wp\/v2\/media\/285"}],"wp:attachment":[{"href":"https:\/\/beynur.eu\/de\/wp-json\/wp\/v2\/media?parent=161"}],"wp:term":[{"taxonomy":"product_brand","embeddable":true,"href":"https:\/\/beynur.eu\/de\/wp-json\/wp\/v2\/product_brand?post=161"},{"taxonomy":"product_cat","embeddable":true,"href":"https:\/\/beynur.eu\/de\/wp-json\/wp\/v2\/product_cat?post=161"},{"taxonomy":"product_tag","embeddable":true,"href":"https:\/\/beynur.eu\/de\/wp-json\/wp\/v2\/product_tag?post=161"}],"curies":[{"name":"wp","href":"https:\/\/api.w.org\/{rel}","templated":true}]}}