{"id":1617,"date":"2024-09-25T14:49:49","date_gmt":"2024-09-25T14:49:49","guid":{"rendered":"https:\/\/beynur.eu\/?post_type=product&#038;p=1617"},"modified":"2026-04-30T07:45:42","modified_gmt":"2026-04-30T07:45:42","slug":"geschaelte-saubohnen-3","status":"publish","type":"product","link":"https:\/\/beynur.eu\/de\/urun\/taze-fasulye\/","title":{"rendered":"Gr\u00fcne Bohnen"},"content":{"rendered":"<p><b>Verwendungsempfehlungen<\/b><\/p>\n<p><span style=\"font-weight: 400;\">Tiefgek\u00fchlte gr\u00fcne Bohnen eignen sich ideal f\u00fcr klassische Gerichte wie gr\u00fcne Bohnen in Oliven\u00f6l, Gem\u00fcsepfannen oder verschiedene Schmor- und Topfgerichte. Sie k\u00f6nnen das Produkt direkt in den Topf geben und unkompliziert verarbeiten. Zusammen mit Zwiebeln, Tomaten und je nach Rezept auch Knoblauch bereiten Sie schnell ein aromatisches und ausgewogenes Gericht zu. Auch als Beilage, in gemischten Gem\u00fcsegerichten oder in leichten Mahlzeiten lassen sich die Bohnen vielseitig einsetzen.\u00a0<\/span><\/p>\n<p><b>Aufbewahrungshinweise<\/b><\/p>\n<ul>\n<li style=\"font-weight: 400;\" aria-level=\"1\"><span style=\"font-weight: 400;\">Das Produkt ohne vorheriges Auftauen im Gefrierfach lagern.<\/span><\/li>\n<li style=\"font-weight: 400;\" aria-level=\"1\"><span style=\"font-weight: 400;\">Die Verpackung nach dem \u00d6ffnen gut verschlie\u00dfen.<\/span><\/li>\n<li style=\"font-weight: 400;\" aria-level=\"1\"><span style=\"font-weight: 400;\">Nach dem Auftauen nicht wieder einfrieren!<\/span><\/li>\n<li style=\"font-weight: 400;\" aria-level=\"1\"><span style=\"font-weight: 400;\">Das Produkt unter den empfohlenen Lagerbedingungen aufbewahren.<\/span><\/li>\n<li style=\"font-weight: 400;\" aria-level=\"1\"><span style=\"font-weight: 400;\">Im Gefrierfach nicht neben stark riechenden Lebensmitteln lagern.<\/span><\/li>\n<\/ul>\n<p>&nbsp;<\/p>","protected":false},"excerpt":{"rendered":"<p><b>Tiefgek\u00fchlte gr\u00fcne Bohnen<\/b><\/p>\n<p><span style=\"font-weight: 400;\">Bringen Sie mit nat\u00fcrlich gewachsenen, zusatzfreien gr\u00fcnen Bohnen Frische und Komfort in Ihre K\u00fcche. Sorgf\u00e4ltig ausgew\u00e4hlte Bohnen aus der Saison bieten Ihnen den typischen Geschmack frischer gr\u00fcner Bohnen das ganze Jahr \u00fcber. Dieses Produkt erleichtert die t\u00e4gliche Zubereitung, spart Zeit beim Kochen und unterst\u00fctzt Sie bei vielen klassischen und modernen Rezepten. Ob f\u00fcr herzhafte Hausmannskost oder leichte Gem\u00fcsegerichte: Tiefgek\u00fchlte gr\u00fcne Bohnen \u00fcberzeugen mit ihrem nat\u00fcrlichen Geschmack, ihrer vielseitigen Verwendbarkeit und ihrer praktischen Handhabung im K\u00fcchenalltag.<\/span><\/p>","protected":false},"featured_media":1618,"template":"","meta":[],"product_brand":[],"product_cat":[36],"product_tag":[],"class_list":{"0":"post-1617","1":"product","2":"type-product","3":"status-publish","4":"has-post-thumbnail","6":"product_cat-dondurulmus-sebze-urunleri","8":"first","9":"instock","10":"shipping-taxable","11":"product-type-simple"},"yoast_head":"<!-- This site is optimized with the Yoast SEO plugin v26.8 - https:\/\/yoast.com\/product\/yoast-seo-wordpress\/ -->\n<title>Taze Fasulye - Beynur<\/title>\n<meta name=\"robots\" content=\"index, follow, max-snippet:-1, max-image-preview:large, max-video-preview:-1\" \/>\n<link rel=\"canonical\" href=\"https:\/\/beynur.eu\/de\/produkt\/geschaelte-saubohnen-3\/\" \/>\n<meta property=\"og:locale\" content=\"de_DE\" \/>\n<meta property=\"og:type\" content=\"article\" \/>\n<meta property=\"og:title\" content=\"Taze Fasulye - Beynur\" \/>\n<meta property=\"og:description\" content=\"Dondurulmu\u015f Taze Fasulye  Mevsiminde \u00f6zenle se\u00e7ilen do\u011fal ve katk\u0131s\u0131z taze fasulye, lezzetini ve tazeli\u011fini koruyarak mutfa\u011f\u0131n\u0131za pratik bir \u00e7\u00f6z\u00fcm sunuyor. G\u00fcnl\u00fck yemek haz\u0131rl\u0131\u011f\u0131n\u0131 kolayla\u015ft\u0131ran bu \u00fcr\u00fcn sizi ay\u0131klama ve temizleme zahmetinden kurtar\u0131yor ve zamandan tasarruf etmenize yard\u0131mc\u0131 oluyor. Geleneksel ev yemeklerinden hafif sebze tariflerine kadar bir\u00e7ok lezzet i\u00e7in ideal olan dondurulmu\u015f taze fasulyemiz, do\u011fal tad\u0131 ve dengeli yap\u0131s\u0131yla mutfakta herkesin g\u00fcvenini kazan\u0131yor.\" \/>\n<meta property=\"og:url\" content=\"https:\/\/beynur.eu\/de\/produkt\/geschaelte-saubohnen-3\/\" \/>\n<meta property=\"og:site_name\" content=\"Beynur\" \/>\n<meta property=\"article:modified_time\" content=\"2026-04-30T07:45:42+00:00\" \/>\n<meta property=\"og:image\" content=\"https:\/\/beynur.eu\/wp-content\/uploads\/2024\/09\/Taze-Faulye.jpg\" \/>\n\t<meta property=\"og:image:width\" content=\"1000\" \/>\n\t<meta property=\"og:image:height\" content=\"1000\" \/>\n\t<meta property=\"og:image:type\" content=\"image\/jpeg\" \/>\n<meta name=\"twitter:card\" content=\"summary_large_image\" \/>\n<meta name=\"twitter:label1\" content=\"Gesch\u00e4tzte Lesezeit\" \/>\n\t<meta name=\"twitter:data1\" content=\"1\u00a0Minute\" \/>\n<script type=\"application\/ld+json\" class=\"yoast-schema-graph\">{\"@context\":\"https:\/\/schema.org\",\"@graph\":[{\"@type\":\"WebPage\",\"@id\":\"https:\/\/beynur.eu\/urun\/taze-fasulye\/\",\"url\":\"https:\/\/beynur.eu\/urun\/taze-fasulye\/\",\"name\":\"Taze Fasulye - Beynur\",\"isPartOf\":{\"@id\":\"https:\/\/beynur.eu\/#website\"},\"primaryImageOfPage\":{\"@id\":\"https:\/\/beynur.eu\/urun\/taze-fasulye\/#primaryimage\"},\"image\":{\"@id\":\"https:\/\/beynur.eu\/urun\/taze-fasulye\/#primaryimage\"},\"thumbnailUrl\":\"https:\/\/beynur.eu\/wp-content\/uploads\/2024\/09\/Taze-Faulye.jpg\",\"datePublished\":\"2024-09-25T14:49:49+00:00\",\"dateModified\":\"2026-04-30T07:45:42+00:00\",\"breadcrumb\":{\"@id\":\"https:\/\/beynur.eu\/urun\/taze-fasulye\/#breadcrumb\"},\"inLanguage\":\"de\",\"potentialAction\":[{\"@type\":\"ReadAction\",\"target\":[\"https:\/\/beynur.eu\/urun\/taze-fasulye\/\"]}]},{\"@type\":\"ImageObject\",\"inLanguage\":\"de\",\"@id\":\"https:\/\/beynur.eu\/urun\/taze-fasulye\/#primaryimage\",\"url\":\"https:\/\/beynur.eu\/wp-content\/uploads\/2024\/09\/Taze-Faulye.jpg\",\"contentUrl\":\"https:\/\/beynur.eu\/wp-content\/uploads\/2024\/09\/Taze-Faulye.jpg\",\"width\":1000,\"height\":1000},{\"@type\":\"BreadcrumbList\",\"@id\":\"https:\/\/beynur.eu\/urun\/taze-fasulye\/#breadcrumb\",\"itemListElement\":[{\"@type\":\"ListItem\",\"position\":1,\"name\":\"Home\",\"item\":\"https:\/\/beynur.eu\/\"},{\"@type\":\"ListItem\",\"position\":2,\"name\":\"\u00dcr\u00fcnlerimiz\",\"item\":\"https:\/\/beynur.eu\/en\/urunlerimiz\/\"},{\"@type\":\"ListItem\",\"position\":3,\"name\":\"Taze Fasulye\"}]},{\"@type\":\"WebSite\",\"@id\":\"https:\/\/beynur.eu\/#website\",\"url\":\"https:\/\/beynur.eu\/\",\"name\":\"Beynur\",\"description\":\"\u0130lk g\u00fcnk\u00fc a\u015fkla, muhte\u015fem tatlar.\",\"potentialAction\":[{\"@type\":\"SearchAction\",\"target\":{\"@type\":\"EntryPoint\",\"urlTemplate\":\"https:\/\/beynur.eu\/?s={search_term_string}\"},\"query-input\":{\"@type\":\"PropertyValueSpecification\",\"valueRequired\":true,\"valueName\":\"search_term_string\"}}],\"inLanguage\":\"de\"}]}<\/script>\n<!-- \/ Yoast SEO plugin. -->","yoast_head_json":{"title":"Taze Fasulye - Beynur","robots":{"index":"index","follow":"follow","max-snippet":"max-snippet:-1","max-image-preview":"max-image-preview:large","max-video-preview":"max-video-preview:-1"},"canonical":"https:\/\/beynur.eu\/de\/produkt\/geschaelte-saubohnen-3\/","og_locale":"de_DE","og_type":"article","og_title":"Taze Fasulye - Beynur","og_description":"Dondurulmu\u015f Taze Fasulye  Mevsiminde \u00f6zenle se\u00e7ilen do\u011fal ve katk\u0131s\u0131z taze fasulye, lezzetini ve tazeli\u011fini koruyarak mutfa\u011f\u0131n\u0131za pratik bir \u00e7\u00f6z\u00fcm sunuyor. G\u00fcnl\u00fck yemek haz\u0131rl\u0131\u011f\u0131n\u0131 kolayla\u015ft\u0131ran bu \u00fcr\u00fcn sizi ay\u0131klama ve temizleme zahmetinden kurtar\u0131yor ve zamandan tasarruf etmenize yard\u0131mc\u0131 oluyor. Geleneksel ev yemeklerinden hafif sebze tariflerine kadar bir\u00e7ok lezzet i\u00e7in ideal olan dondurulmu\u015f taze fasulyemiz, do\u011fal tad\u0131 ve dengeli yap\u0131s\u0131yla mutfakta herkesin g\u00fcvenini kazan\u0131yor.","og_url":"https:\/\/beynur.eu\/de\/produkt\/geschaelte-saubohnen-3\/","og_site_name":"Beynur","article_modified_time":"2026-04-30T07:45:42+00:00","og_image":[{"width":1000,"height":1000,"url":"https:\/\/beynur.eu\/wp-content\/uploads\/2024\/09\/Taze-Faulye.jpg","type":"image\/jpeg"}],"twitter_card":"summary_large_image","twitter_misc":{"Gesch\u00e4tzte Lesezeit":"1\u00a0Minute"},"schema":{"@context":"https:\/\/schema.org","@graph":[{"@type":"WebPage","@id":"https:\/\/beynur.eu\/urun\/taze-fasulye\/","url":"https:\/\/beynur.eu\/urun\/taze-fasulye\/","name":"Taze Fasulye - Beynur","isPartOf":{"@id":"https:\/\/beynur.eu\/#website"},"primaryImageOfPage":{"@id":"https:\/\/beynur.eu\/urun\/taze-fasulye\/#primaryimage"},"image":{"@id":"https:\/\/beynur.eu\/urun\/taze-fasulye\/#primaryimage"},"thumbnailUrl":"https:\/\/beynur.eu\/wp-content\/uploads\/2024\/09\/Taze-Faulye.jpg","datePublished":"2024-09-25T14:49:49+00:00","dateModified":"2026-04-30T07:45:42+00:00","breadcrumb":{"@id":"https:\/\/beynur.eu\/urun\/taze-fasulye\/#breadcrumb"},"inLanguage":"de","potentialAction":[{"@type":"ReadAction","target":["https:\/\/beynur.eu\/urun\/taze-fasulye\/"]}]},{"@type":"ImageObject","inLanguage":"de","@id":"https:\/\/beynur.eu\/urun\/taze-fasulye\/#primaryimage","url":"https:\/\/beynur.eu\/wp-content\/uploads\/2024\/09\/Taze-Faulye.jpg","contentUrl":"https:\/\/beynur.eu\/wp-content\/uploads\/2024\/09\/Taze-Faulye.jpg","width":1000,"height":1000},{"@type":"BreadcrumbList","@id":"https:\/\/beynur.eu\/urun\/taze-fasulye\/#breadcrumb","itemListElement":[{"@type":"ListItem","position":1,"name":"Home","item":"https:\/\/beynur.eu\/"},{"@type":"ListItem","position":2,"name":"\u00dcr\u00fcnlerimiz","item":"https:\/\/beynur.eu\/en\/urunlerimiz\/"},{"@type":"ListItem","position":3,"name":"Taze Fasulye"}]},{"@type":"WebSite","@id":"https:\/\/beynur.eu\/#website","url":"https:\/\/beynur.eu\/","name":"Beynur","description":"\u0130lk g\u00fcnk\u00fc a\u015fkla, muhte\u015fem tatlar.","potentialAction":[{"@type":"SearchAction","target":{"@type":"EntryPoint","urlTemplate":"https:\/\/beynur.eu\/?s={search_term_string}"},"query-input":{"@type":"PropertyValueSpecification","valueRequired":true,"valueName":"search_term_string"}}],"inLanguage":"de"}]}},"_links":{"self":[{"href":"https:\/\/beynur.eu\/de\/wp-json\/wp\/v2\/product\/1617","targetHints":{"allow":["GET"]}}],"collection":[{"href":"https:\/\/beynur.eu\/de\/wp-json\/wp\/v2\/product"}],"about":[{"href":"https:\/\/beynur.eu\/de\/wp-json\/wp\/v2\/types\/product"}],"wp:featuredmedia":[{"embeddable":true,"href":"https:\/\/beynur.eu\/de\/wp-json\/wp\/v2\/media\/1618"}],"wp:attachment":[{"href":"https:\/\/beynur.eu\/de\/wp-json\/wp\/v2\/media?parent=1617"}],"wp:term":[{"taxonomy":"product_brand","embeddable":true,"href":"https:\/\/beynur.eu\/de\/wp-json\/wp\/v2\/product_brand?post=1617"},{"taxonomy":"product_cat","embeddable":true,"href":"https:\/\/beynur.eu\/de\/wp-json\/wp\/v2\/product_cat?post=1617"},{"taxonomy":"product_tag","embeddable":true,"href":"https:\/\/beynur.eu\/de\/wp-json\/wp\/v2\/product_tag?post=1617"}],"curies":[{"name":"wp","href":"https:\/\/api.w.org\/{rel}","templated":true}]}}