{"id":1635,"date":"2024-10-15T13:15:20","date_gmt":"2024-10-15T13:15:20","guid":{"rendered":"https:\/\/beynur.eu\/?post_type=product&#038;p=1635"},"modified":"2026-04-29T15:33:51","modified_gmt":"2026-04-29T15:33:51","slug":"tavuk-hindi-doner","status":"publish","type":"product","link":"https:\/\/beynur.eu\/de\/urun\/tavuk-hindi-doner\/","title":{"rendered":"Puten-H\u00e4hnchen-D\u00f6ner"},"content":{"rendered":"<p><b>Verwendungsempfehlungen<\/b><b><br \/>\n<\/b><span style=\"font-weight: 400;\">Puten-H\u00e4hnchen-D\u00f6ner k\u00f6nnen Sie ganz einfach im Backofen, in der Mikrowelle oder in der Pfanne zubereiten. Nach dem Erw\u00e4rmen l\u00e4sst sich das Produkt hervorragend mit Fladenbrot, Pide, Reis oder Sandwichbrot servieren. Zusammen mit Tomaten, Zwiebeln, Salat und Joghurtsaucen lassen sich besonders aromatische und appetitliche Mahlzeiten zusammenstellen.\u00a0<\/span><\/p>\n<p><b>Aufbewahrungshinweise<\/b><\/p>\n<ul>\n<li style=\"font-weight: 400;\" aria-level=\"1\"><span style=\"font-weight: 400;\">Das Produkt ohne vorheriges Auftauen im Gefrierfach lagern.<\/span><\/li>\n<li style=\"font-weight: 400;\" aria-level=\"1\"><span style=\"font-weight: 400;\">Die Verpackung nach dem \u00d6ffnen sorgf\u00e4ltig verschlie\u00dfen.<\/span><\/li>\n<li style=\"font-weight: 400;\" aria-level=\"1\"><span style=\"font-weight: 400;\">Nach dem Auftauen nicht wieder einfrieren!<\/span><\/li>\n<li style=\"font-weight: 400;\" aria-level=\"1\"><span style=\"font-weight: 400;\">Das Produkt unter den empfohlenen Lagerbedingungen aufbewahren.<\/span><\/li>\n<li style=\"font-weight: 400;\" aria-level=\"1\"><span style=\"font-weight: 400;\">Bis zum Verbrauch tiefgek\u00fchlt lagern.<\/span><\/li>\n<\/ul>\n<p>&nbsp;<\/p>","protected":false},"excerpt":{"rendered":"<p><b>Tiefgek\u00fchlter Puten-H\u00e4hnchen-D\u00f6ner<\/b><b><br \/>\n<\/b><span style=\"font-weight: 400;\">Puten-H\u00e4hnchen-D\u00f6ner bringt den beliebten D\u00f6nergeschmack schnell und praktisch auf Ihren Tisch. Dieses vorgegarte und tiefgek\u00fchlte Produkt ist die ideale Wahl f\u00fcr alle, die auch an hektischen Tagen in kurzer Zeit eine leckere Mahlzeit zubereiten m\u00f6chten. Hergestellt aus halal Fleisch \u00fcberzeugt der Puten-H\u00e4hnchen-D\u00f6ner mit seiner ausgewogenen W\u00fcrzung, der zarten Fleischstruktur und seiner einfachen Zubereitung.\u00a0<\/span><\/p>","protected":false},"featured_media":1636,"template":"","meta":[],"product_brand":[],"product_cat":[18],"product_tag":[],"class_list":{"0":"post-1635","1":"product","2":"type-product","3":"status-publish","4":"has-post-thumbnail","6":"product_cat-tavuk-ve-hindi-urunleri","8":"first","9":"instock","10":"shipping-taxable","11":"product-type-simple"},"yoast_head":"<!-- This site is optimized with the Yoast SEO plugin v26.8 - https:\/\/yoast.com\/product\/yoast-seo-wordpress\/ -->\n<title>Tavuk Hindi D\u00f6ner - Beynur<\/title>\n<meta name=\"robots\" content=\"index, follow, max-snippet:-1, max-image-preview:large, max-video-preview:-1\" \/>\n<link rel=\"canonical\" href=\"https:\/\/beynur.eu\/de\/produkt\/tavuk-hindi-doner\/\" \/>\n<meta property=\"og:locale\" content=\"de_DE\" \/>\n<meta property=\"og:type\" content=\"article\" \/>\n<meta property=\"og:title\" content=\"Tavuk Hindi D\u00f6ner - Beynur\" \/>\n<meta property=\"og:description\" content=\"Dondurulmu\u015f Hindi-Tavuk D\u00f6ner Hindi-Tavuk D\u00f6ner, d\u00f6nerin sevilen lezzetini pratik ve h\u0131zl\u0131 bir \u015fekilde sofralar\u0131n\u0131za ta\u015f\u0131yor. \u00d6nceden pi\u015firilmi\u015f ve dondurulmu\u015f olarak sundu\u011fumuz bu \u00fcr\u00fcn, yo\u011fun g\u00fcnlerde k\u0131sa s\u00fcrede lezzetli bir \u00f6\u011f\u00fcn haz\u0131rlamak isteyenler i\u00e7in ideal bir se\u00e7enek. Helal etten \u00fcretilen Hindi-Tavuk D\u00f6ner, dengeli baharat yap\u0131s\u0131, yumu\u015fak et dokusu ve kolay haz\u0131rlan\u0131\u015f\u0131yla hem g\u00fcnl\u00fck \u00f6\u011f\u00fcnlerde hem de pratik sunumlarda rahatl\u0131kla tercih edebilece\u011finiz bir \u00fcr\u00fcn.\u00a0\" \/>\n<meta property=\"og:url\" content=\"https:\/\/beynur.eu\/de\/produkt\/tavuk-hindi-doner\/\" \/>\n<meta property=\"og:site_name\" content=\"Beynur\" \/>\n<meta property=\"article:modified_time\" content=\"2026-04-29T15:33:51+00:00\" \/>\n<meta property=\"og:image\" content=\"https:\/\/beynur.eu\/wp-content\/uploads\/2024\/10\/12.png\" \/>\n\t<meta property=\"og:image:width\" content=\"1000\" \/>\n\t<meta property=\"og:image:height\" content=\"1000\" \/>\n\t<meta property=\"og:image:type\" content=\"image\/png\" \/>\n<meta name=\"twitter:card\" content=\"summary_large_image\" \/>\n<meta name=\"twitter:label1\" content=\"Gesch\u00e4tzte Lesezeit\" \/>\n\t<meta name=\"twitter:data1\" content=\"1\u00a0Minute\" \/>\n<script type=\"application\/ld+json\" class=\"yoast-schema-graph\">{\"@context\":\"https:\/\/schema.org\",\"@graph\":[{\"@type\":\"WebPage\",\"@id\":\"https:\/\/beynur.eu\/urun\/tavuk-hindi-doner\/\",\"url\":\"https:\/\/beynur.eu\/urun\/tavuk-hindi-doner\/\",\"name\":\"Tavuk Hindi D\u00f6ner - Beynur\",\"isPartOf\":{\"@id\":\"https:\/\/beynur.eu\/#website\"},\"primaryImageOfPage\":{\"@id\":\"https:\/\/beynur.eu\/urun\/tavuk-hindi-doner\/#primaryimage\"},\"image\":{\"@id\":\"https:\/\/beynur.eu\/urun\/tavuk-hindi-doner\/#primaryimage\"},\"thumbnailUrl\":\"https:\/\/beynur.eu\/wp-content\/uploads\/2024\/10\/12.png\",\"datePublished\":\"2024-10-15T13:15:20+00:00\",\"dateModified\":\"2026-04-29T15:33:51+00:00\",\"breadcrumb\":{\"@id\":\"https:\/\/beynur.eu\/urun\/tavuk-hindi-doner\/#breadcrumb\"},\"inLanguage\":\"de\",\"potentialAction\":[{\"@type\":\"ReadAction\",\"target\":[\"https:\/\/beynur.eu\/urun\/tavuk-hindi-doner\/\"]}]},{\"@type\":\"ImageObject\",\"inLanguage\":\"de\",\"@id\":\"https:\/\/beynur.eu\/urun\/tavuk-hindi-doner\/#primaryimage\",\"url\":\"https:\/\/beynur.eu\/wp-content\/uploads\/2024\/10\/12.png\",\"contentUrl\":\"https:\/\/beynur.eu\/wp-content\/uploads\/2024\/10\/12.png\",\"width\":1000,\"height\":1000},{\"@type\":\"BreadcrumbList\",\"@id\":\"https:\/\/beynur.eu\/urun\/tavuk-hindi-doner\/#breadcrumb\",\"itemListElement\":[{\"@type\":\"ListItem\",\"position\":1,\"name\":\"Home\",\"item\":\"https:\/\/beynur.eu\/\"},{\"@type\":\"ListItem\",\"position\":2,\"name\":\"\u00dcr\u00fcnlerimiz\",\"item\":\"https:\/\/beynur.eu\/en\/urunlerimiz\/\"},{\"@type\":\"ListItem\",\"position\":3,\"name\":\"Tavuk Hindi D\u00f6ner\"}]},{\"@type\":\"WebSite\",\"@id\":\"https:\/\/beynur.eu\/#website\",\"url\":\"https:\/\/beynur.eu\/\",\"name\":\"Beynur\",\"description\":\"\u0130lk g\u00fcnk\u00fc a\u015fkla, muhte\u015fem tatlar.\",\"potentialAction\":[{\"@type\":\"SearchAction\",\"target\":{\"@type\":\"EntryPoint\",\"urlTemplate\":\"https:\/\/beynur.eu\/?s={search_term_string}\"},\"query-input\":{\"@type\":\"PropertyValueSpecification\",\"valueRequired\":true,\"valueName\":\"search_term_string\"}}],\"inLanguage\":\"de\"}]}<\/script>\n<!-- \/ Yoast SEO plugin. -->","yoast_head_json":{"title":"Tavuk Hindi D\u00f6ner - Beynur","robots":{"index":"index","follow":"follow","max-snippet":"max-snippet:-1","max-image-preview":"max-image-preview:large","max-video-preview":"max-video-preview:-1"},"canonical":"https:\/\/beynur.eu\/de\/produkt\/tavuk-hindi-doner\/","og_locale":"de_DE","og_type":"article","og_title":"Tavuk Hindi D\u00f6ner - Beynur","og_description":"Dondurulmu\u015f Hindi-Tavuk D\u00f6ner Hindi-Tavuk D\u00f6ner, d\u00f6nerin sevilen lezzetini pratik ve h\u0131zl\u0131 bir \u015fekilde sofralar\u0131n\u0131za ta\u015f\u0131yor. \u00d6nceden pi\u015firilmi\u015f ve dondurulmu\u015f olarak sundu\u011fumuz bu \u00fcr\u00fcn, yo\u011fun g\u00fcnlerde k\u0131sa s\u00fcrede lezzetli bir \u00f6\u011f\u00fcn haz\u0131rlamak isteyenler i\u00e7in ideal bir se\u00e7enek. Helal etten \u00fcretilen Hindi-Tavuk D\u00f6ner, dengeli baharat yap\u0131s\u0131, yumu\u015fak et dokusu ve kolay haz\u0131rlan\u0131\u015f\u0131yla hem g\u00fcnl\u00fck \u00f6\u011f\u00fcnlerde hem de pratik sunumlarda rahatl\u0131kla tercih edebilece\u011finiz bir \u00fcr\u00fcn.\u00a0","og_url":"https:\/\/beynur.eu\/de\/produkt\/tavuk-hindi-doner\/","og_site_name":"Beynur","article_modified_time":"2026-04-29T15:33:51+00:00","og_image":[{"width":1000,"height":1000,"url":"https:\/\/beynur.eu\/wp-content\/uploads\/2024\/10\/12.png","type":"image\/png"}],"twitter_card":"summary_large_image","twitter_misc":{"Gesch\u00e4tzte Lesezeit":"1\u00a0Minute"},"schema":{"@context":"https:\/\/schema.org","@graph":[{"@type":"WebPage","@id":"https:\/\/beynur.eu\/urun\/tavuk-hindi-doner\/","url":"https:\/\/beynur.eu\/urun\/tavuk-hindi-doner\/","name":"Tavuk Hindi D\u00f6ner - Beynur","isPartOf":{"@id":"https:\/\/beynur.eu\/#website"},"primaryImageOfPage":{"@id":"https:\/\/beynur.eu\/urun\/tavuk-hindi-doner\/#primaryimage"},"image":{"@id":"https:\/\/beynur.eu\/urun\/tavuk-hindi-doner\/#primaryimage"},"thumbnailUrl":"https:\/\/beynur.eu\/wp-content\/uploads\/2024\/10\/12.png","datePublished":"2024-10-15T13:15:20+00:00","dateModified":"2026-04-29T15:33:51+00:00","breadcrumb":{"@id":"https:\/\/beynur.eu\/urun\/tavuk-hindi-doner\/#breadcrumb"},"inLanguage":"de","potentialAction":[{"@type":"ReadAction","target":["https:\/\/beynur.eu\/urun\/tavuk-hindi-doner\/"]}]},{"@type":"ImageObject","inLanguage":"de","@id":"https:\/\/beynur.eu\/urun\/tavuk-hindi-doner\/#primaryimage","url":"https:\/\/beynur.eu\/wp-content\/uploads\/2024\/10\/12.png","contentUrl":"https:\/\/beynur.eu\/wp-content\/uploads\/2024\/10\/12.png","width":1000,"height":1000},{"@type":"BreadcrumbList","@id":"https:\/\/beynur.eu\/urun\/tavuk-hindi-doner\/#breadcrumb","itemListElement":[{"@type":"ListItem","position":1,"name":"Home","item":"https:\/\/beynur.eu\/"},{"@type":"ListItem","position":2,"name":"\u00dcr\u00fcnlerimiz","item":"https:\/\/beynur.eu\/en\/urunlerimiz\/"},{"@type":"ListItem","position":3,"name":"Tavuk Hindi D\u00f6ner"}]},{"@type":"WebSite","@id":"https:\/\/beynur.eu\/#website","url":"https:\/\/beynur.eu\/","name":"Beynur","description":"\u0130lk g\u00fcnk\u00fc a\u015fkla, muhte\u015fem tatlar.","potentialAction":[{"@type":"SearchAction","target":{"@type":"EntryPoint","urlTemplate":"https:\/\/beynur.eu\/?s={search_term_string}"},"query-input":{"@type":"PropertyValueSpecification","valueRequired":true,"valueName":"search_term_string"}}],"inLanguage":"de"}]}},"_links":{"self":[{"href":"https:\/\/beynur.eu\/de\/wp-json\/wp\/v2\/product\/1635","targetHints":{"allow":["GET"]}}],"collection":[{"href":"https:\/\/beynur.eu\/de\/wp-json\/wp\/v2\/product"}],"about":[{"href":"https:\/\/beynur.eu\/de\/wp-json\/wp\/v2\/types\/product"}],"wp:featuredmedia":[{"embeddable":true,"href":"https:\/\/beynur.eu\/de\/wp-json\/wp\/v2\/media\/1636"}],"wp:attachment":[{"href":"https:\/\/beynur.eu\/de\/wp-json\/wp\/v2\/media?parent=1635"}],"wp:term":[{"taxonomy":"product_brand","embeddable":true,"href":"https:\/\/beynur.eu\/de\/wp-json\/wp\/v2\/product_brand?post=1635"},{"taxonomy":"product_cat","embeddable":true,"href":"https:\/\/beynur.eu\/de\/wp-json\/wp\/v2\/product_cat?post=1635"},{"taxonomy":"product_tag","embeddable":true,"href":"https:\/\/beynur.eu\/de\/wp-json\/wp\/v2\/product_tag?post=1635"}],"curies":[{"name":"wp","href":"https:\/\/api.w.org\/{rel}","templated":true}]}}