{"id":167,"date":"2018-04-01T09:58:57","date_gmt":"2018-04-01T09:58:57","guid":{"rendered":"https:\/\/beynur.eu\/?post_type=product&#038;p=167"},"modified":"2026-03-12T11:14:47","modified_gmt":"2026-03-12T11:14:47","slug":"adana-kebap","status":"publish","type":"product","link":"https:\/\/beynur.eu\/de\/produkt\/adana-kebab-hackfleischspiesse\/","title":{"rendered":"Adana Kebab"},"content":{"rendered":"<p>Dieser Hackfleischspie\u00df ist eine Art Kebab, den wir als Beynur aus einer Mischung von hochwertigem Rindfleisch und Gew\u00fcrzen, gewinnen, die der Adana-Region eigen sind. Adana Kebab ist ideal f\u00fcr diejenigen, die sich in ihren K\u00fcchen ein praktisches Fertigfleischprodukt f\u00fcr leckere Gerichte w\u00fcnschen.<\/p>\n<p>Das Kalbfleisch ist sehr reich an Proteinen. Mit unseren Hackfleischspie\u00dfe nach Adana Art k\u00f6nnen Sie Ihr Bed\u00fcrfnis nach Proteinen ausgewogen decken und f\u00fcr Ihre Kinder Mahlzeiten zubereiten. Sie warten ungeduldig darauf.<\/p>\n<p>Beynur Adana Kebab bedeutet ein Riesen-Genuss bei Ihren Grill-Partys. Sie k\u00f6nnen unsere Hackfleischspie\u00dfe als eine K\u00f6stlichkeit sowohl f\u00fcr die Hauptmahlzeiten aber auch f\u00fcr die Zwischenmahlzeiten mit gutem Gewissen zubereiten. Bei unseren Produkten handelt es sich um Halal-Produkte, die wir nach islamischen Richtlinien produzieren.<\/p>\n<p>&nbsp;<\/p>\n<p><strong>Zubereitung:<\/strong><\/p>\n<p>Braten Sie die Hackfleischspie\u00dfe in einer mit wenig \u00d6l vorerhitzten Pfanne. Sie m\u00fcssen vor dem Essen gut durchgebraten worden sein. Das Produkt enth\u00e4lt Gluten und Soja.<\/p>\n<p>&nbsp;<\/p>\n<p><strong>Aufbewahrungsempfehlung:<\/strong><\/p>\n<p>2 Tage im K\u00fchlschrank<\/p>\n<p>In einem Gefrierschrank mit einem * eine Woche.<\/p>\n<p>In einem Gefrierschrank mit zwei ** eine Woche.<\/p>\n<p>In einem Gefrierschrank mit drei *** (-18C): Sehen Sie sich das Ablaufdatum an!<\/p>\n<p>Nach dem Auftauen nicht wieder einfrieren!<\/p>","protected":false},"excerpt":{"rendered":"<p>Dieser Hackfleischspie\u00df ist eine Art Kebab, den wir als Beynur aus einer Mischung von hochwertigem Rindfleisch und Gew\u00fcrzen, gewinnen, die der Adana-Region eigen sind. Adana Kebab ist ideal f\u00fcr diejenigen, die sich in ihren K\u00fcchen ein praktisches Fertigfleischprodukt f\u00fcr leckere Gerichte w\u00fcnschen.<\/p>\n<p>Das Kalbfleisch ist sehr reich an Proteinen. Mit unseren Hackfleischspie\u00dfe nach Adana Art k\u00f6nnen Sie Ihr Bed\u00fcrfnis nach Proteinen ausgewogen decken und f\u00fcr Ihre Kinder Mahlzeiten zubereiten. Sie warten ungeduldig darauf.<\/p>","protected":false},"featured_media":1738,"template":"","meta":[],"product_brand":[],"product_cat":[17],"product_tag":[],"class_list":{"0":"post-167","1":"product","2":"type-product","3":"status-publish","4":"has-post-thumbnail","6":"product_cat-et-urunleri","8":"first","9":"instock","10":"shipping-taxable","11":"product-type-simple"},"yoast_head":"<!-- This site is optimized with the Yoast SEO plugin v26.8 - https:\/\/yoast.com\/product\/yoast-seo-wordpress\/ -->\n<title>Adana Kebap - Beynur<\/title>\n<meta name=\"robots\" content=\"index, follow, max-snippet:-1, max-image-preview:large, max-video-preview:-1\" \/>\n<link rel=\"canonical\" href=\"https:\/\/beynur.eu\/de\/produkt\/adana-kebab-hackfleischspiesse\/\" \/>\n<meta property=\"og:locale\" content=\"de_DE\" \/>\n<meta property=\"og:type\" content=\"article\" \/>\n<meta property=\"og:title\" content=\"Adana Kebap - Beynur\" \/>\n<meta property=\"og:description\" content=\"Beynur Adana Kebap kaliteli s\u0131\u011f\u0131r eti ve y\u00f6reye \u00f6zel baharatlar\u0131n kar\u0131\u015f\u0131m\u0131yla haz\u0131rlanm\u0131\u015f bir kebap \u00e7e\u015fididir. Mutfa\u011f\u0131n\u0131zda pratik, sofran\u0131zda lezzetli bir haz\u0131r et \u00fcr\u00fcn\u00fc ar\u0131yorsan\u0131z Beynur Adana Kebap sizin i\u00e7in tam ideal.  Sa\u011fl\u0131k a\u00e7\u0131s\u0131ndan olduk\u00e7a zengin protein deposu dana k\u0131ymas\u0131ndan \u00fcretilen Adana Kebap ile protein ihtiyac\u0131n\u0131z\u0131 dengeli bir \u015fekilde giderirken \u00e7ocuklar\u0131n\u0131z\u0131n da sab\u0131rs\u0131zla bekledikleri sofralar haz\u0131rlayabilirsiniz.\" \/>\n<meta property=\"og:url\" content=\"https:\/\/beynur.eu\/de\/produkt\/adana-kebab-hackfleischspiesse\/\" \/>\n<meta property=\"og:site_name\" content=\"Beynur\" \/>\n<meta property=\"article:modified_time\" content=\"2026-03-12T11:14:47+00:00\" \/>\n<meta property=\"og:image\" content=\"https:\/\/beynur.eu\/wp-content\/uploads\/2018\/04\/Adana-Kebap-1024x1024.png\" \/>\n\t<meta property=\"og:image:width\" content=\"1024\" \/>\n\t<meta property=\"og:image:height\" content=\"1024\" \/>\n\t<meta property=\"og:image:type\" content=\"image\/png\" \/>\n<meta name=\"twitter:card\" content=\"summary_large_image\" \/>\n<meta name=\"twitter:label1\" content=\"Gesch\u00e4tzte Lesezeit\" \/>\n\t<meta name=\"twitter:data1\" content=\"1\u00a0Minute\" \/>\n<script type=\"application\/ld+json\" class=\"yoast-schema-graph\">{\"@context\":\"https:\/\/schema.org\",\"@graph\":[{\"@type\":\"WebPage\",\"@id\":\"https:\/\/beynur.eu\/urun\/adana-kebap\/\",\"url\":\"https:\/\/beynur.eu\/urun\/adana-kebap\/\",\"name\":\"Adana Kebap - Beynur\",\"isPartOf\":{\"@id\":\"https:\/\/beynur.eu\/#website\"},\"primaryImageOfPage\":{\"@id\":\"https:\/\/beynur.eu\/urun\/adana-kebap\/#primaryimage\"},\"image\":{\"@id\":\"https:\/\/beynur.eu\/urun\/adana-kebap\/#primaryimage\"},\"thumbnailUrl\":\"https:\/\/beynur.eu\/wp-content\/uploads\/2018\/04\/Adana-Kebap.png\",\"datePublished\":\"2018-04-01T09:58:57+00:00\",\"dateModified\":\"2026-03-12T11:14:47+00:00\",\"breadcrumb\":{\"@id\":\"https:\/\/beynur.eu\/urun\/adana-kebap\/#breadcrumb\"},\"inLanguage\":\"de\",\"potentialAction\":[{\"@type\":\"ReadAction\",\"target\":[\"https:\/\/beynur.eu\/urun\/adana-kebap\/\"]}]},{\"@type\":\"ImageObject\",\"inLanguage\":\"de\",\"@id\":\"https:\/\/beynur.eu\/urun\/adana-kebap\/#primaryimage\",\"url\":\"https:\/\/beynur.eu\/wp-content\/uploads\/2018\/04\/Adana-Kebap.png\",\"contentUrl\":\"https:\/\/beynur.eu\/wp-content\/uploads\/2018\/04\/Adana-Kebap.png\",\"width\":2000,\"height\":2000},{\"@type\":\"BreadcrumbList\",\"@id\":\"https:\/\/beynur.eu\/urun\/adana-kebap\/#breadcrumb\",\"itemListElement\":[{\"@type\":\"ListItem\",\"position\":1,\"name\":\"Home\",\"item\":\"https:\/\/beynur.eu\/\"},{\"@type\":\"ListItem\",\"position\":2,\"name\":\"\u00dcr\u00fcnlerimiz\",\"item\":\"https:\/\/beynur.eu\/en\/urunlerimiz\/\"},{\"@type\":\"ListItem\",\"position\":3,\"name\":\"Adana Kebap\"}]},{\"@type\":\"WebSite\",\"@id\":\"https:\/\/beynur.eu\/#website\",\"url\":\"https:\/\/beynur.eu\/\",\"name\":\"Beynur\",\"description\":\"\u0130lk g\u00fcnk\u00fc a\u015fkla, muhte\u015fem tatlar.\",\"potentialAction\":[{\"@type\":\"SearchAction\",\"target\":{\"@type\":\"EntryPoint\",\"urlTemplate\":\"https:\/\/beynur.eu\/?s={search_term_string}\"},\"query-input\":{\"@type\":\"PropertyValueSpecification\",\"valueRequired\":true,\"valueName\":\"search_term_string\"}}],\"inLanguage\":\"de\"}]}<\/script>\n<!-- \/ Yoast SEO plugin. -->","yoast_head_json":{"title":"Adana Kebap - Beynur","robots":{"index":"index","follow":"follow","max-snippet":"max-snippet:-1","max-image-preview":"max-image-preview:large","max-video-preview":"max-video-preview:-1"},"canonical":"https:\/\/beynur.eu\/de\/produkt\/adana-kebab-hackfleischspiesse\/","og_locale":"de_DE","og_type":"article","og_title":"Adana Kebap - Beynur","og_description":"Beynur Adana Kebap kaliteli s\u0131\u011f\u0131r eti ve y\u00f6reye \u00f6zel baharatlar\u0131n kar\u0131\u015f\u0131m\u0131yla haz\u0131rlanm\u0131\u015f bir kebap \u00e7e\u015fididir. Mutfa\u011f\u0131n\u0131zda pratik, sofran\u0131zda lezzetli bir haz\u0131r et \u00fcr\u00fcn\u00fc ar\u0131yorsan\u0131z Beynur Adana Kebap sizin i\u00e7in tam ideal.  Sa\u011fl\u0131k a\u00e7\u0131s\u0131ndan olduk\u00e7a zengin protein deposu dana k\u0131ymas\u0131ndan \u00fcretilen Adana Kebap ile protein ihtiyac\u0131n\u0131z\u0131 dengeli bir \u015fekilde giderirken \u00e7ocuklar\u0131n\u0131z\u0131n da sab\u0131rs\u0131zla bekledikleri sofralar haz\u0131rlayabilirsiniz.","og_url":"https:\/\/beynur.eu\/de\/produkt\/adana-kebab-hackfleischspiesse\/","og_site_name":"Beynur","article_modified_time":"2026-03-12T11:14:47+00:00","og_image":[{"width":1024,"height":1024,"url":"https:\/\/beynur.eu\/wp-content\/uploads\/2018\/04\/Adana-Kebap-1024x1024.png","type":"image\/png"}],"twitter_card":"summary_large_image","twitter_misc":{"Gesch\u00e4tzte Lesezeit":"1\u00a0Minute"},"schema":{"@context":"https:\/\/schema.org","@graph":[{"@type":"WebPage","@id":"https:\/\/beynur.eu\/urun\/adana-kebap\/","url":"https:\/\/beynur.eu\/urun\/adana-kebap\/","name":"Adana Kebap - Beynur","isPartOf":{"@id":"https:\/\/beynur.eu\/#website"},"primaryImageOfPage":{"@id":"https:\/\/beynur.eu\/urun\/adana-kebap\/#primaryimage"},"image":{"@id":"https:\/\/beynur.eu\/urun\/adana-kebap\/#primaryimage"},"thumbnailUrl":"https:\/\/beynur.eu\/wp-content\/uploads\/2018\/04\/Adana-Kebap.png","datePublished":"2018-04-01T09:58:57+00:00","dateModified":"2026-03-12T11:14:47+00:00","breadcrumb":{"@id":"https:\/\/beynur.eu\/urun\/adana-kebap\/#breadcrumb"},"inLanguage":"de","potentialAction":[{"@type":"ReadAction","target":["https:\/\/beynur.eu\/urun\/adana-kebap\/"]}]},{"@type":"ImageObject","inLanguage":"de","@id":"https:\/\/beynur.eu\/urun\/adana-kebap\/#primaryimage","url":"https:\/\/beynur.eu\/wp-content\/uploads\/2018\/04\/Adana-Kebap.png","contentUrl":"https:\/\/beynur.eu\/wp-content\/uploads\/2018\/04\/Adana-Kebap.png","width":2000,"height":2000},{"@type":"BreadcrumbList","@id":"https:\/\/beynur.eu\/urun\/adana-kebap\/#breadcrumb","itemListElement":[{"@type":"ListItem","position":1,"name":"Home","item":"https:\/\/beynur.eu\/"},{"@type":"ListItem","position":2,"name":"\u00dcr\u00fcnlerimiz","item":"https:\/\/beynur.eu\/en\/urunlerimiz\/"},{"@type":"ListItem","position":3,"name":"Adana Kebap"}]},{"@type":"WebSite","@id":"https:\/\/beynur.eu\/#website","url":"https:\/\/beynur.eu\/","name":"Beynur","description":"\u0130lk g\u00fcnk\u00fc a\u015fkla, muhte\u015fem tatlar.","potentialAction":[{"@type":"SearchAction","target":{"@type":"EntryPoint","urlTemplate":"https:\/\/beynur.eu\/?s={search_term_string}"},"query-input":{"@type":"PropertyValueSpecification","valueRequired":true,"valueName":"search_term_string"}}],"inLanguage":"de"}]}},"_links":{"self":[{"href":"https:\/\/beynur.eu\/de\/wp-json\/wp\/v2\/product\/167","targetHints":{"allow":["GET"]}}],"collection":[{"href":"https:\/\/beynur.eu\/de\/wp-json\/wp\/v2\/product"}],"about":[{"href":"https:\/\/beynur.eu\/de\/wp-json\/wp\/v2\/types\/product"}],"wp:featuredmedia":[{"embeddable":true,"href":"https:\/\/beynur.eu\/de\/wp-json\/wp\/v2\/media\/1738"}],"wp:attachment":[{"href":"https:\/\/beynur.eu\/de\/wp-json\/wp\/v2\/media?parent=167"}],"wp:term":[{"taxonomy":"product_brand","embeddable":true,"href":"https:\/\/beynur.eu\/de\/wp-json\/wp\/v2\/product_brand?post=167"},{"taxonomy":"product_cat","embeddable":true,"href":"https:\/\/beynur.eu\/de\/wp-json\/wp\/v2\/product_cat?post=167"},{"taxonomy":"product_tag","embeddable":true,"href":"https:\/\/beynur.eu\/de\/wp-json\/wp\/v2\/product_tag?post=167"}],"curies":[{"name":"wp","href":"https:\/\/api.w.org\/{rel}","templated":true}]}}