{"id":1672,"date":"2026-02-04T13:35:42","date_gmt":"2026-02-04T13:35:42","guid":{"rendered":"https:\/\/beynur.eu\/?post_type=product&#038;p=1672"},"modified":"2026-04-29T15:22:12","modified_gmt":"2026-04-29T15:22:12","slug":"barbeku-tavuk-kanatlari","status":"publish","type":"product","link":"https:\/\/beynur.eu\/de\/urun\/barbeku-tavuk-kanatlari\/","title":{"rendered":"Bbq-H\u00e4hnchenfl\u00fcgel"},"content":{"rendered":"<p><b>Verwendungsempfehlungen<\/b><b><br \/>\n<\/b><span style=\"font-weight: 400;\">Beynur BBQ-H\u00e4hnchenfl\u00fcgel lassen sich ganz einfach in der Pfanne, im Airfryer, in der Fritteuse, im Backofen oder in der Mikrowelle zubereiten. Sie k\u00f6nnen das Produkt in kurzer Zeit erhitzen und praktisch servieren. Zusammen mit Pommes frites, Salat, Mais, verschiedenen Dips oder Gem\u00fcsebeilagen lassen sich abwechslungsreiche und s\u00e4ttigende Mahlzeiten zusammenstellen.\u00a0<\/span><\/p>\n<p><b>Aufbewahrungshinweise<\/b><\/p>\n<ul>\n<li style=\"font-weight: 400;\" aria-level=\"1\"><span style=\"font-weight: 400;\">Das Produkt ohne vorheriges Auftauen im Gefrierfach lagern.<\/span><\/li>\n<li style=\"font-weight: 400;\" aria-level=\"1\"><span style=\"font-weight: 400;\">Die Verpackung nach dem \u00d6ffnen sorgf\u00e4ltig verschlie\u00dfen.<\/span><\/li>\n<li style=\"font-weight: 400;\" aria-level=\"1\"><span style=\"font-weight: 400;\">Nach dem Auftauen nicht wieder einfrieren!<\/span><\/li>\n<li style=\"font-weight: 400;\" aria-level=\"1\"><span style=\"font-weight: 400;\">Das Produkt unter den empfohlenen Lagerbedingungen aufbewahren.<\/span><\/li>\n<li style=\"font-weight: 400;\" aria-level=\"1\"><span style=\"font-weight: 400;\">Bis zum Verbrauch tiefgek\u00fchlt lagern.<\/span><\/li>\n<li style=\"font-weight: 400;\" aria-level=\"1\"><span style=\"font-weight: 400;\">F\u00fcr das beste Ergebnis das Produkt vollst\u00e4ndig bis zum Kern erhitzen.<\/span><\/li>\n<\/ul>\n<p>&nbsp;<\/p>","protected":false},"excerpt":{"rendered":"<p><b>Tiefgek\u00fchlte BBQ-H\u00e4hnchenfl\u00fcgel<\/b><b><br \/>\n<\/b><span style=\"font-weight: 400;\">Beynur BBQ-H\u00e4hnchenfl\u00fcgel bringen das beliebte Aroma von Barbecue auf besonders praktische Weise auf Ihren Tisch. Dieses vorgegarte und tiefgek\u00fchlte Produkt \u00fcberzeugt mit seinem kr\u00e4ftigen BBQ-Geschmack au\u00dfen und zartem H\u00e4hnchenfleisch innen. So eignet es sich ideal f\u00fcr allt\u00e4gliche Mahlzeiten ebenso wie f\u00fcr herzhafte Snackplatten.\u00a0<\/span><\/p>\n<p><span style=\"font-weight: 400;\">Die H\u00e4hnchenfl\u00fcgel werden aus 100 % halal H\u00e4hnchenfleisch hergestellt, sind schnell servierbereit und sorgen im K\u00fcchenalltag f\u00fcr sp\u00fcrbare Erleichterung. F\u00fcr alle, die auch an hektischen Tagen nicht auf guten Geschmack verzichten m\u00f6chten, ist es eine starke Wahl.\u00a0<\/span><\/p>","protected":false},"featured_media":1673,"template":"","meta":[],"product_brand":[],"product_cat":[18],"product_tag":[],"class_list":{"0":"post-1672","1":"product","2":"type-product","3":"status-publish","4":"has-post-thumbnail","6":"product_cat-tavuk-ve-hindi-urunleri","8":"first","9":"instock","10":"shipping-taxable","11":"product-type-simple"},"yoast_head":"<!-- This site is optimized with the Yoast SEO plugin v26.8 - https:\/\/yoast.com\/product\/yoast-seo-wordpress\/ -->\n<title>Barbek\u00fc Tavuk Kanatlar\u0131 - Beynur<\/title>\n<meta name=\"robots\" content=\"index, follow, max-snippet:-1, max-image-preview:large, max-video-preview:-1\" \/>\n<link rel=\"canonical\" href=\"https:\/\/beynur.eu\/de\/produkt\/barbeku-tavuk-kanatlari\/\" \/>\n<meta property=\"og:locale\" content=\"de_DE\" \/>\n<meta property=\"og:type\" content=\"article\" \/>\n<meta property=\"og:title\" content=\"Barbek\u00fc Tavuk Kanatlar\u0131 - Beynur\" \/>\n<meta property=\"og:description\" content=\"Dondurulmu\u015f BBQ Tavuk Kanat Beynur BBQ Tavuk Kanat, barbek\u00fc lezzetinin sevilen aromas\u0131n\u0131 pratik bir \u015fekilde sofralar\u0131n\u0131za ta\u015f\u0131yor. \u00d6nceden pi\u015firilmi\u015f ve dondurulmu\u015f olarak sundu\u011fumuz bu \u00f6zel \u00fcr\u00fcn, d\u0131\u015f\u0131ndaki zengin barbek\u00fc lezzeti ve i\u00e7indeki yumu\u015fak tavuk etiyle hem g\u00fcnl\u00fck \u00f6\u011f\u00fcnler hem de keyifli at\u0131\u015ft\u0131rmal\u0131klar i\u00e7in ideal bir se\u00e7enek.\u00a0  Y\u00fczde y\u00fcz helal tavuk etinden haz\u0131rlad\u0131\u011f\u0131m\u0131z \u00fcr\u00fcn\u00fcm\u00fcz k\u0131sa s\u00fcrede servise haz\u0131r hale getirebilir ve mutfa\u011f\u0131n\u0131zda b\u00fcy\u00fck bir kolayl\u0131k ya\u015fayabilirsiniz. Yo\u011fun g\u00fcnlerde lezzetten \u00f6d\u00fcn vermeden pratik bir \u00e7\u00f6z\u00fcm arayanlar i\u00e7in barbek\u00fc tavuk kanat g\u00fc\u00e7l\u00fc bir alternatif.\u00a0\" \/>\n<meta property=\"og:url\" content=\"https:\/\/beynur.eu\/de\/produkt\/barbeku-tavuk-kanatlari\/\" \/>\n<meta property=\"og:site_name\" content=\"Beynur\" \/>\n<meta property=\"article:modified_time\" content=\"2026-04-29T15:22:12+00:00\" \/>\n<meta property=\"og:image\" content=\"https:\/\/beynur.eu\/wp-content\/uploads\/2026\/02\/chicken-bbq-wings-1024x1024.png\" \/>\n\t<meta property=\"og:image:width\" content=\"1024\" \/>\n\t<meta property=\"og:image:height\" content=\"1024\" \/>\n\t<meta property=\"og:image:type\" content=\"image\/png\" \/>\n<meta name=\"twitter:card\" content=\"summary_large_image\" \/>\n<meta name=\"twitter:label1\" content=\"Gesch\u00e4tzte Lesezeit\" \/>\n\t<meta name=\"twitter:data1\" content=\"1\u00a0Minute\" \/>\n<script type=\"application\/ld+json\" class=\"yoast-schema-graph\">{\"@context\":\"https:\/\/schema.org\",\"@graph\":[{\"@type\":\"WebPage\",\"@id\":\"https:\/\/beynur.eu\/urun\/barbeku-tavuk-kanatlari\/\",\"url\":\"https:\/\/beynur.eu\/urun\/barbeku-tavuk-kanatlari\/\",\"name\":\"Barbek\u00fc Tavuk Kanatlar\u0131 - Beynur\",\"isPartOf\":{\"@id\":\"https:\/\/beynur.eu\/#website\"},\"primaryImageOfPage\":{\"@id\":\"https:\/\/beynur.eu\/urun\/barbeku-tavuk-kanatlari\/#primaryimage\"},\"image\":{\"@id\":\"https:\/\/beynur.eu\/urun\/barbeku-tavuk-kanatlari\/#primaryimage\"},\"thumbnailUrl\":\"https:\/\/beynur.eu\/wp-content\/uploads\/2026\/02\/chicken-bbq-wings.png\",\"datePublished\":\"2026-02-04T13:35:42+00:00\",\"dateModified\":\"2026-04-29T15:22:12+00:00\",\"breadcrumb\":{\"@id\":\"https:\/\/beynur.eu\/urun\/barbeku-tavuk-kanatlari\/#breadcrumb\"},\"inLanguage\":\"de\",\"potentialAction\":[{\"@type\":\"ReadAction\",\"target\":[\"https:\/\/beynur.eu\/urun\/barbeku-tavuk-kanatlari\/\"]}]},{\"@type\":\"ImageObject\",\"inLanguage\":\"de\",\"@id\":\"https:\/\/beynur.eu\/urun\/barbeku-tavuk-kanatlari\/#primaryimage\",\"url\":\"https:\/\/beynur.eu\/wp-content\/uploads\/2026\/02\/chicken-bbq-wings.png\",\"contentUrl\":\"https:\/\/beynur.eu\/wp-content\/uploads\/2026\/02\/chicken-bbq-wings.png\",\"width\":2000,\"height\":2000},{\"@type\":\"BreadcrumbList\",\"@id\":\"https:\/\/beynur.eu\/urun\/barbeku-tavuk-kanatlari\/#breadcrumb\",\"itemListElement\":[{\"@type\":\"ListItem\",\"position\":1,\"name\":\"Home\",\"item\":\"https:\/\/beynur.eu\/\"},{\"@type\":\"ListItem\",\"position\":2,\"name\":\"\u00dcr\u00fcnlerimiz\",\"item\":\"https:\/\/beynur.eu\/en\/urunlerimiz\/\"},{\"@type\":\"ListItem\",\"position\":3,\"name\":\"Barbek\u00fc Tavuk Kanatlar\u0131\"}]},{\"@type\":\"WebSite\",\"@id\":\"https:\/\/beynur.eu\/#website\",\"url\":\"https:\/\/beynur.eu\/\",\"name\":\"Beynur\",\"description\":\"\u0130lk g\u00fcnk\u00fc a\u015fkla, muhte\u015fem tatlar.\",\"potentialAction\":[{\"@type\":\"SearchAction\",\"target\":{\"@type\":\"EntryPoint\",\"urlTemplate\":\"https:\/\/beynur.eu\/?s={search_term_string}\"},\"query-input\":{\"@type\":\"PropertyValueSpecification\",\"valueRequired\":true,\"valueName\":\"search_term_string\"}}],\"inLanguage\":\"de\"}]}<\/script>\n<!-- \/ Yoast SEO plugin. -->","yoast_head_json":{"title":"Barbek\u00fc Tavuk Kanatlar\u0131 - Beynur","robots":{"index":"index","follow":"follow","max-snippet":"max-snippet:-1","max-image-preview":"max-image-preview:large","max-video-preview":"max-video-preview:-1"},"canonical":"https:\/\/beynur.eu\/de\/produkt\/barbeku-tavuk-kanatlari\/","og_locale":"de_DE","og_type":"article","og_title":"Barbek\u00fc Tavuk Kanatlar\u0131 - Beynur","og_description":"Dondurulmu\u015f BBQ Tavuk Kanat Beynur BBQ Tavuk Kanat, barbek\u00fc lezzetinin sevilen aromas\u0131n\u0131 pratik bir \u015fekilde sofralar\u0131n\u0131za ta\u015f\u0131yor. \u00d6nceden pi\u015firilmi\u015f ve dondurulmu\u015f olarak sundu\u011fumuz bu \u00f6zel \u00fcr\u00fcn, d\u0131\u015f\u0131ndaki zengin barbek\u00fc lezzeti ve i\u00e7indeki yumu\u015fak tavuk etiyle hem g\u00fcnl\u00fck \u00f6\u011f\u00fcnler hem de keyifli at\u0131\u015ft\u0131rmal\u0131klar i\u00e7in ideal bir se\u00e7enek.\u00a0  Y\u00fczde y\u00fcz helal tavuk etinden haz\u0131rlad\u0131\u011f\u0131m\u0131z \u00fcr\u00fcn\u00fcm\u00fcz k\u0131sa s\u00fcrede servise haz\u0131r hale getirebilir ve mutfa\u011f\u0131n\u0131zda b\u00fcy\u00fck bir kolayl\u0131k ya\u015fayabilirsiniz. Yo\u011fun g\u00fcnlerde lezzetten \u00f6d\u00fcn vermeden pratik bir \u00e7\u00f6z\u00fcm arayanlar i\u00e7in barbek\u00fc tavuk kanat g\u00fc\u00e7l\u00fc bir alternatif.\u00a0","og_url":"https:\/\/beynur.eu\/de\/produkt\/barbeku-tavuk-kanatlari\/","og_site_name":"Beynur","article_modified_time":"2026-04-29T15:22:12+00:00","og_image":[{"width":1024,"height":1024,"url":"https:\/\/beynur.eu\/wp-content\/uploads\/2026\/02\/chicken-bbq-wings-1024x1024.png","type":"image\/png"}],"twitter_card":"summary_large_image","twitter_misc":{"Gesch\u00e4tzte Lesezeit":"1\u00a0Minute"},"schema":{"@context":"https:\/\/schema.org","@graph":[{"@type":"WebPage","@id":"https:\/\/beynur.eu\/urun\/barbeku-tavuk-kanatlari\/","url":"https:\/\/beynur.eu\/urun\/barbeku-tavuk-kanatlari\/","name":"Barbek\u00fc Tavuk Kanatlar\u0131 - Beynur","isPartOf":{"@id":"https:\/\/beynur.eu\/#website"},"primaryImageOfPage":{"@id":"https:\/\/beynur.eu\/urun\/barbeku-tavuk-kanatlari\/#primaryimage"},"image":{"@id":"https:\/\/beynur.eu\/urun\/barbeku-tavuk-kanatlari\/#primaryimage"},"thumbnailUrl":"https:\/\/beynur.eu\/wp-content\/uploads\/2026\/02\/chicken-bbq-wings.png","datePublished":"2026-02-04T13:35:42+00:00","dateModified":"2026-04-29T15:22:12+00:00","breadcrumb":{"@id":"https:\/\/beynur.eu\/urun\/barbeku-tavuk-kanatlari\/#breadcrumb"},"inLanguage":"de","potentialAction":[{"@type":"ReadAction","target":["https:\/\/beynur.eu\/urun\/barbeku-tavuk-kanatlari\/"]}]},{"@type":"ImageObject","inLanguage":"de","@id":"https:\/\/beynur.eu\/urun\/barbeku-tavuk-kanatlari\/#primaryimage","url":"https:\/\/beynur.eu\/wp-content\/uploads\/2026\/02\/chicken-bbq-wings.png","contentUrl":"https:\/\/beynur.eu\/wp-content\/uploads\/2026\/02\/chicken-bbq-wings.png","width":2000,"height":2000},{"@type":"BreadcrumbList","@id":"https:\/\/beynur.eu\/urun\/barbeku-tavuk-kanatlari\/#breadcrumb","itemListElement":[{"@type":"ListItem","position":1,"name":"Home","item":"https:\/\/beynur.eu\/"},{"@type":"ListItem","position":2,"name":"\u00dcr\u00fcnlerimiz","item":"https:\/\/beynur.eu\/en\/urunlerimiz\/"},{"@type":"ListItem","position":3,"name":"Barbek\u00fc Tavuk Kanatlar\u0131"}]},{"@type":"WebSite","@id":"https:\/\/beynur.eu\/#website","url":"https:\/\/beynur.eu\/","name":"Beynur","description":"\u0130lk g\u00fcnk\u00fc a\u015fkla, muhte\u015fem tatlar.","potentialAction":[{"@type":"SearchAction","target":{"@type":"EntryPoint","urlTemplate":"https:\/\/beynur.eu\/?s={search_term_string}"},"query-input":{"@type":"PropertyValueSpecification","valueRequired":true,"valueName":"search_term_string"}}],"inLanguage":"de"}]}},"_links":{"self":[{"href":"https:\/\/beynur.eu\/de\/wp-json\/wp\/v2\/product\/1672","targetHints":{"allow":["GET"]}}],"collection":[{"href":"https:\/\/beynur.eu\/de\/wp-json\/wp\/v2\/product"}],"about":[{"href":"https:\/\/beynur.eu\/de\/wp-json\/wp\/v2\/types\/product"}],"wp:featuredmedia":[{"embeddable":true,"href":"https:\/\/beynur.eu\/de\/wp-json\/wp\/v2\/media\/1673"}],"wp:attachment":[{"href":"https:\/\/beynur.eu\/de\/wp-json\/wp\/v2\/media?parent=1672"}],"wp:term":[{"taxonomy":"product_brand","embeddable":true,"href":"https:\/\/beynur.eu\/de\/wp-json\/wp\/v2\/product_brand?post=1672"},{"taxonomy":"product_cat","embeddable":true,"href":"https:\/\/beynur.eu\/de\/wp-json\/wp\/v2\/product_cat?post=1672"},{"taxonomy":"product_tag","embeddable":true,"href":"https:\/\/beynur.eu\/de\/wp-json\/wp\/v2\/product_tag?post=1672"}],"curies":[{"name":"wp","href":"https:\/\/api.w.org\/{rel}","templated":true}]}}