{"id":168,"date":"2018-04-01T10:00:40","date_gmt":"2018-04-01T10:00:40","guid":{"rendered":"https:\/\/beynur.eu\/?post_type=product&#038;p=168"},"modified":"2026-05-05T10:33:45","modified_gmt":"2026-05-05T10:33:45","slug":"mini-frikadellen-nach-akcaabat-art","status":"publish","type":"product","link":"https:\/\/beynur.eu\/de\/urun\/akcaabat-kofte\/","title":{"rendered":"Akcaabat Fleischb\u00e4llchen"},"content":{"rendered":"<p>Bei dem appetitlichen Duft von Mini Frikadellen nach Akcaabat von Beynur erkennen Sie neben dem Fleischaroma auch das markante Aroma vom fein gehackten Knoblauch. Mini Frikadellen nach Akcaabat ist ideal f\u00fcr diejenigen, die die sich in ihren K\u00fcchen ein praktisches Fertigfleischprodukt f\u00fcr leckere Gerichte w\u00fcnschen.<\/p>\n<p>Diese Frikadellen mit ihrem legend\u00e4ren Geschmack stammt aus der Akcaabat, einer Provinzstadt von Trabzon. Dieser Geschmack ist \u00fcberall in der T\u00fcrkei bekannt und mit Beynur k\u00f6nnen Sie diese K\u00f6stlichkeit nunmehr \u00fcberall genie\u00dfen, wo Sie auch leben.<\/p>\n<p>Unsere Mini Frikadellen nach Akcaabat Art k\u00f6nnen auf dem Grill, im Backofen oder in der Pfanne schnell und einfach zubereitet werden. So k\u00f6nnen Sie Ihr Bed\u00fcrfnis nach Proteinen ausgewogen decken und f\u00fcr Ihre Kinder unvergessliche Mahlzeiten zubereiten. Sie warten ungeduldig darauf. Bei unseren Produkten handelt es sich um Halal-Produkte, die wir nach islamischen Richtlinien produzieren.<\/p>\n<p>&nbsp;<\/p>\n<p><strong>Zubereitung:<\/strong><\/p>\n<p>Braten Sie die Frikadellen in einer mit wenig \u00d6l vorerhitzten Pfanne. Sie m\u00fcssen vor dem Essen gut durchgebraten worden sein. Das Produkt enth\u00e4lt Gluten und Soja.<\/p>\n<p>&nbsp;<\/p>\n<p><strong>Aufbewahrungsempfehlung:<\/strong><\/p>\n<p>2 Tage im K\u00fchlschrank<\/p>\n<p>In einem Gefrierschrank mit einem * eine Woche.<\/p>\n<p>In einem Gefrierschrank mit zwei ** eine Woche.<\/p>\n<p>In einem Gefrierschrank mit drei *** (-18C): Sehen Sie sich das Ablaufdatum an!<\/p>\n<p>Nach dem Auftauen nicht wieder einfrieren!<\/p>","protected":false},"excerpt":{"rendered":"<p>Bei dem appetitlichen Duft von Mini Frikadellen nach Akcaabat von Beynur erkennen Sie neben dem Fleischaroma auch das markante Aroma vom fein gehackten Knoblauch. Mini Frikadellen nach Akcaabat ist ideal f\u00fcr diejenigen, die die sich in ihren K\u00fcchen ein praktisches Fertigfleischprodukt f\u00fcr leckere Gerichte w\u00fcnschen.<\/p>\n<p>Diese Frikadellen mit ihrem legend\u00e4ren Geschmack stammt aus der Akcaabat, einer Provinzstadt von Trabzon. Dieser Geschmack ist \u00fcberall in der T\u00fcrkei bekannt und mit Beynur k\u00f6nnen Sie diese K\u00f6stlichkeit nunmehr \u00fcberall genie\u00dfen, wo Sie auch leben.<\/p>","protected":false},"featured_media":1784,"template":"","meta":[],"product_brand":[],"product_cat":[17],"product_tag":[],"class_list":{"0":"post-168","1":"product","2":"type-product","3":"status-publish","4":"has-post-thumbnail","6":"product_cat-et-urunleri","8":"first","9":"instock","10":"shipping-taxable","11":"product-type-simple"},"yoast_head":"<!-- This site is optimized with the Yoast SEO plugin v26.8 - https:\/\/yoast.com\/product\/yoast-seo-wordpress\/ -->\n<title>Ak\u00e7aabat K\u00f6fte - Beynur<\/title>\n<meta name=\"robots\" content=\"index, follow, max-snippet:-1, max-image-preview:large, max-video-preview:-1\" \/>\n<link rel=\"canonical\" href=\"https:\/\/beynur.eu\/de\/produkt\/mini-frikadellen-nach-akcaabat-art\/\" \/>\n<meta property=\"og:locale\" content=\"de_DE\" \/>\n<meta property=\"og:type\" content=\"article\" \/>\n<meta property=\"og:title\" content=\"Ak\u00e7aabat K\u00f6fte - Beynur\" \/>\n<meta property=\"og:description\" content=\"Beynur Ak\u00e7aabat K\u00f6ftesi\u2019nin i\u015ftah a\u00e7an kokusunda, et ile birlikte ince olarak \u00e7ekilen sar\u0131msa\u011f\u0131n keskin ve benzersiz aromas\u0131 vard\u0131r. Mutfa\u011f\u0131n\u0131zda pratik, sofran\u0131zda lezzetli bir haz\u0131r et \u00fcr\u00fcn\u00fc ar\u0131yorsan\u0131z Beynur Ak\u00e7aabat Kebap sizin i\u00e7in tam ideal.  Trabzon\u2019un Ak\u00e7aabat y\u00f6resinden ad\u0131yla, tad\u0131yla t\u00fcm T\u00fcrkiye\u2019ye yay\u0131lan bir efsane lezzettir\u2026 Can\u0131n\u0131z ne zaman Ak\u00e7aabat K\u00f6ftesi isterse, Beynur Ak\u00e7aabat Usul\u00fc K\u00f6fte ile bu efsanevi lezzeti evinizde ya\u015fayabilirsiniz.\" \/>\n<meta property=\"og:url\" content=\"https:\/\/beynur.eu\/de\/produkt\/mini-frikadellen-nach-akcaabat-art\/\" \/>\n<meta property=\"og:site_name\" content=\"Beynur\" \/>\n<meta property=\"article:modified_time\" content=\"2026-05-05T10:33:45+00:00\" \/>\n<meta property=\"og:image\" content=\"https:\/\/beynur.eu\/wp-content\/uploads\/2018\/04\/Akcaabat-Kofte-500g.jpg\" \/>\n\t<meta property=\"og:image:width\" content=\"2000\" \/>\n\t<meta property=\"og:image:height\" content=\"2000\" \/>\n\t<meta property=\"og:image:type\" content=\"image\/jpeg\" \/>\n<meta name=\"twitter:card\" content=\"summary_large_image\" \/>\n<meta name=\"twitter:label1\" content=\"Gesch\u00e4tzte Lesezeit\" \/>\n\t<meta name=\"twitter:data1\" content=\"1\u00a0Minute\" \/>\n<script type=\"application\/ld+json\" class=\"yoast-schema-graph\">{\"@context\":\"https:\/\/schema.org\",\"@graph\":[{\"@type\":\"WebPage\",\"@id\":\"https:\/\/beynur.eu\/urun\/akcaabat-kofte\/\",\"url\":\"https:\/\/beynur.eu\/urun\/akcaabat-kofte\/\",\"name\":\"Ak\u00e7aabat K\u00f6fte - Beynur\",\"isPartOf\":{\"@id\":\"https:\/\/beynur.eu\/#website\"},\"primaryImageOfPage\":{\"@id\":\"https:\/\/beynur.eu\/urun\/akcaabat-kofte\/#primaryimage\"},\"image\":{\"@id\":\"https:\/\/beynur.eu\/urun\/akcaabat-kofte\/#primaryimage\"},\"thumbnailUrl\":\"https:\/\/beynur.eu\/wp-content\/uploads\/2018\/04\/Akcaabat-Kofte-500g.jpg\",\"datePublished\":\"2018-04-01T10:00:40+00:00\",\"dateModified\":\"2026-05-05T10:33:45+00:00\",\"breadcrumb\":{\"@id\":\"https:\/\/beynur.eu\/urun\/akcaabat-kofte\/#breadcrumb\"},\"inLanguage\":\"de\",\"potentialAction\":[{\"@type\":\"ReadAction\",\"target\":[\"https:\/\/beynur.eu\/urun\/akcaabat-kofte\/\"]}]},{\"@type\":\"ImageObject\",\"inLanguage\":\"de\",\"@id\":\"https:\/\/beynur.eu\/urun\/akcaabat-kofte\/#primaryimage\",\"url\":\"https:\/\/beynur.eu\/wp-content\/uploads\/2018\/04\/Akcaabat-Kofte-500g.jpg\",\"contentUrl\":\"https:\/\/beynur.eu\/wp-content\/uploads\/2018\/04\/Akcaabat-Kofte-500g.jpg\",\"width\":2000,\"height\":2000},{\"@type\":\"BreadcrumbList\",\"@id\":\"https:\/\/beynur.eu\/urun\/akcaabat-kofte\/#breadcrumb\",\"itemListElement\":[{\"@type\":\"ListItem\",\"position\":1,\"name\":\"Home\",\"item\":\"https:\/\/beynur.eu\/\"},{\"@type\":\"ListItem\",\"position\":2,\"name\":\"\u00dcr\u00fcnler\",\"item\":\"https:\/\/beynur.eu\/urunlerimiz\/\"},{\"@type\":\"ListItem\",\"position\":3,\"name\":\"Ak\u00e7aabat K\u00f6fte\"}]},{\"@type\":\"WebSite\",\"@id\":\"https:\/\/beynur.eu\/#website\",\"url\":\"https:\/\/beynur.eu\/\",\"name\":\"Beynur\",\"description\":\"\u0130lk g\u00fcnk\u00fc a\u015fkla, muhte\u015fem tatlar.\",\"potentialAction\":[{\"@type\":\"SearchAction\",\"target\":{\"@type\":\"EntryPoint\",\"urlTemplate\":\"https:\/\/beynur.eu\/?s={search_term_string}\"},\"query-input\":{\"@type\":\"PropertyValueSpecification\",\"valueRequired\":true,\"valueName\":\"search_term_string\"}}],\"inLanguage\":\"de\"}]}<\/script>\n<!-- \/ Yoast SEO plugin. -->","yoast_head_json":{"title":"Ak\u00e7aabat K\u00f6fte - Beynur","robots":{"index":"index","follow":"follow","max-snippet":"max-snippet:-1","max-image-preview":"max-image-preview:large","max-video-preview":"max-video-preview:-1"},"canonical":"https:\/\/beynur.eu\/de\/produkt\/mini-frikadellen-nach-akcaabat-art\/","og_locale":"de_DE","og_type":"article","og_title":"Ak\u00e7aabat K\u00f6fte - Beynur","og_description":"Beynur Ak\u00e7aabat K\u00f6ftesi\u2019nin i\u015ftah a\u00e7an kokusunda, et ile birlikte ince olarak \u00e7ekilen sar\u0131msa\u011f\u0131n keskin ve benzersiz aromas\u0131 vard\u0131r. Mutfa\u011f\u0131n\u0131zda pratik, sofran\u0131zda lezzetli bir haz\u0131r et \u00fcr\u00fcn\u00fc ar\u0131yorsan\u0131z Beynur Ak\u00e7aabat Kebap sizin i\u00e7in tam ideal.  Trabzon\u2019un Ak\u00e7aabat y\u00f6resinden ad\u0131yla, tad\u0131yla t\u00fcm T\u00fcrkiye\u2019ye yay\u0131lan bir efsane lezzettir\u2026 Can\u0131n\u0131z ne zaman Ak\u00e7aabat K\u00f6ftesi isterse, Beynur Ak\u00e7aabat Usul\u00fc K\u00f6fte ile bu efsanevi lezzeti evinizde ya\u015fayabilirsiniz.","og_url":"https:\/\/beynur.eu\/de\/produkt\/mini-frikadellen-nach-akcaabat-art\/","og_site_name":"Beynur","article_modified_time":"2026-05-05T10:33:45+00:00","og_image":[{"width":2000,"height":2000,"url":"https:\/\/beynur.eu\/wp-content\/uploads\/2018\/04\/Akcaabat-Kofte-500g.jpg","type":"image\/jpeg"}],"twitter_card":"summary_large_image","twitter_misc":{"Gesch\u00e4tzte Lesezeit":"1\u00a0Minute"},"schema":{"@context":"https:\/\/schema.org","@graph":[{"@type":"WebPage","@id":"https:\/\/beynur.eu\/urun\/akcaabat-kofte\/","url":"https:\/\/beynur.eu\/urun\/akcaabat-kofte\/","name":"Ak\u00e7aabat K\u00f6fte - Beynur","isPartOf":{"@id":"https:\/\/beynur.eu\/#website"},"primaryImageOfPage":{"@id":"https:\/\/beynur.eu\/urun\/akcaabat-kofte\/#primaryimage"},"image":{"@id":"https:\/\/beynur.eu\/urun\/akcaabat-kofte\/#primaryimage"},"thumbnailUrl":"https:\/\/beynur.eu\/wp-content\/uploads\/2018\/04\/Akcaabat-Kofte-500g.jpg","datePublished":"2018-04-01T10:00:40+00:00","dateModified":"2026-05-05T10:33:45+00:00","breadcrumb":{"@id":"https:\/\/beynur.eu\/urun\/akcaabat-kofte\/#breadcrumb"},"inLanguage":"de","potentialAction":[{"@type":"ReadAction","target":["https:\/\/beynur.eu\/urun\/akcaabat-kofte\/"]}]},{"@type":"ImageObject","inLanguage":"de","@id":"https:\/\/beynur.eu\/urun\/akcaabat-kofte\/#primaryimage","url":"https:\/\/beynur.eu\/wp-content\/uploads\/2018\/04\/Akcaabat-Kofte-500g.jpg","contentUrl":"https:\/\/beynur.eu\/wp-content\/uploads\/2018\/04\/Akcaabat-Kofte-500g.jpg","width":2000,"height":2000},{"@type":"BreadcrumbList","@id":"https:\/\/beynur.eu\/urun\/akcaabat-kofte\/#breadcrumb","itemListElement":[{"@type":"ListItem","position":1,"name":"Home","item":"https:\/\/beynur.eu\/"},{"@type":"ListItem","position":2,"name":"\u00dcr\u00fcnler","item":"https:\/\/beynur.eu\/urunlerimiz\/"},{"@type":"ListItem","position":3,"name":"Ak\u00e7aabat K\u00f6fte"}]},{"@type":"WebSite","@id":"https:\/\/beynur.eu\/#website","url":"https:\/\/beynur.eu\/","name":"Beynur","description":"\u0130lk g\u00fcnk\u00fc a\u015fkla, muhte\u015fem tatlar.","potentialAction":[{"@type":"SearchAction","target":{"@type":"EntryPoint","urlTemplate":"https:\/\/beynur.eu\/?s={search_term_string}"},"query-input":{"@type":"PropertyValueSpecification","valueRequired":true,"valueName":"search_term_string"}}],"inLanguage":"de"}]}},"_links":{"self":[{"href":"https:\/\/beynur.eu\/de\/wp-json\/wp\/v2\/product\/168","targetHints":{"allow":["GET"]}}],"collection":[{"href":"https:\/\/beynur.eu\/de\/wp-json\/wp\/v2\/product"}],"about":[{"href":"https:\/\/beynur.eu\/de\/wp-json\/wp\/v2\/types\/product"}],"wp:featuredmedia":[{"embeddable":true,"href":"https:\/\/beynur.eu\/de\/wp-json\/wp\/v2\/media\/1784"}],"wp:attachment":[{"href":"https:\/\/beynur.eu\/de\/wp-json\/wp\/v2\/media?parent=168"}],"wp:term":[{"taxonomy":"product_brand","embeddable":true,"href":"https:\/\/beynur.eu\/de\/wp-json\/wp\/v2\/product_brand?post=168"},{"taxonomy":"product_cat","embeddable":true,"href":"https:\/\/beynur.eu\/de\/wp-json\/wp\/v2\/product_cat?post=168"},{"taxonomy":"product_tag","embeddable":true,"href":"https:\/\/beynur.eu\/de\/wp-json\/wp\/v2\/product_tag?post=168"}],"curies":[{"name":"wp","href":"https:\/\/api.w.org\/{rel}","templated":true}]}}