{"id":1692,"date":"2026-02-04T14:25:36","date_gmt":"2026-02-04T14:25:36","guid":{"rendered":"https:\/\/beynur.eu\/?post_type=product&#038;p=1692"},"modified":"2026-05-05T10:48:26","modified_gmt":"2026-05-05T10:48:26","slug":"citir-tavuk-tenders","status":"publish","type":"product","link":"https:\/\/beynur.eu\/de\/urun\/citir-tavuk-tenders\/","title":{"rendered":"Knusprige H\u00e4hnchen Mini-Filets"},"content":{"rendered":"<p><b>Verwendungsempfehlungen<\/b><b><br \/>\n<\/b><span style=\"font-weight: 400;\">Crunchy Chicken Tenders lassen sich ganz einfach in der Pfanne, im Airfryer, im Backofen oder in der Fritteuse zubereiten. Sie k\u00f6nnen das Produkt schnell erhitzen und in kurzer Zeit servieren. Zusammen mit Pommes frites, Salat, Dips oder im Sandwich lassen sich abwechslungsreiche und s\u00e4ttigende Mahlzeiten zubereiten. Dank ihrer knusprigen Struktur eignen sie sich sowohl als schnelle Hauptmahlzeit als auch f\u00fcr Snackplatten.<\/span><\/p>\n<p><b>Aufbewahrungshinweise<\/b><\/p>\n<ul>\n<li style=\"font-weight: 400;\" aria-level=\"1\"><span style=\"font-weight: 400;\">Das Produkt ohne vorheriges Auftauen im Gefrierfach lagern.<\/span><\/li>\n<li style=\"font-weight: 400;\" aria-level=\"1\"><span style=\"font-weight: 400;\">Die Verpackung nach dem \u00d6ffnen sorgf\u00e4ltig verschlie\u00dfen.<\/span><\/li>\n<li style=\"font-weight: 400;\" aria-level=\"1\"><span style=\"font-weight: 400;\">Nach dem Auftauen nicht wieder einfrieren!<\/span><\/li>\n<li style=\"font-weight: 400;\" aria-level=\"1\"><span style=\"font-weight: 400;\">Das Produkt unter den empfohlenen Lagerbedingungen aufbewahren.<\/span><\/li>\n<li style=\"font-weight: 400;\" aria-level=\"1\"><span style=\"font-weight: 400;\">Bis zum Verbrauch tiefgek\u00fchlt lagern.<\/span><\/li>\n<li style=\"font-weight: 400;\" aria-level=\"1\"><span style=\"font-weight: 400;\">F\u00fcr das beste Ergebnis das Produkt vollst\u00e4ndig bis zum Kern erhitzen.<\/span><\/li>\n<\/ul>","protected":false},"excerpt":{"rendered":"<p><b>Tiefgek\u00fchlte knusprige H\u00e4hnchen Mini-Filets<\/b><b><br \/>\n<\/b><span style=\"font-weight: 400;\">Knusprige H\u00e4hnchen Mini-Filets von Beynur  bieten mit ihrer knusprigen Panade und ihrer zarten Mini-H\u00e4hnchenfilet-Struktur eine praktische und leckere Mahlzeitenoption. Diese vorgegarten und tiefgek\u00fchlten H\u00e4hnchen-Mini-Filets sparen Zeit in der K\u00fcche und sorgen in kurzer Zeit f\u00fcr ein appetitliches Ergebnis.\u00a0<\/span><\/p>\n<p><span style=\"font-weight: 400;\">Die knusprigen H\u00e4hnchenfilets werden zu 100 % halal hergestellt und sind eine ideale Wahl f\u00fcr viele Verwendungsarten \u2013 von allt\u00e4glichen Mahlzeiten bis hin zu Snackplatten. Dank ihres guten Geschmacks und ihrer einfachen Zubereitung eignen sie sich sowohl f\u00fcr Einzelportionen als auch f\u00fcr gemeinsame Genussmomente.<\/span><\/p>","protected":false},"featured_media":1815,"template":"","meta":[],"product_brand":[],"product_cat":[18],"product_tag":[],"class_list":{"0":"post-1692","1":"product","2":"type-product","3":"status-publish","4":"has-post-thumbnail","6":"product_cat-tavuk-ve-hindi-urunleri","8":"first","9":"instock","10":"shipping-taxable","11":"product-type-simple"},"yoast_head":"<!-- This site is optimized with the Yoast SEO plugin v26.8 - https:\/\/yoast.com\/product\/yoast-seo-wordpress\/ -->\n<title>\u00c7\u0131t\u0131r Tavuk Tenders - Beynur<\/title>\n<meta name=\"robots\" content=\"index, follow, max-snippet:-1, max-image-preview:large, max-video-preview:-1\" \/>\n<link rel=\"canonical\" href=\"https:\/\/beynur.eu\/de\/produkt\/citir-tavuk-tenders\/\" \/>\n<meta property=\"og:locale\" content=\"de_DE\" \/>\n<meta property=\"og:type\" content=\"article\" \/>\n<meta property=\"og:title\" content=\"\u00c7\u0131t\u0131r Tavuk Tenders - Beynur\" \/>\n<meta property=\"og:description\" content=\"Dondurulmu\u015f Crunchy Chicken Tenders Crunchy Chicken Tenders, d\u0131\u015f\u0131 \u00e7\u0131t\u0131r kaplamas\u0131 ve i\u00e7i yumu\u015fak mini tavuk fileto yap\u0131s\u0131yla pratik ve lezzetli bir \u00f6\u011f\u00fcn alternatifi sunuyor. \u00d6nceden pi\u015firilip dondurulan bu \u00fcr\u00fcn, size mutfa\u011f\u0131n\u0131zda zaman kazand\u0131rmakla kalm\u0131yor, ayn\u0131 zamanda k\u0131sa s\u00fcrede i\u015ftah a\u00e7\u0131c\u0131 sonu\u00e7lar elde etmenizi sa\u011fl\u0131yor.\u00a0  Y\u00fczde y\u00fcz helal kaliteyle haz\u0131rlanan mini \u00e7\u0131t\u0131r filetolar, g\u00fcnl\u00fck \u00f6\u011f\u00fcnlerden at\u0131\u015ft\u0131rmal\u0131k sunumlara kadar pek \u00e7ok kullan\u0131m i\u00e7in ideal bir se\u00e7enek. Lezzetli yap\u0131s\u0131 ve kolay haz\u0131rlan\u0131\u015f\u0131 sayesinde hem bireysel \u00f6\u011f\u00fcnlerde hem de payla\u015fmal\u0131k tabaklarda rahatl\u0131kla tercih edebilirsiniz.\" \/>\n<meta property=\"og:url\" content=\"https:\/\/beynur.eu\/de\/produkt\/citir-tavuk-tenders\/\" \/>\n<meta property=\"og:site_name\" content=\"Beynur\" \/>\n<meta property=\"article:modified_time\" content=\"2026-05-05T10:48:26+00:00\" \/>\n<meta property=\"og:image\" content=\"https:\/\/beynur.eu\/wp-content\/uploads\/2026\/02\/Crunchy-Chicken-Tenders.jpg\" \/>\n\t<meta property=\"og:image:width\" content=\"2000\" \/>\n\t<meta property=\"og:image:height\" content=\"2000\" \/>\n\t<meta property=\"og:image:type\" content=\"image\/jpeg\" \/>\n<meta name=\"twitter:card\" content=\"summary_large_image\" \/>\n<meta name=\"twitter:label1\" content=\"Gesch\u00e4tzte Lesezeit\" \/>\n\t<meta name=\"twitter:data1\" content=\"1\u00a0Minute\" \/>\n<script type=\"application\/ld+json\" class=\"yoast-schema-graph\">{\"@context\":\"https:\/\/schema.org\",\"@graph\":[{\"@type\":\"WebPage\",\"@id\":\"https:\/\/beynur.eu\/urun\/citir-tavuk-tenders\/\",\"url\":\"https:\/\/beynur.eu\/urun\/citir-tavuk-tenders\/\",\"name\":\"\u00c7\u0131t\u0131r Tavuk Tenders - Beynur\",\"isPartOf\":{\"@id\":\"https:\/\/beynur.eu\/#website\"},\"primaryImageOfPage\":{\"@id\":\"https:\/\/beynur.eu\/urun\/citir-tavuk-tenders\/#primaryimage\"},\"image\":{\"@id\":\"https:\/\/beynur.eu\/urun\/citir-tavuk-tenders\/#primaryimage\"},\"thumbnailUrl\":\"https:\/\/beynur.eu\/wp-content\/uploads\/2026\/02\/Crunchy-Chicken-Tenders.jpg\",\"datePublished\":\"2026-02-04T14:25:36+00:00\",\"dateModified\":\"2026-05-05T10:48:26+00:00\",\"breadcrumb\":{\"@id\":\"https:\/\/beynur.eu\/urun\/citir-tavuk-tenders\/#breadcrumb\"},\"inLanguage\":\"de\",\"potentialAction\":[{\"@type\":\"ReadAction\",\"target\":[\"https:\/\/beynur.eu\/urun\/citir-tavuk-tenders\/\"]}]},{\"@type\":\"ImageObject\",\"inLanguage\":\"de\",\"@id\":\"https:\/\/beynur.eu\/urun\/citir-tavuk-tenders\/#primaryimage\",\"url\":\"https:\/\/beynur.eu\/wp-content\/uploads\/2026\/02\/Crunchy-Chicken-Tenders.jpg\",\"contentUrl\":\"https:\/\/beynur.eu\/wp-content\/uploads\/2026\/02\/Crunchy-Chicken-Tenders.jpg\",\"width\":2000,\"height\":2000},{\"@type\":\"BreadcrumbList\",\"@id\":\"https:\/\/beynur.eu\/urun\/citir-tavuk-tenders\/#breadcrumb\",\"itemListElement\":[{\"@type\":\"ListItem\",\"position\":1,\"name\":\"Home\",\"item\":\"https:\/\/beynur.eu\/\"},{\"@type\":\"ListItem\",\"position\":2,\"name\":\"\u00dcr\u00fcnlerimiz\",\"item\":\"https:\/\/beynur.eu\/en\/urunlerimiz\/\"},{\"@type\":\"ListItem\",\"position\":3,\"name\":\"\u00c7\u0131t\u0131r Tavuk Tenders\"}]},{\"@type\":\"WebSite\",\"@id\":\"https:\/\/beynur.eu\/#website\",\"url\":\"https:\/\/beynur.eu\/\",\"name\":\"Beynur\",\"description\":\"\u0130lk g\u00fcnk\u00fc a\u015fkla, muhte\u015fem tatlar.\",\"potentialAction\":[{\"@type\":\"SearchAction\",\"target\":{\"@type\":\"EntryPoint\",\"urlTemplate\":\"https:\/\/beynur.eu\/?s={search_term_string}\"},\"query-input\":{\"@type\":\"PropertyValueSpecification\",\"valueRequired\":true,\"valueName\":\"search_term_string\"}}],\"inLanguage\":\"de\"}]}<\/script>\n<!-- \/ Yoast SEO plugin. -->","yoast_head_json":{"title":"\u00c7\u0131t\u0131r Tavuk Tenders - Beynur","robots":{"index":"index","follow":"follow","max-snippet":"max-snippet:-1","max-image-preview":"max-image-preview:large","max-video-preview":"max-video-preview:-1"},"canonical":"https:\/\/beynur.eu\/de\/produkt\/citir-tavuk-tenders\/","og_locale":"de_DE","og_type":"article","og_title":"\u00c7\u0131t\u0131r Tavuk Tenders - Beynur","og_description":"Dondurulmu\u015f Crunchy Chicken Tenders Crunchy Chicken Tenders, d\u0131\u015f\u0131 \u00e7\u0131t\u0131r kaplamas\u0131 ve i\u00e7i yumu\u015fak mini tavuk fileto yap\u0131s\u0131yla pratik ve lezzetli bir \u00f6\u011f\u00fcn alternatifi sunuyor. \u00d6nceden pi\u015firilip dondurulan bu \u00fcr\u00fcn, size mutfa\u011f\u0131n\u0131zda zaman kazand\u0131rmakla kalm\u0131yor, ayn\u0131 zamanda k\u0131sa s\u00fcrede i\u015ftah a\u00e7\u0131c\u0131 sonu\u00e7lar elde etmenizi sa\u011fl\u0131yor.\u00a0  Y\u00fczde y\u00fcz helal kaliteyle haz\u0131rlanan mini \u00e7\u0131t\u0131r filetolar, g\u00fcnl\u00fck \u00f6\u011f\u00fcnlerden at\u0131\u015ft\u0131rmal\u0131k sunumlara kadar pek \u00e7ok kullan\u0131m i\u00e7in ideal bir se\u00e7enek. Lezzetli yap\u0131s\u0131 ve kolay haz\u0131rlan\u0131\u015f\u0131 sayesinde hem bireysel \u00f6\u011f\u00fcnlerde hem de payla\u015fmal\u0131k tabaklarda rahatl\u0131kla tercih edebilirsiniz.","og_url":"https:\/\/beynur.eu\/de\/produkt\/citir-tavuk-tenders\/","og_site_name":"Beynur","article_modified_time":"2026-05-05T10:48:26+00:00","og_image":[{"width":2000,"height":2000,"url":"https:\/\/beynur.eu\/wp-content\/uploads\/2026\/02\/Crunchy-Chicken-Tenders.jpg","type":"image\/jpeg"}],"twitter_card":"summary_large_image","twitter_misc":{"Gesch\u00e4tzte Lesezeit":"1\u00a0Minute"},"schema":{"@context":"https:\/\/schema.org","@graph":[{"@type":"WebPage","@id":"https:\/\/beynur.eu\/urun\/citir-tavuk-tenders\/","url":"https:\/\/beynur.eu\/urun\/citir-tavuk-tenders\/","name":"\u00c7\u0131t\u0131r Tavuk Tenders - Beynur","isPartOf":{"@id":"https:\/\/beynur.eu\/#website"},"primaryImageOfPage":{"@id":"https:\/\/beynur.eu\/urun\/citir-tavuk-tenders\/#primaryimage"},"image":{"@id":"https:\/\/beynur.eu\/urun\/citir-tavuk-tenders\/#primaryimage"},"thumbnailUrl":"https:\/\/beynur.eu\/wp-content\/uploads\/2026\/02\/Crunchy-Chicken-Tenders.jpg","datePublished":"2026-02-04T14:25:36+00:00","dateModified":"2026-05-05T10:48:26+00:00","breadcrumb":{"@id":"https:\/\/beynur.eu\/urun\/citir-tavuk-tenders\/#breadcrumb"},"inLanguage":"de","potentialAction":[{"@type":"ReadAction","target":["https:\/\/beynur.eu\/urun\/citir-tavuk-tenders\/"]}]},{"@type":"ImageObject","inLanguage":"de","@id":"https:\/\/beynur.eu\/urun\/citir-tavuk-tenders\/#primaryimage","url":"https:\/\/beynur.eu\/wp-content\/uploads\/2026\/02\/Crunchy-Chicken-Tenders.jpg","contentUrl":"https:\/\/beynur.eu\/wp-content\/uploads\/2026\/02\/Crunchy-Chicken-Tenders.jpg","width":2000,"height":2000},{"@type":"BreadcrumbList","@id":"https:\/\/beynur.eu\/urun\/citir-tavuk-tenders\/#breadcrumb","itemListElement":[{"@type":"ListItem","position":1,"name":"Home","item":"https:\/\/beynur.eu\/"},{"@type":"ListItem","position":2,"name":"\u00dcr\u00fcnlerimiz","item":"https:\/\/beynur.eu\/en\/urunlerimiz\/"},{"@type":"ListItem","position":3,"name":"\u00c7\u0131t\u0131r Tavuk Tenders"}]},{"@type":"WebSite","@id":"https:\/\/beynur.eu\/#website","url":"https:\/\/beynur.eu\/","name":"Beynur","description":"\u0130lk g\u00fcnk\u00fc a\u015fkla, muhte\u015fem tatlar.","potentialAction":[{"@type":"SearchAction","target":{"@type":"EntryPoint","urlTemplate":"https:\/\/beynur.eu\/?s={search_term_string}"},"query-input":{"@type":"PropertyValueSpecification","valueRequired":true,"valueName":"search_term_string"}}],"inLanguage":"de"}]}},"_links":{"self":[{"href":"https:\/\/beynur.eu\/de\/wp-json\/wp\/v2\/product\/1692","targetHints":{"allow":["GET"]}}],"collection":[{"href":"https:\/\/beynur.eu\/de\/wp-json\/wp\/v2\/product"}],"about":[{"href":"https:\/\/beynur.eu\/de\/wp-json\/wp\/v2\/types\/product"}],"wp:featuredmedia":[{"embeddable":true,"href":"https:\/\/beynur.eu\/de\/wp-json\/wp\/v2\/media\/1815"}],"wp:attachment":[{"href":"https:\/\/beynur.eu\/de\/wp-json\/wp\/v2\/media?parent=1692"}],"wp:term":[{"taxonomy":"product_brand","embeddable":true,"href":"https:\/\/beynur.eu\/de\/wp-json\/wp\/v2\/product_brand?post=1692"},{"taxonomy":"product_cat","embeddable":true,"href":"https:\/\/beynur.eu\/de\/wp-json\/wp\/v2\/product_cat?post=1692"},{"taxonomy":"product_tag","embeddable":true,"href":"https:\/\/beynur.eu\/de\/wp-json\/wp\/v2\/product_tag?post=1692"}],"curies":[{"name":"wp","href":"https:\/\/api.w.org\/{rel}","templated":true}]}}