{"id":170,"date":"2018-04-01T10:02:57","date_gmt":"2018-04-01T10:02:57","guid":{"rendered":"https:\/\/beynur.eu\/?post_type=product&#038;p=170"},"modified":"2026-03-08T12:10:38","modified_gmt":"2026-03-08T12:10:38","slug":"tekirdag-kofte","status":"publish","type":"product","link":"https:\/\/beynur.eu\/de\/produkt\/frikadellen-nach-tekirdag-art\/","title":{"rendered":"Tekirdag Fleischb\u00e4llchen"},"content":{"rendered":"<p>----<\/p>\n<p>Diesen Geschmack verdanken wir den Migranten, die in den 1920\u00b4ern aus Thessaloniki nach Tekirdag kamen. Diese Frikadellen mit unvergleichlichem Geschmack sind derzeit in der ganzen T\u00fcrkei begehrt. Sie k\u00f6nnen diesen Geschmack mit einem besonderen Produkt von Beynur auch zuhause und jeder Zeit genie\u00dfen.<\/p>\n<p>Diese K\u00f6stlichkeit schmeckt vor allem mit gegrilltem Gem\u00fcse und Reis. Sie k\u00f6nnen die Frikadellen nach Izmir Art des Hauses auf Grill, im Backofen oder in einer Pfanne zubereiten. Mit diesen Frikadellen k\u00f6nnen Sie Ihr Bed\u00fcrfnis nach Proteinen ausgewogen decken und f\u00fcr Ihre Kinder Mahlzeiten zubereiten. Sie warten ungeduldig darauf. Unser Produkt wird nach islamischen Richtlinien produziert.<\/p>\n<p>----<\/p>\n<p>&nbsp;<\/p>\n<p><strong>Zubereitung:<\/strong><\/p>\n<p>Braten Sie die Frikadellen in einer mit wenig \u00d6l vorerhitzten Pfanne. Sie m\u00fcssen vor dem Essen gut durchgebraten worden sein. Das Produkt enth\u00e4lt Gluten und Soja.<\/p>\n<p>&nbsp;<\/p>\n<p><strong>Aufbewahrungsempfehlung:<\/strong><\/p>\n<p>2 Tage im K\u00fchlschrank<\/p>\n<p>In einem Gefrierschrank mit einem * eine Woche.<\/p>\n<p>In einem Gefrierschrank mit zwei ** eine Woche.<\/p>\n<p>In einem Gefrierschrank mit drei *** (-18C): Sehen Sie sich das Ablaufdatum an!<\/p>\n<p>Nach dem Auftauen nicht wieder einfrieren!<\/p>","protected":false},"excerpt":{"rendered":"<p>----<\/p>\n<p>Diesen Geschmack verdanken wir den Migranten, die in den 1920\u00b4ern aus Thessaloniki nach Tekirdag kamen. Diese Frikadellen mit unvergleichlichem Geschmack sind derzeit in der ganzen T\u00fcrkei begehrt. Sie k\u00f6nnen diesen Geschmack mit einem besonderen Produkt von Beynur auch zuhause und jeder Zeit genie\u00dfen.<\/p>","protected":false},"featured_media":1683,"template":"","meta":[],"product_brand":[],"product_cat":[17],"product_tag":[],"class_list":{"0":"post-170","1":"product","2":"type-product","3":"status-publish","4":"has-post-thumbnail","6":"product_cat-et-urunleri","8":"first","9":"instock","10":"shipping-taxable","11":"product-type-simple"},"yoast_head":"<!-- This site is optimized with the Yoast SEO plugin v26.8 - https:\/\/yoast.com\/product\/yoast-seo-wordpress\/ -->\n<title>Tekirda\u011f K\u00f6fte - Beynur<\/title>\n<meta name=\"robots\" content=\"index, follow, max-snippet:-1, max-image-preview:large, max-video-preview:-1\" \/>\n<link rel=\"canonical\" href=\"https:\/\/beynur.eu\/de\/produkt\/frikadellen-nach-tekirdag-art\/\" \/>\n<meta property=\"og:locale\" content=\"de_DE\" \/>\n<meta property=\"og:type\" content=\"article\" \/>\n<meta property=\"og:title\" content=\"Tekirda\u011f K\u00f6fte - Beynur\" \/>\n<meta property=\"og:description\" content=\"1920\u2019li y\u0131llarda Selanik\u2019ten g\u00f6\u00e7 edenlerin Tekirda\u011f b\u00f6lgesine getirdi\u011fi bilinen bu e\u015fsiz lezzet, Beynur Tekirda\u011f Usul\u00fc K\u00f6fte ile evinizde.  Tekirda\u011f y\u00f6resinden ad\u0131yla, tad\u0131yla t\u00fcm T\u00fcrkiye\u2019ye yay\u0131lan bir efsane lezzettir\u2026 Can\u0131n\u0131z ne zaman Tekirda\u011f K\u00f6ftesi isterse, Beynur Tekirda\u011f K\u00f6fte ile bu efsanevi lezzeti evinizde ya\u015fayabilirsiniz.\" \/>\n<meta property=\"og:url\" content=\"https:\/\/beynur.eu\/de\/produkt\/frikadellen-nach-tekirdag-art\/\" \/>\n<meta property=\"og:site_name\" content=\"Beynur\" \/>\n<meta property=\"article:modified_time\" content=\"2026-03-08T12:10:38+00:00\" \/>\n<meta property=\"og:image\" content=\"https:\/\/beynur.eu\/wp-content\/uploads\/2018\/04\/tekirdag-kofte-2.jpg\" \/>\n\t<meta property=\"og:image:width\" content=\"1500\" \/>\n\t<meta property=\"og:image:height\" content=\"1500\" \/>\n\t<meta property=\"og:image:type\" content=\"image\/jpeg\" \/>\n<meta name=\"twitter:card\" content=\"summary_large_image\" \/>\n<meta name=\"twitter:label1\" content=\"Gesch\u00e4tzte Lesezeit\" \/>\n\t<meta name=\"twitter:data1\" content=\"2\u00a0Minuten\" \/>\n<script type=\"application\/ld+json\" class=\"yoast-schema-graph\">{\"@context\":\"https:\/\/schema.org\",\"@graph\":[{\"@type\":\"WebPage\",\"@id\":\"https:\/\/beynur.eu\/urun\/tekirdag-kofte\/\",\"url\":\"https:\/\/beynur.eu\/urun\/tekirdag-kofte\/\",\"name\":\"Tekirda\u011f K\u00f6fte - Beynur\",\"isPartOf\":{\"@id\":\"https:\/\/beynur.eu\/#website\"},\"primaryImageOfPage\":{\"@id\":\"https:\/\/beynur.eu\/urun\/tekirdag-kofte\/#primaryimage\"},\"image\":{\"@id\":\"https:\/\/beynur.eu\/urun\/tekirdag-kofte\/#primaryimage\"},\"thumbnailUrl\":\"https:\/\/beynur.eu\/wp-content\/uploads\/2018\/04\/tekirdag-kofte-2.jpg\",\"datePublished\":\"2018-04-01T10:02:57+00:00\",\"dateModified\":\"2026-03-08T12:10:38+00:00\",\"breadcrumb\":{\"@id\":\"https:\/\/beynur.eu\/urun\/tekirdag-kofte\/#breadcrumb\"},\"inLanguage\":\"de\",\"potentialAction\":[{\"@type\":\"ReadAction\",\"target\":[\"https:\/\/beynur.eu\/urun\/tekirdag-kofte\/\"]}]},{\"@type\":\"ImageObject\",\"inLanguage\":\"de\",\"@id\":\"https:\/\/beynur.eu\/urun\/tekirdag-kofte\/#primaryimage\",\"url\":\"https:\/\/beynur.eu\/wp-content\/uploads\/2018\/04\/tekirdag-kofte-2.jpg\",\"contentUrl\":\"https:\/\/beynur.eu\/wp-content\/uploads\/2018\/04\/tekirdag-kofte-2.jpg\",\"width\":1500,\"height\":1500},{\"@type\":\"BreadcrumbList\",\"@id\":\"https:\/\/beynur.eu\/urun\/tekirdag-kofte\/#breadcrumb\",\"itemListElement\":[{\"@type\":\"ListItem\",\"position\":1,\"name\":\"Home\",\"item\":\"https:\/\/beynur.eu\/\"},{\"@type\":\"ListItem\",\"position\":2,\"name\":\"\u00dcr\u00fcnlerimiz\",\"item\":\"https:\/\/beynur.eu\/en\/urunlerimiz\/\"},{\"@type\":\"ListItem\",\"position\":3,\"name\":\"Tekirda\u011f K\u00f6fte\"}]},{\"@type\":\"WebSite\",\"@id\":\"https:\/\/beynur.eu\/#website\",\"url\":\"https:\/\/beynur.eu\/\",\"name\":\"Beynur\",\"description\":\"\u0130lk g\u00fcnk\u00fc a\u015fkla, muhte\u015fem tatlar.\",\"potentialAction\":[{\"@type\":\"SearchAction\",\"target\":{\"@type\":\"EntryPoint\",\"urlTemplate\":\"https:\/\/beynur.eu\/?s={search_term_string}\"},\"query-input\":{\"@type\":\"PropertyValueSpecification\",\"valueRequired\":true,\"valueName\":\"search_term_string\"}}],\"inLanguage\":\"de\"}]}<\/script>\n<!-- \/ Yoast SEO plugin. -->","yoast_head_json":{"title":"Tekirda\u011f K\u00f6fte - Beynur","robots":{"index":"index","follow":"follow","max-snippet":"max-snippet:-1","max-image-preview":"max-image-preview:large","max-video-preview":"max-video-preview:-1"},"canonical":"https:\/\/beynur.eu\/de\/produkt\/frikadellen-nach-tekirdag-art\/","og_locale":"de_DE","og_type":"article","og_title":"Tekirda\u011f K\u00f6fte - Beynur","og_description":"1920\u2019li y\u0131llarda Selanik\u2019ten g\u00f6\u00e7 edenlerin Tekirda\u011f b\u00f6lgesine getirdi\u011fi bilinen bu e\u015fsiz lezzet, Beynur Tekirda\u011f Usul\u00fc K\u00f6fte ile evinizde.  Tekirda\u011f y\u00f6resinden ad\u0131yla, tad\u0131yla t\u00fcm T\u00fcrkiye\u2019ye yay\u0131lan bir efsane lezzettir\u2026 Can\u0131n\u0131z ne zaman Tekirda\u011f K\u00f6ftesi isterse, Beynur Tekirda\u011f K\u00f6fte ile bu efsanevi lezzeti evinizde ya\u015fayabilirsiniz.","og_url":"https:\/\/beynur.eu\/de\/produkt\/frikadellen-nach-tekirdag-art\/","og_site_name":"Beynur","article_modified_time":"2026-03-08T12:10:38+00:00","og_image":[{"width":1500,"height":1500,"url":"https:\/\/beynur.eu\/wp-content\/uploads\/2018\/04\/tekirdag-kofte-2.jpg","type":"image\/jpeg"}],"twitter_card":"summary_large_image","twitter_misc":{"Gesch\u00e4tzte Lesezeit":"2\u00a0Minuten"},"schema":{"@context":"https:\/\/schema.org","@graph":[{"@type":"WebPage","@id":"https:\/\/beynur.eu\/urun\/tekirdag-kofte\/","url":"https:\/\/beynur.eu\/urun\/tekirdag-kofte\/","name":"Tekirda\u011f K\u00f6fte - Beynur","isPartOf":{"@id":"https:\/\/beynur.eu\/#website"},"primaryImageOfPage":{"@id":"https:\/\/beynur.eu\/urun\/tekirdag-kofte\/#primaryimage"},"image":{"@id":"https:\/\/beynur.eu\/urun\/tekirdag-kofte\/#primaryimage"},"thumbnailUrl":"https:\/\/beynur.eu\/wp-content\/uploads\/2018\/04\/tekirdag-kofte-2.jpg","datePublished":"2018-04-01T10:02:57+00:00","dateModified":"2026-03-08T12:10:38+00:00","breadcrumb":{"@id":"https:\/\/beynur.eu\/urun\/tekirdag-kofte\/#breadcrumb"},"inLanguage":"de","potentialAction":[{"@type":"ReadAction","target":["https:\/\/beynur.eu\/urun\/tekirdag-kofte\/"]}]},{"@type":"ImageObject","inLanguage":"de","@id":"https:\/\/beynur.eu\/urun\/tekirdag-kofte\/#primaryimage","url":"https:\/\/beynur.eu\/wp-content\/uploads\/2018\/04\/tekirdag-kofte-2.jpg","contentUrl":"https:\/\/beynur.eu\/wp-content\/uploads\/2018\/04\/tekirdag-kofte-2.jpg","width":1500,"height":1500},{"@type":"BreadcrumbList","@id":"https:\/\/beynur.eu\/urun\/tekirdag-kofte\/#breadcrumb","itemListElement":[{"@type":"ListItem","position":1,"name":"Home","item":"https:\/\/beynur.eu\/"},{"@type":"ListItem","position":2,"name":"\u00dcr\u00fcnlerimiz","item":"https:\/\/beynur.eu\/en\/urunlerimiz\/"},{"@type":"ListItem","position":3,"name":"Tekirda\u011f K\u00f6fte"}]},{"@type":"WebSite","@id":"https:\/\/beynur.eu\/#website","url":"https:\/\/beynur.eu\/","name":"Beynur","description":"\u0130lk g\u00fcnk\u00fc a\u015fkla, muhte\u015fem tatlar.","potentialAction":[{"@type":"SearchAction","target":{"@type":"EntryPoint","urlTemplate":"https:\/\/beynur.eu\/?s={search_term_string}"},"query-input":{"@type":"PropertyValueSpecification","valueRequired":true,"valueName":"search_term_string"}}],"inLanguage":"de"}]}},"_links":{"self":[{"href":"https:\/\/beynur.eu\/de\/wp-json\/wp\/v2\/product\/170","targetHints":{"allow":["GET"]}}],"collection":[{"href":"https:\/\/beynur.eu\/de\/wp-json\/wp\/v2\/product"}],"about":[{"href":"https:\/\/beynur.eu\/de\/wp-json\/wp\/v2\/types\/product"}],"wp:featuredmedia":[{"embeddable":true,"href":"https:\/\/beynur.eu\/de\/wp-json\/wp\/v2\/media\/1683"}],"wp:attachment":[{"href":"https:\/\/beynur.eu\/de\/wp-json\/wp\/v2\/media?parent=170"}],"wp:term":[{"taxonomy":"product_brand","embeddable":true,"href":"https:\/\/beynur.eu\/de\/wp-json\/wp\/v2\/product_brand?post=170"},{"taxonomy":"product_cat","embeddable":true,"href":"https:\/\/beynur.eu\/de\/wp-json\/wp\/v2\/product_cat?post=170"},{"taxonomy":"product_tag","embeddable":true,"href":"https:\/\/beynur.eu\/de\/wp-json\/wp\/v2\/product_tag?post=170"}],"curies":[{"name":"wp","href":"https:\/\/api.w.org\/{rel}","templated":true}]}}