{"id":1704,"date":"2026-02-04T14:56:47","date_gmt":"2026-02-04T14:56:47","guid":{"rendered":"https:\/\/beynur.eu\/?post_type=product&#038;p=1704"},"modified":"2026-04-29T13:36:57","modified_gmt":"2026-04-29T13:36:57","slug":"brokoli","status":"publish","type":"product","link":"https:\/\/beynur.eu\/de\/urun\/brokoli\/","title":{"rendered":"Brokkoli"},"content":{"rendered":"<p><b>Verwendungsempfehlungen<\/b><b><br \/>\n<\/b><span style=\"font-weight: 400;\">Tiefgek\u00fchlter Brokkoli ist eine besonders praktische Wahl f\u00fcr Gem\u00fcsegerichte, Suppen, Ofengerichte und verschiedene Topfgerichte. Sie k\u00f6nnen das Produkt direkt in den Topf oder in die Pfanne geben und ganz unkompliziert verwenden. Zusammen mit Knoblauch, Zwiebeln, Karotten und je nach Geschmack auch mit etwas Sahne oder K\u00e4se lassen sich leckere Gerichte zubereiten.<\/span><\/p>\n<p><b>Aufbewahrungshinweise<\/b><b><br \/>\n<\/b><span style=\"font-weight: 400;\"> Das Produkt ohne vorheriges Auftauen im Gefrierfach lagern.<\/span><span style=\"font-weight: 400;\"><br \/>\n<\/span><span style=\"font-weight: 400;\"> Die Verpackung nach dem \u00d6ffnen gut verschlie\u00dfen.<\/span><span style=\"font-weight: 400;\"><br \/>\n<\/span><span style=\"font-weight: 400;\"> Nach dem Auftauen nicht wieder einfrieren!<\/span><span style=\"font-weight: 400;\"><br \/>\n<\/span><span style=\"font-weight: 400;\"> Das Produkt unter den empfohlenen Lagerbedingungen aufbewahren.<\/span><span style=\"font-weight: 400;\"><br \/>\n<\/span><span style=\"font-weight: 400;\"> Im Gefrierfach nicht neben stark riechenden Lebensmitteln lagern.<\/span><\/p>\n<p>&nbsp;<\/p>","protected":false},"excerpt":{"rendered":"<p><b>Tiefgek\u00fchlter Brokkoli<\/b><b><br \/>\n<\/b><span style=\"font-weight: 400;\">Unter unseren tiefgek\u00fchlten Gem\u00fcseprodukten befindet sich auch k\u00fcchenfertig vorbereiteter Brokkoli. Sorgf\u00e4ltig ausgew\u00e4hlter Brokkoli aus der Saison bewahrt auf diese Weise seinen nat\u00fcrlichen Geschmack, seine frische Farbe und seine bissfeste Struktur und bietet Ihnen eine praktische L\u00f6sung f\u00fcr den K\u00fcchenalltag. Mit diesem Produkt sparen Sie sich die Vorbereitung und k\u00f6nnen Ihre Gerichte deutlich schneller und einfacher zubereiten.\u00a0<\/span><\/p>\n<p><span style=\"font-weight: 400;\">Brokkoli ist mit seinem milden, charakteristischen Aroma und seiner nahrhaften Qualit\u00e4t ein Gem\u00fcse, das sowohl in traditionellen Hausgerichten als auch in unterschiedlichen Rezepten gerne verwendet wird. Unser unter hygienischen Bedingungen tiefgek\u00fchltes und verpacktes Produkt steht Ihnen jederzeit zur Verf\u00fcgung, damit Sie diesen beliebten Geschmack schnell und in nat\u00fcrlicher Form zubereiten k\u00f6nnen.<\/span><\/p>","protected":false},"featured_media":1733,"template":"","meta":[],"product_brand":[],"product_cat":[36],"product_tag":[],"class_list":{"0":"post-1704","1":"product","2":"type-product","3":"status-publish","4":"has-post-thumbnail","6":"product_cat-dondurulmus-sebze-urunleri","8":"first","9":"instock","10":"shipping-taxable","11":"product-type-simple"},"yoast_head":"<!-- This site is optimized with the Yoast SEO plugin v26.8 - https:\/\/yoast.com\/product\/yoast-seo-wordpress\/ -->\n<title>Brokoli - Beynur<\/title>\n<meta name=\"robots\" content=\"index, follow, max-snippet:-1, max-image-preview:large, max-video-preview:-1\" \/>\n<link rel=\"canonical\" href=\"https:\/\/beynur.eu\/de\/produkt\/brokoli\/\" \/>\n<meta property=\"og:locale\" content=\"de_DE\" \/>\n<meta property=\"og:type\" content=\"article\" \/>\n<meta property=\"og:title\" content=\"Brokoli - Beynur\" \/>\n<meta property=\"og:description\" content=\"Dondurulmu\u015f Brokoli Dondurulmu\u015f sebze \u00fcr\u00fcnlerimizin aras\u0131nda pi\u015firmeye haz\u0131r hale getirilmi\u015f brokoli de yer al\u0131yor. Mevsiminde \u00f6zenle se\u00e7ilen brokoli, bu sayede do\u011fal lezzetini, canl\u0131 rengini ve diri yap\u0131s\u0131n\u0131 koruyor ve mutfa\u011f\u0131n\u0131za pratik bir \u00e7\u00f6z\u00fcm sunuyor. Bu \u00fcr\u00fcn\u00fcm\u00fczle temizleme ve haz\u0131rl\u0131k zahmetinden kurtulacak, yemeklerinizi \u00e7ok daha pratik ve h\u0131zl\u0131 bir \u015fekilde haz\u0131rlayabileceksiniz.\u00a0  Brokoli, kendine \u00f6zg\u00fc hafif aromas\u0131 ve besleyici yap\u0131s\u0131yla hem geleneksel ev yemeklerinde hem de farkl\u0131 tariflerde severek kullan\u0131lan bir sebze. Hijyenik \u015fartlarda dondurulup paketlenen \u00fcr\u00fcn\u00fcm\u00fcz, bu sevilen lezzeti \u00e7abucak ve do\u011fal haliyle haz\u0131rlaman\u0131z i\u00e7in her an elinizin alt\u0131nda.\" \/>\n<meta property=\"og:url\" content=\"https:\/\/beynur.eu\/de\/produkt\/brokoli\/\" \/>\n<meta property=\"og:site_name\" content=\"Beynur\" \/>\n<meta property=\"article:modified_time\" content=\"2026-04-29T13:36:57+00:00\" \/>\n<meta property=\"og:image\" content=\"https:\/\/beynur.eu\/wp-content\/uploads\/2026\/02\/Brokoli-1024x1024.png\" \/>\n\t<meta property=\"og:image:width\" content=\"1024\" \/>\n\t<meta property=\"og:image:height\" content=\"1024\" \/>\n\t<meta property=\"og:image:type\" content=\"image\/png\" \/>\n<meta name=\"twitter:card\" content=\"summary_large_image\" \/>\n<meta name=\"twitter:label1\" content=\"Gesch\u00e4tzte Lesezeit\" \/>\n\t<meta name=\"twitter:data1\" content=\"1\u00a0Minute\" \/>\n<script type=\"application\/ld+json\" class=\"yoast-schema-graph\">{\"@context\":\"https:\/\/schema.org\",\"@graph\":[{\"@type\":\"WebPage\",\"@id\":\"https:\/\/beynur.eu\/urun\/brokoli\/\",\"url\":\"https:\/\/beynur.eu\/urun\/brokoli\/\",\"name\":\"Brokoli - Beynur\",\"isPartOf\":{\"@id\":\"https:\/\/beynur.eu\/#website\"},\"primaryImageOfPage\":{\"@id\":\"https:\/\/beynur.eu\/urun\/brokoli\/#primaryimage\"},\"image\":{\"@id\":\"https:\/\/beynur.eu\/urun\/brokoli\/#primaryimage\"},\"thumbnailUrl\":\"https:\/\/beynur.eu\/wp-content\/uploads\/2026\/02\/Brokoli.png\",\"datePublished\":\"2026-02-04T14:56:47+00:00\",\"dateModified\":\"2026-04-29T13:36:57+00:00\",\"breadcrumb\":{\"@id\":\"https:\/\/beynur.eu\/urun\/brokoli\/#breadcrumb\"},\"inLanguage\":\"de\",\"potentialAction\":[{\"@type\":\"ReadAction\",\"target\":[\"https:\/\/beynur.eu\/urun\/brokoli\/\"]}]},{\"@type\":\"ImageObject\",\"inLanguage\":\"de\",\"@id\":\"https:\/\/beynur.eu\/urun\/brokoli\/#primaryimage\",\"url\":\"https:\/\/beynur.eu\/wp-content\/uploads\/2026\/02\/Brokoli.png\",\"contentUrl\":\"https:\/\/beynur.eu\/wp-content\/uploads\/2026\/02\/Brokoli.png\",\"width\":2000,\"height\":2000},{\"@type\":\"BreadcrumbList\",\"@id\":\"https:\/\/beynur.eu\/urun\/brokoli\/#breadcrumb\",\"itemListElement\":[{\"@type\":\"ListItem\",\"position\":1,\"name\":\"Home\",\"item\":\"https:\/\/beynur.eu\/\"},{\"@type\":\"ListItem\",\"position\":2,\"name\":\"\u00dcr\u00fcnlerimiz\",\"item\":\"https:\/\/beynur.eu\/en\/urunlerimiz\/\"},{\"@type\":\"ListItem\",\"position\":3,\"name\":\"Brokoli\"}]},{\"@type\":\"WebSite\",\"@id\":\"https:\/\/beynur.eu\/#website\",\"url\":\"https:\/\/beynur.eu\/\",\"name\":\"Beynur\",\"description\":\"\u0130lk g\u00fcnk\u00fc a\u015fkla, muhte\u015fem tatlar.\",\"potentialAction\":[{\"@type\":\"SearchAction\",\"target\":{\"@type\":\"EntryPoint\",\"urlTemplate\":\"https:\/\/beynur.eu\/?s={search_term_string}\"},\"query-input\":{\"@type\":\"PropertyValueSpecification\",\"valueRequired\":true,\"valueName\":\"search_term_string\"}}],\"inLanguage\":\"de\"}]}<\/script>\n<!-- \/ Yoast SEO plugin. -->","yoast_head_json":{"title":"Brokoli - Beynur","robots":{"index":"index","follow":"follow","max-snippet":"max-snippet:-1","max-image-preview":"max-image-preview:large","max-video-preview":"max-video-preview:-1"},"canonical":"https:\/\/beynur.eu\/de\/produkt\/brokoli\/","og_locale":"de_DE","og_type":"article","og_title":"Brokoli - Beynur","og_description":"Dondurulmu\u015f Brokoli Dondurulmu\u015f sebze \u00fcr\u00fcnlerimizin aras\u0131nda pi\u015firmeye haz\u0131r hale getirilmi\u015f brokoli de yer al\u0131yor. Mevsiminde \u00f6zenle se\u00e7ilen brokoli, bu sayede do\u011fal lezzetini, canl\u0131 rengini ve diri yap\u0131s\u0131n\u0131 koruyor ve mutfa\u011f\u0131n\u0131za pratik bir \u00e7\u00f6z\u00fcm sunuyor. Bu \u00fcr\u00fcn\u00fcm\u00fczle temizleme ve haz\u0131rl\u0131k zahmetinden kurtulacak, yemeklerinizi \u00e7ok daha pratik ve h\u0131zl\u0131 bir \u015fekilde haz\u0131rlayabileceksiniz.\u00a0  Brokoli, kendine \u00f6zg\u00fc hafif aromas\u0131 ve besleyici yap\u0131s\u0131yla hem geleneksel ev yemeklerinde hem de farkl\u0131 tariflerde severek kullan\u0131lan bir sebze. Hijyenik \u015fartlarda dondurulup paketlenen \u00fcr\u00fcn\u00fcm\u00fcz, bu sevilen lezzeti \u00e7abucak ve do\u011fal haliyle haz\u0131rlaman\u0131z i\u00e7in her an elinizin alt\u0131nda.","og_url":"https:\/\/beynur.eu\/de\/produkt\/brokoli\/","og_site_name":"Beynur","article_modified_time":"2026-04-29T13:36:57+00:00","og_image":[{"width":1024,"height":1024,"url":"https:\/\/beynur.eu\/wp-content\/uploads\/2026\/02\/Brokoli-1024x1024.png","type":"image\/png"}],"twitter_card":"summary_large_image","twitter_misc":{"Gesch\u00e4tzte Lesezeit":"1\u00a0Minute"},"schema":{"@context":"https:\/\/schema.org","@graph":[{"@type":"WebPage","@id":"https:\/\/beynur.eu\/urun\/brokoli\/","url":"https:\/\/beynur.eu\/urun\/brokoli\/","name":"Brokoli - Beynur","isPartOf":{"@id":"https:\/\/beynur.eu\/#website"},"primaryImageOfPage":{"@id":"https:\/\/beynur.eu\/urun\/brokoli\/#primaryimage"},"image":{"@id":"https:\/\/beynur.eu\/urun\/brokoli\/#primaryimage"},"thumbnailUrl":"https:\/\/beynur.eu\/wp-content\/uploads\/2026\/02\/Brokoli.png","datePublished":"2026-02-04T14:56:47+00:00","dateModified":"2026-04-29T13:36:57+00:00","breadcrumb":{"@id":"https:\/\/beynur.eu\/urun\/brokoli\/#breadcrumb"},"inLanguage":"de","potentialAction":[{"@type":"ReadAction","target":["https:\/\/beynur.eu\/urun\/brokoli\/"]}]},{"@type":"ImageObject","inLanguage":"de","@id":"https:\/\/beynur.eu\/urun\/brokoli\/#primaryimage","url":"https:\/\/beynur.eu\/wp-content\/uploads\/2026\/02\/Brokoli.png","contentUrl":"https:\/\/beynur.eu\/wp-content\/uploads\/2026\/02\/Brokoli.png","width":2000,"height":2000},{"@type":"BreadcrumbList","@id":"https:\/\/beynur.eu\/urun\/brokoli\/#breadcrumb","itemListElement":[{"@type":"ListItem","position":1,"name":"Home","item":"https:\/\/beynur.eu\/"},{"@type":"ListItem","position":2,"name":"\u00dcr\u00fcnlerimiz","item":"https:\/\/beynur.eu\/en\/urunlerimiz\/"},{"@type":"ListItem","position":3,"name":"Brokoli"}]},{"@type":"WebSite","@id":"https:\/\/beynur.eu\/#website","url":"https:\/\/beynur.eu\/","name":"Beynur","description":"\u0130lk g\u00fcnk\u00fc a\u015fkla, muhte\u015fem tatlar.","potentialAction":[{"@type":"SearchAction","target":{"@type":"EntryPoint","urlTemplate":"https:\/\/beynur.eu\/?s={search_term_string}"},"query-input":{"@type":"PropertyValueSpecification","valueRequired":true,"valueName":"search_term_string"}}],"inLanguage":"de"}]}},"_links":{"self":[{"href":"https:\/\/beynur.eu\/de\/wp-json\/wp\/v2\/product\/1704","targetHints":{"allow":["GET"]}}],"collection":[{"href":"https:\/\/beynur.eu\/de\/wp-json\/wp\/v2\/product"}],"about":[{"href":"https:\/\/beynur.eu\/de\/wp-json\/wp\/v2\/types\/product"}],"wp:featuredmedia":[{"embeddable":true,"href":"https:\/\/beynur.eu\/de\/wp-json\/wp\/v2\/media\/1733"}],"wp:attachment":[{"href":"https:\/\/beynur.eu\/de\/wp-json\/wp\/v2\/media?parent=1704"}],"wp:term":[{"taxonomy":"product_brand","embeddable":true,"href":"https:\/\/beynur.eu\/de\/wp-json\/wp\/v2\/product_brand?post=1704"},{"taxonomy":"product_cat","embeddable":true,"href":"https:\/\/beynur.eu\/de\/wp-json\/wp\/v2\/product_cat?post=1704"},{"taxonomy":"product_tag","embeddable":true,"href":"https:\/\/beynur.eu\/de\/wp-json\/wp\/v2\/product_tag?post=1704"}],"curies":[{"name":"wp","href":"https:\/\/api.w.org\/{rel}","templated":true}]}}