{"id":1706,"date":"2026-02-04T15:00:19","date_gmt":"2026-02-04T15:00:19","guid":{"rendered":"https:\/\/beynur.eu\/?post_type=product&#038;p=1706"},"modified":"2026-04-29T13:24:39","modified_gmt":"2026-04-29T13:24:39","slug":"bamya-zero","status":"publish","type":"product","link":"https:\/\/beynur.eu\/de\/urun\/bamya-zero\/","title":{"rendered":"Okra Zero"},"content":{"rendered":"<p><b>Verwendungsempfehlungen<\/b><b><br \/>\n<\/b><span style=\"font-weight: 400;\">Okra-Zero eignet sich hervorragend f\u00fcr Okra mit Oliven\u00f6l, Okra mit Fleisch, s\u00e4uerliche Okra-Gerichte und verschiedene Topfgerichte. Sie k\u00f6nnen das Produkt direkt in den Topf geben und ganz praktisch zubereiten. Zusammen mit Zwiebeln, Tomaten und je nach Geschmack etwas Zitronensaft lassen sich ausgewogene und aromatische Gerichte zubereiten. <\/span><\/p>\n<p><span style=\"font-weight: 400;\">Dank ihrer kleinen Gr\u00f6\u00dfe und ihrer zarten Struktur liefert diese Okra sowohl in klassischen Rezepten als auch bei sorgf\u00e4ltigen Anrichtungen sehr gute Ergebnisse. Sie bringt praktische Vorteile in den K\u00fcchenalltag und zugleich den ausgew\u00e4hlten Geschmack hochwertiger Okra auf den Tisch.<\/span><\/p>\n<p><b>Aufbewahrungshinweise<\/b><\/p>\n<ul>\n<li style=\"font-weight: 400;\" aria-level=\"1\"><span style=\"font-weight: 400;\">Das Produkt ohne vorheriges Auftauen im Gefrierfach lagern.<\/span><\/li>\n<li style=\"font-weight: 400;\" aria-level=\"1\"><span style=\"font-weight: 400;\">Die Verpackung nach dem \u00d6ffnen gut verschlie\u00dfen.<\/span><\/li>\n<li style=\"font-weight: 400;\" aria-level=\"1\"><span style=\"font-weight: 400;\">Nach dem Auftauen nicht wieder einfrieren!<\/span><\/li>\n<li style=\"font-weight: 400;\" aria-level=\"1\"><span style=\"font-weight: 400;\">Das Produkt unter den empfohlenen Lagerbedingungen aufbewahren.<\/span><\/li>\n<li style=\"font-weight: 400;\" aria-level=\"1\"><span style=\"font-weight: 400;\">Im Gefrierfach nicht neben stark riechenden Lebensmitteln lagern.<\/span><\/li>\n<\/ul>","protected":false},"excerpt":{"rendered":"<p><b>Tiefgek\u00fchlte Okra-Zero<\/b><b><br \/>\n<\/b><span style=\"font-weight: 400;\">Unter unseren tiefgek\u00fchlten Gem\u00fcseprodukten findet sich auch Okra Zero, eine der ausgew\u00e4hltesten Okra-Sorten. Diese erstklassige Okra wird in ihrem kleinsten, j\u00fcngsten und frischesten Zustand geerntet, meist bei einer Gr\u00f6\u00dfe von 2 bis 3 cm, und bringt ihren nat\u00fcrlichen Geschmack, ihre zarte Struktur und ihren hohen N\u00e4hrwert direkt auf Ihren Tisch. <\/span><\/p>\n<p><span style=\"font-weight: 400;\">Dank der als iQF bekannten Technologie des individuellen Schnellgefrierens werden unsere sorgf\u00e4ltig ausgew\u00e4hlten Produkte einzeln tiefgek\u00fchlt und bieten Ihnen dadurch einen besonders praktischen Anwendungsvorteil. Mit ihrer nicht schleimenden Struktur und ihrer feinen Konsistenz ist Bamya Zero eine besondere Wahl f\u00fcr alle, die hochwertige Okra suchen.<\/span><\/p>","protected":false},"featured_media":1730,"template":"","meta":[],"product_brand":[],"product_cat":[36],"product_tag":[],"class_list":{"0":"post-1706","1":"product","2":"type-product","3":"status-publish","4":"has-post-thumbnail","6":"product_cat-dondurulmus-sebze-urunleri","8":"first","9":"instock","10":"shipping-taxable","11":"product-type-simple"},"yoast_head":"<!-- This site is optimized with the Yoast SEO plugin v26.8 - https:\/\/yoast.com\/product\/yoast-seo-wordpress\/ -->\n<title>Bamya Zero - Beynur<\/title>\n<meta name=\"robots\" content=\"index, follow, max-snippet:-1, max-image-preview:large, max-video-preview:-1\" \/>\n<link rel=\"canonical\" href=\"https:\/\/beynur.eu\/de\/produkt\/bamya-zero\/\" \/>\n<meta property=\"og:locale\" content=\"de_DE\" \/>\n<meta property=\"og:type\" content=\"article\" \/>\n<meta property=\"og:title\" content=\"Bamya Zero - Beynur\" \/>\n<meta property=\"og:description\" content=\"Dondurulmu\u015f Bamya Zero Dondurulmu\u015f sebze \u00fcr\u00fcnlerimizin aras\u0131nda en se\u00e7kin bamya \u00e7e\u015fitlerinden biri olan Bamya Zero da yer al\u0131yor. En k\u00fc\u00e7\u00fck, en gen\u00e7 ve en taze haliyle, genellikle 2\u20133 cm boyutundayken hasat edilen bu birinci s\u0131n\u0131f bamya, do\u011fal lezzetini, yumu\u015fak yap\u0131s\u0131n\u0131 ve y\u00fcksek besin de\u011ferini koruyarak sofralar\u0131n\u0131za ula\u015f\u0131yor.   \u00d6zenle se\u00e7ilen \u00fcr\u00fcnlerimiz, bireysel h\u0131zl\u0131 dondurma teknolojisi olarak bilinen\u00a0 iQF sayesinde tane tane donduruluyor ve pratik kullan\u0131m avantaj\u0131 sunuyor. Bamya Zero, salyalanmayan yap\u0131s\u0131 ve narin dokusuyla kaliteli bamya arayanlar i\u00e7in \u00f6zel bir tercih olu\u015fturuyor.\" \/>\n<meta property=\"og:url\" content=\"https:\/\/beynur.eu\/de\/produkt\/bamya-zero\/\" \/>\n<meta property=\"og:site_name\" content=\"Beynur\" \/>\n<meta property=\"article:modified_time\" content=\"2026-04-29T13:24:39+00:00\" \/>\n<meta property=\"og:image\" content=\"https:\/\/beynur.eu\/wp-content\/uploads\/2026\/02\/Bamya-zero-1024x1024.png\" \/>\n\t<meta property=\"og:image:width\" content=\"1024\" \/>\n\t<meta property=\"og:image:height\" content=\"1024\" \/>\n\t<meta property=\"og:image:type\" content=\"image\/png\" \/>\n<meta name=\"twitter:card\" content=\"summary_large_image\" \/>\n<meta name=\"twitter:label1\" content=\"Gesch\u00e4tzte Lesezeit\" \/>\n\t<meta name=\"twitter:data1\" content=\"1\u00a0Minute\" \/>\n<script type=\"application\/ld+json\" class=\"yoast-schema-graph\">{\"@context\":\"https:\/\/schema.org\",\"@graph\":[{\"@type\":\"WebPage\",\"@id\":\"https:\/\/beynur.eu\/urun\/bamya-zero\/\",\"url\":\"https:\/\/beynur.eu\/urun\/bamya-zero\/\",\"name\":\"Bamya Zero - Beynur\",\"isPartOf\":{\"@id\":\"https:\/\/beynur.eu\/#website\"},\"primaryImageOfPage\":{\"@id\":\"https:\/\/beynur.eu\/urun\/bamya-zero\/#primaryimage\"},\"image\":{\"@id\":\"https:\/\/beynur.eu\/urun\/bamya-zero\/#primaryimage\"},\"thumbnailUrl\":\"https:\/\/beynur.eu\/wp-content\/uploads\/2026\/02\/Bamya-zero.png\",\"datePublished\":\"2026-02-04T15:00:19+00:00\",\"dateModified\":\"2026-04-29T13:24:39+00:00\",\"breadcrumb\":{\"@id\":\"https:\/\/beynur.eu\/urun\/bamya-zero\/#breadcrumb\"},\"inLanguage\":\"de\",\"potentialAction\":[{\"@type\":\"ReadAction\",\"target\":[\"https:\/\/beynur.eu\/urun\/bamya-zero\/\"]}]},{\"@type\":\"ImageObject\",\"inLanguage\":\"de\",\"@id\":\"https:\/\/beynur.eu\/urun\/bamya-zero\/#primaryimage\",\"url\":\"https:\/\/beynur.eu\/wp-content\/uploads\/2026\/02\/Bamya-zero.png\",\"contentUrl\":\"https:\/\/beynur.eu\/wp-content\/uploads\/2026\/02\/Bamya-zero.png\",\"width\":2000,\"height\":2000},{\"@type\":\"BreadcrumbList\",\"@id\":\"https:\/\/beynur.eu\/urun\/bamya-zero\/#breadcrumb\",\"itemListElement\":[{\"@type\":\"ListItem\",\"position\":1,\"name\":\"Home\",\"item\":\"https:\/\/beynur.eu\/\"},{\"@type\":\"ListItem\",\"position\":2,\"name\":\"\u00dcr\u00fcnlerimiz\",\"item\":\"https:\/\/beynur.eu\/en\/urunlerimiz\/\"},{\"@type\":\"ListItem\",\"position\":3,\"name\":\"Bamya Zero\"}]},{\"@type\":\"WebSite\",\"@id\":\"https:\/\/beynur.eu\/#website\",\"url\":\"https:\/\/beynur.eu\/\",\"name\":\"Beynur\",\"description\":\"\u0130lk g\u00fcnk\u00fc a\u015fkla, muhte\u015fem tatlar.\",\"potentialAction\":[{\"@type\":\"SearchAction\",\"target\":{\"@type\":\"EntryPoint\",\"urlTemplate\":\"https:\/\/beynur.eu\/?s={search_term_string}\"},\"query-input\":{\"@type\":\"PropertyValueSpecification\",\"valueRequired\":true,\"valueName\":\"search_term_string\"}}],\"inLanguage\":\"de\"}]}<\/script>\n<!-- \/ Yoast SEO plugin. -->","yoast_head_json":{"title":"Bamya Zero - Beynur","robots":{"index":"index","follow":"follow","max-snippet":"max-snippet:-1","max-image-preview":"max-image-preview:large","max-video-preview":"max-video-preview:-1"},"canonical":"https:\/\/beynur.eu\/de\/produkt\/bamya-zero\/","og_locale":"de_DE","og_type":"article","og_title":"Bamya Zero - Beynur","og_description":"Dondurulmu\u015f Bamya Zero Dondurulmu\u015f sebze \u00fcr\u00fcnlerimizin aras\u0131nda en se\u00e7kin bamya \u00e7e\u015fitlerinden biri olan Bamya Zero da yer al\u0131yor. En k\u00fc\u00e7\u00fck, en gen\u00e7 ve en taze haliyle, genellikle 2\u20133 cm boyutundayken hasat edilen bu birinci s\u0131n\u0131f bamya, do\u011fal lezzetini, yumu\u015fak yap\u0131s\u0131n\u0131 ve y\u00fcksek besin de\u011ferini koruyarak sofralar\u0131n\u0131za ula\u015f\u0131yor.   \u00d6zenle se\u00e7ilen \u00fcr\u00fcnlerimiz, bireysel h\u0131zl\u0131 dondurma teknolojisi olarak bilinen\u00a0 iQF sayesinde tane tane donduruluyor ve pratik kullan\u0131m avantaj\u0131 sunuyor. Bamya Zero, salyalanmayan yap\u0131s\u0131 ve narin dokusuyla kaliteli bamya arayanlar i\u00e7in \u00f6zel bir tercih olu\u015fturuyor.","og_url":"https:\/\/beynur.eu\/de\/produkt\/bamya-zero\/","og_site_name":"Beynur","article_modified_time":"2026-04-29T13:24:39+00:00","og_image":[{"width":1024,"height":1024,"url":"https:\/\/beynur.eu\/wp-content\/uploads\/2026\/02\/Bamya-zero-1024x1024.png","type":"image\/png"}],"twitter_card":"summary_large_image","twitter_misc":{"Gesch\u00e4tzte Lesezeit":"1\u00a0Minute"},"schema":{"@context":"https:\/\/schema.org","@graph":[{"@type":"WebPage","@id":"https:\/\/beynur.eu\/urun\/bamya-zero\/","url":"https:\/\/beynur.eu\/urun\/bamya-zero\/","name":"Bamya Zero - Beynur","isPartOf":{"@id":"https:\/\/beynur.eu\/#website"},"primaryImageOfPage":{"@id":"https:\/\/beynur.eu\/urun\/bamya-zero\/#primaryimage"},"image":{"@id":"https:\/\/beynur.eu\/urun\/bamya-zero\/#primaryimage"},"thumbnailUrl":"https:\/\/beynur.eu\/wp-content\/uploads\/2026\/02\/Bamya-zero.png","datePublished":"2026-02-04T15:00:19+00:00","dateModified":"2026-04-29T13:24:39+00:00","breadcrumb":{"@id":"https:\/\/beynur.eu\/urun\/bamya-zero\/#breadcrumb"},"inLanguage":"de","potentialAction":[{"@type":"ReadAction","target":["https:\/\/beynur.eu\/urun\/bamya-zero\/"]}]},{"@type":"ImageObject","inLanguage":"de","@id":"https:\/\/beynur.eu\/urun\/bamya-zero\/#primaryimage","url":"https:\/\/beynur.eu\/wp-content\/uploads\/2026\/02\/Bamya-zero.png","contentUrl":"https:\/\/beynur.eu\/wp-content\/uploads\/2026\/02\/Bamya-zero.png","width":2000,"height":2000},{"@type":"BreadcrumbList","@id":"https:\/\/beynur.eu\/urun\/bamya-zero\/#breadcrumb","itemListElement":[{"@type":"ListItem","position":1,"name":"Home","item":"https:\/\/beynur.eu\/"},{"@type":"ListItem","position":2,"name":"\u00dcr\u00fcnlerimiz","item":"https:\/\/beynur.eu\/en\/urunlerimiz\/"},{"@type":"ListItem","position":3,"name":"Bamya Zero"}]},{"@type":"WebSite","@id":"https:\/\/beynur.eu\/#website","url":"https:\/\/beynur.eu\/","name":"Beynur","description":"\u0130lk g\u00fcnk\u00fc a\u015fkla, muhte\u015fem tatlar.","potentialAction":[{"@type":"SearchAction","target":{"@type":"EntryPoint","urlTemplate":"https:\/\/beynur.eu\/?s={search_term_string}"},"query-input":{"@type":"PropertyValueSpecification","valueRequired":true,"valueName":"search_term_string"}}],"inLanguage":"de"}]}},"_links":{"self":[{"href":"https:\/\/beynur.eu\/de\/wp-json\/wp\/v2\/product\/1706","targetHints":{"allow":["GET"]}}],"collection":[{"href":"https:\/\/beynur.eu\/de\/wp-json\/wp\/v2\/product"}],"about":[{"href":"https:\/\/beynur.eu\/de\/wp-json\/wp\/v2\/types\/product"}],"wp:featuredmedia":[{"embeddable":true,"href":"https:\/\/beynur.eu\/de\/wp-json\/wp\/v2\/media\/1730"}],"wp:attachment":[{"href":"https:\/\/beynur.eu\/de\/wp-json\/wp\/v2\/media?parent=1706"}],"wp:term":[{"taxonomy":"product_brand","embeddable":true,"href":"https:\/\/beynur.eu\/de\/wp-json\/wp\/v2\/product_brand?post=1706"},{"taxonomy":"product_cat","embeddable":true,"href":"https:\/\/beynur.eu\/de\/wp-json\/wp\/v2\/product_cat?post=1706"},{"taxonomy":"product_tag","embeddable":true,"href":"https:\/\/beynur.eu\/de\/wp-json\/wp\/v2\/product_tag?post=1706"}],"curies":[{"name":"wp","href":"https:\/\/api.w.org\/{rel}","templated":true}]}}