{"id":1708,"date":"2026-02-04T15:04:56","date_gmt":"2026-02-04T15:04:56","guid":{"rendered":"https:\/\/beynur.eu\/?post_type=product&#038;p=1708"},"modified":"2026-04-29T13:03:29","modified_gmt":"2026-04-29T13:03:29","slug":"tavuk-kanatlari","status":"publish","type":"product","link":"https:\/\/beynur.eu\/de\/urun\/tavuk-kanatlari\/","title":{"rendered":"Knusprig marinierte H\u00e4hnchenfl\u00fcgel"},"content":{"rendered":"<p><b>Verwendungsempfehlungen<\/b><b><br \/>\n<\/b><span style=\"font-weight: 400;\">Beynur tiefgek\u00fchlte, k\u00fcchenfertige, scharf gew\u00fcrzte H\u00e4hnchenfl\u00fcgel lassen sich ganz einfach in der Pfanne, im Airfryer, in der Fritteuse, im Backofen oder in der Mikrowelle zubereiten. Sie k\u00f6nnen das Produkt in kurzer Zeit erhitzen und praktisch servieren. Zusammen mit Pommes frites, Salat, verschiedenen Dips oder Gem\u00fcsebeilagen lassen sich abwechslungsreiche und s\u00e4ttigende Mahlzeiten zusammenstellen.\u00a0<\/span><\/p>\n<p><b>Aufbewahrungshinweise<\/b><\/p>\n<ul>\n<li style=\"font-weight: 400;\" aria-level=\"1\"><span style=\"font-weight: 400;\">Das Produkt ohne vorheriges Auftauen im Gefrierfach lagern.<\/span><\/li>\n<li style=\"font-weight: 400;\" aria-level=\"1\"><span style=\"font-weight: 400;\">Die Verpackung nach dem \u00d6ffnen sorgf\u00e4ltig verschlie\u00dfen.<\/span><\/li>\n<li style=\"font-weight: 400;\" aria-level=\"1\"><span style=\"font-weight: 400;\">Nach dem Auftauen nicht wieder einfrieren!<\/span><\/li>\n<li style=\"font-weight: 400;\" aria-level=\"1\"><span style=\"font-weight: 400;\">Das Produkt unter den empfohlenen Lagerbedingungen aufbewahren.<\/span><\/li>\n<li style=\"font-weight: 400;\" aria-level=\"1\"><span style=\"font-weight: 400;\">Bis zum Verbrauch tiefgek\u00fchlt lagern.<\/span><\/li>\n<li style=\"font-weight: 400;\" aria-level=\"1\"><span style=\"font-weight: 400;\">F\u00fcr das beste Ergebnis das Produkt vollst\u00e4ndig bis zum Kern erhitzen.<\/span><\/li>\n<\/ul>","protected":false},"excerpt":{"rendered":"<p><b>Tiefgek\u00fchlte marinierte H\u00e4hnchenfl\u00fcgel<\/b><b><br \/>\n<\/b><span style=\"font-weight: 400;\">Tiefgek\u00fchlte H\u00e4hnchenfl\u00fcgel von Beynur bieten mit ihrer knusprig marinierten Oberfl\u00e4che und ihrer pikanten W\u00fcrzung eine praktische und besonders appetitliche Wahl f\u00fcr alle, die w\u00fcrzigen H\u00e4hnchengenuss m\u00f6gen. Dieses Produkt wird aus 100 % halal H\u00e4hnchenfleisch hergestellt, mariniert, vorgegart und tiefgek\u00fchlt, sodass es im K\u00fcchenalltag Zeit spart und in kurzer Zeit servierbereit ist.\u00a0<\/span><\/p>\n<p><span style=\"font-weight: 400;\">Au\u00dfen \u00fcberzeugt die w\u00fcrzige Marinade, innen bleibt das Fleisch angenehm zart. Damit eignen sie sich sowohl f\u00fcr allt\u00e4gliche Mahlzeiten als auch f\u00fcr Snackplatten und gesellige Genussmomente.<\/span><\/p>","protected":false},"featured_media":1709,"template":"","meta":[],"product_brand":[],"product_cat":[18],"product_tag":[],"class_list":{"0":"post-1708","1":"product","2":"type-product","3":"status-publish","4":"has-post-thumbnail","6":"product_cat-tavuk-ve-hindi-urunleri","8":"first","9":"instock","10":"shipping-taxable","11":"product-type-simple"},"yoast_head":"<!-- This site is optimized with the Yoast SEO plugin v26.8 - https:\/\/yoast.com\/product\/yoast-seo-wordpress\/ -->\n<title>Tavuk Kanatlar\u0131 - Beynur<\/title>\n<meta name=\"robots\" content=\"index, follow, max-snippet:-1, max-image-preview:large, max-video-preview:-1\" \/>\n<link rel=\"canonical\" href=\"https:\/\/beynur.eu\/de\/produkt\/tavuk-kanatlari\/\" \/>\n<meta property=\"og:locale\" content=\"de_DE\" \/>\n<meta property=\"og:type\" content=\"article\" \/>\n<meta property=\"og:title\" content=\"Tavuk Kanatlar\u0131 - Beynur\" \/>\n<meta property=\"og:description\" content=\"Dondurulmu\u015f Marinasyonlu Tavuk Kanatlar\u0131 Beynur Dondurulmu\u015f Ac\u0131l\u0131 Tavuk Kanatlar\u0131, \u00e7\u0131t\u0131r marine edilmi\u015f yap\u0131s\u0131 ve ac\u0131l\u0131 lezzetiyle tavuk severlere pratik ve i\u015ftah a\u00e7\u0131c\u0131 bir se\u00e7enek sunuyor. Y\u00fczde y\u00fcz helal tavuk etinden \u00fcretilen bu \u00f6zel \u00fcr\u00fcn, \u00f6nceden pi\u015firilip donduruldu\u011fu i\u00e7in mutfakta zaman kazand\u0131r\u0131r ve k\u0131sa s\u00fcrede servis edilmeye haz\u0131r hale gelir.\u00a0  D\u0131\u015f\u0131 lezzetli marine kaplamas\u0131yla \u00f6ne \u00e7\u0131kan, i\u00e7i ise yumu\u015fak kalan tavuk kanatlar\u0131ni hem g\u00fcnl\u00fck \u00f6\u011f\u00fcnlerde hem de at\u0131\u015ft\u0131rmal\u0131k sunumlarda tercih edilebilirsiniz. Bu \u00fcr\u00fcn, baharatl\u0131 tad\u0131 ve kolay haz\u0131rlan\u0131\u015f\u0131yla yo\u011fun g\u00fcnler i\u00e7in g\u00fc\u00e7l\u00fc bir alternatif.\" \/>\n<meta property=\"og:url\" content=\"https:\/\/beynur.eu\/de\/produkt\/tavuk-kanatlari\/\" \/>\n<meta property=\"og:site_name\" content=\"Beynur\" \/>\n<meta property=\"article:modified_time\" content=\"2026-04-29T13:03:29+00:00\" \/>\n<meta property=\"og:image\" content=\"https:\/\/beynur.eu\/wp-content\/uploads\/2026\/02\/chixken-wings.jpg\" \/>\n\t<meta property=\"og:image:width\" content=\"1500\" \/>\n\t<meta property=\"og:image:height\" content=\"1500\" \/>\n\t<meta property=\"og:image:type\" content=\"image\/jpeg\" \/>\n<meta name=\"twitter:card\" content=\"summary_large_image\" \/>\n<meta name=\"twitter:label1\" content=\"Gesch\u00e4tzte Lesezeit\" \/>\n\t<meta name=\"twitter:data1\" content=\"1\u00a0Minute\" \/>\n<script type=\"application\/ld+json\" class=\"yoast-schema-graph\">{\"@context\":\"https:\/\/schema.org\",\"@graph\":[{\"@type\":\"WebPage\",\"@id\":\"https:\/\/beynur.eu\/urun\/tavuk-kanatlari\/\",\"url\":\"https:\/\/beynur.eu\/urun\/tavuk-kanatlari\/\",\"name\":\"Tavuk Kanatlar\u0131 - Beynur\",\"isPartOf\":{\"@id\":\"https:\/\/beynur.eu\/#website\"},\"primaryImageOfPage\":{\"@id\":\"https:\/\/beynur.eu\/urun\/tavuk-kanatlari\/#primaryimage\"},\"image\":{\"@id\":\"https:\/\/beynur.eu\/urun\/tavuk-kanatlari\/#primaryimage\"},\"thumbnailUrl\":\"https:\/\/beynur.eu\/wp-content\/uploads\/2026\/02\/chixken-wings.jpg\",\"datePublished\":\"2026-02-04T15:04:56+00:00\",\"dateModified\":\"2026-04-29T13:03:29+00:00\",\"breadcrumb\":{\"@id\":\"https:\/\/beynur.eu\/urun\/tavuk-kanatlari\/#breadcrumb\"},\"inLanguage\":\"de\",\"potentialAction\":[{\"@type\":\"ReadAction\",\"target\":[\"https:\/\/beynur.eu\/urun\/tavuk-kanatlari\/\"]}]},{\"@type\":\"ImageObject\",\"inLanguage\":\"de\",\"@id\":\"https:\/\/beynur.eu\/urun\/tavuk-kanatlari\/#primaryimage\",\"url\":\"https:\/\/beynur.eu\/wp-content\/uploads\/2026\/02\/chixken-wings.jpg\",\"contentUrl\":\"https:\/\/beynur.eu\/wp-content\/uploads\/2026\/02\/chixken-wings.jpg\",\"width\":1500,\"height\":1500,\"caption\":\"Chicken Wings\"},{\"@type\":\"BreadcrumbList\",\"@id\":\"https:\/\/beynur.eu\/urun\/tavuk-kanatlari\/#breadcrumb\",\"itemListElement\":[{\"@type\":\"ListItem\",\"position\":1,\"name\":\"Home\",\"item\":\"https:\/\/beynur.eu\/\"},{\"@type\":\"ListItem\",\"position\":2,\"name\":\"\u00dcr\u00fcnlerimiz\",\"item\":\"https:\/\/beynur.eu\/en\/urunlerimiz\/\"},{\"@type\":\"ListItem\",\"position\":3,\"name\":\"Tavuk Kanatlar\u0131\"}]},{\"@type\":\"WebSite\",\"@id\":\"https:\/\/beynur.eu\/#website\",\"url\":\"https:\/\/beynur.eu\/\",\"name\":\"Beynur\",\"description\":\"\u0130lk g\u00fcnk\u00fc a\u015fkla, muhte\u015fem tatlar.\",\"potentialAction\":[{\"@type\":\"SearchAction\",\"target\":{\"@type\":\"EntryPoint\",\"urlTemplate\":\"https:\/\/beynur.eu\/?s={search_term_string}\"},\"query-input\":{\"@type\":\"PropertyValueSpecification\",\"valueRequired\":true,\"valueName\":\"search_term_string\"}}],\"inLanguage\":\"de\"}]}<\/script>\n<!-- \/ Yoast SEO plugin. -->","yoast_head_json":{"title":"Tavuk Kanatlar\u0131 - Beynur","robots":{"index":"index","follow":"follow","max-snippet":"max-snippet:-1","max-image-preview":"max-image-preview:large","max-video-preview":"max-video-preview:-1"},"canonical":"https:\/\/beynur.eu\/de\/produkt\/tavuk-kanatlari\/","og_locale":"de_DE","og_type":"article","og_title":"Tavuk Kanatlar\u0131 - Beynur","og_description":"Dondurulmu\u015f Marinasyonlu Tavuk Kanatlar\u0131 Beynur Dondurulmu\u015f Ac\u0131l\u0131 Tavuk Kanatlar\u0131, \u00e7\u0131t\u0131r marine edilmi\u015f yap\u0131s\u0131 ve ac\u0131l\u0131 lezzetiyle tavuk severlere pratik ve i\u015ftah a\u00e7\u0131c\u0131 bir se\u00e7enek sunuyor. Y\u00fczde y\u00fcz helal tavuk etinden \u00fcretilen bu \u00f6zel \u00fcr\u00fcn, \u00f6nceden pi\u015firilip donduruldu\u011fu i\u00e7in mutfakta zaman kazand\u0131r\u0131r ve k\u0131sa s\u00fcrede servis edilmeye haz\u0131r hale gelir.\u00a0  D\u0131\u015f\u0131 lezzetli marine kaplamas\u0131yla \u00f6ne \u00e7\u0131kan, i\u00e7i ise yumu\u015fak kalan tavuk kanatlar\u0131ni hem g\u00fcnl\u00fck \u00f6\u011f\u00fcnlerde hem de at\u0131\u015ft\u0131rmal\u0131k sunumlarda tercih edilebilirsiniz. Bu \u00fcr\u00fcn, baharatl\u0131 tad\u0131 ve kolay haz\u0131rlan\u0131\u015f\u0131yla yo\u011fun g\u00fcnler i\u00e7in g\u00fc\u00e7l\u00fc bir alternatif.","og_url":"https:\/\/beynur.eu\/de\/produkt\/tavuk-kanatlari\/","og_site_name":"Beynur","article_modified_time":"2026-04-29T13:03:29+00:00","og_image":[{"width":1500,"height":1500,"url":"https:\/\/beynur.eu\/wp-content\/uploads\/2026\/02\/chixken-wings.jpg","type":"image\/jpeg"}],"twitter_card":"summary_large_image","twitter_misc":{"Gesch\u00e4tzte Lesezeit":"1\u00a0Minute"},"schema":{"@context":"https:\/\/schema.org","@graph":[{"@type":"WebPage","@id":"https:\/\/beynur.eu\/urun\/tavuk-kanatlari\/","url":"https:\/\/beynur.eu\/urun\/tavuk-kanatlari\/","name":"Tavuk Kanatlar\u0131 - Beynur","isPartOf":{"@id":"https:\/\/beynur.eu\/#website"},"primaryImageOfPage":{"@id":"https:\/\/beynur.eu\/urun\/tavuk-kanatlari\/#primaryimage"},"image":{"@id":"https:\/\/beynur.eu\/urun\/tavuk-kanatlari\/#primaryimage"},"thumbnailUrl":"https:\/\/beynur.eu\/wp-content\/uploads\/2026\/02\/chixken-wings.jpg","datePublished":"2026-02-04T15:04:56+00:00","dateModified":"2026-04-29T13:03:29+00:00","breadcrumb":{"@id":"https:\/\/beynur.eu\/urun\/tavuk-kanatlari\/#breadcrumb"},"inLanguage":"de","potentialAction":[{"@type":"ReadAction","target":["https:\/\/beynur.eu\/urun\/tavuk-kanatlari\/"]}]},{"@type":"ImageObject","inLanguage":"de","@id":"https:\/\/beynur.eu\/urun\/tavuk-kanatlari\/#primaryimage","url":"https:\/\/beynur.eu\/wp-content\/uploads\/2026\/02\/chixken-wings.jpg","contentUrl":"https:\/\/beynur.eu\/wp-content\/uploads\/2026\/02\/chixken-wings.jpg","width":1500,"height":1500,"caption":"Chicken Wings"},{"@type":"BreadcrumbList","@id":"https:\/\/beynur.eu\/urun\/tavuk-kanatlari\/#breadcrumb","itemListElement":[{"@type":"ListItem","position":1,"name":"Home","item":"https:\/\/beynur.eu\/"},{"@type":"ListItem","position":2,"name":"\u00dcr\u00fcnlerimiz","item":"https:\/\/beynur.eu\/en\/urunlerimiz\/"},{"@type":"ListItem","position":3,"name":"Tavuk Kanatlar\u0131"}]},{"@type":"WebSite","@id":"https:\/\/beynur.eu\/#website","url":"https:\/\/beynur.eu\/","name":"Beynur","description":"\u0130lk g\u00fcnk\u00fc a\u015fkla, muhte\u015fem tatlar.","potentialAction":[{"@type":"SearchAction","target":{"@type":"EntryPoint","urlTemplate":"https:\/\/beynur.eu\/?s={search_term_string}"},"query-input":{"@type":"PropertyValueSpecification","valueRequired":true,"valueName":"search_term_string"}}],"inLanguage":"de"}]}},"_links":{"self":[{"href":"https:\/\/beynur.eu\/de\/wp-json\/wp\/v2\/product\/1708","targetHints":{"allow":["GET"]}}],"collection":[{"href":"https:\/\/beynur.eu\/de\/wp-json\/wp\/v2\/product"}],"about":[{"href":"https:\/\/beynur.eu\/de\/wp-json\/wp\/v2\/types\/product"}],"wp:featuredmedia":[{"embeddable":true,"href":"https:\/\/beynur.eu\/de\/wp-json\/wp\/v2\/media\/1709"}],"wp:attachment":[{"href":"https:\/\/beynur.eu\/de\/wp-json\/wp\/v2\/media?parent=1708"}],"wp:term":[{"taxonomy":"product_brand","embeddable":true,"href":"https:\/\/beynur.eu\/de\/wp-json\/wp\/v2\/product_brand?post=1708"},{"taxonomy":"product_cat","embeddable":true,"href":"https:\/\/beynur.eu\/de\/wp-json\/wp\/v2\/product_cat?post=1708"},{"taxonomy":"product_tag","embeddable":true,"href":"https:\/\/beynur.eu\/de\/wp-json\/wp\/v2\/product_tag?post=1708"}],"curies":[{"name":"wp","href":"https:\/\/api.w.org\/{rel}","templated":true}]}}