{"id":171,"date":"2018-04-01T10:03:54","date_gmt":"2018-04-01T10:03:54","guid":{"rendered":"https:\/\/beynur.eu\/?post_type=product&#038;p=171"},"modified":"2026-03-12T11:18:41","modified_gmt":"2026-03-12T11:18:41","slug":"fleischroellchen-nach-urfa-art","status":"publish","type":"product","link":"https:\/\/beynur.eu\/de\/urun\/urfa-kebap\/","title":{"rendered":"Urfa Kebab"},"content":{"rendered":"<p>---<\/p>\n<p>Wie der Name auch verr\u00e4t, stammt diese K\u00f6stlichkeit aus Urfa. Dieses Fleischgericht ist vor allem f\u00fcr die Feinschmecker geeignet, die scharf nicht besonders m\u00f6gen. Urfa-Kebab ist sehr beliebt aber die Zubereitung ist eine Chefsache. Das Problem ist mit einem perfekten Produkt von Beynur schon l\u00e4ngst gel\u00f6st. Sie k\u00f6nnen diesen legend\u00e4ren Geschmack mit Salat der Saison und Ayran servieren und dadurch Ihrer Familie eine gesunde Mahlzeit zubereiten.<\/p>\n<p>Sie k\u00f6nnen die Frikadellen nach Izmir Art des Hauses auf Grill, im Backofen oder in einer Pfanne zubereiten. Mit diesen Frikadellen k\u00f6nnen Sie Ihr Bed\u00fcrfnis nach Proteinen ausgewogen decken und f\u00fcr Ihre Kinder Mahlzeiten zubereiten. Sie warten ungeduldig darauf. Unser Produkt wird nach islamischen Richtlinien produziert und ist halal.<\/p>\n<p>&nbsp;<\/p>\n<p><strong>Zubereitung:<\/strong><\/p>\n<p>Braten Sie die Frikadellen in einer mit wenig \u00d6l vorerhitzten Pfanne. Sie m\u00fcssen vor dem Essen gut durchgebraten worden sein. Das Produkt enth\u00e4lt Gluten und Soja.<\/p>\n<p>&nbsp;<\/p>\n<p><strong>Aufbewahrungsempfehlung:<\/strong><\/p>\n<p>2 Tage im K\u00fchlschrank<\/p>\n<p>In einem Gefrierschrank mit einem * eine Woche.<\/p>\n<p>In einem Gefrierschrank mit zwei ** eine Woche.<\/p>\n<p>In einem Gefrierschrank mit drei *** (-18C): Sehen Sie sich das Ablaufdatum an!<\/p>\n<p>Nach dem Auftauen nicht wieder einfrieren!<\/p>","protected":false},"excerpt":{"rendered":"<p>---<\/p>\n<p>Wie der Name auch verr\u00e4t, stammt diese K\u00f6stlichkeit aus Urfa. Dieses Fleischgericht ist vor allem f\u00fcr die Feinschmecker geeignet, die scharf nicht besonders m\u00f6gen. Urfa-Kebab ist sehr beliebt aber die Zubereitung ist eine Chefsache. Das Problem ist mit einem perfekten Produkt von Beynur schon l\u00e4ngst gel\u00f6st. Sie k\u00f6nnen diesen legend\u00e4ren Geschmack mit Salat der Saison und Ayran servieren und dadurch Ihrer Familie eine gesunde Mahlzeit zubereiten.<\/p>","protected":false},"featured_media":1744,"template":"","meta":[],"product_brand":[],"product_cat":[17],"product_tag":[],"class_list":{"0":"post-171","1":"product","2":"type-product","3":"status-publish","4":"has-post-thumbnail","6":"product_cat-et-urunleri","8":"first","9":"instock","10":"shipping-taxable","11":"product-type-simple"},"yoast_head":"<!-- This site is optimized with the Yoast SEO plugin v26.8 - https:\/\/yoast.com\/product\/yoast-seo-wordpress\/ -->\n<title>Urfa Kebap - Beynur<\/title>\n<meta name=\"robots\" content=\"index, follow, max-snippet:-1, max-image-preview:large, max-video-preview:-1\" \/>\n<link rel=\"canonical\" href=\"https:\/\/beynur.eu\/de\/produkt\/fleischroellchen-nach-urfa-art\/\" \/>\n<meta property=\"og:locale\" content=\"de_DE\" \/>\n<meta property=\"og:type\" content=\"article\" \/>\n<meta property=\"og:title\" content=\"Urfa Kebap - Beynur\" \/>\n<meta property=\"og:description\" content=\"\u015eanl\u0131urfa ve \u00e7evre illere \u00f6zg\u00fc kebap t\u00fcr\u00fcd\u00fcr. \u201cKebap\u201d ve \u201cUrfa\u201d kelimesi bulu\u015farak Urfa kebap ad\u0131n\u0131 do\u011furmu\u015ftur. Urfa kebap (ha\u015fha\u015f kebap) ac\u0131s\u0131z, z\u0131rhta \u00e7ekilmi\u015f sade kebaba verilen isimdir.  Herkes k\u00f6fte yemeyi ve yapmay\u0131 sever ama Urfa Kebap ehil ellerde yap\u0131lmal\u0131d\u0131r. G\u00fcneydo\u011fu mutfa\u011f\u0131n\u0131n en lezzetli yemeklerinden olup ad\u0131yla, tad\u0131yla t\u00fcm T\u00fcrkiye\u2019ye yay\u0131lan bir efsane lezzettir\u2026 Kebap keyfini evinizde ya\u015fatan Beynur Urfa Kebab\u0131 taze ye\u015fil mevsim salatas\u0131yla ve buz gibi ayranla servis yaparak ailenize sa\u011fl\u0131kl\u0131 bir \u00f6\u011f\u00fcn sunmu\u015f olursunuz.\" \/>\n<meta property=\"og:url\" content=\"https:\/\/beynur.eu\/de\/produkt\/fleischroellchen-nach-urfa-art\/\" \/>\n<meta property=\"og:site_name\" content=\"Beynur\" \/>\n<meta property=\"article:modified_time\" content=\"2026-03-12T11:18:41+00:00\" \/>\n<meta property=\"og:image\" content=\"https:\/\/beynur.eu\/wp-content\/uploads\/2018\/04\/Urfa-Kebap-1024x1024.png\" \/>\n\t<meta property=\"og:image:width\" content=\"1024\" \/>\n\t<meta property=\"og:image:height\" content=\"1024\" \/>\n\t<meta property=\"og:image:type\" content=\"image\/png\" \/>\n<meta name=\"twitter:card\" content=\"summary_large_image\" \/>\n<meta name=\"twitter:label1\" content=\"Gesch\u00e4tzte Lesezeit\" \/>\n\t<meta name=\"twitter:data1\" content=\"2\u00a0Minuten\" \/>\n<script type=\"application\/ld+json\" class=\"yoast-schema-graph\">{\"@context\":\"https:\/\/schema.org\",\"@graph\":[{\"@type\":\"WebPage\",\"@id\":\"https:\/\/beynur.eu\/urun\/urfa-kebap\/\",\"url\":\"https:\/\/beynur.eu\/urun\/urfa-kebap\/\",\"name\":\"Urfa Kebap - Beynur\",\"isPartOf\":{\"@id\":\"https:\/\/beynur.eu\/#website\"},\"primaryImageOfPage\":{\"@id\":\"https:\/\/beynur.eu\/urun\/urfa-kebap\/#primaryimage\"},\"image\":{\"@id\":\"https:\/\/beynur.eu\/urun\/urfa-kebap\/#primaryimage\"},\"thumbnailUrl\":\"https:\/\/beynur.eu\/wp-content\/uploads\/2018\/04\/Urfa-Kebap.png\",\"datePublished\":\"2018-04-01T10:03:54+00:00\",\"dateModified\":\"2026-03-12T11:18:41+00:00\",\"breadcrumb\":{\"@id\":\"https:\/\/beynur.eu\/urun\/urfa-kebap\/#breadcrumb\"},\"inLanguage\":\"de\",\"potentialAction\":[{\"@type\":\"ReadAction\",\"target\":[\"https:\/\/beynur.eu\/urun\/urfa-kebap\/\"]}]},{\"@type\":\"ImageObject\",\"inLanguage\":\"de\",\"@id\":\"https:\/\/beynur.eu\/urun\/urfa-kebap\/#primaryimage\",\"url\":\"https:\/\/beynur.eu\/wp-content\/uploads\/2018\/04\/Urfa-Kebap.png\",\"contentUrl\":\"https:\/\/beynur.eu\/wp-content\/uploads\/2018\/04\/Urfa-Kebap.png\",\"width\":2000,\"height\":2000},{\"@type\":\"BreadcrumbList\",\"@id\":\"https:\/\/beynur.eu\/urun\/urfa-kebap\/#breadcrumb\",\"itemListElement\":[{\"@type\":\"ListItem\",\"position\":1,\"name\":\"Home\",\"item\":\"https:\/\/beynur.eu\/\"},{\"@type\":\"ListItem\",\"position\":2,\"name\":\"\u00dcr\u00fcnlerimiz\",\"item\":\"https:\/\/beynur.eu\/en\/urunlerimiz\/\"},{\"@type\":\"ListItem\",\"position\":3,\"name\":\"Urfa Kebap\"}]},{\"@type\":\"WebSite\",\"@id\":\"https:\/\/beynur.eu\/#website\",\"url\":\"https:\/\/beynur.eu\/\",\"name\":\"Beynur\",\"description\":\"\u0130lk g\u00fcnk\u00fc a\u015fkla, muhte\u015fem tatlar.\",\"potentialAction\":[{\"@type\":\"SearchAction\",\"target\":{\"@type\":\"EntryPoint\",\"urlTemplate\":\"https:\/\/beynur.eu\/?s={search_term_string}\"},\"query-input\":{\"@type\":\"PropertyValueSpecification\",\"valueRequired\":true,\"valueName\":\"search_term_string\"}}],\"inLanguage\":\"de\"}]}<\/script>\n<!-- \/ Yoast SEO plugin. -->","yoast_head_json":{"title":"Urfa Kebap - Beynur","robots":{"index":"index","follow":"follow","max-snippet":"max-snippet:-1","max-image-preview":"max-image-preview:large","max-video-preview":"max-video-preview:-1"},"canonical":"https:\/\/beynur.eu\/de\/produkt\/fleischroellchen-nach-urfa-art\/","og_locale":"de_DE","og_type":"article","og_title":"Urfa Kebap - Beynur","og_description":"\u015eanl\u0131urfa ve \u00e7evre illere \u00f6zg\u00fc kebap t\u00fcr\u00fcd\u00fcr. \u201cKebap\u201d ve \u201cUrfa\u201d kelimesi bulu\u015farak Urfa kebap ad\u0131n\u0131 do\u011furmu\u015ftur. Urfa kebap (ha\u015fha\u015f kebap) ac\u0131s\u0131z, z\u0131rhta \u00e7ekilmi\u015f sade kebaba verilen isimdir.  Herkes k\u00f6fte yemeyi ve yapmay\u0131 sever ama Urfa Kebap ehil ellerde yap\u0131lmal\u0131d\u0131r. G\u00fcneydo\u011fu mutfa\u011f\u0131n\u0131n en lezzetli yemeklerinden olup ad\u0131yla, tad\u0131yla t\u00fcm T\u00fcrkiye\u2019ye yay\u0131lan bir efsane lezzettir\u2026 Kebap keyfini evinizde ya\u015fatan Beynur Urfa Kebab\u0131 taze ye\u015fil mevsim salatas\u0131yla ve buz gibi ayranla servis yaparak ailenize sa\u011fl\u0131kl\u0131 bir \u00f6\u011f\u00fcn sunmu\u015f olursunuz.","og_url":"https:\/\/beynur.eu\/de\/produkt\/fleischroellchen-nach-urfa-art\/","og_site_name":"Beynur","article_modified_time":"2026-03-12T11:18:41+00:00","og_image":[{"width":1024,"height":1024,"url":"https:\/\/beynur.eu\/wp-content\/uploads\/2018\/04\/Urfa-Kebap-1024x1024.png","type":"image\/png"}],"twitter_card":"summary_large_image","twitter_misc":{"Gesch\u00e4tzte Lesezeit":"2\u00a0Minuten"},"schema":{"@context":"https:\/\/schema.org","@graph":[{"@type":"WebPage","@id":"https:\/\/beynur.eu\/urun\/urfa-kebap\/","url":"https:\/\/beynur.eu\/urun\/urfa-kebap\/","name":"Urfa Kebap - Beynur","isPartOf":{"@id":"https:\/\/beynur.eu\/#website"},"primaryImageOfPage":{"@id":"https:\/\/beynur.eu\/urun\/urfa-kebap\/#primaryimage"},"image":{"@id":"https:\/\/beynur.eu\/urun\/urfa-kebap\/#primaryimage"},"thumbnailUrl":"https:\/\/beynur.eu\/wp-content\/uploads\/2018\/04\/Urfa-Kebap.png","datePublished":"2018-04-01T10:03:54+00:00","dateModified":"2026-03-12T11:18:41+00:00","breadcrumb":{"@id":"https:\/\/beynur.eu\/urun\/urfa-kebap\/#breadcrumb"},"inLanguage":"de","potentialAction":[{"@type":"ReadAction","target":["https:\/\/beynur.eu\/urun\/urfa-kebap\/"]}]},{"@type":"ImageObject","inLanguage":"de","@id":"https:\/\/beynur.eu\/urun\/urfa-kebap\/#primaryimage","url":"https:\/\/beynur.eu\/wp-content\/uploads\/2018\/04\/Urfa-Kebap.png","contentUrl":"https:\/\/beynur.eu\/wp-content\/uploads\/2018\/04\/Urfa-Kebap.png","width":2000,"height":2000},{"@type":"BreadcrumbList","@id":"https:\/\/beynur.eu\/urun\/urfa-kebap\/#breadcrumb","itemListElement":[{"@type":"ListItem","position":1,"name":"Home","item":"https:\/\/beynur.eu\/"},{"@type":"ListItem","position":2,"name":"\u00dcr\u00fcnlerimiz","item":"https:\/\/beynur.eu\/en\/urunlerimiz\/"},{"@type":"ListItem","position":3,"name":"Urfa Kebap"}]},{"@type":"WebSite","@id":"https:\/\/beynur.eu\/#website","url":"https:\/\/beynur.eu\/","name":"Beynur","description":"\u0130lk g\u00fcnk\u00fc a\u015fkla, muhte\u015fem tatlar.","potentialAction":[{"@type":"SearchAction","target":{"@type":"EntryPoint","urlTemplate":"https:\/\/beynur.eu\/?s={search_term_string}"},"query-input":{"@type":"PropertyValueSpecification","valueRequired":true,"valueName":"search_term_string"}}],"inLanguage":"de"}]}},"_links":{"self":[{"href":"https:\/\/beynur.eu\/de\/wp-json\/wp\/v2\/product\/171","targetHints":{"allow":["GET"]}}],"collection":[{"href":"https:\/\/beynur.eu\/de\/wp-json\/wp\/v2\/product"}],"about":[{"href":"https:\/\/beynur.eu\/de\/wp-json\/wp\/v2\/types\/product"}],"wp:featuredmedia":[{"embeddable":true,"href":"https:\/\/beynur.eu\/de\/wp-json\/wp\/v2\/media\/1744"}],"wp:attachment":[{"href":"https:\/\/beynur.eu\/de\/wp-json\/wp\/v2\/media?parent=171"}],"wp:term":[{"taxonomy":"product_brand","embeddable":true,"href":"https:\/\/beynur.eu\/de\/wp-json\/wp\/v2\/product_brand?post=171"},{"taxonomy":"product_cat","embeddable":true,"href":"https:\/\/beynur.eu\/de\/wp-json\/wp\/v2\/product_cat?post=171"},{"taxonomy":"product_tag","embeddable":true,"href":"https:\/\/beynur.eu\/de\/wp-json\/wp\/v2\/product_tag?post=171"}],"curies":[{"name":"wp","href":"https:\/\/api.w.org\/{rel}","templated":true}]}}