{"id":172,"date":"2018-04-01T10:05:09","date_gmt":"2018-04-01T10:05:09","guid":{"rendered":"https:\/\/beynur.eu\/?post_type=product&#038;p=172"},"modified":"2026-03-08T12:10:18","modified_gmt":"2026-03-08T12:10:18","slug":"inegol-kofte","status":"publish","type":"product","link":"https:\/\/beynur.eu\/de\/produkt\/frikadellen-nach-inegoel-art\/","title":{"rendered":"Inegol Fleischb\u00e4llchen"},"content":{"rendered":"<p>Frikadellen nach Ineg\u00f6l Art sind urspr\u00fcnglich eine K\u00f6stlichkeit aus Balkan-L\u00e4ndern. Vor 110 Jahren wurde dieser Geschmack von Balkan-T\u00fcrken in die T\u00fcrkei gebracht. Mittlerweile geh\u00f6rt diese K\u00f6stlichkeit zu den traditionellen Spezialit\u00e4ten der T\u00fcrkei.<\/p>\n<p>Beynur bringt diese unverzichtbare K\u00f6stlichkeit mit ihrem wahren Geschmack auf Ihren Esstisch. Die unvergessliche Harmonie von Kalbfleisch und Gew\u00fcrzen wird auch Sie s\u00fcchtig machen.<\/p>\n<p>Ineg\u00f6l-Frikadellen sind schmackhaft und praktisch zum Zubereiten. Sie k\u00f6nnen diese K\u00f6stlichkeiten mit Pommes Frites und Reis servieren und Ihren Kindern gro\u00dfe Freude bereiten.<\/p>\n<p>Unsere Ineg\u00f6l-Frikadellen k\u00f6nnen auf dem Grill, im Backofen oder in der Pfanne schnell und einfach zubereitet werden. So k\u00f6nnen Sie Ihr Bed\u00fcrfnis nach Proteinen ausgewogen decken und f\u00fcr Ihre Kinder unvergessliche Mahlzeiten zubereiten. Sie warten ungeduldig darauf. Bei unseren Produkten handelt es sich um Halal-Produkte, die wir nach islamischen Richtlinien produzieren.<\/p>\n<p>&nbsp;<\/p>\n<p><strong>Zubereitung:<\/strong><\/p>\n<p>Braten Sie die Frikadellen in einer mit wenig \u00d6l vorerhitzten Pfanne. Sie m\u00fcssen vor dem Essen gut durchgebraten worden sein. Das Produkt enth\u00e4lt Gluten und Soja.<\/p>\n<p>&nbsp;<\/p>\n<p><strong>Aufbewahrungsempfehlung:<\/strong><\/p>\n<p>2 Tage im K\u00fchlschrank<\/p>\n<p>In einem Gefrierschrank mit einem * eine Woche.<\/p>\n<p>In einem Gefrierschrank mit zwei ** eine Woche.<\/p>\n<p>In einem Gefrierschrank mit drei *** (-18C): Sehen Sie sich das Ablaufdatum an!<\/p>\n<p>Nach dem Auftauen nicht wieder einfrieren!<\/p>","protected":false},"excerpt":{"rendered":"<p>Frikadellen nach Ineg\u00f6l Art sind urspr\u00fcnglich eine K\u00f6stlichkeit aus Balkan-L\u00e4ndern. Vor 110 Jahren wurde dieser Geschmack von Balkan-T\u00fcrken in die T\u00fcrkei gebracht. Mittlerweile geh\u00f6rt diese K\u00f6stlichkeit zu den traditionellen Spezialit\u00e4ten der T\u00fcrkei.<\/p>\n<p>Beynur bringt diese unverzichtbare K\u00f6stlichkeit mit ihrem wahren Geschmack auf Ihren Esstisch. Die unvergessliche Harmonie von Kalbfleisch und Gew\u00fcrzen wird auch Sie s\u00fcchtig machen.<\/p>","protected":false},"featured_media":1682,"template":"","meta":[],"product_brand":[],"product_cat":[17],"product_tag":[],"class_list":{"0":"post-172","1":"product","2":"type-product","3":"status-publish","4":"has-post-thumbnail","6":"product_cat-et-urunleri","8":"first","9":"instock","10":"shipping-taxable","11":"product-type-simple"},"yoast_head":"<!-- This site is optimized with the Yoast SEO plugin v26.8 - https:\/\/yoast.com\/product\/yoast-seo-wordpress\/ -->\n<title>\u0130neg\u00f6l K\u00f6fte - Beynur<\/title>\n<meta name=\"robots\" content=\"index, follow, max-snippet:-1, max-image-preview:large, max-video-preview:-1\" \/>\n<link rel=\"canonical\" href=\"https:\/\/beynur.eu\/de\/produkt\/frikadellen-nach-inegoel-art\/\" \/>\n<meta property=\"og:locale\" content=\"de_DE\" \/>\n<meta property=\"og:type\" content=\"article\" \/>\n<meta property=\"og:title\" content=\"\u0130neg\u00f6l K\u00f6fte - Beynur\" \/>\n<meta property=\"og:description\" content=\"Geleneksel bir lezzet olan \u0130neg\u00f6l K\u00f6fte \u00a0900\u2019l\u00fc y\u0131llarda \u0130neg\u00f6l\u2019e g\u00f6\u00e7 eden Balkan T\u00fcrklerinin beraberlerinde getirdikleri vazge\u00e7ilmez bir lezzettir.  Beynur, 110 y\u0131ld\u0131r ku\u015faktan ku\u015fa\u011fa ya\u015fat\u0131lan bu lezzeti ger\u00e7ek tad\u0131nda sofralar\u0131n\u0131za getiriyor. Beynur \u0130neg\u00f6l K\u00f6fte\u2019nin lezzeti kuzu ve dana etinin belli bir oranda baharatla uyumundan gelir.\" \/>\n<meta property=\"og:url\" content=\"https:\/\/beynur.eu\/de\/produkt\/frikadellen-nach-inegoel-art\/\" \/>\n<meta property=\"og:site_name\" content=\"Beynur\" \/>\n<meta property=\"article:modified_time\" content=\"2026-03-08T12:10:18+00:00\" \/>\n<meta property=\"og:image\" content=\"https:\/\/beynur.eu\/wp-content\/uploads\/2018\/04\/inegol-kofte-3.jpg\" \/>\n\t<meta property=\"og:image:width\" content=\"1500\" \/>\n\t<meta property=\"og:image:height\" content=\"1500\" \/>\n\t<meta property=\"og:image:type\" content=\"image\/jpeg\" \/>\n<meta name=\"twitter:card\" content=\"summary_large_image\" \/>\n<meta name=\"twitter:label1\" content=\"Gesch\u00e4tzte Lesezeit\" \/>\n\t<meta name=\"twitter:data1\" content=\"2\u00a0Minuten\" \/>\n<script type=\"application\/ld+json\" class=\"yoast-schema-graph\">{\"@context\":\"https:\/\/schema.org\",\"@graph\":[{\"@type\":\"WebPage\",\"@id\":\"https:\/\/beynur.eu\/urun\/inegol-kofte\/\",\"url\":\"https:\/\/beynur.eu\/urun\/inegol-kofte\/\",\"name\":\"\u0130neg\u00f6l K\u00f6fte - Beynur\",\"isPartOf\":{\"@id\":\"https:\/\/beynur.eu\/#website\"},\"primaryImageOfPage\":{\"@id\":\"https:\/\/beynur.eu\/urun\/inegol-kofte\/#primaryimage\"},\"image\":{\"@id\":\"https:\/\/beynur.eu\/urun\/inegol-kofte\/#primaryimage\"},\"thumbnailUrl\":\"https:\/\/beynur.eu\/wp-content\/uploads\/2018\/04\/inegol-kofte-3.jpg\",\"datePublished\":\"2018-04-01T10:05:09+00:00\",\"dateModified\":\"2026-03-08T12:10:18+00:00\",\"breadcrumb\":{\"@id\":\"https:\/\/beynur.eu\/urun\/inegol-kofte\/#breadcrumb\"},\"inLanguage\":\"de\",\"potentialAction\":[{\"@type\":\"ReadAction\",\"target\":[\"https:\/\/beynur.eu\/urun\/inegol-kofte\/\"]}]},{\"@type\":\"ImageObject\",\"inLanguage\":\"de\",\"@id\":\"https:\/\/beynur.eu\/urun\/inegol-kofte\/#primaryimage\",\"url\":\"https:\/\/beynur.eu\/wp-content\/uploads\/2018\/04\/inegol-kofte-3.jpg\",\"contentUrl\":\"https:\/\/beynur.eu\/wp-content\/uploads\/2018\/04\/inegol-kofte-3.jpg\",\"width\":1500,\"height\":1500},{\"@type\":\"BreadcrumbList\",\"@id\":\"https:\/\/beynur.eu\/urun\/inegol-kofte\/#breadcrumb\",\"itemListElement\":[{\"@type\":\"ListItem\",\"position\":1,\"name\":\"Home\",\"item\":\"https:\/\/beynur.eu\/\"},{\"@type\":\"ListItem\",\"position\":2,\"name\":\"\u00dcr\u00fcnlerimiz\",\"item\":\"https:\/\/beynur.eu\/en\/urunlerimiz\/\"},{\"@type\":\"ListItem\",\"position\":3,\"name\":\"\u0130neg\u00f6l K\u00f6fte\"}]},{\"@type\":\"WebSite\",\"@id\":\"https:\/\/beynur.eu\/#website\",\"url\":\"https:\/\/beynur.eu\/\",\"name\":\"Beynur\",\"description\":\"\u0130lk g\u00fcnk\u00fc a\u015fkla, muhte\u015fem tatlar.\",\"potentialAction\":[{\"@type\":\"SearchAction\",\"target\":{\"@type\":\"EntryPoint\",\"urlTemplate\":\"https:\/\/beynur.eu\/?s={search_term_string}\"},\"query-input\":{\"@type\":\"PropertyValueSpecification\",\"valueRequired\":true,\"valueName\":\"search_term_string\"}}],\"inLanguage\":\"de\"}]}<\/script>\n<!-- \/ Yoast SEO plugin. -->","yoast_head_json":{"title":"\u0130neg\u00f6l K\u00f6fte - Beynur","robots":{"index":"index","follow":"follow","max-snippet":"max-snippet:-1","max-image-preview":"max-image-preview:large","max-video-preview":"max-video-preview:-1"},"canonical":"https:\/\/beynur.eu\/de\/produkt\/frikadellen-nach-inegoel-art\/","og_locale":"de_DE","og_type":"article","og_title":"\u0130neg\u00f6l K\u00f6fte - Beynur","og_description":"Geleneksel bir lezzet olan \u0130neg\u00f6l K\u00f6fte \u00a0900\u2019l\u00fc y\u0131llarda \u0130neg\u00f6l\u2019e g\u00f6\u00e7 eden Balkan T\u00fcrklerinin beraberlerinde getirdikleri vazge\u00e7ilmez bir lezzettir.  Beynur, 110 y\u0131ld\u0131r ku\u015faktan ku\u015fa\u011fa ya\u015fat\u0131lan bu lezzeti ger\u00e7ek tad\u0131nda sofralar\u0131n\u0131za getiriyor. Beynur \u0130neg\u00f6l K\u00f6fte\u2019nin lezzeti kuzu ve dana etinin belli bir oranda baharatla uyumundan gelir.","og_url":"https:\/\/beynur.eu\/de\/produkt\/frikadellen-nach-inegoel-art\/","og_site_name":"Beynur","article_modified_time":"2026-03-08T12:10:18+00:00","og_image":[{"width":1500,"height":1500,"url":"https:\/\/beynur.eu\/wp-content\/uploads\/2018\/04\/inegol-kofte-3.jpg","type":"image\/jpeg"}],"twitter_card":"summary_large_image","twitter_misc":{"Gesch\u00e4tzte Lesezeit":"2\u00a0Minuten"},"schema":{"@context":"https:\/\/schema.org","@graph":[{"@type":"WebPage","@id":"https:\/\/beynur.eu\/urun\/inegol-kofte\/","url":"https:\/\/beynur.eu\/urun\/inegol-kofte\/","name":"\u0130neg\u00f6l K\u00f6fte - Beynur","isPartOf":{"@id":"https:\/\/beynur.eu\/#website"},"primaryImageOfPage":{"@id":"https:\/\/beynur.eu\/urun\/inegol-kofte\/#primaryimage"},"image":{"@id":"https:\/\/beynur.eu\/urun\/inegol-kofte\/#primaryimage"},"thumbnailUrl":"https:\/\/beynur.eu\/wp-content\/uploads\/2018\/04\/inegol-kofte-3.jpg","datePublished":"2018-04-01T10:05:09+00:00","dateModified":"2026-03-08T12:10:18+00:00","breadcrumb":{"@id":"https:\/\/beynur.eu\/urun\/inegol-kofte\/#breadcrumb"},"inLanguage":"de","potentialAction":[{"@type":"ReadAction","target":["https:\/\/beynur.eu\/urun\/inegol-kofte\/"]}]},{"@type":"ImageObject","inLanguage":"de","@id":"https:\/\/beynur.eu\/urun\/inegol-kofte\/#primaryimage","url":"https:\/\/beynur.eu\/wp-content\/uploads\/2018\/04\/inegol-kofte-3.jpg","contentUrl":"https:\/\/beynur.eu\/wp-content\/uploads\/2018\/04\/inegol-kofte-3.jpg","width":1500,"height":1500},{"@type":"BreadcrumbList","@id":"https:\/\/beynur.eu\/urun\/inegol-kofte\/#breadcrumb","itemListElement":[{"@type":"ListItem","position":1,"name":"Home","item":"https:\/\/beynur.eu\/"},{"@type":"ListItem","position":2,"name":"\u00dcr\u00fcnlerimiz","item":"https:\/\/beynur.eu\/en\/urunlerimiz\/"},{"@type":"ListItem","position":3,"name":"\u0130neg\u00f6l K\u00f6fte"}]},{"@type":"WebSite","@id":"https:\/\/beynur.eu\/#website","url":"https:\/\/beynur.eu\/","name":"Beynur","description":"\u0130lk g\u00fcnk\u00fc a\u015fkla, muhte\u015fem tatlar.","potentialAction":[{"@type":"SearchAction","target":{"@type":"EntryPoint","urlTemplate":"https:\/\/beynur.eu\/?s={search_term_string}"},"query-input":{"@type":"PropertyValueSpecification","valueRequired":true,"valueName":"search_term_string"}}],"inLanguage":"de"}]}},"_links":{"self":[{"href":"https:\/\/beynur.eu\/de\/wp-json\/wp\/v2\/product\/172","targetHints":{"allow":["GET"]}}],"collection":[{"href":"https:\/\/beynur.eu\/de\/wp-json\/wp\/v2\/product"}],"about":[{"href":"https:\/\/beynur.eu\/de\/wp-json\/wp\/v2\/types\/product"}],"wp:featuredmedia":[{"embeddable":true,"href":"https:\/\/beynur.eu\/de\/wp-json\/wp\/v2\/media\/1682"}],"wp:attachment":[{"href":"https:\/\/beynur.eu\/de\/wp-json\/wp\/v2\/media?parent=172"}],"wp:term":[{"taxonomy":"product_brand","embeddable":true,"href":"https:\/\/beynur.eu\/de\/wp-json\/wp\/v2\/product_brand?post=172"},{"taxonomy":"product_cat","embeddable":true,"href":"https:\/\/beynur.eu\/de\/wp-json\/wp\/v2\/product_cat?post=172"},{"taxonomy":"product_tag","embeddable":true,"href":"https:\/\/beynur.eu\/de\/wp-json\/wp\/v2\/product_tag?post=172"}],"curies":[{"name":"wp","href":"https:\/\/api.w.org\/{rel}","templated":true}]}}