{"id":175,"date":"2018-04-01T10:08:18","date_gmt":"2018-04-01T10:08:18","guid":{"rendered":"https:\/\/beynur.eu\/?post_type=product&#038;p=175"},"modified":"2026-03-12T11:16:35","modified_gmt":"2026-03-12T11:16:35","slug":"dana-burger-12-adet","status":"publish","type":"product","link":"https:\/\/beynur.eu\/de\/produkt\/dana-burger-12-adet\/","title":{"rendered":"Rindfleischburger (12 St\u00fcck)"},"content":{"rendered":"<p>Wir haben eine gute Nachricht f\u00fcr die Feinschmecker, die vor allem Rindfleischburger m\u00f6gen! Beynur bietet Ihnen \u00fcberaus k\u00f6stliche und gesunde Rindfleischburger an, die Sie mit all Ihren Familienmitgliedern genie\u00dfen k\u00f6nnen!<\/p>\n<p>Diese Rindfleischburger verw\u00f6hnen den Gaumen und sind mit dieser Besonderheit nicht nur f\u00fcr Kinder, sondern auch f\u00fcr Erwachsene eine unverzichtbare Alternative. Wir bieten Ihnen diese K\u00f6stlichkeit als tiefgefrorenes Produkt in 780g-Packungen an. So k\u00f6nnen Sie Ihren unerwarteten G\u00e4sten m\u00fchelos eine unvergessliche Mahlzeit zubereiten.<\/p>\n<p>Unsere Rindfleischburger sind sowohl k\u00f6stlich als auch praktisch zum Zubereiten. Sie wurden nach islamischen Richtlinien produziert und beinhalten Eier und Milch (mit Laktose). Wir empfehlen Ihnen, die Rindfleischburger bis zum inneren Kern durchzubraten. Vermeiden Sie das Auftauen in der Packung.<\/p>\n<p>&nbsp;<\/p>\n<p><strong>Zubereitung:<\/strong><\/p>\n<p>Rindfleischburger sind geeignet zum Grillen, Backofen oder zur Fritteuse. F\u00fcr tiefgefrorene Rindfleischburger brauchen Sie in der Fritteuse 3 Minuten, f\u00fcr aufgetaute brauchen Sie hingegen nur 2 Minuten.<\/p>\n<p>&nbsp;<\/p>\n<p><strong>Aufbewahrungsempfehlung:<\/strong><\/p>\n<p>Gefrierschrank: bei -18 \u00b0C in 12 Monaten nach der Herstellung<\/p>\n<p>Tiefgefroren: 1 Monat bei -12\u00b0C<\/p>\n<p>K\u00fchlschrank: 2 Tage bei 7 \u00b0C<\/p>\n<p>Nach dem Auftauen nicht wieder einfrieren!<\/p>","protected":false},"excerpt":{"rendered":"<p>Wir haben eine gute Nachricht f\u00fcr die Feinschmecker, die vor allem Rindfleischburger m\u00f6gen! Beynur bietet Ihnen \u00fcberaus k\u00f6stliche und gesunde Rindfleischburger an, die Sie mit all Ihren Familienmitgliedern genie\u00dfen k\u00f6nnen!<\/p>\n<p>Diese Rindfleischburger verw\u00f6hnen den Gaumen und sind mit dieser Besonderheit nicht nur f\u00fcr Kinder, sondern auch f\u00fcr Erwachsene eine unverzichtbare Alternative. Wir bieten Ihnen diese K\u00f6stlichkeit als tiefgefrorenes Produkt in 780g-Packungen an. So k\u00f6nnen Sie Ihren unerwarteten G\u00e4sten m\u00fchelos eine unvergessliche Mahlzeit zubereiten.<\/p>","protected":false},"featured_media":1741,"template":"","meta":[],"product_brand":[],"product_cat":[17],"product_tag":[],"class_list":{"0":"post-175","1":"product","2":"type-product","3":"status-publish","4":"has-post-thumbnail","6":"product_cat-et-urunleri","8":"first","9":"instock","10":"shipping-taxable","11":"product-type-simple"},"yoast_head":"<!-- This site is optimized with the Yoast SEO plugin v26.8 - https:\/\/yoast.com\/product\/yoast-seo-wordpress\/ -->\n<title>Dana Burger (12 Adet) - Beynur<\/title>\n<meta name=\"robots\" content=\"index, follow, max-snippet:-1, max-image-preview:large, max-video-preview:-1\" \/>\n<link rel=\"canonical\" href=\"https:\/\/beynur.eu\/de\/produkt\/dana-burger-12-adet\/\" \/>\n<meta property=\"og:locale\" content=\"de_DE\" \/>\n<meta property=\"og:type\" content=\"article\" \/>\n<meta property=\"og:title\" content=\"Dana Burger (12 Adet) - Beynur\" \/>\n<meta property=\"og:description\" content=\"S\u0131\u011f\u0131r Burger severlere m\u00fcjde! Beynur\u2019dan g\u00f6n\u00fcl rahatl\u0131\u011f\u0131yla ailecek t\u00fcketilecek, lezzetli oldu\u011fu kadar sa\u011fl\u0131kl\u0131 da olan nefis S\u0131\u011f\u0131r Burgerler!  Damak tad\u0131n\u0131za uygun dana eti ile Beynur S\u0131\u011f\u0131r Burger, en az \u00e7ocuklar kadar yeti\u015fkinler i\u00e7in de iyi bir alternatif. Sizler i\u00e7in 780gr\u2019l\u0131k paketlerde dondurulmu\u015f olarak haz\u0131rlanan bu lezzetli \u00fcr\u00fcn ile; davetsiz misafirlerinize g\u00fcn boyu kolay bir \u015fekilde enfes sofralar haz\u0131rlayabileceksiniz.\" \/>\n<meta property=\"og:url\" content=\"https:\/\/beynur.eu\/de\/produkt\/dana-burger-12-adet\/\" \/>\n<meta property=\"og:site_name\" content=\"Beynur\" \/>\n<meta property=\"article:modified_time\" content=\"2026-03-12T11:16:35+00:00\" \/>\n<meta property=\"og:image\" content=\"https:\/\/beynur.eu\/wp-content\/uploads\/2018\/04\/Dana-Burger-12-1024x1024.png\" \/>\n\t<meta property=\"og:image:width\" content=\"1024\" \/>\n\t<meta property=\"og:image:height\" content=\"1024\" \/>\n\t<meta property=\"og:image:type\" content=\"image\/png\" \/>\n<meta name=\"twitter:card\" content=\"summary_large_image\" \/>\n<meta name=\"twitter:label1\" content=\"Gesch\u00e4tzte Lesezeit\" \/>\n\t<meta name=\"twitter:data1\" content=\"1\u00a0Minute\" \/>\n<script type=\"application\/ld+json\" class=\"yoast-schema-graph\">{\"@context\":\"https:\/\/schema.org\",\"@graph\":[{\"@type\":\"WebPage\",\"@id\":\"https:\/\/beynur.eu\/urun\/dana-burger-12-adet\/\",\"url\":\"https:\/\/beynur.eu\/urun\/dana-burger-12-adet\/\",\"name\":\"Dana Burger (12 Adet) - Beynur\",\"isPartOf\":{\"@id\":\"https:\/\/beynur.eu\/#website\"},\"primaryImageOfPage\":{\"@id\":\"https:\/\/beynur.eu\/urun\/dana-burger-12-adet\/#primaryimage\"},\"image\":{\"@id\":\"https:\/\/beynur.eu\/urun\/dana-burger-12-adet\/#primaryimage\"},\"thumbnailUrl\":\"https:\/\/beynur.eu\/wp-content\/uploads\/2018\/04\/Dana-Burger-12.png\",\"datePublished\":\"2018-04-01T10:08:18+00:00\",\"dateModified\":\"2026-03-12T11:16:35+00:00\",\"breadcrumb\":{\"@id\":\"https:\/\/beynur.eu\/urun\/dana-burger-12-adet\/#breadcrumb\"},\"inLanguage\":\"de\",\"potentialAction\":[{\"@type\":\"ReadAction\",\"target\":[\"https:\/\/beynur.eu\/urun\/dana-burger-12-adet\/\"]}]},{\"@type\":\"ImageObject\",\"inLanguage\":\"de\",\"@id\":\"https:\/\/beynur.eu\/urun\/dana-burger-12-adet\/#primaryimage\",\"url\":\"https:\/\/beynur.eu\/wp-content\/uploads\/2018\/04\/Dana-Burger-12.png\",\"contentUrl\":\"https:\/\/beynur.eu\/wp-content\/uploads\/2018\/04\/Dana-Burger-12.png\",\"width\":2000,\"height\":2000},{\"@type\":\"BreadcrumbList\",\"@id\":\"https:\/\/beynur.eu\/urun\/dana-burger-12-adet\/#breadcrumb\",\"itemListElement\":[{\"@type\":\"ListItem\",\"position\":1,\"name\":\"Home\",\"item\":\"https:\/\/beynur.eu\/\"},{\"@type\":\"ListItem\",\"position\":2,\"name\":\"\u00dcr\u00fcnlerimiz\",\"item\":\"https:\/\/beynur.eu\/en\/urunlerimiz\/\"},{\"@type\":\"ListItem\",\"position\":3,\"name\":\"Dana Burger (12 Adet)\"}]},{\"@type\":\"WebSite\",\"@id\":\"https:\/\/beynur.eu\/#website\",\"url\":\"https:\/\/beynur.eu\/\",\"name\":\"Beynur\",\"description\":\"\u0130lk g\u00fcnk\u00fc a\u015fkla, muhte\u015fem tatlar.\",\"potentialAction\":[{\"@type\":\"SearchAction\",\"target\":{\"@type\":\"EntryPoint\",\"urlTemplate\":\"https:\/\/beynur.eu\/?s={search_term_string}\"},\"query-input\":{\"@type\":\"PropertyValueSpecification\",\"valueRequired\":true,\"valueName\":\"search_term_string\"}}],\"inLanguage\":\"de\"}]}<\/script>\n<!-- \/ Yoast SEO plugin. -->","yoast_head_json":{"title":"Dana Burger (12 Adet) - Beynur","robots":{"index":"index","follow":"follow","max-snippet":"max-snippet:-1","max-image-preview":"max-image-preview:large","max-video-preview":"max-video-preview:-1"},"canonical":"https:\/\/beynur.eu\/de\/produkt\/dana-burger-12-adet\/","og_locale":"de_DE","og_type":"article","og_title":"Dana Burger (12 Adet) - Beynur","og_description":"S\u0131\u011f\u0131r Burger severlere m\u00fcjde! Beynur\u2019dan g\u00f6n\u00fcl rahatl\u0131\u011f\u0131yla ailecek t\u00fcketilecek, lezzetli oldu\u011fu kadar sa\u011fl\u0131kl\u0131 da olan nefis S\u0131\u011f\u0131r Burgerler!  Damak tad\u0131n\u0131za uygun dana eti ile Beynur S\u0131\u011f\u0131r Burger, en az \u00e7ocuklar kadar yeti\u015fkinler i\u00e7in de iyi bir alternatif. Sizler i\u00e7in 780gr\u2019l\u0131k paketlerde dondurulmu\u015f olarak haz\u0131rlanan bu lezzetli \u00fcr\u00fcn ile; davetsiz misafirlerinize g\u00fcn boyu kolay bir \u015fekilde enfes sofralar haz\u0131rlayabileceksiniz.","og_url":"https:\/\/beynur.eu\/de\/produkt\/dana-burger-12-adet\/","og_site_name":"Beynur","article_modified_time":"2026-03-12T11:16:35+00:00","og_image":[{"width":1024,"height":1024,"url":"https:\/\/beynur.eu\/wp-content\/uploads\/2018\/04\/Dana-Burger-12-1024x1024.png","type":"image\/png"}],"twitter_card":"summary_large_image","twitter_misc":{"Gesch\u00e4tzte Lesezeit":"1\u00a0Minute"},"schema":{"@context":"https:\/\/schema.org","@graph":[{"@type":"WebPage","@id":"https:\/\/beynur.eu\/urun\/dana-burger-12-adet\/","url":"https:\/\/beynur.eu\/urun\/dana-burger-12-adet\/","name":"Dana Burger (12 Adet) - Beynur","isPartOf":{"@id":"https:\/\/beynur.eu\/#website"},"primaryImageOfPage":{"@id":"https:\/\/beynur.eu\/urun\/dana-burger-12-adet\/#primaryimage"},"image":{"@id":"https:\/\/beynur.eu\/urun\/dana-burger-12-adet\/#primaryimage"},"thumbnailUrl":"https:\/\/beynur.eu\/wp-content\/uploads\/2018\/04\/Dana-Burger-12.png","datePublished":"2018-04-01T10:08:18+00:00","dateModified":"2026-03-12T11:16:35+00:00","breadcrumb":{"@id":"https:\/\/beynur.eu\/urun\/dana-burger-12-adet\/#breadcrumb"},"inLanguage":"de","potentialAction":[{"@type":"ReadAction","target":["https:\/\/beynur.eu\/urun\/dana-burger-12-adet\/"]}]},{"@type":"ImageObject","inLanguage":"de","@id":"https:\/\/beynur.eu\/urun\/dana-burger-12-adet\/#primaryimage","url":"https:\/\/beynur.eu\/wp-content\/uploads\/2018\/04\/Dana-Burger-12.png","contentUrl":"https:\/\/beynur.eu\/wp-content\/uploads\/2018\/04\/Dana-Burger-12.png","width":2000,"height":2000},{"@type":"BreadcrumbList","@id":"https:\/\/beynur.eu\/urun\/dana-burger-12-adet\/#breadcrumb","itemListElement":[{"@type":"ListItem","position":1,"name":"Home","item":"https:\/\/beynur.eu\/"},{"@type":"ListItem","position":2,"name":"\u00dcr\u00fcnlerimiz","item":"https:\/\/beynur.eu\/en\/urunlerimiz\/"},{"@type":"ListItem","position":3,"name":"Dana Burger (12 Adet)"}]},{"@type":"WebSite","@id":"https:\/\/beynur.eu\/#website","url":"https:\/\/beynur.eu\/","name":"Beynur","description":"\u0130lk g\u00fcnk\u00fc a\u015fkla, muhte\u015fem tatlar.","potentialAction":[{"@type":"SearchAction","target":{"@type":"EntryPoint","urlTemplate":"https:\/\/beynur.eu\/?s={search_term_string}"},"query-input":{"@type":"PropertyValueSpecification","valueRequired":true,"valueName":"search_term_string"}}],"inLanguage":"de"}]}},"_links":{"self":[{"href":"https:\/\/beynur.eu\/de\/wp-json\/wp\/v2\/product\/175","targetHints":{"allow":["GET"]}}],"collection":[{"href":"https:\/\/beynur.eu\/de\/wp-json\/wp\/v2\/product"}],"about":[{"href":"https:\/\/beynur.eu\/de\/wp-json\/wp\/v2\/types\/product"}],"wp:featuredmedia":[{"embeddable":true,"href":"https:\/\/beynur.eu\/de\/wp-json\/wp\/v2\/media\/1741"}],"wp:attachment":[{"href":"https:\/\/beynur.eu\/de\/wp-json\/wp\/v2\/media?parent=175"}],"wp:term":[{"taxonomy":"product_brand","embeddable":true,"href":"https:\/\/beynur.eu\/de\/wp-json\/wp\/v2\/product_brand?post=175"},{"taxonomy":"product_cat","embeddable":true,"href":"https:\/\/beynur.eu\/de\/wp-json\/wp\/v2\/product_cat?post=175"},{"taxonomy":"product_tag","embeddable":true,"href":"https:\/\/beynur.eu\/de\/wp-json\/wp\/v2\/product_tag?post=175"}],"curies":[{"name":"wp","href":"https:\/\/api.w.org\/{rel}","templated":true}]}}