{"id":744,"date":"2020-12-02T12:41:54","date_gmt":"2020-12-02T12:41:54","guid":{"rendered":"https:\/\/beynur.eu\/?post_type=product&#038;p=744"},"modified":"2026-04-29T11:37:32","modified_gmt":"2026-04-29T11:37:32","slug":"et-doner","status":"publish","type":"product","link":"https:\/\/beynur.eu\/de\/urun\/et-doner\/","title":{"rendered":"Fleischd\u00f6ner"},"content":{"rendered":"<p><b>Dondurulmu\u015f Et D\u00f6ner<\/b><b><br \/>\n<\/b><span style=\"font-weight: 400;\">Beynur Dondurulmu\u015f Et D\u00f6ner, d\u00f6nerin sevilen lezzetini pratik ve h\u0131zl\u0131 bir \u015fekilde sofralar\u0131n\u0131za ta\u015f\u0131yor. Bu \u00fcr\u00fcn, yo\u011fun et tad\u0131, dengeli baharat yap\u0131s\u0131 ve kolay haz\u0131rlan\u0131\u015f\u0131yla hem g\u00fcnl\u00fck \u00f6\u011f\u00fcnlerde hem de h\u0131zl\u0131 servis gereken anlar i\u00e7in ideal bir se\u00e7enek. Pi\u015firmeye haz\u0131r formu sayesinde mutfakta uzun haz\u0131rl\u0131k s\u00fcre\u00e7lerine ihtiya\u00e7 duymadan k\u0131sa s\u00fcrede lezzetli sonu\u00e7lar elde edebilirsiniz.\u00a0<\/span><\/p>\n<p><span style=\"font-weight: 400;\">\u00dcr\u00fcn\u00fcm\u00fcz, %100 helal olup yaln\u0131zca dana etinden \u00fcretilir. Net a\u011f\u0131rl\u0131\u011f\u0131 600 g olan bu \u00fcr\u00fcn, pratik kullan\u0131m\u0131yla her zaman elinizin alt\u0131nda bulunabilecek lezzetli bir alternatif.<\/span><\/p>\n<p><b>Verwendungsempfehlungen<\/b><b><br \/>\n<\/b><span style=\"font-weight: 400;\">Beynur Dondurulmu\u015f Et D\u00f6ner\u2019i tavada, f\u0131r\u0131nda veya mikrodalgada \u0131s\u0131tarak kolayca haz\u0131rlayabilirsiniz. Mikrodalga f\u0131r\u0131nda donmu\u015f kebab\u0131 400 Watt s\u0131cakl\u0131kta 4 dakika, donu \u00e7\u00f6z\u00fclm\u00fc\u015f halde 1 dakika boyunca \u0131s\u0131t\u0131n.\u00a0\u00dcr\u00fcn\u00fcm\u00fcz\u00fc lava\u015f, pide ya da pilav e\u015fli\u011finde servis edebilir; sandvi\u00e7lerde, d\u00fcr\u00fcmlerde veya tabak sunumlar\u0131nda rahatl\u0131kla kullanabilirsiniz. Domates, so\u011fan, tur\u015fu ve yo\u011furtlu soslarla bir araya getirerek daha zengin ve i\u015ftah a\u00e7\u0131c\u0131 \u00f6\u011f\u00fcnler haz\u0131rlayabilirsiniz.\u00a0<\/span><\/p>\n<p><b>Aufbewahrungshinweise<\/b><\/p>\n<ul>\n<li style=\"font-weight: 400;\" aria-level=\"1\"><span style=\"font-weight: 400;\">\u00dcr\u00fcn\u00fc \u00e7\u00f6zd\u00fcrmeden buzdolab\u0131nda 2 g\u00fcn, tek y\u0131ld\u0131zl\u0131 dondurucuda bir hafta, \u00e7ift y\u0131ld\u0131zl\u0131 dondurucuda 2 hafta, 3 y\u0131ld\u0131zl\u0131 dondurucuda -18C&#8217;de muhafaza edin.<\/span><\/li>\n<li style=\"font-weight: 400;\" aria-level=\"1\"><span style=\"font-weight: 400;\">Die Verpackung nach dem \u00d6ffnen sorgf\u00e4ltig verschlie\u00dfen.<\/span><\/li>\n<li style=\"font-weight: 400;\" aria-level=\"1\"><span style=\"font-weight: 400;\">Nach dem Auftauen nicht wieder einfrieren!<\/span><\/li>\n<li style=\"font-weight: 400;\" aria-level=\"1\"><span style=\"font-weight: 400;\">Das Produkt unter den empfohlenen Lagerbedingungen aufbewahren.<\/span><\/li>\n<li style=\"font-weight: 400;\" aria-level=\"1\"><span style=\"font-weight: 400;\">Bis zum Verbrauch tiefgek\u00fchlt lagern.<\/span><\/li>\n<\/ul>\n<p>&nbsp;<\/p>","protected":false},"excerpt":{"rendered":"<p>Beynur Et D\u00f6ner Kebap 800gr\u2019l\u0131k paketi beyaz et ihtiyac\u0131n\u0131z\u0131 sa\u011fl\u0131kl\u0131 bir \u015fekilde giderir. Pratik kullan\u0131m\u0131 ile \u00e7ocuklar\u0131n\u0131z\u0131n damak tad\u0131na uygun olup ortalama besin de\u011ferlerinde sa\u011fl\u0131\u011f\u0131n\u0131za sa\u011fl\u0131k katar. Beynur Kebap ile davetsiz misafirleriniz i\u00e7in k\u0131sa s\u00fcrede g\u00fczel bir sofra haz\u0131rlayarak e\u015fsiz ve farkl\u0131 soslarla konuklar\u0131n\u0131z\u0131 \u015fa\u015f\u0131rtabilirsiniz.<\/p>\n<p>Hem \u00e7ok pratik hem de leziz olan Beynur Et D\u00f6ner Kebap \u0130slami usullere uygun \u015fekilde \u00fcretilmi\u015ftir.<\/p>","protected":false},"featured_media":1743,"template":"","meta":[],"product_brand":[],"product_cat":[17],"product_tag":[],"class_list":{"0":"post-744","1":"product","2":"type-product","3":"status-publish","4":"has-post-thumbnail","6":"product_cat-et-urunleri","8":"first","9":"instock","10":"shipping-taxable","11":"product-type-simple"},"yoast_head":"<!-- This site is optimized with the Yoast SEO plugin v26.8 - https:\/\/yoast.com\/product\/yoast-seo-wordpress\/ -->\n<title>Et D\u00f6ner - Beynur<\/title>\n<meta name=\"robots\" content=\"index, follow, max-snippet:-1, max-image-preview:large, max-video-preview:-1\" \/>\n<link rel=\"canonical\" href=\"https:\/\/beynur.eu\/de\/produkt\/et-doner\/\" \/>\n<meta property=\"og:locale\" content=\"de_DE\" \/>\n<meta property=\"og:type\" content=\"article\" \/>\n<meta property=\"og:title\" content=\"Et D\u00f6ner - Beynur\" \/>\n<meta property=\"og:description\" content=\"Beynur Et D\u00f6ner Kebap 800gr\u2019l\u0131k paketi beyaz et ihtiyac\u0131n\u0131z\u0131 sa\u011fl\u0131kl\u0131 bir \u015fekilde giderir. Pratik kullan\u0131m\u0131 ile \u00e7ocuklar\u0131n\u0131z\u0131n damak tad\u0131na uygun olup ortalama besin de\u011ferlerinde sa\u011fl\u0131\u011f\u0131n\u0131za sa\u011fl\u0131k katar. Beynur Kebap ile davetsiz misafirleriniz i\u00e7in k\u0131sa s\u00fcrede g\u00fczel bir sofra haz\u0131rlayarak e\u015fsiz ve farkl\u0131 soslarla konuklar\u0131n\u0131z\u0131 \u015fa\u015f\u0131rtabilirsiniz.  Hem \u00e7ok pratik hem de leziz olan Beynur Et D\u00f6ner Kebap \u0130slami usullere uygun \u015fekilde \u00fcretilmi\u015ftir.\" \/>\n<meta property=\"og:url\" content=\"https:\/\/beynur.eu\/de\/produkt\/et-doner\/\" \/>\n<meta property=\"og:site_name\" content=\"Beynur\" \/>\n<meta property=\"article:modified_time\" content=\"2026-04-29T11:37:32+00:00\" \/>\n<meta property=\"og:image\" content=\"https:\/\/beynur.eu\/wp-content\/uploads\/2020\/12\/Et-Doner-1024x1024.png\" \/>\n\t<meta property=\"og:image:width\" content=\"1024\" \/>\n\t<meta property=\"og:image:height\" content=\"1024\" \/>\n\t<meta property=\"og:image:type\" content=\"image\/png\" \/>\n<meta name=\"twitter:card\" content=\"summary_large_image\" \/>\n<meta name=\"twitter:label1\" content=\"Gesch\u00e4tzte Lesezeit\" \/>\n\t<meta name=\"twitter:data1\" content=\"2\u00a0Minuten\" \/>\n<script type=\"application\/ld+json\" class=\"yoast-schema-graph\">{\"@context\":\"https:\/\/schema.org\",\"@graph\":[{\"@type\":\"WebPage\",\"@id\":\"https:\/\/beynur.eu\/urun\/et-doner\/\",\"url\":\"https:\/\/beynur.eu\/urun\/et-doner\/\",\"name\":\"Et D\u00f6ner - Beynur\",\"isPartOf\":{\"@id\":\"https:\/\/beynur.eu\/#website\"},\"primaryImageOfPage\":{\"@id\":\"https:\/\/beynur.eu\/urun\/et-doner\/#primaryimage\"},\"image\":{\"@id\":\"https:\/\/beynur.eu\/urun\/et-doner\/#primaryimage\"},\"thumbnailUrl\":\"https:\/\/beynur.eu\/wp-content\/uploads\/2020\/12\/Et-Doner.png\",\"datePublished\":\"2020-12-02T12:41:54+00:00\",\"dateModified\":\"2026-04-29T11:37:32+00:00\",\"breadcrumb\":{\"@id\":\"https:\/\/beynur.eu\/urun\/et-doner\/#breadcrumb\"},\"inLanguage\":\"de\",\"potentialAction\":[{\"@type\":\"ReadAction\",\"target\":[\"https:\/\/beynur.eu\/urun\/et-doner\/\"]}]},{\"@type\":\"ImageObject\",\"inLanguage\":\"de\",\"@id\":\"https:\/\/beynur.eu\/urun\/et-doner\/#primaryimage\",\"url\":\"https:\/\/beynur.eu\/wp-content\/uploads\/2020\/12\/Et-Doner.png\",\"contentUrl\":\"https:\/\/beynur.eu\/wp-content\/uploads\/2020\/12\/Et-Doner.png\",\"width\":2000,\"height\":2000},{\"@type\":\"BreadcrumbList\",\"@id\":\"https:\/\/beynur.eu\/urun\/et-doner\/#breadcrumb\",\"itemListElement\":[{\"@type\":\"ListItem\",\"position\":1,\"name\":\"Home\",\"item\":\"https:\/\/beynur.eu\/\"},{\"@type\":\"ListItem\",\"position\":2,\"name\":\"\u00dcr\u00fcnlerimiz\",\"item\":\"https:\/\/beynur.eu\/en\/urunlerimiz\/\"},{\"@type\":\"ListItem\",\"position\":3,\"name\":\"Et D\u00f6ner\"}]},{\"@type\":\"WebSite\",\"@id\":\"https:\/\/beynur.eu\/#website\",\"url\":\"https:\/\/beynur.eu\/\",\"name\":\"Beynur\",\"description\":\"\u0130lk g\u00fcnk\u00fc a\u015fkla, muhte\u015fem tatlar.\",\"potentialAction\":[{\"@type\":\"SearchAction\",\"target\":{\"@type\":\"EntryPoint\",\"urlTemplate\":\"https:\/\/beynur.eu\/?s={search_term_string}\"},\"query-input\":{\"@type\":\"PropertyValueSpecification\",\"valueRequired\":true,\"valueName\":\"search_term_string\"}}],\"inLanguage\":\"de\"}]}<\/script>\n<!-- \/ Yoast SEO plugin. -->","yoast_head_json":{"title":"Et D\u00f6ner - Beynur","robots":{"index":"index","follow":"follow","max-snippet":"max-snippet:-1","max-image-preview":"max-image-preview:large","max-video-preview":"max-video-preview:-1"},"canonical":"https:\/\/beynur.eu\/de\/produkt\/et-doner\/","og_locale":"de_DE","og_type":"article","og_title":"Et D\u00f6ner - Beynur","og_description":"Beynur Et D\u00f6ner Kebap 800gr\u2019l\u0131k paketi beyaz et ihtiyac\u0131n\u0131z\u0131 sa\u011fl\u0131kl\u0131 bir \u015fekilde giderir. Pratik kullan\u0131m\u0131 ile \u00e7ocuklar\u0131n\u0131z\u0131n damak tad\u0131na uygun olup ortalama besin de\u011ferlerinde sa\u011fl\u0131\u011f\u0131n\u0131za sa\u011fl\u0131k katar. Beynur Kebap ile davetsiz misafirleriniz i\u00e7in k\u0131sa s\u00fcrede g\u00fczel bir sofra haz\u0131rlayarak e\u015fsiz ve farkl\u0131 soslarla konuklar\u0131n\u0131z\u0131 \u015fa\u015f\u0131rtabilirsiniz.  Hem \u00e7ok pratik hem de leziz olan Beynur Et D\u00f6ner Kebap \u0130slami usullere uygun \u015fekilde \u00fcretilmi\u015ftir.","og_url":"https:\/\/beynur.eu\/de\/produkt\/et-doner\/","og_site_name":"Beynur","article_modified_time":"2026-04-29T11:37:32+00:00","og_image":[{"width":1024,"height":1024,"url":"https:\/\/beynur.eu\/wp-content\/uploads\/2020\/12\/Et-Doner-1024x1024.png","type":"image\/png"}],"twitter_card":"summary_large_image","twitter_misc":{"Gesch\u00e4tzte Lesezeit":"2\u00a0Minuten"},"schema":{"@context":"https:\/\/schema.org","@graph":[{"@type":"WebPage","@id":"https:\/\/beynur.eu\/urun\/et-doner\/","url":"https:\/\/beynur.eu\/urun\/et-doner\/","name":"Et D\u00f6ner - Beynur","isPartOf":{"@id":"https:\/\/beynur.eu\/#website"},"primaryImageOfPage":{"@id":"https:\/\/beynur.eu\/urun\/et-doner\/#primaryimage"},"image":{"@id":"https:\/\/beynur.eu\/urun\/et-doner\/#primaryimage"},"thumbnailUrl":"https:\/\/beynur.eu\/wp-content\/uploads\/2020\/12\/Et-Doner.png","datePublished":"2020-12-02T12:41:54+00:00","dateModified":"2026-04-29T11:37:32+00:00","breadcrumb":{"@id":"https:\/\/beynur.eu\/urun\/et-doner\/#breadcrumb"},"inLanguage":"de","potentialAction":[{"@type":"ReadAction","target":["https:\/\/beynur.eu\/urun\/et-doner\/"]}]},{"@type":"ImageObject","inLanguage":"de","@id":"https:\/\/beynur.eu\/urun\/et-doner\/#primaryimage","url":"https:\/\/beynur.eu\/wp-content\/uploads\/2020\/12\/Et-Doner.png","contentUrl":"https:\/\/beynur.eu\/wp-content\/uploads\/2020\/12\/Et-Doner.png","width":2000,"height":2000},{"@type":"BreadcrumbList","@id":"https:\/\/beynur.eu\/urun\/et-doner\/#breadcrumb","itemListElement":[{"@type":"ListItem","position":1,"name":"Home","item":"https:\/\/beynur.eu\/"},{"@type":"ListItem","position":2,"name":"\u00dcr\u00fcnlerimiz","item":"https:\/\/beynur.eu\/en\/urunlerimiz\/"},{"@type":"ListItem","position":3,"name":"Et D\u00f6ner"}]},{"@type":"WebSite","@id":"https:\/\/beynur.eu\/#website","url":"https:\/\/beynur.eu\/","name":"Beynur","description":"\u0130lk g\u00fcnk\u00fc a\u015fkla, muhte\u015fem tatlar.","potentialAction":[{"@type":"SearchAction","target":{"@type":"EntryPoint","urlTemplate":"https:\/\/beynur.eu\/?s={search_term_string}"},"query-input":{"@type":"PropertyValueSpecification","valueRequired":true,"valueName":"search_term_string"}}],"inLanguage":"de"}]}},"_links":{"self":[{"href":"https:\/\/beynur.eu\/de\/wp-json\/wp\/v2\/product\/744","targetHints":{"allow":["GET"]}}],"collection":[{"href":"https:\/\/beynur.eu\/de\/wp-json\/wp\/v2\/product"}],"about":[{"href":"https:\/\/beynur.eu\/de\/wp-json\/wp\/v2\/types\/product"}],"wp:featuredmedia":[{"embeddable":true,"href":"https:\/\/beynur.eu\/de\/wp-json\/wp\/v2\/media\/1743"}],"wp:attachment":[{"href":"https:\/\/beynur.eu\/de\/wp-json\/wp\/v2\/media?parent=744"}],"wp:term":[{"taxonomy":"product_brand","embeddable":true,"href":"https:\/\/beynur.eu\/de\/wp-json\/wp\/v2\/product_brand?post=744"},{"taxonomy":"product_cat","embeddable":true,"href":"https:\/\/beynur.eu\/de\/wp-json\/wp\/v2\/product_cat?post=744"},{"taxonomy":"product_tag","embeddable":true,"href":"https:\/\/beynur.eu\/de\/wp-json\/wp\/v2\/product_tag?post=744"}],"curies":[{"name":"wp","href":"https:\/\/api.w.org\/{rel}","templated":true}]}}