{"id":844,"date":"2021-10-26T10:44:24","date_gmt":"2021-10-26T10:44:24","guid":{"rendered":"https:\/\/beynur.eu\/?post_type=product&#038;p=844"},"modified":"2026-05-05T10:32:23","modified_gmt":"2026-05-05T10:32:23","slug":"okra","status":"publish","type":"product","link":"https:\/\/beynur.eu\/de\/urun\/bamya\/","title":{"rendered":"Feine Okra"},"content":{"rendered":"<p><b>Verwendungsempfehlungen<\/b><\/p>\n<p><span style=\"font-weight: 400;\">Tiefgek\u00fchlte Okra eignet sich hervorragend f\u00fcr klassische Gerichte wie Okra in Oliven\u00f6l, Okra mit Fleisch oder s\u00e4uerliche Okra-Gerichte. Sie k\u00f6nnen das Produkt direkt in den Topf geben und ganz unkompliziert verwenden. Zusammen mit Zwiebeln, Tomaten und je nach Geschmack etwas Zitronensaft bereiten Sie im Handumdrehen ein aromatisches Gericht zu. Auch in Suppen und verschiedenen Gem\u00fcsegerichten l\u00e4sst sich die Okra vielseitig einsetzen. So sparen Sie im Alltag Zeit und bringen gleichzeitig den Geschmack der Saison auf den Tisch.<\/span><\/p>\n<p><b>Aufbewahrungshinweise<\/b><\/p>\n<ul>\n<li style=\"font-weight: 400;\" aria-level=\"1\"><span style=\"font-weight: 400;\">Das Produkt ohne vorheriges Auftauen im Gefrierfach lagern.<\/span><\/li>\n<li style=\"font-weight: 400;\" aria-level=\"1\"><span style=\"font-weight: 400;\">Die Verpackung nach dem \u00d6ffnen gut verschlie\u00dfen.<\/span><\/li>\n<li style=\"font-weight: 400;\" aria-level=\"1\"><span style=\"font-weight: 400;\">Nach dem Auftauen nicht wieder einfrieren!<\/span><\/li>\n<li style=\"font-weight: 400;\" aria-level=\"1\"><span style=\"font-weight: 400;\">\u00dcr\u00fcn\u00fc son t\u00fcketim tarihine kadar \u00f6nerilen saklama ko\u015fullar\u0131nda koruyun.<\/span><\/li>\n<li style=\"font-weight: 400;\" aria-level=\"1\"><span style=\"font-weight: 400;\">Dondurucuda yabanc\u0131 koku yayan \u00fcr\u00fcnlerden uzak tutun.<\/span><\/li>\n<\/ul>\n<p>&nbsp;<\/p>","protected":false},"excerpt":{"rendered":"<p><b>Tiefgek\u00fchlte Okra<\/b><\/p>\n<p><span style=\"font-weight: 400;\">Bringen Sie mit nat\u00fcrlich gewachsener, zusatzfreier Okra, die saisonal sorgf\u00e4ltig geerntet wird, Genuss und Komfort in Ihre K\u00fcche. Mit 400 g Nettoinhalt h\u00e4lt dieses Produkt den beliebten Geschmack frischer Okra das ganze Jahr \u00fcber griffbereit. Es erspart Ihnen das aufwendige Putzen und Vorbereiten, verk\u00fcrzt die Kochzeit und sorgt f\u00fcr mehr Effizienz im K\u00fcchenalltag.\u00a0<\/span><\/p>\n<p><span style=\"font-weight: 400;\">Ob f\u00fcr traditionelle Gerichte oder schnelle Mahlzeiten zwischendurch: Sie nutzen diese Okra vielseitig und genie\u00dfen ihren nat\u00fcrlichen Charakter und ausgewogenen Geschmack bei jeder Portion. Tiefgek\u00fchlte Okra verbindet Nat\u00fcrlichkeit, praktischen Nutzen und unkomplizierte Zubereitung in einem Produkt.<\/span><\/p>","protected":false},"featured_media":1781,"template":"","meta":[],"product_brand":[],"product_cat":[36],"product_tag":[],"class_list":{"0":"post-844","1":"product","2":"type-product","3":"status-publish","4":"has-post-thumbnail","6":"product_cat-dondurulmus-sebze-urunleri","8":"first","9":"instock","10":"shipping-taxable","11":"product-type-simple"},"yoast_head":"<!-- This site is optimized with the Yoast SEO plugin v26.8 - https:\/\/yoast.com\/product\/yoast-seo-wordpress\/ -->\n<title>Bamya - Beynur<\/title>\n<meta name=\"robots\" content=\"index, follow, max-snippet:-1, max-image-preview:large, max-video-preview:-1\" \/>\n<link rel=\"canonical\" href=\"https:\/\/beynur.eu\/de\/produkt\/okra\/\" \/>\n<meta property=\"og:locale\" content=\"de_DE\" \/>\n<meta property=\"og:type\" content=\"article\" \/>\n<meta property=\"og:title\" content=\"Bamya - Beynur\" \/>\n<meta property=\"og:description\" content=\"Dondurulmu\u015f Bamya  Mevsiminde \u00f6zenle toplanan do\u011fal ve katk\u0131s\u0131z bamyalarla sofralar\u0131n\u0131za pratiklik ve lezzet ta\u015f\u0131y\u0131n. Net 400 g i\u00e7eri\u011fe sahip bu \u00fcr\u00fcn, taze bamyan\u0131n sevilen tad\u0131n\u0131 y\u0131l\u0131n her d\u00f6neminde elinizin alt\u0131na getiriyor. Ay\u0131klama ve temizleme zahmetini ortadan kald\u0131r\u0131yor, yemek haz\u0131rl\u0131\u011f\u0131n\u0131 h\u0131zland\u0131r\u0131yor ve mutfakta b\u00fcy\u00fck kolayl\u0131k sa\u011fl\u0131yor.\u00a0  Geleneksel tariflerden g\u00fcnl\u00fck \u00f6\u011f\u00fcnlere kadar pek \u00e7ok yemekte g\u00fcvenle kullanabilece\u011finiz bu \u00fcr\u00fcn\u00fcm\u00fcz\u00fcn do\u011fal yap\u0131s\u0131n\u0131 ve dengeli lezzetini her lokmada hissedeceksiniz. Pratikli\u011fi, do\u011fall\u0131\u011f\u0131 ve kullan\u0131m kolayl\u0131\u011f\u0131n\u0131 bir arada sunan dondurulmu\u015f bamya, zamandan tasarruf etmek isteyenler i\u00e7in ideal bir se\u00e7im.\" \/>\n<meta property=\"og:url\" content=\"https:\/\/beynur.eu\/de\/produkt\/okra\/\" \/>\n<meta property=\"og:site_name\" content=\"Beynur\" \/>\n<meta property=\"article:modified_time\" content=\"2026-05-05T10:32:23+00:00\" \/>\n<meta property=\"og:image\" content=\"https:\/\/beynur.eu\/wp-content\/uploads\/2021\/10\/Bamya-1.jpg\" \/>\n\t<meta property=\"og:image:width\" content=\"2000\" \/>\n\t<meta property=\"og:image:height\" content=\"2000\" \/>\n\t<meta property=\"og:image:type\" content=\"image\/jpeg\" \/>\n<meta name=\"twitter:card\" content=\"summary_large_image\" \/>\n<meta name=\"twitter:label1\" content=\"Gesch\u00e4tzte Lesezeit\" \/>\n\t<meta name=\"twitter:data1\" content=\"1\u00a0Minute\" \/>\n<script type=\"application\/ld+json\" class=\"yoast-schema-graph\">{\"@context\":\"https:\/\/schema.org\",\"@graph\":[{\"@type\":\"WebPage\",\"@id\":\"https:\/\/beynur.eu\/urun\/bamya\/\",\"url\":\"https:\/\/beynur.eu\/urun\/bamya\/\",\"name\":\"Bamya - Beynur\",\"isPartOf\":{\"@id\":\"https:\/\/beynur.eu\/#website\"},\"primaryImageOfPage\":{\"@id\":\"https:\/\/beynur.eu\/urun\/bamya\/#primaryimage\"},\"image\":{\"@id\":\"https:\/\/beynur.eu\/urun\/bamya\/#primaryimage\"},\"thumbnailUrl\":\"https:\/\/beynur.eu\/wp-content\/uploads\/2021\/10\/Bamya-1.jpg\",\"datePublished\":\"2021-10-26T10:44:24+00:00\",\"dateModified\":\"2026-05-05T10:32:23+00:00\",\"breadcrumb\":{\"@id\":\"https:\/\/beynur.eu\/urun\/bamya\/#breadcrumb\"},\"inLanguage\":\"de\",\"potentialAction\":[{\"@type\":\"ReadAction\",\"target\":[\"https:\/\/beynur.eu\/urun\/bamya\/\"]}]},{\"@type\":\"ImageObject\",\"inLanguage\":\"de\",\"@id\":\"https:\/\/beynur.eu\/urun\/bamya\/#primaryimage\",\"url\":\"https:\/\/beynur.eu\/wp-content\/uploads\/2021\/10\/Bamya-1.jpg\",\"contentUrl\":\"https:\/\/beynur.eu\/wp-content\/uploads\/2021\/10\/Bamya-1.jpg\",\"width\":2000,\"height\":2000},{\"@type\":\"BreadcrumbList\",\"@id\":\"https:\/\/beynur.eu\/urun\/bamya\/#breadcrumb\",\"itemListElement\":[{\"@type\":\"ListItem\",\"position\":1,\"name\":\"Home\",\"item\":\"https:\/\/beynur.eu\/\"},{\"@type\":\"ListItem\",\"position\":2,\"name\":\"\u00dcr\u00fcnlerimiz\",\"item\":\"https:\/\/beynur.eu\/en\/urunlerimiz\/\"},{\"@type\":\"ListItem\",\"position\":3,\"name\":\"Bamya\"}]},{\"@type\":\"WebSite\",\"@id\":\"https:\/\/beynur.eu\/#website\",\"url\":\"https:\/\/beynur.eu\/\",\"name\":\"Beynur\",\"description\":\"\u0130lk g\u00fcnk\u00fc a\u015fkla, muhte\u015fem tatlar.\",\"potentialAction\":[{\"@type\":\"SearchAction\",\"target\":{\"@type\":\"EntryPoint\",\"urlTemplate\":\"https:\/\/beynur.eu\/?s={search_term_string}\"},\"query-input\":{\"@type\":\"PropertyValueSpecification\",\"valueRequired\":true,\"valueName\":\"search_term_string\"}}],\"inLanguage\":\"de\"}]}<\/script>\n<!-- \/ Yoast SEO plugin. -->","yoast_head_json":{"title":"Bamya - Beynur","robots":{"index":"index","follow":"follow","max-snippet":"max-snippet:-1","max-image-preview":"max-image-preview:large","max-video-preview":"max-video-preview:-1"},"canonical":"https:\/\/beynur.eu\/de\/produkt\/okra\/","og_locale":"de_DE","og_type":"article","og_title":"Bamya - Beynur","og_description":"Dondurulmu\u015f Bamya  Mevsiminde \u00f6zenle toplanan do\u011fal ve katk\u0131s\u0131z bamyalarla sofralar\u0131n\u0131za pratiklik ve lezzet ta\u015f\u0131y\u0131n. Net 400 g i\u00e7eri\u011fe sahip bu \u00fcr\u00fcn, taze bamyan\u0131n sevilen tad\u0131n\u0131 y\u0131l\u0131n her d\u00f6neminde elinizin alt\u0131na getiriyor. Ay\u0131klama ve temizleme zahmetini ortadan kald\u0131r\u0131yor, yemek haz\u0131rl\u0131\u011f\u0131n\u0131 h\u0131zland\u0131r\u0131yor ve mutfakta b\u00fcy\u00fck kolayl\u0131k sa\u011fl\u0131yor.\u00a0  Geleneksel tariflerden g\u00fcnl\u00fck \u00f6\u011f\u00fcnlere kadar pek \u00e7ok yemekte g\u00fcvenle kullanabilece\u011finiz bu \u00fcr\u00fcn\u00fcm\u00fcz\u00fcn do\u011fal yap\u0131s\u0131n\u0131 ve dengeli lezzetini her lokmada hissedeceksiniz. Pratikli\u011fi, do\u011fall\u0131\u011f\u0131 ve kullan\u0131m kolayl\u0131\u011f\u0131n\u0131 bir arada sunan dondurulmu\u015f bamya, zamandan tasarruf etmek isteyenler i\u00e7in ideal bir se\u00e7im.","og_url":"https:\/\/beynur.eu\/de\/produkt\/okra\/","og_site_name":"Beynur","article_modified_time":"2026-05-05T10:32:23+00:00","og_image":[{"width":2000,"height":2000,"url":"https:\/\/beynur.eu\/wp-content\/uploads\/2021\/10\/Bamya-1.jpg","type":"image\/jpeg"}],"twitter_card":"summary_large_image","twitter_misc":{"Gesch\u00e4tzte Lesezeit":"1\u00a0Minute"},"schema":{"@context":"https:\/\/schema.org","@graph":[{"@type":"WebPage","@id":"https:\/\/beynur.eu\/urun\/bamya\/","url":"https:\/\/beynur.eu\/urun\/bamya\/","name":"Bamya - Beynur","isPartOf":{"@id":"https:\/\/beynur.eu\/#website"},"primaryImageOfPage":{"@id":"https:\/\/beynur.eu\/urun\/bamya\/#primaryimage"},"image":{"@id":"https:\/\/beynur.eu\/urun\/bamya\/#primaryimage"},"thumbnailUrl":"https:\/\/beynur.eu\/wp-content\/uploads\/2021\/10\/Bamya-1.jpg","datePublished":"2021-10-26T10:44:24+00:00","dateModified":"2026-05-05T10:32:23+00:00","breadcrumb":{"@id":"https:\/\/beynur.eu\/urun\/bamya\/#breadcrumb"},"inLanguage":"de","potentialAction":[{"@type":"ReadAction","target":["https:\/\/beynur.eu\/urun\/bamya\/"]}]},{"@type":"ImageObject","inLanguage":"de","@id":"https:\/\/beynur.eu\/urun\/bamya\/#primaryimage","url":"https:\/\/beynur.eu\/wp-content\/uploads\/2021\/10\/Bamya-1.jpg","contentUrl":"https:\/\/beynur.eu\/wp-content\/uploads\/2021\/10\/Bamya-1.jpg","width":2000,"height":2000},{"@type":"BreadcrumbList","@id":"https:\/\/beynur.eu\/urun\/bamya\/#breadcrumb","itemListElement":[{"@type":"ListItem","position":1,"name":"Home","item":"https:\/\/beynur.eu\/"},{"@type":"ListItem","position":2,"name":"\u00dcr\u00fcnlerimiz","item":"https:\/\/beynur.eu\/en\/urunlerimiz\/"},{"@type":"ListItem","position":3,"name":"Bamya"}]},{"@type":"WebSite","@id":"https:\/\/beynur.eu\/#website","url":"https:\/\/beynur.eu\/","name":"Beynur","description":"\u0130lk g\u00fcnk\u00fc a\u015fkla, muhte\u015fem tatlar.","potentialAction":[{"@type":"SearchAction","target":{"@type":"EntryPoint","urlTemplate":"https:\/\/beynur.eu\/?s={search_term_string}"},"query-input":{"@type":"PropertyValueSpecification","valueRequired":true,"valueName":"search_term_string"}}],"inLanguage":"de"}]}},"_links":{"self":[{"href":"https:\/\/beynur.eu\/de\/wp-json\/wp\/v2\/product\/844","targetHints":{"allow":["GET"]}}],"collection":[{"href":"https:\/\/beynur.eu\/de\/wp-json\/wp\/v2\/product"}],"about":[{"href":"https:\/\/beynur.eu\/de\/wp-json\/wp\/v2\/types\/product"}],"wp:featuredmedia":[{"embeddable":true,"href":"https:\/\/beynur.eu\/de\/wp-json\/wp\/v2\/media\/1781"}],"wp:attachment":[{"href":"https:\/\/beynur.eu\/de\/wp-json\/wp\/v2\/media?parent=844"}],"wp:term":[{"taxonomy":"product_brand","embeddable":true,"href":"https:\/\/beynur.eu\/de\/wp-json\/wp\/v2\/product_brand?post=844"},{"taxonomy":"product_cat","embeddable":true,"href":"https:\/\/beynur.eu\/de\/wp-json\/wp\/v2\/product_cat?post=844"},{"taxonomy":"product_tag","embeddable":true,"href":"https:\/\/beynur.eu\/de\/wp-json\/wp\/v2\/product_tag?post=844"}],"curies":[{"name":"wp","href":"https:\/\/api.w.org\/{rel}","templated":true}]}}