{"id":846,"date":"2021-10-26T10:45:58","date_gmt":"2021-10-26T10:45:58","guid":{"rendered":"https:\/\/beynur.eu\/?post_type=product&#038;p=846"},"modified":"2026-04-30T14:36:23","modified_gmt":"2026-04-30T14:36:23","slug":"artischocke","status":"publish","type":"product","link":"https:\/\/beynur.eu\/de\/urun\/enginar\/","title":{"rendered":"Artischocke"},"content":{"rendered":"<p><b>Verwendungsempfehlungen<\/b><b><br \/>\n<\/b><span style=\"font-weight: 400;\">Tiefgek\u00fchlte Artischocken sind eine besonders praktische Wahl f\u00fcr Gerichte mit Oliven\u00f6l, Gem\u00fcsegerichte, Beilagen und verschiedene Topfgerichte. Sie k\u00f6nnen das Produkt direkt in den Topf geben und ganz unkompliziert verwenden. Zusammen mit Karotten, Kartoffeln, Erbsen, Zwiebeln und je nach Geschmack auch mit etwas Zitrone lassen sich leckere Gerichte zubereiten. Auch in Fleischgerichten oder leichten Gem\u00fcsegerichten mit Oliven\u00f6l kommt der typische Geschmack von Artischocken hervorragend zur Geltung. Dar\u00fcber hinaus k\u00f6nnen Sie sie problemlos in t\u00e4glichen Mahlzeiten und stilvollen Anrichtungen verwenden.<\/span><\/p>\n<p><b>Aufbewahrungshinweise<\/b><b><br \/>\n<\/b><\/p>\n<ul>\n<li style=\"font-weight: 400;\" aria-level=\"1\"><span style=\"font-weight: 400;\">Das Produkt ohne vorheriges Auftauen im Gefrierfach lagern.<\/span><\/li>\n<li style=\"font-weight: 400;\" aria-level=\"1\"><span style=\"font-weight: 400;\">\u00a0Die Verpackung nach dem \u00d6ffnen gut verschlie\u00dfen.<\/span><\/li>\n<li style=\"font-weight: 400;\" aria-level=\"1\"><span style=\"font-weight: 400;\">\u00a0Nach dem Auftauen nicht wieder einfrieren!<\/span><\/li>\n<li style=\"font-weight: 400;\" aria-level=\"1\"><span style=\"font-weight: 400;\">\u00a0Das Produkt unter den empfohlenen Lagerbedingungen aufbewahren.<\/span><\/li>\n<li style=\"font-weight: 400;\" aria-level=\"1\"><span style=\"font-weight: 400;\">\u00a0Im Gefrierfach nicht neben stark riechenden Lebensmitteln lagern.<\/span><\/li>\n<\/ul>\n<p>&nbsp;<\/p>","protected":false},"excerpt":{"rendered":"<p><b>Tiefk\u00fchl-Artischocken<\/b><b><br \/>\n<\/b><span style=\"font-weight: 400;\">Unter unseren tiefgek\u00fchlten Gem\u00fcseprodukten finden Sie auch k\u00fcchenfertig vorbereitete Artischocken. Sorgf\u00e4ltig ausgew\u00e4hlte Artischocken aus der Saison bewahren ihren N\u00e4hrwert, ihren nat\u00fcrlichen Geschmack, ihre helle Farbe und ihre zarte Struktur und bieten Ihnen damit eine praktische L\u00f6sung f\u00fcr den K\u00fcchenalltag. Mit diesem Produkt sparen Sie sich das Reinigen und Vorbereiten und k\u00f6nnen Ihre Gerichte deutlich schneller und einfacher zubereiten.\u00a0<\/span><\/p>\n<p><span style=\"font-weight: 400;\">Artischocken sind mit ihrem typischen milden Aroma und ihrer nahrhaften Qualit\u00e4t ein besonderes Gem\u00fcse, das sowohl in klassischen Gerichten mit Oliven\u00f6l als auch in verschiedenen anderen Rezepten gerne verwendet wird. Unser unter hygienischen Bedingungen tiefgek\u00fchltes und verpacktes Produkt bringt diesen beliebten Geschmack zusammen mit Nat\u00fcrlichkeit und praktischer Handhabung direkt auf Ihren Tisch.<\/span><\/p>","protected":false},"featured_media":1734,"template":"","meta":[],"product_brand":[],"product_cat":[36],"product_tag":[],"class_list":{"0":"post-846","1":"product","2":"type-product","3":"status-publish","4":"has-post-thumbnail","6":"product_cat-dondurulmus-sebze-urunleri","8":"first","9":"instock","10":"shipping-taxable","11":"product-type-simple"},"yoast_head":"<!-- This site is optimized with the Yoast SEO plugin v26.8 - https:\/\/yoast.com\/product\/yoast-seo-wordpress\/ -->\n<title>Enginar - Beynur<\/title>\n<meta name=\"robots\" content=\"index, follow, max-snippet:-1, max-image-preview:large, max-video-preview:-1\" \/>\n<link rel=\"canonical\" href=\"https:\/\/beynur.eu\/de\/produkt\/artischocke\/\" \/>\n<meta property=\"og:locale\" content=\"de_DE\" \/>\n<meta property=\"og:type\" content=\"article\" \/>\n<meta property=\"og:title\" content=\"Enginar - Beynur\" \/>\n<meta property=\"og:description\" content=\"Dondurulmu\u015f Enginar Dondurulmu\u015f sebze \u00fcr\u00fcnlerimizin aras\u0131nda pi\u015firmeye haz\u0131r hale getirilmi\u015f enginar da yer al\u0131yor. Mevsiminde \u00f6zenle se\u00e7ilen enginarlar; besin de\u011ferini, do\u011fal lezzetini, a\u00e7\u0131k rengini ve yumu\u015fak dokusunu koruyarak mutfa\u011f\u0131n\u0131za pratik bir \u00e7\u00f6z\u00fcm sunuyor. Bu \u00fcr\u00fcn\u00fcm\u00fczle ay\u0131klama, temizleme ve haz\u0131rl\u0131k zahmetinden kurtulacak, yemeklerinizi \u00e7ok daha h\u0131zl\u0131 ve kolay bir \u015fekilde haz\u0131rlayabileceksiniz.\u00a0  Enginar, kendine \u00f6zg\u00fc hafif aromas\u0131 ve besleyici yap\u0131s\u0131yla hem geleneksel zeytinya\u011fl\u0131 tariflerde hem de farkl\u0131 yemeklerde severek kullan\u0131lan \u00f6zel bir sebze. Hijyenik \u015fartlarda dondurulup paketlenen \u00fcr\u00fcn\u00fcm\u00fcz, bu sevilen lezzeti do\u011fall\u0131k ve kullan\u0131m kolayl\u0131\u011f\u0131yla sofralar\u0131n\u0131za getiriyor.\" \/>\n<meta property=\"og:url\" content=\"https:\/\/beynur.eu\/de\/produkt\/artischocke\/\" \/>\n<meta property=\"og:site_name\" content=\"Beynur\" \/>\n<meta property=\"article:modified_time\" content=\"2026-04-30T14:36:23+00:00\" \/>\n<meta property=\"og:image\" content=\"https:\/\/beynur.eu\/wp-content\/uploads\/2021\/10\/Enginar-1024x1024.png\" \/>\n\t<meta property=\"og:image:width\" content=\"1024\" \/>\n\t<meta property=\"og:image:height\" content=\"1024\" \/>\n\t<meta property=\"og:image:type\" content=\"image\/png\" \/>\n<meta name=\"twitter:card\" content=\"summary_large_image\" \/>\n<meta name=\"twitter:label1\" content=\"Gesch\u00e4tzte Lesezeit\" \/>\n\t<meta name=\"twitter:data1\" content=\"1\u00a0Minute\" \/>\n<script type=\"application\/ld+json\" class=\"yoast-schema-graph\">{\"@context\":\"https:\/\/schema.org\",\"@graph\":[{\"@type\":\"WebPage\",\"@id\":\"https:\/\/beynur.eu\/urun\/enginar\/\",\"url\":\"https:\/\/beynur.eu\/urun\/enginar\/\",\"name\":\"Enginar - Beynur\",\"isPartOf\":{\"@id\":\"https:\/\/beynur.eu\/#website\"},\"primaryImageOfPage\":{\"@id\":\"https:\/\/beynur.eu\/urun\/enginar\/#primaryimage\"},\"image\":{\"@id\":\"https:\/\/beynur.eu\/urun\/enginar\/#primaryimage\"},\"thumbnailUrl\":\"https:\/\/beynur.eu\/wp-content\/uploads\/2021\/10\/Enginar.png\",\"datePublished\":\"2021-10-26T10:45:58+00:00\",\"dateModified\":\"2026-04-30T14:36:23+00:00\",\"breadcrumb\":{\"@id\":\"https:\/\/beynur.eu\/urun\/enginar\/#breadcrumb\"},\"inLanguage\":\"de\",\"potentialAction\":[{\"@type\":\"ReadAction\",\"target\":[\"https:\/\/beynur.eu\/urun\/enginar\/\"]}]},{\"@type\":\"ImageObject\",\"inLanguage\":\"de\",\"@id\":\"https:\/\/beynur.eu\/urun\/enginar\/#primaryimage\",\"url\":\"https:\/\/beynur.eu\/wp-content\/uploads\/2021\/10\/Enginar.png\",\"contentUrl\":\"https:\/\/beynur.eu\/wp-content\/uploads\/2021\/10\/Enginar.png\",\"width\":2000,\"height\":2000},{\"@type\":\"BreadcrumbList\",\"@id\":\"https:\/\/beynur.eu\/urun\/enginar\/#breadcrumb\",\"itemListElement\":[{\"@type\":\"ListItem\",\"position\":1,\"name\":\"Home\",\"item\":\"https:\/\/beynur.eu\/\"},{\"@type\":\"ListItem\",\"position\":2,\"name\":\"\u00dcr\u00fcnlerimiz\",\"item\":\"https:\/\/beynur.eu\/en\/urunlerimiz\/\"},{\"@type\":\"ListItem\",\"position\":3,\"name\":\"Enginar\"}]},{\"@type\":\"WebSite\",\"@id\":\"https:\/\/beynur.eu\/#website\",\"url\":\"https:\/\/beynur.eu\/\",\"name\":\"Beynur\",\"description\":\"\u0130lk g\u00fcnk\u00fc a\u015fkla, muhte\u015fem tatlar.\",\"potentialAction\":[{\"@type\":\"SearchAction\",\"target\":{\"@type\":\"EntryPoint\",\"urlTemplate\":\"https:\/\/beynur.eu\/?s={search_term_string}\"},\"query-input\":{\"@type\":\"PropertyValueSpecification\",\"valueRequired\":true,\"valueName\":\"search_term_string\"}}],\"inLanguage\":\"de\"}]}<\/script>\n<!-- \/ Yoast SEO plugin. -->","yoast_head_json":{"title":"Enginar - Beynur","robots":{"index":"index","follow":"follow","max-snippet":"max-snippet:-1","max-image-preview":"max-image-preview:large","max-video-preview":"max-video-preview:-1"},"canonical":"https:\/\/beynur.eu\/de\/produkt\/artischocke\/","og_locale":"de_DE","og_type":"article","og_title":"Enginar - Beynur","og_description":"Dondurulmu\u015f Enginar Dondurulmu\u015f sebze \u00fcr\u00fcnlerimizin aras\u0131nda pi\u015firmeye haz\u0131r hale getirilmi\u015f enginar da yer al\u0131yor. Mevsiminde \u00f6zenle se\u00e7ilen enginarlar; besin de\u011ferini, do\u011fal lezzetini, a\u00e7\u0131k rengini ve yumu\u015fak dokusunu koruyarak mutfa\u011f\u0131n\u0131za pratik bir \u00e7\u00f6z\u00fcm sunuyor. Bu \u00fcr\u00fcn\u00fcm\u00fczle ay\u0131klama, temizleme ve haz\u0131rl\u0131k zahmetinden kurtulacak, yemeklerinizi \u00e7ok daha h\u0131zl\u0131 ve kolay bir \u015fekilde haz\u0131rlayabileceksiniz.\u00a0  Enginar, kendine \u00f6zg\u00fc hafif aromas\u0131 ve besleyici yap\u0131s\u0131yla hem geleneksel zeytinya\u011fl\u0131 tariflerde hem de farkl\u0131 yemeklerde severek kullan\u0131lan \u00f6zel bir sebze. Hijyenik \u015fartlarda dondurulup paketlenen \u00fcr\u00fcn\u00fcm\u00fcz, bu sevilen lezzeti do\u011fall\u0131k ve kullan\u0131m kolayl\u0131\u011f\u0131yla sofralar\u0131n\u0131za getiriyor.","og_url":"https:\/\/beynur.eu\/de\/produkt\/artischocke\/","og_site_name":"Beynur","article_modified_time":"2026-04-30T14:36:23+00:00","og_image":[{"width":1024,"height":1024,"url":"https:\/\/beynur.eu\/wp-content\/uploads\/2021\/10\/Enginar-1024x1024.png","type":"image\/png"}],"twitter_card":"summary_large_image","twitter_misc":{"Gesch\u00e4tzte Lesezeit":"1\u00a0Minute"},"schema":{"@context":"https:\/\/schema.org","@graph":[{"@type":"WebPage","@id":"https:\/\/beynur.eu\/urun\/enginar\/","url":"https:\/\/beynur.eu\/urun\/enginar\/","name":"Enginar - Beynur","isPartOf":{"@id":"https:\/\/beynur.eu\/#website"},"primaryImageOfPage":{"@id":"https:\/\/beynur.eu\/urun\/enginar\/#primaryimage"},"image":{"@id":"https:\/\/beynur.eu\/urun\/enginar\/#primaryimage"},"thumbnailUrl":"https:\/\/beynur.eu\/wp-content\/uploads\/2021\/10\/Enginar.png","datePublished":"2021-10-26T10:45:58+00:00","dateModified":"2026-04-30T14:36:23+00:00","breadcrumb":{"@id":"https:\/\/beynur.eu\/urun\/enginar\/#breadcrumb"},"inLanguage":"de","potentialAction":[{"@type":"ReadAction","target":["https:\/\/beynur.eu\/urun\/enginar\/"]}]},{"@type":"ImageObject","inLanguage":"de","@id":"https:\/\/beynur.eu\/urun\/enginar\/#primaryimage","url":"https:\/\/beynur.eu\/wp-content\/uploads\/2021\/10\/Enginar.png","contentUrl":"https:\/\/beynur.eu\/wp-content\/uploads\/2021\/10\/Enginar.png","width":2000,"height":2000},{"@type":"BreadcrumbList","@id":"https:\/\/beynur.eu\/urun\/enginar\/#breadcrumb","itemListElement":[{"@type":"ListItem","position":1,"name":"Home","item":"https:\/\/beynur.eu\/"},{"@type":"ListItem","position":2,"name":"\u00dcr\u00fcnlerimiz","item":"https:\/\/beynur.eu\/en\/urunlerimiz\/"},{"@type":"ListItem","position":3,"name":"Enginar"}]},{"@type":"WebSite","@id":"https:\/\/beynur.eu\/#website","url":"https:\/\/beynur.eu\/","name":"Beynur","description":"\u0130lk g\u00fcnk\u00fc a\u015fkla, muhte\u015fem tatlar.","potentialAction":[{"@type":"SearchAction","target":{"@type":"EntryPoint","urlTemplate":"https:\/\/beynur.eu\/?s={search_term_string}"},"query-input":{"@type":"PropertyValueSpecification","valueRequired":true,"valueName":"search_term_string"}}],"inLanguage":"de"}]}},"_links":{"self":[{"href":"https:\/\/beynur.eu\/de\/wp-json\/wp\/v2\/product\/846","targetHints":{"allow":["GET"]}}],"collection":[{"href":"https:\/\/beynur.eu\/de\/wp-json\/wp\/v2\/product"}],"about":[{"href":"https:\/\/beynur.eu\/de\/wp-json\/wp\/v2\/types\/product"}],"wp:featuredmedia":[{"embeddable":true,"href":"https:\/\/beynur.eu\/de\/wp-json\/wp\/v2\/media\/1734"}],"wp:attachment":[{"href":"https:\/\/beynur.eu\/de\/wp-json\/wp\/v2\/media?parent=846"}],"wp:term":[{"taxonomy":"product_brand","embeddable":true,"href":"https:\/\/beynur.eu\/de\/wp-json\/wp\/v2\/product_brand?post=846"},{"taxonomy":"product_cat","embeddable":true,"href":"https:\/\/beynur.eu\/de\/wp-json\/wp\/v2\/product_cat?post=846"},{"taxonomy":"product_tag","embeddable":true,"href":"https:\/\/beynur.eu\/de\/wp-json\/wp\/v2\/product_tag?post=846"}],"curies":[{"name":"wp","href":"https:\/\/api.w.org\/{rel}","templated":true}]}}