{"id":861,"date":"2021-12-07T16:40:12","date_gmt":"2021-12-07T16:40:12","guid":{"rendered":"https:\/\/beynur.eu\/?post_type=product&#038;p=861"},"modified":"2026-04-29T11:18:22","modified_gmt":"2026-04-29T11:18:22","slug":"meksi-kebab-20-adet","status":"publish","type":"product","link":"https:\/\/beynur.eu\/de\/urun\/meksi-kebab-20-adet\/","title":{"rendered":"Mexi Kebab (20 St\u00fcck)"},"content":{"rendered":"<p><b>Mexi-Kebab (20\u2019li paket)<\/b><\/p>\n<p><span style=\"font-weight: 400;\">Mexi-Kebab, Avrupa\u2019da 1980\u2019li y\u0131llardan bu yana sevilen, kendine \u00f6zg\u00fc profile sahip pratik bir lezzet se\u00e7ene\u011fi. Ac\u0131l\u0131 k\u0131ymadan \u00fcretti\u011fimiz bu \u00fcr\u00fcn\u00fcm\u00fcz, Antep Kebab\u0131 sevenlerin beklentilerini fazlas\u0131yla kar\u015f\u0131layacak bir lezzet karakterine sahip.<\/span><\/p>\n<p><span style=\"font-weight: 400;\">Y\u00fczde y\u00fcz helal kesim tavuk etinden \u00fcretilen bu \u00fcr\u00fcn, lezzeti ve doyurucu yap\u0131s\u0131yla \u00f6zellikle yo\u011fun g\u00fcnlerde k\u0131sa s\u00fcrede haz\u0131rlanabilen \u00f6\u011f\u00fcnler i\u00e7in son derece pratik bir tercih sunuyor.<\/span><\/p>\n<p><span style=\"font-weight: 400;\">\u00d6nceden pi\u015firilmi\u015f ve dondurulmu\u015f olarak sundu\u011fumuz Mexi-Kebab, frit\u00f6zde, tavada ve mangalda kolayca haz\u0131rlanabilir. \u00dcr\u00fcn\u00fcm\u00fcz net 2800g a\u011f\u0131rl\u0131\u011f\u0131nda ve paket i\u00e7inde her biri 140 g olan 20 adet \u00fcr\u00fcn bulunuyor. Mexi-Kebab\u2019a k\u0131zarm\u0131\u015f patates, yumu\u015fak lava\u015f ekme\u011fi, k\u00f6zlenmi\u015f sebze, taze salata ve sar\u0131msakl\u0131 veya ac\u0131 soslar son derece uyumlu e\u015flik\u00e7iler olabilir.<\/span><\/p>\n<p><b>Aufbewahrungshinweise<\/b><\/p>\n<ul>\n<li style=\"font-weight: 400;\" aria-level=\"1\"><span style=\"font-weight: 400;\">Das Produkt ohne vorheriges Auftauen im Gefrierfach lagern.<\/span><\/li>\n<li style=\"font-weight: 400;\" aria-level=\"1\"><span style=\"font-weight: 400;\">Die Verpackung nach dem \u00d6ffnen sorgf\u00e4ltig verschlie\u00dfen.<\/span><\/li>\n<li style=\"font-weight: 400;\" aria-level=\"1\"><span style=\"font-weight: 400;\">Nach dem Auftauen nicht wieder einfrieren!<\/span><\/li>\n<li style=\"font-weight: 400;\" aria-level=\"1\"><span style=\"font-weight: 400;\">Das Produkt unter den empfohlenen Lagerbedingungen aufbewahren.<\/span><\/li>\n<li style=\"font-weight: 400;\" aria-level=\"1\"><span style=\"font-weight: 400;\">Bis zum Verbrauch tiefgek\u00fchlt lagern.<\/span><\/li>\n<li style=\"font-weight: 400;\" aria-level=\"1\"><span style=\"font-weight: 400;\">F\u00fcr das beste Ergebnis das Produkt vollst\u00e4ndig bis zum Kern erhitzen.<\/span><\/li>\n<\/ul>\n<p>&nbsp;<\/p>","protected":false},"excerpt":{"rendered":"<p>Mexi-Kebab (20\u2019li paket) Mexi-Kebab, Avrupa\u2019da 1980\u2019li y\u0131llardan bu yana sevilen, kendine \u00f6zg\u00fc profile sahip pratik bir lezzet se\u00e7ene\u011fi. Ac\u0131l\u0131 k\u0131ymadan \u00fcretti\u011fimiz bu \u00fcr\u00fcn\u00fcm\u00fcz, Antep Kebab\u0131 sevenlerin<span class=\"excerpt-hellip\"> [\u2026]<\/span><\/p>\n","protected":false},"featured_media":1676,"template":"","meta":[],"product_brand":[],"product_cat":[18],"product_tag":[],"class_list":{"0":"post-861","1":"product","2":"type-product","3":"status-publish","4":"has-post-thumbnail","6":"product_cat-tavuk-ve-hindi-urunleri","8":"first","9":"instock","10":"shipping-taxable","11":"product-type-simple"},"yoast_head":"<!-- This site is optimized with the Yoast SEO plugin v26.8 - https:\/\/yoast.com\/product\/yoast-seo-wordpress\/ -->\n<title>Meksi Kebab (20 Adet) - Beynur<\/title>\n<meta name=\"robots\" content=\"index, follow, max-snippet:-1, max-image-preview:large, max-video-preview:-1\" \/>\n<link rel=\"canonical\" href=\"https:\/\/beynur.eu\/de\/produkt\/meksi-kebab-20-adet\/\" \/>\n<meta property=\"og:locale\" content=\"de_DE\" \/>\n<meta property=\"og:type\" content=\"article\" \/>\n<meta property=\"og:title\" content=\"Meksi Kebab (20 Adet) - Beynur\" \/>\n<meta property=\"og:description\" content=\"Mexi-Kebab (20\u2019li paket) Mexi-Kebab, Avrupa\u2019da 1980\u2019li y\u0131llardan bu yana sevilen, kendine \u00f6zg\u00fc profile sahip pratik bir lezzet se\u00e7ene\u011fi. Ac\u0131l\u0131 k\u0131ymadan \u00fcretti\u011fimiz bu \u00fcr\u00fcn\u00fcm\u00fcz, Antep Kebab\u0131 sevenlerin [\u2026]\" \/>\n<meta property=\"og:url\" content=\"https:\/\/beynur.eu\/de\/produkt\/meksi-kebab-20-adet\/\" \/>\n<meta property=\"og:site_name\" content=\"Beynur\" \/>\n<meta property=\"article:modified_time\" content=\"2026-04-29T11:18:22+00:00\" \/>\n<meta property=\"og:image\" content=\"https:\/\/beynur.eu\/wp-content\/uploads\/2021\/12\/antep-kebab.jpg\" \/>\n\t<meta property=\"og:image:width\" content=\"1500\" \/>\n\t<meta property=\"og:image:height\" content=\"1500\" \/>\n\t<meta property=\"og:image:type\" content=\"image\/jpeg\" \/>\n<meta name=\"twitter:card\" content=\"summary_large_image\" \/>\n<meta name=\"twitter:label1\" content=\"Gesch\u00e4tzte Lesezeit\" \/>\n\t<meta name=\"twitter:data1\" content=\"2\u00a0Minuten\" \/>\n<script type=\"application\/ld+json\" class=\"yoast-schema-graph\">{\"@context\":\"https:\/\/schema.org\",\"@graph\":[{\"@type\":\"WebPage\",\"@id\":\"https:\/\/beynur.eu\/urun\/meksi-kebab-20-adet\/\",\"url\":\"https:\/\/beynur.eu\/urun\/meksi-kebab-20-adet\/\",\"name\":\"Meksi Kebab (20 Adet) - Beynur\",\"isPartOf\":{\"@id\":\"https:\/\/beynur.eu\/#website\"},\"primaryImageOfPage\":{\"@id\":\"https:\/\/beynur.eu\/urun\/meksi-kebab-20-adet\/#primaryimage\"},\"image\":{\"@id\":\"https:\/\/beynur.eu\/urun\/meksi-kebab-20-adet\/#primaryimage\"},\"thumbnailUrl\":\"https:\/\/beynur.eu\/wp-content\/uploads\/2021\/12\/antep-kebab.jpg\",\"datePublished\":\"2021-12-07T16:40:12+00:00\",\"dateModified\":\"2026-04-29T11:18:22+00:00\",\"breadcrumb\":{\"@id\":\"https:\/\/beynur.eu\/urun\/meksi-kebab-20-adet\/#breadcrumb\"},\"inLanguage\":\"de\",\"potentialAction\":[{\"@type\":\"ReadAction\",\"target\":[\"https:\/\/beynur.eu\/urun\/meksi-kebab-20-adet\/\"]}]},{\"@type\":\"ImageObject\",\"inLanguage\":\"de\",\"@id\":\"https:\/\/beynur.eu\/urun\/meksi-kebab-20-adet\/#primaryimage\",\"url\":\"https:\/\/beynur.eu\/wp-content\/uploads\/2021\/12\/antep-kebab.jpg\",\"contentUrl\":\"https:\/\/beynur.eu\/wp-content\/uploads\/2021\/12\/antep-kebab.jpg\",\"width\":1500,\"height\":1500},{\"@type\":\"BreadcrumbList\",\"@id\":\"https:\/\/beynur.eu\/urun\/meksi-kebab-20-adet\/#breadcrumb\",\"itemListElement\":[{\"@type\":\"ListItem\",\"position\":1,\"name\":\"Home\",\"item\":\"https:\/\/beynur.eu\/\"},{\"@type\":\"ListItem\",\"position\":2,\"name\":\"\u00dcr\u00fcnlerimiz\",\"item\":\"https:\/\/beynur.eu\/en\/urunlerimiz\/\"},{\"@type\":\"ListItem\",\"position\":3,\"name\":\"Meksi Kebab (20 Adet)\"}]},{\"@type\":\"WebSite\",\"@id\":\"https:\/\/beynur.eu\/#website\",\"url\":\"https:\/\/beynur.eu\/\",\"name\":\"Beynur\",\"description\":\"\u0130lk g\u00fcnk\u00fc a\u015fkla, muhte\u015fem tatlar.\",\"potentialAction\":[{\"@type\":\"SearchAction\",\"target\":{\"@type\":\"EntryPoint\",\"urlTemplate\":\"https:\/\/beynur.eu\/?s={search_term_string}\"},\"query-input\":{\"@type\":\"PropertyValueSpecification\",\"valueRequired\":true,\"valueName\":\"search_term_string\"}}],\"inLanguage\":\"de\"}]}<\/script>\n<!-- \/ Yoast SEO plugin. -->","yoast_head_json":{"title":"Meksi Kebab (20 Adet) - Beynur","robots":{"index":"index","follow":"follow","max-snippet":"max-snippet:-1","max-image-preview":"max-image-preview:large","max-video-preview":"max-video-preview:-1"},"canonical":"https:\/\/beynur.eu\/de\/produkt\/meksi-kebab-20-adet\/","og_locale":"de_DE","og_type":"article","og_title":"Meksi Kebab (20 Adet) - Beynur","og_description":"Mexi-Kebab (20\u2019li paket) Mexi-Kebab, Avrupa\u2019da 1980\u2019li y\u0131llardan bu yana sevilen, kendine \u00f6zg\u00fc profile sahip pratik bir lezzet se\u00e7ene\u011fi. Ac\u0131l\u0131 k\u0131ymadan \u00fcretti\u011fimiz bu \u00fcr\u00fcn\u00fcm\u00fcz, Antep Kebab\u0131 sevenlerin [\u2026]","og_url":"https:\/\/beynur.eu\/de\/produkt\/meksi-kebab-20-adet\/","og_site_name":"Beynur","article_modified_time":"2026-04-29T11:18:22+00:00","og_image":[{"width":1500,"height":1500,"url":"https:\/\/beynur.eu\/wp-content\/uploads\/2021\/12\/antep-kebab.jpg","type":"image\/jpeg"}],"twitter_card":"summary_large_image","twitter_misc":{"Gesch\u00e4tzte Lesezeit":"2\u00a0Minuten"},"schema":{"@context":"https:\/\/schema.org","@graph":[{"@type":"WebPage","@id":"https:\/\/beynur.eu\/urun\/meksi-kebab-20-adet\/","url":"https:\/\/beynur.eu\/urun\/meksi-kebab-20-adet\/","name":"Meksi Kebab (20 Adet) - Beynur","isPartOf":{"@id":"https:\/\/beynur.eu\/#website"},"primaryImageOfPage":{"@id":"https:\/\/beynur.eu\/urun\/meksi-kebab-20-adet\/#primaryimage"},"image":{"@id":"https:\/\/beynur.eu\/urun\/meksi-kebab-20-adet\/#primaryimage"},"thumbnailUrl":"https:\/\/beynur.eu\/wp-content\/uploads\/2021\/12\/antep-kebab.jpg","datePublished":"2021-12-07T16:40:12+00:00","dateModified":"2026-04-29T11:18:22+00:00","breadcrumb":{"@id":"https:\/\/beynur.eu\/urun\/meksi-kebab-20-adet\/#breadcrumb"},"inLanguage":"de","potentialAction":[{"@type":"ReadAction","target":["https:\/\/beynur.eu\/urun\/meksi-kebab-20-adet\/"]}]},{"@type":"ImageObject","inLanguage":"de","@id":"https:\/\/beynur.eu\/urun\/meksi-kebab-20-adet\/#primaryimage","url":"https:\/\/beynur.eu\/wp-content\/uploads\/2021\/12\/antep-kebab.jpg","contentUrl":"https:\/\/beynur.eu\/wp-content\/uploads\/2021\/12\/antep-kebab.jpg","width":1500,"height":1500},{"@type":"BreadcrumbList","@id":"https:\/\/beynur.eu\/urun\/meksi-kebab-20-adet\/#breadcrumb","itemListElement":[{"@type":"ListItem","position":1,"name":"Home","item":"https:\/\/beynur.eu\/"},{"@type":"ListItem","position":2,"name":"\u00dcr\u00fcnlerimiz","item":"https:\/\/beynur.eu\/en\/urunlerimiz\/"},{"@type":"ListItem","position":3,"name":"Meksi Kebab (20 Adet)"}]},{"@type":"WebSite","@id":"https:\/\/beynur.eu\/#website","url":"https:\/\/beynur.eu\/","name":"Beynur","description":"\u0130lk g\u00fcnk\u00fc a\u015fkla, muhte\u015fem tatlar.","potentialAction":[{"@type":"SearchAction","target":{"@type":"EntryPoint","urlTemplate":"https:\/\/beynur.eu\/?s={search_term_string}"},"query-input":{"@type":"PropertyValueSpecification","valueRequired":true,"valueName":"search_term_string"}}],"inLanguage":"de"}]}},"_links":{"self":[{"href":"https:\/\/beynur.eu\/de\/wp-json\/wp\/v2\/product\/861","targetHints":{"allow":["GET"]}}],"collection":[{"href":"https:\/\/beynur.eu\/de\/wp-json\/wp\/v2\/product"}],"about":[{"href":"https:\/\/beynur.eu\/de\/wp-json\/wp\/v2\/types\/product"}],"wp:featuredmedia":[{"embeddable":true,"href":"https:\/\/beynur.eu\/de\/wp-json\/wp\/v2\/media\/1676"}],"wp:attachment":[{"href":"https:\/\/beynur.eu\/de\/wp-json\/wp\/v2\/media?parent=861"}],"wp:term":[{"taxonomy":"product_brand","embeddable":true,"href":"https:\/\/beynur.eu\/de\/wp-json\/wp\/v2\/product_brand?post=861"},{"taxonomy":"product_cat","embeddable":true,"href":"https:\/\/beynur.eu\/de\/wp-json\/wp\/v2\/product_cat?post=861"},{"taxonomy":"product_tag","embeddable":true,"href":"https:\/\/beynur.eu\/de\/wp-json\/wp\/v2\/product_tag?post=861"}],"curies":[{"name":"wp","href":"https:\/\/api.w.org\/{rel}","templated":true}]}}