{"id":889,"date":"2021-12-07T16:53:44","date_gmt":"2021-12-07T16:53:44","guid":{"rendered":"https:\/\/beynur.eu\/?post_type=product&#038;p=889"},"modified":"2026-03-08T12:14:27","modified_gmt":"2026-03-08T12:14:27","slug":"tavuk-burger-18-adet","status":"publish","type":"product","link":"https:\/\/beynur.eu\/de\/produkt\/tavuk-burger-18-adet\/","title":{"rendered":"H\u00e4hnchenburger (18 St\u00fcck)"},"content":{"rendered":"<p>Wir haben eine gute Nachricht f\u00fcr die Feinschmecker, die vor allem H\u00e4hnchenbratlinge m\u00f6gen! Beynur bietet Ihnen \u00fcberaus k\u00f6stliche und gesunde H\u00e4hnchenbratlinge an, die Sie mit all Ihren Familienmitgliedern genie\u00dfen k\u00f6nnen!<\/p>\n<p>Diese H\u00e4hnchenbratlinge verw\u00f6hnen den Gaumen und sind mit dieser Besonderheit nicht nur f\u00fcr Kinder, sondern auch f\u00fcr Erwachsene eine unverzichtbare Alternative. Wir bieten Ihnen diese K\u00f6stlichkeit als tiefgefrorenes Produkt in 840g-Packungen an. So k\u00f6nnen Sie Ihren unerwarteten G\u00e4sten m\u00fchelos eine unvergessliche Mahlzeit zubereiten.<\/p>\n<p>Sie sind schmackhaft, leicht zum Zubereiten und werden nach den islamischen Richtlinien hergestellt. Dieses Produkt wird au\u00dferdem in Anlagen verarbeitet, in denen auch Eier, Milch (mit Laktose) verarbeitet werden. Wir empfehlen Ihnen, unsere H\u00e4hnchenbratrollen bis zum inneren Kern durchzubraten. Vermeiden Sie das Auftauen in der Packung.<\/p>\n<p>&nbsp;<\/p>\n<p><strong>Zubereitung:<\/strong><\/p>\n<p>H\u00e4hnchenbratrollen passen perfekt zum Backofen, Grill, aber auch zur Pfanne und Fritteuse. F\u00fcr tiefgefrorene H\u00e4hnchenbratrollen brauchen Sie in der Fritteuse bei 180 \u00b0C 3 Minuten, f\u00fcr aufgetaute brauchen Sie hingegen nur 2 Minuten.<\/p>\n<p>&nbsp;<\/p>\n<p><strong>Aufbewahrungsempfehlung:<\/strong><\/p>\n<p>Gefrierschrank: bei -18 \u00b0C in 12 Monaten nach der Herstellung<\/p>\n<p>Tiefgefroren: 1 Monat bei -12\u00b0CGefrierfach: 1 Monat bei -12\u00b0C<\/p>\n<p>K\u00fchlschrank: 2 Tage unter 7 \u00b0C<\/p>\n<p>Nach dem Auftauen nicht wieder einfrieren!<\/p>","protected":false},"excerpt":{"rendered":"<p>Wir haben eine gute Nachricht f\u00fcr die Feinschmecker, die vor allem H\u00e4hnchenbratlinge m\u00f6gen! Beynur bietet Ihnen \u00fcberaus k\u00f6stliche und gesunde H\u00e4hnchenbratlinge an, die Sie mit all Ihren Familienmitgliedern genie\u00dfen k\u00f6nnen!<\/p>\n<p>Diese H\u00e4hnchenbratlinge verw\u00f6hnen den Gaumen und sind mit dieser Besonderheit nicht nur f\u00fcr Kinder, sondern auch f\u00fcr Erwachsene eine unverzichtbare Alternative. Wir bieten Ihnen diese K\u00f6stlichkeit als tiefgefrorenes Produkt in 840g-Packungen an. So k\u00f6nnen Sie Ihren unerwarteten G\u00e4sten m\u00fchelos eine unvergessliche Mahlzeit zubereiten.<\/p>","protected":false},"featured_media":890,"template":"","meta":[],"product_brand":[],"product_cat":[18],"product_tag":[],"class_list":{"0":"post-889","1":"product","2":"type-product","3":"status-publish","4":"has-post-thumbnail","6":"product_cat-tavuk-ve-hindi-urunleri","8":"first","9":"instock","10":"shipping-taxable","11":"product-type-simple"},"yoast_head":"<!-- This site is optimized with the Yoast SEO plugin v26.8 - https:\/\/yoast.com\/product\/yoast-seo-wordpress\/ -->\n<title>Tavuk Burger (18 Adet) - Beynur<\/title>\n<meta name=\"robots\" content=\"index, follow, max-snippet:-1, max-image-preview:large, max-video-preview:-1\" \/>\n<link rel=\"canonical\" href=\"https:\/\/beynur.eu\/de\/produkt\/tavuk-burger-18-adet\/\" \/>\n<meta property=\"og:locale\" content=\"de_DE\" \/>\n<meta property=\"og:type\" content=\"article\" \/>\n<meta property=\"og:title\" content=\"Tavuk Burger (18 Adet) - Beynur\" \/>\n<meta property=\"og:description\" content=\"Tavuk Burger severlere m\u00fcjde! Beynur\u2019dan g\u00f6n\u00fcl rahatl\u0131\u011f\u0131yla ailecek t\u00fcketilecek, lezzetli oldu\u011fu kadar sa\u011fl\u0131kl\u0131 da olan nefis Tavuk Burgerler!  Damak tad\u0131n\u0131za uygun pili\u00e7 tad\u0131 ile Beynur Tavuk Burger, en az \u00e7ocuklar kadar yeti\u015fkinler i\u00e7in de iyi bir alternatif. Sizler i\u00e7in 840gr\u2019l\u0131k paketlerde dondurulmu\u015f olarak haz\u0131rlanan bu lezzetli \u00fcr\u00fcn ile davetsiz misafirlerinize g\u00fcn boyu kolay bir \u015fekilde enfes sofralar haz\u0131rlayabileceksiniz.\" \/>\n<meta property=\"og:url\" content=\"https:\/\/beynur.eu\/de\/produkt\/tavuk-burger-18-adet\/\" \/>\n<meta property=\"og:site_name\" content=\"Beynur\" \/>\n<meta property=\"article:modified_time\" content=\"2026-03-08T12:14:27+00:00\" \/>\n<meta property=\"og:image\" content=\"https:\/\/beynur.eu\/wp-content\/uploads\/2021\/12\/Tavuk_Burger.jpg\" \/>\n\t<meta property=\"og:image:width\" content=\"1000\" \/>\n\t<meta property=\"og:image:height\" content=\"1000\" \/>\n\t<meta property=\"og:image:type\" content=\"image\/jpeg\" \/>\n<meta name=\"twitter:card\" content=\"summary_large_image\" \/>\n<meta name=\"twitter:label1\" content=\"Gesch\u00e4tzte Lesezeit\" \/>\n\t<meta name=\"twitter:data1\" content=\"2\u00a0Minuten\" \/>\n<script type=\"application\/ld+json\" class=\"yoast-schema-graph\">{\"@context\":\"https:\/\/schema.org\",\"@graph\":[{\"@type\":\"WebPage\",\"@id\":\"https:\/\/beynur.eu\/urun\/tavuk-burger-18-adet\/\",\"url\":\"https:\/\/beynur.eu\/urun\/tavuk-burger-18-adet\/\",\"name\":\"Tavuk Burger (18 Adet) - Beynur\",\"isPartOf\":{\"@id\":\"https:\/\/beynur.eu\/#website\"},\"primaryImageOfPage\":{\"@id\":\"https:\/\/beynur.eu\/urun\/tavuk-burger-18-adet\/#primaryimage\"},\"image\":{\"@id\":\"https:\/\/beynur.eu\/urun\/tavuk-burger-18-adet\/#primaryimage\"},\"thumbnailUrl\":\"https:\/\/beynur.eu\/wp-content\/uploads\/2021\/12\/Tavuk_Burger.jpg\",\"datePublished\":\"2021-12-07T16:53:44+00:00\",\"dateModified\":\"2026-03-08T12:14:27+00:00\",\"breadcrumb\":{\"@id\":\"https:\/\/beynur.eu\/urun\/tavuk-burger-18-adet\/#breadcrumb\"},\"inLanguage\":\"de\",\"potentialAction\":[{\"@type\":\"ReadAction\",\"target\":[\"https:\/\/beynur.eu\/urun\/tavuk-burger-18-adet\/\"]}]},{\"@type\":\"ImageObject\",\"inLanguage\":\"de\",\"@id\":\"https:\/\/beynur.eu\/urun\/tavuk-burger-18-adet\/#primaryimage\",\"url\":\"https:\/\/beynur.eu\/wp-content\/uploads\/2021\/12\/Tavuk_Burger.jpg\",\"contentUrl\":\"https:\/\/beynur.eu\/wp-content\/uploads\/2021\/12\/Tavuk_Burger.jpg\",\"width\":1000,\"height\":1000},{\"@type\":\"BreadcrumbList\",\"@id\":\"https:\/\/beynur.eu\/urun\/tavuk-burger-18-adet\/#breadcrumb\",\"itemListElement\":[{\"@type\":\"ListItem\",\"position\":1,\"name\":\"Home\",\"item\":\"https:\/\/beynur.eu\/\"},{\"@type\":\"ListItem\",\"position\":2,\"name\":\"\u00dcr\u00fcnlerimiz\",\"item\":\"https:\/\/beynur.eu\/en\/urunlerimiz\/\"},{\"@type\":\"ListItem\",\"position\":3,\"name\":\"Tavuk Burger (18 Adet)\"}]},{\"@type\":\"WebSite\",\"@id\":\"https:\/\/beynur.eu\/#website\",\"url\":\"https:\/\/beynur.eu\/\",\"name\":\"Beynur\",\"description\":\"\u0130lk g\u00fcnk\u00fc a\u015fkla, muhte\u015fem tatlar.\",\"potentialAction\":[{\"@type\":\"SearchAction\",\"target\":{\"@type\":\"EntryPoint\",\"urlTemplate\":\"https:\/\/beynur.eu\/?s={search_term_string}\"},\"query-input\":{\"@type\":\"PropertyValueSpecification\",\"valueRequired\":true,\"valueName\":\"search_term_string\"}}],\"inLanguage\":\"de\"}]}<\/script>\n<!-- \/ Yoast SEO plugin. -->","yoast_head_json":{"title":"Tavuk Burger (18 Adet) - Beynur","robots":{"index":"index","follow":"follow","max-snippet":"max-snippet:-1","max-image-preview":"max-image-preview:large","max-video-preview":"max-video-preview:-1"},"canonical":"https:\/\/beynur.eu\/de\/produkt\/tavuk-burger-18-adet\/","og_locale":"de_DE","og_type":"article","og_title":"Tavuk Burger (18 Adet) - Beynur","og_description":"Tavuk Burger severlere m\u00fcjde! Beynur\u2019dan g\u00f6n\u00fcl rahatl\u0131\u011f\u0131yla ailecek t\u00fcketilecek, lezzetli oldu\u011fu kadar sa\u011fl\u0131kl\u0131 da olan nefis Tavuk Burgerler!  Damak tad\u0131n\u0131za uygun pili\u00e7 tad\u0131 ile Beynur Tavuk Burger, en az \u00e7ocuklar kadar yeti\u015fkinler i\u00e7in de iyi bir alternatif. Sizler i\u00e7in 840gr\u2019l\u0131k paketlerde dondurulmu\u015f olarak haz\u0131rlanan bu lezzetli \u00fcr\u00fcn ile davetsiz misafirlerinize g\u00fcn boyu kolay bir \u015fekilde enfes sofralar haz\u0131rlayabileceksiniz.","og_url":"https:\/\/beynur.eu\/de\/produkt\/tavuk-burger-18-adet\/","og_site_name":"Beynur","article_modified_time":"2026-03-08T12:14:27+00:00","og_image":[{"width":1000,"height":1000,"url":"https:\/\/beynur.eu\/wp-content\/uploads\/2021\/12\/Tavuk_Burger.jpg","type":"image\/jpeg"}],"twitter_card":"summary_large_image","twitter_misc":{"Gesch\u00e4tzte Lesezeit":"2\u00a0Minuten"},"schema":{"@context":"https:\/\/schema.org","@graph":[{"@type":"WebPage","@id":"https:\/\/beynur.eu\/urun\/tavuk-burger-18-adet\/","url":"https:\/\/beynur.eu\/urun\/tavuk-burger-18-adet\/","name":"Tavuk Burger (18 Adet) - Beynur","isPartOf":{"@id":"https:\/\/beynur.eu\/#website"},"primaryImageOfPage":{"@id":"https:\/\/beynur.eu\/urun\/tavuk-burger-18-adet\/#primaryimage"},"image":{"@id":"https:\/\/beynur.eu\/urun\/tavuk-burger-18-adet\/#primaryimage"},"thumbnailUrl":"https:\/\/beynur.eu\/wp-content\/uploads\/2021\/12\/Tavuk_Burger.jpg","datePublished":"2021-12-07T16:53:44+00:00","dateModified":"2026-03-08T12:14:27+00:00","breadcrumb":{"@id":"https:\/\/beynur.eu\/urun\/tavuk-burger-18-adet\/#breadcrumb"},"inLanguage":"de","potentialAction":[{"@type":"ReadAction","target":["https:\/\/beynur.eu\/urun\/tavuk-burger-18-adet\/"]}]},{"@type":"ImageObject","inLanguage":"de","@id":"https:\/\/beynur.eu\/urun\/tavuk-burger-18-adet\/#primaryimage","url":"https:\/\/beynur.eu\/wp-content\/uploads\/2021\/12\/Tavuk_Burger.jpg","contentUrl":"https:\/\/beynur.eu\/wp-content\/uploads\/2021\/12\/Tavuk_Burger.jpg","width":1000,"height":1000},{"@type":"BreadcrumbList","@id":"https:\/\/beynur.eu\/urun\/tavuk-burger-18-adet\/#breadcrumb","itemListElement":[{"@type":"ListItem","position":1,"name":"Home","item":"https:\/\/beynur.eu\/"},{"@type":"ListItem","position":2,"name":"\u00dcr\u00fcnlerimiz","item":"https:\/\/beynur.eu\/en\/urunlerimiz\/"},{"@type":"ListItem","position":3,"name":"Tavuk Burger (18 Adet)"}]},{"@type":"WebSite","@id":"https:\/\/beynur.eu\/#website","url":"https:\/\/beynur.eu\/","name":"Beynur","description":"\u0130lk g\u00fcnk\u00fc a\u015fkla, muhte\u015fem tatlar.","potentialAction":[{"@type":"SearchAction","target":{"@type":"EntryPoint","urlTemplate":"https:\/\/beynur.eu\/?s={search_term_string}"},"query-input":{"@type":"PropertyValueSpecification","valueRequired":true,"valueName":"search_term_string"}}],"inLanguage":"de"}]}},"_links":{"self":[{"href":"https:\/\/beynur.eu\/de\/wp-json\/wp\/v2\/product\/889","targetHints":{"allow":["GET"]}}],"collection":[{"href":"https:\/\/beynur.eu\/de\/wp-json\/wp\/v2\/product"}],"about":[{"href":"https:\/\/beynur.eu\/de\/wp-json\/wp\/v2\/types\/product"}],"wp:featuredmedia":[{"embeddable":true,"href":"https:\/\/beynur.eu\/de\/wp-json\/wp\/v2\/media\/890"}],"wp:attachment":[{"href":"https:\/\/beynur.eu\/de\/wp-json\/wp\/v2\/media?parent=889"}],"wp:term":[{"taxonomy":"product_brand","embeddable":true,"href":"https:\/\/beynur.eu\/de\/wp-json\/wp\/v2\/product_brand?post=889"},{"taxonomy":"product_cat","embeddable":true,"href":"https:\/\/beynur.eu\/de\/wp-json\/wp\/v2\/product_cat?post=889"},{"taxonomy":"product_tag","embeddable":true,"href":"https:\/\/beynur.eu\/de\/wp-json\/wp\/v2\/product_tag?post=889"}],"curies":[{"name":"wp","href":"https:\/\/api.w.org\/{rel}","templated":true}]}}