{"id":142,"date":"2018-03-31T21:24:43","date_gmt":"2018-03-31T21:24:43","guid":{"rendered":"https:\/\/beynur.eu\/?post_type=product&#038;p=142"},"modified":"2026-03-08T12:40:03","modified_gmt":"2026-03-08T12:40:03","slug":"balik-burger","status":"publish","type":"product","link":"https:\/\/beynur.eu\/en\/product-2\/fish-burger\/","title":{"rendered":"Fish Burger"},"content":{"rendered":"<p>Beynur Fish Shaped Fish Burger is a taste created by forming fresh fish meat into meatballs. Fish Burger is produced by mixing with breadcrumbs and crispy breaded mixture, so your kids gonna love it.<\/p>\n<p>You can try Fish Burger, which is easy to prepare and tasty to eat, with different sauces and prepare a beautiful meal table by servicing along with the delicious fries. With Beynur Fish Burger, your kids will love to eat fish and grow up healthly.<\/p>\n<p>You can easily prepare our fried and deep-frozen product in microwave oven and then enrich your meal tables with its rich nutritional value.<\/p>\n<p><strong>Storage:<\/strong><\/p>\n<p>2 days in the fridge.<\/p>\n<p>1 week in an one star * freezer.<\/p>\n<p>2 weeks in a two stars * freezer.2 weeks in a two stars * freezer.<\/p>\n<p>In a *** star freezer at (-18 \u00b0C): See the expiration date.<\/p>","protected":false},"excerpt":{"rendered":"<p>Beynur Fish Shaped Fish Burger is a taste created by forming fresh fish meat into meatballs. Fish Burger is produced by mixing with breadcrumbs and crispy breaded mixture, so your kids gonna love it.<\/p>\n<p>You can try Fish Burger, which is easy to prepare and tasty to eat, with different sauces and prepare a beautiful meal table by servicing along with the delicious fries. With Beynur Fish Burger, your kids will love to eat fish and grow up healthly.<\/p>","protected":false},"featured_media":264,"template":"","meta":[],"product_brand":[],"product_cat":[19],"product_tag":[],"class_list":{"0":"post-142","1":"product","2":"type-product","3":"status-publish","4":"has-post-thumbnail","6":"product_cat-balik-urunleri","8":"first","9":"instock","10":"shipping-taxable","11":"product-type-simple"},"yoast_head":"<!-- This site is optimized with the Yoast SEO plugin v26.8 - https:\/\/yoast.com\/product\/yoast-seo-wordpress\/ -->\n<title>Bal\u0131k Burger - Beynur<\/title>\n<meta name=\"robots\" content=\"index, follow, max-snippet:-1, max-image-preview:large, max-video-preview:-1\" \/>\n<link rel=\"canonical\" href=\"https:\/\/beynur.eu\/en\/product-2\/fish-burger\/\" \/>\n<meta property=\"og:locale\" content=\"en_GB\" \/>\n<meta property=\"og:type\" content=\"article\" \/>\n<meta property=\"og:title\" content=\"Bal\u0131k Burger - Beynur\" \/>\n<meta property=\"og:description\" content=\"Beynur Bal\u0131k Burger, taze bal\u0131klar\u0131n k\u00f6fte haline getirilmesi ile olu\u015fan bir lezzettir. \u00c7ocuklar\u0131n\u0131z\u0131n severek yiyece\u011fi Bal\u0131k Burger ekmek k\u0131r\u0131nt\u0131lar\u0131 ve \u00e7\u0131t\u0131r pane harc\u0131 ile k\u0131zart\u0131larak \u00fcretilmi\u015ftir.  Haz\u0131rlan\u0131\u015f\u0131 pratik, lezzeti enfes olan Bal\u0131k Burger\u2019i farkl\u0131 soslarla deneyebilir yan\u0131na k\u0131zartmalarla g\u00fczel bir sofra haz\u0131rlayabilirsiniz. Beynur Bal\u0131k Burger ile \u00e7ocuklar\u0131n\u0131za bal\u0131\u011f\u0131 sevdirecek ve daha sa\u011fl\u0131kl\u0131 yeti\u015fmelerini sa\u011flayacaks\u0131n\u0131z.\" \/>\n<meta property=\"og:url\" content=\"https:\/\/beynur.eu\/en\/product-2\/fish-burger\/\" \/>\n<meta property=\"og:site_name\" content=\"Beynur\" \/>\n<meta property=\"article:modified_time\" content=\"2026-03-08T12:40:03+00:00\" \/>\n<meta property=\"og:image\" content=\"https:\/\/beynur.eu\/wp-content\/uploads\/2018\/03\/balik-burger-1.jpg\" \/>\n\t<meta property=\"og:image:width\" content=\"1000\" \/>\n\t<meta property=\"og:image:height\" content=\"1000\" \/>\n\t<meta property=\"og:image:type\" content=\"image\/jpeg\" \/>\n<meta name=\"twitter:card\" content=\"summary_large_image\" \/>\n<meta name=\"twitter:label1\" content=\"Estimated reading time\" \/>\n\t<meta name=\"twitter:data1\" content=\"1 minute\" \/>\n<script type=\"application\/ld+json\" class=\"yoast-schema-graph\">{\"@context\":\"https:\/\/schema.org\",\"@graph\":[{\"@type\":\"WebPage\",\"@id\":\"https:\/\/beynur.eu\/urun\/balik-burger\/\",\"url\":\"https:\/\/beynur.eu\/urun\/balik-burger\/\",\"name\":\"Bal\u0131k Burger - Beynur\",\"isPartOf\":{\"@id\":\"https:\/\/beynur.eu\/#website\"},\"primaryImageOfPage\":{\"@id\":\"https:\/\/beynur.eu\/urun\/balik-burger\/#primaryimage\"},\"image\":{\"@id\":\"https:\/\/beynur.eu\/urun\/balik-burger\/#primaryimage\"},\"thumbnailUrl\":\"https:\/\/beynur.eu\/wp-content\/uploads\/2018\/03\/balik-burger-1.jpg\",\"datePublished\":\"2018-03-31T21:24:43+00:00\",\"dateModified\":\"2026-03-08T12:40:03+00:00\",\"breadcrumb\":{\"@id\":\"https:\/\/beynur.eu\/urun\/balik-burger\/#breadcrumb\"},\"inLanguage\":\"en-GB\",\"potentialAction\":[{\"@type\":\"ReadAction\",\"target\":[\"https:\/\/beynur.eu\/urun\/balik-burger\/\"]}]},{\"@type\":\"ImageObject\",\"inLanguage\":\"en-GB\",\"@id\":\"https:\/\/beynur.eu\/urun\/balik-burger\/#primaryimage\",\"url\":\"https:\/\/beynur.eu\/wp-content\/uploads\/2018\/03\/balik-burger-1.jpg\",\"contentUrl\":\"https:\/\/beynur.eu\/wp-content\/uploads\/2018\/03\/balik-burger-1.jpg\",\"width\":1000,\"height\":1000},{\"@type\":\"BreadcrumbList\",\"@id\":\"https:\/\/beynur.eu\/urun\/balik-burger\/#breadcrumb\",\"itemListElement\":[{\"@type\":\"ListItem\",\"position\":1,\"name\":\"Home\",\"item\":\"https:\/\/beynur.eu\/\"},{\"@type\":\"ListItem\",\"position\":2,\"name\":\"\u00dcr\u00fcnlerimiz\",\"item\":\"https:\/\/beynur.eu\/en\/urunlerimiz\/\"},{\"@type\":\"ListItem\",\"position\":3,\"name\":\"Bal\u0131k Burger\"}]},{\"@type\":\"WebSite\",\"@id\":\"https:\/\/beynur.eu\/#website\",\"url\":\"https:\/\/beynur.eu\/\",\"name\":\"Beynur\",\"description\":\"\u0130lk g\u00fcnk\u00fc a\u015fkla, muhte\u015fem tatlar.\",\"potentialAction\":[{\"@type\":\"SearchAction\",\"target\":{\"@type\":\"EntryPoint\",\"urlTemplate\":\"https:\/\/beynur.eu\/?s={search_term_string}\"},\"query-input\":{\"@type\":\"PropertyValueSpecification\",\"valueRequired\":true,\"valueName\":\"search_term_string\"}}],\"inLanguage\":\"en-GB\"}]}<\/script>\n<!-- \/ Yoast SEO plugin. -->","yoast_head_json":{"title":"Bal\u0131k Burger - Beynur","robots":{"index":"index","follow":"follow","max-snippet":"max-snippet:-1","max-image-preview":"max-image-preview:large","max-video-preview":"max-video-preview:-1"},"canonical":"https:\/\/beynur.eu\/en\/product-2\/fish-burger\/","og_locale":"en_GB","og_type":"article","og_title":"Bal\u0131k Burger - Beynur","og_description":"Beynur Bal\u0131k Burger, taze bal\u0131klar\u0131n k\u00f6fte haline getirilmesi ile olu\u015fan bir lezzettir. \u00c7ocuklar\u0131n\u0131z\u0131n severek yiyece\u011fi Bal\u0131k Burger ekmek k\u0131r\u0131nt\u0131lar\u0131 ve \u00e7\u0131t\u0131r pane harc\u0131 ile k\u0131zart\u0131larak \u00fcretilmi\u015ftir.  Haz\u0131rlan\u0131\u015f\u0131 pratik, lezzeti enfes olan Bal\u0131k Burger\u2019i farkl\u0131 soslarla deneyebilir yan\u0131na k\u0131zartmalarla g\u00fczel bir sofra haz\u0131rlayabilirsiniz. Beynur Bal\u0131k Burger ile \u00e7ocuklar\u0131n\u0131za bal\u0131\u011f\u0131 sevdirecek ve daha sa\u011fl\u0131kl\u0131 yeti\u015fmelerini sa\u011flayacaks\u0131n\u0131z.","og_url":"https:\/\/beynur.eu\/en\/product-2\/fish-burger\/","og_site_name":"Beynur","article_modified_time":"2026-03-08T12:40:03+00:00","og_image":[{"width":1000,"height":1000,"url":"https:\/\/beynur.eu\/wp-content\/uploads\/2018\/03\/balik-burger-1.jpg","type":"image\/jpeg"}],"twitter_card":"summary_large_image","twitter_misc":{"Estimated reading time":"1 minute"},"schema":{"@context":"https:\/\/schema.org","@graph":[{"@type":"WebPage","@id":"https:\/\/beynur.eu\/urun\/balik-burger\/","url":"https:\/\/beynur.eu\/urun\/balik-burger\/","name":"Bal\u0131k Burger - Beynur","isPartOf":{"@id":"https:\/\/beynur.eu\/#website"},"primaryImageOfPage":{"@id":"https:\/\/beynur.eu\/urun\/balik-burger\/#primaryimage"},"image":{"@id":"https:\/\/beynur.eu\/urun\/balik-burger\/#primaryimage"},"thumbnailUrl":"https:\/\/beynur.eu\/wp-content\/uploads\/2018\/03\/balik-burger-1.jpg","datePublished":"2018-03-31T21:24:43+00:00","dateModified":"2026-03-08T12:40:03+00:00","breadcrumb":{"@id":"https:\/\/beynur.eu\/urun\/balik-burger\/#breadcrumb"},"inLanguage":"en-GB","potentialAction":[{"@type":"ReadAction","target":["https:\/\/beynur.eu\/urun\/balik-burger\/"]}]},{"@type":"ImageObject","inLanguage":"en-GB","@id":"https:\/\/beynur.eu\/urun\/balik-burger\/#primaryimage","url":"https:\/\/beynur.eu\/wp-content\/uploads\/2018\/03\/balik-burger-1.jpg","contentUrl":"https:\/\/beynur.eu\/wp-content\/uploads\/2018\/03\/balik-burger-1.jpg","width":1000,"height":1000},{"@type":"BreadcrumbList","@id":"https:\/\/beynur.eu\/urun\/balik-burger\/#breadcrumb","itemListElement":[{"@type":"ListItem","position":1,"name":"Home","item":"https:\/\/beynur.eu\/"},{"@type":"ListItem","position":2,"name":"\u00dcr\u00fcnlerimiz","item":"https:\/\/beynur.eu\/en\/urunlerimiz\/"},{"@type":"ListItem","position":3,"name":"Bal\u0131k Burger"}]},{"@type":"WebSite","@id":"https:\/\/beynur.eu\/#website","url":"https:\/\/beynur.eu\/","name":"Beynur","description":"\u0130lk g\u00fcnk\u00fc a\u015fkla, muhte\u015fem tatlar.","potentialAction":[{"@type":"SearchAction","target":{"@type":"EntryPoint","urlTemplate":"https:\/\/beynur.eu\/?s={search_term_string}"},"query-input":{"@type":"PropertyValueSpecification","valueRequired":true,"valueName":"search_term_string"}}],"inLanguage":"en-GB"}]}},"_links":{"self":[{"href":"https:\/\/beynur.eu\/en\/wp-json\/wp\/v2\/product\/142","targetHints":{"allow":["GET"]}}],"collection":[{"href":"https:\/\/beynur.eu\/en\/wp-json\/wp\/v2\/product"}],"about":[{"href":"https:\/\/beynur.eu\/en\/wp-json\/wp\/v2\/types\/product"}],"wp:featuredmedia":[{"embeddable":true,"href":"https:\/\/beynur.eu\/en\/wp-json\/wp\/v2\/media\/264"}],"wp:attachment":[{"href":"https:\/\/beynur.eu\/en\/wp-json\/wp\/v2\/media?parent=142"}],"wp:term":[{"taxonomy":"product_brand","embeddable":true,"href":"https:\/\/beynur.eu\/en\/wp-json\/wp\/v2\/product_brand?post=142"},{"taxonomy":"product_cat","embeddable":true,"href":"https:\/\/beynur.eu\/en\/wp-json\/wp\/v2\/product_cat?post=142"},{"taxonomy":"product_tag","embeddable":true,"href":"https:\/\/beynur.eu\/en\/wp-json\/wp\/v2\/product_tag?post=142"}],"curies":[{"name":"wp","href":"https:\/\/api.w.org\/{rel}","templated":true}]}}