{"id":145,"date":"2018-03-31T21:31:36","date_gmt":"2018-03-31T21:31:36","guid":{"rendered":"https:\/\/beynur.eu\/?post_type=product&#038;p=145"},"modified":"2026-03-08T12:14:53","modified_gmt":"2026-03-08T12:14:53","slug":"tavuk-sosis-10-adet","status":"publish","type":"product","link":"https:\/\/beynur.eu\/en\/urun\/tavuk-sosis-10-adet\/","title":{"rendered":"Chicken Frikandelles (10 Pieces)"},"content":{"rendered":"<p>Beynur Chicken Sausage, which is obtained from delicious and healthy chickens cultivated meticulously, is a taste you can safely consume.<\/p>\n<p>Beynur Chicken Sausage 850gr package meets your needs for white meat in a healthy way. With its practical use, it is suitable for the taste of your children, and with the average nutritional value, makes contribution to your health. With Beynur Chicken Sausage you can surprise your guests by preparing pastas, pastries and pizzas for your unexpected guests in a short time.<\/p>\n<p>Our chicken sausages, which are both very light and delicious, are produced from chickens carved properly to Islamic methods, and they are processed in a facility where also eggs and milk (including lactose) are processed. We recommend you to warm it up to its core. Prevent the product from being defrosted in its package.<\/p>\n<p>&nbsp;<\/p>\n<p><strong>Preparation:<\/strong><\/p>\n<p>Suitable for oven, grill, pan, barbecue and deep fryer. Fry in deep fryer, for 3 minutes if frozen or 2 minutes if defrosted, at 180\u00b0C.<\/p>\n<p>&nbsp;<\/p>\n<p><strong>Storage Advice:<\/strong><\/p>\n<p>Deep freeze: under -18\u00b0C, for 18 months after production date<\/p>\n<p>Frozen: -12\u00b0C, 1 month<\/p>\n<p>Refrigerator: under 7\u00b0C, 2 days.<\/p>\n<p>Do not frost again after it is defrosted once.<\/p>","protected":false},"excerpt":{"rendered":"<p>Beynur Chicken Sausage, which is obtained from delicious and healthy chickens cultivated meticulously, is a taste you can safely consume.<\/p>\n<p>Beynur Chicken Sausage 850gr package meets your needs for white meat in a healthy way. With its practical use, it is suitable for the taste of your children, and with the average nutritional value, makes contribution to your health. With Beynur Chicken Sausage you can surprise your guests by preparing pastas, pastries and pizzas for your unexpected guests in a short time.<\/p>","protected":false},"featured_media":289,"template":"","meta":[],"product_brand":[],"product_cat":[18],"product_tag":[],"class_list":{"0":"post-145","1":"product","2":"type-product","3":"status-publish","4":"has-post-thumbnail","6":"product_cat-tavuk-ve-hindi-urunleri","8":"first","9":"instock","10":"shipping-taxable","11":"product-type-simple"},"yoast_head":"<!-- This site is optimized with the Yoast SEO plugin v26.8 - https:\/\/yoast.com\/product\/yoast-seo-wordpress\/ -->\n<title>Tavuk Sosis (10 Adet) - Beynur<\/title>\n<meta name=\"robots\" content=\"index, follow, max-snippet:-1, max-image-preview:large, max-video-preview:-1\" \/>\n<link rel=\"canonical\" href=\"https:\/\/beynur.eu\/en\/product-2\/tavuk-sosis-10-adet\/\" \/>\n<meta property=\"og:locale\" content=\"en_GB\" \/>\n<meta property=\"og:type\" content=\"article\" \/>\n<meta property=\"og:title\" content=\"Tavuk Sosis (10 Adet) - Beynur\" \/>\n<meta property=\"og:description\" content=\"Titizlikle yeti\u015ftirilmi\u015f, tad\u0131 g\u00fczel ve sa\u011fl\u0131kl\u0131 pili\u00e7lerden elde edilen Beynur Tavuk Sosis dondurulmu\u015f bir \u015fekilde g\u00fcvenle t\u00fcketebilece\u011finiz lezzettir.  Beynur Tavuk Sosis 850gr\u2019l\u0131k paketi beyaz et ihtiyac\u0131n\u0131z\u0131 sa\u011fl\u0131kl\u0131 bir \u015fekilde giderir. Pratik kullan\u0131m\u0131 ile \u00e7ocuklar\u0131n\u0131z\u0131n damak tad\u0131na uygun olup ortalama besin de\u011ferlerinde sa\u011fl\u0131\u011f\u0131n\u0131za sa\u011fl\u0131k katar. Beynur Tavuk Sosis ile davetsiz misafirleriniz i\u00e7in k\u0131sa s\u00fcrede makarnalar, po\u011fa\u00e7alar, b\u00f6rekler ve pizzalar haz\u0131rlayarak konuklar\u0131n\u0131z\u0131 \u015fa\u015f\u0131rtabilirsiniz.\" \/>\n<meta property=\"og:url\" content=\"https:\/\/beynur.eu\/en\/product-2\/tavuk-sosis-10-adet\/\" \/>\n<meta property=\"og:site_name\" content=\"Beynur\" \/>\n<meta property=\"article:modified_time\" content=\"2026-03-08T12:14:53+00:00\" \/>\n<meta property=\"og:image\" content=\"https:\/\/beynur.eu\/wp-content\/uploads\/2018\/03\/tavuk-sosis-1.jpg\" \/>\n\t<meta property=\"og:image:width\" content=\"1000\" \/>\n\t<meta property=\"og:image:height\" content=\"1000\" \/>\n\t<meta property=\"og:image:type\" content=\"image\/jpeg\" \/>\n<meta name=\"twitter:card\" content=\"summary_large_image\" \/>\n<meta name=\"twitter:label1\" content=\"Estimated reading time\" \/>\n\t<meta name=\"twitter:data1\" content=\"2 minutes\" \/>\n<script type=\"application\/ld+json\" class=\"yoast-schema-graph\">{\"@context\":\"https:\/\/schema.org\",\"@graph\":[{\"@type\":\"WebPage\",\"@id\":\"https:\/\/beynur.eu\/urun\/tavuk-sosis-10-adet\/\",\"url\":\"https:\/\/beynur.eu\/urun\/tavuk-sosis-10-adet\/\",\"name\":\"Tavuk Sosis (10 Adet) - Beynur\",\"isPartOf\":{\"@id\":\"https:\/\/beynur.eu\/#website\"},\"primaryImageOfPage\":{\"@id\":\"https:\/\/beynur.eu\/urun\/tavuk-sosis-10-adet\/#primaryimage\"},\"image\":{\"@id\":\"https:\/\/beynur.eu\/urun\/tavuk-sosis-10-adet\/#primaryimage\"},\"thumbnailUrl\":\"https:\/\/beynur.eu\/wp-content\/uploads\/2018\/03\/tavuk-sosis-1.jpg\",\"datePublished\":\"2018-03-31T21:31:36+00:00\",\"dateModified\":\"2026-03-08T12:14:53+00:00\",\"breadcrumb\":{\"@id\":\"https:\/\/beynur.eu\/urun\/tavuk-sosis-10-adet\/#breadcrumb\"},\"inLanguage\":\"en-GB\",\"potentialAction\":[{\"@type\":\"ReadAction\",\"target\":[\"https:\/\/beynur.eu\/urun\/tavuk-sosis-10-adet\/\"]}]},{\"@type\":\"ImageObject\",\"inLanguage\":\"en-GB\",\"@id\":\"https:\/\/beynur.eu\/urun\/tavuk-sosis-10-adet\/#primaryimage\",\"url\":\"https:\/\/beynur.eu\/wp-content\/uploads\/2018\/03\/tavuk-sosis-1.jpg\",\"contentUrl\":\"https:\/\/beynur.eu\/wp-content\/uploads\/2018\/03\/tavuk-sosis-1.jpg\",\"width\":1000,\"height\":1000},{\"@type\":\"BreadcrumbList\",\"@id\":\"https:\/\/beynur.eu\/urun\/tavuk-sosis-10-adet\/#breadcrumb\",\"itemListElement\":[{\"@type\":\"ListItem\",\"position\":1,\"name\":\"Home\",\"item\":\"https:\/\/beynur.eu\/\"},{\"@type\":\"ListItem\",\"position\":2,\"name\":\"\u00dcr\u00fcnlerimiz\",\"item\":\"https:\/\/beynur.eu\/en\/urunlerimiz\/\"},{\"@type\":\"ListItem\",\"position\":3,\"name\":\"Tavuk Sosis (10 Adet)\"}]},{\"@type\":\"WebSite\",\"@id\":\"https:\/\/beynur.eu\/#website\",\"url\":\"https:\/\/beynur.eu\/\",\"name\":\"Beynur\",\"description\":\"\u0130lk g\u00fcnk\u00fc a\u015fkla, muhte\u015fem tatlar.\",\"potentialAction\":[{\"@type\":\"SearchAction\",\"target\":{\"@type\":\"EntryPoint\",\"urlTemplate\":\"https:\/\/beynur.eu\/?s={search_term_string}\"},\"query-input\":{\"@type\":\"PropertyValueSpecification\",\"valueRequired\":true,\"valueName\":\"search_term_string\"}}],\"inLanguage\":\"en-GB\"}]}<\/script>\n<!-- \/ Yoast SEO plugin. -->","yoast_head_json":{"title":"Tavuk Sosis (10 Adet) - Beynur","robots":{"index":"index","follow":"follow","max-snippet":"max-snippet:-1","max-image-preview":"max-image-preview:large","max-video-preview":"max-video-preview:-1"},"canonical":"https:\/\/beynur.eu\/en\/product-2\/tavuk-sosis-10-adet\/","og_locale":"en_GB","og_type":"article","og_title":"Tavuk Sosis (10 Adet) - Beynur","og_description":"Titizlikle yeti\u015ftirilmi\u015f, tad\u0131 g\u00fczel ve sa\u011fl\u0131kl\u0131 pili\u00e7lerden elde edilen Beynur Tavuk Sosis dondurulmu\u015f bir \u015fekilde g\u00fcvenle t\u00fcketebilece\u011finiz lezzettir.  Beynur Tavuk Sosis 850gr\u2019l\u0131k paketi beyaz et ihtiyac\u0131n\u0131z\u0131 sa\u011fl\u0131kl\u0131 bir \u015fekilde giderir. Pratik kullan\u0131m\u0131 ile \u00e7ocuklar\u0131n\u0131z\u0131n damak tad\u0131na uygun olup ortalama besin de\u011ferlerinde sa\u011fl\u0131\u011f\u0131n\u0131za sa\u011fl\u0131k katar. Beynur Tavuk Sosis ile davetsiz misafirleriniz i\u00e7in k\u0131sa s\u00fcrede makarnalar, po\u011fa\u00e7alar, b\u00f6rekler ve pizzalar haz\u0131rlayarak konuklar\u0131n\u0131z\u0131 \u015fa\u015f\u0131rtabilirsiniz.","og_url":"https:\/\/beynur.eu\/en\/product-2\/tavuk-sosis-10-adet\/","og_site_name":"Beynur","article_modified_time":"2026-03-08T12:14:53+00:00","og_image":[{"width":1000,"height":1000,"url":"https:\/\/beynur.eu\/wp-content\/uploads\/2018\/03\/tavuk-sosis-1.jpg","type":"image\/jpeg"}],"twitter_card":"summary_large_image","twitter_misc":{"Estimated reading time":"2 minutes"},"schema":{"@context":"https:\/\/schema.org","@graph":[{"@type":"WebPage","@id":"https:\/\/beynur.eu\/urun\/tavuk-sosis-10-adet\/","url":"https:\/\/beynur.eu\/urun\/tavuk-sosis-10-adet\/","name":"Tavuk Sosis (10 Adet) - Beynur","isPartOf":{"@id":"https:\/\/beynur.eu\/#website"},"primaryImageOfPage":{"@id":"https:\/\/beynur.eu\/urun\/tavuk-sosis-10-adet\/#primaryimage"},"image":{"@id":"https:\/\/beynur.eu\/urun\/tavuk-sosis-10-adet\/#primaryimage"},"thumbnailUrl":"https:\/\/beynur.eu\/wp-content\/uploads\/2018\/03\/tavuk-sosis-1.jpg","datePublished":"2018-03-31T21:31:36+00:00","dateModified":"2026-03-08T12:14:53+00:00","breadcrumb":{"@id":"https:\/\/beynur.eu\/urun\/tavuk-sosis-10-adet\/#breadcrumb"},"inLanguage":"en-GB","potentialAction":[{"@type":"ReadAction","target":["https:\/\/beynur.eu\/urun\/tavuk-sosis-10-adet\/"]}]},{"@type":"ImageObject","inLanguage":"en-GB","@id":"https:\/\/beynur.eu\/urun\/tavuk-sosis-10-adet\/#primaryimage","url":"https:\/\/beynur.eu\/wp-content\/uploads\/2018\/03\/tavuk-sosis-1.jpg","contentUrl":"https:\/\/beynur.eu\/wp-content\/uploads\/2018\/03\/tavuk-sosis-1.jpg","width":1000,"height":1000},{"@type":"BreadcrumbList","@id":"https:\/\/beynur.eu\/urun\/tavuk-sosis-10-adet\/#breadcrumb","itemListElement":[{"@type":"ListItem","position":1,"name":"Home","item":"https:\/\/beynur.eu\/"},{"@type":"ListItem","position":2,"name":"\u00dcr\u00fcnlerimiz","item":"https:\/\/beynur.eu\/en\/urunlerimiz\/"},{"@type":"ListItem","position":3,"name":"Tavuk Sosis (10 Adet)"}]},{"@type":"WebSite","@id":"https:\/\/beynur.eu\/#website","url":"https:\/\/beynur.eu\/","name":"Beynur","description":"\u0130lk g\u00fcnk\u00fc a\u015fkla, muhte\u015fem tatlar.","potentialAction":[{"@type":"SearchAction","target":{"@type":"EntryPoint","urlTemplate":"https:\/\/beynur.eu\/?s={search_term_string}"},"query-input":{"@type":"PropertyValueSpecification","valueRequired":true,"valueName":"search_term_string"}}],"inLanguage":"en-GB"}]}},"_links":{"self":[{"href":"https:\/\/beynur.eu\/en\/wp-json\/wp\/v2\/product\/145","targetHints":{"allow":["GET"]}}],"collection":[{"href":"https:\/\/beynur.eu\/en\/wp-json\/wp\/v2\/product"}],"about":[{"href":"https:\/\/beynur.eu\/en\/wp-json\/wp\/v2\/types\/product"}],"wp:featuredmedia":[{"embeddable":true,"href":"https:\/\/beynur.eu\/en\/wp-json\/wp\/v2\/media\/289"}],"wp:attachment":[{"href":"https:\/\/beynur.eu\/en\/wp-json\/wp\/v2\/media?parent=145"}],"wp:term":[{"taxonomy":"product_brand","embeddable":true,"href":"https:\/\/beynur.eu\/en\/wp-json\/wp\/v2\/product_brand?post=145"},{"taxonomy":"product_cat","embeddable":true,"href":"https:\/\/beynur.eu\/en\/wp-json\/wp\/v2\/product_cat?post=145"},{"taxonomy":"product_tag","embeddable":true,"href":"https:\/\/beynur.eu\/en\/wp-json\/wp\/v2\/product_tag?post=145"}],"curies":[{"name":"wp","href":"https:\/\/api.w.org\/{rel}","templated":true}]}}