{"id":158,"date":"2018-03-31T21:46:34","date_gmt":"2018-03-31T21:46:34","guid":{"rendered":"https:\/\/beynur.eu\/?post_type=product&#038;p=158"},"modified":"2026-03-08T12:30:34","modified_gmt":"2026-03-08T12:30:34","slug":"golden-nuggets","status":"publish","type":"product","link":"https:\/\/beynur.eu\/en\/product-2\/golden-nuggets\/","title":{"rendered":"Golden Nuggets"},"content":{"rendered":"<p>You will enjoy the delicious taste of little chicken pieces with Beynur Golden Nuggets. Produced by covering chicken meats with special batter and breadcrumbs, Nuggets will sweeten your meal tables.<\/p>\n<p>Beynur Chicken Nuggets, which your children will love to eat with various sauces, will meet your need for white meat in a healthy way with its 700 gr package. With its practical use, it makes contribution to your health on average nutritional values. With Beynur Golden Nuggets, you can surprise your unexpected guests with unique and different sauces by preparing a nice table for them in a short time.<\/p>\n<p>Our product, which is both practical and delicious, is produced from chickens carved properly to Islamic methods, and although special care is given for deboning, there may still be some small and very few bones remained in the product.<\/p>\n<p>&nbsp;<\/p>\n<p><strong>Storage Advice:<\/strong><\/p>\n<p>Deep freeze: under -18\u00b0C, for 18 months after production date.<\/p>\n<p>Freezer: -12\u00b0C, 1 month.<\/p>\n<p>Refrigerator: under 7\u00b0C, 1 day<\/p>\n<p>Do not frost it once it is defrosted. Must be used immediately after it is defrosted. Once it is defrosted, shelf life is limited. Product must be served before get cold.<\/p>","protected":false},"excerpt":{"rendered":"<p>You will enjoy the delicious taste of little chicken pieces with Beynur Golden Nuggets. Produced by covering chicken meats with special batter and breadcrumbs, Nuggets will sweeten your meal tables.<\/p>\n<p>Beynur Chicken Nuggets, which your children will love to eat with various sauces, will meet your need for white meat in a healthy way with its 700 gr package. With its practical use, it makes contribution to your health on average nutritional values. With Beynur Golden Nuggets, you can surprise your unexpected guests with unique and different sauces by preparing a nice table for them in a short time.<\/p>","protected":false},"featured_media":1641,"template":"","meta":[],"product_brand":[],"product_cat":[18],"product_tag":[],"class_list":{"0":"post-158","1":"product","2":"type-product","3":"status-publish","4":"has-post-thumbnail","6":"product_cat-tavuk-ve-hindi-urunleri","8":"first","9":"instock","10":"shipping-taxable","11":"product-type-simple"},"yoast_head":"<!-- This site is optimized with the Yoast SEO plugin v26.8 - https:\/\/yoast.com\/product\/yoast-seo-wordpress\/ -->\n<title>Golden Nuggets - Beynur<\/title>\n<meta name=\"robots\" content=\"index, follow, max-snippet:-1, max-image-preview:large, max-video-preview:-1\" \/>\n<link rel=\"canonical\" href=\"https:\/\/beynur.eu\/en\/product-2\/golden-nuggets\/\" \/>\n<meta property=\"og:locale\" content=\"en_GB\" \/>\n<meta property=\"og:type\" content=\"article\" \/>\n<meta property=\"og:title\" content=\"Golden Nuggets - Beynur\" \/>\n<meta property=\"og:description\" content=\"Beynur Golden Nuggets ile k\u00fc\u00e7\u00fck tavuk par\u00e7ac\u0131klar\u0131n\u0131n enfes lezzetini doyas\u0131ya ya\u015fayacaks\u0131n\u0131z. Pili\u00e7 etinin \u00f6zel bulama\u00e7 ve ekmek par\u00e7alar\u0131yla \u00e7\u0131t\u0131r \u00e7\u0131t\u0131r kaplanmas\u0131yla \u00fcretilen Nuggets sofralar\u0131n\u0131za lezzet kat\u0131yor.  Yapaca\u011f\u0131n\u0131z \u00e7e\u015fitli soslarla \u00e7ocuklar\u0131n\u0131z\u0131n da severek t\u00fcketece\u011fi Beynur Golden Nuggets 700gr\u2019l\u0131k paketi ile beyaz et ihtiyac\u0131n\u0131z\u0131 doyas\u0131ya ve sa\u011fl\u0131kl\u0131 bir \u015fekilde giderir. Pratik kullan\u0131m\u0131 ile ortalama besin de\u011ferlerinde sa\u011fl\u0131\u011f\u0131n\u0131za sa\u011fl\u0131k katar. Beynur Golden Nuggets ile davetsiz misafirleriniz i\u00e7in k\u0131sa s\u00fcrede g\u00fczel bir sofra haz\u0131rlayarak e\u015fsiz ve farkl\u0131 sosla\" \/>\n<meta property=\"og:url\" content=\"https:\/\/beynur.eu\/en\/product-2\/golden-nuggets\/\" \/>\n<meta property=\"og:site_name\" content=\"Beynur\" \/>\n<meta property=\"article:modified_time\" content=\"2026-03-08T12:30:34+00:00\" \/>\n<meta property=\"og:image\" content=\"https:\/\/beynur.eu\/wp-content\/uploads\/2018\/03\/11.png\" \/>\n\t<meta property=\"og:image:width\" content=\"1000\" \/>\n\t<meta property=\"og:image:height\" content=\"1000\" \/>\n\t<meta property=\"og:image:type\" content=\"image\/png\" \/>\n<meta name=\"twitter:card\" content=\"summary_large_image\" \/>\n<meta name=\"twitter:label1\" content=\"Estimated reading time\" \/>\n\t<meta name=\"twitter:data1\" content=\"2 minutes\" \/>\n<script type=\"application\/ld+json\" class=\"yoast-schema-graph\">{\"@context\":\"https:\/\/schema.org\",\"@graph\":[{\"@type\":\"WebPage\",\"@id\":\"https:\/\/beynur.eu\/urun\/golden-nuggets\/\",\"url\":\"https:\/\/beynur.eu\/urun\/golden-nuggets\/\",\"name\":\"Golden Nuggets - Beynur\",\"isPartOf\":{\"@id\":\"https:\/\/beynur.eu\/#website\"},\"primaryImageOfPage\":{\"@id\":\"https:\/\/beynur.eu\/urun\/golden-nuggets\/#primaryimage\"},\"image\":{\"@id\":\"https:\/\/beynur.eu\/urun\/golden-nuggets\/#primaryimage\"},\"thumbnailUrl\":\"https:\/\/beynur.eu\/wp-content\/uploads\/2018\/03\/11.png\",\"datePublished\":\"2018-03-31T21:46:34+00:00\",\"dateModified\":\"2026-03-08T12:30:34+00:00\",\"breadcrumb\":{\"@id\":\"https:\/\/beynur.eu\/urun\/golden-nuggets\/#breadcrumb\"},\"inLanguage\":\"en-GB\",\"potentialAction\":[{\"@type\":\"ReadAction\",\"target\":[\"https:\/\/beynur.eu\/urun\/golden-nuggets\/\"]}]},{\"@type\":\"ImageObject\",\"inLanguage\":\"en-GB\",\"@id\":\"https:\/\/beynur.eu\/urun\/golden-nuggets\/#primaryimage\",\"url\":\"https:\/\/beynur.eu\/wp-content\/uploads\/2018\/03\/11.png\",\"contentUrl\":\"https:\/\/beynur.eu\/wp-content\/uploads\/2018\/03\/11.png\",\"width\":1000,\"height\":1000},{\"@type\":\"BreadcrumbList\",\"@id\":\"https:\/\/beynur.eu\/urun\/golden-nuggets\/#breadcrumb\",\"itemListElement\":[{\"@type\":\"ListItem\",\"position\":1,\"name\":\"Home\",\"item\":\"https:\/\/beynur.eu\/\"},{\"@type\":\"ListItem\",\"position\":2,\"name\":\"\u00dcr\u00fcnlerimiz\",\"item\":\"https:\/\/beynur.eu\/en\/urunlerimiz\/\"},{\"@type\":\"ListItem\",\"position\":3,\"name\":\"Golden Nuggets\"}]},{\"@type\":\"WebSite\",\"@id\":\"https:\/\/beynur.eu\/#website\",\"url\":\"https:\/\/beynur.eu\/\",\"name\":\"Beynur\",\"description\":\"\u0130lk g\u00fcnk\u00fc a\u015fkla, muhte\u015fem tatlar.\",\"potentialAction\":[{\"@type\":\"SearchAction\",\"target\":{\"@type\":\"EntryPoint\",\"urlTemplate\":\"https:\/\/beynur.eu\/?s={search_term_string}\"},\"query-input\":{\"@type\":\"PropertyValueSpecification\",\"valueRequired\":true,\"valueName\":\"search_term_string\"}}],\"inLanguage\":\"en-GB\"}]}<\/script>\n<!-- \/ Yoast SEO plugin. -->","yoast_head_json":{"title":"Golden Nuggets - Beynur","robots":{"index":"index","follow":"follow","max-snippet":"max-snippet:-1","max-image-preview":"max-image-preview:large","max-video-preview":"max-video-preview:-1"},"canonical":"https:\/\/beynur.eu\/en\/product-2\/golden-nuggets\/","og_locale":"en_GB","og_type":"article","og_title":"Golden Nuggets - Beynur","og_description":"Beynur Golden Nuggets ile k\u00fc\u00e7\u00fck tavuk par\u00e7ac\u0131klar\u0131n\u0131n enfes lezzetini doyas\u0131ya ya\u015fayacaks\u0131n\u0131z. Pili\u00e7 etinin \u00f6zel bulama\u00e7 ve ekmek par\u00e7alar\u0131yla \u00e7\u0131t\u0131r \u00e7\u0131t\u0131r kaplanmas\u0131yla \u00fcretilen Nuggets sofralar\u0131n\u0131za lezzet kat\u0131yor.  Yapaca\u011f\u0131n\u0131z \u00e7e\u015fitli soslarla \u00e7ocuklar\u0131n\u0131z\u0131n da severek t\u00fcketece\u011fi Beynur Golden Nuggets 700gr\u2019l\u0131k paketi ile beyaz et ihtiyac\u0131n\u0131z\u0131 doyas\u0131ya ve sa\u011fl\u0131kl\u0131 bir \u015fekilde giderir. Pratik kullan\u0131m\u0131 ile ortalama besin de\u011ferlerinde sa\u011fl\u0131\u011f\u0131n\u0131za sa\u011fl\u0131k katar. Beynur Golden Nuggets ile davetsiz misafirleriniz i\u00e7in k\u0131sa s\u00fcrede g\u00fczel bir sofra haz\u0131rlayarak e\u015fsiz ve farkl\u0131 sosla","og_url":"https:\/\/beynur.eu\/en\/product-2\/golden-nuggets\/","og_site_name":"Beynur","article_modified_time":"2026-03-08T12:30:34+00:00","og_image":[{"width":1000,"height":1000,"url":"https:\/\/beynur.eu\/wp-content\/uploads\/2018\/03\/11.png","type":"image\/png"}],"twitter_card":"summary_large_image","twitter_misc":{"Estimated reading time":"2 minutes"},"schema":{"@context":"https:\/\/schema.org","@graph":[{"@type":"WebPage","@id":"https:\/\/beynur.eu\/urun\/golden-nuggets\/","url":"https:\/\/beynur.eu\/urun\/golden-nuggets\/","name":"Golden Nuggets - Beynur","isPartOf":{"@id":"https:\/\/beynur.eu\/#website"},"primaryImageOfPage":{"@id":"https:\/\/beynur.eu\/urun\/golden-nuggets\/#primaryimage"},"image":{"@id":"https:\/\/beynur.eu\/urun\/golden-nuggets\/#primaryimage"},"thumbnailUrl":"https:\/\/beynur.eu\/wp-content\/uploads\/2018\/03\/11.png","datePublished":"2018-03-31T21:46:34+00:00","dateModified":"2026-03-08T12:30:34+00:00","breadcrumb":{"@id":"https:\/\/beynur.eu\/urun\/golden-nuggets\/#breadcrumb"},"inLanguage":"en-GB","potentialAction":[{"@type":"ReadAction","target":["https:\/\/beynur.eu\/urun\/golden-nuggets\/"]}]},{"@type":"ImageObject","inLanguage":"en-GB","@id":"https:\/\/beynur.eu\/urun\/golden-nuggets\/#primaryimage","url":"https:\/\/beynur.eu\/wp-content\/uploads\/2018\/03\/11.png","contentUrl":"https:\/\/beynur.eu\/wp-content\/uploads\/2018\/03\/11.png","width":1000,"height":1000},{"@type":"BreadcrumbList","@id":"https:\/\/beynur.eu\/urun\/golden-nuggets\/#breadcrumb","itemListElement":[{"@type":"ListItem","position":1,"name":"Home","item":"https:\/\/beynur.eu\/"},{"@type":"ListItem","position":2,"name":"\u00dcr\u00fcnlerimiz","item":"https:\/\/beynur.eu\/en\/urunlerimiz\/"},{"@type":"ListItem","position":3,"name":"Golden Nuggets"}]},{"@type":"WebSite","@id":"https:\/\/beynur.eu\/#website","url":"https:\/\/beynur.eu\/","name":"Beynur","description":"\u0130lk g\u00fcnk\u00fc a\u015fkla, muhte\u015fem tatlar.","potentialAction":[{"@type":"SearchAction","target":{"@type":"EntryPoint","urlTemplate":"https:\/\/beynur.eu\/?s={search_term_string}"},"query-input":{"@type":"PropertyValueSpecification","valueRequired":true,"valueName":"search_term_string"}}],"inLanguage":"en-GB"}]}},"_links":{"self":[{"href":"https:\/\/beynur.eu\/en\/wp-json\/wp\/v2\/product\/158","targetHints":{"allow":["GET"]}}],"collection":[{"href":"https:\/\/beynur.eu\/en\/wp-json\/wp\/v2\/product"}],"about":[{"href":"https:\/\/beynur.eu\/en\/wp-json\/wp\/v2\/types\/product"}],"wp:featuredmedia":[{"embeddable":true,"href":"https:\/\/beynur.eu\/en\/wp-json\/wp\/v2\/media\/1641"}],"wp:attachment":[{"href":"https:\/\/beynur.eu\/en\/wp-json\/wp\/v2\/media?parent=158"}],"wp:term":[{"taxonomy":"product_brand","embeddable":true,"href":"https:\/\/beynur.eu\/en\/wp-json\/wp\/v2\/product_brand?post=158"},{"taxonomy":"product_cat","embeddable":true,"href":"https:\/\/beynur.eu\/en\/wp-json\/wp\/v2\/product_cat?post=158"},{"taxonomy":"product_tag","embeddable":true,"href":"https:\/\/beynur.eu\/en\/wp-json\/wp\/v2\/product_tag?post=158"}],"curies":[{"name":"wp","href":"https:\/\/api.w.org\/{rel}","templated":true}]}}