{"id":1615,"date":"2024-09-25T14:48:38","date_gmt":"2024-09-25T14:48:38","guid":{"rendered":"https:\/\/beynur.eu\/?post_type=product&#038;p=1615"},"modified":"2026-05-05T10:31:10","modified_gmt":"2026-05-05T10:31:10","slug":"peeled-broad-beans-2","status":"publish","type":"product","link":"https:\/\/beynur.eu\/en\/urun\/bezelye-ve-havuc\/","title":{"rendered":"Peas with Carrots"},"content":{"rendered":"<p><b>Usage recommendations<\/b><\/p>\n<p><span style=\"font-weight: 400;\">Frozen peas with carrots are ideal for rice dishes, vegetable stir-fries, soups, stews and many classic side dishes. You can add the mix directly to the pot or pan and prepare it with little effort. Together with meat, poultry or other vegetables, balanced and aromatic dishes can be created quickly. This vegetable mix also offers a practical and versatile solution for warm side dishes or as an addition to everyday meals.\u00a0<\/span><\/p>\n<p><b>Storage instructions<\/b><\/p>\n<ul>\n<li style=\"font-weight: 400;\" aria-level=\"1\"><span style=\"font-weight: 400;\">Store the product in the freezer without thawing it beforehand.<\/span><\/li>\n<li style=\"font-weight: 400;\" aria-level=\"1\"><span style=\"font-weight: 400;\">Close the packaging tightly after opening.<\/span><\/li>\n<li style=\"font-weight: 400;\" aria-level=\"1\"><span style=\"font-weight: 400;\">Do not frost again after it is defrosted once.<\/span><\/li>\n<li style=\"font-weight: 400;\" aria-level=\"1\"><span style=\"font-weight: 400;\">Store the product under the recommended storage conditions.<\/span><\/li>\n<li style=\"font-weight: 400;\" aria-level=\"1\"><span style=\"font-weight: 400;\">Niet in het vriesvak bewaren naast sterk ruikende levensmiddelen.<\/span><\/li>\n<\/ul>","protected":false},"excerpt":{"rendered":"<p><b>Frozen peas with carrots<\/b><\/p>\n<p><span style=\"font-weight: 400;\">Bring colour, freshness and practical variety to your kitchen with frozen peas and carrots. Carefully selected seasonal vegetables impress with their natural taste and can be prepared quickly and easily. This balanced mix saves time during preparation and supports you in everyday cooking with many classic and modern recipes. Whether as a side dish, for stir-fries or for hearty vegetable ideas, frozen peas with carrots combine convenience, taste and versatile use in one product.\u00a0<\/span><\/p>","protected":false},"featured_media":1779,"template":"","meta":[],"product_brand":[],"product_cat":[36],"product_tag":[],"class_list":{"0":"post-1615","1":"product","2":"type-product","3":"status-publish","4":"has-post-thumbnail","6":"product_cat-dondurulmus-sebze-urunleri","8":"first","9":"instock","10":"shipping-taxable","11":"product-type-simple"},"yoast_head":"<!-- This site is optimized with the Yoast SEO plugin v26.8 - https:\/\/yoast.com\/product\/yoast-seo-wordpress\/ -->\n<title>Bezelye ve Havu\u00e7 - Beynur<\/title>\n<meta name=\"robots\" content=\"index, follow, max-snippet:-1, max-image-preview:large, max-video-preview:-1\" \/>\n<link rel=\"canonical\" href=\"https:\/\/beynur.eu\/en\/product-2\/peeled-broad-beans-2\/\" \/>\n<meta property=\"og:locale\" content=\"en_GB\" \/>\n<meta property=\"og:type\" content=\"article\" \/>\n<meta property=\"og:title\" content=\"Bezelye ve Havu\u00e7 - Beynur\" \/>\n<meta property=\"og:description\" content=\"Dondurulmu\u015f Bezelye ve Havu\u00e7  Mevsiminde \u00f6zenle se\u00e7ilen bezelye ve havu\u00e7 \u00fcr\u00fcn\u00fcm\u00fcz, do\u011fal lezzetini ve canl\u0131 g\u00f6r\u00fcn\u00fcm\u00fcn\u00fc koruyarak mutfa\u011f\u0131n\u0131za pratik bir \u00e7\u00f6z\u00fcm sunuyor. G\u00fcnl\u00fck yemek haz\u0131rl\u0131\u011f\u0131n\u0131 kolayla\u015ft\u0131ran bu kar\u0131\u015f\u0131mla ay\u0131klama ve do\u011frama zahmetinden kurtulacak, zamandan tasarruf edeceksiniz. Hem klasik ev yemeklerinde hem de modern tariflerde rahatl\u0131kla kullanabilece\u011finiz dondurulmu\u015f bezelye ve havu\u00e7, dengeli tad\u0131 ve \u00e7ok y\u00f6nl\u00fc kullan\u0131m\u0131yla her an elinizin alt\u0131nda.\u00a0\" \/>\n<meta property=\"og:url\" content=\"https:\/\/beynur.eu\/en\/product-2\/peeled-broad-beans-2\/\" \/>\n<meta property=\"og:site_name\" content=\"Beynur\" \/>\n<meta property=\"article:modified_time\" content=\"2026-05-05T10:31:10+00:00\" \/>\n<meta property=\"og:image\" content=\"https:\/\/beynur.eu\/wp-content\/uploads\/2024\/09\/Bezelye-Havuc.jpg\" \/>\n\t<meta property=\"og:image:width\" content=\"2000\" \/>\n\t<meta property=\"og:image:height\" content=\"2000\" \/>\n\t<meta property=\"og:image:type\" content=\"image\/jpeg\" \/>\n<meta name=\"twitter:card\" content=\"summary_large_image\" \/>\n<meta name=\"twitter:label1\" content=\"Estimated reading time\" \/>\n\t<meta name=\"twitter:data1\" content=\"1 minute\" \/>\n<script type=\"application\/ld+json\" class=\"yoast-schema-graph\">{\"@context\":\"https:\/\/schema.org\",\"@graph\":[{\"@type\":\"WebPage\",\"@id\":\"https:\/\/beynur.eu\/urun\/bezelye-ve-havuc\/\",\"url\":\"https:\/\/beynur.eu\/urun\/bezelye-ve-havuc\/\",\"name\":\"Bezelye ve Havu\u00e7 - Beynur\",\"isPartOf\":{\"@id\":\"https:\/\/beynur.eu\/#website\"},\"primaryImageOfPage\":{\"@id\":\"https:\/\/beynur.eu\/urun\/bezelye-ve-havuc\/#primaryimage\"},\"image\":{\"@id\":\"https:\/\/beynur.eu\/urun\/bezelye-ve-havuc\/#primaryimage\"},\"thumbnailUrl\":\"https:\/\/beynur.eu\/wp-content\/uploads\/2024\/09\/Bezelye-Havuc.jpg\",\"datePublished\":\"2024-09-25T14:48:38+00:00\",\"dateModified\":\"2026-05-05T10:31:10+00:00\",\"breadcrumb\":{\"@id\":\"https:\/\/beynur.eu\/urun\/bezelye-ve-havuc\/#breadcrumb\"},\"inLanguage\":\"en-GB\",\"potentialAction\":[{\"@type\":\"ReadAction\",\"target\":[\"https:\/\/beynur.eu\/urun\/bezelye-ve-havuc\/\"]}]},{\"@type\":\"ImageObject\",\"inLanguage\":\"en-GB\",\"@id\":\"https:\/\/beynur.eu\/urun\/bezelye-ve-havuc\/#primaryimage\",\"url\":\"https:\/\/beynur.eu\/wp-content\/uploads\/2024\/09\/Bezelye-Havuc.jpg\",\"contentUrl\":\"https:\/\/beynur.eu\/wp-content\/uploads\/2024\/09\/Bezelye-Havuc.jpg\",\"width\":2000,\"height\":2000},{\"@type\":\"BreadcrumbList\",\"@id\":\"https:\/\/beynur.eu\/urun\/bezelye-ve-havuc\/#breadcrumb\",\"itemListElement\":[{\"@type\":\"ListItem\",\"position\":1,\"name\":\"Home\",\"item\":\"https:\/\/beynur.eu\/\"},{\"@type\":\"ListItem\",\"position\":2,\"name\":\"\u00dcr\u00fcnlerimiz\",\"item\":\"https:\/\/beynur.eu\/en\/urunlerimiz\/\"},{\"@type\":\"ListItem\",\"position\":3,\"name\":\"Bezelye ve Havu\u00e7\"}]},{\"@type\":\"WebSite\",\"@id\":\"https:\/\/beynur.eu\/#website\",\"url\":\"https:\/\/beynur.eu\/\",\"name\":\"Beynur\",\"description\":\"\u0130lk g\u00fcnk\u00fc a\u015fkla, muhte\u015fem tatlar.\",\"potentialAction\":[{\"@type\":\"SearchAction\",\"target\":{\"@type\":\"EntryPoint\",\"urlTemplate\":\"https:\/\/beynur.eu\/?s={search_term_string}\"},\"query-input\":{\"@type\":\"PropertyValueSpecification\",\"valueRequired\":true,\"valueName\":\"search_term_string\"}}],\"inLanguage\":\"en-GB\"}]}<\/script>\n<!-- \/ Yoast SEO plugin. -->","yoast_head_json":{"title":"Bezelye ve Havu\u00e7 - Beynur","robots":{"index":"index","follow":"follow","max-snippet":"max-snippet:-1","max-image-preview":"max-image-preview:large","max-video-preview":"max-video-preview:-1"},"canonical":"https:\/\/beynur.eu\/en\/product-2\/peeled-broad-beans-2\/","og_locale":"en_GB","og_type":"article","og_title":"Bezelye ve Havu\u00e7 - Beynur","og_description":"Dondurulmu\u015f Bezelye ve Havu\u00e7  Mevsiminde \u00f6zenle se\u00e7ilen bezelye ve havu\u00e7 \u00fcr\u00fcn\u00fcm\u00fcz, do\u011fal lezzetini ve canl\u0131 g\u00f6r\u00fcn\u00fcm\u00fcn\u00fc koruyarak mutfa\u011f\u0131n\u0131za pratik bir \u00e7\u00f6z\u00fcm sunuyor. G\u00fcnl\u00fck yemek haz\u0131rl\u0131\u011f\u0131n\u0131 kolayla\u015ft\u0131ran bu kar\u0131\u015f\u0131mla ay\u0131klama ve do\u011frama zahmetinden kurtulacak, zamandan tasarruf edeceksiniz. Hem klasik ev yemeklerinde hem de modern tariflerde rahatl\u0131kla kullanabilece\u011finiz dondurulmu\u015f bezelye ve havu\u00e7, dengeli tad\u0131 ve \u00e7ok y\u00f6nl\u00fc kullan\u0131m\u0131yla her an elinizin alt\u0131nda.\u00a0","og_url":"https:\/\/beynur.eu\/en\/product-2\/peeled-broad-beans-2\/","og_site_name":"Beynur","article_modified_time":"2026-05-05T10:31:10+00:00","og_image":[{"width":2000,"height":2000,"url":"https:\/\/beynur.eu\/wp-content\/uploads\/2024\/09\/Bezelye-Havuc.jpg","type":"image\/jpeg"}],"twitter_card":"summary_large_image","twitter_misc":{"Estimated reading time":"1 minute"},"schema":{"@context":"https:\/\/schema.org","@graph":[{"@type":"WebPage","@id":"https:\/\/beynur.eu\/urun\/bezelye-ve-havuc\/","url":"https:\/\/beynur.eu\/urun\/bezelye-ve-havuc\/","name":"Bezelye ve Havu\u00e7 - Beynur","isPartOf":{"@id":"https:\/\/beynur.eu\/#website"},"primaryImageOfPage":{"@id":"https:\/\/beynur.eu\/urun\/bezelye-ve-havuc\/#primaryimage"},"image":{"@id":"https:\/\/beynur.eu\/urun\/bezelye-ve-havuc\/#primaryimage"},"thumbnailUrl":"https:\/\/beynur.eu\/wp-content\/uploads\/2024\/09\/Bezelye-Havuc.jpg","datePublished":"2024-09-25T14:48:38+00:00","dateModified":"2026-05-05T10:31:10+00:00","breadcrumb":{"@id":"https:\/\/beynur.eu\/urun\/bezelye-ve-havuc\/#breadcrumb"},"inLanguage":"en-GB","potentialAction":[{"@type":"ReadAction","target":["https:\/\/beynur.eu\/urun\/bezelye-ve-havuc\/"]}]},{"@type":"ImageObject","inLanguage":"en-GB","@id":"https:\/\/beynur.eu\/urun\/bezelye-ve-havuc\/#primaryimage","url":"https:\/\/beynur.eu\/wp-content\/uploads\/2024\/09\/Bezelye-Havuc.jpg","contentUrl":"https:\/\/beynur.eu\/wp-content\/uploads\/2024\/09\/Bezelye-Havuc.jpg","width":2000,"height":2000},{"@type":"BreadcrumbList","@id":"https:\/\/beynur.eu\/urun\/bezelye-ve-havuc\/#breadcrumb","itemListElement":[{"@type":"ListItem","position":1,"name":"Home","item":"https:\/\/beynur.eu\/"},{"@type":"ListItem","position":2,"name":"\u00dcr\u00fcnlerimiz","item":"https:\/\/beynur.eu\/en\/urunlerimiz\/"},{"@type":"ListItem","position":3,"name":"Bezelye ve Havu\u00e7"}]},{"@type":"WebSite","@id":"https:\/\/beynur.eu\/#website","url":"https:\/\/beynur.eu\/","name":"Beynur","description":"\u0130lk g\u00fcnk\u00fc a\u015fkla, muhte\u015fem tatlar.","potentialAction":[{"@type":"SearchAction","target":{"@type":"EntryPoint","urlTemplate":"https:\/\/beynur.eu\/?s={search_term_string}"},"query-input":{"@type":"PropertyValueSpecification","valueRequired":true,"valueName":"search_term_string"}}],"inLanguage":"en-GB"}]}},"_links":{"self":[{"href":"https:\/\/beynur.eu\/en\/wp-json\/wp\/v2\/product\/1615","targetHints":{"allow":["GET"]}}],"collection":[{"href":"https:\/\/beynur.eu\/en\/wp-json\/wp\/v2\/product"}],"about":[{"href":"https:\/\/beynur.eu\/en\/wp-json\/wp\/v2\/types\/product"}],"wp:featuredmedia":[{"embeddable":true,"href":"https:\/\/beynur.eu\/en\/wp-json\/wp\/v2\/media\/1779"}],"wp:attachment":[{"href":"https:\/\/beynur.eu\/en\/wp-json\/wp\/v2\/media?parent=1615"}],"wp:term":[{"taxonomy":"product_brand","embeddable":true,"href":"https:\/\/beynur.eu\/en\/wp-json\/wp\/v2\/product_brand?post=1615"},{"taxonomy":"product_cat","embeddable":true,"href":"https:\/\/beynur.eu\/en\/wp-json\/wp\/v2\/product_cat?post=1615"},{"taxonomy":"product_tag","embeddable":true,"href":"https:\/\/beynur.eu\/en\/wp-json\/wp\/v2\/product_tag?post=1615"}],"curies":[{"name":"wp","href":"https:\/\/api.w.org\/{rel}","templated":true}]}}