{"id":166,"date":"2018-03-31T21:57:36","date_gmt":"2018-03-31T21:57:36","guid":{"rendered":"https:\/\/beynur.eu\/?post_type=product&#038;p=166"},"modified":"2026-03-08T12:20:03","modified_gmt":"2026-03-08T12:20:03","slug":"tavuk-peri-peri","status":"publish","type":"product","link":"https:\/\/beynur.eu\/en\/product-2\/tavuk-peri-peri\/","title":{"rendered":"Chicken Peri Peri"},"content":{"rendered":"<p>Beynur Tavuk Peri Peri, taze g\u00f6\u011f\u00fcs etinin \u00f6zel haz\u0131rlanm\u0131\u015f sosla marine edilmesiyle ortaya \u00e7\u0131kan bir lezzettir.<\/p>\n<p>Pratikli\u011fi ve lezzetiyle ana \u00f6\u011f\u00fcnlerinizde g\u00fczel bir yemek, ara \u00f6\u011f\u00fcnlerinizde ise a\u00e7l\u0131\u011f\u0131n\u0131z\u0131 yat\u0131\u015ft\u0131ran sa\u011fl\u0131kl\u0131 bir at\u0131\u015fmal\u0131kt\u0131r.<\/p>\n<p>Damak tad\u0131n\u0131za uygun pili\u00e7 tad\u0131 ile Tavuk Peri Peri, en az \u00e7ocuklar kadar yeti\u015fkinler i\u00e7in de iyi bir alternatif. Sizler i\u00e7in 480gr\u2019l\u0131k paketlerde dondurulmu\u015f olarak haz\u0131rlanan bu lezzetli \u00fcr\u00fcn ile; davetsiz misafirlerinize g\u00fcn boyu kolay bir \u015fekilde enfes sofralar haz\u0131rlayabilirsiniz.<\/p>\n<p>Hem \u00e7ok pratik hem de leziz olan Tavuk Peri Perilerimiz \u0130slami usullere uygun \u015fekilde kesilen pili\u00e7lerden \u00fcretilmi\u015f olup yumurta, s\u00fct, soya, kereviz ve hardal i\u015fleyen bir tesiste i\u015flenmi\u015ftir. Bu \u00fcr\u00fcn tam olarak pi\u015firilmi\u015ftir.<\/p>\n<p>&nbsp;<\/p>\n<p><strong>Preparation:<\/strong><\/p>\n<p>Dondurulmu\u015f \u015fekilde pi\u015firin. Frit\u00f6z ya da tavada: 180\u00b0C 3- 3,5 dakika, \u00f6nceden \u0131s\u0131t\u0131lm\u0131\u015f f\u0131r\u0131nda 220\u00b0C\u2019de 12-16 dakika.<\/p>\n<p>&nbsp;<\/p>\n<p><strong>Storage Advice:<\/strong><\/p>\n<p>Deep freeze: under -18\u00b0C, for 18 months after production date.<\/p>\n<p>Buzluk: -12\u00b0C, 1 ay.<\/p>\n<p>Buzdolab\u0131: 7\u00b0C alt\u0131nda 1 g\u00fcn.<\/p>\n<p>\u00c7\u00f6z\u00fcld\u00fckten sonra tekrar dondurmay\u0131n\u0131z. \u00c7\u00f6z\u00fcld\u00fckten sonra rafta bekleme s\u00fcresi s\u0131n\u0131rl\u0131d\u0131r. \u00dcr\u00fcn s\u0131cakl\u0131\u011f\u0131n\u0131 kaybetmeden servis edilmelidir.<\/p>","protected":false},"excerpt":{"rendered":"<p>Beynur Tavuk Peri Peri, taze g\u00f6\u011f\u00fcs etinin \u00f6zel haz\u0131rlanm\u0131\u015f sosla marine edilmesiyle ortaya \u00e7\u0131kan bir lezzettir.<\/p>\n<p>Pratikli\u011fi ve lezzetiyle ana \u00f6\u011f\u00fcnlerinizde g\u00fczel bir yemek, ara \u00f6\u011f\u00fcnlerinizde ise a\u00e7l\u0131\u011f\u0131n\u0131z\u0131 yat\u0131\u015ft\u0131ran sa\u011fl\u0131kl\u0131 bir at\u0131\u015fmal\u0131kt\u0131r.<\/p>\n<p>Damak tad\u0131n\u0131za uygun pili\u00e7 tad\u0131 ile Tavuk Peri Peri, en az \u00e7ocuklar kadar yeti\u015fkinler i\u00e7in de iyi bir alternatif. Sizler i\u00e7in 480gr\u2019l\u0131k paketlerde dondurulmu\u015f olarak haz\u0131rlanan bu lezzetli \u00fcr\u00fcn ile; davetsiz misafirlerinize g\u00fcn boyu kolay bir \u015fekilde enfes sofralar haz\u0131rlayabilirsiniz.<\/p>","protected":false},"featured_media":1640,"template":"","meta":[],"product_brand":[],"product_cat":[18],"product_tag":[],"class_list":{"0":"post-166","1":"product","2":"type-product","3":"status-publish","4":"has-post-thumbnail","6":"product_cat-tavuk-ve-hindi-urunleri","8":"first","9":"instock","10":"shipping-taxable","11":"product-type-simple"},"yoast_head":"<!-- This site is optimized with the Yoast SEO plugin v26.8 - https:\/\/yoast.com\/product\/yoast-seo-wordpress\/ -->\n<title>Tavuk Peri Peri - Beynur<\/title>\n<meta name=\"robots\" content=\"index, follow, max-snippet:-1, max-image-preview:large, max-video-preview:-1\" \/>\n<link rel=\"canonical\" href=\"https:\/\/beynur.eu\/en\/product-2\/tavuk-peri-peri\/\" \/>\n<meta property=\"og:locale\" content=\"en_GB\" \/>\n<meta property=\"og:type\" content=\"article\" \/>\n<meta property=\"og:title\" content=\"Tavuk Peri Peri - Beynur\" \/>\n<meta property=\"og:description\" content=\"Beynur Tavuk Peri Peri, taze g\u00f6\u011f\u00fcs etinin \u00f6zel haz\u0131rlanm\u0131\u015f sosla marine edilmesiyle ortaya \u00e7\u0131kan bir lezzettir.  Pratikli\u011fi ve lezzetiyle ana \u00f6\u011f\u00fcnlerinizde g\u00fczel bir yemek, ara \u00f6\u011f\u00fcnlerinizde ise a\u00e7l\u0131\u011f\u0131n\u0131z\u0131 yat\u0131\u015ft\u0131ran sa\u011fl\u0131kl\u0131 bir at\u0131\u015fmal\u0131kt\u0131r.  Damak tad\u0131n\u0131za uygun pili\u00e7 tad\u0131 ile Tavuk Peri Peri, en az \u00e7ocuklar kadar yeti\u015fkinler i\u00e7in de iyi bir alternatif. Sizler i\u00e7in 480gr\u2019l\u0131k paketlerde dondurulmu\u015f olarak haz\u0131rlanan bu lezzetli \u00fcr\u00fcn ile; davetsiz misafirlerinize g\u00fcn boyu kolay bir \u015fekilde enfes sofralar haz\u0131rlayabilirsiniz.\" \/>\n<meta property=\"og:url\" content=\"https:\/\/beynur.eu\/en\/product-2\/tavuk-peri-peri\/\" \/>\n<meta property=\"og:site_name\" content=\"Beynur\" \/>\n<meta property=\"article:modified_time\" content=\"2026-03-08T12:20:03+00:00\" \/>\n<meta property=\"og:image\" content=\"https:\/\/beynur.eu\/wp-content\/uploads\/2018\/03\/10.png\" \/>\n\t<meta property=\"og:image:width\" content=\"1000\" \/>\n\t<meta property=\"og:image:height\" content=\"1000\" \/>\n\t<meta property=\"og:image:type\" content=\"image\/png\" \/>\n<meta name=\"twitter:card\" content=\"summary_large_image\" \/>\n<meta name=\"twitter:label1\" content=\"Estimated reading time\" \/>\n\t<meta name=\"twitter:data1\" content=\"2 minutes\" \/>\n<script type=\"application\/ld+json\" class=\"yoast-schema-graph\">{\"@context\":\"https:\/\/schema.org\",\"@graph\":[{\"@type\":\"WebPage\",\"@id\":\"https:\/\/beynur.eu\/urun\/tavuk-peri-peri\/\",\"url\":\"https:\/\/beynur.eu\/urun\/tavuk-peri-peri\/\",\"name\":\"Tavuk Peri Peri - Beynur\",\"isPartOf\":{\"@id\":\"https:\/\/beynur.eu\/#website\"},\"primaryImageOfPage\":{\"@id\":\"https:\/\/beynur.eu\/urun\/tavuk-peri-peri\/#primaryimage\"},\"image\":{\"@id\":\"https:\/\/beynur.eu\/urun\/tavuk-peri-peri\/#primaryimage\"},\"thumbnailUrl\":\"https:\/\/beynur.eu\/wp-content\/uploads\/2018\/03\/10.png\",\"datePublished\":\"2018-03-31T21:57:36+00:00\",\"dateModified\":\"2026-03-08T12:20:03+00:00\",\"breadcrumb\":{\"@id\":\"https:\/\/beynur.eu\/urun\/tavuk-peri-peri\/#breadcrumb\"},\"inLanguage\":\"en-GB\",\"potentialAction\":[{\"@type\":\"ReadAction\",\"target\":[\"https:\/\/beynur.eu\/urun\/tavuk-peri-peri\/\"]}]},{\"@type\":\"ImageObject\",\"inLanguage\":\"en-GB\",\"@id\":\"https:\/\/beynur.eu\/urun\/tavuk-peri-peri\/#primaryimage\",\"url\":\"https:\/\/beynur.eu\/wp-content\/uploads\/2018\/03\/10.png\",\"contentUrl\":\"https:\/\/beynur.eu\/wp-content\/uploads\/2018\/03\/10.png\",\"width\":1000,\"height\":1000},{\"@type\":\"BreadcrumbList\",\"@id\":\"https:\/\/beynur.eu\/urun\/tavuk-peri-peri\/#breadcrumb\",\"itemListElement\":[{\"@type\":\"ListItem\",\"position\":1,\"name\":\"Home\",\"item\":\"https:\/\/beynur.eu\/\"},{\"@type\":\"ListItem\",\"position\":2,\"name\":\"\u00dcr\u00fcnlerimiz\",\"item\":\"https:\/\/beynur.eu\/en\/urunlerimiz\/\"},{\"@type\":\"ListItem\",\"position\":3,\"name\":\"Tavuk Peri Peri\"}]},{\"@type\":\"WebSite\",\"@id\":\"https:\/\/beynur.eu\/#website\",\"url\":\"https:\/\/beynur.eu\/\",\"name\":\"Beynur\",\"description\":\"\u0130lk g\u00fcnk\u00fc a\u015fkla, muhte\u015fem tatlar.\",\"potentialAction\":[{\"@type\":\"SearchAction\",\"target\":{\"@type\":\"EntryPoint\",\"urlTemplate\":\"https:\/\/beynur.eu\/?s={search_term_string}\"},\"query-input\":{\"@type\":\"PropertyValueSpecification\",\"valueRequired\":true,\"valueName\":\"search_term_string\"}}],\"inLanguage\":\"en-GB\"}]}<\/script>\n<!-- \/ Yoast SEO plugin. -->","yoast_head_json":{"title":"Tavuk Peri Peri - Beynur","robots":{"index":"index","follow":"follow","max-snippet":"max-snippet:-1","max-image-preview":"max-image-preview:large","max-video-preview":"max-video-preview:-1"},"canonical":"https:\/\/beynur.eu\/en\/product-2\/tavuk-peri-peri\/","og_locale":"en_GB","og_type":"article","og_title":"Tavuk Peri Peri - Beynur","og_description":"Beynur Tavuk Peri Peri, taze g\u00f6\u011f\u00fcs etinin \u00f6zel haz\u0131rlanm\u0131\u015f sosla marine edilmesiyle ortaya \u00e7\u0131kan bir lezzettir.  Pratikli\u011fi ve lezzetiyle ana \u00f6\u011f\u00fcnlerinizde g\u00fczel bir yemek, ara \u00f6\u011f\u00fcnlerinizde ise a\u00e7l\u0131\u011f\u0131n\u0131z\u0131 yat\u0131\u015ft\u0131ran sa\u011fl\u0131kl\u0131 bir at\u0131\u015fmal\u0131kt\u0131r.  Damak tad\u0131n\u0131za uygun pili\u00e7 tad\u0131 ile Tavuk Peri Peri, en az \u00e7ocuklar kadar yeti\u015fkinler i\u00e7in de iyi bir alternatif. Sizler i\u00e7in 480gr\u2019l\u0131k paketlerde dondurulmu\u015f olarak haz\u0131rlanan bu lezzetli \u00fcr\u00fcn ile; davetsiz misafirlerinize g\u00fcn boyu kolay bir \u015fekilde enfes sofralar haz\u0131rlayabilirsiniz.","og_url":"https:\/\/beynur.eu\/en\/product-2\/tavuk-peri-peri\/","og_site_name":"Beynur","article_modified_time":"2026-03-08T12:20:03+00:00","og_image":[{"width":1000,"height":1000,"url":"https:\/\/beynur.eu\/wp-content\/uploads\/2018\/03\/10.png","type":"image\/png"}],"twitter_card":"summary_large_image","twitter_misc":{"Estimated reading time":"2 minutes"},"schema":{"@context":"https:\/\/schema.org","@graph":[{"@type":"WebPage","@id":"https:\/\/beynur.eu\/urun\/tavuk-peri-peri\/","url":"https:\/\/beynur.eu\/urun\/tavuk-peri-peri\/","name":"Tavuk Peri Peri - Beynur","isPartOf":{"@id":"https:\/\/beynur.eu\/#website"},"primaryImageOfPage":{"@id":"https:\/\/beynur.eu\/urun\/tavuk-peri-peri\/#primaryimage"},"image":{"@id":"https:\/\/beynur.eu\/urun\/tavuk-peri-peri\/#primaryimage"},"thumbnailUrl":"https:\/\/beynur.eu\/wp-content\/uploads\/2018\/03\/10.png","datePublished":"2018-03-31T21:57:36+00:00","dateModified":"2026-03-08T12:20:03+00:00","breadcrumb":{"@id":"https:\/\/beynur.eu\/urun\/tavuk-peri-peri\/#breadcrumb"},"inLanguage":"en-GB","potentialAction":[{"@type":"ReadAction","target":["https:\/\/beynur.eu\/urun\/tavuk-peri-peri\/"]}]},{"@type":"ImageObject","inLanguage":"en-GB","@id":"https:\/\/beynur.eu\/urun\/tavuk-peri-peri\/#primaryimage","url":"https:\/\/beynur.eu\/wp-content\/uploads\/2018\/03\/10.png","contentUrl":"https:\/\/beynur.eu\/wp-content\/uploads\/2018\/03\/10.png","width":1000,"height":1000},{"@type":"BreadcrumbList","@id":"https:\/\/beynur.eu\/urun\/tavuk-peri-peri\/#breadcrumb","itemListElement":[{"@type":"ListItem","position":1,"name":"Home","item":"https:\/\/beynur.eu\/"},{"@type":"ListItem","position":2,"name":"\u00dcr\u00fcnlerimiz","item":"https:\/\/beynur.eu\/en\/urunlerimiz\/"},{"@type":"ListItem","position":3,"name":"Tavuk Peri Peri"}]},{"@type":"WebSite","@id":"https:\/\/beynur.eu\/#website","url":"https:\/\/beynur.eu\/","name":"Beynur","description":"\u0130lk g\u00fcnk\u00fc a\u015fkla, muhte\u015fem tatlar.","potentialAction":[{"@type":"SearchAction","target":{"@type":"EntryPoint","urlTemplate":"https:\/\/beynur.eu\/?s={search_term_string}"},"query-input":{"@type":"PropertyValueSpecification","valueRequired":true,"valueName":"search_term_string"}}],"inLanguage":"en-GB"}]}},"_links":{"self":[{"href":"https:\/\/beynur.eu\/en\/wp-json\/wp\/v2\/product\/166","targetHints":{"allow":["GET"]}}],"collection":[{"href":"https:\/\/beynur.eu\/en\/wp-json\/wp\/v2\/product"}],"about":[{"href":"https:\/\/beynur.eu\/en\/wp-json\/wp\/v2\/types\/product"}],"wp:featuredmedia":[{"embeddable":true,"href":"https:\/\/beynur.eu\/en\/wp-json\/wp\/v2\/media\/1640"}],"wp:attachment":[{"href":"https:\/\/beynur.eu\/en\/wp-json\/wp\/v2\/media?parent=166"}],"wp:term":[{"taxonomy":"product_brand","embeddable":true,"href":"https:\/\/beynur.eu\/en\/wp-json\/wp\/v2\/product_brand?post=166"},{"taxonomy":"product_cat","embeddable":true,"href":"https:\/\/beynur.eu\/en\/wp-json\/wp\/v2\/product_cat?post=166"},{"taxonomy":"product_tag","embeddable":true,"href":"https:\/\/beynur.eu\/en\/wp-json\/wp\/v2\/product_tag?post=166"}],"curies":[{"name":"wp","href":"https:\/\/api.w.org\/{rel}","templated":true}]}}