{"id":168,"date":"2018-04-01T10:00:40","date_gmt":"2018-04-01T10:00:40","guid":{"rendered":"https:\/\/beynur.eu\/?post_type=product&#038;p=168"},"modified":"2026-05-05T10:33:45","modified_gmt":"2026-05-05T10:33:45","slug":"akcaabat-meatballs","status":"publish","type":"product","link":"https:\/\/beynur.eu\/en\/urun\/akcaabat-kofte\/","title":{"rendered":"Akcaabat Meatballs"},"content":{"rendered":"<p>Beynur Ak\u00e7aabat Meatballs\u2019s appetizing smell has a sharp and unique flavor of garlic, which is grinded thinly with meat. If you are looking for a delicious, convenience meat product in your kitchen, the Beynur Ak\u00e7aabat Meatballs is perfect for you.<\/p>\n<p>It is a legendary taste spread from Trabzon\u2019s Ak\u00e7aabat locality to all over Turkey with its name and flavor\u2026 Whenever you desire Ak\u00e7aabat meatballs, you can enjoy this legendary taste in your home with Beynur Ak\u00e7aabat Meatballs.<\/p>\n<p>With Beynur Ak\u00e7aabat Meatballs, which you can easily cook in a barbecue, a stove, a pan, you can meet your need for protein in a balanced way and you can prepare delicious meal tables for your children waiting impatiently. Our products have been prepared properly to Islamic principles and are halal.<\/p>\n<p>&nbsp;<\/p>\n<p><strong>Preparation:<\/strong><\/p>\n<p>Fry the meatballs at medium temperature in a preheated frying pan. Cook fairly well before eating, not suitable for uncooked consumption. The product contains gluten and soy.<\/p>\n<p>&nbsp;<\/p>\n<p><strong>Storage Advice:<\/strong><\/p>\n<p>2 days in the fridge.<\/p>\n<p>1 week in a * star freezer.<\/p>\n<p>2 weeks in a ** star freezer,<\/p>\n<p>In a *** star freezer (-18C) See the expiration date.<\/p>\n<p>Do not frost again after it is defrosted once.<\/p>","protected":false},"excerpt":{"rendered":"<p>Beynur Ak\u00e7aabat Meatballs\u2019s appetizing smell has a sharp and unique flavor of garlic, which is grinded thinly with meat. If you are looking for a delicious, convenience meat product in your kitchen, the Beynur Ak\u00e7aabat Meatballs is perfect for you.<\/p>\n<p>It is a legendary taste spread from Trabzon\u2019s Ak\u00e7aabat locality to all over Turkey with its name and flavor\u2026 Whenever you desire Ak\u00e7aabat meatballs, you can enjoy this legendary taste in your home with Beynur Ak\u00e7aabat Meatballs.<\/p>","protected":false},"featured_media":1784,"template":"","meta":[],"product_brand":[],"product_cat":[17],"product_tag":[],"class_list":{"0":"post-168","1":"product","2":"type-product","3":"status-publish","4":"has-post-thumbnail","6":"product_cat-et-urunleri","8":"first","9":"instock","10":"shipping-taxable","11":"product-type-simple"},"yoast_head":"<!-- This site is optimized with the Yoast SEO plugin v26.8 - https:\/\/yoast.com\/product\/yoast-seo-wordpress\/ -->\n<title>Ak\u00e7aabat K\u00f6fte - Beynur<\/title>\n<meta name=\"robots\" content=\"index, follow, max-snippet:-1, max-image-preview:large, max-video-preview:-1\" \/>\n<link rel=\"canonical\" href=\"https:\/\/beynur.eu\/en\/product-2\/akcaabat-meatballs\/\" \/>\n<meta property=\"og:locale\" content=\"en_GB\" \/>\n<meta property=\"og:type\" content=\"article\" \/>\n<meta property=\"og:title\" content=\"Ak\u00e7aabat K\u00f6fte - Beynur\" \/>\n<meta property=\"og:description\" content=\"Beynur Ak\u00e7aabat K\u00f6ftesi\u2019nin i\u015ftah a\u00e7an kokusunda, et ile birlikte ince olarak \u00e7ekilen sar\u0131msa\u011f\u0131n keskin ve benzersiz aromas\u0131 vard\u0131r. Mutfa\u011f\u0131n\u0131zda pratik, sofran\u0131zda lezzetli bir haz\u0131r et \u00fcr\u00fcn\u00fc ar\u0131yorsan\u0131z Beynur Ak\u00e7aabat Kebap sizin i\u00e7in tam ideal.  Trabzon\u2019un Ak\u00e7aabat y\u00f6resinden ad\u0131yla, tad\u0131yla t\u00fcm T\u00fcrkiye\u2019ye yay\u0131lan bir efsane lezzettir\u2026 Can\u0131n\u0131z ne zaman Ak\u00e7aabat K\u00f6ftesi isterse, Beynur Ak\u00e7aabat Usul\u00fc K\u00f6fte ile bu efsanevi lezzeti evinizde ya\u015fayabilirsiniz.\" \/>\n<meta property=\"og:url\" content=\"https:\/\/beynur.eu\/en\/product-2\/akcaabat-meatballs\/\" \/>\n<meta property=\"og:site_name\" content=\"Beynur\" \/>\n<meta property=\"article:modified_time\" content=\"2026-05-05T10:33:45+00:00\" \/>\n<meta property=\"og:image\" content=\"https:\/\/beynur.eu\/wp-content\/uploads\/2018\/04\/Akcaabat-Kofte-500g.jpg\" \/>\n\t<meta property=\"og:image:width\" content=\"2000\" \/>\n\t<meta property=\"og:image:height\" content=\"2000\" \/>\n\t<meta property=\"og:image:type\" content=\"image\/jpeg\" \/>\n<meta name=\"twitter:card\" content=\"summary_large_image\" \/>\n<meta name=\"twitter:label1\" content=\"Estimated reading time\" \/>\n\t<meta name=\"twitter:data1\" content=\"1 minute\" \/>\n<script type=\"application\/ld+json\" class=\"yoast-schema-graph\">{\"@context\":\"https:\/\/schema.org\",\"@graph\":[{\"@type\":\"WebPage\",\"@id\":\"https:\/\/beynur.eu\/urun\/akcaabat-kofte\/\",\"url\":\"https:\/\/beynur.eu\/urun\/akcaabat-kofte\/\",\"name\":\"Ak\u00e7aabat K\u00f6fte - Beynur\",\"isPartOf\":{\"@id\":\"https:\/\/beynur.eu\/#website\"},\"primaryImageOfPage\":{\"@id\":\"https:\/\/beynur.eu\/urun\/akcaabat-kofte\/#primaryimage\"},\"image\":{\"@id\":\"https:\/\/beynur.eu\/urun\/akcaabat-kofte\/#primaryimage\"},\"thumbnailUrl\":\"https:\/\/beynur.eu\/wp-content\/uploads\/2018\/04\/Akcaabat-Kofte-500g.jpg\",\"datePublished\":\"2018-04-01T10:00:40+00:00\",\"dateModified\":\"2026-05-05T10:33:45+00:00\",\"breadcrumb\":{\"@id\":\"https:\/\/beynur.eu\/urun\/akcaabat-kofte\/#breadcrumb\"},\"inLanguage\":\"en-GB\",\"potentialAction\":[{\"@type\":\"ReadAction\",\"target\":[\"https:\/\/beynur.eu\/urun\/akcaabat-kofte\/\"]}]},{\"@type\":\"ImageObject\",\"inLanguage\":\"en-GB\",\"@id\":\"https:\/\/beynur.eu\/urun\/akcaabat-kofte\/#primaryimage\",\"url\":\"https:\/\/beynur.eu\/wp-content\/uploads\/2018\/04\/Akcaabat-Kofte-500g.jpg\",\"contentUrl\":\"https:\/\/beynur.eu\/wp-content\/uploads\/2018\/04\/Akcaabat-Kofte-500g.jpg\",\"width\":2000,\"height\":2000},{\"@type\":\"BreadcrumbList\",\"@id\":\"https:\/\/beynur.eu\/urun\/akcaabat-kofte\/#breadcrumb\",\"itemListElement\":[{\"@type\":\"ListItem\",\"position\":1,\"name\":\"Home\",\"item\":\"https:\/\/beynur.eu\/\"},{\"@type\":\"ListItem\",\"position\":2,\"name\":\"\u00dcr\u00fcnler\",\"item\":\"https:\/\/beynur.eu\/urunlerimiz\/\"},{\"@type\":\"ListItem\",\"position\":3,\"name\":\"Ak\u00e7aabat K\u00f6fte\"}]},{\"@type\":\"WebSite\",\"@id\":\"https:\/\/beynur.eu\/#website\",\"url\":\"https:\/\/beynur.eu\/\",\"name\":\"Beynur\",\"description\":\"\u0130lk g\u00fcnk\u00fc a\u015fkla, muhte\u015fem tatlar.\",\"potentialAction\":[{\"@type\":\"SearchAction\",\"target\":{\"@type\":\"EntryPoint\",\"urlTemplate\":\"https:\/\/beynur.eu\/?s={search_term_string}\"},\"query-input\":{\"@type\":\"PropertyValueSpecification\",\"valueRequired\":true,\"valueName\":\"search_term_string\"}}],\"inLanguage\":\"en-GB\"}]}<\/script>\n<!-- \/ Yoast SEO plugin. -->","yoast_head_json":{"title":"Ak\u00e7aabat K\u00f6fte - Beynur","robots":{"index":"index","follow":"follow","max-snippet":"max-snippet:-1","max-image-preview":"max-image-preview:large","max-video-preview":"max-video-preview:-1"},"canonical":"https:\/\/beynur.eu\/en\/product-2\/akcaabat-meatballs\/","og_locale":"en_GB","og_type":"article","og_title":"Ak\u00e7aabat K\u00f6fte - Beynur","og_description":"Beynur Ak\u00e7aabat K\u00f6ftesi\u2019nin i\u015ftah a\u00e7an kokusunda, et ile birlikte ince olarak \u00e7ekilen sar\u0131msa\u011f\u0131n keskin ve benzersiz aromas\u0131 vard\u0131r. Mutfa\u011f\u0131n\u0131zda pratik, sofran\u0131zda lezzetli bir haz\u0131r et \u00fcr\u00fcn\u00fc ar\u0131yorsan\u0131z Beynur Ak\u00e7aabat Kebap sizin i\u00e7in tam ideal.  Trabzon\u2019un Ak\u00e7aabat y\u00f6resinden ad\u0131yla, tad\u0131yla t\u00fcm T\u00fcrkiye\u2019ye yay\u0131lan bir efsane lezzettir\u2026 Can\u0131n\u0131z ne zaman Ak\u00e7aabat K\u00f6ftesi isterse, Beynur Ak\u00e7aabat Usul\u00fc K\u00f6fte ile bu efsanevi lezzeti evinizde ya\u015fayabilirsiniz.","og_url":"https:\/\/beynur.eu\/en\/product-2\/akcaabat-meatballs\/","og_site_name":"Beynur","article_modified_time":"2026-05-05T10:33:45+00:00","og_image":[{"width":2000,"height":2000,"url":"https:\/\/beynur.eu\/wp-content\/uploads\/2018\/04\/Akcaabat-Kofte-500g.jpg","type":"image\/jpeg"}],"twitter_card":"summary_large_image","twitter_misc":{"Estimated reading time":"1 minute"},"schema":{"@context":"https:\/\/schema.org","@graph":[{"@type":"WebPage","@id":"https:\/\/beynur.eu\/urun\/akcaabat-kofte\/","url":"https:\/\/beynur.eu\/urun\/akcaabat-kofte\/","name":"Ak\u00e7aabat K\u00f6fte - Beynur","isPartOf":{"@id":"https:\/\/beynur.eu\/#website"},"primaryImageOfPage":{"@id":"https:\/\/beynur.eu\/urun\/akcaabat-kofte\/#primaryimage"},"image":{"@id":"https:\/\/beynur.eu\/urun\/akcaabat-kofte\/#primaryimage"},"thumbnailUrl":"https:\/\/beynur.eu\/wp-content\/uploads\/2018\/04\/Akcaabat-Kofte-500g.jpg","datePublished":"2018-04-01T10:00:40+00:00","dateModified":"2026-05-05T10:33:45+00:00","breadcrumb":{"@id":"https:\/\/beynur.eu\/urun\/akcaabat-kofte\/#breadcrumb"},"inLanguage":"en-GB","potentialAction":[{"@type":"ReadAction","target":["https:\/\/beynur.eu\/urun\/akcaabat-kofte\/"]}]},{"@type":"ImageObject","inLanguage":"en-GB","@id":"https:\/\/beynur.eu\/urun\/akcaabat-kofte\/#primaryimage","url":"https:\/\/beynur.eu\/wp-content\/uploads\/2018\/04\/Akcaabat-Kofte-500g.jpg","contentUrl":"https:\/\/beynur.eu\/wp-content\/uploads\/2018\/04\/Akcaabat-Kofte-500g.jpg","width":2000,"height":2000},{"@type":"BreadcrumbList","@id":"https:\/\/beynur.eu\/urun\/akcaabat-kofte\/#breadcrumb","itemListElement":[{"@type":"ListItem","position":1,"name":"Home","item":"https:\/\/beynur.eu\/"},{"@type":"ListItem","position":2,"name":"\u00dcr\u00fcnler","item":"https:\/\/beynur.eu\/urunlerimiz\/"},{"@type":"ListItem","position":3,"name":"Ak\u00e7aabat K\u00f6fte"}]},{"@type":"WebSite","@id":"https:\/\/beynur.eu\/#website","url":"https:\/\/beynur.eu\/","name":"Beynur","description":"\u0130lk g\u00fcnk\u00fc a\u015fkla, muhte\u015fem tatlar.","potentialAction":[{"@type":"SearchAction","target":{"@type":"EntryPoint","urlTemplate":"https:\/\/beynur.eu\/?s={search_term_string}"},"query-input":{"@type":"PropertyValueSpecification","valueRequired":true,"valueName":"search_term_string"}}],"inLanguage":"en-GB"}]}},"_links":{"self":[{"href":"https:\/\/beynur.eu\/en\/wp-json\/wp\/v2\/product\/168","targetHints":{"allow":["GET"]}}],"collection":[{"href":"https:\/\/beynur.eu\/en\/wp-json\/wp\/v2\/product"}],"about":[{"href":"https:\/\/beynur.eu\/en\/wp-json\/wp\/v2\/types\/product"}],"wp:featuredmedia":[{"embeddable":true,"href":"https:\/\/beynur.eu\/en\/wp-json\/wp\/v2\/media\/1784"}],"wp:attachment":[{"href":"https:\/\/beynur.eu\/en\/wp-json\/wp\/v2\/media?parent=168"}],"wp:term":[{"taxonomy":"product_brand","embeddable":true,"href":"https:\/\/beynur.eu\/en\/wp-json\/wp\/v2\/product_brand?post=168"},{"taxonomy":"product_cat","embeddable":true,"href":"https:\/\/beynur.eu\/en\/wp-json\/wp\/v2\/product_cat?post=168"},{"taxonomy":"product_tag","embeddable":true,"href":"https:\/\/beynur.eu\/en\/wp-json\/wp\/v2\/product_tag?post=168"}],"curies":[{"name":"wp","href":"https:\/\/api.w.org\/{rel}","templated":true}]}}