{"id":1690,"date":"2026-02-04T14:17:35","date_gmt":"2026-02-04T14:17:35","guid":{"rendered":"https:\/\/beynur.eu\/?post_type=product&#038;p=1690"},"modified":"2026-05-05T10:49:14","modified_gmt":"2026-05-05T10:49:14","slug":"gevrek-tavuk-tenders","status":"publish","type":"product","link":"https:\/\/beynur.eu\/en\/urun\/gevrek-tavuk-tenders\/","title":{"rendered":"Crispy Chicken Tenders"},"content":{"rendered":"<p><b>Usage recommendations<\/b><b><br \/>\n<\/b><span style=\"font-weight: 400;\">Crispy Chicken Tenders can be prepared very easily in a pan, air fryer, deep fryer or oven. You can cook the product without thawing it beforehand and serve it in a short time. Together with French fries, salad, dips or even in a sandwich, varied and satisfying meals can be prepared. Thanks to their crispy texture and spicy note, they are suitable both for everyday use and for snack platters and uncomplicated moments of enjoyment.<\/span><\/p>\n<p><b>Storage instructions<\/b><\/p>\n<ul>\n<li style=\"font-weight: 400;\" aria-level=\"1\"><span style=\"font-weight: 400;\">Store the product in the freezer without thawing it beforehand.<\/span><\/li>\n<li style=\"font-weight: 400;\" aria-level=\"1\"><span style=\"font-weight: 400;\">Close the packaging carefully after opening.<\/span><\/li>\n<li style=\"font-weight: 400;\" aria-level=\"1\"><span style=\"font-weight: 400;\">Do not frost again after it is defrosted once.<\/span><\/li>\n<li style=\"font-weight: 400;\" aria-level=\"1\"><span style=\"font-weight: 400;\">Store the product under the recommended storage conditions.<\/span><\/li>\n<li style=\"font-weight: 400;\" aria-level=\"1\"><span style=\"font-weight: 400;\">Keep frozen until use.<\/span><\/li>\n<li style=\"font-weight: 400;\" aria-level=\"1\"><span style=\"font-weight: 400;\">For the best result, heat the product thoroughly until it is hot all the way through.<\/span><\/li>\n<\/ul>","protected":false},"excerpt":{"rendered":"<p><b>Frozen crispy chicken strips<\/b> <b>Crispy Chicken Tenders<\/b><b><br \/>\n<\/b><span style=\"font-weight: 400;\">Crispy chicken tenders offer a practical and especially tasty meal option with their crispy coating and tender inside made from 100% chicken fillet. The crispy chicken strips are made from halal-slaughtered chicken fillet and impress with a hot-spicy seasoning that provides a more intense and lively taste experience.<\/span><\/p>\n<p><span style=\"font-weight: 400;\">Whether as a quick main meal on stressful days, a satisfying snack or a savoury platter to share, this special product can be used in many ways. With a net content of 750 g, it brings enjoyment and convenience to your everyday kitchen routine.<\/span><\/p>","protected":false},"featured_media":1817,"template":"","meta":[],"product_brand":[],"product_cat":[18],"product_tag":[],"class_list":{"0":"post-1690","1":"product","2":"type-product","3":"status-publish","4":"has-post-thumbnail","6":"product_cat-tavuk-ve-hindi-urunleri","8":"first","9":"instock","10":"shipping-taxable","11":"product-type-simple"},"yoast_head":"<!-- This site is optimized with the Yoast SEO plugin v26.8 - https:\/\/yoast.com\/product\/yoast-seo-wordpress\/ -->\n<title>Gevrek Tavuk Tenders - Beynur<\/title>\n<meta name=\"robots\" content=\"index, follow, max-snippet:-1, max-image-preview:large, max-video-preview:-1\" \/>\n<link rel=\"canonical\" href=\"https:\/\/beynur.eu\/en\/product-2\/gevrek-tavuk-tenders\/\" \/>\n<meta property=\"og:locale\" content=\"en_GB\" \/>\n<meta property=\"og:type\" content=\"article\" \/>\n<meta property=\"og:title\" content=\"Gevrek Tavuk Tenders - Beynur\" \/>\n<meta property=\"og:description\" content=\"Dondurulmu\u015f Crispy Chicken Tenders Crispy Chicken Tenders, d\u0131\u015f\u0131 \u00e7\u0131t\u0131r kaplamas\u0131 ve i\u00e7i yumu\u015fak tavuk filetosuyla pratik ve lezzetli bir \u00f6\u011f\u00fcn alternatifi sunar. Y\u00fczde y\u00fcz tavuk filetodandan \u00fcretti\u011fimiz \u00e7\u0131t\u0131r tavuk \u015feritleri, helal kesim kalitesiyle haz\u0131rl\u0131yor ve bol ac\u0131 sevenlerin damak tad\u0131na uygun \u015fekilde baharatland\u0131r\u0131yoruz.  Bu \u00f6zel \u00fcr\u00fcn, yo\u011fun g\u00fcnlerde h\u0131zl\u0131 bir ana \u00f6\u011f\u00fcn, doyurucu bir at\u0131\u015ft\u0131rmal\u0131k ya da payla\u015fmal\u0131k bir sunum haz\u0131rlamak isteyenler i\u00e7in ideal bir tercih. Net 750 g i\u00e7eri\u011fe sahip \u00fcr\u00fcn, pratik haz\u0131rlan\u0131\u015f\u0131yla mutfakta b\u00fcy\u00fck kolayl\u0131k sa\u011flar.\" \/>\n<meta property=\"og:url\" content=\"https:\/\/beynur.eu\/en\/product-2\/gevrek-tavuk-tenders\/\" \/>\n<meta property=\"og:site_name\" content=\"Beynur\" \/>\n<meta property=\"article:modified_time\" content=\"2026-05-05T10:49:14+00:00\" \/>\n<meta property=\"og:image\" content=\"https:\/\/beynur.eu\/wp-content\/uploads\/2026\/02\/Crispy-chicken-tenders-1.jpg\" \/>\n\t<meta property=\"og:image:width\" content=\"2000\" \/>\n\t<meta property=\"og:image:height\" content=\"2000\" \/>\n\t<meta property=\"og:image:type\" content=\"image\/jpeg\" \/>\n<meta name=\"twitter:card\" content=\"summary_large_image\" \/>\n<meta name=\"twitter:label1\" content=\"Estimated reading time\" \/>\n\t<meta name=\"twitter:data1\" content=\"1 minute\" \/>\n<script type=\"application\/ld+json\" class=\"yoast-schema-graph\">{\"@context\":\"https:\/\/schema.org\",\"@graph\":[{\"@type\":\"WebPage\",\"@id\":\"https:\/\/beynur.eu\/urun\/gevrek-tavuk-tenders\/\",\"url\":\"https:\/\/beynur.eu\/urun\/gevrek-tavuk-tenders\/\",\"name\":\"Gevrek Tavuk Tenders - Beynur\",\"isPartOf\":{\"@id\":\"https:\/\/beynur.eu\/#website\"},\"primaryImageOfPage\":{\"@id\":\"https:\/\/beynur.eu\/urun\/gevrek-tavuk-tenders\/#primaryimage\"},\"image\":{\"@id\":\"https:\/\/beynur.eu\/urun\/gevrek-tavuk-tenders\/#primaryimage\"},\"thumbnailUrl\":\"https:\/\/beynur.eu\/wp-content\/uploads\/2026\/02\/Crispy-chicken-tenders-1.jpg\",\"datePublished\":\"2026-02-04T14:17:35+00:00\",\"dateModified\":\"2026-05-05T10:49:14+00:00\",\"breadcrumb\":{\"@id\":\"https:\/\/beynur.eu\/urun\/gevrek-tavuk-tenders\/#breadcrumb\"},\"inLanguage\":\"en-GB\",\"potentialAction\":[{\"@type\":\"ReadAction\",\"target\":[\"https:\/\/beynur.eu\/urun\/gevrek-tavuk-tenders\/\"]}]},{\"@type\":\"ImageObject\",\"inLanguage\":\"en-GB\",\"@id\":\"https:\/\/beynur.eu\/urun\/gevrek-tavuk-tenders\/#primaryimage\",\"url\":\"https:\/\/beynur.eu\/wp-content\/uploads\/2026\/02\/Crispy-chicken-tenders-1.jpg\",\"contentUrl\":\"https:\/\/beynur.eu\/wp-content\/uploads\/2026\/02\/Crispy-chicken-tenders-1.jpg\",\"width\":2000,\"height\":2000},{\"@type\":\"BreadcrumbList\",\"@id\":\"https:\/\/beynur.eu\/urun\/gevrek-tavuk-tenders\/#breadcrumb\",\"itemListElement\":[{\"@type\":\"ListItem\",\"position\":1,\"name\":\"Home\",\"item\":\"https:\/\/beynur.eu\/\"},{\"@type\":\"ListItem\",\"position\":2,\"name\":\"\u00dcr\u00fcnlerimiz\",\"item\":\"https:\/\/beynur.eu\/en\/urunlerimiz\/\"},{\"@type\":\"ListItem\",\"position\":3,\"name\":\"Gevrek Tavuk Tenders\"}]},{\"@type\":\"WebSite\",\"@id\":\"https:\/\/beynur.eu\/#website\",\"url\":\"https:\/\/beynur.eu\/\",\"name\":\"Beynur\",\"description\":\"\u0130lk g\u00fcnk\u00fc a\u015fkla, muhte\u015fem tatlar.\",\"potentialAction\":[{\"@type\":\"SearchAction\",\"target\":{\"@type\":\"EntryPoint\",\"urlTemplate\":\"https:\/\/beynur.eu\/?s={search_term_string}\"},\"query-input\":{\"@type\":\"PropertyValueSpecification\",\"valueRequired\":true,\"valueName\":\"search_term_string\"}}],\"inLanguage\":\"en-GB\"}]}<\/script>\n<!-- \/ Yoast SEO plugin. -->","yoast_head_json":{"title":"Gevrek Tavuk Tenders - Beynur","robots":{"index":"index","follow":"follow","max-snippet":"max-snippet:-1","max-image-preview":"max-image-preview:large","max-video-preview":"max-video-preview:-1"},"canonical":"https:\/\/beynur.eu\/en\/product-2\/gevrek-tavuk-tenders\/","og_locale":"en_GB","og_type":"article","og_title":"Gevrek Tavuk Tenders - Beynur","og_description":"Dondurulmu\u015f Crispy Chicken Tenders Crispy Chicken Tenders, d\u0131\u015f\u0131 \u00e7\u0131t\u0131r kaplamas\u0131 ve i\u00e7i yumu\u015fak tavuk filetosuyla pratik ve lezzetli bir \u00f6\u011f\u00fcn alternatifi sunar. Y\u00fczde y\u00fcz tavuk filetodandan \u00fcretti\u011fimiz \u00e7\u0131t\u0131r tavuk \u015feritleri, helal kesim kalitesiyle haz\u0131rl\u0131yor ve bol ac\u0131 sevenlerin damak tad\u0131na uygun \u015fekilde baharatland\u0131r\u0131yoruz.  Bu \u00f6zel \u00fcr\u00fcn, yo\u011fun g\u00fcnlerde h\u0131zl\u0131 bir ana \u00f6\u011f\u00fcn, doyurucu bir at\u0131\u015ft\u0131rmal\u0131k ya da payla\u015fmal\u0131k bir sunum haz\u0131rlamak isteyenler i\u00e7in ideal bir tercih. Net 750 g i\u00e7eri\u011fe sahip \u00fcr\u00fcn, pratik haz\u0131rlan\u0131\u015f\u0131yla mutfakta b\u00fcy\u00fck kolayl\u0131k sa\u011flar.","og_url":"https:\/\/beynur.eu\/en\/product-2\/gevrek-tavuk-tenders\/","og_site_name":"Beynur","article_modified_time":"2026-05-05T10:49:14+00:00","og_image":[{"width":2000,"height":2000,"url":"https:\/\/beynur.eu\/wp-content\/uploads\/2026\/02\/Crispy-chicken-tenders-1.jpg","type":"image\/jpeg"}],"twitter_card":"summary_large_image","twitter_misc":{"Estimated reading time":"1 minute"},"schema":{"@context":"https:\/\/schema.org","@graph":[{"@type":"WebPage","@id":"https:\/\/beynur.eu\/urun\/gevrek-tavuk-tenders\/","url":"https:\/\/beynur.eu\/urun\/gevrek-tavuk-tenders\/","name":"Gevrek Tavuk Tenders - Beynur","isPartOf":{"@id":"https:\/\/beynur.eu\/#website"},"primaryImageOfPage":{"@id":"https:\/\/beynur.eu\/urun\/gevrek-tavuk-tenders\/#primaryimage"},"image":{"@id":"https:\/\/beynur.eu\/urun\/gevrek-tavuk-tenders\/#primaryimage"},"thumbnailUrl":"https:\/\/beynur.eu\/wp-content\/uploads\/2026\/02\/Crispy-chicken-tenders-1.jpg","datePublished":"2026-02-04T14:17:35+00:00","dateModified":"2026-05-05T10:49:14+00:00","breadcrumb":{"@id":"https:\/\/beynur.eu\/urun\/gevrek-tavuk-tenders\/#breadcrumb"},"inLanguage":"en-GB","potentialAction":[{"@type":"ReadAction","target":["https:\/\/beynur.eu\/urun\/gevrek-tavuk-tenders\/"]}]},{"@type":"ImageObject","inLanguage":"en-GB","@id":"https:\/\/beynur.eu\/urun\/gevrek-tavuk-tenders\/#primaryimage","url":"https:\/\/beynur.eu\/wp-content\/uploads\/2026\/02\/Crispy-chicken-tenders-1.jpg","contentUrl":"https:\/\/beynur.eu\/wp-content\/uploads\/2026\/02\/Crispy-chicken-tenders-1.jpg","width":2000,"height":2000},{"@type":"BreadcrumbList","@id":"https:\/\/beynur.eu\/urun\/gevrek-tavuk-tenders\/#breadcrumb","itemListElement":[{"@type":"ListItem","position":1,"name":"Home","item":"https:\/\/beynur.eu\/"},{"@type":"ListItem","position":2,"name":"\u00dcr\u00fcnlerimiz","item":"https:\/\/beynur.eu\/en\/urunlerimiz\/"},{"@type":"ListItem","position":3,"name":"Gevrek Tavuk Tenders"}]},{"@type":"WebSite","@id":"https:\/\/beynur.eu\/#website","url":"https:\/\/beynur.eu\/","name":"Beynur","description":"\u0130lk g\u00fcnk\u00fc a\u015fkla, muhte\u015fem tatlar.","potentialAction":[{"@type":"SearchAction","target":{"@type":"EntryPoint","urlTemplate":"https:\/\/beynur.eu\/?s={search_term_string}"},"query-input":{"@type":"PropertyValueSpecification","valueRequired":true,"valueName":"search_term_string"}}],"inLanguage":"en-GB"}]}},"_links":{"self":[{"href":"https:\/\/beynur.eu\/en\/wp-json\/wp\/v2\/product\/1690","targetHints":{"allow":["GET"]}}],"collection":[{"href":"https:\/\/beynur.eu\/en\/wp-json\/wp\/v2\/product"}],"about":[{"href":"https:\/\/beynur.eu\/en\/wp-json\/wp\/v2\/types\/product"}],"wp:featuredmedia":[{"embeddable":true,"href":"https:\/\/beynur.eu\/en\/wp-json\/wp\/v2\/media\/1817"}],"wp:attachment":[{"href":"https:\/\/beynur.eu\/en\/wp-json\/wp\/v2\/media?parent=1690"}],"wp:term":[{"taxonomy":"product_brand","embeddable":true,"href":"https:\/\/beynur.eu\/en\/wp-json\/wp\/v2\/product_brand?post=1690"},{"taxonomy":"product_cat","embeddable":true,"href":"https:\/\/beynur.eu\/en\/wp-json\/wp\/v2\/product_cat?post=1690"},{"taxonomy":"product_tag","embeddable":true,"href":"https:\/\/beynur.eu\/en\/wp-json\/wp\/v2\/product_tag?post=1690"}],"curies":[{"name":"wp","href":"https:\/\/api.w.org\/{rel}","templated":true}]}}