{"id":1692,"date":"2026-02-04T14:25:36","date_gmt":"2026-02-04T14:25:36","guid":{"rendered":"https:\/\/beynur.eu\/?post_type=product&#038;p=1692"},"modified":"2026-05-05T10:48:26","modified_gmt":"2026-05-05T10:48:26","slug":"citir-tavuk-tenders","status":"publish","type":"product","link":"https:\/\/beynur.eu\/en\/urun\/citir-tavuk-tenders\/","title":{"rendered":"Crunchy Chicken Tenders"},"content":{"rendered":"<p><b>Usage recommendations<\/b><b><br \/>\n<\/b><span style=\"font-weight: 400;\">Crunchy chicken tenders can be prepared very easily in a pan, air fryer, oven or deep fryer. You can heat the product quickly and serve it in a short time. Together with French fries, salad, dips or in a sandwich, varied and satisfying meals can be prepared. Thanks to their crispy texture, they are suitable both as a quick main meal and for snack platters.<\/span><\/p>\n<p><b>Storage instructions<\/b><\/p>\n<ul>\n<li style=\"font-weight: 400;\" aria-level=\"1\"><span style=\"font-weight: 400;\">Store the product in the freezer without thawing it beforehand.<\/span><\/li>\n<li style=\"font-weight: 400;\" aria-level=\"1\"><span style=\"font-weight: 400;\">Close the packaging carefully after opening.<\/span><\/li>\n<li style=\"font-weight: 400;\" aria-level=\"1\"><span style=\"font-weight: 400;\">Do not frost again after it is defrosted once.<\/span><\/li>\n<li style=\"font-weight: 400;\" aria-level=\"1\"><span style=\"font-weight: 400;\">Store the product under the recommended storage conditions.<\/span><\/li>\n<li style=\"font-weight: 400;\" aria-level=\"1\"><span style=\"font-weight: 400;\">Keep frozen until use.<\/span><\/li>\n<li style=\"font-weight: 400;\" aria-level=\"1\"><span style=\"font-weight: 400;\">For the best result, heat the product thoroughly until it is hot all the way through.<\/span><\/li>\n<\/ul>","protected":false},"excerpt":{"rendered":"<p><b>Frozen Crunchy Chicken Tenders<\/b><b><br \/>\n<\/b><span style=\"font-weight: 400;\">Beynur crispy mini chicken fillets offer a practical and tasty meal option with their crispy coating and tender mini chicken fillet texture. These pre-cooked and frozen mini chicken fillets save time in the kitchen and deliver an appetising result in a short time.\u00a0<\/span><\/p>\n<p><span style=\"font-weight: 400;\">The crispy chicken fillets are produced 100% halal and are an ideal choice for many uses \u2013 from everyday meals to snack platters. Thanks to their great taste and easy preparation, they are suitable both for individual portions and shared moments of enjoyment.<\/span><\/p>","protected":false},"featured_media":1815,"template":"","meta":[],"product_brand":[],"product_cat":[18],"product_tag":[],"class_list":{"0":"post-1692","1":"product","2":"type-product","3":"status-publish","4":"has-post-thumbnail","6":"product_cat-tavuk-ve-hindi-urunleri","8":"first","9":"instock","10":"shipping-taxable","11":"product-type-simple"},"yoast_head":"<!-- This site is optimized with the Yoast SEO plugin v26.8 - https:\/\/yoast.com\/product\/yoast-seo-wordpress\/ -->\n<title>\u00c7\u0131t\u0131r Tavuk Tenders - Beynur<\/title>\n<meta name=\"robots\" content=\"index, follow, max-snippet:-1, max-image-preview:large, max-video-preview:-1\" \/>\n<link rel=\"canonical\" href=\"https:\/\/beynur.eu\/en\/product-2\/citir-tavuk-tenders\/\" \/>\n<meta property=\"og:locale\" content=\"en_GB\" \/>\n<meta property=\"og:type\" content=\"article\" \/>\n<meta property=\"og:title\" content=\"\u00c7\u0131t\u0131r Tavuk Tenders - Beynur\" \/>\n<meta property=\"og:description\" content=\"Dondurulmu\u015f Crunchy Chicken Tenders Crunchy Chicken Tenders, d\u0131\u015f\u0131 \u00e7\u0131t\u0131r kaplamas\u0131 ve i\u00e7i yumu\u015fak mini tavuk fileto yap\u0131s\u0131yla pratik ve lezzetli bir \u00f6\u011f\u00fcn alternatifi sunuyor. \u00d6nceden pi\u015firilip dondurulan bu \u00fcr\u00fcn, size mutfa\u011f\u0131n\u0131zda zaman kazand\u0131rmakla kalm\u0131yor, ayn\u0131 zamanda k\u0131sa s\u00fcrede i\u015ftah a\u00e7\u0131c\u0131 sonu\u00e7lar elde etmenizi sa\u011fl\u0131yor.\u00a0  Y\u00fczde y\u00fcz helal kaliteyle haz\u0131rlanan mini \u00e7\u0131t\u0131r filetolar, g\u00fcnl\u00fck \u00f6\u011f\u00fcnlerden at\u0131\u015ft\u0131rmal\u0131k sunumlara kadar pek \u00e7ok kullan\u0131m i\u00e7in ideal bir se\u00e7enek. Lezzetli yap\u0131s\u0131 ve kolay haz\u0131rlan\u0131\u015f\u0131 sayesinde hem bireysel \u00f6\u011f\u00fcnlerde hem de payla\u015fmal\u0131k tabaklarda rahatl\u0131kla tercih edebilirsiniz.\" \/>\n<meta property=\"og:url\" content=\"https:\/\/beynur.eu\/en\/product-2\/citir-tavuk-tenders\/\" \/>\n<meta property=\"og:site_name\" content=\"Beynur\" \/>\n<meta property=\"article:modified_time\" content=\"2026-05-05T10:48:26+00:00\" \/>\n<meta property=\"og:image\" content=\"https:\/\/beynur.eu\/wp-content\/uploads\/2026\/02\/Crunchy-Chicken-Tenders.jpg\" \/>\n\t<meta property=\"og:image:width\" content=\"2000\" \/>\n\t<meta property=\"og:image:height\" content=\"2000\" \/>\n\t<meta property=\"og:image:type\" content=\"image\/jpeg\" \/>\n<meta name=\"twitter:card\" content=\"summary_large_image\" \/>\n<meta name=\"twitter:label1\" content=\"Estimated reading time\" \/>\n\t<meta name=\"twitter:data1\" content=\"1 minute\" \/>\n<script type=\"application\/ld+json\" class=\"yoast-schema-graph\">{\"@context\":\"https:\/\/schema.org\",\"@graph\":[{\"@type\":\"WebPage\",\"@id\":\"https:\/\/beynur.eu\/urun\/citir-tavuk-tenders\/\",\"url\":\"https:\/\/beynur.eu\/urun\/citir-tavuk-tenders\/\",\"name\":\"\u00c7\u0131t\u0131r Tavuk Tenders - Beynur\",\"isPartOf\":{\"@id\":\"https:\/\/beynur.eu\/#website\"},\"primaryImageOfPage\":{\"@id\":\"https:\/\/beynur.eu\/urun\/citir-tavuk-tenders\/#primaryimage\"},\"image\":{\"@id\":\"https:\/\/beynur.eu\/urun\/citir-tavuk-tenders\/#primaryimage\"},\"thumbnailUrl\":\"https:\/\/beynur.eu\/wp-content\/uploads\/2026\/02\/Crunchy-Chicken-Tenders.jpg\",\"datePublished\":\"2026-02-04T14:25:36+00:00\",\"dateModified\":\"2026-05-05T10:48:26+00:00\",\"breadcrumb\":{\"@id\":\"https:\/\/beynur.eu\/urun\/citir-tavuk-tenders\/#breadcrumb\"},\"inLanguage\":\"en-GB\",\"potentialAction\":[{\"@type\":\"ReadAction\",\"target\":[\"https:\/\/beynur.eu\/urun\/citir-tavuk-tenders\/\"]}]},{\"@type\":\"ImageObject\",\"inLanguage\":\"en-GB\",\"@id\":\"https:\/\/beynur.eu\/urun\/citir-tavuk-tenders\/#primaryimage\",\"url\":\"https:\/\/beynur.eu\/wp-content\/uploads\/2026\/02\/Crunchy-Chicken-Tenders.jpg\",\"contentUrl\":\"https:\/\/beynur.eu\/wp-content\/uploads\/2026\/02\/Crunchy-Chicken-Tenders.jpg\",\"width\":2000,\"height\":2000},{\"@type\":\"BreadcrumbList\",\"@id\":\"https:\/\/beynur.eu\/urun\/citir-tavuk-tenders\/#breadcrumb\",\"itemListElement\":[{\"@type\":\"ListItem\",\"position\":1,\"name\":\"Home\",\"item\":\"https:\/\/beynur.eu\/\"},{\"@type\":\"ListItem\",\"position\":2,\"name\":\"\u00dcr\u00fcnlerimiz\",\"item\":\"https:\/\/beynur.eu\/en\/urunlerimiz\/\"},{\"@type\":\"ListItem\",\"position\":3,\"name\":\"\u00c7\u0131t\u0131r Tavuk Tenders\"}]},{\"@type\":\"WebSite\",\"@id\":\"https:\/\/beynur.eu\/#website\",\"url\":\"https:\/\/beynur.eu\/\",\"name\":\"Beynur\",\"description\":\"\u0130lk g\u00fcnk\u00fc a\u015fkla, muhte\u015fem tatlar.\",\"potentialAction\":[{\"@type\":\"SearchAction\",\"target\":{\"@type\":\"EntryPoint\",\"urlTemplate\":\"https:\/\/beynur.eu\/?s={search_term_string}\"},\"query-input\":{\"@type\":\"PropertyValueSpecification\",\"valueRequired\":true,\"valueName\":\"search_term_string\"}}],\"inLanguage\":\"en-GB\"}]}<\/script>\n<!-- \/ Yoast SEO plugin. -->","yoast_head_json":{"title":"\u00c7\u0131t\u0131r Tavuk Tenders - Beynur","robots":{"index":"index","follow":"follow","max-snippet":"max-snippet:-1","max-image-preview":"max-image-preview:large","max-video-preview":"max-video-preview:-1"},"canonical":"https:\/\/beynur.eu\/en\/product-2\/citir-tavuk-tenders\/","og_locale":"en_GB","og_type":"article","og_title":"\u00c7\u0131t\u0131r Tavuk Tenders - Beynur","og_description":"Dondurulmu\u015f Crunchy Chicken Tenders Crunchy Chicken Tenders, d\u0131\u015f\u0131 \u00e7\u0131t\u0131r kaplamas\u0131 ve i\u00e7i yumu\u015fak mini tavuk fileto yap\u0131s\u0131yla pratik ve lezzetli bir \u00f6\u011f\u00fcn alternatifi sunuyor. \u00d6nceden pi\u015firilip dondurulan bu \u00fcr\u00fcn, size mutfa\u011f\u0131n\u0131zda zaman kazand\u0131rmakla kalm\u0131yor, ayn\u0131 zamanda k\u0131sa s\u00fcrede i\u015ftah a\u00e7\u0131c\u0131 sonu\u00e7lar elde etmenizi sa\u011fl\u0131yor.\u00a0  Y\u00fczde y\u00fcz helal kaliteyle haz\u0131rlanan mini \u00e7\u0131t\u0131r filetolar, g\u00fcnl\u00fck \u00f6\u011f\u00fcnlerden at\u0131\u015ft\u0131rmal\u0131k sunumlara kadar pek \u00e7ok kullan\u0131m i\u00e7in ideal bir se\u00e7enek. Lezzetli yap\u0131s\u0131 ve kolay haz\u0131rlan\u0131\u015f\u0131 sayesinde hem bireysel \u00f6\u011f\u00fcnlerde hem de payla\u015fmal\u0131k tabaklarda rahatl\u0131kla tercih edebilirsiniz.","og_url":"https:\/\/beynur.eu\/en\/product-2\/citir-tavuk-tenders\/","og_site_name":"Beynur","article_modified_time":"2026-05-05T10:48:26+00:00","og_image":[{"width":2000,"height":2000,"url":"https:\/\/beynur.eu\/wp-content\/uploads\/2026\/02\/Crunchy-Chicken-Tenders.jpg","type":"image\/jpeg"}],"twitter_card":"summary_large_image","twitter_misc":{"Estimated reading time":"1 minute"},"schema":{"@context":"https:\/\/schema.org","@graph":[{"@type":"WebPage","@id":"https:\/\/beynur.eu\/urun\/citir-tavuk-tenders\/","url":"https:\/\/beynur.eu\/urun\/citir-tavuk-tenders\/","name":"\u00c7\u0131t\u0131r Tavuk Tenders - Beynur","isPartOf":{"@id":"https:\/\/beynur.eu\/#website"},"primaryImageOfPage":{"@id":"https:\/\/beynur.eu\/urun\/citir-tavuk-tenders\/#primaryimage"},"image":{"@id":"https:\/\/beynur.eu\/urun\/citir-tavuk-tenders\/#primaryimage"},"thumbnailUrl":"https:\/\/beynur.eu\/wp-content\/uploads\/2026\/02\/Crunchy-Chicken-Tenders.jpg","datePublished":"2026-02-04T14:25:36+00:00","dateModified":"2026-05-05T10:48:26+00:00","breadcrumb":{"@id":"https:\/\/beynur.eu\/urun\/citir-tavuk-tenders\/#breadcrumb"},"inLanguage":"en-GB","potentialAction":[{"@type":"ReadAction","target":["https:\/\/beynur.eu\/urun\/citir-tavuk-tenders\/"]}]},{"@type":"ImageObject","inLanguage":"en-GB","@id":"https:\/\/beynur.eu\/urun\/citir-tavuk-tenders\/#primaryimage","url":"https:\/\/beynur.eu\/wp-content\/uploads\/2026\/02\/Crunchy-Chicken-Tenders.jpg","contentUrl":"https:\/\/beynur.eu\/wp-content\/uploads\/2026\/02\/Crunchy-Chicken-Tenders.jpg","width":2000,"height":2000},{"@type":"BreadcrumbList","@id":"https:\/\/beynur.eu\/urun\/citir-tavuk-tenders\/#breadcrumb","itemListElement":[{"@type":"ListItem","position":1,"name":"Home","item":"https:\/\/beynur.eu\/"},{"@type":"ListItem","position":2,"name":"\u00dcr\u00fcnlerimiz","item":"https:\/\/beynur.eu\/en\/urunlerimiz\/"},{"@type":"ListItem","position":3,"name":"\u00c7\u0131t\u0131r Tavuk Tenders"}]},{"@type":"WebSite","@id":"https:\/\/beynur.eu\/#website","url":"https:\/\/beynur.eu\/","name":"Beynur","description":"\u0130lk g\u00fcnk\u00fc a\u015fkla, muhte\u015fem tatlar.","potentialAction":[{"@type":"SearchAction","target":{"@type":"EntryPoint","urlTemplate":"https:\/\/beynur.eu\/?s={search_term_string}"},"query-input":{"@type":"PropertyValueSpecification","valueRequired":true,"valueName":"search_term_string"}}],"inLanguage":"en-GB"}]}},"_links":{"self":[{"href":"https:\/\/beynur.eu\/en\/wp-json\/wp\/v2\/product\/1692","targetHints":{"allow":["GET"]}}],"collection":[{"href":"https:\/\/beynur.eu\/en\/wp-json\/wp\/v2\/product"}],"about":[{"href":"https:\/\/beynur.eu\/en\/wp-json\/wp\/v2\/types\/product"}],"wp:featuredmedia":[{"embeddable":true,"href":"https:\/\/beynur.eu\/en\/wp-json\/wp\/v2\/media\/1815"}],"wp:attachment":[{"href":"https:\/\/beynur.eu\/en\/wp-json\/wp\/v2\/media?parent=1692"}],"wp:term":[{"taxonomy":"product_brand","embeddable":true,"href":"https:\/\/beynur.eu\/en\/wp-json\/wp\/v2\/product_brand?post=1692"},{"taxonomy":"product_cat","embeddable":true,"href":"https:\/\/beynur.eu\/en\/wp-json\/wp\/v2\/product_cat?post=1692"},{"taxonomy":"product_tag","embeddable":true,"href":"https:\/\/beynur.eu\/en\/wp-json\/wp\/v2\/product_tag?post=1692"}],"curies":[{"name":"wp","href":"https:\/\/api.w.org\/{rel}","templated":true}]}}