{"id":1702,"date":"2026-02-04T14:54:31","date_gmt":"2026-02-04T14:54:31","guid":{"rendered":"https:\/\/beynur.eu\/?post_type=product&#038;p=1702"},"modified":"2026-04-29T13:52:06","modified_gmt":"2026-04-29T13:52:06","slug":"yaprak-sarma","status":"publish","type":"product","link":"https:\/\/beynur.eu\/en\/urun\/yaprak-sarma\/","title":{"rendered":"Stuffed Vine\/Grape Leaves"},"content":{"rendered":"<p><b>Usage recommendations<\/b><b><br \/>\n<\/b><span style=\"font-weight: 400;\">The frozen stuffed vine leaves can be prepared in a suitable pot in about 45 minutes. If desired, you can add lemon slices for a fresh note and serve the dish with yoghurt. The product is suitable both as a main dish and as a meze for various serving options.<\/span><\/p>\n<p><b>Storage instructions<\/b><\/p>\n<ul>\n<li style=\"font-weight: 400;\" aria-level=\"1\"><span style=\"font-weight: 400;\">Store the product in the freezer without thawing it beforehand.<\/span><\/li>\n<li style=\"font-weight: 400;\" aria-level=\"1\"><span style=\"font-weight: 400;\">Close the packaging carefully after opening.<\/span><\/li>\n<li style=\"font-weight: 400;\" aria-level=\"1\"><span style=\"font-weight: 400;\">Do not frost again after it is defrosted once.<\/span><\/li>\n<li style=\"font-weight: 400;\" aria-level=\"1\"><span style=\"font-weight: 400;\">Store the product under the recommended storage conditions.<\/span><\/li>\n<li style=\"font-weight: 400;\" aria-level=\"1\"><span style=\"font-weight: 400;\">Keep frozen until use.<\/span><\/li>\n<\/ul>\n<p>&nbsp;<\/p>","protected":false},"excerpt":{"rendered":"<p><b>Frozen stuffed vine leaves with rice filling<\/b><b><br \/>\n<\/b><span style=\"font-weight: 400;\">Beynur\u2019s frozen stuffed vine leaves bring traditional flavour to your table in a practical way. This special product is filled with a carefully prepared filling, individually hand-rolled and impresses with its homemade taste. Thanks to its frozen form, you save time in the kitchen and have a satisfying option that can be prepared with little effort. <\/span><\/p>\n<p><span style=\"font-weight: 400;\">With a net content of 500 g, the product is suitable both for everyday use and for serving guests.<\/span><\/p>","protected":false},"featured_media":1703,"template":"","meta":[],"product_brand":[],"product_cat":[70],"product_tag":[],"class_list":{"0":"post-1702","1":"product","2":"type-product","3":"status-publish","4":"has-post-thumbnail","6":"product_cat-vejetaryen-urunler","8":"first","9":"instock","10":"shipping-taxable","11":"product-type-simple"},"yoast_head":"<!-- This site is optimized with the Yoast SEO plugin v26.8 - https:\/\/yoast.com\/product\/yoast-seo-wordpress\/ -->\n<title>Yaprak Sarma - Beynur<\/title>\n<meta name=\"robots\" content=\"index, follow, max-snippet:-1, max-image-preview:large, max-video-preview:-1\" \/>\n<link rel=\"canonical\" href=\"https:\/\/beynur.eu\/en\/product-2\/yaprak-sarma\/\" \/>\n<meta property=\"og:locale\" content=\"en_GB\" \/>\n<meta property=\"og:type\" content=\"article\" \/>\n<meta property=\"og:title\" content=\"Yaprak Sarma - Beynur\" \/>\n<meta property=\"og:description\" content=\"Dondurulmu\u015f Yaprak Sarmas\u0131 Beynur\u2019un dondurulmu\u015f yaprak sarmas\u0131, geleneksel lezzeti pratik bir \u015fekilde sofralar\u0131n\u0131za ta\u015f\u0131yor. \u00d6zenle haz\u0131rlanm\u0131\u015f i\u00e7 harc\u0131yla doldurulmu\u015f ve tek tek sar\u0131lm\u0131\u015f bu \u00f6zel \u00fcr\u00fcn, ev yap\u0131m\u0131 lezzetiyle \u00f6ne \u00e7\u0131kar. Dondurulmu\u015f formu sayesinde mutfakta zaman kazand\u0131r\u0131r ve zahmetsizce haz\u0131rlayabilece\u011finiz doyurucu bir se\u00e7enek sunar.   Net 500 g a\u011f\u0131rl\u0131\u011f\u0131ndaki bu \u00fcr\u00fcn, hem g\u00fcnl\u00fck \u00f6\u011f\u00fcnlerde hem de misafir sofralar\u0131nda rahatl\u0131kla tercih edilebilir.\" \/>\n<meta property=\"og:url\" content=\"https:\/\/beynur.eu\/en\/product-2\/yaprak-sarma\/\" \/>\n<meta property=\"og:site_name\" content=\"Beynur\" \/>\n<meta property=\"article:modified_time\" content=\"2026-04-29T13:52:06+00:00\" \/>\n<meta property=\"og:image\" content=\"https:\/\/beynur.eu\/wp-content\/uploads\/2026\/02\/yaprak-sarma.jpg\" \/>\n\t<meta property=\"og:image:width\" content=\"1500\" \/>\n\t<meta property=\"og:image:height\" content=\"1500\" \/>\n\t<meta property=\"og:image:type\" content=\"image\/jpeg\" \/>\n<meta name=\"twitter:card\" content=\"summary_large_image\" \/>\n<meta name=\"twitter:label1\" content=\"Estimated reading time\" \/>\n\t<meta name=\"twitter:data1\" content=\"1 minute\" \/>\n<script type=\"application\/ld+json\" class=\"yoast-schema-graph\">{\"@context\":\"https:\/\/schema.org\",\"@graph\":[{\"@type\":\"WebPage\",\"@id\":\"https:\/\/beynur.eu\/urun\/yaprak-sarma\/\",\"url\":\"https:\/\/beynur.eu\/urun\/yaprak-sarma\/\",\"name\":\"Yaprak Sarma - Beynur\",\"isPartOf\":{\"@id\":\"https:\/\/beynur.eu\/#website\"},\"primaryImageOfPage\":{\"@id\":\"https:\/\/beynur.eu\/urun\/yaprak-sarma\/#primaryimage\"},\"image\":{\"@id\":\"https:\/\/beynur.eu\/urun\/yaprak-sarma\/#primaryimage\"},\"thumbnailUrl\":\"https:\/\/beynur.eu\/wp-content\/uploads\/2026\/02\/yaprak-sarma.jpg\",\"datePublished\":\"2026-02-04T14:54:31+00:00\",\"dateModified\":\"2026-04-29T13:52:06+00:00\",\"breadcrumb\":{\"@id\":\"https:\/\/beynur.eu\/urun\/yaprak-sarma\/#breadcrumb\"},\"inLanguage\":\"en-GB\",\"potentialAction\":[{\"@type\":\"ReadAction\",\"target\":[\"https:\/\/beynur.eu\/urun\/yaprak-sarma\/\"]}]},{\"@type\":\"ImageObject\",\"inLanguage\":\"en-GB\",\"@id\":\"https:\/\/beynur.eu\/urun\/yaprak-sarma\/#primaryimage\",\"url\":\"https:\/\/beynur.eu\/wp-content\/uploads\/2026\/02\/yaprak-sarma.jpg\",\"contentUrl\":\"https:\/\/beynur.eu\/wp-content\/uploads\/2026\/02\/yaprak-sarma.jpg\",\"width\":1500,\"height\":1500,\"caption\":\"yaprak sarma\"},{\"@type\":\"BreadcrumbList\",\"@id\":\"https:\/\/beynur.eu\/urun\/yaprak-sarma\/#breadcrumb\",\"itemListElement\":[{\"@type\":\"ListItem\",\"position\":1,\"name\":\"Home\",\"item\":\"https:\/\/beynur.eu\/\"},{\"@type\":\"ListItem\",\"position\":2,\"name\":\"\u00dcr\u00fcnlerimiz\",\"item\":\"https:\/\/beynur.eu\/en\/urunlerimiz\/\"},{\"@type\":\"ListItem\",\"position\":3,\"name\":\"Yaprak Sarma\"}]},{\"@type\":\"WebSite\",\"@id\":\"https:\/\/beynur.eu\/#website\",\"url\":\"https:\/\/beynur.eu\/\",\"name\":\"Beynur\",\"description\":\"\u0130lk g\u00fcnk\u00fc a\u015fkla, muhte\u015fem tatlar.\",\"potentialAction\":[{\"@type\":\"SearchAction\",\"target\":{\"@type\":\"EntryPoint\",\"urlTemplate\":\"https:\/\/beynur.eu\/?s={search_term_string}\"},\"query-input\":{\"@type\":\"PropertyValueSpecification\",\"valueRequired\":true,\"valueName\":\"search_term_string\"}}],\"inLanguage\":\"en-GB\"}]}<\/script>\n<!-- \/ Yoast SEO plugin. -->","yoast_head_json":{"title":"Yaprak Sarma - Beynur","robots":{"index":"index","follow":"follow","max-snippet":"max-snippet:-1","max-image-preview":"max-image-preview:large","max-video-preview":"max-video-preview:-1"},"canonical":"https:\/\/beynur.eu\/en\/product-2\/yaprak-sarma\/","og_locale":"en_GB","og_type":"article","og_title":"Yaprak Sarma - Beynur","og_description":"Dondurulmu\u015f Yaprak Sarmas\u0131 Beynur\u2019un dondurulmu\u015f yaprak sarmas\u0131, geleneksel lezzeti pratik bir \u015fekilde sofralar\u0131n\u0131za ta\u015f\u0131yor. \u00d6zenle haz\u0131rlanm\u0131\u015f i\u00e7 harc\u0131yla doldurulmu\u015f ve tek tek sar\u0131lm\u0131\u015f bu \u00f6zel \u00fcr\u00fcn, ev yap\u0131m\u0131 lezzetiyle \u00f6ne \u00e7\u0131kar. Dondurulmu\u015f formu sayesinde mutfakta zaman kazand\u0131r\u0131r ve zahmetsizce haz\u0131rlayabilece\u011finiz doyurucu bir se\u00e7enek sunar.   Net 500 g a\u011f\u0131rl\u0131\u011f\u0131ndaki bu \u00fcr\u00fcn, hem g\u00fcnl\u00fck \u00f6\u011f\u00fcnlerde hem de misafir sofralar\u0131nda rahatl\u0131kla tercih edilebilir.","og_url":"https:\/\/beynur.eu\/en\/product-2\/yaprak-sarma\/","og_site_name":"Beynur","article_modified_time":"2026-04-29T13:52:06+00:00","og_image":[{"width":1500,"height":1500,"url":"https:\/\/beynur.eu\/wp-content\/uploads\/2026\/02\/yaprak-sarma.jpg","type":"image\/jpeg"}],"twitter_card":"summary_large_image","twitter_misc":{"Estimated reading time":"1 minute"},"schema":{"@context":"https:\/\/schema.org","@graph":[{"@type":"WebPage","@id":"https:\/\/beynur.eu\/urun\/yaprak-sarma\/","url":"https:\/\/beynur.eu\/urun\/yaprak-sarma\/","name":"Yaprak Sarma - Beynur","isPartOf":{"@id":"https:\/\/beynur.eu\/#website"},"primaryImageOfPage":{"@id":"https:\/\/beynur.eu\/urun\/yaprak-sarma\/#primaryimage"},"image":{"@id":"https:\/\/beynur.eu\/urun\/yaprak-sarma\/#primaryimage"},"thumbnailUrl":"https:\/\/beynur.eu\/wp-content\/uploads\/2026\/02\/yaprak-sarma.jpg","datePublished":"2026-02-04T14:54:31+00:00","dateModified":"2026-04-29T13:52:06+00:00","breadcrumb":{"@id":"https:\/\/beynur.eu\/urun\/yaprak-sarma\/#breadcrumb"},"inLanguage":"en-GB","potentialAction":[{"@type":"ReadAction","target":["https:\/\/beynur.eu\/urun\/yaprak-sarma\/"]}]},{"@type":"ImageObject","inLanguage":"en-GB","@id":"https:\/\/beynur.eu\/urun\/yaprak-sarma\/#primaryimage","url":"https:\/\/beynur.eu\/wp-content\/uploads\/2026\/02\/yaprak-sarma.jpg","contentUrl":"https:\/\/beynur.eu\/wp-content\/uploads\/2026\/02\/yaprak-sarma.jpg","width":1500,"height":1500,"caption":"yaprak sarma"},{"@type":"BreadcrumbList","@id":"https:\/\/beynur.eu\/urun\/yaprak-sarma\/#breadcrumb","itemListElement":[{"@type":"ListItem","position":1,"name":"Home","item":"https:\/\/beynur.eu\/"},{"@type":"ListItem","position":2,"name":"\u00dcr\u00fcnlerimiz","item":"https:\/\/beynur.eu\/en\/urunlerimiz\/"},{"@type":"ListItem","position":3,"name":"Yaprak Sarma"}]},{"@type":"WebSite","@id":"https:\/\/beynur.eu\/#website","url":"https:\/\/beynur.eu\/","name":"Beynur","description":"\u0130lk g\u00fcnk\u00fc a\u015fkla, muhte\u015fem tatlar.","potentialAction":[{"@type":"SearchAction","target":{"@type":"EntryPoint","urlTemplate":"https:\/\/beynur.eu\/?s={search_term_string}"},"query-input":{"@type":"PropertyValueSpecification","valueRequired":true,"valueName":"search_term_string"}}],"inLanguage":"en-GB"}]}},"_links":{"self":[{"href":"https:\/\/beynur.eu\/en\/wp-json\/wp\/v2\/product\/1702","targetHints":{"allow":["GET"]}}],"collection":[{"href":"https:\/\/beynur.eu\/en\/wp-json\/wp\/v2\/product"}],"about":[{"href":"https:\/\/beynur.eu\/en\/wp-json\/wp\/v2\/types\/product"}],"wp:featuredmedia":[{"embeddable":true,"href":"https:\/\/beynur.eu\/en\/wp-json\/wp\/v2\/media\/1703"}],"wp:attachment":[{"href":"https:\/\/beynur.eu\/en\/wp-json\/wp\/v2\/media?parent=1702"}],"wp:term":[{"taxonomy":"product_brand","embeddable":true,"href":"https:\/\/beynur.eu\/en\/wp-json\/wp\/v2\/product_brand?post=1702"},{"taxonomy":"product_cat","embeddable":true,"href":"https:\/\/beynur.eu\/en\/wp-json\/wp\/v2\/product_cat?post=1702"},{"taxonomy":"product_tag","embeddable":true,"href":"https:\/\/beynur.eu\/en\/wp-json\/wp\/v2\/product_tag?post=1702"}],"curies":[{"name":"wp","href":"https:\/\/api.w.org\/{rel}","templated":true}]}}