{"id":1704,"date":"2026-02-04T14:56:47","date_gmt":"2026-02-04T14:56:47","guid":{"rendered":"https:\/\/beynur.eu\/?post_type=product&#038;p=1704"},"modified":"2026-05-05T13:51:05","modified_gmt":"2026-05-05T13:51:05","slug":"brokoli","status":"publish","type":"product","link":"https:\/\/beynur.eu\/en\/urun\/brokoli\/","title":{"rendered":"Broccoli"},"content":{"rendered":"<p><b>Usage recommendations<\/b><b><br \/>\n<\/b><span style=\"font-weight: 400;\">Frozen broccoli is a particularly practical choice for vegetable dishes, soups, oven-baked dishes and various stews. You can add the product directly to the pot or pan and use it very easily. Together with garlic, onions, carrots and, depending on taste, a little cream or cheese, delicious dishes can be prepared.<\/span><\/p>\n<p><b>Storage instructions<\/b><b><br \/>\n<\/b><span style=\"font-weight: 400;\"> Store the product in the freezer without thawing it beforehand.<\/span><span style=\"font-weight: 400;\"><br \/>\n<\/span><span style=\"font-weight: 400;\"> Close the packaging tightly after opening.<\/span><span style=\"font-weight: 400;\"><br \/>\n<\/span><span style=\"font-weight: 400;\"> Do not frost again after it is defrosted once.<\/span><span style=\"font-weight: 400;\"><br \/>\n<\/span><span style=\"font-weight: 400;\"> Store the product under the recommended storage conditions.<\/span><span style=\"font-weight: 400;\"><br \/>\n<\/span><span style=\"font-weight: 400;\"> Niet in het vriesvak bewaren naast sterk ruikende levensmiddelen.<\/span><\/p>\n<p>&nbsp;<\/p>","protected":false},"excerpt":{"rendered":"<p><b>Frozen broccoli<\/b><b><br \/>\n<\/b><span style=\"font-weight: 400;\">Among our frozen vegetable products, you will also find ready-to-cook prepared broccoli. Carefully selected seasonal broccoli preserves its natural taste, fresh colour and firm texture in this way, offering you a practical solution for everyday kitchen use. With this product, you save yourself the preparation work and can prepare your dishes much faster and more easily.\u00a0<\/span><\/p>\n<p><span style=\"font-weight: 400;\">With its mild, characteristic aroma and nutritious quality, broccoli is a vegetable that is widely used both in traditional home-style dishes and in various recipes. Our product, frozen and packaged under hygienic conditions, is always available so that you can prepare this popular taste quickly and in its natural form.<\/span><\/p>","protected":false},"featured_media":1847,"template":"","meta":[],"product_brand":[],"product_cat":[36],"product_tag":[],"class_list":{"0":"post-1704","1":"product","2":"type-product","3":"status-publish","4":"has-post-thumbnail","6":"product_cat-dondurulmus-sebze-urunleri","8":"first","9":"instock","10":"shipping-taxable","11":"product-type-simple"},"yoast_head":"<!-- This site is optimized with the Yoast SEO plugin v26.8 - https:\/\/yoast.com\/product\/yoast-seo-wordpress\/ -->\n<title>Brokoli - Beynur<\/title>\n<meta name=\"robots\" content=\"index, follow, max-snippet:-1, max-image-preview:large, max-video-preview:-1\" \/>\n<link rel=\"canonical\" href=\"https:\/\/beynur.eu\/en\/product-2\/brokoli\/\" \/>\n<meta property=\"og:locale\" content=\"en_GB\" \/>\n<meta property=\"og:type\" content=\"article\" \/>\n<meta property=\"og:title\" content=\"Brokoli - Beynur\" \/>\n<meta property=\"og:description\" content=\"Dondurulmu\u015f Brokoli Dondurulmu\u015f sebze \u00fcr\u00fcnlerimizin aras\u0131nda pi\u015firmeye haz\u0131r hale getirilmi\u015f brokoli de yer al\u0131yor. Mevsiminde \u00f6zenle se\u00e7ilen brokoli, bu sayede do\u011fal lezzetini, canl\u0131 rengini ve diri yap\u0131s\u0131n\u0131 koruyor ve mutfa\u011f\u0131n\u0131za pratik bir \u00e7\u00f6z\u00fcm sunuyor. Bu \u00fcr\u00fcn\u00fcm\u00fczle temizleme ve haz\u0131rl\u0131k zahmetinden kurtulacak, yemeklerinizi \u00e7ok daha pratik ve h\u0131zl\u0131 bir \u015fekilde haz\u0131rlayabileceksiniz.\u00a0  Brokoli, kendine \u00f6zg\u00fc hafif aromas\u0131 ve besleyici yap\u0131s\u0131yla hem geleneksel ev yemeklerinde hem de farkl\u0131 tariflerde severek kullan\u0131lan bir sebze. Hijyenik \u015fartlarda dondurulup paketlenen \u00fcr\u00fcn\u00fcm\u00fcz, bu sevilen lezzeti \u00e7abucak ve do\u011fal haliyle haz\u0131rlaman\u0131z i\u00e7in her an elinizin alt\u0131nda.\" \/>\n<meta property=\"og:url\" content=\"https:\/\/beynur.eu\/en\/product-2\/brokoli\/\" \/>\n<meta property=\"og:site_name\" content=\"Beynur\" \/>\n<meta property=\"article:modified_time\" content=\"2026-05-05T13:51:05+00:00\" \/>\n<meta property=\"og:image\" content=\"https:\/\/beynur.eu\/wp-content\/uploads\/2026\/02\/Brokoli-1.jpg\" \/>\n\t<meta property=\"og:image:width\" content=\"2000\" \/>\n\t<meta property=\"og:image:height\" content=\"2000\" \/>\n\t<meta property=\"og:image:type\" content=\"image\/jpeg\" \/>\n<meta name=\"twitter:card\" content=\"summary_large_image\" \/>\n<meta name=\"twitter:label1\" content=\"Estimated reading time\" \/>\n\t<meta name=\"twitter:data1\" content=\"1 minute\" \/>\n<script type=\"application\/ld+json\" class=\"yoast-schema-graph\">{\"@context\":\"https:\/\/schema.org\",\"@graph\":[{\"@type\":\"WebPage\",\"@id\":\"https:\/\/beynur.eu\/urun\/brokoli\/\",\"url\":\"https:\/\/beynur.eu\/urun\/brokoli\/\",\"name\":\"Brokoli - Beynur\",\"isPartOf\":{\"@id\":\"https:\/\/beynur.eu\/#website\"},\"primaryImageOfPage\":{\"@id\":\"https:\/\/beynur.eu\/urun\/brokoli\/#primaryimage\"},\"image\":{\"@id\":\"https:\/\/beynur.eu\/urun\/brokoli\/#primaryimage\"},\"thumbnailUrl\":\"https:\/\/beynur.eu\/wp-content\/uploads\/2026\/02\/Brokoli-1.jpg\",\"datePublished\":\"2026-02-04T14:56:47+00:00\",\"dateModified\":\"2026-05-05T13:51:05+00:00\",\"breadcrumb\":{\"@id\":\"https:\/\/beynur.eu\/urun\/brokoli\/#breadcrumb\"},\"inLanguage\":\"en-GB\",\"potentialAction\":[{\"@type\":\"ReadAction\",\"target\":[\"https:\/\/beynur.eu\/urun\/brokoli\/\"]}]},{\"@type\":\"ImageObject\",\"inLanguage\":\"en-GB\",\"@id\":\"https:\/\/beynur.eu\/urun\/brokoli\/#primaryimage\",\"url\":\"https:\/\/beynur.eu\/wp-content\/uploads\/2026\/02\/Brokoli-1.jpg\",\"contentUrl\":\"https:\/\/beynur.eu\/wp-content\/uploads\/2026\/02\/Brokoli-1.jpg\",\"width\":2000,\"height\":2000},{\"@type\":\"BreadcrumbList\",\"@id\":\"https:\/\/beynur.eu\/urun\/brokoli\/#breadcrumb\",\"itemListElement\":[{\"@type\":\"ListItem\",\"position\":1,\"name\":\"Home\",\"item\":\"https:\/\/beynur.eu\/\"},{\"@type\":\"ListItem\",\"position\":2,\"name\":\"\u00dcr\u00fcnlerimiz\",\"item\":\"https:\/\/beynur.eu\/en\/urunlerimiz\/\"},{\"@type\":\"ListItem\",\"position\":3,\"name\":\"Brokoli\"}]},{\"@type\":\"WebSite\",\"@id\":\"https:\/\/beynur.eu\/#website\",\"url\":\"https:\/\/beynur.eu\/\",\"name\":\"Beynur\",\"description\":\"\u0130lk g\u00fcnk\u00fc a\u015fkla, muhte\u015fem tatlar.\",\"potentialAction\":[{\"@type\":\"SearchAction\",\"target\":{\"@type\":\"EntryPoint\",\"urlTemplate\":\"https:\/\/beynur.eu\/?s={search_term_string}\"},\"query-input\":{\"@type\":\"PropertyValueSpecification\",\"valueRequired\":true,\"valueName\":\"search_term_string\"}}],\"inLanguage\":\"en-GB\"}]}<\/script>\n<!-- \/ Yoast SEO plugin. -->","yoast_head_json":{"title":"Brokoli - Beynur","robots":{"index":"index","follow":"follow","max-snippet":"max-snippet:-1","max-image-preview":"max-image-preview:large","max-video-preview":"max-video-preview:-1"},"canonical":"https:\/\/beynur.eu\/en\/product-2\/brokoli\/","og_locale":"en_GB","og_type":"article","og_title":"Brokoli - Beynur","og_description":"Dondurulmu\u015f Brokoli Dondurulmu\u015f sebze \u00fcr\u00fcnlerimizin aras\u0131nda pi\u015firmeye haz\u0131r hale getirilmi\u015f brokoli de yer al\u0131yor. Mevsiminde \u00f6zenle se\u00e7ilen brokoli, bu sayede do\u011fal lezzetini, canl\u0131 rengini ve diri yap\u0131s\u0131n\u0131 koruyor ve mutfa\u011f\u0131n\u0131za pratik bir \u00e7\u00f6z\u00fcm sunuyor. Bu \u00fcr\u00fcn\u00fcm\u00fczle temizleme ve haz\u0131rl\u0131k zahmetinden kurtulacak, yemeklerinizi \u00e7ok daha pratik ve h\u0131zl\u0131 bir \u015fekilde haz\u0131rlayabileceksiniz.\u00a0  Brokoli, kendine \u00f6zg\u00fc hafif aromas\u0131 ve besleyici yap\u0131s\u0131yla hem geleneksel ev yemeklerinde hem de farkl\u0131 tariflerde severek kullan\u0131lan bir sebze. Hijyenik \u015fartlarda dondurulup paketlenen \u00fcr\u00fcn\u00fcm\u00fcz, bu sevilen lezzeti \u00e7abucak ve do\u011fal haliyle haz\u0131rlaman\u0131z i\u00e7in her an elinizin alt\u0131nda.","og_url":"https:\/\/beynur.eu\/en\/product-2\/brokoli\/","og_site_name":"Beynur","article_modified_time":"2026-05-05T13:51:05+00:00","og_image":[{"width":2000,"height":2000,"url":"https:\/\/beynur.eu\/wp-content\/uploads\/2026\/02\/Brokoli-1.jpg","type":"image\/jpeg"}],"twitter_card":"summary_large_image","twitter_misc":{"Estimated reading time":"1 minute"},"schema":{"@context":"https:\/\/schema.org","@graph":[{"@type":"WebPage","@id":"https:\/\/beynur.eu\/urun\/brokoli\/","url":"https:\/\/beynur.eu\/urun\/brokoli\/","name":"Brokoli - Beynur","isPartOf":{"@id":"https:\/\/beynur.eu\/#website"},"primaryImageOfPage":{"@id":"https:\/\/beynur.eu\/urun\/brokoli\/#primaryimage"},"image":{"@id":"https:\/\/beynur.eu\/urun\/brokoli\/#primaryimage"},"thumbnailUrl":"https:\/\/beynur.eu\/wp-content\/uploads\/2026\/02\/Brokoli-1.jpg","datePublished":"2026-02-04T14:56:47+00:00","dateModified":"2026-05-05T13:51:05+00:00","breadcrumb":{"@id":"https:\/\/beynur.eu\/urun\/brokoli\/#breadcrumb"},"inLanguage":"en-GB","potentialAction":[{"@type":"ReadAction","target":["https:\/\/beynur.eu\/urun\/brokoli\/"]}]},{"@type":"ImageObject","inLanguage":"en-GB","@id":"https:\/\/beynur.eu\/urun\/brokoli\/#primaryimage","url":"https:\/\/beynur.eu\/wp-content\/uploads\/2026\/02\/Brokoli-1.jpg","contentUrl":"https:\/\/beynur.eu\/wp-content\/uploads\/2026\/02\/Brokoli-1.jpg","width":2000,"height":2000},{"@type":"BreadcrumbList","@id":"https:\/\/beynur.eu\/urun\/brokoli\/#breadcrumb","itemListElement":[{"@type":"ListItem","position":1,"name":"Home","item":"https:\/\/beynur.eu\/"},{"@type":"ListItem","position":2,"name":"\u00dcr\u00fcnlerimiz","item":"https:\/\/beynur.eu\/en\/urunlerimiz\/"},{"@type":"ListItem","position":3,"name":"Brokoli"}]},{"@type":"WebSite","@id":"https:\/\/beynur.eu\/#website","url":"https:\/\/beynur.eu\/","name":"Beynur","description":"\u0130lk g\u00fcnk\u00fc a\u015fkla, muhte\u015fem tatlar.","potentialAction":[{"@type":"SearchAction","target":{"@type":"EntryPoint","urlTemplate":"https:\/\/beynur.eu\/?s={search_term_string}"},"query-input":{"@type":"PropertyValueSpecification","valueRequired":true,"valueName":"search_term_string"}}],"inLanguage":"en-GB"}]}},"_links":{"self":[{"href":"https:\/\/beynur.eu\/en\/wp-json\/wp\/v2\/product\/1704","targetHints":{"allow":["GET"]}}],"collection":[{"href":"https:\/\/beynur.eu\/en\/wp-json\/wp\/v2\/product"}],"about":[{"href":"https:\/\/beynur.eu\/en\/wp-json\/wp\/v2\/types\/product"}],"wp:featuredmedia":[{"embeddable":true,"href":"https:\/\/beynur.eu\/en\/wp-json\/wp\/v2\/media\/1847"}],"wp:attachment":[{"href":"https:\/\/beynur.eu\/en\/wp-json\/wp\/v2\/media?parent=1704"}],"wp:term":[{"taxonomy":"product_brand","embeddable":true,"href":"https:\/\/beynur.eu\/en\/wp-json\/wp\/v2\/product_brand?post=1704"},{"taxonomy":"product_cat","embeddable":true,"href":"https:\/\/beynur.eu\/en\/wp-json\/wp\/v2\/product_cat?post=1704"},{"taxonomy":"product_tag","embeddable":true,"href":"https:\/\/beynur.eu\/en\/wp-json\/wp\/v2\/product_tag?post=1704"}],"curies":[{"name":"wp","href":"https:\/\/api.w.org\/{rel}","templated":true}]}}