{"id":1706,"date":"2026-02-04T15:00:19","date_gmt":"2026-02-04T15:00:19","guid":{"rendered":"https:\/\/beynur.eu\/?post_type=product&#038;p=1706"},"modified":"2026-05-05T10:29:58","modified_gmt":"2026-05-05T10:29:58","slug":"bamya-zero","status":"publish","type":"product","link":"https:\/\/beynur.eu\/en\/urun\/bamya-zero\/","title":{"rendered":"Okra Zero"},"content":{"rendered":"<p><b>Usage recommendations<\/b><b><br \/>\n<\/b><span style=\"font-weight: 400;\">Okra Zero is ideal for okra with olive oil, okra with meat, tangy okra dishes and various stews. You can add the product directly to the pot and prepare it very conveniently. Together with onions, tomatoes and, depending on taste, a little lemon juice, balanced and aromatic dishes can be prepared. <\/span><\/p>\n<p><span style=\"font-weight: 400;\">Thanks to its small size and tender texture, this okra delivers very good results both in classic recipes and in carefully presented dishes. It offers practical advantages in everyday kitchen use while bringing the selected taste of high-quality okra to the table.<\/span><\/p>\n<p><b>Storage instructions<\/b><\/p>\n<ul>\n<li style=\"font-weight: 400;\" aria-level=\"1\"><span style=\"font-weight: 400;\">Store the product in the freezer without thawing it beforehand.<\/span><\/li>\n<li style=\"font-weight: 400;\" aria-level=\"1\"><span style=\"font-weight: 400;\">Close the packaging tightly after opening.<\/span><\/li>\n<li style=\"font-weight: 400;\" aria-level=\"1\"><span style=\"font-weight: 400;\">Do not frost again after it is defrosted once.<\/span><\/li>\n<li style=\"font-weight: 400;\" aria-level=\"1\"><span style=\"font-weight: 400;\">Store the product under the recommended storage conditions.<\/span><\/li>\n<li style=\"font-weight: 400;\" aria-level=\"1\"><span style=\"font-weight: 400;\">Niet in het vriesvak bewaren naast sterk ruikende levensmiddelen.<\/span><\/li>\n<\/ul>","protected":false},"excerpt":{"rendered":"<p><b>Frozen okra Zero<\/b><b><br \/>\n<\/b><span style=\"font-weight: 400;\">Among our frozen vegetable products, you will also find Okra Zero, one of the most carefully selected okra varieties. This premium okra is harvested at its smallest, youngest and freshest stage, usually at a size of 2 to 3 cm, bringing its natural taste, tender texture and high nutritional value directly to your table. <\/span><\/p>\n<p><span style=\"font-weight: 400;\">Thanks to the individual quick freezing technology known as IQF, our carefully selected products are frozen individually, offering you a particularly practical advantage in use. With its non-slimy structure and fine consistency, Bamya Zero is a special choice for anyone looking for high-quality okra.<\/span><\/p>","protected":false},"featured_media":1777,"template":"","meta":[],"product_brand":[],"product_cat":[36],"product_tag":[],"class_list":{"0":"post-1706","1":"product","2":"type-product","3":"status-publish","4":"has-post-thumbnail","6":"product_cat-dondurulmus-sebze-urunleri","8":"first","9":"instock","10":"shipping-taxable","11":"product-type-simple"},"yoast_head":"<!-- This site is optimized with the Yoast SEO plugin v26.8 - https:\/\/yoast.com\/product\/yoast-seo-wordpress\/ -->\n<title>Bamya Zero - Beynur<\/title>\n<meta name=\"robots\" content=\"index, follow, max-snippet:-1, max-image-preview:large, max-video-preview:-1\" \/>\n<link rel=\"canonical\" href=\"https:\/\/beynur.eu\/en\/product-2\/bamya-zero\/\" \/>\n<meta property=\"og:locale\" content=\"en_GB\" \/>\n<meta property=\"og:type\" content=\"article\" \/>\n<meta property=\"og:title\" content=\"Bamya Zero - Beynur\" \/>\n<meta property=\"og:description\" content=\"Dondurulmu\u015f Bamya Zero Dondurulmu\u015f sebze \u00fcr\u00fcnlerimizin aras\u0131nda en se\u00e7kin bamya \u00e7e\u015fitlerinden biri olan Bamya Zero da yer al\u0131yor. En k\u00fc\u00e7\u00fck, en gen\u00e7 ve en taze haliyle, genellikle 2\u20133 cm boyutundayken hasat edilen bu birinci s\u0131n\u0131f bamya, do\u011fal lezzetini, yumu\u015fak yap\u0131s\u0131n\u0131 ve y\u00fcksek besin de\u011ferini koruyarak sofralar\u0131n\u0131za ula\u015f\u0131yor.   \u00d6zenle se\u00e7ilen \u00fcr\u00fcnlerimiz, bireysel h\u0131zl\u0131 dondurma teknolojisi olarak bilinen\u00a0 iQF sayesinde tane tane donduruluyor ve pratik kullan\u0131m avantaj\u0131 sunuyor. Bamya Zero, salyalanmayan yap\u0131s\u0131 ve narin dokusuyla kaliteli bamya arayanlar i\u00e7in \u00f6zel bir tercih olu\u015fturuyor.\" \/>\n<meta property=\"og:url\" content=\"https:\/\/beynur.eu\/en\/product-2\/bamya-zero\/\" \/>\n<meta property=\"og:site_name\" content=\"Beynur\" \/>\n<meta property=\"article:modified_time\" content=\"2026-05-05T10:29:58+00:00\" \/>\n<meta property=\"og:image\" content=\"https:\/\/beynur.eu\/wp-content\/uploads\/2026\/02\/Bamya-zero-1-1024x1024.png\" \/>\n\t<meta property=\"og:image:width\" content=\"1024\" \/>\n\t<meta property=\"og:image:height\" content=\"1024\" \/>\n\t<meta property=\"og:image:type\" content=\"image\/png\" \/>\n<meta name=\"twitter:card\" content=\"summary_large_image\" \/>\n<meta name=\"twitter:label1\" content=\"Estimated reading time\" \/>\n\t<meta name=\"twitter:data1\" content=\"1 minute\" \/>\n<script type=\"application\/ld+json\" class=\"yoast-schema-graph\">{\"@context\":\"https:\/\/schema.org\",\"@graph\":[{\"@type\":\"WebPage\",\"@id\":\"https:\/\/beynur.eu\/urun\/bamya-zero\/\",\"url\":\"https:\/\/beynur.eu\/urun\/bamya-zero\/\",\"name\":\"Bamya Zero - Beynur\",\"isPartOf\":{\"@id\":\"https:\/\/beynur.eu\/#website\"},\"primaryImageOfPage\":{\"@id\":\"https:\/\/beynur.eu\/urun\/bamya-zero\/#primaryimage\"},\"image\":{\"@id\":\"https:\/\/beynur.eu\/urun\/bamya-zero\/#primaryimage\"},\"thumbnailUrl\":\"https:\/\/beynur.eu\/wp-content\/uploads\/2026\/02\/Bamya-zero-1.png\",\"datePublished\":\"2026-02-04T15:00:19+00:00\",\"dateModified\":\"2026-05-05T10:29:58+00:00\",\"breadcrumb\":{\"@id\":\"https:\/\/beynur.eu\/urun\/bamya-zero\/#breadcrumb\"},\"inLanguage\":\"en-GB\",\"potentialAction\":[{\"@type\":\"ReadAction\",\"target\":[\"https:\/\/beynur.eu\/urun\/bamya-zero\/\"]}]},{\"@type\":\"ImageObject\",\"inLanguage\":\"en-GB\",\"@id\":\"https:\/\/beynur.eu\/urun\/bamya-zero\/#primaryimage\",\"url\":\"https:\/\/beynur.eu\/wp-content\/uploads\/2026\/02\/Bamya-zero-1.png\",\"contentUrl\":\"https:\/\/beynur.eu\/wp-content\/uploads\/2026\/02\/Bamya-zero-1.png\",\"width\":2000,\"height\":2000},{\"@type\":\"BreadcrumbList\",\"@id\":\"https:\/\/beynur.eu\/urun\/bamya-zero\/#breadcrumb\",\"itemListElement\":[{\"@type\":\"ListItem\",\"position\":1,\"name\":\"Home\",\"item\":\"https:\/\/beynur.eu\/\"},{\"@type\":\"ListItem\",\"position\":2,\"name\":\"\u00dcr\u00fcnlerimiz\",\"item\":\"https:\/\/beynur.eu\/en\/urunlerimiz\/\"},{\"@type\":\"ListItem\",\"position\":3,\"name\":\"Bamya Zero\"}]},{\"@type\":\"WebSite\",\"@id\":\"https:\/\/beynur.eu\/#website\",\"url\":\"https:\/\/beynur.eu\/\",\"name\":\"Beynur\",\"description\":\"\u0130lk g\u00fcnk\u00fc a\u015fkla, muhte\u015fem tatlar.\",\"potentialAction\":[{\"@type\":\"SearchAction\",\"target\":{\"@type\":\"EntryPoint\",\"urlTemplate\":\"https:\/\/beynur.eu\/?s={search_term_string}\"},\"query-input\":{\"@type\":\"PropertyValueSpecification\",\"valueRequired\":true,\"valueName\":\"search_term_string\"}}],\"inLanguage\":\"en-GB\"}]}<\/script>\n<!-- \/ Yoast SEO plugin. -->","yoast_head_json":{"title":"Bamya Zero - Beynur","robots":{"index":"index","follow":"follow","max-snippet":"max-snippet:-1","max-image-preview":"max-image-preview:large","max-video-preview":"max-video-preview:-1"},"canonical":"https:\/\/beynur.eu\/en\/product-2\/bamya-zero\/","og_locale":"en_GB","og_type":"article","og_title":"Bamya Zero - Beynur","og_description":"Dondurulmu\u015f Bamya Zero Dondurulmu\u015f sebze \u00fcr\u00fcnlerimizin aras\u0131nda en se\u00e7kin bamya \u00e7e\u015fitlerinden biri olan Bamya Zero da yer al\u0131yor. En k\u00fc\u00e7\u00fck, en gen\u00e7 ve en taze haliyle, genellikle 2\u20133 cm boyutundayken hasat edilen bu birinci s\u0131n\u0131f bamya, do\u011fal lezzetini, yumu\u015fak yap\u0131s\u0131n\u0131 ve y\u00fcksek besin de\u011ferini koruyarak sofralar\u0131n\u0131za ula\u015f\u0131yor.   \u00d6zenle se\u00e7ilen \u00fcr\u00fcnlerimiz, bireysel h\u0131zl\u0131 dondurma teknolojisi olarak bilinen\u00a0 iQF sayesinde tane tane donduruluyor ve pratik kullan\u0131m avantaj\u0131 sunuyor. Bamya Zero, salyalanmayan yap\u0131s\u0131 ve narin dokusuyla kaliteli bamya arayanlar i\u00e7in \u00f6zel bir tercih olu\u015fturuyor.","og_url":"https:\/\/beynur.eu\/en\/product-2\/bamya-zero\/","og_site_name":"Beynur","article_modified_time":"2026-05-05T10:29:58+00:00","og_image":[{"width":1024,"height":1024,"url":"https:\/\/beynur.eu\/wp-content\/uploads\/2026\/02\/Bamya-zero-1-1024x1024.png","type":"image\/png"}],"twitter_card":"summary_large_image","twitter_misc":{"Estimated reading time":"1 minute"},"schema":{"@context":"https:\/\/schema.org","@graph":[{"@type":"WebPage","@id":"https:\/\/beynur.eu\/urun\/bamya-zero\/","url":"https:\/\/beynur.eu\/urun\/bamya-zero\/","name":"Bamya Zero - Beynur","isPartOf":{"@id":"https:\/\/beynur.eu\/#website"},"primaryImageOfPage":{"@id":"https:\/\/beynur.eu\/urun\/bamya-zero\/#primaryimage"},"image":{"@id":"https:\/\/beynur.eu\/urun\/bamya-zero\/#primaryimage"},"thumbnailUrl":"https:\/\/beynur.eu\/wp-content\/uploads\/2026\/02\/Bamya-zero-1.png","datePublished":"2026-02-04T15:00:19+00:00","dateModified":"2026-05-05T10:29:58+00:00","breadcrumb":{"@id":"https:\/\/beynur.eu\/urun\/bamya-zero\/#breadcrumb"},"inLanguage":"en-GB","potentialAction":[{"@type":"ReadAction","target":["https:\/\/beynur.eu\/urun\/bamya-zero\/"]}]},{"@type":"ImageObject","inLanguage":"en-GB","@id":"https:\/\/beynur.eu\/urun\/bamya-zero\/#primaryimage","url":"https:\/\/beynur.eu\/wp-content\/uploads\/2026\/02\/Bamya-zero-1.png","contentUrl":"https:\/\/beynur.eu\/wp-content\/uploads\/2026\/02\/Bamya-zero-1.png","width":2000,"height":2000},{"@type":"BreadcrumbList","@id":"https:\/\/beynur.eu\/urun\/bamya-zero\/#breadcrumb","itemListElement":[{"@type":"ListItem","position":1,"name":"Home","item":"https:\/\/beynur.eu\/"},{"@type":"ListItem","position":2,"name":"\u00dcr\u00fcnlerimiz","item":"https:\/\/beynur.eu\/en\/urunlerimiz\/"},{"@type":"ListItem","position":3,"name":"Bamya Zero"}]},{"@type":"WebSite","@id":"https:\/\/beynur.eu\/#website","url":"https:\/\/beynur.eu\/","name":"Beynur","description":"\u0130lk g\u00fcnk\u00fc a\u015fkla, muhte\u015fem tatlar.","potentialAction":[{"@type":"SearchAction","target":{"@type":"EntryPoint","urlTemplate":"https:\/\/beynur.eu\/?s={search_term_string}"},"query-input":{"@type":"PropertyValueSpecification","valueRequired":true,"valueName":"search_term_string"}}],"inLanguage":"en-GB"}]}},"_links":{"self":[{"href":"https:\/\/beynur.eu\/en\/wp-json\/wp\/v2\/product\/1706","targetHints":{"allow":["GET"]}}],"collection":[{"href":"https:\/\/beynur.eu\/en\/wp-json\/wp\/v2\/product"}],"about":[{"href":"https:\/\/beynur.eu\/en\/wp-json\/wp\/v2\/types\/product"}],"wp:featuredmedia":[{"embeddable":true,"href":"https:\/\/beynur.eu\/en\/wp-json\/wp\/v2\/media\/1777"}],"wp:attachment":[{"href":"https:\/\/beynur.eu\/en\/wp-json\/wp\/v2\/media?parent=1706"}],"wp:term":[{"taxonomy":"product_brand","embeddable":true,"href":"https:\/\/beynur.eu\/en\/wp-json\/wp\/v2\/product_brand?post=1706"},{"taxonomy":"product_cat","embeddable":true,"href":"https:\/\/beynur.eu\/en\/wp-json\/wp\/v2\/product_cat?post=1706"},{"taxonomy":"product_tag","embeddable":true,"href":"https:\/\/beynur.eu\/en\/wp-json\/wp\/v2\/product_tag?post=1706"}],"curies":[{"name":"wp","href":"https:\/\/api.w.org\/{rel}","templated":true}]}}