{"id":171,"date":"2018-04-01T10:03:54","date_gmt":"2018-04-01T10:03:54","guid":{"rendered":"https:\/\/beynur.eu\/?post_type=product&#038;p=171"},"modified":"2026-03-12T11:18:41","modified_gmt":"2026-03-12T11:18:41","slug":"urfa-kebap","status":"publish","type":"product","link":"https:\/\/beynur.eu\/en\/product-2\/urfa-kebab\/","title":{"rendered":"Urfa Kebab"},"content":{"rendered":"<p>This is a type of kebab indigenous to \u015eanl\u0131urfa province and surrounding cities. The name of Urfa Kebab is formed by bringing \u201cUrfa\u201d and \u201cKebab\u201d words together. Urfa Kebab (hash kebab) means the plain pepper-free kebab lined up on skewer.<\/p>\n<p>Everyone likes to cook and eat meatballs, but Urfa kebab should be cooked by competent hands. It is one of legendary tastes of Southeastern Anatolia cuisine and spread all over the Turkey\u2026 You can offer your family with a healthy meal by serving Beynur Urfa Kebab together with fresh season salad and ayran.<\/p>\n<p>With Beynur Urfa Kebab, which you can easily cook in a barbecue, a stove, a pan, you can meet your need for protein in a balanced way and you can prepare delicious meal tables for your children waiting impatiently. Our products have been prepared properly to Islamic principles and are halal.<\/p>\n<p>&nbsp;<\/p>\n<p><strong>Preparation:<\/strong><\/p>\n<p>Fry the deep frozen meatballs at medium temperature in a preheated frying pan. Cook fairly well before eating, not suitable for uncooked consumption. The product contains gluten and soy.<\/p>\n<p>&nbsp;<\/p>\n<p><strong>Storage Advice:<\/strong><\/p>\n<p>2 days in the fridge.<\/p>\n<p>1 week in a * star freezer.<\/p>\n<p>2 weeks in a ** star freezer,<\/p>\n<p>In a *** star freezer (-18C) See the expiration date.<\/p>\n<p>Do not frost again after it is defrosted once.<\/p>","protected":false},"excerpt":{"rendered":"<p>This is a type of kebab indigenous to \u015eanl\u0131urfa province and surrounding cities. The name of Urfa Kebab is formed by bringing \u201cUrfa\u201d and \u201cKebab\u201d words together. Urfa Kebab (hash kebab) means the plain pepper-free kebab lined up on skewer.<\/p>\n<p>Everyone likes to cook and eat meatballs, but Urfa kebab should be cooked by competent hands. It is one of legendary tastes of Southeastern Anatolia cuisine and spread all over the Turkey\u2026 You can offer your family with a healthy meal by serving Beynur Urfa Kebab together with fresh season salad and ayran.<\/p>","protected":false},"featured_media":1744,"template":"","meta":[],"product_brand":[],"product_cat":[17],"product_tag":[],"class_list":{"0":"post-171","1":"product","2":"type-product","3":"status-publish","4":"has-post-thumbnail","6":"product_cat-et-urunleri","8":"first","9":"instock","10":"shipping-taxable","11":"product-type-simple"},"yoast_head":"<!-- This site is optimized with the Yoast SEO plugin v26.8 - https:\/\/yoast.com\/product\/yoast-seo-wordpress\/ -->\n<title>Urfa Kebap - Beynur<\/title>\n<meta name=\"robots\" content=\"index, follow, max-snippet:-1, max-image-preview:large, max-video-preview:-1\" \/>\n<link rel=\"canonical\" href=\"https:\/\/beynur.eu\/en\/product-2\/urfa-kebab\/\" \/>\n<meta property=\"og:locale\" content=\"en_GB\" \/>\n<meta property=\"og:type\" content=\"article\" \/>\n<meta property=\"og:title\" content=\"Urfa Kebap - Beynur\" \/>\n<meta property=\"og:description\" content=\"\u015eanl\u0131urfa ve \u00e7evre illere \u00f6zg\u00fc kebap t\u00fcr\u00fcd\u00fcr. \u201cKebap\u201d ve \u201cUrfa\u201d kelimesi bulu\u015farak Urfa kebap ad\u0131n\u0131 do\u011furmu\u015ftur. Urfa kebap (ha\u015fha\u015f kebap) ac\u0131s\u0131z, z\u0131rhta \u00e7ekilmi\u015f sade kebaba verilen isimdir.  Herkes k\u00f6fte yemeyi ve yapmay\u0131 sever ama Urfa Kebap ehil ellerde yap\u0131lmal\u0131d\u0131r. G\u00fcneydo\u011fu mutfa\u011f\u0131n\u0131n en lezzetli yemeklerinden olup ad\u0131yla, tad\u0131yla t\u00fcm T\u00fcrkiye\u2019ye yay\u0131lan bir efsane lezzettir\u2026 Kebap keyfini evinizde ya\u015fatan Beynur Urfa Kebab\u0131 taze ye\u015fil mevsim salatas\u0131yla ve buz gibi ayranla servis yaparak ailenize sa\u011fl\u0131kl\u0131 bir \u00f6\u011f\u00fcn sunmu\u015f olursunuz.\" \/>\n<meta property=\"og:url\" content=\"https:\/\/beynur.eu\/en\/product-2\/urfa-kebab\/\" \/>\n<meta property=\"og:site_name\" content=\"Beynur\" \/>\n<meta property=\"article:modified_time\" content=\"2026-03-12T11:18:41+00:00\" \/>\n<meta property=\"og:image\" content=\"https:\/\/beynur.eu\/wp-content\/uploads\/2018\/04\/Urfa-Kebap-1024x1024.png\" \/>\n\t<meta property=\"og:image:width\" content=\"1024\" \/>\n\t<meta property=\"og:image:height\" content=\"1024\" \/>\n\t<meta property=\"og:image:type\" content=\"image\/png\" \/>\n<meta name=\"twitter:card\" content=\"summary_large_image\" \/>\n<meta name=\"twitter:label1\" content=\"Estimated reading time\" \/>\n\t<meta name=\"twitter:data1\" content=\"2 minutes\" \/>\n<script type=\"application\/ld+json\" class=\"yoast-schema-graph\">{\"@context\":\"https:\/\/schema.org\",\"@graph\":[{\"@type\":\"WebPage\",\"@id\":\"https:\/\/beynur.eu\/urun\/urfa-kebap\/\",\"url\":\"https:\/\/beynur.eu\/urun\/urfa-kebap\/\",\"name\":\"Urfa Kebap - Beynur\",\"isPartOf\":{\"@id\":\"https:\/\/beynur.eu\/#website\"},\"primaryImageOfPage\":{\"@id\":\"https:\/\/beynur.eu\/urun\/urfa-kebap\/#primaryimage\"},\"image\":{\"@id\":\"https:\/\/beynur.eu\/urun\/urfa-kebap\/#primaryimage\"},\"thumbnailUrl\":\"https:\/\/beynur.eu\/wp-content\/uploads\/2018\/04\/Urfa-Kebap.png\",\"datePublished\":\"2018-04-01T10:03:54+00:00\",\"dateModified\":\"2026-03-12T11:18:41+00:00\",\"breadcrumb\":{\"@id\":\"https:\/\/beynur.eu\/urun\/urfa-kebap\/#breadcrumb\"},\"inLanguage\":\"en-GB\",\"potentialAction\":[{\"@type\":\"ReadAction\",\"target\":[\"https:\/\/beynur.eu\/urun\/urfa-kebap\/\"]}]},{\"@type\":\"ImageObject\",\"inLanguage\":\"en-GB\",\"@id\":\"https:\/\/beynur.eu\/urun\/urfa-kebap\/#primaryimage\",\"url\":\"https:\/\/beynur.eu\/wp-content\/uploads\/2018\/04\/Urfa-Kebap.png\",\"contentUrl\":\"https:\/\/beynur.eu\/wp-content\/uploads\/2018\/04\/Urfa-Kebap.png\",\"width\":2000,\"height\":2000},{\"@type\":\"BreadcrumbList\",\"@id\":\"https:\/\/beynur.eu\/urun\/urfa-kebap\/#breadcrumb\",\"itemListElement\":[{\"@type\":\"ListItem\",\"position\":1,\"name\":\"Home\",\"item\":\"https:\/\/beynur.eu\/\"},{\"@type\":\"ListItem\",\"position\":2,\"name\":\"\u00dcr\u00fcnlerimiz\",\"item\":\"https:\/\/beynur.eu\/en\/urunlerimiz\/\"},{\"@type\":\"ListItem\",\"position\":3,\"name\":\"Urfa Kebap\"}]},{\"@type\":\"WebSite\",\"@id\":\"https:\/\/beynur.eu\/#website\",\"url\":\"https:\/\/beynur.eu\/\",\"name\":\"Beynur\",\"description\":\"\u0130lk g\u00fcnk\u00fc a\u015fkla, muhte\u015fem tatlar.\",\"potentialAction\":[{\"@type\":\"SearchAction\",\"target\":{\"@type\":\"EntryPoint\",\"urlTemplate\":\"https:\/\/beynur.eu\/?s={search_term_string}\"},\"query-input\":{\"@type\":\"PropertyValueSpecification\",\"valueRequired\":true,\"valueName\":\"search_term_string\"}}],\"inLanguage\":\"en-GB\"}]}<\/script>\n<!-- \/ Yoast SEO plugin. -->","yoast_head_json":{"title":"Urfa Kebap - Beynur","robots":{"index":"index","follow":"follow","max-snippet":"max-snippet:-1","max-image-preview":"max-image-preview:large","max-video-preview":"max-video-preview:-1"},"canonical":"https:\/\/beynur.eu\/en\/product-2\/urfa-kebab\/","og_locale":"en_GB","og_type":"article","og_title":"Urfa Kebap - Beynur","og_description":"\u015eanl\u0131urfa ve \u00e7evre illere \u00f6zg\u00fc kebap t\u00fcr\u00fcd\u00fcr. \u201cKebap\u201d ve \u201cUrfa\u201d kelimesi bulu\u015farak Urfa kebap ad\u0131n\u0131 do\u011furmu\u015ftur. Urfa kebap (ha\u015fha\u015f kebap) ac\u0131s\u0131z, z\u0131rhta \u00e7ekilmi\u015f sade kebaba verilen isimdir.  Herkes k\u00f6fte yemeyi ve yapmay\u0131 sever ama Urfa Kebap ehil ellerde yap\u0131lmal\u0131d\u0131r. G\u00fcneydo\u011fu mutfa\u011f\u0131n\u0131n en lezzetli yemeklerinden olup ad\u0131yla, tad\u0131yla t\u00fcm T\u00fcrkiye\u2019ye yay\u0131lan bir efsane lezzettir\u2026 Kebap keyfini evinizde ya\u015fatan Beynur Urfa Kebab\u0131 taze ye\u015fil mevsim salatas\u0131yla ve buz gibi ayranla servis yaparak ailenize sa\u011fl\u0131kl\u0131 bir \u00f6\u011f\u00fcn sunmu\u015f olursunuz.","og_url":"https:\/\/beynur.eu\/en\/product-2\/urfa-kebab\/","og_site_name":"Beynur","article_modified_time":"2026-03-12T11:18:41+00:00","og_image":[{"width":1024,"height":1024,"url":"https:\/\/beynur.eu\/wp-content\/uploads\/2018\/04\/Urfa-Kebap-1024x1024.png","type":"image\/png"}],"twitter_card":"summary_large_image","twitter_misc":{"Estimated reading time":"2 minutes"},"schema":{"@context":"https:\/\/schema.org","@graph":[{"@type":"WebPage","@id":"https:\/\/beynur.eu\/urun\/urfa-kebap\/","url":"https:\/\/beynur.eu\/urun\/urfa-kebap\/","name":"Urfa Kebap - Beynur","isPartOf":{"@id":"https:\/\/beynur.eu\/#website"},"primaryImageOfPage":{"@id":"https:\/\/beynur.eu\/urun\/urfa-kebap\/#primaryimage"},"image":{"@id":"https:\/\/beynur.eu\/urun\/urfa-kebap\/#primaryimage"},"thumbnailUrl":"https:\/\/beynur.eu\/wp-content\/uploads\/2018\/04\/Urfa-Kebap.png","datePublished":"2018-04-01T10:03:54+00:00","dateModified":"2026-03-12T11:18:41+00:00","breadcrumb":{"@id":"https:\/\/beynur.eu\/urun\/urfa-kebap\/#breadcrumb"},"inLanguage":"en-GB","potentialAction":[{"@type":"ReadAction","target":["https:\/\/beynur.eu\/urun\/urfa-kebap\/"]}]},{"@type":"ImageObject","inLanguage":"en-GB","@id":"https:\/\/beynur.eu\/urun\/urfa-kebap\/#primaryimage","url":"https:\/\/beynur.eu\/wp-content\/uploads\/2018\/04\/Urfa-Kebap.png","contentUrl":"https:\/\/beynur.eu\/wp-content\/uploads\/2018\/04\/Urfa-Kebap.png","width":2000,"height":2000},{"@type":"BreadcrumbList","@id":"https:\/\/beynur.eu\/urun\/urfa-kebap\/#breadcrumb","itemListElement":[{"@type":"ListItem","position":1,"name":"Home","item":"https:\/\/beynur.eu\/"},{"@type":"ListItem","position":2,"name":"\u00dcr\u00fcnlerimiz","item":"https:\/\/beynur.eu\/en\/urunlerimiz\/"},{"@type":"ListItem","position":3,"name":"Urfa Kebap"}]},{"@type":"WebSite","@id":"https:\/\/beynur.eu\/#website","url":"https:\/\/beynur.eu\/","name":"Beynur","description":"\u0130lk g\u00fcnk\u00fc a\u015fkla, muhte\u015fem tatlar.","potentialAction":[{"@type":"SearchAction","target":{"@type":"EntryPoint","urlTemplate":"https:\/\/beynur.eu\/?s={search_term_string}"},"query-input":{"@type":"PropertyValueSpecification","valueRequired":true,"valueName":"search_term_string"}}],"inLanguage":"en-GB"}]}},"_links":{"self":[{"href":"https:\/\/beynur.eu\/en\/wp-json\/wp\/v2\/product\/171","targetHints":{"allow":["GET"]}}],"collection":[{"href":"https:\/\/beynur.eu\/en\/wp-json\/wp\/v2\/product"}],"about":[{"href":"https:\/\/beynur.eu\/en\/wp-json\/wp\/v2\/types\/product"}],"wp:featuredmedia":[{"embeddable":true,"href":"https:\/\/beynur.eu\/en\/wp-json\/wp\/v2\/media\/1744"}],"wp:attachment":[{"href":"https:\/\/beynur.eu\/en\/wp-json\/wp\/v2\/media?parent=171"}],"wp:term":[{"taxonomy":"product_brand","embeddable":true,"href":"https:\/\/beynur.eu\/en\/wp-json\/wp\/v2\/product_brand?post=171"},{"taxonomy":"product_cat","embeddable":true,"href":"https:\/\/beynur.eu\/en\/wp-json\/wp\/v2\/product_cat?post=171"},{"taxonomy":"product_tag","embeddable":true,"href":"https:\/\/beynur.eu\/en\/wp-json\/wp\/v2\/product_tag?post=171"}],"curies":[{"name":"wp","href":"https:\/\/api.w.org\/{rel}","templated":true}]}}