{"id":1725,"date":"2026-03-12T10:57:06","date_gmt":"2026-03-12T10:57:06","guid":{"rendered":"https:\/\/beynur.eu\/?post_type=product&#038;p=1725"},"modified":"2026-05-05T10:46:34","modified_gmt":"2026-05-05T10:46:34","slug":"acili-tavuk-kanatlari","status":"publish","type":"product","link":"https:\/\/beynur.eu\/en\/urun\/acili-tavuk-kanatlari\/","title":{"rendered":"Spicy Chicken Wings"},"content":{"rendered":"<p><b>Usage recommendations<\/b><b><br \/>\n<\/b><span style=\"font-weight: 400;\">Beynur frozen, ready-to-cook, spicy seasoned chicken wings can be prepared very easily in a pan, air fryer, deep fryer, oven or microwave. You can heat the product in a short time and serve it conveniently. Together with French fries, salad, various dips or vegetable side dishes, you can create varied and satisfying meals.\u00a0<\/span><\/p>\n<p><b>Storage instructions<\/b><\/p>\n<ul>\n<li style=\"font-weight: 400;\" aria-level=\"1\"><span style=\"font-weight: 400;\">Store the product in the freezer without thawing it beforehand.<\/span><\/li>\n<li style=\"font-weight: 400;\" aria-level=\"1\"><span style=\"font-weight: 400;\">Close the packaging carefully after opening.<\/span><\/li>\n<li style=\"font-weight: 400;\" aria-level=\"1\"><span style=\"font-weight: 400;\">Do not frost again after it is defrosted once.<\/span><\/li>\n<li style=\"font-weight: 400;\" aria-level=\"1\"><span style=\"font-weight: 400;\">Store the product under the recommended storage conditions.<\/span><\/li>\n<li style=\"font-weight: 400;\" aria-level=\"1\"><span style=\"font-weight: 400;\">Keep frozen until use.<\/span><\/li>\n<li style=\"font-weight: 400;\" aria-level=\"1\"><span style=\"font-weight: 400;\">For the best result, heat the product thoroughly until it is hot all the way through.<\/span><\/li>\n<\/ul>","protected":false},"excerpt":{"rendered":"<p><b>Frozen spicy chicken wings<\/b><b><br \/>\n<\/b><span style=\"font-weight: 400;\">Beynur frozen chicken wings, with their crispy spicy coating, are a practical and especially appetising choice for anyone who enjoys flavourful chicken. This product is made from 100% halal chicken meat, pre-cooked, spicy seasoned and frozen, helping save time in everyday kitchen use and making it ready to serve in a short time.\u00a0<\/span><\/p>\n<p><span style=\"font-weight: 400;\">On the outside, they impress with their crispy spiciness, while the meat remains pleasantly tender on the inside. This makes them suitable for everyday meals as well as snack platters and enjoyable moments shared with others.<\/span><\/p>","protected":false},"featured_media":1811,"template":"","meta":[],"product_brand":[],"product_cat":[18],"product_tag":[],"class_list":{"0":"post-1725","1":"product","2":"type-product","3":"status-publish","4":"has-post-thumbnail","6":"product_cat-tavuk-ve-hindi-urunleri","8":"first","9":"instock","10":"shipping-taxable","11":"product-type-simple"},"yoast_head":"<!-- This site is optimized with the Yoast SEO plugin v26.8 - https:\/\/yoast.com\/product\/yoast-seo-wordpress\/ -->\n<title>Ac\u0131l\u0131 Tavuk Kanatlar\u0131 - Beynur<\/title>\n<meta name=\"robots\" content=\"index, follow, max-snippet:-1, max-image-preview:large, max-video-preview:-1\" \/>\n<link rel=\"canonical\" href=\"https:\/\/beynur.eu\/en\/product-2\/acili-tavuk-kanatlari\/\" \/>\n<meta property=\"og:locale\" content=\"en_GB\" \/>\n<meta property=\"og:type\" content=\"article\" \/>\n<meta property=\"og:title\" content=\"Ac\u0131l\u0131 Tavuk Kanatlar\u0131 - Beynur\" \/>\n<meta property=\"og:description\" content=\"Dondurulmu\u015f Ac\u0131l\u0131 Tavuk Kanatlar\u0131 Beynur Dondurulmu\u015f Ac\u0131l\u0131 Tavuk Kanatlar\u0131, \u00e7\u0131t\u0131r yap\u0131s\u0131 ve ac\u0131l\u0131 lezzetiyle tavuk severlere pratik ve i\u015ftah a\u00e7\u0131c\u0131 bir se\u00e7enek sunuyor. Y\u00fczde y\u00fcz helal tavuk etinden \u00fcretilen bu \u00f6zel \u00fcr\u00fcn, \u00f6nceden pi\u015firilip donduruldu\u011fu i\u00e7in mutfakta zaman kazand\u0131r\u0131r ve k\u0131sa s\u00fcrede servis edilmeye haz\u0131r hale gelir.\u00a0  D\u0131\u015f\u0131 \u00e7\u0131t\u0131 ve ac\u0131l\u0131 yap\u0131s\u0131 ile \u00f6ne \u00e7\u0131kan, i\u00e7i ise yumu\u015fak kalan tavuk kanatlar\u0131ni hem g\u00fcnl\u00fck \u00f6\u011f\u00fcnlerde hem de at\u0131\u015ft\u0131rmal\u0131k sunumlarda tercih edebilirsiniz. Bu \u00fcr\u00fcn, baharatl\u0131 tad\u0131 ve kolay haz\u0131rlan\u0131\u015f\u0131yla yo\u011fun g\u00fcnler i\u00e7in g\u00fc\u00e7l\u00fc bir alternatif.\" \/>\n<meta property=\"og:url\" content=\"https:\/\/beynur.eu\/en\/product-2\/acili-tavuk-kanatlari\/\" \/>\n<meta property=\"og:site_name\" content=\"Beynur\" \/>\n<meta property=\"article:modified_time\" content=\"2026-05-05T10:46:34+00:00\" \/>\n<meta property=\"og:image\" content=\"https:\/\/beynur.eu\/wp-content\/uploads\/2026\/03\/Hot-Wings.jpg\" \/>\n\t<meta property=\"og:image:width\" content=\"2000\" \/>\n\t<meta property=\"og:image:height\" content=\"2000\" \/>\n\t<meta property=\"og:image:type\" content=\"image\/jpeg\" \/>\n<meta name=\"twitter:card\" content=\"summary_large_image\" \/>\n<meta name=\"twitter:label1\" content=\"Estimated reading time\" \/>\n\t<meta name=\"twitter:data1\" content=\"1 minute\" \/>\n<script type=\"application\/ld+json\" class=\"yoast-schema-graph\">{\"@context\":\"https:\/\/schema.org\",\"@graph\":[{\"@type\":\"WebPage\",\"@id\":\"https:\/\/beynur.eu\/urun\/acili-tavuk-kanatlari\/\",\"url\":\"https:\/\/beynur.eu\/urun\/acili-tavuk-kanatlari\/\",\"name\":\"Ac\u0131l\u0131 Tavuk Kanatlar\u0131 - Beynur\",\"isPartOf\":{\"@id\":\"https:\/\/beynur.eu\/#website\"},\"primaryImageOfPage\":{\"@id\":\"https:\/\/beynur.eu\/urun\/acili-tavuk-kanatlari\/#primaryimage\"},\"image\":{\"@id\":\"https:\/\/beynur.eu\/urun\/acili-tavuk-kanatlari\/#primaryimage\"},\"thumbnailUrl\":\"https:\/\/beynur.eu\/wp-content\/uploads\/2026\/03\/Hot-Wings.jpg\",\"datePublished\":\"2026-03-12T10:57:06+00:00\",\"dateModified\":\"2026-05-05T10:46:34+00:00\",\"breadcrumb\":{\"@id\":\"https:\/\/beynur.eu\/urun\/acili-tavuk-kanatlari\/#breadcrumb\"},\"inLanguage\":\"en-GB\",\"potentialAction\":[{\"@type\":\"ReadAction\",\"target\":[\"https:\/\/beynur.eu\/urun\/acili-tavuk-kanatlari\/\"]}]},{\"@type\":\"ImageObject\",\"inLanguage\":\"en-GB\",\"@id\":\"https:\/\/beynur.eu\/urun\/acili-tavuk-kanatlari\/#primaryimage\",\"url\":\"https:\/\/beynur.eu\/wp-content\/uploads\/2026\/03\/Hot-Wings.jpg\",\"contentUrl\":\"https:\/\/beynur.eu\/wp-content\/uploads\/2026\/03\/Hot-Wings.jpg\",\"width\":2000,\"height\":2000},{\"@type\":\"BreadcrumbList\",\"@id\":\"https:\/\/beynur.eu\/urun\/acili-tavuk-kanatlari\/#breadcrumb\",\"itemListElement\":[{\"@type\":\"ListItem\",\"position\":1,\"name\":\"Home\",\"item\":\"https:\/\/beynur.eu\/\"},{\"@type\":\"ListItem\",\"position\":2,\"name\":\"\u00dcr\u00fcnlerimiz\",\"item\":\"https:\/\/beynur.eu\/en\/urunlerimiz\/\"},{\"@type\":\"ListItem\",\"position\":3,\"name\":\"Ac\u0131l\u0131 Tavuk Kanatlar\u0131\"}]},{\"@type\":\"WebSite\",\"@id\":\"https:\/\/beynur.eu\/#website\",\"url\":\"https:\/\/beynur.eu\/\",\"name\":\"Beynur\",\"description\":\"\u0130lk g\u00fcnk\u00fc a\u015fkla, muhte\u015fem tatlar.\",\"potentialAction\":[{\"@type\":\"SearchAction\",\"target\":{\"@type\":\"EntryPoint\",\"urlTemplate\":\"https:\/\/beynur.eu\/?s={search_term_string}\"},\"query-input\":{\"@type\":\"PropertyValueSpecification\",\"valueRequired\":true,\"valueName\":\"search_term_string\"}}],\"inLanguage\":\"en-GB\"}]}<\/script>\n<!-- \/ Yoast SEO plugin. -->","yoast_head_json":{"title":"Ac\u0131l\u0131 Tavuk Kanatlar\u0131 - Beynur","robots":{"index":"index","follow":"follow","max-snippet":"max-snippet:-1","max-image-preview":"max-image-preview:large","max-video-preview":"max-video-preview:-1"},"canonical":"https:\/\/beynur.eu\/en\/product-2\/acili-tavuk-kanatlari\/","og_locale":"en_GB","og_type":"article","og_title":"Ac\u0131l\u0131 Tavuk Kanatlar\u0131 - Beynur","og_description":"Dondurulmu\u015f Ac\u0131l\u0131 Tavuk Kanatlar\u0131 Beynur Dondurulmu\u015f Ac\u0131l\u0131 Tavuk Kanatlar\u0131, \u00e7\u0131t\u0131r yap\u0131s\u0131 ve ac\u0131l\u0131 lezzetiyle tavuk severlere pratik ve i\u015ftah a\u00e7\u0131c\u0131 bir se\u00e7enek sunuyor. Y\u00fczde y\u00fcz helal tavuk etinden \u00fcretilen bu \u00f6zel \u00fcr\u00fcn, \u00f6nceden pi\u015firilip donduruldu\u011fu i\u00e7in mutfakta zaman kazand\u0131r\u0131r ve k\u0131sa s\u00fcrede servis edilmeye haz\u0131r hale gelir.\u00a0  D\u0131\u015f\u0131 \u00e7\u0131t\u0131 ve ac\u0131l\u0131 yap\u0131s\u0131 ile \u00f6ne \u00e7\u0131kan, i\u00e7i ise yumu\u015fak kalan tavuk kanatlar\u0131ni hem g\u00fcnl\u00fck \u00f6\u011f\u00fcnlerde hem de at\u0131\u015ft\u0131rmal\u0131k sunumlarda tercih edebilirsiniz. Bu \u00fcr\u00fcn, baharatl\u0131 tad\u0131 ve kolay haz\u0131rlan\u0131\u015f\u0131yla yo\u011fun g\u00fcnler i\u00e7in g\u00fc\u00e7l\u00fc bir alternatif.","og_url":"https:\/\/beynur.eu\/en\/product-2\/acili-tavuk-kanatlari\/","og_site_name":"Beynur","article_modified_time":"2026-05-05T10:46:34+00:00","og_image":[{"width":2000,"height":2000,"url":"https:\/\/beynur.eu\/wp-content\/uploads\/2026\/03\/Hot-Wings.jpg","type":"image\/jpeg"}],"twitter_card":"summary_large_image","twitter_misc":{"Estimated reading time":"1 minute"},"schema":{"@context":"https:\/\/schema.org","@graph":[{"@type":"WebPage","@id":"https:\/\/beynur.eu\/urun\/acili-tavuk-kanatlari\/","url":"https:\/\/beynur.eu\/urun\/acili-tavuk-kanatlari\/","name":"Ac\u0131l\u0131 Tavuk Kanatlar\u0131 - Beynur","isPartOf":{"@id":"https:\/\/beynur.eu\/#website"},"primaryImageOfPage":{"@id":"https:\/\/beynur.eu\/urun\/acili-tavuk-kanatlari\/#primaryimage"},"image":{"@id":"https:\/\/beynur.eu\/urun\/acili-tavuk-kanatlari\/#primaryimage"},"thumbnailUrl":"https:\/\/beynur.eu\/wp-content\/uploads\/2026\/03\/Hot-Wings.jpg","datePublished":"2026-03-12T10:57:06+00:00","dateModified":"2026-05-05T10:46:34+00:00","breadcrumb":{"@id":"https:\/\/beynur.eu\/urun\/acili-tavuk-kanatlari\/#breadcrumb"},"inLanguage":"en-GB","potentialAction":[{"@type":"ReadAction","target":["https:\/\/beynur.eu\/urun\/acili-tavuk-kanatlari\/"]}]},{"@type":"ImageObject","inLanguage":"en-GB","@id":"https:\/\/beynur.eu\/urun\/acili-tavuk-kanatlari\/#primaryimage","url":"https:\/\/beynur.eu\/wp-content\/uploads\/2026\/03\/Hot-Wings.jpg","contentUrl":"https:\/\/beynur.eu\/wp-content\/uploads\/2026\/03\/Hot-Wings.jpg","width":2000,"height":2000},{"@type":"BreadcrumbList","@id":"https:\/\/beynur.eu\/urun\/acili-tavuk-kanatlari\/#breadcrumb","itemListElement":[{"@type":"ListItem","position":1,"name":"Home","item":"https:\/\/beynur.eu\/"},{"@type":"ListItem","position":2,"name":"\u00dcr\u00fcnlerimiz","item":"https:\/\/beynur.eu\/en\/urunlerimiz\/"},{"@type":"ListItem","position":3,"name":"Ac\u0131l\u0131 Tavuk Kanatlar\u0131"}]},{"@type":"WebSite","@id":"https:\/\/beynur.eu\/#website","url":"https:\/\/beynur.eu\/","name":"Beynur","description":"\u0130lk g\u00fcnk\u00fc a\u015fkla, muhte\u015fem tatlar.","potentialAction":[{"@type":"SearchAction","target":{"@type":"EntryPoint","urlTemplate":"https:\/\/beynur.eu\/?s={search_term_string}"},"query-input":{"@type":"PropertyValueSpecification","valueRequired":true,"valueName":"search_term_string"}}],"inLanguage":"en-GB"}]}},"_links":{"self":[{"href":"https:\/\/beynur.eu\/en\/wp-json\/wp\/v2\/product\/1725","targetHints":{"allow":["GET"]}}],"collection":[{"href":"https:\/\/beynur.eu\/en\/wp-json\/wp\/v2\/product"}],"about":[{"href":"https:\/\/beynur.eu\/en\/wp-json\/wp\/v2\/types\/product"}],"wp:featuredmedia":[{"embeddable":true,"href":"https:\/\/beynur.eu\/en\/wp-json\/wp\/v2\/media\/1811"}],"wp:attachment":[{"href":"https:\/\/beynur.eu\/en\/wp-json\/wp\/v2\/media?parent=1725"}],"wp:term":[{"taxonomy":"product_brand","embeddable":true,"href":"https:\/\/beynur.eu\/en\/wp-json\/wp\/v2\/product_brand?post=1725"},{"taxonomy":"product_cat","embeddable":true,"href":"https:\/\/beynur.eu\/en\/wp-json\/wp\/v2\/product_cat?post=1725"},{"taxonomy":"product_tag","embeddable":true,"href":"https:\/\/beynur.eu\/en\/wp-json\/wp\/v2\/product_tag?post=1725"}],"curies":[{"name":"wp","href":"https:\/\/api.w.org\/{rel}","templated":true}]}}