{"id":182,"date":"2018-04-01T11:39:56","date_gmt":"2018-04-01T11:39:56","guid":{"rendered":"https:\/\/beynur.eu\/?post_type=product&#038;p=182"},"modified":"2026-05-05T10:58:58","modified_gmt":"2026-05-05T10:58:58","slug":"pan-pastry-with-spinach-and-cheese","status":"publish","type":"product","link":"https:\/\/beynur.eu\/en\/urun\/ispanakli-peynirli-tepsi-boregi\/","title":{"rendered":"Traditional Spinach Cheese Roll"},"content":{"rendered":"<p>Beynur Pan Pastry with Spinach and Cheese is a practical and easy to prepare product that you will always have in your kitchens. You will experience the great harmony of two kinds of cheese with spinach and leeks and you can eat this natural and tasty pan pastry at every meal, thanks to Beynur.<\/p>\n<p>Sold in frozen form under the quality and assurance of Beynur, our this product will save your time in your kitchens and will be a taste that your children always look for.<\/p>\n<p>You will impress your guests not only by the taste also by look of the Pan Pastry with Spinach and Cheese. You can serve this product, which you can easily keep in your refrigerator, after heating it a certain time.<\/p>\n<p><strong>Ingredients:<\/strong><\/p>\n<p>Wheat flour, vegetable oil and fat, butter, water, salt, sugar, Carotene (vitamin A, D).<\/p>\n<p><strong>Filling material:<\/strong><\/p>\n<p>45% spinach and 5% frozen leek, 20% mizithra cheese, 15% wheat semolina, 20% white feta cheese, 2% sunflower oil, 2% extra virgin olive oil, salt, pepper, parsley, dill.<\/p>","protected":false},"excerpt":{"rendered":"<p>Beynur Pan Pastry with Spinach and Cheese is a practical and easy to prepare product that you will always have in your kitchens. You will experience the great harmony of two kinds of cheese with spinach and leeks and you can eat this natural and tasty pan pastry at every meal, thanks to Beynur.<\/p>\n<p>Sold in frozen form under the quality and assurance of Beynur, our this product will save your time in your kitchens and will be a taste that your children always look for.<\/p>","protected":false},"featured_media":1829,"template":"","meta":[],"product_brand":[],"product_cat":[20],"product_tag":[],"class_list":{"0":"post-182","1":"product","2":"type-product","3":"status-publish","4":"has-post-thumbnail","6":"product_cat-unlu-mamuller","8":"first","9":"instock","10":"featured","11":"shipping-taxable","12":"product-type-simple"},"yoast_head":"<!-- This site is optimized with the Yoast SEO plugin v26.8 - https:\/\/yoast.com\/product\/yoast-seo-wordpress\/ -->\n<title>Ispanakl\u0131, Peynirli Tepsi B\u00f6re\u011fi - Beynur<\/title>\n<meta name=\"robots\" content=\"index, follow, max-snippet:-1, max-image-preview:large, max-video-preview:-1\" \/>\n<link rel=\"canonical\" href=\"https:\/\/beynur.eu\/en\/product-2\/pan-pastry-with-spinach-and-cheese\/\" \/>\n<meta property=\"og:locale\" content=\"en_GB\" \/>\n<meta property=\"og:type\" content=\"article\" \/>\n<meta property=\"og:title\" content=\"Ispanakl\u0131, Peynirli Tepsi B\u00f6re\u011fi - Beynur\" \/>\n<meta property=\"og:description\" content=\"Beynur\u2019un \u0131spanakl\u0131, mizithra ve feta peynirli tepsi b\u00f6re\u011fi pratik ve kolay haz\u0131rlan\u0131\u015f\u0131 ile mutfaklar\u0131n\u0131zdan eksik etmeyece\u011finiz bir \u00fcr\u00fcn. Beynur fark\u0131yla, muhte\u015fem iki peynirin \u0131spanak ve p\u0131rasa ile ola\u011fan\u00fcst\u00fc uyumunu ya\u015fayacak her \u00f6\u011f\u00fcn doyas\u0131ya siz de annenizin elinden \u00e7\u0131km\u0131\u015f kadar do\u011fal tepsi b\u00f6re\u011fi yiyebileceksiniz.  Beynur, kalite ve g\u00fcvencesiyle dondurulmu\u015f halde sat\u0131lan bu \u00fcr\u00fcn\u00fcm\u00fcz mutfa\u011f\u0131n\u0131zda size zaman kazand\u0131r\u0131rken \u00e7ocuklar\u0131n\u0131z\u0131n s\u00fcrekli arad\u0131\u011f\u0131 bir lezzet olacak.\" \/>\n<meta property=\"og:url\" content=\"https:\/\/beynur.eu\/en\/product-2\/pan-pastry-with-spinach-and-cheese\/\" \/>\n<meta property=\"og:site_name\" content=\"Beynur\" \/>\n<meta property=\"article:modified_time\" content=\"2026-05-05T10:58:58+00:00\" \/>\n<meta property=\"og:image\" content=\"https:\/\/beynur.eu\/wp-content\/uploads\/2018\/04\/Ispanakli-Peynir-Boregi.jpg\" \/>\n\t<meta property=\"og:image:width\" content=\"2000\" \/>\n\t<meta property=\"og:image:height\" content=\"2000\" \/>\n\t<meta property=\"og:image:type\" content=\"image\/jpeg\" \/>\n<meta name=\"twitter:card\" content=\"summary_large_image\" \/>\n<meta name=\"twitter:label1\" content=\"Estimated reading time\" \/>\n\t<meta name=\"twitter:data1\" content=\"1 minute\" \/>\n<script type=\"application\/ld+json\" class=\"yoast-schema-graph\">{\"@context\":\"https:\/\/schema.org\",\"@graph\":[{\"@type\":\"WebPage\",\"@id\":\"https:\/\/beynur.eu\/urun\/ispanakli-peynirli-tepsi-boregi\/\",\"url\":\"https:\/\/beynur.eu\/urun\/ispanakli-peynirli-tepsi-boregi\/\",\"name\":\"Ispanakl\u0131, Peynirli Tepsi B\u00f6re\u011fi - Beynur\",\"isPartOf\":{\"@id\":\"https:\/\/beynur.eu\/#website\"},\"primaryImageOfPage\":{\"@id\":\"https:\/\/beynur.eu\/urun\/ispanakli-peynirli-tepsi-boregi\/#primaryimage\"},\"image\":{\"@id\":\"https:\/\/beynur.eu\/urun\/ispanakli-peynirli-tepsi-boregi\/#primaryimage\"},\"thumbnailUrl\":\"https:\/\/beynur.eu\/wp-content\/uploads\/2018\/04\/Ispanakli-Peynir-Boregi.jpg\",\"datePublished\":\"2018-04-01T11:39:56+00:00\",\"dateModified\":\"2026-05-05T10:58:58+00:00\",\"breadcrumb\":{\"@id\":\"https:\/\/beynur.eu\/urun\/ispanakli-peynirli-tepsi-boregi\/#breadcrumb\"},\"inLanguage\":\"en-GB\",\"potentialAction\":[{\"@type\":\"ReadAction\",\"target\":[\"https:\/\/beynur.eu\/urun\/ispanakli-peynirli-tepsi-boregi\/\"]}]},{\"@type\":\"ImageObject\",\"inLanguage\":\"en-GB\",\"@id\":\"https:\/\/beynur.eu\/urun\/ispanakli-peynirli-tepsi-boregi\/#primaryimage\",\"url\":\"https:\/\/beynur.eu\/wp-content\/uploads\/2018\/04\/Ispanakli-Peynir-Boregi.jpg\",\"contentUrl\":\"https:\/\/beynur.eu\/wp-content\/uploads\/2018\/04\/Ispanakli-Peynir-Boregi.jpg\",\"width\":2000,\"height\":2000},{\"@type\":\"BreadcrumbList\",\"@id\":\"https:\/\/beynur.eu\/urun\/ispanakli-peynirli-tepsi-boregi\/#breadcrumb\",\"itemListElement\":[{\"@type\":\"ListItem\",\"position\":1,\"name\":\"Home\",\"item\":\"https:\/\/beynur.eu\/\"},{\"@type\":\"ListItem\",\"position\":2,\"name\":\"\u00dcr\u00fcnler\",\"item\":\"https:\/\/beynur.eu\/urunlerimiz\/\"},{\"@type\":\"ListItem\",\"position\":3,\"name\":\"Ispanakl\u0131, Peynirli Tepsi B\u00f6re\u011fi\"}]},{\"@type\":\"WebSite\",\"@id\":\"https:\/\/beynur.eu\/#website\",\"url\":\"https:\/\/beynur.eu\/\",\"name\":\"Beynur\",\"description\":\"\u0130lk g\u00fcnk\u00fc a\u015fkla, muhte\u015fem tatlar.\",\"potentialAction\":[{\"@type\":\"SearchAction\",\"target\":{\"@type\":\"EntryPoint\",\"urlTemplate\":\"https:\/\/beynur.eu\/?s={search_term_string}\"},\"query-input\":{\"@type\":\"PropertyValueSpecification\",\"valueRequired\":true,\"valueName\":\"search_term_string\"}}],\"inLanguage\":\"en-GB\"}]}<\/script>\n<!-- \/ Yoast SEO plugin. -->","yoast_head_json":{"title":"Ispanakl\u0131, Peynirli Tepsi B\u00f6re\u011fi - Beynur","robots":{"index":"index","follow":"follow","max-snippet":"max-snippet:-1","max-image-preview":"max-image-preview:large","max-video-preview":"max-video-preview:-1"},"canonical":"https:\/\/beynur.eu\/en\/product-2\/pan-pastry-with-spinach-and-cheese\/","og_locale":"en_GB","og_type":"article","og_title":"Ispanakl\u0131, Peynirli Tepsi B\u00f6re\u011fi - Beynur","og_description":"Beynur\u2019un \u0131spanakl\u0131, mizithra ve feta peynirli tepsi b\u00f6re\u011fi pratik ve kolay haz\u0131rlan\u0131\u015f\u0131 ile mutfaklar\u0131n\u0131zdan eksik etmeyece\u011finiz bir \u00fcr\u00fcn. Beynur fark\u0131yla, muhte\u015fem iki peynirin \u0131spanak ve p\u0131rasa ile ola\u011fan\u00fcst\u00fc uyumunu ya\u015fayacak her \u00f6\u011f\u00fcn doyas\u0131ya siz de annenizin elinden \u00e7\u0131km\u0131\u015f kadar do\u011fal tepsi b\u00f6re\u011fi yiyebileceksiniz.  Beynur, kalite ve g\u00fcvencesiyle dondurulmu\u015f halde sat\u0131lan bu \u00fcr\u00fcn\u00fcm\u00fcz mutfa\u011f\u0131n\u0131zda size zaman kazand\u0131r\u0131rken \u00e7ocuklar\u0131n\u0131z\u0131n s\u00fcrekli arad\u0131\u011f\u0131 bir lezzet olacak.","og_url":"https:\/\/beynur.eu\/en\/product-2\/pan-pastry-with-spinach-and-cheese\/","og_site_name":"Beynur","article_modified_time":"2026-05-05T10:58:58+00:00","og_image":[{"width":2000,"height":2000,"url":"https:\/\/beynur.eu\/wp-content\/uploads\/2018\/04\/Ispanakli-Peynir-Boregi.jpg","type":"image\/jpeg"}],"twitter_card":"summary_large_image","twitter_misc":{"Estimated reading time":"1 minute"},"schema":{"@context":"https:\/\/schema.org","@graph":[{"@type":"WebPage","@id":"https:\/\/beynur.eu\/urun\/ispanakli-peynirli-tepsi-boregi\/","url":"https:\/\/beynur.eu\/urun\/ispanakli-peynirli-tepsi-boregi\/","name":"Ispanakl\u0131, Peynirli Tepsi B\u00f6re\u011fi - Beynur","isPartOf":{"@id":"https:\/\/beynur.eu\/#website"},"primaryImageOfPage":{"@id":"https:\/\/beynur.eu\/urun\/ispanakli-peynirli-tepsi-boregi\/#primaryimage"},"image":{"@id":"https:\/\/beynur.eu\/urun\/ispanakli-peynirli-tepsi-boregi\/#primaryimage"},"thumbnailUrl":"https:\/\/beynur.eu\/wp-content\/uploads\/2018\/04\/Ispanakli-Peynir-Boregi.jpg","datePublished":"2018-04-01T11:39:56+00:00","dateModified":"2026-05-05T10:58:58+00:00","breadcrumb":{"@id":"https:\/\/beynur.eu\/urun\/ispanakli-peynirli-tepsi-boregi\/#breadcrumb"},"inLanguage":"en-GB","potentialAction":[{"@type":"ReadAction","target":["https:\/\/beynur.eu\/urun\/ispanakli-peynirli-tepsi-boregi\/"]}]},{"@type":"ImageObject","inLanguage":"en-GB","@id":"https:\/\/beynur.eu\/urun\/ispanakli-peynirli-tepsi-boregi\/#primaryimage","url":"https:\/\/beynur.eu\/wp-content\/uploads\/2018\/04\/Ispanakli-Peynir-Boregi.jpg","contentUrl":"https:\/\/beynur.eu\/wp-content\/uploads\/2018\/04\/Ispanakli-Peynir-Boregi.jpg","width":2000,"height":2000},{"@type":"BreadcrumbList","@id":"https:\/\/beynur.eu\/urun\/ispanakli-peynirli-tepsi-boregi\/#breadcrumb","itemListElement":[{"@type":"ListItem","position":1,"name":"Home","item":"https:\/\/beynur.eu\/"},{"@type":"ListItem","position":2,"name":"\u00dcr\u00fcnler","item":"https:\/\/beynur.eu\/urunlerimiz\/"},{"@type":"ListItem","position":3,"name":"Ispanakl\u0131, Peynirli Tepsi B\u00f6re\u011fi"}]},{"@type":"WebSite","@id":"https:\/\/beynur.eu\/#website","url":"https:\/\/beynur.eu\/","name":"Beynur","description":"\u0130lk g\u00fcnk\u00fc a\u015fkla, muhte\u015fem tatlar.","potentialAction":[{"@type":"SearchAction","target":{"@type":"EntryPoint","urlTemplate":"https:\/\/beynur.eu\/?s={search_term_string}"},"query-input":{"@type":"PropertyValueSpecification","valueRequired":true,"valueName":"search_term_string"}}],"inLanguage":"en-GB"}]}},"_links":{"self":[{"href":"https:\/\/beynur.eu\/en\/wp-json\/wp\/v2\/product\/182","targetHints":{"allow":["GET"]}}],"collection":[{"href":"https:\/\/beynur.eu\/en\/wp-json\/wp\/v2\/product"}],"about":[{"href":"https:\/\/beynur.eu\/en\/wp-json\/wp\/v2\/types\/product"}],"wp:featuredmedia":[{"embeddable":true,"href":"https:\/\/beynur.eu\/en\/wp-json\/wp\/v2\/media\/1829"}],"wp:attachment":[{"href":"https:\/\/beynur.eu\/en\/wp-json\/wp\/v2\/media?parent=182"}],"wp:term":[{"taxonomy":"product_brand","embeddable":true,"href":"https:\/\/beynur.eu\/en\/wp-json\/wp\/v2\/product_brand?post=182"},{"taxonomy":"product_cat","embeddable":true,"href":"https:\/\/beynur.eu\/en\/wp-json\/wp\/v2\/product_cat?post=182"},{"taxonomy":"product_tag","embeddable":true,"href":"https:\/\/beynur.eu\/en\/wp-json\/wp\/v2\/product_tag?post=182"}],"curies":[{"name":"wp","href":"https:\/\/api.w.org\/{rel}","templated":true}]}}